{"id":146920,"date":"2024-01-29T17:07:05","date_gmt":"2024-01-29T16:07:05","guid":{"rendered":"https:\/\/stg-rtrsportscom-rtrstaging.kinsta.cloud\/sponzoring-sport-2\/"},"modified":"2024-10-14T15:24:48","modified_gmt":"2024-10-14T13:24:48","slug":"sponzoring-sport-2","status":"publish","type":"page","link":"https:\/\/rtrsports.com\/cs\/sponzoring-sport-2\/","title":{"rendered":"Sportovn\u00ed sponzorstv\u00ed s p\u0159edn\u00ed sponzorskou agenturou RTR Sports"},"content":{"rendered":"","protected":false},"excerpt":{"rendered":"","protected":false},"author":2,"featured_media":146921,"parent":0,"menu_order":0,"comment_status":"open","ping_status":"closed","template":"page-template\/page-flexible-template.php","meta":{"_acf_changed":false,"footnotes":""},"class_list":["post-146920","page","type-page","status-publish","has-post-thumbnail","hentry"],"acf":[],"yoast_head":"<!-- This site is optimized with the Yoast SEO Premium plugin v26.8 (Yoast SEO v27.3) - https:\/\/yoast.com\/product\/yoast-seo-premium-wordpress\/ -->\n<title>Sportovn\u00ed sponzoring | RTR Sports Marketing<\/title>\n<meta name=\"description\" content=\"Od roku 1995 je RTR Sports p\u0159edn\u00ed agenturou v oblasti sportovn\u00edho sponzoringu a sportovn\u00edho marketingu. Od MotoGP po Formuli E, od Formule 1 po v\u0161echny s\u00e9rie motorsportu - spole\u010dn\u011b s v\u00e1mi navrhujeme a \u0159\u00edd\u00edme nejlep\u0161\u00ed sponzorsk\u00fd projekt pro va\u0161i spole\u010dnost.\" \/>\n<meta name=\"robots\" content=\"index, follow, max-snippet:-1, max-image-preview:large, max-video-preview:-1\" \/>\n<link rel=\"canonical\" href=\"https:\/\/rtrsports.com\/cs\/sponzoring-sport-2\/\" \/>\n<meta property=\"og:locale\" content=\"cs_CZ\" \/>\n<meta property=\"og:type\" content=\"article\" \/>\n<meta property=\"og:title\" content=\"Sportovn\u00ed sponzorstv\u00ed s p\u0159edn\u00ed sponzorskou agenturou RTR Sports\" \/>\n<meta property=\"og:description\" content=\"Od roku 1995 je RTR Sports p\u0159edn\u00ed agenturou v oblasti sportovn\u00edho sponzoringu a sportovn\u00edho marketingu. Od MotoGP po Formuli E, od Formule 1 po v\u0161echny s\u00e9rie motorsportu - spole\u010dn\u011b s v\u00e1mi navrhujeme a \u0159\u00edd\u00edme nejlep\u0161\u00ed sponzorsk\u00fd projekt pro va\u0161i spole\u010dnost.\" \/>\n<meta property=\"og:url\" content=\"https:\/\/rtrsports.com\/cs\/sponzoring-sport-2\/\" \/>\n<meta property=\"og:site_name\" content=\"RTR Sports\" \/>\n<meta property=\"article:publisher\" content=\"https:\/\/www.facebook.com\/RTRSportsMarketing\/\" \/>\n<meta property=\"og:image\" content=\"https:\/\/rtrsports.com\/wp-content\/uploads\/2020\/07\/vip-village-head.png\" \/>\n\t<meta property=\"og:image:width\" content=\"2500\" \/>\n\t<meta property=\"og:image:height\" content=\"1042\" \/>\n\t<meta property=\"og:image:type\" content=\"image\/png\" \/>\n<meta name=\"twitter:card\" content=\"summary_large_image\" \/>\n<meta name=\"twitter:site\" content=\"@rtrsports\" \/>\n<meta name=\"twitter:label1\" content=\"Odhadovan\u00e1 doba \u010dten\u00ed\" \/>\n\t<meta name=\"twitter:data1\" content=\"1 minuta\" \/>\n<script type=\"application\/ld+json\" class=\"yoast-schema-graph\">{\"@context\":\"https:\\\/\\\/schema.org\",\"@graph\":[{\"@type\":\"WebPage\",\"@id\":\"https:\\\/\\\/rtrsports.com\\\/cs\\\/sponzoring-sport-2\\\/\",\"url\":\"https:\\\/\\\/rtrsports.com\\\/cs\\\/sponzoring-sport-2\\\/\",\"name\":\"Sportovn\u00ed sponzoring | RTR Sports Marketing\",\"isPartOf\":{\"@id\":\"https:\\\/\\\/rtrsports.com\\\/cs\\\/#website\"},\"primaryImageOfPage\":{\"@id\":\"https:\\\/\\\/rtrsports.com\\\/cs\\\/sponzoring-sport-2\\\/#primaryimage\"},\"image\":{\"@id\":\"https:\\\/\\\/rtrsports.com\\\/cs\\\/sponzoring-sport-2\\\/#primaryimage\"},\"thumbnailUrl\":\"https:\\\/\\\/rtrsports.com\\\/wp-content\\\/uploads\\\/2020\\\/07\\\/vip-village-head.png\",\"datePublished\":\"2024-01-29T16:07:05+00:00\",\"dateModified\":\"2024-10-14T13:24:48+00:00\",\"description\":\"Od roku 1995 je RTR Sports p\u0159edn\u00ed agenturou v oblasti sportovn\u00edho sponzoringu a sportovn\u00edho marketingu. Od MotoGP po Formuli E, od Formule 1 po v\u0161echny s\u00e9rie motorsportu - spole\u010dn\u011b s v\u00e1mi navrhujeme a \u0159\u00edd\u00edme nejlep\u0161\u00ed sponzorsk\u00fd projekt pro va\u0161i spole\u010dnost.\",\"breadcrumb\":{\"@id\":\"https:\\\/\\\/rtrsports.com\\\/cs\\\/sponzoring-sport-2\\\/#breadcrumb\"},\"inLanguage\":\"cs\",\"potentialAction\":[{\"@type\":\"ReadAction\",\"target\":[\"https:\\\/\\\/rtrsports.com\\\/cs\\\/sponzoring-sport-2\\\/\"]}]},{\"@type\":\"ImageObject\",\"inLanguage\":\"cs\",\"@id\":\"https:\\\/\\\/rtrsports.com\\\/cs\\\/sponzoring-sport-2\\\/#primaryimage\",\"url\":\"https:\\\/\\\/rtrsports.com\\\/wp-content\\\/uploads\\\/2020\\\/07\\\/vip-village-head.png\",\"contentUrl\":\"https:\\\/\\\/rtrsports.com\\\/wp-content\\\/uploads\\\/2020\\\/07\\\/vip-village-head.png\",\"width\":2500,\"height\":1042,\"caption\":\"\"},{\"@type\":\"BreadcrumbList\",\"@id\":\"https:\\\/\\\/rtrsports.com\\\/cs\\\/sponzoring-sport-2\\\/#breadcrumb\",\"itemListElement\":[{\"@type\":\"ListItem\",\"position\":1,\"name\":\"Home\",\"item\":\"https:\\\/\\\/rtrsports.com\\\/cs\\\/\"},{\"@type\":\"ListItem\",\"position\":2,\"name\":\"Sportovn\u00ed sponzorstv\u00ed s p\u0159edn\u00ed sponzorskou agenturou RTR Sports\"}]},{\"@type\":\"WebSite\",\"@id\":\"https:\\\/\\\/rtrsports.com\\\/cs\\\/#website\",\"url\":\"https:\\\/\\\/rtrsports.com\\\/cs\\\/\",\"name\":\"RTR Sports Marketing\",\"description\":\"RTR Sports Marketing is a global motorsport sponsorship agency and consultancy, specialized in Formula 1 and MotoGP, and active across all major international racing series including Formula E, NASCAR, WEC, WRC and Dakar, helping brands build data-driven, high-performance sponsorship programs.\",\"publisher\":{\"@id\":\"https:\\\/\\\/rtrsports.com\\\/cs\\\/#organization\"},\"alternateName\":\"RTR Sports\",\"potentialAction\":[{\"@type\":\"SearchAction\",\"target\":{\"@type\":\"EntryPoint\",\"urlTemplate\":\"https:\\\/\\\/rtrsports.com\\\/cs\\\/?s={search_term_string}\"},\"query-input\":{\"@type\":\"PropertyValueSpecification\",\"valueRequired\":true,\"valueName\":\"search_term_string\"}}],\"inLanguage\":\"cs\"},{\"@type\":\"Organization\",\"@id\":\"https:\\\/\\\/rtrsports.com\\\/cs\\\/#organization\",\"name\":\"RTR Sports Marketing\",\"alternateName\":\"RTR sports\",\"url\":\"https:\\\/\\\/rtrsports.com\\\/cs\\\/\",\"logo\":{\"@type\":\"ImageObject\",\"inLanguage\":\"cs\",\"@id\":\"https:\\\/\\\/rtrsports.com\\\/cs\\\/#\\\/schema\\\/logo\\\/image\\\/\",\"url\":\"https:\\\/\\\/rtrsports.com\\\/wp-content\\\/uploads\\\/2024\\\/01\\\/rtrsports-anniversary-1.jpg\",\"contentUrl\":\"https:\\\/\\\/rtrsports.com\\\/wp-content\\\/uploads\\\/2024\\\/01\\\/rtrsports-anniversary-1.jpg\",\"width\":946,\"height\":260,\"caption\":\"RTR Sports Marketing\"},\"image\":{\"@id\":\"https:\\\/\\\/rtrsports.com\\\/cs\\\/#\\\/schema\\\/logo\\\/image\\\/\"},\"sameAs\":[\"https:\\\/\\\/www.facebook.com\\\/RTRSportsMarketing\\\/\",\"https:\\\/\\\/x.com\\\/rtrsports\",\"https:\\\/\\\/www.linkedin.com\\\/company\\\/rtr-sports-marketing\\\/\"],\"description\":\"RTR Sports Marketing is a global motorsport sponsorship agency and consultancy, specialized in Formula 1 and MotoGP, and active across all major international racing series including Formula E, NASCAR, WEC, WRC and Dakar, helping brands build data-driven, high-performance sponsorship programs.\",\"email\":\"info@rtrsports.com\",\"legalName\":\"RTR Sports Marketing LTD\",\"numberOfEmployees\":{\"@type\":\"QuantitativeValue\",\"minValue\":\"1\",\"maxValue\":\"10\"}}]}<\/script>\n<!-- \/ Yoast SEO Premium plugin. -->","yoast_head_json":{"title":"Sportovn\u00ed sponzoring | RTR Sports Marketing","description":"Od roku 1995 je RTR Sports p\u0159edn\u00ed agenturou v oblasti sportovn\u00edho sponzoringu a sportovn\u00edho marketingu. Od MotoGP po Formuli E, od Formule 1 po v\u0161echny s\u00e9rie motorsportu - spole\u010dn\u011b s v\u00e1mi navrhujeme a \u0159\u00edd\u00edme nejlep\u0161\u00ed sponzorsk\u00fd projekt pro va\u0161i spole\u010dnost.","robots":{"index":"index","follow":"follow","max-snippet":"max-snippet:-1","max-image-preview":"max-image-preview:large","max-video-preview":"max-video-preview:-1"},"canonical":"https:\/\/rtrsports.com\/cs\/sponzoring-sport-2\/","og_locale":"cs_CZ","og_type":"article","og_title":"Sportovn\u00ed sponzorstv\u00ed s p\u0159edn\u00ed sponzorskou agenturou RTR Sports","og_description":"Od roku 1995 je RTR Sports p\u0159edn\u00ed agenturou v oblasti sportovn\u00edho sponzoringu a sportovn\u00edho marketingu. Od MotoGP po Formuli E, od Formule 1 po v\u0161echny s\u00e9rie motorsportu - spole\u010dn\u011b s v\u00e1mi navrhujeme a \u0159\u00edd\u00edme nejlep\u0161\u00ed sponzorsk\u00fd projekt pro va\u0161i spole\u010dnost.","og_url":"https:\/\/rtrsports.com\/cs\/sponzoring-sport-2\/","og_site_name":"RTR Sports","article_publisher":"https:\/\/www.facebook.com\/RTRSportsMarketing\/","og_image":[{"width":2500,"height":1042,"url":"https:\/\/rtrsports.com\/wp-content\/uploads\/2020\/07\/vip-village-head.png","type":"image\/png"}],"twitter_card":"summary_large_image","twitter_site":"@rtrsports","twitter_misc":{"Odhadovan\u00e1 doba \u010dten\u00ed":"1 minuta"},"schema":{"@context":"https:\/\/schema.org","@graph":[{"@type":"WebPage","@id":"https:\/\/rtrsports.com\/cs\/sponzoring-sport-2\/","url":"https:\/\/rtrsports.com\/cs\/sponzoring-sport-2\/","name":"Sportovn\u00ed sponzoring | RTR Sports Marketing","isPartOf":{"@id":"https:\/\/rtrsports.com\/cs\/#website"},"primaryImageOfPage":{"@id":"https:\/\/rtrsports.com\/cs\/sponzoring-sport-2\/#primaryimage"},"image":{"@id":"https:\/\/rtrsports.com\/cs\/sponzoring-sport-2\/#primaryimage"},"thumbnailUrl":"https:\/\/rtrsports.com\/wp-content\/uploads\/2020\/07\/vip-village-head.png","datePublished":"2024-01-29T16:07:05+00:00","dateModified":"2024-10-14T13:24:48+00:00","description":"Od roku 1995 je RTR Sports p\u0159edn\u00ed agenturou v oblasti sportovn\u00edho sponzoringu a sportovn\u00edho marketingu. Od MotoGP po Formuli E, od Formule 1 po v\u0161echny s\u00e9rie motorsportu - spole\u010dn\u011b s v\u00e1mi navrhujeme a \u0159\u00edd\u00edme nejlep\u0161\u00ed sponzorsk\u00fd projekt pro va\u0161i spole\u010dnost.","breadcrumb":{"@id":"https:\/\/rtrsports.com\/cs\/sponzoring-sport-2\/#breadcrumb"},"inLanguage":"cs","potentialAction":[{"@type":"ReadAction","target":["https:\/\/rtrsports.com\/cs\/sponzoring-sport-2\/"]}]},{"@type":"ImageObject","inLanguage":"cs","@id":"https:\/\/rtrsports.com\/cs\/sponzoring-sport-2\/#primaryimage","url":"https:\/\/rtrsports.com\/wp-content\/uploads\/2020\/07\/vip-village-head.png","contentUrl":"https:\/\/rtrsports.com\/wp-content\/uploads\/2020\/07\/vip-village-head.png","width":2500,"height":1042,"caption":""},{"@type":"BreadcrumbList","@id":"https:\/\/rtrsports.com\/cs\/sponzoring-sport-2\/#breadcrumb","itemListElement":[{"@type":"ListItem","position":1,"name":"Home","item":"https:\/\/rtrsports.com\/cs\/"},{"@type":"ListItem","position":2,"name":"Sportovn\u00ed sponzorstv\u00ed s p\u0159edn\u00ed sponzorskou agenturou RTR Sports"}]},{"@type":"WebSite","@id":"https:\/\/rtrsports.com\/cs\/#website","url":"https:\/\/rtrsports.com\/cs\/","name":"RTR Sports Marketing","description":"RTR Sports Marketing is a global motorsport sponsorship agency and consultancy, specialized in Formula 1 and MotoGP, and active across all major international racing series including Formula E, NASCAR, WEC, WRC and Dakar, helping brands build data-driven, high-performance sponsorship programs.","publisher":{"@id":"https:\/\/rtrsports.com\/cs\/#organization"},"alternateName":"RTR Sports","potentialAction":[{"@type":"SearchAction","target":{"@type":"EntryPoint","urlTemplate":"https:\/\/rtrsports.com\/cs\/?s={search_term_string}"},"query-input":{"@type":"PropertyValueSpecification","valueRequired":true,"valueName":"search_term_string"}}],"inLanguage":"cs"},{"@type":"Organization","@id":"https:\/\/rtrsports.com\/cs\/#organization","name":"RTR Sports Marketing","alternateName":"RTR sports","url":"https:\/\/rtrsports.com\/cs\/","logo":{"@type":"ImageObject","inLanguage":"cs","@id":"https:\/\/rtrsports.com\/cs\/#\/schema\/logo\/image\/","url":"https:\/\/rtrsports.com\/wp-content\/uploads\/2024\/01\/rtrsports-anniversary-1.jpg","contentUrl":"https:\/\/rtrsports.com\/wp-content\/uploads\/2024\/01\/rtrsports-anniversary-1.jpg","width":946,"height":260,"caption":"RTR Sports Marketing"},"image":{"@id":"https:\/\/rtrsports.com\/cs\/#\/schema\/logo\/image\/"},"sameAs":["https:\/\/www.facebook.com\/RTRSportsMarketing\/","https:\/\/x.com\/rtrsports","https:\/\/www.linkedin.com\/company\/rtr-sports-marketing\/"],"description":"RTR Sports Marketing is a global motorsport sponsorship agency and consultancy, specialized in Formula 1 and MotoGP, and active across all major international racing series including Formula E, NASCAR, WEC, WRC and Dakar, helping brands build data-driven, high-performance sponsorship programs.","email":"info@rtrsports.com","legalName":"RTR Sports Marketing LTD","numberOfEmployees":{"@type":"QuantitativeValue","minValue":"1","maxValue":"10"}}]}},"_links":{"self":[{"href":"https:\/\/rtrsports.com\/cs\/wp-json\/wp\/v2\/pages\/146920","targetHints":{"allow":["GET"]}}],"collection":[{"href":"https:\/\/rtrsports.com\/cs\/wp-json\/wp\/v2\/pages"}],"about":[{"href":"https:\/\/rtrsports.com\/cs\/wp-json\/wp\/v2\/types\/page"}],"author":[{"embeddable":true,"href":"https:\/\/rtrsports.com\/cs\/wp-json\/wp\/v2\/users\/2"}],"replies":[{"embeddable":true,"href":"https:\/\/rtrsports.com\/cs\/wp-json\/wp\/v2\/comments?post=146920"}],"version-history":[{"count":6,"href":"https:\/\/rtrsports.com\/cs\/wp-json\/wp\/v2\/pages\/146920\/revisions"}],"predecessor-version":[{"id":255856,"href":"https:\/\/rtrsports.com\/cs\/wp-json\/wp\/v2\/pages\/146920\/revisions\/255856"}],"wp:featuredmedia":[{"embeddable":true,"href":"https:\/\/rtrsports.com\/cs\/wp-json\/wp\/v2\/media\/146921"}],"wp:attachment":[{"href":"https:\/\/rtrsports.com\/cs\/wp-json\/wp\/v2\/media?parent=146920"}],"curies":[{"name":"wp","href":"https:\/\/api.w.org\/{rel}","templated":true}]}}