{"id":147039,"date":"2021-04-02T09:51:07","date_gmt":"2021-04-02T07:51:07","guid":{"rendered":"https:\/\/stg-rtrsportscom-rtrstaging.kinsta.cloud\/proc-si-vybrat-rtr-sport\/"},"modified":"2024-10-06T10:47:32","modified_gmt":"2024-10-06T08:47:32","slug":"proc-si-vybrat-rtr-sport","status":"publish","type":"page","link":"https:\/\/rtrsports.com\/cs\/proc-si-vybrat-rtr-sport\/","title":{"rendered":"Pro\u010d si vybrat sportovn\u00ed marketing RTR?"},"content":{"rendered":"","protected":false},"excerpt":{"rendered":"","protected":false},"author":2,"featured_media":147046,"parent":0,"menu_order":0,"comment_status":"closed","ping_status":"closed","template":"page-template\/page-flexible-template.php","meta":{"_acf_changed":false,"footnotes":""},"class_list":["post-147039","page","type-page","status-publish","has-post-thumbnail","hentry"],"acf":[],"yoast_head":"<!-- This site is optimized with the Yoast SEO Premium plugin v26.8 (Yoast SEO v27.3) - https:\/\/yoast.com\/product\/yoast-seo-premium-wordpress\/ -->\n<title>Pro\u010d si vybrat RTR Sports? Nez\u00e1visl\u00e1 marketingov\u00e1 agentura<\/title>\n<meta name=\"description\" content=\"Nez\u00e1vislost znamen\u00e1, \u017ee m\u016f\u017eeme spolupracovat s ka\u017ed\u00fdm t\u00fdmem a ka\u017ed\u00fdm \u0159idi\u010dem, abychom zajistili nejlep\u0161\u00ed v\u00fdsledek pro na\u0161e z\u00e1kazn\u00edky.\" \/>\n<meta name=\"robots\" content=\"index, follow, max-snippet:-1, max-image-preview:large, max-video-preview:-1\" \/>\n<link rel=\"canonical\" href=\"https:\/\/rtrsports.com\/cs\/proc-si-vybrat-rtr-sport\/\" \/>\n<meta property=\"og:locale\" content=\"cs_CZ\" \/>\n<meta property=\"og:type\" content=\"article\" \/>\n<meta property=\"og:title\" content=\"Pro\u010d si vybrat sportovn\u00ed marketing RTR?\" \/>\n<meta property=\"og:description\" content=\"Nez\u00e1vislost znamen\u00e1, \u017ee m\u016f\u017eeme spolupracovat s ka\u017ed\u00fdm t\u00fdmem a ka\u017ed\u00fdm \u0159idi\u010dem, abychom zajistili nejlep\u0161\u00ed v\u00fdsledek pro na\u0161e z\u00e1kazn\u00edky.\" \/>\n<meta property=\"og:url\" content=\"https:\/\/rtrsports.com\/cs\/proc-si-vybrat-rtr-sport\/\" \/>\n<meta property=\"og:site_name\" content=\"RTR Sports\" \/>\n<meta property=\"article:publisher\" content=\"https:\/\/www.facebook.com\/RTRSportsMarketing\/\" \/>\n<meta property=\"og:image\" content=\"https:\/\/rtrsports.com\/wp-content\/uploads\/2023\/02\/why-rtr-2.jpg\" \/>\n\t<meta property=\"og:image:width\" content=\"1700\" \/>\n\t<meta property=\"og:image:height\" content=\"971\" \/>\n\t<meta property=\"og:image:type\" content=\"image\/jpeg\" \/>\n<meta name=\"twitter:card\" content=\"summary_large_image\" \/>\n<meta name=\"twitter:site\" content=\"@rtrsports\" \/>\n<meta name=\"twitter:label1\" content=\"Odhadovan\u00e1 doba \u010dten\u00ed\" \/>\n\t<meta name=\"twitter:data1\" content=\"1 minuta\" \/>\n<script type=\"application\/ld+json\" class=\"yoast-schema-graph\">{\"@context\":\"https:\\\/\\\/schema.org\",\"@graph\":[{\"@type\":\"WebPage\",\"@id\":\"https:\\\/\\\/rtrsports.com\\\/cs\\\/proc-si-vybrat-rtr-sport\\\/\",\"url\":\"https:\\\/\\\/rtrsports.com\\\/cs\\\/proc-si-vybrat-rtr-sport\\\/\",\"name\":\"Pro\u010d si vybrat RTR Sports? Nez\u00e1visl\u00e1 marketingov\u00e1 agentura\",\"isPartOf\":{\"@id\":\"https:\\\/\\\/rtrsports.com\\\/cs\\\/#website\"},\"primaryImageOfPage\":{\"@id\":\"https:\\\/\\\/rtrsports.com\\\/cs\\\/proc-si-vybrat-rtr-sport\\\/#primaryimage\"},\"image\":{\"@id\":\"https:\\\/\\\/rtrsports.com\\\/cs\\\/proc-si-vybrat-rtr-sport\\\/#primaryimage\"},\"thumbnailUrl\":\"https:\\\/\\\/rtrsports.com\\\/wp-content\\\/uploads\\\/2023\\\/02\\\/why-rtr-2.jpg\",\"datePublished\":\"2021-04-02T07:51:07+00:00\",\"dateModified\":\"2024-10-06T08:47:32+00:00\",\"description\":\"Nez\u00e1vislost znamen\u00e1, \u017ee m\u016f\u017eeme spolupracovat s ka\u017ed\u00fdm t\u00fdmem a ka\u017ed\u00fdm \u0159idi\u010dem, abychom zajistili nejlep\u0161\u00ed v\u00fdsledek pro na\u0161e z\u00e1kazn\u00edky.\",\"breadcrumb\":{\"@id\":\"https:\\\/\\\/rtrsports.com\\\/cs\\\/proc-si-vybrat-rtr-sport\\\/#breadcrumb\"},\"inLanguage\":\"cs\",\"potentialAction\":[{\"@type\":\"ReadAction\",\"target\":[\"https:\\\/\\\/rtrsports.com\\\/cs\\\/proc-si-vybrat-rtr-sport\\\/\"]}]},{\"@type\":\"ImageObject\",\"inLanguage\":\"cs\",\"@id\":\"https:\\\/\\\/rtrsports.com\\\/cs\\\/proc-si-vybrat-rtr-sport\\\/#primaryimage\",\"url\":\"https:\\\/\\\/rtrsports.com\\\/wp-content\\\/uploads\\\/2023\\\/02\\\/why-rtr-2.jpg\",\"contentUrl\":\"https:\\\/\\\/rtrsports.com\\\/wp-content\\\/uploads\\\/2023\\\/02\\\/why-rtr-2.jpg\",\"width\":1700,\"height\":971,\"caption\":\"\"},{\"@type\":\"BreadcrumbList\",\"@id\":\"https:\\\/\\\/rtrsports.com\\\/cs\\\/proc-si-vybrat-rtr-sport\\\/#breadcrumb\",\"itemListElement\":[{\"@type\":\"ListItem\",\"position\":1,\"name\":\"Home\",\"item\":\"https:\\\/\\\/rtrsports.com\\\/cs\\\/\"},{\"@type\":\"ListItem\",\"position\":2,\"name\":\"Pro\u010d si vybrat sportovn\u00ed marketing RTR?\"}]},{\"@type\":\"WebSite\",\"@id\":\"https:\\\/\\\/rtrsports.com\\\/cs\\\/#website\",\"url\":\"https:\\\/\\\/rtrsports.com\\\/cs\\\/\",\"name\":\"RTR Sports Marketing\",\"description\":\"RTR Sports Marketing is a global motorsport sponsorship agency and consultancy, specialized in Formula 1 and MotoGP, and active across all major international racing series including Formula E, NASCAR, WEC, WRC and Dakar, helping brands build data-driven, high-performance sponsorship programs.\",\"publisher\":{\"@id\":\"https:\\\/\\\/rtrsports.com\\\/cs\\\/#organization\"},\"alternateName\":\"RTR Sports\",\"potentialAction\":[{\"@type\":\"SearchAction\",\"target\":{\"@type\":\"EntryPoint\",\"urlTemplate\":\"https:\\\/\\\/rtrsports.com\\\/cs\\\/?s={search_term_string}\"},\"query-input\":{\"@type\":\"PropertyValueSpecification\",\"valueRequired\":true,\"valueName\":\"search_term_string\"}}],\"inLanguage\":\"cs\"},{\"@type\":\"Organization\",\"@id\":\"https:\\\/\\\/rtrsports.com\\\/cs\\\/#organization\",\"name\":\"RTR Sports Marketing\",\"alternateName\":\"RTR sports\",\"url\":\"https:\\\/\\\/rtrsports.com\\\/cs\\\/\",\"logo\":{\"@type\":\"ImageObject\",\"inLanguage\":\"cs\",\"@id\":\"https:\\\/\\\/rtrsports.com\\\/cs\\\/#\\\/schema\\\/logo\\\/image\\\/\",\"url\":\"https:\\\/\\\/rtrsports.com\\\/wp-content\\\/uploads\\\/2024\\\/01\\\/rtrsports-anniversary-1.jpg\",\"contentUrl\":\"https:\\\/\\\/rtrsports.com\\\/wp-content\\\/uploads\\\/2024\\\/01\\\/rtrsports-anniversary-1.jpg\",\"width\":946,\"height\":260,\"caption\":\"RTR Sports Marketing\"},\"image\":{\"@id\":\"https:\\\/\\\/rtrsports.com\\\/cs\\\/#\\\/schema\\\/logo\\\/image\\\/\"},\"sameAs\":[\"https:\\\/\\\/www.facebook.com\\\/RTRSportsMarketing\\\/\",\"https:\\\/\\\/x.com\\\/rtrsports\",\"https:\\\/\\\/www.linkedin.com\\\/company\\\/rtr-sports-marketing\\\/\"],\"description\":\"RTR Sports Marketing is a global motorsport sponsorship agency and consultancy, specialized in Formula 1 and MotoGP, and active across all major international racing series including Formula E, NASCAR, WEC, WRC and Dakar, helping brands build data-driven, high-performance sponsorship programs.\",\"email\":\"info@rtrsports.com\",\"legalName\":\"RTR Sports Marketing LTD\",\"numberOfEmployees\":{\"@type\":\"QuantitativeValue\",\"minValue\":\"1\",\"maxValue\":\"10\"}}]}<\/script>\n<!-- \/ Yoast SEO Premium plugin. -->","yoast_head_json":{"title":"Pro\u010d si vybrat RTR Sports? Nez\u00e1visl\u00e1 marketingov\u00e1 agentura","description":"Nez\u00e1vislost znamen\u00e1, \u017ee m\u016f\u017eeme spolupracovat s ka\u017ed\u00fdm t\u00fdmem a ka\u017ed\u00fdm \u0159idi\u010dem, abychom zajistili nejlep\u0161\u00ed v\u00fdsledek pro na\u0161e z\u00e1kazn\u00edky.","robots":{"index":"index","follow":"follow","max-snippet":"max-snippet:-1","max-image-preview":"max-image-preview:large","max-video-preview":"max-video-preview:-1"},"canonical":"https:\/\/rtrsports.com\/cs\/proc-si-vybrat-rtr-sport\/","og_locale":"cs_CZ","og_type":"article","og_title":"Pro\u010d si vybrat sportovn\u00ed marketing RTR?","og_description":"Nez\u00e1vislost znamen\u00e1, \u017ee m\u016f\u017eeme spolupracovat s ka\u017ed\u00fdm t\u00fdmem a ka\u017ed\u00fdm \u0159idi\u010dem, abychom zajistili nejlep\u0161\u00ed v\u00fdsledek pro na\u0161e z\u00e1kazn\u00edky.","og_url":"https:\/\/rtrsports.com\/cs\/proc-si-vybrat-rtr-sport\/","og_site_name":"RTR Sports","article_publisher":"https:\/\/www.facebook.com\/RTRSportsMarketing\/","og_image":[{"width":1700,"height":971,"url":"https:\/\/rtrsports.com\/wp-content\/uploads\/2023\/02\/why-rtr-2.jpg","type":"image\/jpeg"}],"twitter_card":"summary_large_image","twitter_site":"@rtrsports","twitter_misc":{"Odhadovan\u00e1 doba \u010dten\u00ed":"1 minuta"},"schema":{"@context":"https:\/\/schema.org","@graph":[{"@type":"WebPage","@id":"https:\/\/rtrsports.com\/cs\/proc-si-vybrat-rtr-sport\/","url":"https:\/\/rtrsports.com\/cs\/proc-si-vybrat-rtr-sport\/","name":"Pro\u010d si vybrat RTR Sports? Nez\u00e1visl\u00e1 marketingov\u00e1 agentura","isPartOf":{"@id":"https:\/\/rtrsports.com\/cs\/#website"},"primaryImageOfPage":{"@id":"https:\/\/rtrsports.com\/cs\/proc-si-vybrat-rtr-sport\/#primaryimage"},"image":{"@id":"https:\/\/rtrsports.com\/cs\/proc-si-vybrat-rtr-sport\/#primaryimage"},"thumbnailUrl":"https:\/\/rtrsports.com\/wp-content\/uploads\/2023\/02\/why-rtr-2.jpg","datePublished":"2021-04-02T07:51:07+00:00","dateModified":"2024-10-06T08:47:32+00:00","description":"Nez\u00e1vislost znamen\u00e1, \u017ee m\u016f\u017eeme spolupracovat s ka\u017ed\u00fdm t\u00fdmem a ka\u017ed\u00fdm \u0159idi\u010dem, abychom zajistili nejlep\u0161\u00ed v\u00fdsledek pro na\u0161e z\u00e1kazn\u00edky.","breadcrumb":{"@id":"https:\/\/rtrsports.com\/cs\/proc-si-vybrat-rtr-sport\/#breadcrumb"},"inLanguage":"cs","potentialAction":[{"@type":"ReadAction","target":["https:\/\/rtrsports.com\/cs\/proc-si-vybrat-rtr-sport\/"]}]},{"@type":"ImageObject","inLanguage":"cs","@id":"https:\/\/rtrsports.com\/cs\/proc-si-vybrat-rtr-sport\/#primaryimage","url":"https:\/\/rtrsports.com\/wp-content\/uploads\/2023\/02\/why-rtr-2.jpg","contentUrl":"https:\/\/rtrsports.com\/wp-content\/uploads\/2023\/02\/why-rtr-2.jpg","width":1700,"height":971,"caption":""},{"@type":"BreadcrumbList","@id":"https:\/\/rtrsports.com\/cs\/proc-si-vybrat-rtr-sport\/#breadcrumb","itemListElement":[{"@type":"ListItem","position":1,"name":"Home","item":"https:\/\/rtrsports.com\/cs\/"},{"@type":"ListItem","position":2,"name":"Pro\u010d si vybrat sportovn\u00ed marketing RTR?"}]},{"@type":"WebSite","@id":"https:\/\/rtrsports.com\/cs\/#website","url":"https:\/\/rtrsports.com\/cs\/","name":"RTR Sports Marketing","description":"RTR Sports Marketing is a global motorsport sponsorship agency and consultancy, specialized in Formula 1 and MotoGP, and active across all major international racing series including Formula E, NASCAR, WEC, WRC and Dakar, helping brands build data-driven, high-performance sponsorship programs.","publisher":{"@id":"https:\/\/rtrsports.com\/cs\/#organization"},"alternateName":"RTR Sports","potentialAction":[{"@type":"SearchAction","target":{"@type":"EntryPoint","urlTemplate":"https:\/\/rtrsports.com\/cs\/?s={search_term_string}"},"query-input":{"@type":"PropertyValueSpecification","valueRequired":true,"valueName":"search_term_string"}}],"inLanguage":"cs"},{"@type":"Organization","@id":"https:\/\/rtrsports.com\/cs\/#organization","name":"RTR Sports Marketing","alternateName":"RTR sports","url":"https:\/\/rtrsports.com\/cs\/","logo":{"@type":"ImageObject","inLanguage":"cs","@id":"https:\/\/rtrsports.com\/cs\/#\/schema\/logo\/image\/","url":"https:\/\/rtrsports.com\/wp-content\/uploads\/2024\/01\/rtrsports-anniversary-1.jpg","contentUrl":"https:\/\/rtrsports.com\/wp-content\/uploads\/2024\/01\/rtrsports-anniversary-1.jpg","width":946,"height":260,"caption":"RTR Sports Marketing"},"image":{"@id":"https:\/\/rtrsports.com\/cs\/#\/schema\/logo\/image\/"},"sameAs":["https:\/\/www.facebook.com\/RTRSportsMarketing\/","https:\/\/x.com\/rtrsports","https:\/\/www.linkedin.com\/company\/rtr-sports-marketing\/"],"description":"RTR Sports Marketing is a global motorsport sponsorship agency and consultancy, specialized in Formula 1 and MotoGP, and active across all major international racing series including Formula E, NASCAR, WEC, WRC and Dakar, helping brands build data-driven, high-performance sponsorship programs.","email":"info@rtrsports.com","legalName":"RTR Sports Marketing LTD","numberOfEmployees":{"@type":"QuantitativeValue","minValue":"1","maxValue":"10"}}]}},"_links":{"self":[{"href":"https:\/\/rtrsports.com\/cs\/wp-json\/wp\/v2\/pages\/147039","targetHints":{"allow":["GET"]}}],"collection":[{"href":"https:\/\/rtrsports.com\/cs\/wp-json\/wp\/v2\/pages"}],"about":[{"href":"https:\/\/rtrsports.com\/cs\/wp-json\/wp\/v2\/types\/page"}],"author":[{"embeddable":true,"href":"https:\/\/rtrsports.com\/cs\/wp-json\/wp\/v2\/users\/2"}],"replies":[{"embeddable":true,"href":"https:\/\/rtrsports.com\/cs\/wp-json\/wp\/v2\/comments?post=147039"}],"version-history":[{"count":17,"href":"https:\/\/rtrsports.com\/cs\/wp-json\/wp\/v2\/pages\/147039\/revisions"}],"predecessor-version":[{"id":253847,"href":"https:\/\/rtrsports.com\/cs\/wp-json\/wp\/v2\/pages\/147039\/revisions\/253847"}],"wp:featuredmedia":[{"embeddable":true,"href":"https:\/\/rtrsports.com\/cs\/wp-json\/wp\/v2\/media\/147046"}],"wp:attachment":[{"href":"https:\/\/rtrsports.com\/cs\/wp-json\/wp\/v2\/media?parent=147039"}],"curies":[{"name":"wp","href":"https:\/\/api.w.org\/{rel}","templated":true}]}}