{"id":147048,"date":"2024-01-29T17:27:37","date_gmt":"2024-01-29T16:27:37","guid":{"rendered":"https:\/\/stg-rtrsportscom-rtrstaging.kinsta.cloud\/blog\/"},"modified":"2024-10-02T14:38:46","modified_gmt":"2024-10-02T12:38:46","slug":"blog","status":"publish","type":"page","link":"https:\/\/rtrsports.com\/cs\/blog\/","title":{"rendered":"Blog"},"content":{"rendered":"","protected":false},"excerpt":{"rendered":"","protected":false},"author":2,"featured_media":254817,"parent":0,"menu_order":0,"comment_status":"closed","ping_status":"closed","template":"page-template\/page-flexible-template.php","meta":{"_acf_changed":false,"footnotes":""},"class_list":["post-147048","page","type-page","status-publish","has-post-thumbnail","hentry"],"acf":[],"yoast_head":"<!-- This site is optimized with the Yoast SEO Premium plugin v26.8 (Yoast SEO v27.3) - https:\/\/yoast.com\/product\/yoast-seo-premium-wordpress\/ -->\n<title>RTR Sports Marketing Blog - sponzorstv\u00ed, aktivace a novinky<\/title>\n<meta name=\"description\" content=\"P\u0159e\u010dt\u011bte si nejnov\u011bj\u0161\u00ed zpr\u00e1vy a \u010dl\u00e1nky o sportovn\u00edm marketingu, sponzoringu, ud\u00e1lostech, licenc\u00edch, propagaci v obchodech, soci\u00e1ln\u00edch m\u00e9di\u00edch a webov\u00fdch aktivit\u00e1ch.\" \/>\n<meta name=\"robots\" content=\"index, follow, max-snippet:-1, max-image-preview:large, max-video-preview:-1\" \/>\n<link rel=\"canonical\" href=\"https:\/\/rtrsports.com\/cs\/blog\/\" \/>\n<meta property=\"og:locale\" content=\"cs_CZ\" \/>\n<meta property=\"og:type\" content=\"article\" \/>\n<meta property=\"og:title\" content=\"Blog\" \/>\n<meta property=\"og:description\" content=\"P\u0159e\u010dt\u011bte si nejnov\u011bj\u0161\u00ed zpr\u00e1vy a \u010dl\u00e1nky o sportovn\u00edm marketingu, sponzoringu, ud\u00e1lostech, licenc\u00edch, propagaci v obchodech, soci\u00e1ln\u00edch m\u00e9di\u00edch a webov\u00fdch aktivit\u00e1ch.\" \/>\n<meta property=\"og:url\" content=\"https:\/\/rtrsports.com\/cs\/blog\/\" \/>\n<meta property=\"og:site_name\" content=\"RTR Sports\" \/>\n<meta property=\"article:publisher\" content=\"https:\/\/www.facebook.com\/RTRSportsMarketing\/\" \/>\n<meta property=\"og:image\" content=\"https:\/\/rtrsports.com\/wp-content\/uploads\/2024\/10\/mclaren-scaled.jpg\" \/>\n\t<meta property=\"og:image:width\" content=\"2560\" \/>\n\t<meta property=\"og:image:height\" content=\"1707\" \/>\n\t<meta property=\"og:image:type\" content=\"image\/jpeg\" \/>\n<meta name=\"twitter:card\" content=\"summary_large_image\" \/>\n<meta name=\"twitter:site\" content=\"@rtrsports\" \/>\n<script type=\"application\/ld+json\" class=\"yoast-schema-graph\">{\"@context\":\"https:\\\/\\\/schema.org\",\"@graph\":[{\"@type\":\"WebPage\",\"@id\":\"https:\\\/\\\/rtrsports.com\\\/cs\\\/blog\\\/\",\"url\":\"https:\\\/\\\/rtrsports.com\\\/cs\\\/blog\\\/\",\"name\":\"RTR Sports Marketing Blog - sponzorstv\u00ed, aktivace a novinky\",\"isPartOf\":{\"@id\":\"https:\\\/\\\/rtrsports.com\\\/cs\\\/#website\"},\"primaryImageOfPage\":{\"@id\":\"https:\\\/\\\/rtrsports.com\\\/cs\\\/blog\\\/#primaryimage\"},\"image\":{\"@id\":\"https:\\\/\\\/rtrsports.com\\\/cs\\\/blog\\\/#primaryimage\"},\"thumbnailUrl\":\"https:\\\/\\\/rtrsports.com\\\/wp-content\\\/uploads\\\/2024\\\/10\\\/mclaren-scaled.jpg\",\"datePublished\":\"2024-01-29T16:27:37+00:00\",\"dateModified\":\"2024-10-02T12:38:46+00:00\",\"description\":\"P\u0159e\u010dt\u011bte si nejnov\u011bj\u0161\u00ed zpr\u00e1vy a \u010dl\u00e1nky o sportovn\u00edm marketingu, sponzoringu, ud\u00e1lostech, licenc\u00edch, propagaci v obchodech, soci\u00e1ln\u00edch m\u00e9di\u00edch a webov\u00fdch aktivit\u00e1ch.\",\"breadcrumb\":{\"@id\":\"https:\\\/\\\/rtrsports.com\\\/cs\\\/blog\\\/#breadcrumb\"},\"inLanguage\":\"cs\",\"potentialAction\":[{\"@type\":\"ReadAction\",\"target\":[\"https:\\\/\\\/rtrsports.com\\\/cs\\\/blog\\\/\"]}]},{\"@type\":\"ImageObject\",\"inLanguage\":\"cs\",\"@id\":\"https:\\\/\\\/rtrsports.com\\\/cs\\\/blog\\\/#primaryimage\",\"url\":\"https:\\\/\\\/rtrsports.com\\\/wp-content\\\/uploads\\\/2024\\\/10\\\/mclaren-scaled.jpg\",\"contentUrl\":\"https:\\\/\\\/rtrsports.com\\\/wp-content\\\/uploads\\\/2024\\\/10\\\/mclaren-scaled.jpg\",\"width\":2560,\"height\":1707,\"caption\":\"Sponzorstv\u00ed Formule 1\"},{\"@type\":\"BreadcrumbList\",\"@id\":\"https:\\\/\\\/rtrsports.com\\\/cs\\\/blog\\\/#breadcrumb\",\"itemListElement\":[{\"@type\":\"ListItem\",\"position\":1,\"name\":\"Home\",\"item\":\"https:\\\/\\\/rtrsports.com\\\/cs\\\/\"},{\"@type\":\"ListItem\",\"position\":2,\"name\":\"Blog\"}]},{\"@type\":\"WebSite\",\"@id\":\"https:\\\/\\\/rtrsports.com\\\/cs\\\/#website\",\"url\":\"https:\\\/\\\/rtrsports.com\\\/cs\\\/\",\"name\":\"RTR Sports Marketing\",\"description\":\"RTR Sports Marketing is a global motorsport sponsorship agency and consultancy, specialized in Formula 1 and MotoGP, and active across all major international racing series including Formula E, NASCAR, WEC, WRC and Dakar, helping brands build data-driven, high-performance sponsorship programs.\",\"publisher\":{\"@id\":\"https:\\\/\\\/rtrsports.com\\\/cs\\\/#organization\"},\"alternateName\":\"RTR Sports\",\"potentialAction\":[{\"@type\":\"SearchAction\",\"target\":{\"@type\":\"EntryPoint\",\"urlTemplate\":\"https:\\\/\\\/rtrsports.com\\\/cs\\\/?s={search_term_string}\"},\"query-input\":{\"@type\":\"PropertyValueSpecification\",\"valueRequired\":true,\"valueName\":\"search_term_string\"}}],\"inLanguage\":\"cs\"},{\"@type\":\"Organization\",\"@id\":\"https:\\\/\\\/rtrsports.com\\\/cs\\\/#organization\",\"name\":\"RTR Sports Marketing\",\"alternateName\":\"RTR sports\",\"url\":\"https:\\\/\\\/rtrsports.com\\\/cs\\\/\",\"logo\":{\"@type\":\"ImageObject\",\"inLanguage\":\"cs\",\"@id\":\"https:\\\/\\\/rtrsports.com\\\/cs\\\/#\\\/schema\\\/logo\\\/image\\\/\",\"url\":\"https:\\\/\\\/rtrsports.com\\\/wp-content\\\/uploads\\\/2024\\\/01\\\/rtrsports-anniversary-1.jpg\",\"contentUrl\":\"https:\\\/\\\/rtrsports.com\\\/wp-content\\\/uploads\\\/2024\\\/01\\\/rtrsports-anniversary-1.jpg\",\"width\":946,\"height\":260,\"caption\":\"RTR Sports Marketing\"},\"image\":{\"@id\":\"https:\\\/\\\/rtrsports.com\\\/cs\\\/#\\\/schema\\\/logo\\\/image\\\/\"},\"sameAs\":[\"https:\\\/\\\/www.facebook.com\\\/RTRSportsMarketing\\\/\",\"https:\\\/\\\/x.com\\\/rtrsports\",\"https:\\\/\\\/www.linkedin.com\\\/company\\\/rtr-sports-marketing\\\/\"],\"description\":\"RTR Sports Marketing is a global motorsport sponsorship agency and consultancy, specialized in Formula 1 and MotoGP, and active across all major international racing series including Formula E, NASCAR, WEC, WRC and Dakar, helping brands build data-driven, high-performance sponsorship programs.\",\"email\":\"info@rtrsports.com\",\"legalName\":\"RTR Sports Marketing LTD\",\"numberOfEmployees\":{\"@type\":\"QuantitativeValue\",\"minValue\":\"1\",\"maxValue\":\"10\"}}]}<\/script>\n<!-- \/ Yoast SEO Premium plugin. -->","yoast_head_json":{"title":"RTR Sports Marketing Blog - sponzorstv\u00ed, aktivace a novinky","description":"P\u0159e\u010dt\u011bte si nejnov\u011bj\u0161\u00ed zpr\u00e1vy a \u010dl\u00e1nky o sportovn\u00edm marketingu, sponzoringu, ud\u00e1lostech, licenc\u00edch, propagaci v obchodech, soci\u00e1ln\u00edch m\u00e9di\u00edch a webov\u00fdch aktivit\u00e1ch.","robots":{"index":"index","follow":"follow","max-snippet":"max-snippet:-1","max-image-preview":"max-image-preview:large","max-video-preview":"max-video-preview:-1"},"canonical":"https:\/\/rtrsports.com\/cs\/blog\/","og_locale":"cs_CZ","og_type":"article","og_title":"Blog","og_description":"P\u0159e\u010dt\u011bte si nejnov\u011bj\u0161\u00ed zpr\u00e1vy a \u010dl\u00e1nky o sportovn\u00edm marketingu, sponzoringu, ud\u00e1lostech, licenc\u00edch, propagaci v obchodech, soci\u00e1ln\u00edch m\u00e9di\u00edch a webov\u00fdch aktivit\u00e1ch.","og_url":"https:\/\/rtrsports.com\/cs\/blog\/","og_site_name":"RTR Sports","article_publisher":"https:\/\/www.facebook.com\/RTRSportsMarketing\/","og_image":[{"width":2560,"height":1707,"url":"https:\/\/rtrsports.com\/wp-content\/uploads\/2024\/10\/mclaren-scaled.jpg","type":"image\/jpeg"}],"twitter_card":"summary_large_image","twitter_site":"@rtrsports","schema":{"@context":"https:\/\/schema.org","@graph":[{"@type":"WebPage","@id":"https:\/\/rtrsports.com\/cs\/blog\/","url":"https:\/\/rtrsports.com\/cs\/blog\/","name":"RTR Sports Marketing Blog - sponzorstv\u00ed, aktivace a novinky","isPartOf":{"@id":"https:\/\/rtrsports.com\/cs\/#website"},"primaryImageOfPage":{"@id":"https:\/\/rtrsports.com\/cs\/blog\/#primaryimage"},"image":{"@id":"https:\/\/rtrsports.com\/cs\/blog\/#primaryimage"},"thumbnailUrl":"https:\/\/rtrsports.com\/wp-content\/uploads\/2024\/10\/mclaren-scaled.jpg","datePublished":"2024-01-29T16:27:37+00:00","dateModified":"2024-10-02T12:38:46+00:00","description":"P\u0159e\u010dt\u011bte si nejnov\u011bj\u0161\u00ed zpr\u00e1vy a \u010dl\u00e1nky o sportovn\u00edm marketingu, sponzoringu, ud\u00e1lostech, licenc\u00edch, propagaci v obchodech, soci\u00e1ln\u00edch m\u00e9di\u00edch a webov\u00fdch aktivit\u00e1ch.","breadcrumb":{"@id":"https:\/\/rtrsports.com\/cs\/blog\/#breadcrumb"},"inLanguage":"cs","potentialAction":[{"@type":"ReadAction","target":["https:\/\/rtrsports.com\/cs\/blog\/"]}]},{"@type":"ImageObject","inLanguage":"cs","@id":"https:\/\/rtrsports.com\/cs\/blog\/#primaryimage","url":"https:\/\/rtrsports.com\/wp-content\/uploads\/2024\/10\/mclaren-scaled.jpg","contentUrl":"https:\/\/rtrsports.com\/wp-content\/uploads\/2024\/10\/mclaren-scaled.jpg","width":2560,"height":1707,"caption":"Sponzorstv\u00ed Formule 1"},{"@type":"BreadcrumbList","@id":"https:\/\/rtrsports.com\/cs\/blog\/#breadcrumb","itemListElement":[{"@type":"ListItem","position":1,"name":"Home","item":"https:\/\/rtrsports.com\/cs\/"},{"@type":"ListItem","position":2,"name":"Blog"}]},{"@type":"WebSite","@id":"https:\/\/rtrsports.com\/cs\/#website","url":"https:\/\/rtrsports.com\/cs\/","name":"RTR Sports Marketing","description":"RTR Sports Marketing is a global motorsport sponsorship agency and consultancy, specialized in Formula 1 and MotoGP, and active across all major international racing series including Formula E, NASCAR, WEC, WRC and Dakar, helping brands build data-driven, high-performance sponsorship programs.","publisher":{"@id":"https:\/\/rtrsports.com\/cs\/#organization"},"alternateName":"RTR Sports","potentialAction":[{"@type":"SearchAction","target":{"@type":"EntryPoint","urlTemplate":"https:\/\/rtrsports.com\/cs\/?s={search_term_string}"},"query-input":{"@type":"PropertyValueSpecification","valueRequired":true,"valueName":"search_term_string"}}],"inLanguage":"cs"},{"@type":"Organization","@id":"https:\/\/rtrsports.com\/cs\/#organization","name":"RTR Sports Marketing","alternateName":"RTR sports","url":"https:\/\/rtrsports.com\/cs\/","logo":{"@type":"ImageObject","inLanguage":"cs","@id":"https:\/\/rtrsports.com\/cs\/#\/schema\/logo\/image\/","url":"https:\/\/rtrsports.com\/wp-content\/uploads\/2024\/01\/rtrsports-anniversary-1.jpg","contentUrl":"https:\/\/rtrsports.com\/wp-content\/uploads\/2024\/01\/rtrsports-anniversary-1.jpg","width":946,"height":260,"caption":"RTR Sports Marketing"},"image":{"@id":"https:\/\/rtrsports.com\/cs\/#\/schema\/logo\/image\/"},"sameAs":["https:\/\/www.facebook.com\/RTRSportsMarketing\/","https:\/\/x.com\/rtrsports","https:\/\/www.linkedin.com\/company\/rtr-sports-marketing\/"],"description":"RTR Sports Marketing is a global motorsport sponsorship agency and consultancy, specialized in Formula 1 and MotoGP, and active across all major international racing series including Formula E, NASCAR, WEC, WRC and Dakar, helping brands build data-driven, high-performance sponsorship programs.","email":"info@rtrsports.com","legalName":"RTR Sports Marketing LTD","numberOfEmployees":{"@type":"QuantitativeValue","minValue":"1","maxValue":"10"}}]}},"_links":{"self":[{"href":"https:\/\/rtrsports.com\/cs\/wp-json\/wp\/v2\/pages\/147048","targetHints":{"allow":["GET"]}}],"collection":[{"href":"https:\/\/rtrsports.com\/cs\/wp-json\/wp\/v2\/pages"}],"about":[{"href":"https:\/\/rtrsports.com\/cs\/wp-json\/wp\/v2\/types\/page"}],"author":[{"embeddable":true,"href":"https:\/\/rtrsports.com\/cs\/wp-json\/wp\/v2\/users\/2"}],"replies":[{"embeddable":true,"href":"https:\/\/rtrsports.com\/cs\/wp-json\/wp\/v2\/comments?post=147048"}],"version-history":[{"count":5,"href":"https:\/\/rtrsports.com\/cs\/wp-json\/wp\/v2\/pages\/147048\/revisions"}],"predecessor-version":[{"id":252034,"href":"https:\/\/rtrsports.com\/cs\/wp-json\/wp\/v2\/pages\/147048\/revisions\/252034"}],"wp:featuredmedia":[{"embeddable":true,"href":"https:\/\/rtrsports.com\/cs\/wp-json\/wp\/v2\/media\/254817"}],"wp:attachment":[{"href":"https:\/\/rtrsports.com\/cs\/wp-json\/wp\/v2\/media?parent=147048"}],"curies":[{"name":"wp","href":"https:\/\/api.w.org\/{rel}","templated":true}]}}