{"id":147049,"date":"2024-01-29T17:27:40","date_gmt":"2024-01-29T16:27:40","guid":{"rendered":"https:\/\/stg-rtrsportscom-rtrstaging.kinsta.cloud\/kontakty-rtr-sport-marketing\/"},"modified":"2024-08-28T15:07:59","modified_gmt":"2024-08-28T13:07:59","slug":"kontakty-rtr-sport-marketing","status":"publish","type":"page","link":"https:\/\/rtrsports.com\/cs\/kontakty-rtr-sport-marketing\/","title":{"rendered":"Kontakt"},"content":{"rendered":"","protected":false},"excerpt":{"rendered":"","protected":false},"author":2,"featured_media":254833,"parent":0,"menu_order":0,"comment_status":"closed","ping_status":"closed","template":"page-template\/page-flexible-template.php","meta":{"_acf_changed":false,"footnotes":""},"class_list":["post-147049","page","type-page","status-publish","has-post-thumbnail","hentry"],"acf":[],"yoast_head":"<!-- This site is optimized with the Yoast SEO Premium plugin v26.8 (Yoast SEO v27.3) - https:\/\/yoast.com\/product\/yoast-seo-premium-wordpress\/ -->\n<title>RTR Sports | Sportovn\u00ed sponzorsk\u00e1 agentura | Kontakty<\/title>\n<meta name=\"description\" content=\"Obra\u0165te se na RTR Sports Marketing, p\u0159edn\u00ed agenturu pro sportovn\u00ed sponzoring ji\u017e v\u00edce ne\u017e 15 let! Zjist\u011bte v\u00edce!\" \/>\n<meta name=\"robots\" content=\"index, follow, max-snippet:-1, max-image-preview:large, max-video-preview:-1\" \/>\n<link rel=\"canonical\" href=\"https:\/\/rtrsports.com\/cs\/kontakty-rtr-sport-marketing\/\" \/>\n<meta property=\"og:locale\" content=\"cs_CZ\" \/>\n<meta property=\"og:type\" content=\"article\" \/>\n<meta property=\"og:title\" content=\"Kontakt\" \/>\n<meta property=\"og:description\" content=\"Obra\u0165te se na RTR Sports Marketing, p\u0159edn\u00ed agenturu pro sportovn\u00ed sponzoring ji\u017e v\u00edce ne\u017e 15 let! Zjist\u011bte v\u00edce!\" \/>\n<meta property=\"og:url\" content=\"https:\/\/rtrsports.com\/cs\/kontakty-rtr-sport-marketing\/\" \/>\n<meta property=\"og:site_name\" content=\"RTR Sports\" \/>\n<meta property=\"article:publisher\" content=\"https:\/\/www.facebook.com\/RTRSportsMarketing\/\" \/>\n<meta property=\"og:image\" content=\"https:\/\/rtrsports.com\/wp-content\/uploads\/2024\/10\/pramac-scaled.jpg\" \/>\n\t<meta property=\"og:image:width\" content=\"2560\" \/>\n\t<meta property=\"og:image:height\" content=\"1280\" \/>\n\t<meta property=\"og:image:type\" content=\"image\/jpeg\" \/>\n<meta name=\"twitter:card\" content=\"summary_large_image\" \/>\n<meta name=\"twitter:site\" content=\"@rtrsports\" \/>\n<meta name=\"twitter:label1\" content=\"Odhadovan\u00e1 doba \u010dten\u00ed\" \/>\n\t<meta name=\"twitter:data1\" content=\"1 minuta\" \/>\n<script type=\"application\/ld+json\" class=\"yoast-schema-graph\">{\"@context\":\"https:\\\/\\\/schema.org\",\"@graph\":[{\"@type\":\"WebPage\",\"@id\":\"https:\\\/\\\/rtrsports.com\\\/cs\\\/kontakty-rtr-sport-marketing\\\/\",\"url\":\"https:\\\/\\\/rtrsports.com\\\/cs\\\/kontakty-rtr-sport-marketing\\\/\",\"name\":\"RTR Sports | Sportovn\u00ed sponzorsk\u00e1 agentura | Kontakty\",\"isPartOf\":{\"@id\":\"https:\\\/\\\/rtrsports.com\\\/cs\\\/#website\"},\"primaryImageOfPage\":{\"@id\":\"https:\\\/\\\/rtrsports.com\\\/cs\\\/kontakty-rtr-sport-marketing\\\/#primaryimage\"},\"image\":{\"@id\":\"https:\\\/\\\/rtrsports.com\\\/cs\\\/kontakty-rtr-sport-marketing\\\/#primaryimage\"},\"thumbnailUrl\":\"https:\\\/\\\/rtrsports.com\\\/wp-content\\\/uploads\\\/2024\\\/10\\\/pramac-scaled.jpg\",\"datePublished\":\"2024-01-29T16:27:40+00:00\",\"dateModified\":\"2024-08-28T13:07:59+00:00\",\"description\":\"Obra\u0165te se na RTR Sports Marketing, p\u0159edn\u00ed agenturu pro sportovn\u00ed sponzoring ji\u017e v\u00edce ne\u017e 15 let! Zjist\u011bte v\u00edce!\",\"breadcrumb\":{\"@id\":\"https:\\\/\\\/rtrsports.com\\\/cs\\\/kontakty-rtr-sport-marketing\\\/#breadcrumb\"},\"inLanguage\":\"cs\",\"potentialAction\":[{\"@type\":\"ReadAction\",\"target\":[\"https:\\\/\\\/rtrsports.com\\\/cs\\\/kontakty-rtr-sport-marketing\\\/\"]}]},{\"@type\":\"ImageObject\",\"inLanguage\":\"cs\",\"@id\":\"https:\\\/\\\/rtrsports.com\\\/cs\\\/kontakty-rtr-sport-marketing\\\/#primaryimage\",\"url\":\"https:\\\/\\\/rtrsports.com\\\/wp-content\\\/uploads\\\/2024\\\/10\\\/pramac-scaled.jpg\",\"contentUrl\":\"https:\\\/\\\/rtrsports.com\\\/wp-content\\\/uploads\\\/2024\\\/10\\\/pramac-scaled.jpg\",\"width\":2560,\"height\":1280,\"caption\":\"MotoGp sponsorship\"},{\"@type\":\"BreadcrumbList\",\"@id\":\"https:\\\/\\\/rtrsports.com\\\/cs\\\/kontakty-rtr-sport-marketing\\\/#breadcrumb\",\"itemListElement\":[{\"@type\":\"ListItem\",\"position\":1,\"name\":\"Home\",\"item\":\"https:\\\/\\\/rtrsports.com\\\/cs\\\/\"},{\"@type\":\"ListItem\",\"position\":2,\"name\":\"Kontakt\"}]},{\"@type\":\"WebSite\",\"@id\":\"https:\\\/\\\/rtrsports.com\\\/cs\\\/#website\",\"url\":\"https:\\\/\\\/rtrsports.com\\\/cs\\\/\",\"name\":\"RTR Sports Marketing\",\"description\":\"RTR Sports Marketing is a global motorsport sponsorship agency and consultancy, specialized in Formula 1 and MotoGP, and active across all major international racing series including Formula E, NASCAR, WEC, WRC and Dakar, helping brands build data-driven, high-performance sponsorship programs.\",\"publisher\":{\"@id\":\"https:\\\/\\\/rtrsports.com\\\/cs\\\/#organization\"},\"alternateName\":\"RTR Sports\",\"potentialAction\":[{\"@type\":\"SearchAction\",\"target\":{\"@type\":\"EntryPoint\",\"urlTemplate\":\"https:\\\/\\\/rtrsports.com\\\/cs\\\/?s={search_term_string}\"},\"query-input\":{\"@type\":\"PropertyValueSpecification\",\"valueRequired\":true,\"valueName\":\"search_term_string\"}}],\"inLanguage\":\"cs\"},{\"@type\":\"Organization\",\"@id\":\"https:\\\/\\\/rtrsports.com\\\/cs\\\/#organization\",\"name\":\"RTR Sports Marketing\",\"alternateName\":\"RTR sports\",\"url\":\"https:\\\/\\\/rtrsports.com\\\/cs\\\/\",\"logo\":{\"@type\":\"ImageObject\",\"inLanguage\":\"cs\",\"@id\":\"https:\\\/\\\/rtrsports.com\\\/cs\\\/#\\\/schema\\\/logo\\\/image\\\/\",\"url\":\"https:\\\/\\\/rtrsports.com\\\/wp-content\\\/uploads\\\/2024\\\/01\\\/rtrsports-anniversary-1.jpg\",\"contentUrl\":\"https:\\\/\\\/rtrsports.com\\\/wp-content\\\/uploads\\\/2024\\\/01\\\/rtrsports-anniversary-1.jpg\",\"width\":946,\"height\":260,\"caption\":\"RTR Sports Marketing\"},\"image\":{\"@id\":\"https:\\\/\\\/rtrsports.com\\\/cs\\\/#\\\/schema\\\/logo\\\/image\\\/\"},\"sameAs\":[\"https:\\\/\\\/www.facebook.com\\\/RTRSportsMarketing\\\/\",\"https:\\\/\\\/x.com\\\/rtrsports\",\"https:\\\/\\\/www.linkedin.com\\\/company\\\/rtr-sports-marketing\\\/\"],\"description\":\"RTR Sports Marketing is a global motorsport sponsorship agency and consultancy, specialized in Formula 1 and MotoGP, and active across all major international racing series including Formula E, NASCAR, WEC, WRC and Dakar, helping brands build data-driven, high-performance sponsorship programs.\",\"email\":\"info@rtrsports.com\",\"legalName\":\"RTR Sports Marketing LTD\",\"numberOfEmployees\":{\"@type\":\"QuantitativeValue\",\"minValue\":\"1\",\"maxValue\":\"10\"}}]}<\/script>\n<!-- \/ Yoast SEO Premium plugin. -->","yoast_head_json":{"title":"RTR Sports | Sportovn\u00ed sponzorsk\u00e1 agentura | Kontakty","description":"Obra\u0165te se na RTR Sports Marketing, p\u0159edn\u00ed agenturu pro sportovn\u00ed sponzoring ji\u017e v\u00edce ne\u017e 15 let! Zjist\u011bte v\u00edce!","robots":{"index":"index","follow":"follow","max-snippet":"max-snippet:-1","max-image-preview":"max-image-preview:large","max-video-preview":"max-video-preview:-1"},"canonical":"https:\/\/rtrsports.com\/cs\/kontakty-rtr-sport-marketing\/","og_locale":"cs_CZ","og_type":"article","og_title":"Kontakt","og_description":"Obra\u0165te se na RTR Sports Marketing, p\u0159edn\u00ed agenturu pro sportovn\u00ed sponzoring ji\u017e v\u00edce ne\u017e 15 let! Zjist\u011bte v\u00edce!","og_url":"https:\/\/rtrsports.com\/cs\/kontakty-rtr-sport-marketing\/","og_site_name":"RTR Sports","article_publisher":"https:\/\/www.facebook.com\/RTRSportsMarketing\/","og_image":[{"width":2560,"height":1280,"url":"https:\/\/rtrsports.com\/wp-content\/uploads\/2024\/10\/pramac-scaled.jpg","type":"image\/jpeg"}],"twitter_card":"summary_large_image","twitter_site":"@rtrsports","twitter_misc":{"Odhadovan\u00e1 doba \u010dten\u00ed":"1 minuta"},"schema":{"@context":"https:\/\/schema.org","@graph":[{"@type":"WebPage","@id":"https:\/\/rtrsports.com\/cs\/kontakty-rtr-sport-marketing\/","url":"https:\/\/rtrsports.com\/cs\/kontakty-rtr-sport-marketing\/","name":"RTR Sports | Sportovn\u00ed sponzorsk\u00e1 agentura | Kontakty","isPartOf":{"@id":"https:\/\/rtrsports.com\/cs\/#website"},"primaryImageOfPage":{"@id":"https:\/\/rtrsports.com\/cs\/kontakty-rtr-sport-marketing\/#primaryimage"},"image":{"@id":"https:\/\/rtrsports.com\/cs\/kontakty-rtr-sport-marketing\/#primaryimage"},"thumbnailUrl":"https:\/\/rtrsports.com\/wp-content\/uploads\/2024\/10\/pramac-scaled.jpg","datePublished":"2024-01-29T16:27:40+00:00","dateModified":"2024-08-28T13:07:59+00:00","description":"Obra\u0165te se na RTR Sports Marketing, p\u0159edn\u00ed agenturu pro sportovn\u00ed sponzoring ji\u017e v\u00edce ne\u017e 15 let! Zjist\u011bte v\u00edce!","breadcrumb":{"@id":"https:\/\/rtrsports.com\/cs\/kontakty-rtr-sport-marketing\/#breadcrumb"},"inLanguage":"cs","potentialAction":[{"@type":"ReadAction","target":["https:\/\/rtrsports.com\/cs\/kontakty-rtr-sport-marketing\/"]}]},{"@type":"ImageObject","inLanguage":"cs","@id":"https:\/\/rtrsports.com\/cs\/kontakty-rtr-sport-marketing\/#primaryimage","url":"https:\/\/rtrsports.com\/wp-content\/uploads\/2024\/10\/pramac-scaled.jpg","contentUrl":"https:\/\/rtrsports.com\/wp-content\/uploads\/2024\/10\/pramac-scaled.jpg","width":2560,"height":1280,"caption":"MotoGp sponsorship"},{"@type":"BreadcrumbList","@id":"https:\/\/rtrsports.com\/cs\/kontakty-rtr-sport-marketing\/#breadcrumb","itemListElement":[{"@type":"ListItem","position":1,"name":"Home","item":"https:\/\/rtrsports.com\/cs\/"},{"@type":"ListItem","position":2,"name":"Kontakt"}]},{"@type":"WebSite","@id":"https:\/\/rtrsports.com\/cs\/#website","url":"https:\/\/rtrsports.com\/cs\/","name":"RTR Sports Marketing","description":"RTR Sports Marketing is a global motorsport sponsorship agency and consultancy, specialized in Formula 1 and MotoGP, and active across all major international racing series including Formula E, NASCAR, WEC, WRC and Dakar, helping brands build data-driven, high-performance sponsorship programs.","publisher":{"@id":"https:\/\/rtrsports.com\/cs\/#organization"},"alternateName":"RTR Sports","potentialAction":[{"@type":"SearchAction","target":{"@type":"EntryPoint","urlTemplate":"https:\/\/rtrsports.com\/cs\/?s={search_term_string}"},"query-input":{"@type":"PropertyValueSpecification","valueRequired":true,"valueName":"search_term_string"}}],"inLanguage":"cs"},{"@type":"Organization","@id":"https:\/\/rtrsports.com\/cs\/#organization","name":"RTR Sports Marketing","alternateName":"RTR sports","url":"https:\/\/rtrsports.com\/cs\/","logo":{"@type":"ImageObject","inLanguage":"cs","@id":"https:\/\/rtrsports.com\/cs\/#\/schema\/logo\/image\/","url":"https:\/\/rtrsports.com\/wp-content\/uploads\/2024\/01\/rtrsports-anniversary-1.jpg","contentUrl":"https:\/\/rtrsports.com\/wp-content\/uploads\/2024\/01\/rtrsports-anniversary-1.jpg","width":946,"height":260,"caption":"RTR Sports Marketing"},"image":{"@id":"https:\/\/rtrsports.com\/cs\/#\/schema\/logo\/image\/"},"sameAs":["https:\/\/www.facebook.com\/RTRSportsMarketing\/","https:\/\/x.com\/rtrsports","https:\/\/www.linkedin.com\/company\/rtr-sports-marketing\/"],"description":"RTR Sports Marketing is a global motorsport sponsorship agency and consultancy, specialized in Formula 1 and MotoGP, and active across all major international racing series including Formula E, NASCAR, WEC, WRC and Dakar, helping brands build data-driven, high-performance sponsorship programs.","email":"info@rtrsports.com","legalName":"RTR Sports Marketing LTD","numberOfEmployees":{"@type":"QuantitativeValue","minValue":"1","maxValue":"10"}}]}},"_links":{"self":[{"href":"https:\/\/rtrsports.com\/cs\/wp-json\/wp\/v2\/pages\/147049","targetHints":{"allow":["GET"]}}],"collection":[{"href":"https:\/\/rtrsports.com\/cs\/wp-json\/wp\/v2\/pages"}],"about":[{"href":"https:\/\/rtrsports.com\/cs\/wp-json\/wp\/v2\/types\/page"}],"author":[{"embeddable":true,"href":"https:\/\/rtrsports.com\/cs\/wp-json\/wp\/v2\/users\/2"}],"replies":[{"embeddable":true,"href":"https:\/\/rtrsports.com\/cs\/wp-json\/wp\/v2\/comments?post=147049"}],"version-history":[{"count":2,"href":"https:\/\/rtrsports.com\/cs\/wp-json\/wp\/v2\/pages\/147049\/revisions"}],"predecessor-version":[{"id":253505,"href":"https:\/\/rtrsports.com\/cs\/wp-json\/wp\/v2\/pages\/147049\/revisions\/253505"}],"wp:featuredmedia":[{"embeddable":true,"href":"https:\/\/rtrsports.com\/cs\/wp-json\/wp\/v2\/media\/254833"}],"wp:attachment":[{"href":"https:\/\/rtrsports.com\/cs\/wp-json\/wp\/v2\/media?parent=147049"}],"curies":[{"name":"wp","href":"https:\/\/api.w.org\/{rel}","templated":true}]}}