{"id":153716,"date":"2020-12-30T09:00:00","date_gmt":"2020-12-30T08:00:00","guid":{"rendered":"https:\/\/rtrsports.com\/motogp-hospitality-grand-prix-deutschland\/"},"modified":"2025-11-15T13:58:25","modified_gmt":"2025-11-15T12:58:25","slug":"motogp-hospitality-grand-prix-deutschland","status":"publish","type":"page","link":"https:\/\/rtrsports.com\/cs\/motogp-hospitality-grand-prix-deutschland\/","title":{"rendered":"2026 MotoGP VIP Village a MotoGP Hospitality German GP Sachsenring"},"content":{"rendered":"<p>Gran Premio di Germania MotoGP VIP Village e MotoGP Premier 202318 Giugno 2023 &#8211; Sachsenring<\/p>\n<h3><span style=\"color: #808080;\">Prezzi MotoGP VIP Village<\/span><\/h3>\n<p>Sabato + Domenica: <strong>\u20ac 1.678<\/strong><br \/>\nDomenica: <strong>\u20ac 1.440<\/strong>Prenota MotoGP VIP Village Oggi<\/p>\n<h3><span style=\"color: #808080;\">Prezzi MotoGP Premier<\/span><\/h3>\n<p>Apex Package: <strong>\u20ac 2.819<\/strong><br \/>\nChicane package: <strong>\u20ac 845<\/strong><br \/>\nTrophy package: <strong>\u20ac 404<\/strong>Prenota MotoGP Premier Oggi  <\/p>\n<h3>I servizi del MotoGP VIP Village<\/h3>\n<p><strong>LOCATION ESCLUSIVE:<\/strong> Eccellente vista sul circuito, Parcheggio VIP interno, TV coverage completo, Open Bar nella viewing area, Tribuna Riservata<\/p>\n<p><strong>PROGRAMMA DI INTRATTENIMENTO:<\/strong> Paddock Tour, Pit Lane Walk, Service Road Tour, Concorsi a Premi<\/p>\n<p><strong>ESPERIENZA GOURMET:<\/strong> Colazione, Tapas Bar, Pranzo Gourmet, Petit Fours del pomeriggio, Open Bar<\/p>\n<h3>I servizi del MotoGP Premier<\/h3>\n<div class=\" vc_custom_1670603702423\">\n<div id=\"text-block-63a422b23fcbd\" class=\"mk-text-block jupiter-donut- \">\n<p>Il MotoGP Premier mette a disposizione tre tipi principali di pacchetti esperienza: <strong>Trophy, Chicane e Apex<\/strong>.<\/p>\n<p>I pacchetti Trophy e Chicane includono un posto in tribuna per 3 giorni, mentre il pacchetto Apex include un\u2019ospitalit\u00e0 completa VIP Village corredata di altri servizi extra come garage tour, meet and greet e sessioni di Q&amp;A. Tutti i pacchetti <strong>MotoGP\u2122 Premier<\/strong>\u00a0includono una serie di attivit\u00e0 esclusive a bordo pista progettate per avvicinarvi ai piloti e ai team di MotoGP\u2122, Moto2\u2122 e Moto3\u2122.<\/p>\n<\/div>\n<\/div>\n<p><\/p>\n<h3>Come prenotare MotoGP VIP Village e MotoGP Premier<\/h3>\n<p><a href=\"https:\/\/staging.project-progress.net\/projects\/rtrsports-livesite\"><strong>RTR Sports Marketing<\/strong><\/a> \u00e8 agenzia ufficiale per la vendita di pacchetti di ospitalit\u00e0 MotoGP.<\/p>\n<p>Compila il form a destra per prenotare il tuo MotoGP VIP Village Pass o pacchetto MotoGP Premier. Uno dei nostri account ti contatter\u00e0 entro pochi minuti, inviandoti tutte le informazioni necessarie e la modulistica per proseguire nell&#8217;ordine. <strong>Ti ricordiamo che attraverso la compilazione del presente modulo non stai direttamente acquistando alcun pass ma semplicemente richiedendone la prenotazione.<\/strong>JTNDZGl2JTIwY2xhc3MlM0QlMjJfZm9ybV8xOSUyMiUzRSUzQyUyRmRpdiUzRSUzQ3NjcmlwdCUyMHNyYyUzRCUyMmh0dHBzJTNBJTJGJTJGcnRyc3BvcnRzLmFjdGl2ZWhvc3RlZC5jb20lMkZmJTJGZW1iZWQucGhwJTNGaWQlM0QxOSUyMiUyMHR5cGUlM0QlMjJ0ZXh0JTJGamF2YXNjcmlwdCUyMiUyMGNoYXJzZXQlM0QlMjJ1dGYtOCUyMiUzRSUzQyUyRnNjcmlwdCUzRQ== <\/p>\n<h3>Descrizione del Circuito<\/h3>\n<p>Le gare di auto e moto si sono tenute su strade pubbliche chiuse nell&#8217;area intorno alla citt\u00e0 di Chemnitz, in Germania, fin dagli anni Venti e si sono svolte fino al 1990. Tuttavia, \u00e8 stato deciso che il percorso di cinque miglia attraverso un&#8217;area cos\u00ec densamente popolata non era pi\u00f9 adatto e nel 1996 \u00e8 stato costruito un nuovo circuito a cinque miglia a ovest di Chemnitz. Sebbene sia utilizzato principalmente come centro di addestramento per piloti e stazione di sicurezza per il trasporto stradale, il Sachsenring ha ospitato per la prima volta la MotoGP nel 1998 e da allora sono stati apportati molti miglioramenti, tra cui un drastico miglioramento del tracciato nel 2001. Le numerose curve strette lo rendono uno dei circuiti pi\u00f9 lenti del calendario, ma non mancano mai le gare ravvicinate.Hospitality, MotoGP VIP Village e MotoGP Premier al Gran Premio di Germania al Sachsenring<\/p>\n<p>Location e catering di prim\u2019ordine, un servizio eccellente e il meglio dell\u2019hospitality delle due ruote: questo \u00e8 il MotoGP VIP Village. Ovviamente con l\u2019esperienza e la professionalit\u00e0 degli account manager RTR presenti sul posto.<\/p>\n<p>Tutto nel\u00a0VIP Village\u00a0\u00e8 appositamente studiato per farvi vivere un\u2019esperienza straordinaria ad ogni\u00a0Gran Premio. Un programma di intrattenimento esclusivo e menu gourmet di altissimo livello sono solo le basi per un weekend di stile, comodit\u00e0 e divertimento in un ambiente unico. Tutti gli ospiti del\u00a0VIP Village\u00a0hanno a loro disposizione una serie di servizi inclusi nel pacchetto.<\/p>\n<p>Potete inoltre scegliere se godere dell\u2019eccellenza del\u00a0VIP Village\u00a0per la sola\u00a0Domenica\u00a0di gara (pacchetto\u00a0Gold)\u00a0o includere anche le emozioni del\u00a0Sabato\u00a0per un weekend di adrenalina e racing (pacchetto\u00a0Gold+\u00a0Silver).\u00a0Qualunque sia la vostra scelta, tutti i servizi elencati qui di seguito sono a vostra disposizione in entrambe le giornate.<\/p>\n<p>Benvenuti nel magico mondo della MotoGP<strong>World Class Hospitality:<\/strong> MotoGP VIP Village e MotoGP Premier sono programmi ufficialidi Corporate Hospitality del Campionato, capaci di offrire servizi di prim\u2019ordine ad ogni Gran Premio della Stagione. I pacchetti di ospitalit\u00e0, studiati per offrire un\u2019esperienza eccellente, si svolgono in location esclusive e con programmi di intrattenimento unici.<\/p>\n<p><strong>Effective Business Venue:<\/strong> Le aziende e i brand possono utilizzare queste esperienze per migliorare relazioni con i loro clienti e partner. Sia che siate alla ricerca di un grande evento corporate o di un pi\u00f9 esclusivo meeting privato, il MotoGP VIP Village e il MotoGP Premier sono al vostro servizio per raggiungere gli obiettivi commerciali e B2B della vostra attivit\u00e0.<\/p>\n<p><strong>The Place to Be:<\/strong> Non esiste un setting pi\u00f9 entusiasmante, avvincente ed emozionante di una gara del <strong><a href=\"https:\/\/staging.project-progress.net\/projects\/rtrsports-livesite\/cs\/sponzorstvi-motogp\/\">Campionato del Mondo MotoGP<\/a><\/strong>, uno sport capace di generare passione e spettacolo in ogni luogo del mondo. Il MotoGP VIP Village e il MotoGP Premier offrono un programma di intrattenimento esclusivo capace di offrire momenti ed esperienze davvero indimenticabili. Gustate i meravigliosi piatti delle nostre cucine, guardate l&#8217;azione in pista da luoghi privilegiati, sentite l&#8217;emozione del Paddock e le vibrazioni della Pit Lane prima che si accendano i motori.<\/p>\n","protected":false},"excerpt":{"rendered":"<p>Prezzi MotoGP VIP Village Sabato + Domenica: \u20ac 1.678 Domenica: \u20ac 1.440 Prezzi MotoGP Premier Apex Package: \u20ac 2.819 Chicane package: \u20ac 845 Trophy package: \u20ac 404 I servizi del MotoGP VIP Village LOCATION ESCLUSIVE: Eccellente vista sul circuito, Parcheggio VIP interno, TV coverage completo, Open Bar nella viewing area, Tribuna Riservata PROGRAMMA DI INTRATTENIMENTO: [&hellip;]<\/p>\n","protected":false},"author":17,"featured_media":147005,"parent":0,"menu_order":0,"comment_status":"open","ping_status":"closed","template":"page-template\/page-flexible-template.php","meta":{"_acf_changed":false,"footnotes":""},"class_list":["post-153716","page","type-page","status-publish","has-post-thumbnail","hentry"],"acf":[],"yoast_head":"<!-- This site is optimized with the Yoast SEO Premium plugin v26.8 (Yoast SEO v27.3) - https:\/\/yoast.com\/product\/yoast-seo-premium-wordpress\/ -->\n<title>VIP vesni\u010dka a pohostinstv\u00ed MotoGP - Velk\u00e1 cena N\u011bmecka Sachsenring<\/title>\n<meta name=\"description\" content=\"Velk\u00e1 cena N\u011bmecka. VIP vesni\u010dka a pohostinstv\u00ed MotoGP na Sachsenringu. Zarezervujte si VIP vstupenku do vesnice MotoGP je\u0161t\u011b dnes.\" \/>\n<meta name=\"robots\" content=\"index, follow, max-snippet:-1, max-image-preview:large, max-video-preview:-1\" \/>\n<link rel=\"canonical\" href=\"https:\/\/rtrsports.com\/cs\/motogp-hospitality-grand-prix-deutschland\/\" \/>\n<meta property=\"og:locale\" content=\"cs_CZ\" \/>\n<meta property=\"og:type\" content=\"article\" \/>\n<meta property=\"og:title\" content=\"2026 MotoGP VIP Village a MotoGP Hospitality German GP Sachsenring\" \/>\n<meta property=\"og:description\" content=\"Velk\u00e1 cena N\u011bmecka. VIP vesni\u010dka a pohostinstv\u00ed MotoGP na Sachsenringu. Zarezervujte si VIP vstupenku do vesnice MotoGP je\u0161t\u011b dnes.\" \/>\n<meta property=\"og:url\" content=\"https:\/\/rtrsports.com\/cs\/motogp-hospitality-grand-prix-deutschland\/\" \/>\n<meta property=\"og:site_name\" content=\"RTR Sports\" \/>\n<meta property=\"article:publisher\" content=\"https:\/\/www.facebook.com\/RTRSportsMarketing\/\" \/>\n<meta property=\"og:image\" content=\"https:\/\/rtrsports.com\/wp-content\/uploads\/2022\/01\/motogp-vip-village-flags-202210.jpg\" \/>\n\t<meta property=\"og:image:width\" content=\"665\" \/>\n\t<meta property=\"og:image:height\" content=\"833\" \/>\n\t<meta property=\"og:image:type\" content=\"image\/jpeg\" \/>\n<meta name=\"twitter:card\" content=\"summary_large_image\" \/>\n<meta name=\"twitter:site\" content=\"@rtrsports\" \/>\n<meta name=\"twitter:label1\" content=\"Odhadovan\u00e1 doba \u010dten\u00ed\" \/>\n\t<meta name=\"twitter:data1\" content=\"1 minuta\" \/>\n<script type=\"application\/ld+json\" class=\"yoast-schema-graph\">{\"@context\":\"https:\\\/\\\/schema.org\",\"@graph\":[{\"@type\":\"WebPage\",\"@id\":\"https:\\\/\\\/rtrsports.com\\\/cs\\\/motogp-hospitality-grand-prix-deutschland\\\/\",\"url\":\"https:\\\/\\\/rtrsports.com\\\/cs\\\/motogp-hospitality-grand-prix-deutschland\\\/\",\"name\":\"VIP vesni\u010dka a pohostinstv\u00ed MotoGP - Velk\u00e1 cena N\u011bmecka Sachsenring\",\"isPartOf\":{\"@id\":\"https:\\\/\\\/rtrsports.com\\\/cs\\\/#website\"},\"primaryImageOfPage\":{\"@id\":\"https:\\\/\\\/rtrsports.com\\\/cs\\\/motogp-hospitality-grand-prix-deutschland\\\/#primaryimage\"},\"image\":{\"@id\":\"https:\\\/\\\/rtrsports.com\\\/cs\\\/motogp-hospitality-grand-prix-deutschland\\\/#primaryimage\"},\"thumbnailUrl\":\"https:\\\/\\\/rtrsports.com\\\/wp-content\\\/uploads\\\/2022\\\/01\\\/motogp-vip-village-flags-202210.jpg\",\"datePublished\":\"2020-12-30T08:00:00+00:00\",\"dateModified\":\"2025-11-15T12:58:25+00:00\",\"description\":\"Velk\u00e1 cena N\u011bmecka. VIP vesni\u010dka a pohostinstv\u00ed MotoGP na Sachsenringu. Zarezervujte si VIP vstupenku do vesnice MotoGP je\u0161t\u011b dnes.\",\"breadcrumb\":{\"@id\":\"https:\\\/\\\/rtrsports.com\\\/cs\\\/motogp-hospitality-grand-prix-deutschland\\\/#breadcrumb\"},\"inLanguage\":\"cs\",\"potentialAction\":[{\"@type\":\"ReadAction\",\"target\":[\"https:\\\/\\\/rtrsports.com\\\/cs\\\/motogp-hospitality-grand-prix-deutschland\\\/\"]}]},{\"@type\":\"ImageObject\",\"inLanguage\":\"cs\",\"@id\":\"https:\\\/\\\/rtrsports.com\\\/cs\\\/motogp-hospitality-grand-prix-deutschland\\\/#primaryimage\",\"url\":\"https:\\\/\\\/rtrsports.com\\\/wp-content\\\/uploads\\\/2022\\\/01\\\/motogp-vip-village-flags-202210.jpg\",\"contentUrl\":\"https:\\\/\\\/rtrsports.com\\\/wp-content\\\/uploads\\\/2022\\\/01\\\/motogp-vip-village-flags-202210.jpg\",\"width\":665,\"height\":833,\"caption\":\"motogp-vip-village-flags-202210\"},{\"@type\":\"BreadcrumbList\",\"@id\":\"https:\\\/\\\/rtrsports.com\\\/cs\\\/motogp-hospitality-grand-prix-deutschland\\\/#breadcrumb\",\"itemListElement\":[{\"@type\":\"ListItem\",\"position\":1,\"name\":\"Home\",\"item\":\"https:\\\/\\\/rtrsports.com\\\/cs\\\/\"},{\"@type\":\"ListItem\",\"position\":2,\"name\":\"2026 MotoGP VIP Village a MotoGP Hospitality German GP Sachsenring\"}]},{\"@type\":\"WebSite\",\"@id\":\"https:\\\/\\\/rtrsports.com\\\/cs\\\/#website\",\"url\":\"https:\\\/\\\/rtrsports.com\\\/cs\\\/\",\"name\":\"RTR Sports Marketing\",\"description\":\"RTR Sports Marketing is a global motorsport sponsorship agency and consultancy, specialized in Formula 1 and MotoGP, and active across all major international racing series including Formula E, NASCAR, WEC, WRC and Dakar, helping brands build data-driven, high-performance sponsorship programs.\",\"publisher\":{\"@id\":\"https:\\\/\\\/rtrsports.com\\\/cs\\\/#organization\"},\"alternateName\":\"RTR Sports\",\"potentialAction\":[{\"@type\":\"SearchAction\",\"target\":{\"@type\":\"EntryPoint\",\"urlTemplate\":\"https:\\\/\\\/rtrsports.com\\\/cs\\\/?s={search_term_string}\"},\"query-input\":{\"@type\":\"PropertyValueSpecification\",\"valueRequired\":true,\"valueName\":\"search_term_string\"}}],\"inLanguage\":\"cs\"},{\"@type\":\"Organization\",\"@id\":\"https:\\\/\\\/rtrsports.com\\\/cs\\\/#organization\",\"name\":\"RTR Sports Marketing\",\"alternateName\":\"RTR sports\",\"url\":\"https:\\\/\\\/rtrsports.com\\\/cs\\\/\",\"logo\":{\"@type\":\"ImageObject\",\"inLanguage\":\"cs\",\"@id\":\"https:\\\/\\\/rtrsports.com\\\/cs\\\/#\\\/schema\\\/logo\\\/image\\\/\",\"url\":\"https:\\\/\\\/rtrsports.com\\\/wp-content\\\/uploads\\\/2024\\\/01\\\/rtrsports-anniversary-1.jpg\",\"contentUrl\":\"https:\\\/\\\/rtrsports.com\\\/wp-content\\\/uploads\\\/2024\\\/01\\\/rtrsports-anniversary-1.jpg\",\"width\":946,\"height\":260,\"caption\":\"RTR Sports Marketing\"},\"image\":{\"@id\":\"https:\\\/\\\/rtrsports.com\\\/cs\\\/#\\\/schema\\\/logo\\\/image\\\/\"},\"sameAs\":[\"https:\\\/\\\/www.facebook.com\\\/RTRSportsMarketing\\\/\",\"https:\\\/\\\/x.com\\\/rtrsports\",\"https:\\\/\\\/www.linkedin.com\\\/company\\\/rtr-sports-marketing\\\/\"],\"description\":\"RTR Sports Marketing is a global motorsport sponsorship agency and consultancy, specialized in Formula 1 and MotoGP, and active across all major international racing series including Formula E, NASCAR, WEC, WRC and Dakar, helping brands build data-driven, high-performance sponsorship programs.\",\"email\":\"info@rtrsports.com\",\"legalName\":\"RTR Sports Marketing LTD\",\"numberOfEmployees\":{\"@type\":\"QuantitativeValue\",\"minValue\":\"1\",\"maxValue\":\"10\"}}]}<\/script>\n<!-- \/ Yoast SEO Premium plugin. -->","yoast_head_json":{"title":"VIP vesni\u010dka a pohostinstv\u00ed MotoGP - Velk\u00e1 cena N\u011bmecka Sachsenring","description":"Velk\u00e1 cena N\u011bmecka. VIP vesni\u010dka a pohostinstv\u00ed MotoGP na Sachsenringu. Zarezervujte si VIP vstupenku do vesnice MotoGP je\u0161t\u011b dnes.","robots":{"index":"index","follow":"follow","max-snippet":"max-snippet:-1","max-image-preview":"max-image-preview:large","max-video-preview":"max-video-preview:-1"},"canonical":"https:\/\/rtrsports.com\/cs\/motogp-hospitality-grand-prix-deutschland\/","og_locale":"cs_CZ","og_type":"article","og_title":"2026 MotoGP VIP Village a MotoGP Hospitality German GP Sachsenring","og_description":"Velk\u00e1 cena N\u011bmecka. VIP vesni\u010dka a pohostinstv\u00ed MotoGP na Sachsenringu. Zarezervujte si VIP vstupenku do vesnice MotoGP je\u0161t\u011b dnes.","og_url":"https:\/\/rtrsports.com\/cs\/motogp-hospitality-grand-prix-deutschland\/","og_site_name":"RTR Sports","article_publisher":"https:\/\/www.facebook.com\/RTRSportsMarketing\/","og_image":[{"width":665,"height":833,"url":"https:\/\/rtrsports.com\/wp-content\/uploads\/2022\/01\/motogp-vip-village-flags-202210.jpg","type":"image\/jpeg"}],"twitter_card":"summary_large_image","twitter_site":"@rtrsports","twitter_misc":{"Odhadovan\u00e1 doba \u010dten\u00ed":"1 minuta"},"schema":{"@context":"https:\/\/schema.org","@graph":[{"@type":"WebPage","@id":"https:\/\/rtrsports.com\/cs\/motogp-hospitality-grand-prix-deutschland\/","url":"https:\/\/rtrsports.com\/cs\/motogp-hospitality-grand-prix-deutschland\/","name":"VIP vesni\u010dka a pohostinstv\u00ed MotoGP - Velk\u00e1 cena N\u011bmecka Sachsenring","isPartOf":{"@id":"https:\/\/rtrsports.com\/cs\/#website"},"primaryImageOfPage":{"@id":"https:\/\/rtrsports.com\/cs\/motogp-hospitality-grand-prix-deutschland\/#primaryimage"},"image":{"@id":"https:\/\/rtrsports.com\/cs\/motogp-hospitality-grand-prix-deutschland\/#primaryimage"},"thumbnailUrl":"https:\/\/rtrsports.com\/wp-content\/uploads\/2022\/01\/motogp-vip-village-flags-202210.jpg","datePublished":"2020-12-30T08:00:00+00:00","dateModified":"2025-11-15T12:58:25+00:00","description":"Velk\u00e1 cena N\u011bmecka. VIP vesni\u010dka a pohostinstv\u00ed MotoGP na Sachsenringu. Zarezervujte si VIP vstupenku do vesnice MotoGP je\u0161t\u011b dnes.","breadcrumb":{"@id":"https:\/\/rtrsports.com\/cs\/motogp-hospitality-grand-prix-deutschland\/#breadcrumb"},"inLanguage":"cs","potentialAction":[{"@type":"ReadAction","target":["https:\/\/rtrsports.com\/cs\/motogp-hospitality-grand-prix-deutschland\/"]}]},{"@type":"ImageObject","inLanguage":"cs","@id":"https:\/\/rtrsports.com\/cs\/motogp-hospitality-grand-prix-deutschland\/#primaryimage","url":"https:\/\/rtrsports.com\/wp-content\/uploads\/2022\/01\/motogp-vip-village-flags-202210.jpg","contentUrl":"https:\/\/rtrsports.com\/wp-content\/uploads\/2022\/01\/motogp-vip-village-flags-202210.jpg","width":665,"height":833,"caption":"motogp-vip-village-flags-202210"},{"@type":"BreadcrumbList","@id":"https:\/\/rtrsports.com\/cs\/motogp-hospitality-grand-prix-deutschland\/#breadcrumb","itemListElement":[{"@type":"ListItem","position":1,"name":"Home","item":"https:\/\/rtrsports.com\/cs\/"},{"@type":"ListItem","position":2,"name":"2026 MotoGP VIP Village a MotoGP Hospitality German GP Sachsenring"}]},{"@type":"WebSite","@id":"https:\/\/rtrsports.com\/cs\/#website","url":"https:\/\/rtrsports.com\/cs\/","name":"RTR Sports Marketing","description":"RTR Sports Marketing is a global motorsport sponsorship agency and consultancy, specialized in Formula 1 and MotoGP, and active across all major international racing series including Formula E, NASCAR, WEC, WRC and Dakar, helping brands build data-driven, high-performance sponsorship programs.","publisher":{"@id":"https:\/\/rtrsports.com\/cs\/#organization"},"alternateName":"RTR Sports","potentialAction":[{"@type":"SearchAction","target":{"@type":"EntryPoint","urlTemplate":"https:\/\/rtrsports.com\/cs\/?s={search_term_string}"},"query-input":{"@type":"PropertyValueSpecification","valueRequired":true,"valueName":"search_term_string"}}],"inLanguage":"cs"},{"@type":"Organization","@id":"https:\/\/rtrsports.com\/cs\/#organization","name":"RTR Sports Marketing","alternateName":"RTR sports","url":"https:\/\/rtrsports.com\/cs\/","logo":{"@type":"ImageObject","inLanguage":"cs","@id":"https:\/\/rtrsports.com\/cs\/#\/schema\/logo\/image\/","url":"https:\/\/rtrsports.com\/wp-content\/uploads\/2024\/01\/rtrsports-anniversary-1.jpg","contentUrl":"https:\/\/rtrsports.com\/wp-content\/uploads\/2024\/01\/rtrsports-anniversary-1.jpg","width":946,"height":260,"caption":"RTR Sports Marketing"},"image":{"@id":"https:\/\/rtrsports.com\/cs\/#\/schema\/logo\/image\/"},"sameAs":["https:\/\/www.facebook.com\/RTRSportsMarketing\/","https:\/\/x.com\/rtrsports","https:\/\/www.linkedin.com\/company\/rtr-sports-marketing\/"],"description":"RTR Sports Marketing is a global motorsport sponsorship agency and consultancy, specialized in Formula 1 and MotoGP, and active across all major international racing series including Formula E, NASCAR, WEC, WRC and Dakar, helping brands build data-driven, high-performance sponsorship programs.","email":"info@rtrsports.com","legalName":"RTR Sports Marketing LTD","numberOfEmployees":{"@type":"QuantitativeValue","minValue":"1","maxValue":"10"}}]}},"_links":{"self":[{"href":"https:\/\/rtrsports.com\/cs\/wp-json\/wp\/v2\/pages\/153716","targetHints":{"allow":["GET"]}}],"collection":[{"href":"https:\/\/rtrsports.com\/cs\/wp-json\/wp\/v2\/pages"}],"about":[{"href":"https:\/\/rtrsports.com\/cs\/wp-json\/wp\/v2\/types\/page"}],"author":[{"embeddable":true,"href":"https:\/\/rtrsports.com\/cs\/wp-json\/wp\/v2\/users\/17"}],"replies":[{"embeddable":true,"href":"https:\/\/rtrsports.com\/cs\/wp-json\/wp\/v2\/comments?post=153716"}],"version-history":[{"count":8,"href":"https:\/\/rtrsports.com\/cs\/wp-json\/wp\/v2\/pages\/153716\/revisions"}],"predecessor-version":[{"id":340757,"href":"https:\/\/rtrsports.com\/cs\/wp-json\/wp\/v2\/pages\/153716\/revisions\/340757"}],"wp:featuredmedia":[{"embeddable":true,"href":"https:\/\/rtrsports.com\/cs\/wp-json\/wp\/v2\/media\/147005"}],"wp:attachment":[{"href":"https:\/\/rtrsports.com\/cs\/wp-json\/wp\/v2\/media?parent=153716"}],"curies":[{"name":"wp","href":"https:\/\/api.w.org\/{rel}","templated":true}]}}