{"id":251518,"date":"2024-07-11T10:07:39","date_gmt":"2024-07-11T08:07:39","guid":{"rendered":"https:\/\/rtrsports.com\/formula-1-sponsorizzazione\/"},"modified":"2026-02-17T20:46:12","modified_gmt":"2026-02-17T19:46:12","slug":"vzorec-1-sponzorstvi","status":"publish","type":"page","link":"https:\/\/rtrsports.com\/cs\/vzorec-1-sponzorstvi\/","title":{"rendered":"Sponzorsk\u00e1 agentura Formule 1"},"content":{"rendered":"","protected":false},"excerpt":{"rendered":"","protected":false},"author":14,"featured_media":254532,"parent":0,"menu_order":0,"comment_status":"closed","ping_status":"closed","template":"page-template\/page-flexible-template.php","meta":{"_acf_changed":false,"footnotes":""},"class_list":["post-251518","page","type-page","status-publish","has-post-thumbnail","hentry"],"acf":[],"yoast_head":"<!-- This site is optimized with the Yoast SEO Premium plugin v26.8 (Yoast SEO v27.3) - https:\/\/yoast.com\/product\/yoast-seo-premium-wordpress\/ -->\n<title>Sponzorsk\u00e1 agentura Formule 1<\/title>\n<meta name=\"description\" content=\"Spole\u010dnost RTR Sports m\u00e1 v\u00edce ne\u017e 25 let zku\u0161enost\u00ed a je va\u0161\u00ed sponzorskou agenturou ve vzru\u0161uj\u00edc\u00edm sv\u011bt\u011b F1.\" \/>\n<meta name=\"robots\" content=\"index, follow, max-snippet:-1, max-image-preview:large, max-video-preview:-1\" \/>\n<link rel=\"canonical\" href=\"https:\/\/rtrsports.com\/cs\/vzorec-1-sponzorstvi\/\" \/>\n<meta property=\"og:locale\" content=\"cs_CZ\" \/>\n<meta property=\"og:type\" content=\"article\" \/>\n<meta property=\"og:title\" content=\"Sponzorsk\u00e1 agentura Formule 1\" \/>\n<meta property=\"og:description\" content=\"Spole\u010dnost RTR Sports m\u00e1 v\u00edce ne\u017e 25 let zku\u0161enost\u00ed a je va\u0161\u00ed sponzorskou agenturou ve vzru\u0161uj\u00edc\u00edm sv\u011bt\u011b F1.\" \/>\n<meta property=\"og:url\" content=\"https:\/\/rtrsports.com\/cs\/vzorec-1-sponzorstvi\/\" \/>\n<meta property=\"og:site_name\" content=\"RTR Sports\" \/>\n<meta property=\"article:publisher\" content=\"https:\/\/www.facebook.com\/RTRSportsMarketing\/\" \/>\n<meta property=\"og:image\" content=\"https:\/\/rtrsports.com\/wp-content\/uploads\/2024\/09\/Formula-1-sponsorship-2.jpg\" \/>\n\t<meta property=\"og:image:width\" content=\"1600\" \/>\n\t<meta property=\"og:image:height\" content=\"1067\" \/>\n\t<meta property=\"og:image:type\" content=\"image\/jpeg\" \/>\n<meta name=\"twitter:card\" content=\"summary_large_image\" \/>\n<meta name=\"twitter:site\" content=\"@rtrsports\" \/>\n<meta name=\"twitter:label1\" content=\"Odhadovan\u00e1 doba \u010dten\u00ed\" \/>\n\t<meta name=\"twitter:data1\" content=\"1 minuta\" \/>\n<script type=\"application\/ld+json\" class=\"yoast-schema-graph\">{\"@context\":\"https:\\\/\\\/schema.org\",\"@graph\":[{\"@type\":\"WebPage\",\"@id\":\"https:\\\/\\\/rtrsports.com\\\/cs\\\/vzorec-1-sponzorstvi\\\/\",\"url\":\"https:\\\/\\\/rtrsports.com\\\/cs\\\/vzorec-1-sponzorstvi\\\/\",\"name\":\"Sponzorsk\u00e1 agentura Formule 1\",\"isPartOf\":{\"@id\":\"https:\\\/\\\/rtrsports.com\\\/cs\\\/#website\"},\"primaryImageOfPage\":{\"@id\":\"https:\\\/\\\/rtrsports.com\\\/cs\\\/vzorec-1-sponzorstvi\\\/#primaryimage\"},\"image\":{\"@id\":\"https:\\\/\\\/rtrsports.com\\\/cs\\\/vzorec-1-sponzorstvi\\\/#primaryimage\"},\"thumbnailUrl\":\"https:\\\/\\\/rtrsports.com\\\/wp-content\\\/uploads\\\/2024\\\/09\\\/Formula-1-sponsorship-2.jpg\",\"datePublished\":\"2024-07-11T08:07:39+00:00\",\"dateModified\":\"2026-02-17T19:46:12+00:00\",\"description\":\"Spole\u010dnost RTR Sports m\u00e1 v\u00edce ne\u017e 25 let zku\u0161enost\u00ed a je va\u0161\u00ed sponzorskou agenturou ve vzru\u0161uj\u00edc\u00edm sv\u011bt\u011b F1.\",\"breadcrumb\":{\"@id\":\"https:\\\/\\\/rtrsports.com\\\/cs\\\/vzorec-1-sponzorstvi\\\/#breadcrumb\"},\"inLanguage\":\"cs\",\"potentialAction\":[{\"@type\":\"ReadAction\",\"target\":[\"https:\\\/\\\/rtrsports.com\\\/cs\\\/vzorec-1-sponzorstvi\\\/\"]}]},{\"@type\":\"ImageObject\",\"inLanguage\":\"cs\",\"@id\":\"https:\\\/\\\/rtrsports.com\\\/cs\\\/vzorec-1-sponzorstvi\\\/#primaryimage\",\"url\":\"https:\\\/\\\/rtrsports.com\\\/wp-content\\\/uploads\\\/2024\\\/09\\\/Formula-1-sponsorship-2.jpg\",\"contentUrl\":\"https:\\\/\\\/rtrsports.com\\\/wp-content\\\/uploads\\\/2024\\\/09\\\/Formula-1-sponsorship-2.jpg\",\"width\":1600,\"height\":1067,\"caption\":\"sponzorstv\u00ed formule 1\"},{\"@type\":\"BreadcrumbList\",\"@id\":\"https:\\\/\\\/rtrsports.com\\\/cs\\\/vzorec-1-sponzorstvi\\\/#breadcrumb\",\"itemListElement\":[{\"@type\":\"ListItem\",\"position\":1,\"name\":\"Home\",\"item\":\"https:\\\/\\\/rtrsports.com\\\/cs\\\/\"},{\"@type\":\"ListItem\",\"position\":2,\"name\":\"Sponzorsk\u00e1 agentura Formule 1\"}]},{\"@type\":\"WebSite\",\"@id\":\"https:\\\/\\\/rtrsports.com\\\/cs\\\/#website\",\"url\":\"https:\\\/\\\/rtrsports.com\\\/cs\\\/\",\"name\":\"RTR Sports Marketing\",\"description\":\"RTR Sports Marketing is a global motorsport sponsorship agency and consultancy, specialized in Formula 1 and MotoGP, and active across all major international racing series including Formula E, NASCAR, WEC, WRC and Dakar, helping brands build data-driven, high-performance sponsorship programs.\",\"publisher\":{\"@id\":\"https:\\\/\\\/rtrsports.com\\\/cs\\\/#organization\"},\"alternateName\":\"RTR Sports\",\"potentialAction\":[{\"@type\":\"SearchAction\",\"target\":{\"@type\":\"EntryPoint\",\"urlTemplate\":\"https:\\\/\\\/rtrsports.com\\\/cs\\\/?s={search_term_string}\"},\"query-input\":{\"@type\":\"PropertyValueSpecification\",\"valueRequired\":true,\"valueName\":\"search_term_string\"}}],\"inLanguage\":\"cs\"},{\"@type\":\"Organization\",\"@id\":\"https:\\\/\\\/rtrsports.com\\\/cs\\\/#organization\",\"name\":\"RTR Sports Marketing\",\"alternateName\":\"RTR sports\",\"url\":\"https:\\\/\\\/rtrsports.com\\\/cs\\\/\",\"logo\":{\"@type\":\"ImageObject\",\"inLanguage\":\"cs\",\"@id\":\"https:\\\/\\\/rtrsports.com\\\/cs\\\/#\\\/schema\\\/logo\\\/image\\\/\",\"url\":\"https:\\\/\\\/rtrsports.com\\\/wp-content\\\/uploads\\\/2024\\\/01\\\/rtrsports-anniversary-1.jpg\",\"contentUrl\":\"https:\\\/\\\/rtrsports.com\\\/wp-content\\\/uploads\\\/2024\\\/01\\\/rtrsports-anniversary-1.jpg\",\"width\":946,\"height\":260,\"caption\":\"RTR Sports Marketing\"},\"image\":{\"@id\":\"https:\\\/\\\/rtrsports.com\\\/cs\\\/#\\\/schema\\\/logo\\\/image\\\/\"},\"sameAs\":[\"https:\\\/\\\/www.facebook.com\\\/RTRSportsMarketing\\\/\",\"https:\\\/\\\/x.com\\\/rtrsports\",\"https:\\\/\\\/www.linkedin.com\\\/company\\\/rtr-sports-marketing\\\/\"],\"description\":\"RTR Sports Marketing is a global motorsport sponsorship agency and consultancy, specialized in Formula 1 and MotoGP, and active across all major international racing series including Formula E, NASCAR, WEC, WRC and Dakar, helping brands build data-driven, high-performance sponsorship programs.\",\"email\":\"info@rtrsports.com\",\"legalName\":\"RTR Sports Marketing LTD\",\"numberOfEmployees\":{\"@type\":\"QuantitativeValue\",\"minValue\":\"1\",\"maxValue\":\"10\"}}]}<\/script>\n<!-- \/ Yoast SEO Premium plugin. -->","yoast_head_json":{"title":"Sponzorsk\u00e1 agentura Formule 1","description":"Spole\u010dnost RTR Sports m\u00e1 v\u00edce ne\u017e 25 let zku\u0161enost\u00ed a je va\u0161\u00ed sponzorskou agenturou ve vzru\u0161uj\u00edc\u00edm sv\u011bt\u011b F1.","robots":{"index":"index","follow":"follow","max-snippet":"max-snippet:-1","max-image-preview":"max-image-preview:large","max-video-preview":"max-video-preview:-1"},"canonical":"https:\/\/rtrsports.com\/cs\/vzorec-1-sponzorstvi\/","og_locale":"cs_CZ","og_type":"article","og_title":"Sponzorsk\u00e1 agentura Formule 1","og_description":"Spole\u010dnost RTR Sports m\u00e1 v\u00edce ne\u017e 25 let zku\u0161enost\u00ed a je va\u0161\u00ed sponzorskou agenturou ve vzru\u0161uj\u00edc\u00edm sv\u011bt\u011b F1.","og_url":"https:\/\/rtrsports.com\/cs\/vzorec-1-sponzorstvi\/","og_site_name":"RTR Sports","article_publisher":"https:\/\/www.facebook.com\/RTRSportsMarketing\/","og_image":[{"width":1600,"height":1067,"url":"https:\/\/rtrsports.com\/wp-content\/uploads\/2024\/09\/Formula-1-sponsorship-2.jpg","type":"image\/jpeg"}],"twitter_card":"summary_large_image","twitter_site":"@rtrsports","twitter_misc":{"Odhadovan\u00e1 doba \u010dten\u00ed":"1 minuta"},"schema":{"@context":"https:\/\/schema.org","@graph":[{"@type":"WebPage","@id":"https:\/\/rtrsports.com\/cs\/vzorec-1-sponzorstvi\/","url":"https:\/\/rtrsports.com\/cs\/vzorec-1-sponzorstvi\/","name":"Sponzorsk\u00e1 agentura Formule 1","isPartOf":{"@id":"https:\/\/rtrsports.com\/cs\/#website"},"primaryImageOfPage":{"@id":"https:\/\/rtrsports.com\/cs\/vzorec-1-sponzorstvi\/#primaryimage"},"image":{"@id":"https:\/\/rtrsports.com\/cs\/vzorec-1-sponzorstvi\/#primaryimage"},"thumbnailUrl":"https:\/\/rtrsports.com\/wp-content\/uploads\/2024\/09\/Formula-1-sponsorship-2.jpg","datePublished":"2024-07-11T08:07:39+00:00","dateModified":"2026-02-17T19:46:12+00:00","description":"Spole\u010dnost RTR Sports m\u00e1 v\u00edce ne\u017e 25 let zku\u0161enost\u00ed a je va\u0161\u00ed sponzorskou agenturou ve vzru\u0161uj\u00edc\u00edm sv\u011bt\u011b F1.","breadcrumb":{"@id":"https:\/\/rtrsports.com\/cs\/vzorec-1-sponzorstvi\/#breadcrumb"},"inLanguage":"cs","potentialAction":[{"@type":"ReadAction","target":["https:\/\/rtrsports.com\/cs\/vzorec-1-sponzorstvi\/"]}]},{"@type":"ImageObject","inLanguage":"cs","@id":"https:\/\/rtrsports.com\/cs\/vzorec-1-sponzorstvi\/#primaryimage","url":"https:\/\/rtrsports.com\/wp-content\/uploads\/2024\/09\/Formula-1-sponsorship-2.jpg","contentUrl":"https:\/\/rtrsports.com\/wp-content\/uploads\/2024\/09\/Formula-1-sponsorship-2.jpg","width":1600,"height":1067,"caption":"sponzorstv\u00ed formule 1"},{"@type":"BreadcrumbList","@id":"https:\/\/rtrsports.com\/cs\/vzorec-1-sponzorstvi\/#breadcrumb","itemListElement":[{"@type":"ListItem","position":1,"name":"Home","item":"https:\/\/rtrsports.com\/cs\/"},{"@type":"ListItem","position":2,"name":"Sponzorsk\u00e1 agentura Formule 1"}]},{"@type":"WebSite","@id":"https:\/\/rtrsports.com\/cs\/#website","url":"https:\/\/rtrsports.com\/cs\/","name":"RTR Sports Marketing","description":"RTR Sports Marketing is a global motorsport sponsorship agency and consultancy, specialized in Formula 1 and MotoGP, and active across all major international racing series including Formula E, NASCAR, WEC, WRC and Dakar, helping brands build data-driven, high-performance sponsorship programs.","publisher":{"@id":"https:\/\/rtrsports.com\/cs\/#organization"},"alternateName":"RTR Sports","potentialAction":[{"@type":"SearchAction","target":{"@type":"EntryPoint","urlTemplate":"https:\/\/rtrsports.com\/cs\/?s={search_term_string}"},"query-input":{"@type":"PropertyValueSpecification","valueRequired":true,"valueName":"search_term_string"}}],"inLanguage":"cs"},{"@type":"Organization","@id":"https:\/\/rtrsports.com\/cs\/#organization","name":"RTR Sports Marketing","alternateName":"RTR sports","url":"https:\/\/rtrsports.com\/cs\/","logo":{"@type":"ImageObject","inLanguage":"cs","@id":"https:\/\/rtrsports.com\/cs\/#\/schema\/logo\/image\/","url":"https:\/\/rtrsports.com\/wp-content\/uploads\/2024\/01\/rtrsports-anniversary-1.jpg","contentUrl":"https:\/\/rtrsports.com\/wp-content\/uploads\/2024\/01\/rtrsports-anniversary-1.jpg","width":946,"height":260,"caption":"RTR Sports Marketing"},"image":{"@id":"https:\/\/rtrsports.com\/cs\/#\/schema\/logo\/image\/"},"sameAs":["https:\/\/www.facebook.com\/RTRSportsMarketing\/","https:\/\/x.com\/rtrsports","https:\/\/www.linkedin.com\/company\/rtr-sports-marketing\/"],"description":"RTR Sports Marketing is a global motorsport sponsorship agency and consultancy, specialized in Formula 1 and MotoGP, and active across all major international racing series including Formula E, NASCAR, WEC, WRC and Dakar, helping brands build data-driven, high-performance sponsorship programs.","email":"info@rtrsports.com","legalName":"RTR Sports Marketing LTD","numberOfEmployees":{"@type":"QuantitativeValue","minValue":"1","maxValue":"10"}}]}},"_links":{"self":[{"href":"https:\/\/rtrsports.com\/cs\/wp-json\/wp\/v2\/pages\/251518","targetHints":{"allow":["GET"]}}],"collection":[{"href":"https:\/\/rtrsports.com\/cs\/wp-json\/wp\/v2\/pages"}],"about":[{"href":"https:\/\/rtrsports.com\/cs\/wp-json\/wp\/v2\/types\/page"}],"author":[{"embeddable":true,"href":"https:\/\/rtrsports.com\/cs\/wp-json\/wp\/v2\/users\/14"}],"replies":[{"embeddable":true,"href":"https:\/\/rtrsports.com\/cs\/wp-json\/wp\/v2\/comments?post=251518"}],"version-history":[{"count":16,"href":"https:\/\/rtrsports.com\/cs\/wp-json\/wp\/v2\/pages\/251518\/revisions"}],"predecessor-version":[{"id":342200,"href":"https:\/\/rtrsports.com\/cs\/wp-json\/wp\/v2\/pages\/251518\/revisions\/342200"}],"wp:featuredmedia":[{"embeddable":true,"href":"https:\/\/rtrsports.com\/cs\/wp-json\/wp\/v2\/media\/254532"}],"wp:attachment":[{"href":"https:\/\/rtrsports.com\/cs\/wp-json\/wp\/v2\/media?parent=251518"}],"curies":[{"name":"wp","href":"https:\/\/api.w.org\/{rel}","templated":true}]}}