{"id":53788,"date":"2020-09-08T12:24:07","date_gmt":"2020-09-08T10:24:07","guid":{"rendered":"http:\/\/new.stg-rtrsportscom-rtrstaging.kinsta.cloud\/agentur-sportsponsoring\/"},"modified":"2024-10-05T10:20:33","modified_gmt":"2024-10-05T08:20:33","slug":"agenturpatenschaften","status":"publish","type":"page","link":"https:\/\/rtrsports.com\/de\/agenturpatenschaften\/","title":{"rendered":"Agentur f\u00fcr Sportsponsoring"},"content":{"rendered":"","protected":false},"excerpt":{"rendered":"","protected":false},"author":2,"featured_media":254496,"parent":0,"menu_order":0,"comment_status":"closed","ping_status":"closed","template":"page-template\/page-flexible-template.php","meta":{"_acf_changed":false,"footnotes":""},"class_list":["post-53788","page","type-page","status-publish","has-post-thumbnail","hentry"],"acf":[],"yoast_head":"<!-- This site is optimized with the Yoast SEO Premium plugin v26.8 (Yoast SEO v27.5) - https:\/\/yoast.com\/product\/yoast-seo-premium-wordpress\/ -->\n<title>RTR Sportmarketing | Sportsponsoring Agentur<\/title>\n<meta name=\"description\" content=\"RTR Sports Marketing ist eine Agentur f\u00fcr Sportsponsoring und Sportmarketing: Wir bieten Sportsponsoring f\u00fcr Marken, die Sport nutzen, um den Markt zu erreichen. Erfahren Sie mehr!\" \/>\n<meta name=\"robots\" content=\"index, follow, max-snippet:-1, max-image-preview:large, max-video-preview:-1\" \/>\n<link rel=\"canonical\" href=\"https:\/\/rtrsports.com\/de\/agenturpatenschaften\/\" \/>\n<meta property=\"og:locale\" content=\"de_DE\" \/>\n<meta property=\"og:type\" content=\"article\" \/>\n<meta property=\"og:title\" content=\"Agentur f\u00fcr Sportsponsoring\" \/>\n<meta property=\"og:description\" content=\"RTR Sports Marketing ist eine Agentur f\u00fcr Sportsponsoring und Sportmarketing: Wir bieten Sportsponsoring f\u00fcr Marken, die Sport nutzen, um den Markt zu erreichen. Erfahren Sie mehr!\" \/>\n<meta property=\"og:url\" content=\"https:\/\/rtrsports.com\/de\/agenturpatenschaften\/\" \/>\n<meta property=\"og:site_name\" content=\"RTR Sports\" \/>\n<meta property=\"article:publisher\" content=\"https:\/\/www.facebook.com\/RTRSportsMarketing\/\" \/>\n<meta property=\"og:image\" content=\"https:\/\/rtrsports.com\/wp-content\/uploads\/2024\/09\/Formula-1-sponsorship-scaled.jpg\" \/>\n\t<meta property=\"og:image:width\" content=\"2560\" \/>\n\t<meta property=\"og:image:height\" content=\"1280\" \/>\n\t<meta property=\"og:image:type\" content=\"image\/jpeg\" \/>\n<meta name=\"twitter:card\" content=\"summary_large_image\" \/>\n<meta name=\"twitter:site\" content=\"@rtrsports\" \/>\n<meta name=\"twitter:label1\" content=\"Est. reading time\" \/>\n\t<meta name=\"twitter:data1\" content=\"1 minute\" \/>\n<script type=\"application\/ld+json\" class=\"yoast-schema-graph\">{\"@context\":\"https:\\\/\\\/schema.org\",\"@graph\":[{\"@type\":\"WebPage\",\"@id\":\"https:\\\/\\\/rtrsports.com\\\/de\\\/agenturpatenschaften\\\/\",\"url\":\"https:\\\/\\\/rtrsports.com\\\/de\\\/agenturpatenschaften\\\/\",\"name\":\"RTR Sportmarketing | Sportsponsoring Agentur\",\"isPartOf\":{\"@id\":\"https:\\\/\\\/rtrsports.com\\\/de\\\/#website\"},\"primaryImageOfPage\":{\"@id\":\"https:\\\/\\\/rtrsports.com\\\/de\\\/agenturpatenschaften\\\/#primaryimage\"},\"image\":{\"@id\":\"https:\\\/\\\/rtrsports.com\\\/de\\\/agenturpatenschaften\\\/#primaryimage\"},\"thumbnailUrl\":\"https:\\\/\\\/rtrsports.com\\\/wp-content\\\/uploads\\\/2024\\\/09\\\/Formula-1-sponsorship-scaled.jpg\",\"datePublished\":\"2020-09-08T10:24:07+00:00\",\"dateModified\":\"2024-10-05T08:20:33+00:00\",\"description\":\"RTR Sports Marketing ist eine Agentur f\u00fcr Sportsponsoring und Sportmarketing: Wir bieten Sportsponsoring f\u00fcr Marken, die Sport nutzen, um den Markt zu erreichen. Erfahren Sie mehr!\",\"breadcrumb\":{\"@id\":\"https:\\\/\\\/rtrsports.com\\\/de\\\/agenturpatenschaften\\\/#breadcrumb\"},\"inLanguage\":\"de\",\"potentialAction\":[{\"@type\":\"ReadAction\",\"target\":[\"https:\\\/\\\/rtrsports.com\\\/de\\\/agenturpatenschaften\\\/\"]}]},{\"@type\":\"ImageObject\",\"inLanguage\":\"de\",\"@id\":\"https:\\\/\\\/rtrsports.com\\\/de\\\/agenturpatenschaften\\\/#primaryimage\",\"url\":\"https:\\\/\\\/rtrsports.com\\\/wp-content\\\/uploads\\\/2024\\\/09\\\/Formula-1-sponsorship-scaled.jpg\",\"contentUrl\":\"https:\\\/\\\/rtrsports.com\\\/wp-content\\\/uploads\\\/2024\\\/09\\\/Formula-1-sponsorship-scaled.jpg\",\"width\":2560,\"height\":1280,\"caption\":\"Sponsor ferrari Formel 1\"},{\"@type\":\"BreadcrumbList\",\"@id\":\"https:\\\/\\\/rtrsports.com\\\/de\\\/agenturpatenschaften\\\/#breadcrumb\",\"itemListElement\":[{\"@type\":\"ListItem\",\"position\":1,\"name\":\"Home\",\"item\":\"https:\\\/\\\/rtrsports.com\\\/de\\\/\"},{\"@type\":\"ListItem\",\"position\":2,\"name\":\"Agentur f\u00fcr Sportsponsoring\"}]},{\"@type\":\"WebSite\",\"@id\":\"https:\\\/\\\/rtrsports.com\\\/de\\\/#website\",\"url\":\"https:\\\/\\\/rtrsports.com\\\/de\\\/\",\"name\":\"RTR Sports Marketing\",\"description\":\"RTR Sports Marketing is a global motorsport sponsorship agency and consultancy, specialized in Formula 1 and MotoGP, and active across all major international racing series including Formula E, NASCAR, WEC, WRC and Dakar, helping brands build data-driven, high-performance sponsorship programs.\",\"publisher\":{\"@id\":\"https:\\\/\\\/rtrsports.com\\\/de\\\/#organization\"},\"alternateName\":\"RTR Sports\",\"potentialAction\":[{\"@type\":\"SearchAction\",\"target\":{\"@type\":\"EntryPoint\",\"urlTemplate\":\"https:\\\/\\\/rtrsports.com\\\/de\\\/?s={search_term_string}\"},\"query-input\":{\"@type\":\"PropertyValueSpecification\",\"valueRequired\":true,\"valueName\":\"search_term_string\"}}],\"inLanguage\":\"de\"},{\"@type\":\"Organization\",\"@id\":\"https:\\\/\\\/rtrsports.com\\\/de\\\/#organization\",\"name\":\"RTR Sports Marketing\",\"alternateName\":\"RTR sports\",\"url\":\"https:\\\/\\\/rtrsports.com\\\/de\\\/\",\"logo\":{\"@type\":\"ImageObject\",\"inLanguage\":\"de\",\"@id\":\"https:\\\/\\\/rtrsports.com\\\/de\\\/#\\\/schema\\\/logo\\\/image\\\/\",\"url\":\"https:\\\/\\\/rtrsports.com\\\/wp-content\\\/uploads\\\/2024\\\/01\\\/rtrsports-anniversary-1.jpg\",\"contentUrl\":\"https:\\\/\\\/rtrsports.com\\\/wp-content\\\/uploads\\\/2024\\\/01\\\/rtrsports-anniversary-1.jpg\",\"width\":946,\"height\":260,\"caption\":\"RTR Sports Marketing\"},\"image\":{\"@id\":\"https:\\\/\\\/rtrsports.com\\\/de\\\/#\\\/schema\\\/logo\\\/image\\\/\"},\"sameAs\":[\"https:\\\/\\\/www.facebook.com\\\/RTRSportsMarketing\\\/\",\"https:\\\/\\\/x.com\\\/rtrsports\",\"https:\\\/\\\/www.linkedin.com\\\/company\\\/rtr-sports-marketing\\\/\"],\"description\":\"RTR Sports Marketing is a global motorsport sponsorship agency and consultancy, specialized in Formula 1 and MotoGP, and active across all major international racing series including Formula E, NASCAR, WEC, WRC and Dakar, helping brands build data-driven, high-performance sponsorship programs.\",\"email\":\"info@rtrsports.com\",\"legalName\":\"RTR Sports Marketing LTD\",\"numberOfEmployees\":{\"@type\":\"QuantitativeValue\",\"minValue\":\"1\",\"maxValue\":\"10\"}}]}<\/script>\n<!-- \/ Yoast SEO Premium plugin. -->","yoast_head_json":{"title":"RTR Sportmarketing | Sportsponsoring Agentur","description":"RTR Sports Marketing ist eine Agentur f\u00fcr Sportsponsoring und Sportmarketing: Wir bieten Sportsponsoring f\u00fcr Marken, die Sport nutzen, um den Markt zu erreichen. Erfahren Sie mehr!","robots":{"index":"index","follow":"follow","max-snippet":"max-snippet:-1","max-image-preview":"max-image-preview:large","max-video-preview":"max-video-preview:-1"},"canonical":"https:\/\/rtrsports.com\/de\/agenturpatenschaften\/","og_locale":"de_DE","og_type":"article","og_title":"Agentur f\u00fcr Sportsponsoring","og_description":"RTR Sports Marketing ist eine Agentur f\u00fcr Sportsponsoring und Sportmarketing: Wir bieten Sportsponsoring f\u00fcr Marken, die Sport nutzen, um den Markt zu erreichen. Erfahren Sie mehr!","og_url":"https:\/\/rtrsports.com\/de\/agenturpatenschaften\/","og_site_name":"RTR Sports","article_publisher":"https:\/\/www.facebook.com\/RTRSportsMarketing\/","og_image":[{"width":2560,"height":1280,"url":"https:\/\/rtrsports.com\/wp-content\/uploads\/2024\/09\/Formula-1-sponsorship-scaled.jpg","type":"image\/jpeg"}],"twitter_card":"summary_large_image","twitter_site":"@rtrsports","twitter_misc":{"Est. reading time":"1 minute"},"schema":{"@context":"https:\/\/schema.org","@graph":[{"@type":"WebPage","@id":"https:\/\/rtrsports.com\/de\/agenturpatenschaften\/","url":"https:\/\/rtrsports.com\/de\/agenturpatenschaften\/","name":"RTR Sportmarketing | Sportsponsoring Agentur","isPartOf":{"@id":"https:\/\/rtrsports.com\/de\/#website"},"primaryImageOfPage":{"@id":"https:\/\/rtrsports.com\/de\/agenturpatenschaften\/#primaryimage"},"image":{"@id":"https:\/\/rtrsports.com\/de\/agenturpatenschaften\/#primaryimage"},"thumbnailUrl":"https:\/\/rtrsports.com\/wp-content\/uploads\/2024\/09\/Formula-1-sponsorship-scaled.jpg","datePublished":"2020-09-08T10:24:07+00:00","dateModified":"2024-10-05T08:20:33+00:00","description":"RTR Sports Marketing ist eine Agentur f\u00fcr Sportsponsoring und Sportmarketing: Wir bieten Sportsponsoring f\u00fcr Marken, die Sport nutzen, um den Markt zu erreichen. Erfahren Sie mehr!","breadcrumb":{"@id":"https:\/\/rtrsports.com\/de\/agenturpatenschaften\/#breadcrumb"},"inLanguage":"de","potentialAction":[{"@type":"ReadAction","target":["https:\/\/rtrsports.com\/de\/agenturpatenschaften\/"]}]},{"@type":"ImageObject","inLanguage":"de","@id":"https:\/\/rtrsports.com\/de\/agenturpatenschaften\/#primaryimage","url":"https:\/\/rtrsports.com\/wp-content\/uploads\/2024\/09\/Formula-1-sponsorship-scaled.jpg","contentUrl":"https:\/\/rtrsports.com\/wp-content\/uploads\/2024\/09\/Formula-1-sponsorship-scaled.jpg","width":2560,"height":1280,"caption":"Sponsor ferrari Formel 1"},{"@type":"BreadcrumbList","@id":"https:\/\/rtrsports.com\/de\/agenturpatenschaften\/#breadcrumb","itemListElement":[{"@type":"ListItem","position":1,"name":"Home","item":"https:\/\/rtrsports.com\/de\/"},{"@type":"ListItem","position":2,"name":"Agentur f\u00fcr Sportsponsoring"}]},{"@type":"WebSite","@id":"https:\/\/rtrsports.com\/de\/#website","url":"https:\/\/rtrsports.com\/de\/","name":"RTR Sports Marketing","description":"RTR Sports Marketing is a global motorsport sponsorship agency and consultancy, specialized in Formula 1 and MotoGP, and active across all major international racing series including Formula E, NASCAR, WEC, WRC and Dakar, helping brands build data-driven, high-performance sponsorship programs.","publisher":{"@id":"https:\/\/rtrsports.com\/de\/#organization"},"alternateName":"RTR Sports","potentialAction":[{"@type":"SearchAction","target":{"@type":"EntryPoint","urlTemplate":"https:\/\/rtrsports.com\/de\/?s={search_term_string}"},"query-input":{"@type":"PropertyValueSpecification","valueRequired":true,"valueName":"search_term_string"}}],"inLanguage":"de"},{"@type":"Organization","@id":"https:\/\/rtrsports.com\/de\/#organization","name":"RTR Sports Marketing","alternateName":"RTR sports","url":"https:\/\/rtrsports.com\/de\/","logo":{"@type":"ImageObject","inLanguage":"de","@id":"https:\/\/rtrsports.com\/de\/#\/schema\/logo\/image\/","url":"https:\/\/rtrsports.com\/wp-content\/uploads\/2024\/01\/rtrsports-anniversary-1.jpg","contentUrl":"https:\/\/rtrsports.com\/wp-content\/uploads\/2024\/01\/rtrsports-anniversary-1.jpg","width":946,"height":260,"caption":"RTR Sports Marketing"},"image":{"@id":"https:\/\/rtrsports.com\/de\/#\/schema\/logo\/image\/"},"sameAs":["https:\/\/www.facebook.com\/RTRSportsMarketing\/","https:\/\/x.com\/rtrsports","https:\/\/www.linkedin.com\/company\/rtr-sports-marketing\/"],"description":"RTR Sports Marketing is a global motorsport sponsorship agency and consultancy, specialized in Formula 1 and MotoGP, and active across all major international racing series including Formula E, NASCAR, WEC, WRC and Dakar, helping brands build data-driven, high-performance sponsorship programs.","email":"info@rtrsports.com","legalName":"RTR Sports Marketing LTD","numberOfEmployees":{"@type":"QuantitativeValue","minValue":"1","maxValue":"10"}}]}},"_links":{"self":[{"href":"https:\/\/rtrsports.com\/de\/wp-json\/wp\/v2\/pages\/53788","targetHints":{"allow":["GET"]}}],"collection":[{"href":"https:\/\/rtrsports.com\/de\/wp-json\/wp\/v2\/pages"}],"about":[{"href":"https:\/\/rtrsports.com\/de\/wp-json\/wp\/v2\/types\/page"}],"author":[{"embeddable":true,"href":"https:\/\/rtrsports.com\/de\/wp-json\/wp\/v2\/users\/2"}],"replies":[{"embeddable":true,"href":"https:\/\/rtrsports.com\/de\/wp-json\/wp\/v2\/comments?post=53788"}],"version-history":[{"count":2,"href":"https:\/\/rtrsports.com\/de\/wp-json\/wp\/v2\/pages\/53788\/revisions"}],"predecessor-version":[{"id":254487,"href":"https:\/\/rtrsports.com\/de\/wp-json\/wp\/v2\/pages\/53788\/revisions\/254487"}],"wp:featuredmedia":[{"embeddable":true,"href":"https:\/\/rtrsports.com\/de\/wp-json\/wp\/v2\/media\/254496"}],"wp:attachment":[{"href":"https:\/\/rtrsports.com\/de\/wp-json\/wp\/v2\/media?parent=53788"}],"curies":[{"name":"wp","href":"https:\/\/api.w.org\/{rel}","templated":true}]}}