{"id":66149,"date":"2022-05-05T14:44:35","date_gmt":"2022-05-05T12:44:35","guid":{"rendered":"https:\/\/stg-rtrsportscom-rtrstaging.kinsta.cloud\/wsbk-sponsoring\/"},"modified":"2024-10-05T22:18:54","modified_gmt":"2024-10-05T20:18:54","slug":"wsbk-patenschaft","status":"publish","type":"page","link":"https:\/\/rtrsports.com\/de\/wsbk-sponsoring\/","title":{"rendered":"WSBK-Sponsoring"},"content":{"rendered":"<p>WorldSBK Sponsoring-AgenturSponsoring der schnellsten Serienmotorr\u00e4der der WeltDie 1988 gegr\u00fcndete <strong>WorldSBK<\/strong> (offiziell FIM Superbike-Weltmeisterschaft) ist die K\u00f6nigsklasse des Motorradrennsports f\u00fcr Serienfahrzeuge.<\/p>\n<p>Die von der Dorna verwaltete WorldSBK-Meisterschaft wird in 12 Runden auf vier Kontinenten ausgetragen, wobei die besten Hersteller der Welt von April bis November um die Krone k\u00e4mpfen. Jede Runde umfasst drei Rennen: zwei Rennen \u00fcber die volle L\u00e4nge und das Superpole-Rennen \u00fcber zehn Runden.<\/p>\n<p>Die Superbike ist ein wahres Fest des Hochleistungs-Motorradrennsports, bei dem einige der besten Fahrer der Welt auf einigen der schnellsten und anspruchsvollsten Strecken der Welt gegeneinander antreten. Die von den WorldSBK-Teams eingesetzten Motorr\u00e4der sind Werksmaschinen, die mit modernsten Updates ausgestattet sind, die diese Motorr\u00e4der an ihre absoluten Grenzen bringen.<\/p>\n<p>F\u00fcr die Hersteller &#8211; u. a. Ducati, Yamaha, Kawasaki und Honda &#8211; ist es eine Chance, ihre besten Motorr\u00e4der zu pr\u00e4sentieren. F\u00fcr die Sponsoren ist es eine Gelegenheit, weltweit auf sich aufmerksam zu machen und mit einer leidenschaftlichen, begeisterten Fangemeinde in Kontakt zu treten.<\/p>\n<p>Als eine auf Motorsport fokussierte Sportmarketing-Agentur kann RTR Sports Sie und Ihre Marke durch die faszinierende Welt des World Superbike-Rennsports f\u00fchren und den perfekten Sponsoring-Deal f\u00fcr Sie und Ihre Ziele ausarbeiten: Wir haben die Erfahrung und das Fachwissen, um Sie bei der World Superbike Championship zu unterst\u00fctzen.Ich m\u00f6chte Sponsor werdenSponsoring der Superbike-Weltmeisterschaft<strong>World Superbike-Sponsor<\/strong> zu werden bedeutet, Ihrer Marke und Ihrem Unternehmen ein effizientes, spannendes und wahrhaftiges 360\u00b0-Marketinginstrument zur Verf\u00fcgung zu stellen. Als Sponsor wird Ihr Unternehmen mit einer der beliebtesten und am schnellsten wachsenden Motorradrennserien der Welt in Verbindung gebracht.<\/p>\n<p>Dank der umfangreichen Medienberichterstattung erm\u00f6glicht das WorldSBK-Sponsoring eine weltweite Sichtbarkeit und Anerkennung, w\u00e4hrend die Aktivit\u00e4ten auf und abseits der Rennstrecke mit Sicherheit dort ankommen, wo die Marke es am meisten braucht: auf der Ebene des Engagements.<\/p>\n<p>Wahrscheinlich ist es jedoch der Bereich der Assoziationen, in dem das S<strong>uperbike-Sponsoring<\/strong> wirklich gl\u00e4nzt: Eine Partnerschaft mit den weltbesten Motorradherstellern bedeutet, eine Marke zu positionieren und ihr Image zu verbessern.<\/p>\n<p>Dar\u00fcber hinaus spiegeln sich die Werte Geschwindigkeit, Technologie, Innovation, Leidenschaft, Spannung und Jugend &#8211; die h\u00e4ufig mit der Meisterschaft in Verbindung gebracht werden &#8211; in den Sponsoren wider, was ein effizientes Storytelling und erstklassige Kommunikationsm\u00f6glichkeiten erm\u00f6glicht.Ich m\u00f6chte Sponsor werdenSBK-Publikum, Einschaltquoten und Medienproduktion<\/p>\n<ul>\n<li>50.000 durchschnittliche Zuschauer pro Round<\/li>\n<li>3 Millionen Follower in den sozialen Medien<\/li>\n<li>Ein weltweites Gesamtpublikum von 135 Millionen<\/li>\n<li>74 % der Zuschauer sind m\u00e4nnlich, 84 % sind zwischen 25 und 45 Jahre alt, 61 % haben einen Hochschulabschluss<\/li>\n<li>155 Kan\u00e4le sind an der \u00dcbertragung beteiligt<\/li>\n<li>\u00dcber 17.000 Stunden Sendezeit pro Saison<\/li>\n<li>51% der Berichterstattung erfolgt in Europa, 29% in Asien, 14% in Afrika, 6% in Amerika<\/li>\n<li>66% der Zuschauer besitzen mindestens 1 Motorrad<\/li>\n<li>Mehr als 24,4 Millionen Seitenaufrufe pro Jahr auf der offiziellen WSBK-Website<\/li>\n<\/ul>\n<p>Ich m\u00f6chte Sponsor werdenUnendliche M\u00f6glichkeiten f\u00fcr SponsoringWorldSBK-Sponsoren und -Partnern auf der ganzen Welt steht eine beeindruckende Palette von Aktivierungsm\u00f6glichkeiten zur Verf\u00fcgung. Von erstklassiger Gastfreundschaft bis hin zu aufregenden Lizenzprojekten, von Werbung auf der Strecke bis hin zu Markenpr\u00e4senz im Fahrerlager und in den Medien &#8211; die M\u00f6glichkeiten, mit Motorrad-Enthusiasten und Fans in Kontakt zu treten, sind endlos.<\/p>\n<p>Wie bei jedem Sponsoring in der K\u00f6nigsklasse des Motorsports sind auch beim World Superbike-Sponsoring ma\u00dfgeschneiderte, individuelle Sponsoring-Deals m\u00f6glich, bei denen jeder Marketingvorteil und jede Aktivit\u00e4t sorgf\u00e4ltig auf die Bed\u00fcrfnisse und Ziele der offiziellen Sponsoren und Partner abgestimmt ist.<\/p>\n<p>Dar\u00fcber hinaus bietet die Superbike eine Reihe von M\u00f6glichkeiten, sich auch auf lokaler Ebene in die Meisterschaft einzubringen, sehr zur Freude Ihrer Vertriebsmitarbeiter oder Partner: von PR-M\u00f6glichkeiten bis hin zu speziellen Veranstaltungen f\u00fcr Kunden, von lokalen Nachrichten und Medienkontakten bis hin zu Fototerminen zur richtigen Zeit und am richtigen Ort.Ich m\u00f6chte Sponsor werdenSuperbike-Sponsoring: der ProzessDas Sponsoring der World Superbike erfordert, wie jedes andere Motorsportsponsoring auch, Planung und Liebe zum Detail. Wie man das richtige Team oder den richtigen Fahrer ausw\u00e4hlt, wie man die richtigen Vorteile ausw\u00e4hlt und wie man mit den Akteuren und Interessenvertretern in Kontakt tritt, sind F\u00e4higkeiten, die man beherrschen muss, um das perfekte Gesch\u00e4ft abzuschlie\u00dfen und die Gelegenheit wirklich zu nutzen.<\/p>\n<p>Bei der Evaluierung eines WorldSBK-Sponsorings sind drei wichtige Punkte zu beachten:<\/p>\n<p>Die Serie bietet globale Sichtbarkeit und eine erstklassige Medienplattform<br \/>\nSie bietet ein hervorragendes Preis-Leistungs-Verh\u00e4ltnis<br \/>\nUnd sie erm\u00f6glicht es den Sponsoren, an der Rennstrecke und bei den Fans aktiv zu werden.<br \/>\nEine professionelle Sportmarketing-Agentur wie RTR Sports kann bei all diesen Punkten entscheidend sein: Profis haben ein klares Verst\u00e4ndnis der Meisterschaft und der Branchen, kennen die richtigen Leute und wissen, wie man zum richtigen Zeitpunkt mit ihnen in Kontakt tritt. Denn Sie wissen ja, dass der Rennsport und die Welt des Rennsports sich manchmal in die Quere kommen k\u00f6nnen.<\/p>\n<p>Alles, was Sie brauchen, um Ihr SBK-Sponsoringprojekt zu starten, ist nur einen Mausklick entfernt: Klicken Sie auf die Schaltfl\u00e4che unten, und einer unserer Sponsoring-Manager wird sich in wenigen Minuten bei Ihnen melden.Ich m\u00f6chte Sponsor werden &lt;br&gt; <\/p>\n","protected":false},"excerpt":{"rendered":"<p>Die 1988 gegr\u00fcndete WorldSBK (offiziell FIM Superbike-Weltmeisterschaft) ist die K\u00f6nigsklasse des Motorradrennsports f\u00fcr Serienfahrzeuge. Die von der Dorna verwaltete WorldSBK-Meisterschaft wird in 12 Runden auf vier Kontinenten ausgetragen, wobei die besten Hersteller der Welt von April bis November um die Krone k\u00e4mpfen. Jede Runde umfasst drei Rennen: zwei Rennen \u00fcber die volle L\u00e4nge und das [&hellip;]<\/p>\n","protected":false},"author":2,"featured_media":254683,"parent":0,"menu_order":0,"comment_status":"closed","ping_status":"closed","template":"page-template\/page-flexible-template.php","meta":{"_acf_changed":false,"footnotes":""},"class_list":["post-66149","page","type-page","status-publish","has-post-thumbnail","hentry"],"acf":[],"yoast_head":"<!-- This site is optimized with the Yoast SEO Premium plugin v26.8 (Yoast SEO v27.3) - https:\/\/yoast.com\/product\/yoast-seo-premium-wordpress\/ -->\n<title>WSBK World Superbike Sponsoring - RTR Sports Marketing<\/title>\n<meta name=\"description\" content=\"RTR Sports Marketing ist Ihre Anlaufstelle f\u00fcr alles, was mit Motorsport-Sponsoring zu tun hat, von der F1 bis zur Formel E, von der MotoGP bis zur WSBK.\" \/>\n<meta name=\"robots\" content=\"index, follow, max-snippet:-1, max-image-preview:large, max-video-preview:-1\" \/>\n<link rel=\"canonical\" href=\"https:\/\/rtrsports.com\/de\/wsbk-sponsoring\/\" \/>\n<meta property=\"og:locale\" content=\"de_DE\" \/>\n<meta property=\"og:type\" content=\"article\" \/>\n<meta property=\"og:title\" content=\"WSBK-Sponsoring\" \/>\n<meta property=\"og:description\" content=\"RTR Sports Marketing ist Ihre Anlaufstelle f\u00fcr alles, was mit Motorsport-Sponsoring zu tun hat, von der F1 bis zur Formel E, von der MotoGP bis zur WSBK.\" \/>\n<meta property=\"og:url\" content=\"https:\/\/rtrsports.com\/de\/wsbk-sponsoring\/\" \/>\n<meta property=\"og:site_name\" content=\"RTR Sports\" \/>\n<meta property=\"article:publisher\" content=\"https:\/\/www.facebook.com\/RTRSportsMarketing\/\" \/>\n<meta property=\"og:image\" content=\"https:\/\/rtrsports.com\/wp-content\/uploads\/2024\/09\/WSBK-2.jpg\" \/>\n\t<meta property=\"og:image:width\" content=\"1200\" \/>\n\t<meta property=\"og:image:height\" content=\"813\" \/>\n\t<meta property=\"og:image:type\" content=\"image\/jpeg\" \/>\n<meta name=\"twitter:card\" content=\"summary_large_image\" \/>\n<meta name=\"twitter:site\" content=\"@rtrsports\" \/>\n<meta name=\"twitter:label1\" content=\"Est. reading time\" \/>\n\t<meta name=\"twitter:data1\" content=\"5 minutes\" \/>\n<script type=\"application\/ld+json\" class=\"yoast-schema-graph\">{\"@context\":\"https:\\\/\\\/schema.org\",\"@graph\":[{\"@type\":\"WebPage\",\"@id\":\"https:\\\/\\\/rtrsports.com\\\/de\\\/wsbk-sponsoring\\\/\",\"url\":\"https:\\\/\\\/rtrsports.com\\\/de\\\/wsbk-sponsoring\\\/\",\"name\":\"WSBK World Superbike Sponsoring - RTR Sports Marketing\",\"isPartOf\":{\"@id\":\"https:\\\/\\\/rtrsports.com\\\/de\\\/#website\"},\"primaryImageOfPage\":{\"@id\":\"https:\\\/\\\/rtrsports.com\\\/de\\\/wsbk-sponsoring\\\/#primaryimage\"},\"image\":{\"@id\":\"https:\\\/\\\/rtrsports.com\\\/de\\\/wsbk-sponsoring\\\/#primaryimage\"},\"thumbnailUrl\":\"https:\\\/\\\/rtrsports.com\\\/wp-content\\\/uploads\\\/2024\\\/09\\\/WSBK-2.jpg\",\"datePublished\":\"2022-05-05T12:44:35+00:00\",\"dateModified\":\"2024-10-05T20:18:54+00:00\",\"description\":\"RTR Sports Marketing ist Ihre Anlaufstelle f\u00fcr alles, was mit Motorsport-Sponsoring zu tun hat, von der F1 bis zur Formel E, von der MotoGP bis zur WSBK.\",\"breadcrumb\":{\"@id\":\"https:\\\/\\\/rtrsports.com\\\/de\\\/wsbk-sponsoring\\\/#breadcrumb\"},\"inLanguage\":\"de\",\"potentialAction\":[{\"@type\":\"ReadAction\",\"target\":[\"https:\\\/\\\/rtrsports.com\\\/de\\\/wsbk-sponsoring\\\/\"]}]},{\"@type\":\"ImageObject\",\"inLanguage\":\"de\",\"@id\":\"https:\\\/\\\/rtrsports.com\\\/de\\\/wsbk-sponsoring\\\/#primaryimage\",\"url\":\"https:\\\/\\\/rtrsports.com\\\/wp-content\\\/uploads\\\/2024\\\/09\\\/WSBK-2.jpg\",\"contentUrl\":\"https:\\\/\\\/rtrsports.com\\\/wp-content\\\/uploads\\\/2024\\\/09\\\/WSBK-2.jpg\",\"width\":1200,\"height\":813,\"caption\":\"WSBK Sponsorshipv\"},{\"@type\":\"BreadcrumbList\",\"@id\":\"https:\\\/\\\/rtrsports.com\\\/de\\\/wsbk-sponsoring\\\/#breadcrumb\",\"itemListElement\":[{\"@type\":\"ListItem\",\"position\":1,\"name\":\"Home\",\"item\":\"https:\\\/\\\/rtrsports.com\\\/de\\\/\"},{\"@type\":\"ListItem\",\"position\":2,\"name\":\"WSBK-Sponsoring\"}]},{\"@type\":\"WebSite\",\"@id\":\"https:\\\/\\\/rtrsports.com\\\/de\\\/#website\",\"url\":\"https:\\\/\\\/rtrsports.com\\\/de\\\/\",\"name\":\"RTR Sports Marketing\",\"description\":\"RTR Sports Marketing is a global motorsport sponsorship agency and consultancy, specialized in Formula 1 and MotoGP, and active across all major international racing series including Formula E, NASCAR, WEC, WRC and Dakar, helping brands build data-driven, high-performance sponsorship programs.\",\"publisher\":{\"@id\":\"https:\\\/\\\/rtrsports.com\\\/de\\\/#organization\"},\"alternateName\":\"RTR Sports\",\"potentialAction\":[{\"@type\":\"SearchAction\",\"target\":{\"@type\":\"EntryPoint\",\"urlTemplate\":\"https:\\\/\\\/rtrsports.com\\\/de\\\/?s={search_term_string}\"},\"query-input\":{\"@type\":\"PropertyValueSpecification\",\"valueRequired\":true,\"valueName\":\"search_term_string\"}}],\"inLanguage\":\"de\"},{\"@type\":\"Organization\",\"@id\":\"https:\\\/\\\/rtrsports.com\\\/de\\\/#organization\",\"name\":\"RTR Sports Marketing\",\"alternateName\":\"RTR sports\",\"url\":\"https:\\\/\\\/rtrsports.com\\\/de\\\/\",\"logo\":{\"@type\":\"ImageObject\",\"inLanguage\":\"de\",\"@id\":\"https:\\\/\\\/rtrsports.com\\\/de\\\/#\\\/schema\\\/logo\\\/image\\\/\",\"url\":\"https:\\\/\\\/rtrsports.com\\\/wp-content\\\/uploads\\\/2024\\\/01\\\/rtrsports-anniversary-1.jpg\",\"contentUrl\":\"https:\\\/\\\/rtrsports.com\\\/wp-content\\\/uploads\\\/2024\\\/01\\\/rtrsports-anniversary-1.jpg\",\"width\":946,\"height\":260,\"caption\":\"RTR Sports Marketing\"},\"image\":{\"@id\":\"https:\\\/\\\/rtrsports.com\\\/de\\\/#\\\/schema\\\/logo\\\/image\\\/\"},\"sameAs\":[\"https:\\\/\\\/www.facebook.com\\\/RTRSportsMarketing\\\/\",\"https:\\\/\\\/x.com\\\/rtrsports\",\"https:\\\/\\\/www.linkedin.com\\\/company\\\/rtr-sports-marketing\\\/\"],\"description\":\"RTR Sports Marketing is a global motorsport sponsorship agency and consultancy, specialized in Formula 1 and MotoGP, and active across all major international racing series including Formula E, NASCAR, WEC, WRC and Dakar, helping brands build data-driven, high-performance sponsorship programs.\",\"email\":\"info@rtrsports.com\",\"legalName\":\"RTR Sports Marketing LTD\",\"numberOfEmployees\":{\"@type\":\"QuantitativeValue\",\"minValue\":\"1\",\"maxValue\":\"10\"}}]}<\/script>\n<!-- \/ Yoast SEO Premium plugin. -->","yoast_head_json":{"title":"WSBK World Superbike Sponsoring - RTR Sports Marketing","description":"RTR Sports Marketing ist Ihre Anlaufstelle f\u00fcr alles, was mit Motorsport-Sponsoring zu tun hat, von der F1 bis zur Formel E, von der MotoGP bis zur WSBK.","robots":{"index":"index","follow":"follow","max-snippet":"max-snippet:-1","max-image-preview":"max-image-preview:large","max-video-preview":"max-video-preview:-1"},"canonical":"https:\/\/rtrsports.com\/de\/wsbk-sponsoring\/","og_locale":"de_DE","og_type":"article","og_title":"WSBK-Sponsoring","og_description":"RTR Sports Marketing ist Ihre Anlaufstelle f\u00fcr alles, was mit Motorsport-Sponsoring zu tun hat, von der F1 bis zur Formel E, von der MotoGP bis zur WSBK.","og_url":"https:\/\/rtrsports.com\/de\/wsbk-sponsoring\/","og_site_name":"RTR Sports","article_publisher":"https:\/\/www.facebook.com\/RTRSportsMarketing\/","og_image":[{"width":1200,"height":813,"url":"https:\/\/rtrsports.com\/wp-content\/uploads\/2024\/09\/WSBK-2.jpg","type":"image\/jpeg"}],"twitter_card":"summary_large_image","twitter_site":"@rtrsports","twitter_misc":{"Est. reading time":"5 minutes"},"schema":{"@context":"https:\/\/schema.org","@graph":[{"@type":"WebPage","@id":"https:\/\/rtrsports.com\/de\/wsbk-sponsoring\/","url":"https:\/\/rtrsports.com\/de\/wsbk-sponsoring\/","name":"WSBK World Superbike Sponsoring - RTR Sports Marketing","isPartOf":{"@id":"https:\/\/rtrsports.com\/de\/#website"},"primaryImageOfPage":{"@id":"https:\/\/rtrsports.com\/de\/wsbk-sponsoring\/#primaryimage"},"image":{"@id":"https:\/\/rtrsports.com\/de\/wsbk-sponsoring\/#primaryimage"},"thumbnailUrl":"https:\/\/rtrsports.com\/wp-content\/uploads\/2024\/09\/WSBK-2.jpg","datePublished":"2022-05-05T12:44:35+00:00","dateModified":"2024-10-05T20:18:54+00:00","description":"RTR Sports Marketing ist Ihre Anlaufstelle f\u00fcr alles, was mit Motorsport-Sponsoring zu tun hat, von der F1 bis zur Formel E, von der MotoGP bis zur WSBK.","breadcrumb":{"@id":"https:\/\/rtrsports.com\/de\/wsbk-sponsoring\/#breadcrumb"},"inLanguage":"de","potentialAction":[{"@type":"ReadAction","target":["https:\/\/rtrsports.com\/de\/wsbk-sponsoring\/"]}]},{"@type":"ImageObject","inLanguage":"de","@id":"https:\/\/rtrsports.com\/de\/wsbk-sponsoring\/#primaryimage","url":"https:\/\/rtrsports.com\/wp-content\/uploads\/2024\/09\/WSBK-2.jpg","contentUrl":"https:\/\/rtrsports.com\/wp-content\/uploads\/2024\/09\/WSBK-2.jpg","width":1200,"height":813,"caption":"WSBK Sponsorshipv"},{"@type":"BreadcrumbList","@id":"https:\/\/rtrsports.com\/de\/wsbk-sponsoring\/#breadcrumb","itemListElement":[{"@type":"ListItem","position":1,"name":"Home","item":"https:\/\/rtrsports.com\/de\/"},{"@type":"ListItem","position":2,"name":"WSBK-Sponsoring"}]},{"@type":"WebSite","@id":"https:\/\/rtrsports.com\/de\/#website","url":"https:\/\/rtrsports.com\/de\/","name":"RTR Sports Marketing","description":"RTR Sports Marketing is a global motorsport sponsorship agency and consultancy, specialized in Formula 1 and MotoGP, and active across all major international racing series including Formula E, NASCAR, WEC, WRC and Dakar, helping brands build data-driven, high-performance sponsorship programs.","publisher":{"@id":"https:\/\/rtrsports.com\/de\/#organization"},"alternateName":"RTR Sports","potentialAction":[{"@type":"SearchAction","target":{"@type":"EntryPoint","urlTemplate":"https:\/\/rtrsports.com\/de\/?s={search_term_string}"},"query-input":{"@type":"PropertyValueSpecification","valueRequired":true,"valueName":"search_term_string"}}],"inLanguage":"de"},{"@type":"Organization","@id":"https:\/\/rtrsports.com\/de\/#organization","name":"RTR Sports Marketing","alternateName":"RTR sports","url":"https:\/\/rtrsports.com\/de\/","logo":{"@type":"ImageObject","inLanguage":"de","@id":"https:\/\/rtrsports.com\/de\/#\/schema\/logo\/image\/","url":"https:\/\/rtrsports.com\/wp-content\/uploads\/2024\/01\/rtrsports-anniversary-1.jpg","contentUrl":"https:\/\/rtrsports.com\/wp-content\/uploads\/2024\/01\/rtrsports-anniversary-1.jpg","width":946,"height":260,"caption":"RTR Sports Marketing"},"image":{"@id":"https:\/\/rtrsports.com\/de\/#\/schema\/logo\/image\/"},"sameAs":["https:\/\/www.facebook.com\/RTRSportsMarketing\/","https:\/\/x.com\/rtrsports","https:\/\/www.linkedin.com\/company\/rtr-sports-marketing\/"],"description":"RTR Sports Marketing is a global motorsport sponsorship agency and consultancy, specialized in Formula 1 and MotoGP, and active across all major international racing series including Formula E, NASCAR, WEC, WRC and Dakar, helping brands build data-driven, high-performance sponsorship programs.","email":"info@rtrsports.com","legalName":"RTR Sports Marketing LTD","numberOfEmployees":{"@type":"QuantitativeValue","minValue":"1","maxValue":"10"}}]}},"_links":{"self":[{"href":"https:\/\/rtrsports.com\/de\/wp-json\/wp\/v2\/pages\/66149","targetHints":{"allow":["GET"]}}],"collection":[{"href":"https:\/\/rtrsports.com\/de\/wp-json\/wp\/v2\/pages"}],"about":[{"href":"https:\/\/rtrsports.com\/de\/wp-json\/wp\/v2\/types\/page"}],"author":[{"embeddable":true,"href":"https:\/\/rtrsports.com\/de\/wp-json\/wp\/v2\/users\/2"}],"replies":[{"embeddable":true,"href":"https:\/\/rtrsports.com\/de\/wp-json\/wp\/v2\/comments?post=66149"}],"version-history":[{"count":2,"href":"https:\/\/rtrsports.com\/de\/wp-json\/wp\/v2\/pages\/66149\/revisions"}],"predecessor-version":[{"id":251166,"href":"https:\/\/rtrsports.com\/de\/wp-json\/wp\/v2\/pages\/66149\/revisions\/251166"}],"wp:featuredmedia":[{"embeddable":true,"href":"https:\/\/rtrsports.com\/de\/wp-json\/wp\/v2\/media\/254683"}],"wp:attachment":[{"href":"https:\/\/rtrsports.com\/de\/wp-json\/wp\/v2\/media?parent=66149"}],"curies":[{"name":"wp","href":"https:\/\/api.w.org\/{rel}","templated":true}]}}