{"id":106341,"date":"2023-02-09T09:27:17","date_gmt":"2023-02-09T08:27:17","guid":{"rendered":"https:\/\/stg-rtrsportscom-rtrstaging.kinsta.cloud\/anos\/"},"modified":"2026-02-03T05:15:38","modified_gmt":"2026-02-03T04:15:38","slug":"anos","status":"publish","type":"page","link":"https:\/\/rtrsports.com\/es\/anos\/","title":{"rendered":"A\u00f1os"},"content":{"rendered":"<h2><strong>Nuestros proyectos de patrocinio deportivo a lo largo de los a\u00f1os<\/strong><\/h2>\n<p>A continuaci\u00f3n encontrar\u00e1 una selecci\u00f3n de nuestras obras divididas por a\u00f1os. Desde nuestro patrocinio de Williams F1 en 1995 hasta hoy, nuestra pasi\u00f3n por el marketing deportivo ha permanecido inalterable, al igual que el \u00e9xito con nuestros clientes y socios.<\/p>\n","protected":false},"excerpt":{"rendered":"<p>Nuestros proyectos de patrocinio deportivo a lo largo de los a\u00f1os A continuaci\u00f3n encontrar\u00e1 una selecci\u00f3n de nuestras obras divididas por a\u00f1os. Desde nuestro patrocinio de Williams F1 en 1995 hasta hoy, nuestra pasi\u00f3n por el marketing deportivo ha permanecido inalterable, al igual que el \u00e9xito con nuestros clientes y socios.<\/p>\n","protected":false},"author":2,"featured_media":106367,"parent":0,"menu_order":0,"comment_status":"open","ping_status":"closed","template":"page-template\/page-flexible-template.php","meta":{"_acf_changed":false,"footnotes":""},"class_list":["post-106341","page","type-page","status-publish","has-post-thumbnail","hentry"],"acf":[],"yoast_head":"<!-- This site is optimized with the Yoast SEO Premium plugin v26.8 (Yoast SEO v27.4) - https:\/\/yoast.com\/product\/yoast-seo-premium-wordpress\/ -->\n<title>Casos pr\u00e1cticos de patrocinio deportivo RTR Sports<\/title>\n<meta name=\"description\" content=\"Una selecci\u00f3n de nuestro trabajo dividida por a\u00f1os, desde el primer patrocinio de Williams F1 en 1995 hasta la actualidad.\" \/>\n<meta name=\"robots\" content=\"index, follow, max-snippet:-1, max-image-preview:large, max-video-preview:-1\" \/>\n<link rel=\"canonical\" href=\"https:\/\/rtrsports.com\/es\/anos\/\" \/>\n<meta property=\"og:locale\" content=\"es_ES\" \/>\n<meta property=\"og:type\" content=\"article\" \/>\n<meta property=\"og:title\" content=\"A\u00f1os\" \/>\n<meta property=\"og:description\" content=\"Una selecci\u00f3n de nuestro trabajo dividida por a\u00f1os, desde el primer patrocinio de Williams F1 en 1995 hasta la actualidad.\" \/>\n<meta property=\"og:url\" content=\"https:\/\/rtrsports.com\/es\/anos\/\" \/>\n<meta property=\"og:site_name\" content=\"RTR Sports\" \/>\n<meta property=\"article:publisher\" content=\"https:\/\/www.facebook.com\/RTRSportsMarketing\/\" \/>\n<meta property=\"og:image\" content=\"https:\/\/rtrsports.com\/wp-content\/uploads\/2023\/02\/case-history.jpg\" \/>\n\t<meta property=\"og:image:width\" content=\"1417\" \/>\n\t<meta property=\"og:image:height\" content=\"1417\" \/>\n\t<meta property=\"og:image:type\" content=\"image\/jpeg\" \/>\n<meta name=\"twitter:card\" content=\"summary_large_image\" \/>\n<meta name=\"twitter:site\" content=\"@rtrsports\" \/>\n<meta name=\"twitter:label1\" content=\"Est. reading time\" \/>\n\t<meta name=\"twitter:data1\" content=\"1 minute\" \/>\n<script type=\"application\/ld+json\" class=\"yoast-schema-graph\">{\"@context\":\"https:\\\/\\\/schema.org\",\"@graph\":[{\"@type\":\"WebPage\",\"@id\":\"https:\\\/\\\/rtrsports.com\\\/es\\\/anos\\\/\",\"url\":\"https:\\\/\\\/rtrsports.com\\\/es\\\/anos\\\/\",\"name\":\"Casos pr\u00e1cticos de patrocinio deportivo RTR Sports\",\"isPartOf\":{\"@id\":\"https:\\\/\\\/rtrsports.com\\\/es\\\/#website\"},\"primaryImageOfPage\":{\"@id\":\"https:\\\/\\\/rtrsports.com\\\/es\\\/anos\\\/#primaryimage\"},\"image\":{\"@id\":\"https:\\\/\\\/rtrsports.com\\\/es\\\/anos\\\/#primaryimage\"},\"thumbnailUrl\":\"https:\\\/\\\/rtrsports.com\\\/wp-content\\\/uploads\\\/2023\\\/02\\\/case-history.jpg\",\"datePublished\":\"2023-02-09T08:27:17+00:00\",\"dateModified\":\"2026-02-03T04:15:38+00:00\",\"description\":\"Una selecci\u00f3n de nuestro trabajo dividida por a\u00f1os, desde el primer patrocinio de Williams F1 en 1995 hasta la actualidad.\",\"breadcrumb\":{\"@id\":\"https:\\\/\\\/rtrsports.com\\\/es\\\/anos\\\/#breadcrumb\"},\"inLanguage\":\"es\",\"potentialAction\":[{\"@type\":\"ReadAction\",\"target\":[\"https:\\\/\\\/rtrsports.com\\\/es\\\/anos\\\/\"]}]},{\"@type\":\"ImageObject\",\"inLanguage\":\"es\",\"@id\":\"https:\\\/\\\/rtrsports.com\\\/es\\\/anos\\\/#primaryimage\",\"url\":\"https:\\\/\\\/rtrsports.com\\\/wp-content\\\/uploads\\\/2023\\\/02\\\/case-history.jpg\",\"contentUrl\":\"https:\\\/\\\/rtrsports.com\\\/wp-content\\\/uploads\\\/2023\\\/02\\\/case-history.jpg\",\"width\":1417,\"height\":1417,\"caption\":\"historial de casos\"},{\"@type\":\"BreadcrumbList\",\"@id\":\"https:\\\/\\\/rtrsports.com\\\/es\\\/anos\\\/#breadcrumb\",\"itemListElement\":[{\"@type\":\"ListItem\",\"position\":1,\"name\":\"Home\",\"item\":\"https:\\\/\\\/rtrsports.com\\\/es\\\/\"},{\"@type\":\"ListItem\",\"position\":2,\"name\":\"A\u00f1os\"}]},{\"@type\":\"WebSite\",\"@id\":\"https:\\\/\\\/rtrsports.com\\\/es\\\/#website\",\"url\":\"https:\\\/\\\/rtrsports.com\\\/es\\\/\",\"name\":\"RTR Sports Marketing\",\"description\":\"RTR Sports Marketing is a global motorsport sponsorship agency and consultancy, specialized in Formula 1 and MotoGP, and active across all major international racing series including Formula E, NASCAR, WEC, WRC and Dakar, helping brands build data-driven, high-performance sponsorship programs.\",\"publisher\":{\"@id\":\"https:\\\/\\\/rtrsports.com\\\/es\\\/#organization\"},\"alternateName\":\"RTR Sports\",\"potentialAction\":[{\"@type\":\"SearchAction\",\"target\":{\"@type\":\"EntryPoint\",\"urlTemplate\":\"https:\\\/\\\/rtrsports.com\\\/es\\\/?s={search_term_string}\"},\"query-input\":{\"@type\":\"PropertyValueSpecification\",\"valueRequired\":true,\"valueName\":\"search_term_string\"}}],\"inLanguage\":\"es\"},{\"@type\":\"Organization\",\"@id\":\"https:\\\/\\\/rtrsports.com\\\/es\\\/#organization\",\"name\":\"RTR Sports Marketing\",\"alternateName\":\"RTR sports\",\"url\":\"https:\\\/\\\/rtrsports.com\\\/es\\\/\",\"logo\":{\"@type\":\"ImageObject\",\"inLanguage\":\"es\",\"@id\":\"https:\\\/\\\/rtrsports.com\\\/es\\\/#\\\/schema\\\/logo\\\/image\\\/\",\"url\":\"https:\\\/\\\/rtrsports.com\\\/wp-content\\\/uploads\\\/2024\\\/01\\\/rtrsports-anniversary-1.jpg\",\"contentUrl\":\"https:\\\/\\\/rtrsports.com\\\/wp-content\\\/uploads\\\/2024\\\/01\\\/rtrsports-anniversary-1.jpg\",\"width\":946,\"height\":260,\"caption\":\"RTR Sports Marketing\"},\"image\":{\"@id\":\"https:\\\/\\\/rtrsports.com\\\/es\\\/#\\\/schema\\\/logo\\\/image\\\/\"},\"sameAs\":[\"https:\\\/\\\/www.facebook.com\\\/RTRSportsMarketing\\\/\",\"https:\\\/\\\/x.com\\\/rtrsports\",\"https:\\\/\\\/www.linkedin.com\\\/company\\\/rtr-sports-marketing\\\/\"],\"description\":\"RTR Sports Marketing is a global motorsport sponsorship agency and consultancy, specialized in Formula 1 and MotoGP, and active across all major international racing series including Formula E, NASCAR, WEC, WRC and Dakar, helping brands build data-driven, high-performance sponsorship programs.\",\"email\":\"info@rtrsports.com\",\"legalName\":\"RTR Sports Marketing LTD\",\"numberOfEmployees\":{\"@type\":\"QuantitativeValue\",\"minValue\":\"1\",\"maxValue\":\"10\"}}]}<\/script>\n<!-- \/ Yoast SEO Premium plugin. -->","yoast_head_json":{"title":"Casos pr\u00e1cticos de patrocinio deportivo RTR Sports","description":"Una selecci\u00f3n de nuestro trabajo dividida por a\u00f1os, desde el primer patrocinio de Williams F1 en 1995 hasta la actualidad.","robots":{"index":"index","follow":"follow","max-snippet":"max-snippet:-1","max-image-preview":"max-image-preview:large","max-video-preview":"max-video-preview:-1"},"canonical":"https:\/\/rtrsports.com\/es\/anos\/","og_locale":"es_ES","og_type":"article","og_title":"A\u00f1os","og_description":"Una selecci\u00f3n de nuestro trabajo dividida por a\u00f1os, desde el primer patrocinio de Williams F1 en 1995 hasta la actualidad.","og_url":"https:\/\/rtrsports.com\/es\/anos\/","og_site_name":"RTR Sports","article_publisher":"https:\/\/www.facebook.com\/RTRSportsMarketing\/","og_image":[{"width":1417,"height":1417,"url":"https:\/\/rtrsports.com\/wp-content\/uploads\/2023\/02\/case-history.jpg","type":"image\/jpeg"}],"twitter_card":"summary_large_image","twitter_site":"@rtrsports","twitter_misc":{"Est. reading time":"1 minute"},"schema":{"@context":"https:\/\/schema.org","@graph":[{"@type":"WebPage","@id":"https:\/\/rtrsports.com\/es\/anos\/","url":"https:\/\/rtrsports.com\/es\/anos\/","name":"Casos pr\u00e1cticos de patrocinio deportivo RTR Sports","isPartOf":{"@id":"https:\/\/rtrsports.com\/es\/#website"},"primaryImageOfPage":{"@id":"https:\/\/rtrsports.com\/es\/anos\/#primaryimage"},"image":{"@id":"https:\/\/rtrsports.com\/es\/anos\/#primaryimage"},"thumbnailUrl":"https:\/\/rtrsports.com\/wp-content\/uploads\/2023\/02\/case-history.jpg","datePublished":"2023-02-09T08:27:17+00:00","dateModified":"2026-02-03T04:15:38+00:00","description":"Una selecci\u00f3n de nuestro trabajo dividida por a\u00f1os, desde el primer patrocinio de Williams F1 en 1995 hasta la actualidad.","breadcrumb":{"@id":"https:\/\/rtrsports.com\/es\/anos\/#breadcrumb"},"inLanguage":"es","potentialAction":[{"@type":"ReadAction","target":["https:\/\/rtrsports.com\/es\/anos\/"]}]},{"@type":"ImageObject","inLanguage":"es","@id":"https:\/\/rtrsports.com\/es\/anos\/#primaryimage","url":"https:\/\/rtrsports.com\/wp-content\/uploads\/2023\/02\/case-history.jpg","contentUrl":"https:\/\/rtrsports.com\/wp-content\/uploads\/2023\/02\/case-history.jpg","width":1417,"height":1417,"caption":"historial de casos"},{"@type":"BreadcrumbList","@id":"https:\/\/rtrsports.com\/es\/anos\/#breadcrumb","itemListElement":[{"@type":"ListItem","position":1,"name":"Home","item":"https:\/\/rtrsports.com\/es\/"},{"@type":"ListItem","position":2,"name":"A\u00f1os"}]},{"@type":"WebSite","@id":"https:\/\/rtrsports.com\/es\/#website","url":"https:\/\/rtrsports.com\/es\/","name":"RTR Sports Marketing","description":"RTR Sports Marketing is a global motorsport sponsorship agency and consultancy, specialized in Formula 1 and MotoGP, and active across all major international racing series including Formula E, NASCAR, WEC, WRC and Dakar, helping brands build data-driven, high-performance sponsorship programs.","publisher":{"@id":"https:\/\/rtrsports.com\/es\/#organization"},"alternateName":"RTR Sports","potentialAction":[{"@type":"SearchAction","target":{"@type":"EntryPoint","urlTemplate":"https:\/\/rtrsports.com\/es\/?s={search_term_string}"},"query-input":{"@type":"PropertyValueSpecification","valueRequired":true,"valueName":"search_term_string"}}],"inLanguage":"es"},{"@type":"Organization","@id":"https:\/\/rtrsports.com\/es\/#organization","name":"RTR Sports Marketing","alternateName":"RTR sports","url":"https:\/\/rtrsports.com\/es\/","logo":{"@type":"ImageObject","inLanguage":"es","@id":"https:\/\/rtrsports.com\/es\/#\/schema\/logo\/image\/","url":"https:\/\/rtrsports.com\/wp-content\/uploads\/2024\/01\/rtrsports-anniversary-1.jpg","contentUrl":"https:\/\/rtrsports.com\/wp-content\/uploads\/2024\/01\/rtrsports-anniversary-1.jpg","width":946,"height":260,"caption":"RTR Sports Marketing"},"image":{"@id":"https:\/\/rtrsports.com\/es\/#\/schema\/logo\/image\/"},"sameAs":["https:\/\/www.facebook.com\/RTRSportsMarketing\/","https:\/\/x.com\/rtrsports","https:\/\/www.linkedin.com\/company\/rtr-sports-marketing\/"],"description":"RTR Sports Marketing is a global motorsport sponsorship agency and consultancy, specialized in Formula 1 and MotoGP, and active across all major international racing series including Formula E, NASCAR, WEC, WRC and Dakar, helping brands build data-driven, high-performance sponsorship programs.","email":"info@rtrsports.com","legalName":"RTR Sports Marketing LTD","numberOfEmployees":{"@type":"QuantitativeValue","minValue":"1","maxValue":"10"}}]}},"_links":{"self":[{"href":"https:\/\/rtrsports.com\/es\/wp-json\/wp\/v2\/pages\/106341","targetHints":{"allow":["GET"]}}],"collection":[{"href":"https:\/\/rtrsports.com\/es\/wp-json\/wp\/v2\/pages"}],"about":[{"href":"https:\/\/rtrsports.com\/es\/wp-json\/wp\/v2\/types\/page"}],"author":[{"embeddable":true,"href":"https:\/\/rtrsports.com\/es\/wp-json\/wp\/v2\/users\/2"}],"replies":[{"embeddable":true,"href":"https:\/\/rtrsports.com\/es\/wp-json\/wp\/v2\/comments?post=106341"}],"version-history":[{"count":7,"href":"https:\/\/rtrsports.com\/es\/wp-json\/wp\/v2\/pages\/106341\/revisions"}],"predecessor-version":[{"id":341576,"href":"https:\/\/rtrsports.com\/es\/wp-json\/wp\/v2\/pages\/106341\/revisions\/341576"}],"wp:featuredmedia":[{"embeddable":true,"href":"https:\/\/rtrsports.com\/es\/wp-json\/wp\/v2\/media\/106367"}],"wp:attachment":[{"href":"https:\/\/rtrsports.com\/es\/wp-json\/wp\/v2\/media?parent=106341"}],"curies":[{"name":"wp","href":"https:\/\/api.w.org\/{rel}","templated":true}]}}