{"id":340198,"date":"2025-09-12T14:41:59","date_gmt":"2025-09-12T12:41:59","guid":{"rendered":"https:\/\/rtrsports.com\/agencia-de-patrocinio-nascar\/"},"modified":"2026-02-26T12:16:18","modified_gmt":"2026-02-26T11:16:18","slug":"agencia-de-patrocinio-nascar","status":"publish","type":"page","link":"https:\/\/rtrsports.com\/es\/agencia-de-patrocinio-nascar\/","title":{"rendered":"Agencia de patrocinio NASCAR"},"content":{"rendered":"","protected":false},"excerpt":{"rendered":"","protected":false},"author":2,"featured_media":340003,"parent":0,"menu_order":0,"comment_status":"closed","ping_status":"closed","template":"page-template\/page-flexible-template.php","meta":{"_acf_changed":false,"footnotes":""},"class_list":["post-340198","page","type-page","status-publish","has-post-thumbnail","hentry"],"acf":[],"yoast_head":"<!-- This site is optimized with the Yoast SEO Premium plugin v26.8 (Yoast SEO v27.3) - https:\/\/yoast.com\/product\/yoast-seo-premium-wordpress\/ -->\n<title>Agencia de patrocinio NASCAR<\/title>\n<meta name=\"description\" content=\"Lleva tu marca a las 500 Millas de Daytona y a la NASCAR Cup Series. Nuestra agencia de patrocinio y publicidad te conecta con millones de apasionados aficionados a las carreras.\" \/>\n<meta name=\"robots\" content=\"index, follow, max-snippet:-1, max-image-preview:large, max-video-preview:-1\" \/>\n<link rel=\"canonical\" href=\"https:\/\/rtrsports.com\/es\/agencia-de-patrocinio-nascar\/\" \/>\n<meta property=\"og:locale\" content=\"es_ES\" \/>\n<meta property=\"og:type\" content=\"article\" \/>\n<meta property=\"og:title\" content=\"Agencia de patrocinio NASCAR\" \/>\n<meta property=\"og:description\" content=\"Lleva tu marca a las 500 Millas de Daytona y a la NASCAR Cup Series. Nuestra agencia de patrocinio y publicidad te conecta con millones de apasionados aficionados a las carreras.\" \/>\n<meta property=\"og:url\" content=\"https:\/\/rtrsports.com\/es\/agencia-de-patrocinio-nascar\/\" \/>\n<meta property=\"og:site_name\" content=\"RTR Sports\" \/>\n<meta property=\"article:publisher\" content=\"https:\/\/www.facebook.com\/RTRSportsMarketing\/\" \/>\n<meta property=\"og:image\" content=\"https:\/\/rtrsports.com\/wp-content\/uploads\/2025\/09\/2025_Coca-Cola_600_9064918.jpg\" \/>\n\t<meta property=\"og:image:width\" content=\"2560\" \/>\n\t<meta property=\"og:image:height\" content=\"1707\" \/>\n\t<meta property=\"og:image:type\" content=\"image\/jpeg\" \/>\n<meta name=\"twitter:card\" content=\"summary_large_image\" \/>\n<meta name=\"twitter:site\" content=\"@rtrsports\" \/>\n<script type=\"application\/ld+json\" class=\"yoast-schema-graph\">{\"@context\":\"https:\\\/\\\/schema.org\",\"@graph\":[{\"@type\":\"WebPage\",\"@id\":\"https:\\\/\\\/rtrsports.com\\\/es\\\/agencia-de-patrocinio-nascar\\\/\",\"url\":\"https:\\\/\\\/rtrsports.com\\\/es\\\/agencia-de-patrocinio-nascar\\\/\",\"name\":\"Agencia de patrocinio NASCAR\",\"isPartOf\":{\"@id\":\"https:\\\/\\\/rtrsports.com\\\/es\\\/#website\"},\"primaryImageOfPage\":{\"@id\":\"https:\\\/\\\/rtrsports.com\\\/es\\\/agencia-de-patrocinio-nascar\\\/#primaryimage\"},\"image\":{\"@id\":\"https:\\\/\\\/rtrsports.com\\\/es\\\/agencia-de-patrocinio-nascar\\\/#primaryimage\"},\"thumbnailUrl\":\"https:\\\/\\\/rtrsports.com\\\/wp-content\\\/uploads\\\/2025\\\/09\\\/2025_Coca-Cola_600_9064918.jpg\",\"datePublished\":\"2025-09-12T12:41:59+00:00\",\"dateModified\":\"2026-02-26T11:16:18+00:00\",\"description\":\"Lleva tu marca a las 500 Millas de Daytona y a la NASCAR Cup Series. Nuestra agencia de patrocinio y publicidad te conecta con millones de apasionados aficionados a las carreras.\",\"breadcrumb\":{\"@id\":\"https:\\\/\\\/rtrsports.com\\\/es\\\/agencia-de-patrocinio-nascar\\\/#breadcrumb\"},\"inLanguage\":\"es\",\"potentialAction\":[{\"@type\":\"ReadAction\",\"target\":[\"https:\\\/\\\/rtrsports.com\\\/es\\\/agencia-de-patrocinio-nascar\\\/\"]}]},{\"@type\":\"ImageObject\",\"inLanguage\":\"es\",\"@id\":\"https:\\\/\\\/rtrsports.com\\\/es\\\/agencia-de-patrocinio-nascar\\\/#primaryimage\",\"url\":\"https:\\\/\\\/rtrsports.com\\\/wp-content\\\/uploads\\\/2025\\\/09\\\/2025_Coca-Cola_600_9064918.jpg\",\"contentUrl\":\"https:\\\/\\\/rtrsports.com\\\/wp-content\\\/uploads\\\/2025\\\/09\\\/2025_Coca-Cola_600_9064918.jpg\",\"width\":2560,\"height\":1707,\"caption\":\"Pilotos de la NASCAR corren en la Coca-Cola 600 en el Charlotte Motor Speedway de Concord, Carolina del Norte, el 25 de mayo de 2025. La Coca-Cola 600 se celebra el fin de semana del D\u00eda de los Ca\u00eddos y es la carrera m\u00e1s larga sancionada por la NASCAR. Paracaidistas de la 82\u00aa Divisi\u00f3n Aerotransportada participaron en eventos de la carrera Coca Cola 600 de la NASCAR interactuando con civiles, demostrando capacidades militares y honrando a los miembros del servicio ca\u00eddos con motivo del D\u00eda de los Ca\u00eddos. (Foto del Ej\u00e9rcito de EE.UU. por Spc. Jayreliz Batista Prado)\"},{\"@type\":\"BreadcrumbList\",\"@id\":\"https:\\\/\\\/rtrsports.com\\\/es\\\/agencia-de-patrocinio-nascar\\\/#breadcrumb\",\"itemListElement\":[{\"@type\":\"ListItem\",\"position\":1,\"name\":\"Home\",\"item\":\"https:\\\/\\\/rtrsports.com\\\/es\\\/\"},{\"@type\":\"ListItem\",\"position\":2,\"name\":\"Agencia de patrocinio NASCAR\"}]},{\"@type\":\"WebSite\",\"@id\":\"https:\\\/\\\/rtrsports.com\\\/es\\\/#website\",\"url\":\"https:\\\/\\\/rtrsports.com\\\/es\\\/\",\"name\":\"RTR Sports Marketing\",\"description\":\"RTR Sports Marketing is a global motorsport sponsorship agency and consultancy, specialized in Formula 1 and MotoGP, and active across all major international racing series including Formula E, NASCAR, WEC, WRC and Dakar, helping brands build data-driven, high-performance sponsorship programs.\",\"publisher\":{\"@id\":\"https:\\\/\\\/rtrsports.com\\\/es\\\/#organization\"},\"alternateName\":\"RTR Sports\",\"potentialAction\":[{\"@type\":\"SearchAction\",\"target\":{\"@type\":\"EntryPoint\",\"urlTemplate\":\"https:\\\/\\\/rtrsports.com\\\/es\\\/?s={search_term_string}\"},\"query-input\":{\"@type\":\"PropertyValueSpecification\",\"valueRequired\":true,\"valueName\":\"search_term_string\"}}],\"inLanguage\":\"es\"},{\"@type\":\"Organization\",\"@id\":\"https:\\\/\\\/rtrsports.com\\\/es\\\/#organization\",\"name\":\"RTR Sports Marketing\",\"alternateName\":\"RTR sports\",\"url\":\"https:\\\/\\\/rtrsports.com\\\/es\\\/\",\"logo\":{\"@type\":\"ImageObject\",\"inLanguage\":\"es\",\"@id\":\"https:\\\/\\\/rtrsports.com\\\/es\\\/#\\\/schema\\\/logo\\\/image\\\/\",\"url\":\"https:\\\/\\\/rtrsports.com\\\/wp-content\\\/uploads\\\/2024\\\/01\\\/rtrsports-anniversary-1.jpg\",\"contentUrl\":\"https:\\\/\\\/rtrsports.com\\\/wp-content\\\/uploads\\\/2024\\\/01\\\/rtrsports-anniversary-1.jpg\",\"width\":946,\"height\":260,\"caption\":\"RTR Sports Marketing\"},\"image\":{\"@id\":\"https:\\\/\\\/rtrsports.com\\\/es\\\/#\\\/schema\\\/logo\\\/image\\\/\"},\"sameAs\":[\"https:\\\/\\\/www.facebook.com\\\/RTRSportsMarketing\\\/\",\"https:\\\/\\\/x.com\\\/rtrsports\",\"https:\\\/\\\/www.linkedin.com\\\/company\\\/rtr-sports-marketing\\\/\"],\"description\":\"RTR Sports Marketing is a global motorsport sponsorship agency and consultancy, specialized in Formula 1 and MotoGP, and active across all major international racing series including Formula E, NASCAR, WEC, WRC and Dakar, helping brands build data-driven, high-performance sponsorship programs.\",\"email\":\"info@rtrsports.com\",\"legalName\":\"RTR Sports Marketing LTD\",\"numberOfEmployees\":{\"@type\":\"QuantitativeValue\",\"minValue\":\"1\",\"maxValue\":\"10\"}}]}<\/script>\n<!-- \/ Yoast SEO Premium plugin. -->","yoast_head_json":{"title":"Agencia de patrocinio NASCAR","description":"Lleva tu marca a las 500 Millas de Daytona y a la NASCAR Cup Series. Nuestra agencia de patrocinio y publicidad te conecta con millones de apasionados aficionados a las carreras.","robots":{"index":"index","follow":"follow","max-snippet":"max-snippet:-1","max-image-preview":"max-image-preview:large","max-video-preview":"max-video-preview:-1"},"canonical":"https:\/\/rtrsports.com\/es\/agencia-de-patrocinio-nascar\/","og_locale":"es_ES","og_type":"article","og_title":"Agencia de patrocinio NASCAR","og_description":"Lleva tu marca a las 500 Millas de Daytona y a la NASCAR Cup Series. Nuestra agencia de patrocinio y publicidad te conecta con millones de apasionados aficionados a las carreras.","og_url":"https:\/\/rtrsports.com\/es\/agencia-de-patrocinio-nascar\/","og_site_name":"RTR Sports","article_publisher":"https:\/\/www.facebook.com\/RTRSportsMarketing\/","og_image":[{"width":2560,"height":1707,"url":"https:\/\/rtrsports.com\/wp-content\/uploads\/2025\/09\/2025_Coca-Cola_600_9064918.jpg","type":"image\/jpeg"}],"twitter_card":"summary_large_image","twitter_site":"@rtrsports","schema":{"@context":"https:\/\/schema.org","@graph":[{"@type":"WebPage","@id":"https:\/\/rtrsports.com\/es\/agencia-de-patrocinio-nascar\/","url":"https:\/\/rtrsports.com\/es\/agencia-de-patrocinio-nascar\/","name":"Agencia de patrocinio NASCAR","isPartOf":{"@id":"https:\/\/rtrsports.com\/es\/#website"},"primaryImageOfPage":{"@id":"https:\/\/rtrsports.com\/es\/agencia-de-patrocinio-nascar\/#primaryimage"},"image":{"@id":"https:\/\/rtrsports.com\/es\/agencia-de-patrocinio-nascar\/#primaryimage"},"thumbnailUrl":"https:\/\/rtrsports.com\/wp-content\/uploads\/2025\/09\/2025_Coca-Cola_600_9064918.jpg","datePublished":"2025-09-12T12:41:59+00:00","dateModified":"2026-02-26T11:16:18+00:00","description":"Lleva tu marca a las 500 Millas de Daytona y a la NASCAR Cup Series. Nuestra agencia de patrocinio y publicidad te conecta con millones de apasionados aficionados a las carreras.","breadcrumb":{"@id":"https:\/\/rtrsports.com\/es\/agencia-de-patrocinio-nascar\/#breadcrumb"},"inLanguage":"es","potentialAction":[{"@type":"ReadAction","target":["https:\/\/rtrsports.com\/es\/agencia-de-patrocinio-nascar\/"]}]},{"@type":"ImageObject","inLanguage":"es","@id":"https:\/\/rtrsports.com\/es\/agencia-de-patrocinio-nascar\/#primaryimage","url":"https:\/\/rtrsports.com\/wp-content\/uploads\/2025\/09\/2025_Coca-Cola_600_9064918.jpg","contentUrl":"https:\/\/rtrsports.com\/wp-content\/uploads\/2025\/09\/2025_Coca-Cola_600_9064918.jpg","width":2560,"height":1707,"caption":"Pilotos de la NASCAR corren en la Coca-Cola 600 en el Charlotte Motor Speedway de Concord, Carolina del Norte, el 25 de mayo de 2025. La Coca-Cola 600 se celebra el fin de semana del D\u00eda de los Ca\u00eddos y es la carrera m\u00e1s larga sancionada por la NASCAR. Paracaidistas de la 82\u00aa Divisi\u00f3n Aerotransportada participaron en eventos de la carrera Coca Cola 600 de la NASCAR interactuando con civiles, demostrando capacidades militares y honrando a los miembros del servicio ca\u00eddos con motivo del D\u00eda de los Ca\u00eddos. (Foto del Ej\u00e9rcito de EE.UU. por Spc. Jayreliz Batista Prado)"},{"@type":"BreadcrumbList","@id":"https:\/\/rtrsports.com\/es\/agencia-de-patrocinio-nascar\/#breadcrumb","itemListElement":[{"@type":"ListItem","position":1,"name":"Home","item":"https:\/\/rtrsports.com\/es\/"},{"@type":"ListItem","position":2,"name":"Agencia de patrocinio NASCAR"}]},{"@type":"WebSite","@id":"https:\/\/rtrsports.com\/es\/#website","url":"https:\/\/rtrsports.com\/es\/","name":"RTR Sports Marketing","description":"RTR Sports Marketing is a global motorsport sponsorship agency and consultancy, specialized in Formula 1 and MotoGP, and active across all major international racing series including Formula E, NASCAR, WEC, WRC and Dakar, helping brands build data-driven, high-performance sponsorship programs.","publisher":{"@id":"https:\/\/rtrsports.com\/es\/#organization"},"alternateName":"RTR Sports","potentialAction":[{"@type":"SearchAction","target":{"@type":"EntryPoint","urlTemplate":"https:\/\/rtrsports.com\/es\/?s={search_term_string}"},"query-input":{"@type":"PropertyValueSpecification","valueRequired":true,"valueName":"search_term_string"}}],"inLanguage":"es"},{"@type":"Organization","@id":"https:\/\/rtrsports.com\/es\/#organization","name":"RTR Sports Marketing","alternateName":"RTR sports","url":"https:\/\/rtrsports.com\/es\/","logo":{"@type":"ImageObject","inLanguage":"es","@id":"https:\/\/rtrsports.com\/es\/#\/schema\/logo\/image\/","url":"https:\/\/rtrsports.com\/wp-content\/uploads\/2024\/01\/rtrsports-anniversary-1.jpg","contentUrl":"https:\/\/rtrsports.com\/wp-content\/uploads\/2024\/01\/rtrsports-anniversary-1.jpg","width":946,"height":260,"caption":"RTR Sports Marketing"},"image":{"@id":"https:\/\/rtrsports.com\/es\/#\/schema\/logo\/image\/"},"sameAs":["https:\/\/www.facebook.com\/RTRSportsMarketing\/","https:\/\/x.com\/rtrsports","https:\/\/www.linkedin.com\/company\/rtr-sports-marketing\/"],"description":"RTR Sports Marketing is a global motorsport sponsorship agency and consultancy, specialized in Formula 1 and MotoGP, and active across all major international racing series including Formula E, NASCAR, WEC, WRC and Dakar, helping brands build data-driven, high-performance sponsorship programs.","email":"info@rtrsports.com","legalName":"RTR Sports Marketing LTD","numberOfEmployees":{"@type":"QuantitativeValue","minValue":"1","maxValue":"10"}}]}},"_links":{"self":[{"href":"https:\/\/rtrsports.com\/es\/wp-json\/wp\/v2\/pages\/340198","targetHints":{"allow":["GET"]}}],"collection":[{"href":"https:\/\/rtrsports.com\/es\/wp-json\/wp\/v2\/pages"}],"about":[{"href":"https:\/\/rtrsports.com\/es\/wp-json\/wp\/v2\/types\/page"}],"author":[{"embeddable":true,"href":"https:\/\/rtrsports.com\/es\/wp-json\/wp\/v2\/users\/2"}],"replies":[{"embeddable":true,"href":"https:\/\/rtrsports.com\/es\/wp-json\/wp\/v2\/comments?post=340198"}],"version-history":[{"count":1,"href":"https:\/\/rtrsports.com\/es\/wp-json\/wp\/v2\/pages\/340198\/revisions"}],"predecessor-version":[{"id":342317,"href":"https:\/\/rtrsports.com\/es\/wp-json\/wp\/v2\/pages\/340198\/revisions\/342317"}],"wp:featuredmedia":[{"embeddable":true,"href":"https:\/\/rtrsports.com\/es\/wp-json\/wp\/v2\/media\/340003"}],"wp:attachment":[{"href":"https:\/\/rtrsports.com\/es\/wp-json\/wp\/v2\/media?parent=340198"}],"curies":[{"name":"wp","href":"https:\/\/api.w.org\/{rel}","templated":true}]}}