{"id":63402,"date":"2021-04-27T17:38:52","date_gmt":"2021-04-27T15:38:52","guid":{"rendered":"https:\/\/stg-rtrsportscom-rtrstaging.kinsta.cloud\/agencia-patrocinios-deportivos\/"},"modified":"2024-10-05T10:20:26","modified_gmt":"2024-10-05T08:20:26","slug":"agencia-patrocinio","status":"publish","type":"page","link":"https:\/\/rtrsports.com\/es\/agencia-patrocinio\/","title":{"rendered":"Agencia de patrocinio deportivo"},"content":{"rendered":"<p>Agencia de patrocinio y marketing deportivo<\/p>\n<h2>Elegir una agencia de marketing deportivo<\/h2>\n<p><strong>RTR<\/strong> Sports es una agencia de patrocinio deportivo que ayuda a las marcas ambiciosas a alcanzar sus objetivos de marketing corporativo mediante el uso de asociaciones deportivas como herramientas eficaces de marca y compromiso.<\/p>\n<p>Proporcionamos consultor\u00eda de marketing deportivo a las marcas y empresas que desean utilizar el patrocinio de <strong>los deportes de motor de alto nivel<\/strong> (F\u00f3rmula 1, MotoGP, F\u00f3rmula E, WSBK) para comprometerse y comunicarse mejor con sus clientes y partes interesadas.<\/p>\n<p>Un patrocinio deportivo puede utilizarse para lograr una amplia gama de objetivos, desde el aumento o la construcci\u00f3n de la conciencia de marca y los valores de la marca hasta el aumento de las ventas y la cuota de mercado.<\/p>\n<p>RTR Sports tiene un historial probado en ayudar a las empresas a alcanzar sus objetivos de marketing y\/o comerciales a trav\u00e9s del patrocinio. Tenemos un profundo conocimiento del sector del patrocinio y de c\u00f3mo aprovechar una asociaci\u00f3n para alcanzar sus objetivos.<\/p>\n<h2>\u00bfPor qu\u00e9 invertir en deporte?<\/h2>\n<p>El deporte es una herramienta de marketing y comunicaci\u00f3n realmente poderosa para empresas de todos los tama\u00f1os y sectores, y en los \u00faltimos a\u00f1os se ha hecho muy popular en todos los medios de comunicaci\u00f3n. <strong>Es global, emocionante y llena de valores<\/strong> positivos. El p\u00fablico mundial es joven, experimentado, muy tecnol\u00f3gico y permite tomar decisiones a largo plazo, con un enorme potencial de marketing.<\/p>\n<p>Si se aprovecha correctamente, una estrategia de patrocinio puede ser muy eficaz para cualquier marca que quiera llegar a una base de clientes comprometida y espec\u00edfica, con la ventaja a\u00f1adida de hacerlo sin recurrir a interrupciones publicitarias. <strong>RTR es una agencia de marketing deportivo<\/strong> que desarrolla estrategias personalizadas para grandes, peque\u00f1as y medianas empresas.<\/p>\n<p>Sabemos que cada marca es \u00fanica, con sus propios retos y objetivos. Tambi\u00e9n sabemos que la estrategia de talla \u00fanica y el &#8220;copiar y pegar&#8221; no funcionan bien cuando se trata del patrocinio deportivo. El patrocinio debe considerarse una inversi\u00f3n, no un coste, y trabajaremos con usted para garantizar que su inversi\u00f3n tenga un rendimiento m\u00e1s que positivo.<\/p>\n<h2>\u00bfPor qu\u00e9 elegir RTR Sports? Una agencia independiente l\u00edder en patrocinios y todo lo relacionado con el marketing deportivo<\/h2>\n<p>RTR Sports es una agencia de marketing deportivo independiente, capaz de ofrecer a sus clientes servicios \u00fanicos y personalizados.<\/p>\n<p><strong>La independencia nos permite colaborar con todos los equipos, conductores y organizaciones, lo que nos permite encontrar las mejores asociaciones posibles para nuestros clientes.<\/strong>  Adem\u00e1s, somos libres de recomendar la ruta m\u00e1s adecuada para usted y su marca sin ninguna obligaci\u00f3n. \u00bfEn qu\u00e9 le beneficia esto? \u00bfY por qu\u00e9 es importante?<\/p>\n<p>Una agencia independiente puede ofrecerle m\u00faltiples opciones sin soluciones preconcebidas, a\u00f1adir conocimientos y experiencia adicionales para ayudarle a apreciar los detalles, y ahorrarle tiempo y dinero con una amplia visi\u00f3n del mercado.<\/p>\n<p>Tambi\u00e9n <strong>proporciona una visi\u00f3n clara y s\u00f3lida<\/strong> del posible escenario de asociaci\u00f3n, con m\u00faltiples opciones e informaci\u00f3n sobre diferentes caminos. Esto es crucial a la hora de evaluar las oportunidades en un \u00e1mbito tan competitivo: tomar decisiones basadas en datos es imperativo cuando el objetivo es crear campa\u00f1as exitosas que duren.Contacto con nosotros<\/p>\n<h2>M\u00e1s de dos d\u00e9cadas de experiencia en patrocinio y marketing deportivo<\/h2>\n<p>Tenemos una larga historia en el automovilismo que se remonta a 1995: 25 a\u00f1os de \u00e9xitos con clientes, equipos y pilotos en <strong>la F\u00f3rmula 1<\/strong>, <strong>MotoGP<\/strong> y <strong>F\u00f3rmula E<\/strong>.<\/p>\n<p>Somos una empresa de marketing <strong>con sede en Londres<\/strong> que asesora a las empresas que quieren utilizar el deporte como herramienta de \u00e9xito. Empezamos por evaluar los objetivos y deseos de nuestros clientes, para poder elegir las propiedades, actividades y plataformas adecuadas para lanzar una campa\u00f1a impactante que ofrezca resultados duraderos.<\/p>\n<p>Para m\u00e1s informaci\u00f3n, no dude en escribirnos un mensaje en cualquier momento a: info@rtrsports.com o pulse el bot\u00f3n de abajo.  <strong>Encontraremos la soluci\u00f3n m\u00e1s eficaz para su empresa.<\/strong><\/p>\n<h2>Nuestros servicios de patrocinio deportivo<\/h2>\n<p>Ofrecemos una amplia gama de servicios para satisfacer sus necesidades de patrocinio, que incluyen, entre otros, los siguientes: identificaci\u00f3n, evaluaci\u00f3n, negociaci\u00f3n, gesti\u00f3n, medici\u00f3n, activaci\u00f3n y mapeo de las oportunidades deportivas que se pueden aprovechar.<\/p>\n<p>Como agencia de patrocinio deportivo con una actividad principal en el patrocinio y el marketing del automovilismo, podemos ayudarle con lo siguiente<\/p>\n<ul>\n<li><strong>Selecci\u00f3n de patrocinadores<\/strong><\/li>\n<li><strong>Definir la estrategia de patrocinio<\/strong><\/li>\n<li><strong>Asesoramiento en materia de patrocinio<\/strong><\/li>\n<li><strong>Negociaci\u00f3n de contratos y patrocinios<\/strong><\/li>\n<li><strong>Gesti\u00f3n de los derechos de patrocinio<\/strong><\/li>\n<li><strong>Activaci\u00f3n del patrocinio (producci\u00f3n de contenidos creativos, gesti\u00f3n de la hospitalidad, oportunidades de concesi\u00f3n de licencias, gesti\u00f3n de eventos en pista, asociaciones B2B, actividades de participaci\u00f3n de los aficionados y m\u00e1s, seguimiento y gesti\u00f3n sobre el terreno)<\/strong><\/li>\n<li><strong>Medici\u00f3n del patrocinio y c\u00e1lculo del ROI<\/strong><\/li>\n<\/ul>\n<p>Tenga en cuenta que no somos un corredor de patrocinio y no nos dedicamos a buscar contratos de patrocinio para propiedades y eventos deportivos. Somos una agencia de consultor\u00eda de patrocinio que asesora a marcas y empresas que desean utilizar el patrocinio de <strong>MotoGP, el<\/strong> <strong>Mundial de Superbikes<\/strong>, la F\u00f3rmula <strong>E<\/strong> y <strong>la F\u00f3rmula<\/strong> 1 para lograr sus objetivos comerciales y de marketing.Contacto con nosotros<\/p>\n<h2>RTR: nuestra historia como agencia de patrocinio deportivo<\/h2>\n<p><strong>RTR Sports se fund\u00f3 en 1995<\/strong>, cuando tom\u00e9 la decisi\u00f3n impulsiva de volver a Bolonia (Italia), la ciudad que me hab\u00eda acogido durante mis a\u00f1os universitarios.<\/p>\n<p>Volv\u00ed a lo que el mundo llama &#8220;Il Belpaese&#8221;, despu\u00e9s de un par de experiencias en patrocinios de deportes de motor en SDC en Bruselas y Pro Com en M\u00fanich, precedidas de un breve paso por las relaciones p\u00fablicas en Counsel LTD en Londres.<\/p>\n<h3>Trabajar duro, divertirse<\/h3>\n<p>Los primeros a\u00f1os se caracterizaron por el principio &#8220;trabajar mucho, jugar mucho&#8221;, con cientos de reuniones y una gran satisfacci\u00f3n profesional. Fueron los a\u00f1os de mis primeros acuerdos con <strong>Williams<\/strong> en la <strong>F\u00f3rmula<\/strong> 1 para la modernizaci\u00f3n de las instalaciones del equipo con cer\u00e1mica Mirage. Mi primer acuerdo de patrocinio se firm\u00f3 en agosto, lo cual es extraordinario, ya que se trata del periodo de vacaciones de verano en Italia. Fue posible gracias a la ayuda de Gaetano Vandelli, GM de la \u00e9poca, a quien va todo mi agradecimiento, que tuvo la intuici\u00f3n de que hab\u00eda algo bueno en lo que le estaba proponiendo de forma muy desordenada pero entusiasta. Hablamos del deporte, del patrocinio, de las soluciones para los retos de marketing de las empresas y de c\u00f3mo una agencia de consultor\u00eda de patrocinio podr\u00eda ser \u00fatil para las empresas que operan en diversos sectores. Los buenos tiempos.<\/p>\n<h3>Los a\u00f1os del patrocinio de la F\u00f3rmula 1<\/h3>\n<p>A este acuerdo le siguieron otros patrocinios, firmados con la entonces exitosa escuder\u00eda <strong>Williams<\/strong>. Fueron los a\u00f1os de Damon Hill, Jacques Villeneuve y Heinz Harald Frentzen: la \u00e9poca en la que se consolid\u00f3 nuestra estrecha relaci\u00f3n con las cuatro ruedas. Tras estas experiencias, colaboramos con <strong>McLaren<\/strong> en una operaci\u00f3n similar para la construcci\u00f3n de su <strong>Centro Tecnol\u00f3gico en Woking<\/strong>: los socios de la operaci\u00f3n fueron Pastorelli y Mapei. Fue una estrategia innovadora y una peque\u00f1a revoluci\u00f3n en el sector. M\u00e1s tarde, colaboramos en la reconstrucci\u00f3n de la planta de Toro Rosso en Faenza, Italia, y de nuevo utilizando el mismo esquema unos a\u00f1os m\u00e1s tarde, en la modernizaci\u00f3n de la sede del equipo Andretti Autosport en Banbury . Siempre corriendo, siempre ocupado.<\/p>\n<h3>Infostrada, Ducati y MotoGP<\/h3>\n<p>Poco despu\u00e9s de volver a Italia, se reaviv\u00f3 mi pasi\u00f3n infantil por las dos ruedas. Primero el campeonato mundial <strong>de SBK<\/strong> con <strong>Infostrada<\/strong>, que se convirti\u00f3 en el principal patrocinador del equipo oficial <strong>Ducati<\/strong> y de todo el campeonato durante unos a\u00f1os, seguido del primer acuerdo de licencia de un videojuego entre Black Bean (actualmente Leader) y <strong>SBK<\/strong>.<\/p>\n<p>Fueron nuestros primeros e intr\u00e9pidos pasos como agencia de patrocinio deportivo, en una \u00e9poca en la que nuestra creatividad diaria era imparable. Todav\u00eda \u00e9ramos j\u00f3venes cuando, junto con Carlo Merlini, que m\u00e1s tarde se convertir\u00eda en director comercial del equipo Gresini, ganamos el premio de <strong>la ESA -Asociaci\u00f3n Europea de Patrocinio-<\/strong> al mejor proyecto de patrocinio del a\u00f1o en Italia. Se trataba de una colaboraci\u00f3n entre la <strong>regi\u00f3n<\/strong> de <strong>Emilia Romagna<\/strong>y <strong>Ducati<\/strong>, que lanzaba su primer <strong>World Ducati Weekend<\/strong>. Si vuelvo a mirar el proyecto ahora, todav\u00eda puedo ver todos los elementos clave para el \u00e9xito, incluido el c\u00e1lculo del retorno de la inversi\u00f3n que un proyecto bien hecho siempre debe incluir. Por cierto, nunca llegamos a presentar el patrocinio en la final europea de Suecia: siempre hemos sido m\u00e1s de hechos que de palabras.<\/p>\n<h3>T\u00f3melo o d\u00e9jelo<\/h3>\n<p>Muchas empresas nos pidieron una transici\u00f3n de <strong>SBK<\/strong> a <strong>MotoGP<\/strong>. Esta necesidad nos permiti\u00f3 repetir e iniciar colaboraciones con <strong>Ducati, Yamaha, Honda<\/strong> y muchos protagonistas de las dos ruedas, as\u00ed como con <strong>Dorna,<\/strong> el organizador del campeonato.<\/p>\n<p>Mientras tanto, para mejorar el compromiso con los clientes finales y acercar el deporte a los consumidores, desarrollamos y pusimos en marcha innovadores proyectos de activaci\u00f3n en centros comerciales, playas, parques acu\u00e1ticos y zonas de gran afluencia de p\u00fablico. Tambi\u00e9n iniciamos giras de muestreo para grandes empresas nacionales e internacionales y empezamos a participar en los principales salones del autom\u00f3vil y la moto, como el <strong>MotorShow,<\/strong> y en otras ferias importantes. Tambi\u00e9n hemos tenido la satisfacci\u00f3n de colaborar en un programa de patrocinio muy bonito para los Juegos Ol\u00edmpicos y de utilizar grandes marcas y estrellas del deporte para acuerdos de licencia y testimoniales, como el ordenador y la estaci\u00f3n de trabajo de Valentino Rossi  <strong>Abarth.<\/strong>  Si quiere ver lo que hemos hecho para  <strong>Fastweb, Campari, Piaggio<\/strong>  o  <strong>BMW,<\/strong>  que son s\u00f3lo algunos ejemplos de los trabajos realizados, eche un vistazo a nuestras historias de casos aqu\u00ed.<\/p>\n<h3>Regreso a Londres<\/h3>\n<p>En 2016, volvimos al <strong>Reino Unido<\/strong>, donde fundamos <strong>RTR<\/strong> Sports <strong>Marketing LTD<\/strong>, una agencia de patrocinio deportivo en Londres con el objetivo de estar f\u00edsicamente m\u00e1s cerca de las grandes sedes corporativas y europeas. Pensamos que el Reino Unido pod\u00eda ofrecernos una clientela m\u00e1s internacional y esto nos abri\u00f3 nuevas oportunidades, al tiempo que intent\u00e1bamos mantener y satisfacer a nuestra clientela italiana. Tenemos acuerdos con clientes de Tailandia, Rusia y Nueva Zelanda, por citar algunos. El trabajo se hizo m\u00e1s global, pero tambi\u00e9n m\u00e1s estructurado y orientado a la estrategia.<\/p>\n<p>La agencia estaba cambiando, al igual que el patrocinio.  <strong>Desde una herramienta centrada en la exposici\u00f3n, que se centraba en el d\u00eda del evento, hasta una central de marketing de 360\u00ba que permit\u00eda a cada marca crear una estrategia de comunicaci\u00f3n a medida para conectar y comprometerse con sus usuarios, monetizando las interacciones con ellos si era posible.<\/strong>  Un valor potencial inmenso, en manos de directores de marketing, ejecutivos de marketing y empresas globales.<\/p>\n<p>Hoy en d\u00eda, mientras seguimos trabajando en la industria con patrocinios y acuerdos con muchos actores de primera l\u00ednea, estamos listos para volver a las cuatro ruedas para apoyar su emocionante nueva entrada, la <strong>F\u00f3rmula E<\/strong>, as\u00ed como el ahora floreciente campeonato de <strong>F\u00f3rmula<\/strong> 1.<\/p>\n<p><strong>Los pr\u00f3ximos 20 a\u00f1os son nuestro reto<\/strong> y estamos preparados. Siempre a la carrera, siempre involucrados en el marketing deportivo y el patrocinio, pero con un poco m\u00e1s de experiencia podemos ofrecer a nuestros clientes.Contacto con nosotros<\/p>\n","protected":false},"excerpt":{"rendered":"<p>Elegir una agencia de marketing deportivo RTR Sports es una agencia de patrocinio deportivo que ayuda a las marcas ambiciosas a alcanzar sus objetivos de marketing corporativo mediante el uso de asociaciones deportivas como herramientas eficaces de marca y compromiso. Proporcionamos consultor\u00eda de marketing deportivo a las marcas y empresas que desean utilizar el patrocinio [&hellip;]<\/p>\n","protected":false},"author":2,"featured_media":254501,"parent":0,"menu_order":0,"comment_status":"closed","ping_status":"closed","template":"page-template\/page-flexible-template.php","meta":{"_acf_changed":false,"footnotes":""},"class_list":["post-63402","page","type-page","status-publish","has-post-thumbnail","hentry"],"acf":[],"yoast_head":"<!-- This site is optimized with the Yoast SEO Premium plugin v26.8 (Yoast SEO v27.4) - https:\/\/yoast.com\/product\/yoast-seo-premium-wordpress\/ -->\n<title>RTR Sports Marketing | Agencia de patrocinio deportivo<\/title>\n<meta name=\"description\" content=\"RTR Sports Marketing es una agencia de patrocinio deportivo y marketing deportivo: ofrecemos patrocinio deportivo a marcas que utilizan el deporte para llegar al mercado. M\u00e1s informaci\u00f3n\" \/>\n<meta name=\"robots\" content=\"index, follow, max-snippet:-1, max-image-preview:large, max-video-preview:-1\" \/>\n<link rel=\"canonical\" href=\"https:\/\/rtrsports.com\/es\/agencia-patrocinio\/\" \/>\n<meta property=\"og:locale\" content=\"es_ES\" \/>\n<meta property=\"og:type\" content=\"article\" \/>\n<meta property=\"og:title\" content=\"Agencia de patrocinio deportivo\" \/>\n<meta property=\"og:description\" content=\"RTR Sports Marketing es una agencia de patrocinio deportivo y marketing deportivo: ofrecemos patrocinio deportivo a marcas que utilizan el deporte para llegar al mercado. M\u00e1s informaci\u00f3n\" \/>\n<meta property=\"og:url\" content=\"https:\/\/rtrsports.com\/es\/agencia-patrocinio\/\" \/>\n<meta property=\"og:site_name\" content=\"RTR Sports\" \/>\n<meta property=\"article:publisher\" content=\"https:\/\/www.facebook.com\/RTRSportsMarketing\/\" \/>\n<meta property=\"og:image\" content=\"https:\/\/rtrsports.com\/wp-content\/uploads\/2024\/09\/Formula-1-sponsorship-scaled.jpg\" \/>\n\t<meta property=\"og:image:width\" content=\"2560\" \/>\n\t<meta property=\"og:image:height\" content=\"1280\" \/>\n\t<meta property=\"og:image:type\" content=\"image\/jpeg\" \/>\n<meta name=\"twitter:card\" content=\"summary_large_image\" \/>\n<meta name=\"twitter:site\" content=\"@rtrsports\" \/>\n<meta name=\"twitter:label1\" content=\"Est. reading time\" \/>\n\t<meta name=\"twitter:data1\" content=\"1 minute\" \/>\n<script type=\"application\/ld+json\" class=\"yoast-schema-graph\">{\"@context\":\"https:\\\/\\\/schema.org\",\"@graph\":[{\"@type\":\"WebPage\",\"@id\":\"https:\\\/\\\/rtrsports.com\\\/es\\\/agencia-patrocinio\\\/\",\"url\":\"https:\\\/\\\/rtrsports.com\\\/es\\\/agencia-patrocinio\\\/\",\"name\":\"RTR Sports Marketing | Agencia de patrocinio deportivo\",\"isPartOf\":{\"@id\":\"https:\\\/\\\/rtrsports.com\\\/es\\\/#website\"},\"primaryImageOfPage\":{\"@id\":\"https:\\\/\\\/rtrsports.com\\\/es\\\/agencia-patrocinio\\\/#primaryimage\"},\"image\":{\"@id\":\"https:\\\/\\\/rtrsports.com\\\/es\\\/agencia-patrocinio\\\/#primaryimage\"},\"thumbnailUrl\":\"https:\\\/\\\/rtrsports.com\\\/wp-content\\\/uploads\\\/2024\\\/09\\\/Formula-1-sponsorship-scaled.jpg\",\"datePublished\":\"2021-04-27T15:38:52+00:00\",\"dateModified\":\"2024-10-05T08:20:26+00:00\",\"description\":\"RTR Sports Marketing es una agencia de patrocinio deportivo y marketing deportivo: ofrecemos patrocinio deportivo a marcas que utilizan el deporte para llegar al mercado. M\u00e1s informaci\u00f3n\",\"breadcrumb\":{\"@id\":\"https:\\\/\\\/rtrsports.com\\\/es\\\/agencia-patrocinio\\\/#breadcrumb\"},\"inLanguage\":\"es\",\"potentialAction\":[{\"@type\":\"ReadAction\",\"target\":[\"https:\\\/\\\/rtrsports.com\\\/es\\\/agencia-patrocinio\\\/\"]}]},{\"@type\":\"ImageObject\",\"inLanguage\":\"es\",\"@id\":\"https:\\\/\\\/rtrsports.com\\\/es\\\/agencia-patrocinio\\\/#primaryimage\",\"url\":\"https:\\\/\\\/rtrsports.com\\\/wp-content\\\/uploads\\\/2024\\\/09\\\/Formula-1-sponsorship-scaled.jpg\",\"contentUrl\":\"https:\\\/\\\/rtrsports.com\\\/wp-content\\\/uploads\\\/2024\\\/09\\\/Formula-1-sponsorship-scaled.jpg\",\"width\":2560,\"height\":1280,\"caption\":\"Patrocinador ferrari F\u00f3rmula 1\"},{\"@type\":\"BreadcrumbList\",\"@id\":\"https:\\\/\\\/rtrsports.com\\\/es\\\/agencia-patrocinio\\\/#breadcrumb\",\"itemListElement\":[{\"@type\":\"ListItem\",\"position\":1,\"name\":\"Home\",\"item\":\"https:\\\/\\\/rtrsports.com\\\/es\\\/\"},{\"@type\":\"ListItem\",\"position\":2,\"name\":\"Agencia de patrocinio deportivo\"}]},{\"@type\":\"WebSite\",\"@id\":\"https:\\\/\\\/rtrsports.com\\\/es\\\/#website\",\"url\":\"https:\\\/\\\/rtrsports.com\\\/es\\\/\",\"name\":\"RTR Sports Marketing\",\"description\":\"RTR Sports Marketing is a global motorsport sponsorship agency and consultancy, specialized in Formula 1 and MotoGP, and active across all major international racing series including Formula E, NASCAR, WEC, WRC and Dakar, helping brands build data-driven, high-performance sponsorship programs.\",\"publisher\":{\"@id\":\"https:\\\/\\\/rtrsports.com\\\/es\\\/#organization\"},\"alternateName\":\"RTR Sports\",\"potentialAction\":[{\"@type\":\"SearchAction\",\"target\":{\"@type\":\"EntryPoint\",\"urlTemplate\":\"https:\\\/\\\/rtrsports.com\\\/es\\\/?s={search_term_string}\"},\"query-input\":{\"@type\":\"PropertyValueSpecification\",\"valueRequired\":true,\"valueName\":\"search_term_string\"}}],\"inLanguage\":\"es\"},{\"@type\":\"Organization\",\"@id\":\"https:\\\/\\\/rtrsports.com\\\/es\\\/#organization\",\"name\":\"RTR Sports Marketing\",\"alternateName\":\"RTR sports\",\"url\":\"https:\\\/\\\/rtrsports.com\\\/es\\\/\",\"logo\":{\"@type\":\"ImageObject\",\"inLanguage\":\"es\",\"@id\":\"https:\\\/\\\/rtrsports.com\\\/es\\\/#\\\/schema\\\/logo\\\/image\\\/\",\"url\":\"https:\\\/\\\/rtrsports.com\\\/wp-content\\\/uploads\\\/2024\\\/01\\\/rtrsports-anniversary-1.jpg\",\"contentUrl\":\"https:\\\/\\\/rtrsports.com\\\/wp-content\\\/uploads\\\/2024\\\/01\\\/rtrsports-anniversary-1.jpg\",\"width\":946,\"height\":260,\"caption\":\"RTR Sports Marketing\"},\"image\":{\"@id\":\"https:\\\/\\\/rtrsports.com\\\/es\\\/#\\\/schema\\\/logo\\\/image\\\/\"},\"sameAs\":[\"https:\\\/\\\/www.facebook.com\\\/RTRSportsMarketing\\\/\",\"https:\\\/\\\/x.com\\\/rtrsports\",\"https:\\\/\\\/www.linkedin.com\\\/company\\\/rtr-sports-marketing\\\/\"],\"description\":\"RTR Sports Marketing is a global motorsport sponsorship agency and consultancy, specialized in Formula 1 and MotoGP, and active across all major international racing series including Formula E, NASCAR, WEC, WRC and Dakar, helping brands build data-driven, high-performance sponsorship programs.\",\"email\":\"info@rtrsports.com\",\"legalName\":\"RTR Sports Marketing LTD\",\"numberOfEmployees\":{\"@type\":\"QuantitativeValue\",\"minValue\":\"1\",\"maxValue\":\"10\"}}]}<\/script>\n<!-- \/ Yoast SEO Premium plugin. -->","yoast_head_json":{"title":"RTR Sports Marketing | Agencia de patrocinio deportivo","description":"RTR Sports Marketing es una agencia de patrocinio deportivo y marketing deportivo: ofrecemos patrocinio deportivo a marcas que utilizan el deporte para llegar al mercado. M\u00e1s informaci\u00f3n","robots":{"index":"index","follow":"follow","max-snippet":"max-snippet:-1","max-image-preview":"max-image-preview:large","max-video-preview":"max-video-preview:-1"},"canonical":"https:\/\/rtrsports.com\/es\/agencia-patrocinio\/","og_locale":"es_ES","og_type":"article","og_title":"Agencia de patrocinio deportivo","og_description":"RTR Sports Marketing es una agencia de patrocinio deportivo y marketing deportivo: ofrecemos patrocinio deportivo a marcas que utilizan el deporte para llegar al mercado. M\u00e1s informaci\u00f3n","og_url":"https:\/\/rtrsports.com\/es\/agencia-patrocinio\/","og_site_name":"RTR Sports","article_publisher":"https:\/\/www.facebook.com\/RTRSportsMarketing\/","og_image":[{"width":2560,"height":1280,"url":"https:\/\/rtrsports.com\/wp-content\/uploads\/2024\/09\/Formula-1-sponsorship-scaled.jpg","type":"image\/jpeg"}],"twitter_card":"summary_large_image","twitter_site":"@rtrsports","twitter_misc":{"Est. reading time":"1 minute"},"schema":{"@context":"https:\/\/schema.org","@graph":[{"@type":"WebPage","@id":"https:\/\/rtrsports.com\/es\/agencia-patrocinio\/","url":"https:\/\/rtrsports.com\/es\/agencia-patrocinio\/","name":"RTR Sports Marketing | Agencia de patrocinio deportivo","isPartOf":{"@id":"https:\/\/rtrsports.com\/es\/#website"},"primaryImageOfPage":{"@id":"https:\/\/rtrsports.com\/es\/agencia-patrocinio\/#primaryimage"},"image":{"@id":"https:\/\/rtrsports.com\/es\/agencia-patrocinio\/#primaryimage"},"thumbnailUrl":"https:\/\/rtrsports.com\/wp-content\/uploads\/2024\/09\/Formula-1-sponsorship-scaled.jpg","datePublished":"2021-04-27T15:38:52+00:00","dateModified":"2024-10-05T08:20:26+00:00","description":"RTR Sports Marketing es una agencia de patrocinio deportivo y marketing deportivo: ofrecemos patrocinio deportivo a marcas que utilizan el deporte para llegar al mercado. M\u00e1s informaci\u00f3n","breadcrumb":{"@id":"https:\/\/rtrsports.com\/es\/agencia-patrocinio\/#breadcrumb"},"inLanguage":"es","potentialAction":[{"@type":"ReadAction","target":["https:\/\/rtrsports.com\/es\/agencia-patrocinio\/"]}]},{"@type":"ImageObject","inLanguage":"es","@id":"https:\/\/rtrsports.com\/es\/agencia-patrocinio\/#primaryimage","url":"https:\/\/rtrsports.com\/wp-content\/uploads\/2024\/09\/Formula-1-sponsorship-scaled.jpg","contentUrl":"https:\/\/rtrsports.com\/wp-content\/uploads\/2024\/09\/Formula-1-sponsorship-scaled.jpg","width":2560,"height":1280,"caption":"Patrocinador ferrari F\u00f3rmula 1"},{"@type":"BreadcrumbList","@id":"https:\/\/rtrsports.com\/es\/agencia-patrocinio\/#breadcrumb","itemListElement":[{"@type":"ListItem","position":1,"name":"Home","item":"https:\/\/rtrsports.com\/es\/"},{"@type":"ListItem","position":2,"name":"Agencia de patrocinio deportivo"}]},{"@type":"WebSite","@id":"https:\/\/rtrsports.com\/es\/#website","url":"https:\/\/rtrsports.com\/es\/","name":"RTR Sports Marketing","description":"RTR Sports Marketing is a global motorsport sponsorship agency and consultancy, specialized in Formula 1 and MotoGP, and active across all major international racing series including Formula E, NASCAR, WEC, WRC and Dakar, helping brands build data-driven, high-performance sponsorship programs.","publisher":{"@id":"https:\/\/rtrsports.com\/es\/#organization"},"alternateName":"RTR Sports","potentialAction":[{"@type":"SearchAction","target":{"@type":"EntryPoint","urlTemplate":"https:\/\/rtrsports.com\/es\/?s={search_term_string}"},"query-input":{"@type":"PropertyValueSpecification","valueRequired":true,"valueName":"search_term_string"}}],"inLanguage":"es"},{"@type":"Organization","@id":"https:\/\/rtrsports.com\/es\/#organization","name":"RTR Sports Marketing","alternateName":"RTR sports","url":"https:\/\/rtrsports.com\/es\/","logo":{"@type":"ImageObject","inLanguage":"es","@id":"https:\/\/rtrsports.com\/es\/#\/schema\/logo\/image\/","url":"https:\/\/rtrsports.com\/wp-content\/uploads\/2024\/01\/rtrsports-anniversary-1.jpg","contentUrl":"https:\/\/rtrsports.com\/wp-content\/uploads\/2024\/01\/rtrsports-anniversary-1.jpg","width":946,"height":260,"caption":"RTR Sports Marketing"},"image":{"@id":"https:\/\/rtrsports.com\/es\/#\/schema\/logo\/image\/"},"sameAs":["https:\/\/www.facebook.com\/RTRSportsMarketing\/","https:\/\/x.com\/rtrsports","https:\/\/www.linkedin.com\/company\/rtr-sports-marketing\/"],"description":"RTR Sports Marketing is a global motorsport sponsorship agency and consultancy, specialized in Formula 1 and MotoGP, and active across all major international racing series including Formula E, NASCAR, WEC, WRC and Dakar, helping brands build data-driven, high-performance sponsorship programs.","email":"info@rtrsports.com","legalName":"RTR Sports Marketing LTD","numberOfEmployees":{"@type":"QuantitativeValue","minValue":"1","maxValue":"10"}}]}},"_links":{"self":[{"href":"https:\/\/rtrsports.com\/es\/wp-json\/wp\/v2\/pages\/63402","targetHints":{"allow":["GET"]}}],"collection":[{"href":"https:\/\/rtrsports.com\/es\/wp-json\/wp\/v2\/pages"}],"about":[{"href":"https:\/\/rtrsports.com\/es\/wp-json\/wp\/v2\/types\/page"}],"author":[{"embeddable":true,"href":"https:\/\/rtrsports.com\/es\/wp-json\/wp\/v2\/users\/2"}],"replies":[{"embeddable":true,"href":"https:\/\/rtrsports.com\/es\/wp-json\/wp\/v2\/comments?post=63402"}],"version-history":[{"count":4,"href":"https:\/\/rtrsports.com\/es\/wp-json\/wp\/v2\/pages\/63402\/revisions"}],"predecessor-version":[{"id":255074,"href":"https:\/\/rtrsports.com\/es\/wp-json\/wp\/v2\/pages\/63402\/revisions\/255074"}],"wp:featuredmedia":[{"embeddable":true,"href":"https:\/\/rtrsports.com\/es\/wp-json\/wp\/v2\/media\/254501"}],"wp:attachment":[{"href":"https:\/\/rtrsports.com\/es\/wp-json\/wp\/v2\/media?parent=63402"}],"curies":[{"name":"wp","href":"https:\/\/api.w.org\/{rel}","templated":true}]}}