{"id":66145,"date":"2022-05-05T14:36:12","date_gmt":"2022-05-05T12:36:12","guid":{"rendered":"https:\/\/stg-rtrsportscom-rtrstaging.kinsta.cloud\/patrocinio-wsbk\/"},"modified":"2024-10-05T22:25:28","modified_gmt":"2024-10-05T20:25:28","slug":"wsbk-patrocinio","status":"publish","type":"page","link":"https:\/\/rtrsports.com\/es\/patrocinio-wsbk\/","title":{"rendered":"Patrocinio WSBK"},"content":{"rendered":"<p>Agencia de patrocinio del WorldSBKPatrocinar las motos de producci\u00f3n m\u00e1s r\u00e1pidas del planetaFundado en 1988, el <strong>WorldSBK<\/strong> (oficialmente, el campeonato mundial de Superbikes de la FIM) es la m\u00e1xima categor\u00eda de las carreras de motos de producci\u00f3n.<\/p>\n<p>Gestionado por Dorna, el Campeonato del Mundo de Superbikes se disputa a lo largo de 12 rondas en cuatro continentes y ve a los <strong>principales fabricantes del mundo<\/strong> luchar por la corona de abril a noviembre. Cada ronda incluye tres carreras: dos carreras completas y la Superpole de diez vueltas.<\/p>\n<p>El WorldSBK es una verdadera celebraci\u00f3n de las carreras de motos de alto rendimiento, con algunos de los mejores pilotos del mundo enfrent\u00e1ndose en algunos de los circuitos m\u00e1s r\u00e1pidos y exigentes del mundo. Las motos utilizadas por los equipos de Superbike son m\u00e1quinas de f\u00e1brica, que incorporan actualizaciones de \u00faltima generaci\u00f3n que llevan a estas motos a sus l\u00edmites absolutos.<\/p>\n<p>Para los fabricantes &#8211;<strong>Ducati<\/strong>, <strong>Yamaha<\/strong>, <strong>Kawasaki<\/strong> y <strong>Honda<\/strong>, entre otros- es una oportunidad de mostrar sus mejores motos. Para los patrocinadores, es una oportunidad de disfrutar de una visibilidad mundial y de relacionarse con un p\u00fablico apasionado y amante.<\/p>\n<p>Como agencia de marketing deportivo centrada en el deporte del motor, <strong>RTR Sports<\/strong> puede guiarle a usted y a su marca a trav\u00e9s del fascinante mundo de las carreras de Superbike, y construir el acuerdo de patrocinio perfecto para usted y sus objetivos: tenemos la experiencia y los conocimientos necesarios para ayudarle a navegar por el Campeonato Mundial de Superbike.Quiero patrocinarPatrocinio del Campeonato Mundial de SuperbikesConvertirse en patrocinador del <strong>Mundial de Superbikes<\/strong> significa proporcionar a su marca y a su empresa una herramienta de marketing eficaz, emocionante y de 360\u00ba. Como patrocinador, su empresa se asociar\u00e1 a una de las series de carreras de motos m\u00e1s populares y de mayor crecimiento del mundo.<\/p>\n<p>Gracias a una amplia cobertura medi\u00e1tica, el patrocinio de la WorldSBK permite una visibilidad y un reconocimiento a nivel mundial, mientras que las activaciones dentro y fuera de la pista seguro que dan en el blanco donde la marca m\u00e1s lo necesita, a nivel de compromiso.<\/p>\n<p>Sin embargo, es probablemente en el \u00e1mbito asociativo donde el patrocinio del SBK brilla de verdad: asociarse con los mejores fabricantes de motos del mundo supone posicionar una marca y elevar su imagen.<\/p>\n<p>Adem\u00e1s, los valores de <strong>velocidad<\/strong>, <strong>tecnolog\u00eda<\/strong>, <strong>innovaci\u00f3n<\/strong>, <strong>pasi\u00f3n<\/strong>, <strong>emoci\u00f3n<\/strong> y <strong>juventud<\/strong> -frecuentemente asociados al Campeonato- se reflejan en los patrocinadores, lo que permite un storytelling eficaz y oportunidades de comunicaci\u00f3n de primer nivel.Quiero patrocinarAudiencia, espectadores y producci\u00f3n medi\u00e1tica del WorldSBK<\/p>\n<ul>\n<li><strong>50.000<\/strong> espectadores de media por round<\/li>\n<li><strong>3 millones<\/strong> de followers en las redes sociales<\/li>\n<li>Una audiencia total mundial de <strong>135 millones<\/strong> de personas<\/li>\n<li>El 74% de la audiencia es masculina, el 84% tiene entre 25 y 45 a\u00f1os, el 61% tiene estudios universitarios<\/li>\n<li><strong>155<\/strong> canales implicados en la emisi\u00f3n<\/li>\n<li>M\u00e1s de <strong>17.000<\/strong> horas de emisi\u00f3n por temporada<\/li>\n<li>El 51% de la cobertura se realiza en Europa, el 29% en Asia, el 14% en \u00c1frica y el 6% en Am\u00e9rica<\/li>\n<li>El 66% de los telespectadores posee al menos una moto<\/li>\n<li>M\u00e1s de <strong>24,4 millones<\/strong> de p\u00e1ginas vistas al a\u00f1o en la web oficial del WSBK<\/li>\n<\/ul>\n<p>Quiero patrocinarUn sinf\u00edn de oportunidades de patrocinioLos patrocinadores y socios del WorldSBK disponen de un impresionante abanico de <strong>oportunidades de activaci\u00f3n<\/strong> en todo el mundo. Desde la <strong>hospitalidad<\/strong> de primera clase hasta emocionantes <strong>proyectos de licencias<\/strong>, desde la publicidad en la pista hasta la visibilidad de la marca en el paddock y en los medios de comunicaci\u00f3n, las posibilidades de relacionarse con los entusiastas del motociclismo y los aficionados son infinitas.<\/p>\n<p>Como en todos los patrocinios de primer nivel del deporte del motor, el patrocinio del Mundial de Superbikes permite <strong>acuerdos de patrocinio<\/strong> a medida, en los que cada beneficio y actividad de marketing se elabora y dise\u00f1a cuidadosamente en funci\u00f3n de las necesidades y objetivos de los patrocinadores y socios oficiales.<\/p>\n<p>Adem\u00e1s, el SBK ofrece una serie de formas de involucrarse con el Campeonato a nivel local, para el deleite de su fuerza de ventas o socios: desde oportunidades de relaciones p\u00fablicas hasta <a href=\"https:\/\/rtrsports.com\/es\/motogp-hospitalidad\/\">eventos especiales para los clientes<\/a>, desde la difusi\u00f3n de noticias y medios de comunicaci\u00f3n locales hasta oportunidades fotogr\u00e1ficas en el momento y lugar adecuados.Quiero patrocinarPatrocinio del WorldSBK: el procesoEl <strong>patrocinio del Mundial de Superbikes<\/strong>, al igual que cualquier otro patrocinio del mundo del motor, requiere planificaci\u00f3n y atenci\u00f3n a los detalles. C\u00f3mo elegir el equipo o el piloto adecuados, c\u00f3mo seleccionar los beneficios correctos y c\u00f3mo relacionarse con los actores y las partes interesadas son habilidades que hay que dominar para construir el acuerdo perfecto y aprovechar realmente la oportunidad.<\/p>\n<p>A la hora de evaluar un patrocinio del SBK, hay <strong>tres puntos clave<\/strong> a tener en cuenta:<\/p>\n<ul>\n<li>La serie ofrece una <strong>visibilidad global<\/strong> y una plataforma medi\u00e1tica de primer orden;<\/li>\n<li>Ofrece una <strong>gran relaci\u00f3n calidad-precio<\/strong>;<\/li>\n<li>Permite a los patrocinadores <strong>activarse en la pista y con los aficionados<\/strong>.<\/li>\n<\/ul>\n<p>Una agencia profesional de marketing deportivo como <strong>RTR Sports<\/strong> puede ser determinante en todo esto: los profesionales tienen un claro conocimiento del campeonato y de los sectores, conocen a las personas adecuadas y saben c\u00f3mo ponerse en contacto en el momento oportuno. Porque, ya se sabe, a veces las carreras y el mundo de las carreras pueden interponerse en el camino.<\/p>\n<p>Todo lo que hace falta para <strong>empezar a construir tu proyecto de patrocinio del WorldSBK<\/strong> est\u00e1 a un clic de distancia: aseg\u00farate de pulsar el bot\u00f3n de abajo y uno de nuestros gestores de patrocinio se pondr\u00e1 en contacto contigo en cuesti\u00f3n de minutos.Quiero patrocinar<\/p>\n","protected":false},"excerpt":{"rendered":"<p>Fundado en 1988, el WorldSBK (oficialmente, el campeonato mundial de Superbikes de la FIM) es la m\u00e1xima categor\u00eda de las carreras de motos de producci\u00f3n. Gestionado por Dorna, el Campeonato del Mundo de Superbikes se disputa a lo largo de 12 rondas en cuatro continentes y ve a los principales fabricantes del mundo luchar por [&hellip;]<\/p>\n","protected":false},"author":2,"featured_media":254689,"parent":0,"menu_order":0,"comment_status":"closed","ping_status":"closed","template":"page-template\/page-flexible-template.php","meta":{"_acf_changed":false,"footnotes":""},"class_list":["post-66145","page","type-page","status-publish","has-post-thumbnail","hentry"],"acf":[],"yoast_head":"<!-- This site is optimized with the Yoast SEO Premium plugin v26.8 (Yoast SEO v27.3) - https:\/\/yoast.com\/product\/yoast-seo-premium-wordpress\/ -->\n<title>Patrocinio del Mundial de Superbikes WSBK - RTR Sports Marketing<\/title>\n<meta name=\"description\" content=\"RTR Sports Marketing es tu punto de referencia para todo lo relacionado con el patrocinio del automovilismo, desde la F1 a la F\u00f3rmula E, desde MotoGP a WSBK\" \/>\n<meta name=\"robots\" content=\"index, follow, max-snippet:-1, max-image-preview:large, max-video-preview:-1\" \/>\n<link rel=\"canonical\" href=\"https:\/\/rtrsports.com\/es\/patrocinio-wsbk\/\" \/>\n<meta property=\"og:locale\" content=\"es_ES\" \/>\n<meta property=\"og:type\" content=\"article\" \/>\n<meta property=\"og:title\" content=\"Patrocinio WSBK\" \/>\n<meta property=\"og:description\" content=\"RTR Sports Marketing es tu punto de referencia para todo lo relacionado con el patrocinio del automovilismo, desde la F1 a la F\u00f3rmula E, desde MotoGP a WSBK\" \/>\n<meta property=\"og:url\" content=\"https:\/\/rtrsports.com\/es\/patrocinio-wsbk\/\" \/>\n<meta property=\"og:site_name\" content=\"RTR Sports\" \/>\n<meta property=\"article:publisher\" content=\"https:\/\/www.facebook.com\/RTRSportsMarketing\/\" \/>\n<meta property=\"og:image\" content=\"https:\/\/rtrsports.com\/wp-content\/uploads\/2024\/09\/WSBK-2.jpg\" \/>\n\t<meta property=\"og:image:width\" content=\"1200\" \/>\n\t<meta property=\"og:image:height\" content=\"813\" \/>\n\t<meta property=\"og:image:type\" content=\"image\/jpeg\" \/>\n<meta name=\"twitter:card\" content=\"summary_large_image\" \/>\n<meta name=\"twitter:site\" content=\"@rtrsports\" \/>\n<meta name=\"twitter:label1\" content=\"Est. reading time\" \/>\n\t<meta name=\"twitter:data1\" content=\"6 minutes\" \/>\n<script type=\"application\/ld+json\" class=\"yoast-schema-graph\">{\"@context\":\"https:\\\/\\\/schema.org\",\"@graph\":[{\"@type\":\"WebPage\",\"@id\":\"https:\\\/\\\/rtrsports.com\\\/es\\\/patrocinio-wsbk\\\/\",\"url\":\"https:\\\/\\\/rtrsports.com\\\/es\\\/patrocinio-wsbk\\\/\",\"name\":\"Patrocinio del Mundial de Superbikes WSBK - RTR Sports Marketing\",\"isPartOf\":{\"@id\":\"https:\\\/\\\/rtrsports.com\\\/es\\\/#website\"},\"primaryImageOfPage\":{\"@id\":\"https:\\\/\\\/rtrsports.com\\\/es\\\/patrocinio-wsbk\\\/#primaryimage\"},\"image\":{\"@id\":\"https:\\\/\\\/rtrsports.com\\\/es\\\/patrocinio-wsbk\\\/#primaryimage\"},\"thumbnailUrl\":\"https:\\\/\\\/rtrsports.com\\\/wp-content\\\/uploads\\\/2024\\\/09\\\/WSBK-2.jpg\",\"datePublished\":\"2022-05-05T12:36:12+00:00\",\"dateModified\":\"2024-10-05T20:25:28+00:00\",\"description\":\"RTR Sports Marketing es tu punto de referencia para todo lo relacionado con el patrocinio del automovilismo, desde la F1 a la F\u00f3rmula E, desde MotoGP a WSBK\",\"breadcrumb\":{\"@id\":\"https:\\\/\\\/rtrsports.com\\\/es\\\/patrocinio-wsbk\\\/#breadcrumb\"},\"inLanguage\":\"es\",\"potentialAction\":[{\"@type\":\"ReadAction\",\"target\":[\"https:\\\/\\\/rtrsports.com\\\/es\\\/patrocinio-wsbk\\\/\"]}]},{\"@type\":\"ImageObject\",\"inLanguage\":\"es\",\"@id\":\"https:\\\/\\\/rtrsports.com\\\/es\\\/patrocinio-wsbk\\\/#primaryimage\",\"url\":\"https:\\\/\\\/rtrsports.com\\\/wp-content\\\/uploads\\\/2024\\\/09\\\/WSBK-2.jpg\",\"contentUrl\":\"https:\\\/\\\/rtrsports.com\\\/wp-content\\\/uploads\\\/2024\\\/09\\\/WSBK-2.jpg\",\"width\":1200,\"height\":813,\"caption\":\"WSBK Sponsorshipv\"},{\"@type\":\"BreadcrumbList\",\"@id\":\"https:\\\/\\\/rtrsports.com\\\/es\\\/patrocinio-wsbk\\\/#breadcrumb\",\"itemListElement\":[{\"@type\":\"ListItem\",\"position\":1,\"name\":\"Home\",\"item\":\"https:\\\/\\\/rtrsports.com\\\/es\\\/\"},{\"@type\":\"ListItem\",\"position\":2,\"name\":\"Patrocinio WSBK\"}]},{\"@type\":\"WebSite\",\"@id\":\"https:\\\/\\\/rtrsports.com\\\/es\\\/#website\",\"url\":\"https:\\\/\\\/rtrsports.com\\\/es\\\/\",\"name\":\"RTR Sports Marketing\",\"description\":\"RTR Sports Marketing is a global motorsport sponsorship agency and consultancy, specialized in Formula 1 and MotoGP, and active across all major international racing series including Formula E, NASCAR, WEC, WRC and Dakar, helping brands build data-driven, high-performance sponsorship programs.\",\"publisher\":{\"@id\":\"https:\\\/\\\/rtrsports.com\\\/es\\\/#organization\"},\"alternateName\":\"RTR Sports\",\"potentialAction\":[{\"@type\":\"SearchAction\",\"target\":{\"@type\":\"EntryPoint\",\"urlTemplate\":\"https:\\\/\\\/rtrsports.com\\\/es\\\/?s={search_term_string}\"},\"query-input\":{\"@type\":\"PropertyValueSpecification\",\"valueRequired\":true,\"valueName\":\"search_term_string\"}}],\"inLanguage\":\"es\"},{\"@type\":\"Organization\",\"@id\":\"https:\\\/\\\/rtrsports.com\\\/es\\\/#organization\",\"name\":\"RTR Sports Marketing\",\"alternateName\":\"RTR sports\",\"url\":\"https:\\\/\\\/rtrsports.com\\\/es\\\/\",\"logo\":{\"@type\":\"ImageObject\",\"inLanguage\":\"es\",\"@id\":\"https:\\\/\\\/rtrsports.com\\\/es\\\/#\\\/schema\\\/logo\\\/image\\\/\",\"url\":\"https:\\\/\\\/rtrsports.com\\\/wp-content\\\/uploads\\\/2024\\\/01\\\/rtrsports-anniversary-1.jpg\",\"contentUrl\":\"https:\\\/\\\/rtrsports.com\\\/wp-content\\\/uploads\\\/2024\\\/01\\\/rtrsports-anniversary-1.jpg\",\"width\":946,\"height\":260,\"caption\":\"RTR Sports Marketing\"},\"image\":{\"@id\":\"https:\\\/\\\/rtrsports.com\\\/es\\\/#\\\/schema\\\/logo\\\/image\\\/\"},\"sameAs\":[\"https:\\\/\\\/www.facebook.com\\\/RTRSportsMarketing\\\/\",\"https:\\\/\\\/x.com\\\/rtrsports\",\"https:\\\/\\\/www.linkedin.com\\\/company\\\/rtr-sports-marketing\\\/\"],\"description\":\"RTR Sports Marketing is a global motorsport sponsorship agency and consultancy, specialized in Formula 1 and MotoGP, and active across all major international racing series including Formula E, NASCAR, WEC, WRC and Dakar, helping brands build data-driven, high-performance sponsorship programs.\",\"email\":\"info@rtrsports.com\",\"legalName\":\"RTR Sports Marketing LTD\",\"numberOfEmployees\":{\"@type\":\"QuantitativeValue\",\"minValue\":\"1\",\"maxValue\":\"10\"}}]}<\/script>\n<!-- \/ Yoast SEO Premium plugin. -->","yoast_head_json":{"title":"Patrocinio del Mundial de Superbikes WSBK - RTR Sports Marketing","description":"RTR Sports Marketing es tu punto de referencia para todo lo relacionado con el patrocinio del automovilismo, desde la F1 a la F\u00f3rmula E, desde MotoGP a WSBK","robots":{"index":"index","follow":"follow","max-snippet":"max-snippet:-1","max-image-preview":"max-image-preview:large","max-video-preview":"max-video-preview:-1"},"canonical":"https:\/\/rtrsports.com\/es\/patrocinio-wsbk\/","og_locale":"es_ES","og_type":"article","og_title":"Patrocinio WSBK","og_description":"RTR Sports Marketing es tu punto de referencia para todo lo relacionado con el patrocinio del automovilismo, desde la F1 a la F\u00f3rmula E, desde MotoGP a WSBK","og_url":"https:\/\/rtrsports.com\/es\/patrocinio-wsbk\/","og_site_name":"RTR Sports","article_publisher":"https:\/\/www.facebook.com\/RTRSportsMarketing\/","og_image":[{"width":1200,"height":813,"url":"https:\/\/rtrsports.com\/wp-content\/uploads\/2024\/09\/WSBK-2.jpg","type":"image\/jpeg"}],"twitter_card":"summary_large_image","twitter_site":"@rtrsports","twitter_misc":{"Est. reading time":"6 minutes"},"schema":{"@context":"https:\/\/schema.org","@graph":[{"@type":"WebPage","@id":"https:\/\/rtrsports.com\/es\/patrocinio-wsbk\/","url":"https:\/\/rtrsports.com\/es\/patrocinio-wsbk\/","name":"Patrocinio del Mundial de Superbikes WSBK - RTR Sports Marketing","isPartOf":{"@id":"https:\/\/rtrsports.com\/es\/#website"},"primaryImageOfPage":{"@id":"https:\/\/rtrsports.com\/es\/patrocinio-wsbk\/#primaryimage"},"image":{"@id":"https:\/\/rtrsports.com\/es\/patrocinio-wsbk\/#primaryimage"},"thumbnailUrl":"https:\/\/rtrsports.com\/wp-content\/uploads\/2024\/09\/WSBK-2.jpg","datePublished":"2022-05-05T12:36:12+00:00","dateModified":"2024-10-05T20:25:28+00:00","description":"RTR Sports Marketing es tu punto de referencia para todo lo relacionado con el patrocinio del automovilismo, desde la F1 a la F\u00f3rmula E, desde MotoGP a WSBK","breadcrumb":{"@id":"https:\/\/rtrsports.com\/es\/patrocinio-wsbk\/#breadcrumb"},"inLanguage":"es","potentialAction":[{"@type":"ReadAction","target":["https:\/\/rtrsports.com\/es\/patrocinio-wsbk\/"]}]},{"@type":"ImageObject","inLanguage":"es","@id":"https:\/\/rtrsports.com\/es\/patrocinio-wsbk\/#primaryimage","url":"https:\/\/rtrsports.com\/wp-content\/uploads\/2024\/09\/WSBK-2.jpg","contentUrl":"https:\/\/rtrsports.com\/wp-content\/uploads\/2024\/09\/WSBK-2.jpg","width":1200,"height":813,"caption":"WSBK Sponsorshipv"},{"@type":"BreadcrumbList","@id":"https:\/\/rtrsports.com\/es\/patrocinio-wsbk\/#breadcrumb","itemListElement":[{"@type":"ListItem","position":1,"name":"Home","item":"https:\/\/rtrsports.com\/es\/"},{"@type":"ListItem","position":2,"name":"Patrocinio WSBK"}]},{"@type":"WebSite","@id":"https:\/\/rtrsports.com\/es\/#website","url":"https:\/\/rtrsports.com\/es\/","name":"RTR Sports Marketing","description":"RTR Sports Marketing is a global motorsport sponsorship agency and consultancy, specialized in Formula 1 and MotoGP, and active across all major international racing series including Formula E, NASCAR, WEC, WRC and Dakar, helping brands build data-driven, high-performance sponsorship programs.","publisher":{"@id":"https:\/\/rtrsports.com\/es\/#organization"},"alternateName":"RTR Sports","potentialAction":[{"@type":"SearchAction","target":{"@type":"EntryPoint","urlTemplate":"https:\/\/rtrsports.com\/es\/?s={search_term_string}"},"query-input":{"@type":"PropertyValueSpecification","valueRequired":true,"valueName":"search_term_string"}}],"inLanguage":"es"},{"@type":"Organization","@id":"https:\/\/rtrsports.com\/es\/#organization","name":"RTR Sports Marketing","alternateName":"RTR sports","url":"https:\/\/rtrsports.com\/es\/","logo":{"@type":"ImageObject","inLanguage":"es","@id":"https:\/\/rtrsports.com\/es\/#\/schema\/logo\/image\/","url":"https:\/\/rtrsports.com\/wp-content\/uploads\/2024\/01\/rtrsports-anniversary-1.jpg","contentUrl":"https:\/\/rtrsports.com\/wp-content\/uploads\/2024\/01\/rtrsports-anniversary-1.jpg","width":946,"height":260,"caption":"RTR Sports Marketing"},"image":{"@id":"https:\/\/rtrsports.com\/es\/#\/schema\/logo\/image\/"},"sameAs":["https:\/\/www.facebook.com\/RTRSportsMarketing\/","https:\/\/x.com\/rtrsports","https:\/\/www.linkedin.com\/company\/rtr-sports-marketing\/"],"description":"RTR Sports Marketing is a global motorsport sponsorship agency and consultancy, specialized in Formula 1 and MotoGP, and active across all major international racing series including Formula E, NASCAR, WEC, WRC and Dakar, helping brands build data-driven, high-performance sponsorship programs.","email":"info@rtrsports.com","legalName":"RTR Sports Marketing LTD","numberOfEmployees":{"@type":"QuantitativeValue","minValue":"1","maxValue":"10"}}]}},"_links":{"self":[{"href":"https:\/\/rtrsports.com\/es\/wp-json\/wp\/v2\/pages\/66145","targetHints":{"allow":["GET"]}}],"collection":[{"href":"https:\/\/rtrsports.com\/es\/wp-json\/wp\/v2\/pages"}],"about":[{"href":"https:\/\/rtrsports.com\/es\/wp-json\/wp\/v2\/types\/page"}],"author":[{"embeddable":true,"href":"https:\/\/rtrsports.com\/es\/wp-json\/wp\/v2\/users\/2"}],"replies":[{"embeddable":true,"href":"https:\/\/rtrsports.com\/es\/wp-json\/wp\/v2\/comments?post=66145"}],"version-history":[{"count":5,"href":"https:\/\/rtrsports.com\/es\/wp-json\/wp\/v2\/pages\/66145\/revisions"}],"predecessor-version":[{"id":253718,"href":"https:\/\/rtrsports.com\/es\/wp-json\/wp\/v2\/pages\/66145\/revisions\/253718"}],"wp:featuredmedia":[{"embeddable":true,"href":"https:\/\/rtrsports.com\/es\/wp-json\/wp\/v2\/media\/254689"}],"wp:attachment":[{"href":"https:\/\/rtrsports.com\/es\/wp-json\/wp\/v2\/media?parent=66145"}],"curies":[{"name":"wp","href":"https:\/\/api.w.org\/{rel}","templated":true}]}}