{"id":104062,"date":"2023-01-09T18:36:25","date_gmt":"2023-01-09T17:36:25","guid":{"rendered":"https:\/\/stg-rtrsportscom-rtrstaging.kinsta.cloud\/hospitalite-motogp-grand-prix-du-qatar\/"},"modified":"2025-11-14T18:11:38","modified_gmt":"2025-11-14T17:11:38","slug":"hospitalite-motogp-grand-prix-du-qatar","status":"publish","type":"page","link":"https:\/\/rtrsports.com\/fr\/hospitalite-motogp-grand-prix-du-qatar\/","title":{"rendered":"MotoGP VIP Village et MotoGP Hospitality GP Qatar 2026"},"content":{"rendered":"<p>MotoGP Qatar Grand Prix VIP Village et MotoGP Premier 202319 novembre 2023 &#8211; Circuit international de Losail<\/p>\n<h3><span style=\"color: #808080;\">Prix du Village VIP MotoGP<\/span><\/h3>\n<p>Samedi + dimanche : <strong>1 670 \u20ac<\/strong>.<br \/>\nDimanche : <strong>NA<\/strong>R\u00e9servez MotoGP Premier d\u00e8s aujourd&#8217;hui<\/p>\n<h3><span style=\"color: #808080;\">Prix du MotoGP Premier<\/span><\/h3>\n<p>Paquet Apex : <strong>\u20ac 1,279<\/strong><br \/>\nForfait Chicane : <strong>1 427 \u20ac<\/strong>.<br \/>\nForfait Troph\u00e9e : <strong>419 euros<\/strong>R\u00e9servez MotoGP Premier d\u00e8s aujourd&#8217;hui<\/p>\n<h3>Services du village VIP du MotoGP au Grand Prix du Qatar<\/h3>\n<p><strong>EMPLACEMENT EXCLUSIF :<\/strong> Excellente vue sur le circuit, parking int\u00e9rieur VIP, couverture TV compl\u00e8te, Open Bar dans la zone d&#8217;observation, tribune r\u00e9serv\u00e9e.<\/p>\n<p><strong>PROGRAMME DE DIVERTISSEMENT :<\/strong> Visite du paddock, promenade sur la voie des stands, visite de la voie de service, concours de prix.<\/p>\n<p><strong>EXP\u00c9RIENCE GOURMET :<\/strong> petit-d\u00e9jeuner, bar \u00e0 tapas, d\u00e9jeuner gourmet, petits fours de l&#8217;apr\u00e8s-midi, open bar.<\/p>\n<h3>MotoGP Premier facilities at Losail International Circuit (en anglais)<\/h3>\n<div class=\" vc_custom_1670603702423\">\n<div id=\"text-block-63a422b23fcbd\" class=\"mk-text-block jupiter-donut- \">\n<p>MotoGP Premier propose trois grands types de formules d&#8217;exp\u00e9rience : <strong>Troph\u00e9e, Chicane et Apex<\/strong>.<\/p>\n<p>Les forfaits Troph\u00e9e et Chicane comprennent un si\u00e8ge en tribune pendant trois jours, tandis que le forfait Apex comprend l&#8217;hospitalit\u00e9 compl\u00e8te du Village VIP avec d&#8217;autres extras tels que des visites de garage, des rencontres et des s\u00e9ances de questions-r\u00e9ponses. Tous les forfaits <strong>MotoGP\u2122 Premier<\/strong> comprennent une s\u00e9rie d&#8217;activit\u00e9s exclusives en bord de piste con\u00e7ues pour vous rapprocher des pilotes et des \u00e9quipes MotoGP\u2122, Moto2\u2122 et Moto3\u2122.<\/p>\n<\/div>\n<\/div>\n<p><\/p>\n<h3>Comment r\u00e9server le MotoGP VIP Village et le MotoGP Premier ?<\/h3>\n<p><a href=\"https:\/\/staging.project-progress.net\/projects\/rtrsports-livesite\/fr\/\"><br \/>\n<strong>RTR Sports Marketing<\/strong><br \/>\n<\/a> est l&#8217;agence officielle pour la vente des packages d&#8217;hospitalit\u00e9 MotoGP.<\/p>\n<p>Remplissez le formulaire \u00e0 droite pour r\u00e9server votre MotoGP VIP Village Pass ou votre forfait MotoGP Premier. L&#8217;un de nos responsables vous contactera dans les minutes qui suivent et vous enverra toutes les informations et les formulaires n\u00e9cessaires pour proc\u00e9der \u00e0 votre commande. <strong>Veuillez noter qu&#8217;en remplissant ce formulaire, vous n&#8217;achetez pas directement un laissez-passer mais en faites simplement la demande.<\/strong>PGRpdiBjbGFzcz0iX2Zvcm1fMTkiPjwvZGl2PjxzY3JpcHQgc3JjPSJodHRwczovL3J0cnNwb3J0cy5hY3RpdmVob3N0ZWQuY29tL2YvZW1iZWQucGhwP2lkPTE5IiB0eXBlPSJ0ZXh0L2phdmFzY3JpcHQiIGNoYXJzZXQ9InV0Zi04Ij48L3NjcmlwdD4=<\/p>\n<h2>Circuit international de Losail au Qatar : Village VIP MotoGP et MotoGP Premier<\/h2>\n<h3>Le charme nocturne du circuit international de Losail<\/h3>\n<p>Le circuit international de Losail, situ\u00e9 \u00e0 quelques kilom\u00e8tres de la capitale du Qatar, Doha, est une exp\u00e9rience inoubliable dans le calendrier du MotoGP. Ce circuit, inaugur\u00e9 en 2004, est c\u00e9l\u00e8bre pour \u00eatre l&#8217;un des rares au monde o\u00f9 les courses se d\u00e9roulent de nuit, sous un \u00e9clairage artificiel impressionnant. Avec un circuit de 5,4 km caract\u00e9ris\u00e9 par une vari\u00e9t\u00e9 de virages techniques et de lignes droites \u00e0 couper le souffle, le Grand Prix MotoGP du Qatar offre un spectacle unique, un \u00e9v\u00e9nement incontournable pour tout vrai fan de sport automobile.<\/p>\n<h3>Luxe et confort dans le village VIP du MotoGP<\/h3>\n<p>Pour rendre votre exp\u00e9rience au Losail International Circuit encore plus sp\u00e9ciale, le MotoGP VIP Village offre une hospitalit\u00e9 de qualit\u00e9 sup\u00e9rieure. Cet espace exclusif offre une vue privil\u00e9gi\u00e9e sur la piste, un service de restauration de haute qualit\u00e9 comprenant un assortiment de plats internationaux et locaux, ainsi qu&#8217;une s\u00e9rie d&#8217;\u00e9quipements con\u00e7us pour garantir une exp\u00e9rience inoubliable de visionnage du Grand Prix. Il n&#8217;y a pas de meilleure fa\u00e7on de profiter du frisson des courses nocturnes.<\/p>\n<h3>Exclusivit\u00e9 et privil\u00e8ges avec MotoGP Premier<\/h3>\n<p>Pour ceux qui souhaitent une exp\u00e9rience encore plus immersive et luxueuse, MotoGP Premier offre un service d&#8217;hospitalit\u00e9 in\u00e9gal\u00e9. En plus de b\u00e9n\u00e9ficier d&#8217;une vue privil\u00e9gi\u00e9e sur la piste et d&#8217;un service de restauration exceptionnel, vous aurez l&#8217;occasion d&#8217;entrer dans les stands des \u00e9quipes, de rencontrer les stars du paddock et de vivre de pr\u00e8s l&#8217;univers du MotoGP. MotoGP Premier fait du Grand Prix MotoGP du Qatar une exp\u00e9rience immersive et inoubliable.<\/p>\n<h3>Une exp\u00e9rience MotoGP unique<\/h3>\n<p>Assister au Grand Prix MotoGP du Qatar sur le circuit international de Losail, en profitant des commodit\u00e9s offertes par le MotoGP VIP Village ou le MotoGP Premier, est une exp\u00e9rience unique. C&#8217;est une combinaison in\u00e9gal\u00e9e de sensations fortes, de luxe et de culture qui fait de cette comp\u00e9tition l&#8217;une des plus suivies au monde. Gr\u00e2ce \u00e0 RTR Sports Marketing, vous aurez l&#8217;occasion de vivre cette exp\u00e9rience en tant que protagoniste, en vous plongeant dans une atmosph\u00e8re de pure excitation et de confort. Ne manquez pas l&#8217;occasion de participer \u00e0 cet \u00e9v\u00e9nement extraordinaire.Hospitalit\u00e9, MotoGP VIP Village et MotoGP Premier au Grand Prix du Qatar \u00e0 Losail<\/p>\n<p><\/p>\n<p>Un emplacement et une restauration de premier ordre, un service excellent et le meilleur de l&#8217;hospitalit\u00e9 sur deux roues : voici le Village VIP du MotoGP. \u00c9videmment, l&#8217;exp\u00e9rience et le professionnalisme des responsables de compte RTR sur place.<\/p>\n<p>Tout dans le village VIP est sp\u00e9cialement con\u00e7u pour vous faire vivre une exp\u00e9rience extraordinaire \u00e0 chaque Grand Prix. Un programme de divertissement exclusif et des menus gastronomiques de premier ordre ne sont que la base d&#8217;un week-end de style, de confort et de plaisir dans un cadre unique. Tous les clients du Village VIP ont \u00e0 leur disposition une gamme de services inclus dans le forfait.<\/p>\n<p>Vous pouvez \u00e9galement choisir de profiter de l&#8217;excellence du Village VIP pour la course du dimanche uniquement (forfait Gold) ou d&#8217;inclure l&#8217;excitation du samedi pour un week-end d&#8217;adr\u00e9naline et de course (forfait Gold+Silver). Quel que soit votre choix, tous les services \u00e9num\u00e9r\u00e9s ci-dessous sont \u00e0 votre disposition les deux jours.<\/p>\n<p>Bienvenue dans le monde magique du MotoGP<strong>Hospitalit\u00e9 de classe mondiale :<\/strong> Le MotoGP VIP Village et le MotoGP Premier sont les programmes officiels d&#8217;hospitalit\u00e9 d&#8217;entreprise du Championnat, offrant des services de premi\u00e8re classe \u00e0 chaque Grand Prix de la saison. Les packages d&#8217;hospitalit\u00e9, con\u00e7us pour offrir une excellente exp\u00e9rience, se d\u00e9roulent dans des lieux exclusifs avec des programmes de divertissement uniques.<\/p>\n<p><strong>Lieu de travail efficace:<\/strong> les entreprises et les marques peuvent utiliser ces exp\u00e9riences pour am\u00e9liorer les relations avec leurs clients et leurs partenaires. Que vous souhaitiez organiser un grand \u00e9v\u00e9nement d&#8217;entreprise ou une r\u00e9union priv\u00e9e plus exclusive, le MotoGP VIP Village et le MotoGP Premier sont \u00e0 votre service pour atteindre vos objectifs professionnels et B2B.<\/p>\n<p><strong>The Place to Be :<\/strong> Il n&#8217;y a pas de cadre plus excitant, plus captivant et plus palpitant qu&#8217;une course MotoGP. <strong><br \/>\n<a href=\"https:\/\/staging.project-progress.net\/projects\/rtrsports-livesite\/fr\/parrainages-motogp\/\">Championnat du monde MotoGP<\/a><br \/>\n<\/strong>un sport capable de susciter passion et spectacle partout dans le monde. Le MotoGP VIP Village et le MotoGP Premier proposent un programme de divertissement exclusif, offrant des moments et des exp\u00e9riences vraiment inoubliables. Savourez les d\u00e9licieux mets de nos cuisines, observez l&#8217;action sur la piste depuis des points de vue privil\u00e9gi\u00e9s, ressentez l&#8217;excitation du Paddock et les vibrations de la Pit Lane avant que les moteurs ne d\u00e9marrent.<\/p>\n","protected":false},"excerpt":{"rendered":"<p>Prix du Village VIP MotoGP Samedi + dimanche : 1 670 \u20ac. Dimanche : NA Prix du MotoGP Premier Paquet Apex : \u20ac 1,279 Forfait Chicane : 1 427 \u20ac. Forfait Troph\u00e9e : 419 euros Services du village VIP du MotoGP au Grand Prix du Qatar EMPLACEMENT EXCLUSIF : Excellente vue sur le circuit, parking [&hellip;]<\/p>\n","protected":false},"author":17,"featured_media":83069,"parent":0,"menu_order":0,"comment_status":"open","ping_status":"closed","template":"page-template\/page-flexible-template.php","meta":{"_acf_changed":false,"footnotes":""},"class_list":["post-104062","page","type-page","status-publish","has-post-thumbnail","hentry"],"acf":[],"yoast_head":"<!-- This site is optimized with the Yoast SEO Premium plugin v26.8 (Yoast SEO v27.4) - https:\/\/yoast.com\/product\/yoast-seo-premium-wordpress\/ -->\n<title>MotoGP VIP Village et MotoGP Hospitality GP Qatar 2026<\/title>\n<meta name=\"description\" content=\"Village VIP MotoGP et hospitalit\u00e9 MotoGP GP Qatar 2026. R\u00e9servez votre Pass VIP MotoGP et votre hospitalit\u00e9 d\u00e8s aujourd&#039;hui.\" \/>\n<meta name=\"robots\" content=\"index, follow, max-snippet:-1, max-image-preview:large, max-video-preview:-1\" \/>\n<link rel=\"canonical\" href=\"https:\/\/rtrsports.com\/fr\/hospitalite-motogp-grand-prix-du-qatar\/\" \/>\n<meta property=\"og:locale\" content=\"fr_FR\" \/>\n<meta property=\"og:type\" content=\"article\" \/>\n<meta property=\"og:title\" content=\"MotoGP VIP Village et MotoGP Hospitality GP Qatar 2026\" \/>\n<meta property=\"og:description\" content=\"Village VIP MotoGP et hospitalit\u00e9 MotoGP GP Qatar 2026. R\u00e9servez votre Pass VIP MotoGP et votre hospitalit\u00e9 d\u00e8s aujourd&#039;hui.\" \/>\n<meta property=\"og:url\" content=\"https:\/\/rtrsports.com\/fr\/hospitalite-motogp-grand-prix-du-qatar\/\" \/>\n<meta property=\"og:site_name\" content=\"RTR Sports\" \/>\n<meta property=\"article:publisher\" content=\"https:\/\/www.facebook.com\/RTRSportsMarketing\/\" \/>\n<meta property=\"og:image\" content=\"https:\/\/rtrsports.com\/wp-content\/uploads\/2020\/07\/flags_motogp_vip_village_2020.jpg\" \/>\n\t<meta property=\"og:image:width\" content=\"956\" \/>\n\t<meta property=\"og:image:height\" content=\"1200\" \/>\n\t<meta property=\"og:image:type\" content=\"image\/jpeg\" \/>\n<meta name=\"twitter:card\" content=\"summary_large_image\" \/>\n<meta name=\"twitter:site\" content=\"@rtrsports\" \/>\n<meta name=\"twitter:label1\" content=\"Est. reading time\" \/>\n\t<meta name=\"twitter:data1\" content=\"1 minute\" \/>\n<script type=\"application\/ld+json\" class=\"yoast-schema-graph\">{\"@context\":\"https:\\\/\\\/schema.org\",\"@graph\":[{\"@type\":\"WebPage\",\"@id\":\"https:\\\/\\\/rtrsports.com\\\/fr\\\/hospitalite-motogp-grand-prix-du-qatar\\\/\",\"url\":\"https:\\\/\\\/rtrsports.com\\\/fr\\\/hospitalite-motogp-grand-prix-du-qatar\\\/\",\"name\":\"MotoGP VIP Village et MotoGP Hospitality GP Qatar 2026\",\"isPartOf\":{\"@id\":\"https:\\\/\\\/rtrsports.com\\\/fr\\\/#website\"},\"primaryImageOfPage\":{\"@id\":\"https:\\\/\\\/rtrsports.com\\\/fr\\\/hospitalite-motogp-grand-prix-du-qatar\\\/#primaryimage\"},\"image\":{\"@id\":\"https:\\\/\\\/rtrsports.com\\\/fr\\\/hospitalite-motogp-grand-prix-du-qatar\\\/#primaryimage\"},\"thumbnailUrl\":\"https:\\\/\\\/rtrsports.com\\\/wp-content\\\/uploads\\\/2020\\\/07\\\/flags_motogp_vip_village_2020.jpg\",\"datePublished\":\"2023-01-09T17:36:25+00:00\",\"dateModified\":\"2025-11-14T17:11:38+00:00\",\"description\":\"Village VIP MotoGP et hospitalit\u00e9 MotoGP GP Qatar 2026. R\u00e9servez votre Pass VIP MotoGP et votre hospitalit\u00e9 d\u00e8s aujourd'hui.\",\"breadcrumb\":{\"@id\":\"https:\\\/\\\/rtrsports.com\\\/fr\\\/hospitalite-motogp-grand-prix-du-qatar\\\/#breadcrumb\"},\"inLanguage\":\"fr\",\"potentialAction\":[{\"@type\":\"ReadAction\",\"target\":[\"https:\\\/\\\/rtrsports.com\\\/fr\\\/hospitalite-motogp-grand-prix-du-qatar\\\/\"]}]},{\"@type\":\"ImageObject\",\"inLanguage\":\"fr\",\"@id\":\"https:\\\/\\\/rtrsports.com\\\/fr\\\/hospitalite-motogp-grand-prix-du-qatar\\\/#primaryimage\",\"url\":\"https:\\\/\\\/rtrsports.com\\\/wp-content\\\/uploads\\\/2020\\\/07\\\/flags_motogp_vip_village_2020.jpg\",\"contentUrl\":\"https:\\\/\\\/rtrsports.com\\\/wp-content\\\/uploads\\\/2020\\\/07\\\/flags_motogp_vip_village_2020.jpg\",\"width\":956,\"height\":1200,\"caption\":\"drapeaux_motogp_vip_village_2020\"},{\"@type\":\"BreadcrumbList\",\"@id\":\"https:\\\/\\\/rtrsports.com\\\/fr\\\/hospitalite-motogp-grand-prix-du-qatar\\\/#breadcrumb\",\"itemListElement\":[{\"@type\":\"ListItem\",\"position\":1,\"name\":\"Home\",\"item\":\"https:\\\/\\\/rtrsports.com\\\/fr\\\/\"},{\"@type\":\"ListItem\",\"position\":2,\"name\":\"MotoGP VIP Village et MotoGP Hospitality GP Qatar 2026\"}]},{\"@type\":\"WebSite\",\"@id\":\"https:\\\/\\\/rtrsports.com\\\/fr\\\/#website\",\"url\":\"https:\\\/\\\/rtrsports.com\\\/fr\\\/\",\"name\":\"RTR Sports Marketing\",\"description\":\"RTR Sports Marketing is a global motorsport sponsorship agency and consultancy, specialized in Formula 1 and MotoGP, and active across all major international racing series including Formula E, NASCAR, WEC, WRC and Dakar, helping brands build data-driven, high-performance sponsorship programs.\",\"publisher\":{\"@id\":\"https:\\\/\\\/rtrsports.com\\\/fr\\\/#organization\"},\"alternateName\":\"RTR Sports\",\"potentialAction\":[{\"@type\":\"SearchAction\",\"target\":{\"@type\":\"EntryPoint\",\"urlTemplate\":\"https:\\\/\\\/rtrsports.com\\\/fr\\\/?s={search_term_string}\"},\"query-input\":{\"@type\":\"PropertyValueSpecification\",\"valueRequired\":true,\"valueName\":\"search_term_string\"}}],\"inLanguage\":\"fr\"},{\"@type\":\"Organization\",\"@id\":\"https:\\\/\\\/rtrsports.com\\\/fr\\\/#organization\",\"name\":\"RTR Sports Marketing\",\"alternateName\":\"RTR sports\",\"url\":\"https:\\\/\\\/rtrsports.com\\\/fr\\\/\",\"logo\":{\"@type\":\"ImageObject\",\"inLanguage\":\"fr\",\"@id\":\"https:\\\/\\\/rtrsports.com\\\/fr\\\/#\\\/schema\\\/logo\\\/image\\\/\",\"url\":\"https:\\\/\\\/rtrsports.com\\\/wp-content\\\/uploads\\\/2024\\\/01\\\/rtrsports-anniversary-1.jpg\",\"contentUrl\":\"https:\\\/\\\/rtrsports.com\\\/wp-content\\\/uploads\\\/2024\\\/01\\\/rtrsports-anniversary-1.jpg\",\"width\":946,\"height\":260,\"caption\":\"RTR Sports Marketing\"},\"image\":{\"@id\":\"https:\\\/\\\/rtrsports.com\\\/fr\\\/#\\\/schema\\\/logo\\\/image\\\/\"},\"sameAs\":[\"https:\\\/\\\/www.facebook.com\\\/RTRSportsMarketing\\\/\",\"https:\\\/\\\/x.com\\\/rtrsports\",\"https:\\\/\\\/www.linkedin.com\\\/company\\\/rtr-sports-marketing\\\/\"],\"description\":\"RTR Sports Marketing is a global motorsport sponsorship agency and consultancy, specialized in Formula 1 and MotoGP, and active across all major international racing series including Formula E, NASCAR, WEC, WRC and Dakar, helping brands build data-driven, high-performance sponsorship programs.\",\"email\":\"info@rtrsports.com\",\"legalName\":\"RTR Sports Marketing LTD\",\"numberOfEmployees\":{\"@type\":\"QuantitativeValue\",\"minValue\":\"1\",\"maxValue\":\"10\"}}]}<\/script>\n<!-- \/ Yoast SEO Premium plugin. -->","yoast_head_json":{"title":"MotoGP VIP Village et MotoGP Hospitality GP Qatar 2026","description":"Village VIP MotoGP et hospitalit\u00e9 MotoGP GP Qatar 2026. R\u00e9servez votre Pass VIP MotoGP et votre hospitalit\u00e9 d\u00e8s aujourd'hui.","robots":{"index":"index","follow":"follow","max-snippet":"max-snippet:-1","max-image-preview":"max-image-preview:large","max-video-preview":"max-video-preview:-1"},"canonical":"https:\/\/rtrsports.com\/fr\/hospitalite-motogp-grand-prix-du-qatar\/","og_locale":"fr_FR","og_type":"article","og_title":"MotoGP VIP Village et MotoGP Hospitality GP Qatar 2026","og_description":"Village VIP MotoGP et hospitalit\u00e9 MotoGP GP Qatar 2026. R\u00e9servez votre Pass VIP MotoGP et votre hospitalit\u00e9 d\u00e8s aujourd'hui.","og_url":"https:\/\/rtrsports.com\/fr\/hospitalite-motogp-grand-prix-du-qatar\/","og_site_name":"RTR Sports","article_publisher":"https:\/\/www.facebook.com\/RTRSportsMarketing\/","og_image":[{"width":956,"height":1200,"url":"https:\/\/rtrsports.com\/wp-content\/uploads\/2020\/07\/flags_motogp_vip_village_2020.jpg","type":"image\/jpeg"}],"twitter_card":"summary_large_image","twitter_site":"@rtrsports","twitter_misc":{"Est. reading time":"1 minute"},"schema":{"@context":"https:\/\/schema.org","@graph":[{"@type":"WebPage","@id":"https:\/\/rtrsports.com\/fr\/hospitalite-motogp-grand-prix-du-qatar\/","url":"https:\/\/rtrsports.com\/fr\/hospitalite-motogp-grand-prix-du-qatar\/","name":"MotoGP VIP Village et MotoGP Hospitality GP Qatar 2026","isPartOf":{"@id":"https:\/\/rtrsports.com\/fr\/#website"},"primaryImageOfPage":{"@id":"https:\/\/rtrsports.com\/fr\/hospitalite-motogp-grand-prix-du-qatar\/#primaryimage"},"image":{"@id":"https:\/\/rtrsports.com\/fr\/hospitalite-motogp-grand-prix-du-qatar\/#primaryimage"},"thumbnailUrl":"https:\/\/rtrsports.com\/wp-content\/uploads\/2020\/07\/flags_motogp_vip_village_2020.jpg","datePublished":"2023-01-09T17:36:25+00:00","dateModified":"2025-11-14T17:11:38+00:00","description":"Village VIP MotoGP et hospitalit\u00e9 MotoGP GP Qatar 2026. R\u00e9servez votre Pass VIP MotoGP et votre hospitalit\u00e9 d\u00e8s aujourd'hui.","breadcrumb":{"@id":"https:\/\/rtrsports.com\/fr\/hospitalite-motogp-grand-prix-du-qatar\/#breadcrumb"},"inLanguage":"fr","potentialAction":[{"@type":"ReadAction","target":["https:\/\/rtrsports.com\/fr\/hospitalite-motogp-grand-prix-du-qatar\/"]}]},{"@type":"ImageObject","inLanguage":"fr","@id":"https:\/\/rtrsports.com\/fr\/hospitalite-motogp-grand-prix-du-qatar\/#primaryimage","url":"https:\/\/rtrsports.com\/wp-content\/uploads\/2020\/07\/flags_motogp_vip_village_2020.jpg","contentUrl":"https:\/\/rtrsports.com\/wp-content\/uploads\/2020\/07\/flags_motogp_vip_village_2020.jpg","width":956,"height":1200,"caption":"drapeaux_motogp_vip_village_2020"},{"@type":"BreadcrumbList","@id":"https:\/\/rtrsports.com\/fr\/hospitalite-motogp-grand-prix-du-qatar\/#breadcrumb","itemListElement":[{"@type":"ListItem","position":1,"name":"Home","item":"https:\/\/rtrsports.com\/fr\/"},{"@type":"ListItem","position":2,"name":"MotoGP VIP Village et MotoGP Hospitality GP Qatar 2026"}]},{"@type":"WebSite","@id":"https:\/\/rtrsports.com\/fr\/#website","url":"https:\/\/rtrsports.com\/fr\/","name":"RTR Sports Marketing","description":"RTR Sports Marketing is a global motorsport sponsorship agency and consultancy, specialized in Formula 1 and MotoGP, and active across all major international racing series including Formula E, NASCAR, WEC, WRC and Dakar, helping brands build data-driven, high-performance sponsorship programs.","publisher":{"@id":"https:\/\/rtrsports.com\/fr\/#organization"},"alternateName":"RTR Sports","potentialAction":[{"@type":"SearchAction","target":{"@type":"EntryPoint","urlTemplate":"https:\/\/rtrsports.com\/fr\/?s={search_term_string}"},"query-input":{"@type":"PropertyValueSpecification","valueRequired":true,"valueName":"search_term_string"}}],"inLanguage":"fr"},{"@type":"Organization","@id":"https:\/\/rtrsports.com\/fr\/#organization","name":"RTR Sports Marketing","alternateName":"RTR sports","url":"https:\/\/rtrsports.com\/fr\/","logo":{"@type":"ImageObject","inLanguage":"fr","@id":"https:\/\/rtrsports.com\/fr\/#\/schema\/logo\/image\/","url":"https:\/\/rtrsports.com\/wp-content\/uploads\/2024\/01\/rtrsports-anniversary-1.jpg","contentUrl":"https:\/\/rtrsports.com\/wp-content\/uploads\/2024\/01\/rtrsports-anniversary-1.jpg","width":946,"height":260,"caption":"RTR Sports Marketing"},"image":{"@id":"https:\/\/rtrsports.com\/fr\/#\/schema\/logo\/image\/"},"sameAs":["https:\/\/www.facebook.com\/RTRSportsMarketing\/","https:\/\/x.com\/rtrsports","https:\/\/www.linkedin.com\/company\/rtr-sports-marketing\/"],"description":"RTR Sports Marketing is a global motorsport sponsorship agency and consultancy, specialized in Formula 1 and MotoGP, and active across all major international racing series including Formula E, NASCAR, WEC, WRC and Dakar, helping brands build data-driven, high-performance sponsorship programs.","email":"info@rtrsports.com","legalName":"RTR Sports Marketing LTD","numberOfEmployees":{"@type":"QuantitativeValue","minValue":"1","maxValue":"10"}}]}},"_links":{"self":[{"href":"https:\/\/rtrsports.com\/fr\/wp-json\/wp\/v2\/pages\/104062","targetHints":{"allow":["GET"]}}],"collection":[{"href":"https:\/\/rtrsports.com\/fr\/wp-json\/wp\/v2\/pages"}],"about":[{"href":"https:\/\/rtrsports.com\/fr\/wp-json\/wp\/v2\/types\/page"}],"author":[{"embeddable":true,"href":"https:\/\/rtrsports.com\/fr\/wp-json\/wp\/v2\/users\/17"}],"replies":[{"embeddable":true,"href":"https:\/\/rtrsports.com\/fr\/wp-json\/wp\/v2\/comments?post=104062"}],"version-history":[{"count":9,"href":"https:\/\/rtrsports.com\/fr\/wp-json\/wp\/v2\/pages\/104062\/revisions"}],"predecessor-version":[{"id":340670,"href":"https:\/\/rtrsports.com\/fr\/wp-json\/wp\/v2\/pages\/104062\/revisions\/340670"}],"wp:featuredmedia":[{"embeddable":true,"href":"https:\/\/rtrsports.com\/fr\/wp-json\/wp\/v2\/media\/83069"}],"wp:attachment":[{"href":"https:\/\/rtrsports.com\/fr\/wp-json\/wp\/v2\/media?parent=104062"}],"curies":[{"name":"wp","href":"https:\/\/api.w.org\/{rel}","templated":true}]}}