{"id":106350,"date":"2011-10-26T00:00:00","date_gmt":"2011-10-25T22:00:00","guid":{"rendered":"https:\/\/stg-rtrsportscom-rtrstaging.kinsta.cloud\/annees\/"},"modified":"2026-02-03T05:15:51","modified_gmt":"2026-02-03T04:15:51","slug":"anni","status":"publish","type":"page","link":"https:\/\/rtrsports.com\/fr\/annees\/","title":{"rendered":"Ann\u00e9es"},"content":{"rendered":"<h2><strong>Nos projets de parrainage sportif au fil des ans<\/strong><\/h2>\n<p>Vous trouverez ci-dessous une s\u00e9lection de nos travaux r\u00e9partis par ann\u00e9es. De notre parrainage de Williams F1 en 1995 \u00e0 aujourd&#8217;hui, notre passion pour le marketing sportif est rest\u00e9e inchang\u00e9e, tout comme notre succ\u00e8s aupr\u00e8s de nos clients et partenaires.<\/p>\n","protected":false},"excerpt":{"rendered":"<p>Nos projets de parrainage sportif au fil des ans Vous trouverez ci-dessous une s\u00e9lection de nos travaux r\u00e9partis par ann\u00e9es. De notre parrainage de Williams F1 en 1995 \u00e0 aujourd&#8217;hui, notre passion pour le marketing sportif est rest\u00e9e inchang\u00e9e, tout comme notre succ\u00e8s aupr\u00e8s de nos clients et partenaires.<\/p>\n","protected":false},"author":2,"featured_media":106361,"parent":0,"menu_order":0,"comment_status":"open","ping_status":"closed","template":"page-template\/page-flexible-template.php","meta":{"_acf_changed":false,"footnotes":""},"class_list":["post-106350","page","type-page","status-publish","has-post-thumbnail","hentry"],"acf":[],"yoast_head":"<!-- This site is optimized with the Yoast SEO Premium plugin v26.8 (Yoast SEO v27.4) - https:\/\/yoast.com\/product\/yoast-seo-premium-wordpress\/ -->\n<title>Cas de sponsoring sportif, \u00e9tudes de cas RTR Sports<\/title>\n<meta name=\"description\" content=\"Une s\u00e9lection de notre travail divis\u00e9e par ann\u00e9es, du premier parrainage de Williams F1 en 1995 \u00e0 aujourd&#039;hui.\" \/>\n<meta name=\"robots\" content=\"index, follow, max-snippet:-1, max-image-preview:large, max-video-preview:-1\" \/>\n<link rel=\"canonical\" href=\"https:\/\/rtrsports.com\/fr\/annees\/\" \/>\n<meta property=\"og:locale\" content=\"fr_FR\" \/>\n<meta property=\"og:type\" content=\"article\" \/>\n<meta property=\"og:title\" content=\"Ann\u00e9es\" \/>\n<meta property=\"og:description\" content=\"Une s\u00e9lection de notre travail divis\u00e9e par ann\u00e9es, du premier parrainage de Williams F1 en 1995 \u00e0 aujourd&#039;hui.\" \/>\n<meta property=\"og:url\" content=\"https:\/\/rtrsports.com\/fr\/annees\/\" \/>\n<meta property=\"og:site_name\" content=\"RTR Sports\" \/>\n<meta property=\"article:publisher\" content=\"https:\/\/www.facebook.com\/RTRSportsMarketing\/\" \/>\n<meta property=\"og:image\" content=\"https:\/\/rtrsports.com\/wp-content\/uploads\/2023\/02\/case-history.jpg\" \/>\n\t<meta property=\"og:image:width\" content=\"1417\" \/>\n\t<meta property=\"og:image:height\" content=\"1417\" \/>\n\t<meta property=\"og:image:type\" content=\"image\/jpeg\" \/>\n<meta name=\"twitter:card\" content=\"summary_large_image\" \/>\n<meta name=\"twitter:site\" content=\"@rtrsports\" \/>\n<meta name=\"twitter:label1\" content=\"Est. reading time\" \/>\n\t<meta name=\"twitter:data1\" content=\"1 minute\" \/>\n<script type=\"application\/ld+json\" class=\"yoast-schema-graph\">{\"@context\":\"https:\\\/\\\/schema.org\",\"@graph\":[{\"@type\":\"WebPage\",\"@id\":\"https:\\\/\\\/rtrsports.com\\\/fr\\\/annees\\\/\",\"url\":\"https:\\\/\\\/rtrsports.com\\\/fr\\\/annees\\\/\",\"name\":\"Cas de sponsoring sportif, \u00e9tudes de cas RTR Sports\",\"isPartOf\":{\"@id\":\"https:\\\/\\\/rtrsports.com\\\/fr\\\/#website\"},\"primaryImageOfPage\":{\"@id\":\"https:\\\/\\\/rtrsports.com\\\/fr\\\/annees\\\/#primaryimage\"},\"image\":{\"@id\":\"https:\\\/\\\/rtrsports.com\\\/fr\\\/annees\\\/#primaryimage\"},\"thumbnailUrl\":\"https:\\\/\\\/rtrsports.com\\\/wp-content\\\/uploads\\\/2023\\\/02\\\/case-history.jpg\",\"datePublished\":\"2011-10-25T22:00:00+00:00\",\"dateModified\":\"2026-02-03T04:15:51+00:00\",\"description\":\"Une s\u00e9lection de notre travail divis\u00e9e par ann\u00e9es, du premier parrainage de Williams F1 en 1995 \u00e0 aujourd'hui.\",\"breadcrumb\":{\"@id\":\"https:\\\/\\\/rtrsports.com\\\/fr\\\/annees\\\/#breadcrumb\"},\"inLanguage\":\"fr\",\"potentialAction\":[{\"@type\":\"ReadAction\",\"target\":[\"https:\\\/\\\/rtrsports.com\\\/fr\\\/annees\\\/\"]}]},{\"@type\":\"ImageObject\",\"inLanguage\":\"fr\",\"@id\":\"https:\\\/\\\/rtrsports.com\\\/fr\\\/annees\\\/#primaryimage\",\"url\":\"https:\\\/\\\/rtrsports.com\\\/wp-content\\\/uploads\\\/2023\\\/02\\\/case-history.jpg\",\"contentUrl\":\"https:\\\/\\\/rtrsports.com\\\/wp-content\\\/uploads\\\/2023\\\/02\\\/case-history.jpg\",\"width\":1417,\"height\":1417,\"caption\":\"historique des cas\"},{\"@type\":\"BreadcrumbList\",\"@id\":\"https:\\\/\\\/rtrsports.com\\\/fr\\\/annees\\\/#breadcrumb\",\"itemListElement\":[{\"@type\":\"ListItem\",\"position\":1,\"name\":\"Home\",\"item\":\"https:\\\/\\\/rtrsports.com\\\/fr\\\/\"},{\"@type\":\"ListItem\",\"position\":2,\"name\":\"Ann\u00e9es\"}]},{\"@type\":\"WebSite\",\"@id\":\"https:\\\/\\\/rtrsports.com\\\/fr\\\/#website\",\"url\":\"https:\\\/\\\/rtrsports.com\\\/fr\\\/\",\"name\":\"RTR Sports Marketing\",\"description\":\"RTR Sports Marketing is a global motorsport sponsorship agency and consultancy, specialized in Formula 1 and MotoGP, and active across all major international racing series including Formula E, NASCAR, WEC, WRC and Dakar, helping brands build data-driven, high-performance sponsorship programs.\",\"publisher\":{\"@id\":\"https:\\\/\\\/rtrsports.com\\\/fr\\\/#organization\"},\"alternateName\":\"RTR Sports\",\"potentialAction\":[{\"@type\":\"SearchAction\",\"target\":{\"@type\":\"EntryPoint\",\"urlTemplate\":\"https:\\\/\\\/rtrsports.com\\\/fr\\\/?s={search_term_string}\"},\"query-input\":{\"@type\":\"PropertyValueSpecification\",\"valueRequired\":true,\"valueName\":\"search_term_string\"}}],\"inLanguage\":\"fr\"},{\"@type\":\"Organization\",\"@id\":\"https:\\\/\\\/rtrsports.com\\\/fr\\\/#organization\",\"name\":\"RTR Sports Marketing\",\"alternateName\":\"RTR sports\",\"url\":\"https:\\\/\\\/rtrsports.com\\\/fr\\\/\",\"logo\":{\"@type\":\"ImageObject\",\"inLanguage\":\"fr\",\"@id\":\"https:\\\/\\\/rtrsports.com\\\/fr\\\/#\\\/schema\\\/logo\\\/image\\\/\",\"url\":\"https:\\\/\\\/rtrsports.com\\\/wp-content\\\/uploads\\\/2024\\\/01\\\/rtrsports-anniversary-1.jpg\",\"contentUrl\":\"https:\\\/\\\/rtrsports.com\\\/wp-content\\\/uploads\\\/2024\\\/01\\\/rtrsports-anniversary-1.jpg\",\"width\":946,\"height\":260,\"caption\":\"RTR Sports Marketing\"},\"image\":{\"@id\":\"https:\\\/\\\/rtrsports.com\\\/fr\\\/#\\\/schema\\\/logo\\\/image\\\/\"},\"sameAs\":[\"https:\\\/\\\/www.facebook.com\\\/RTRSportsMarketing\\\/\",\"https:\\\/\\\/x.com\\\/rtrsports\",\"https:\\\/\\\/www.linkedin.com\\\/company\\\/rtr-sports-marketing\\\/\"],\"description\":\"RTR Sports Marketing is a global motorsport sponsorship agency and consultancy, specialized in Formula 1 and MotoGP, and active across all major international racing series including Formula E, NASCAR, WEC, WRC and Dakar, helping brands build data-driven, high-performance sponsorship programs.\",\"email\":\"info@rtrsports.com\",\"legalName\":\"RTR Sports Marketing LTD\",\"numberOfEmployees\":{\"@type\":\"QuantitativeValue\",\"minValue\":\"1\",\"maxValue\":\"10\"}}]}<\/script>\n<!-- \/ Yoast SEO Premium plugin. -->","yoast_head_json":{"title":"Cas de sponsoring sportif, \u00e9tudes de cas RTR Sports","description":"Une s\u00e9lection de notre travail divis\u00e9e par ann\u00e9es, du premier parrainage de Williams F1 en 1995 \u00e0 aujourd'hui.","robots":{"index":"index","follow":"follow","max-snippet":"max-snippet:-1","max-image-preview":"max-image-preview:large","max-video-preview":"max-video-preview:-1"},"canonical":"https:\/\/rtrsports.com\/fr\/annees\/","og_locale":"fr_FR","og_type":"article","og_title":"Ann\u00e9es","og_description":"Une s\u00e9lection de notre travail divis\u00e9e par ann\u00e9es, du premier parrainage de Williams F1 en 1995 \u00e0 aujourd'hui.","og_url":"https:\/\/rtrsports.com\/fr\/annees\/","og_site_name":"RTR Sports","article_publisher":"https:\/\/www.facebook.com\/RTRSportsMarketing\/","og_image":[{"width":1417,"height":1417,"url":"https:\/\/rtrsports.com\/wp-content\/uploads\/2023\/02\/case-history.jpg","type":"image\/jpeg"}],"twitter_card":"summary_large_image","twitter_site":"@rtrsports","twitter_misc":{"Est. reading time":"1 minute"},"schema":{"@context":"https:\/\/schema.org","@graph":[{"@type":"WebPage","@id":"https:\/\/rtrsports.com\/fr\/annees\/","url":"https:\/\/rtrsports.com\/fr\/annees\/","name":"Cas de sponsoring sportif, \u00e9tudes de cas RTR Sports","isPartOf":{"@id":"https:\/\/rtrsports.com\/fr\/#website"},"primaryImageOfPage":{"@id":"https:\/\/rtrsports.com\/fr\/annees\/#primaryimage"},"image":{"@id":"https:\/\/rtrsports.com\/fr\/annees\/#primaryimage"},"thumbnailUrl":"https:\/\/rtrsports.com\/wp-content\/uploads\/2023\/02\/case-history.jpg","datePublished":"2011-10-25T22:00:00+00:00","dateModified":"2026-02-03T04:15:51+00:00","description":"Une s\u00e9lection de notre travail divis\u00e9e par ann\u00e9es, du premier parrainage de Williams F1 en 1995 \u00e0 aujourd'hui.","breadcrumb":{"@id":"https:\/\/rtrsports.com\/fr\/annees\/#breadcrumb"},"inLanguage":"fr","potentialAction":[{"@type":"ReadAction","target":["https:\/\/rtrsports.com\/fr\/annees\/"]}]},{"@type":"ImageObject","inLanguage":"fr","@id":"https:\/\/rtrsports.com\/fr\/annees\/#primaryimage","url":"https:\/\/rtrsports.com\/wp-content\/uploads\/2023\/02\/case-history.jpg","contentUrl":"https:\/\/rtrsports.com\/wp-content\/uploads\/2023\/02\/case-history.jpg","width":1417,"height":1417,"caption":"historique des cas"},{"@type":"BreadcrumbList","@id":"https:\/\/rtrsports.com\/fr\/annees\/#breadcrumb","itemListElement":[{"@type":"ListItem","position":1,"name":"Home","item":"https:\/\/rtrsports.com\/fr\/"},{"@type":"ListItem","position":2,"name":"Ann\u00e9es"}]},{"@type":"WebSite","@id":"https:\/\/rtrsports.com\/fr\/#website","url":"https:\/\/rtrsports.com\/fr\/","name":"RTR Sports Marketing","description":"RTR Sports Marketing is a global motorsport sponsorship agency and consultancy, specialized in Formula 1 and MotoGP, and active across all major international racing series including Formula E, NASCAR, WEC, WRC and Dakar, helping brands build data-driven, high-performance sponsorship programs.","publisher":{"@id":"https:\/\/rtrsports.com\/fr\/#organization"},"alternateName":"RTR Sports","potentialAction":[{"@type":"SearchAction","target":{"@type":"EntryPoint","urlTemplate":"https:\/\/rtrsports.com\/fr\/?s={search_term_string}"},"query-input":{"@type":"PropertyValueSpecification","valueRequired":true,"valueName":"search_term_string"}}],"inLanguage":"fr"},{"@type":"Organization","@id":"https:\/\/rtrsports.com\/fr\/#organization","name":"RTR Sports Marketing","alternateName":"RTR sports","url":"https:\/\/rtrsports.com\/fr\/","logo":{"@type":"ImageObject","inLanguage":"fr","@id":"https:\/\/rtrsports.com\/fr\/#\/schema\/logo\/image\/","url":"https:\/\/rtrsports.com\/wp-content\/uploads\/2024\/01\/rtrsports-anniversary-1.jpg","contentUrl":"https:\/\/rtrsports.com\/wp-content\/uploads\/2024\/01\/rtrsports-anniversary-1.jpg","width":946,"height":260,"caption":"RTR Sports Marketing"},"image":{"@id":"https:\/\/rtrsports.com\/fr\/#\/schema\/logo\/image\/"},"sameAs":["https:\/\/www.facebook.com\/RTRSportsMarketing\/","https:\/\/x.com\/rtrsports","https:\/\/www.linkedin.com\/company\/rtr-sports-marketing\/"],"description":"RTR Sports Marketing is a global motorsport sponsorship agency and consultancy, specialized in Formula 1 and MotoGP, and active across all major international racing series including Formula E, NASCAR, WEC, WRC and Dakar, helping brands build data-driven, high-performance sponsorship programs.","email":"info@rtrsports.com","legalName":"RTR Sports Marketing LTD","numberOfEmployees":{"@type":"QuantitativeValue","minValue":"1","maxValue":"10"}}]}},"_links":{"self":[{"href":"https:\/\/rtrsports.com\/fr\/wp-json\/wp\/v2\/pages\/106350","targetHints":{"allow":["GET"]}}],"collection":[{"href":"https:\/\/rtrsports.com\/fr\/wp-json\/wp\/v2\/pages"}],"about":[{"href":"https:\/\/rtrsports.com\/fr\/wp-json\/wp\/v2\/types\/page"}],"author":[{"embeddable":true,"href":"https:\/\/rtrsports.com\/fr\/wp-json\/wp\/v2\/users\/2"}],"replies":[{"embeddable":true,"href":"https:\/\/rtrsports.com\/fr\/wp-json\/wp\/v2\/comments?post=106350"}],"version-history":[{"count":14,"href":"https:\/\/rtrsports.com\/fr\/wp-json\/wp\/v2\/pages\/106350\/revisions"}],"predecessor-version":[{"id":341577,"href":"https:\/\/rtrsports.com\/fr\/wp-json\/wp\/v2\/pages\/106350\/revisions\/341577"}],"wp:featuredmedia":[{"embeddable":true,"href":"https:\/\/rtrsports.com\/fr\/wp-json\/wp\/v2\/media\/106361"}],"wp:attachment":[{"href":"https:\/\/rtrsports.com\/fr\/wp-json\/wp\/v2\/media?parent=106350"}],"curies":[{"name":"wp","href":"https:\/\/api.w.org\/{rel}","templated":true}]}}