{"id":153658,"date":"2023-09-05T17:01:25","date_gmt":"2023-09-05T15:01:25","guid":{"rendered":"https:\/\/rtrsports.com\/dakar-rally\/"},"modified":"2024-10-04T10:52:26","modified_gmt":"2024-10-04T08:52:26","slug":"dakar-rallye-2","status":"publish","type":"page","link":"https:\/\/rtrsports.com\/fr\/dakar-rallye\/","title":{"rendered":"Agence de parrainage du Rallye Dakar"},"content":{"rendered":"","protected":false},"excerpt":{"rendered":"","protected":false},"author":2,"featured_media":254729,"parent":0,"menu_order":0,"comment_status":"open","ping_status":"open","template":"page-template\/page-flexible-template.php","meta":{"_acf_changed":false,"footnotes":""},"class_list":["post-153658","page","type-page","status-publish","has-post-thumbnail","hentry"],"acf":[],"yoast_head":"<!-- This site is optimized with the Yoast SEO Premium plugin v26.8 (Yoast SEO v27.3) - https:\/\/yoast.com\/product\/yoast-seo-premium-wordpress\/ -->\n<title>Agence de sponsoring du Rallye Dakar - RTR Sports Marketing<\/title>\n<meta name=\"description\" content=\"Participez \u00e0 la plus grande aventure du sport automobile et renforcez votre marque gr\u00e2ce \u00e0 des formules de parrainage pour le Rallye Dakar avec RTR Sports Marketing.\" \/>\n<meta name=\"robots\" content=\"index, follow, max-snippet:-1, max-image-preview:large, max-video-preview:-1\" \/>\n<link rel=\"canonical\" href=\"https:\/\/rtrsports.com\/fr\/dakar-rallye\/\" \/>\n<meta property=\"og:locale\" content=\"fr_FR\" \/>\n<meta property=\"og:type\" content=\"article\" \/>\n<meta property=\"og:title\" content=\"Agence de parrainage du Rallye Dakar\" \/>\n<meta property=\"og:description\" content=\"Participez \u00e0 la plus grande aventure du sport automobile et renforcez votre marque gr\u00e2ce \u00e0 des formules de parrainage pour le Rallye Dakar avec RTR Sports Marketing.\" \/>\n<meta property=\"og:url\" content=\"https:\/\/rtrsports.com\/fr\/dakar-rallye\/\" \/>\n<meta property=\"og:site_name\" content=\"RTR Sports\" \/>\n<meta property=\"article:publisher\" content=\"https:\/\/www.facebook.com\/RTRSportsMarketing\/\" \/>\n<meta property=\"og:image\" content=\"https:\/\/rtrsports.com\/wp-content\/uploads\/2024\/10\/dakar-2.jpg\" \/>\n\t<meta property=\"og:image:width\" content=\"1106\" \/>\n\t<meta property=\"og:image:height\" content=\"675\" \/>\n\t<meta property=\"og:image:type\" content=\"image\/jpeg\" \/>\n<meta name=\"twitter:card\" content=\"summary_large_image\" \/>\n<meta name=\"twitter:site\" content=\"@rtrsports\" \/>\n<meta name=\"twitter:label1\" content=\"Est. reading time\" \/>\n\t<meta name=\"twitter:data1\" content=\"1 minute\" \/>\n<script type=\"application\/ld+json\" class=\"yoast-schema-graph\">{\"@context\":\"https:\\\/\\\/schema.org\",\"@graph\":[{\"@type\":\"WebPage\",\"@id\":\"https:\\\/\\\/rtrsports.com\\\/fr\\\/dakar-rallye\\\/\",\"url\":\"https:\\\/\\\/rtrsports.com\\\/fr\\\/dakar-rallye\\\/\",\"name\":\"Agence de sponsoring du Rallye Dakar - RTR Sports Marketing\",\"isPartOf\":{\"@id\":\"https:\\\/\\\/rtrsports.com\\\/fr\\\/#website\"},\"primaryImageOfPage\":{\"@id\":\"https:\\\/\\\/rtrsports.com\\\/fr\\\/dakar-rallye\\\/#primaryimage\"},\"image\":{\"@id\":\"https:\\\/\\\/rtrsports.com\\\/fr\\\/dakar-rallye\\\/#primaryimage\"},\"thumbnailUrl\":\"https:\\\/\\\/rtrsports.com\\\/wp-content\\\/uploads\\\/2024\\\/10\\\/dakar-2.jpg\",\"datePublished\":\"2023-09-05T15:01:25+00:00\",\"dateModified\":\"2024-10-04T08:52:26+00:00\",\"description\":\"Participez \u00e0 la plus grande aventure du sport automobile et renforcez votre marque gr\u00e2ce \u00e0 des formules de parrainage pour le Rallye Dakar avec RTR Sports Marketing.\",\"breadcrumb\":{\"@id\":\"https:\\\/\\\/rtrsports.com\\\/fr\\\/dakar-rallye\\\/#breadcrumb\"},\"inLanguage\":\"fr\",\"potentialAction\":[{\"@type\":\"ReadAction\",\"target\":[\"https:\\\/\\\/rtrsports.com\\\/fr\\\/dakar-rallye\\\/\"]}]},{\"@type\":\"ImageObject\",\"inLanguage\":\"fr\",\"@id\":\"https:\\\/\\\/rtrsports.com\\\/fr\\\/dakar-rallye\\\/#primaryimage\",\"url\":\"https:\\\/\\\/rtrsports.com\\\/wp-content\\\/uploads\\\/2024\\\/10\\\/dakar-2.jpg\",\"contentUrl\":\"https:\\\/\\\/rtrsports.com\\\/wp-content\\\/uploads\\\/2024\\\/10\\\/dakar-2.jpg\",\"width\":1106,\"height\":675,\"caption\":\"Sponsoring Dakar\"},{\"@type\":\"BreadcrumbList\",\"@id\":\"https:\\\/\\\/rtrsports.com\\\/fr\\\/dakar-rallye\\\/#breadcrumb\",\"itemListElement\":[{\"@type\":\"ListItem\",\"position\":1,\"name\":\"Home\",\"item\":\"https:\\\/\\\/rtrsports.com\\\/fr\\\/\"},{\"@type\":\"ListItem\",\"position\":2,\"name\":\"Agence de parrainage du Rallye Dakar\"}]},{\"@type\":\"WebSite\",\"@id\":\"https:\\\/\\\/rtrsports.com\\\/fr\\\/#website\",\"url\":\"https:\\\/\\\/rtrsports.com\\\/fr\\\/\",\"name\":\"RTR Sports Marketing\",\"description\":\"RTR Sports Marketing is a global motorsport sponsorship agency and consultancy, specialized in Formula 1 and MotoGP, and active across all major international racing series including Formula E, NASCAR, WEC, WRC and Dakar, helping brands build data-driven, high-performance sponsorship programs.\",\"publisher\":{\"@id\":\"https:\\\/\\\/rtrsports.com\\\/fr\\\/#organization\"},\"alternateName\":\"RTR Sports\",\"potentialAction\":[{\"@type\":\"SearchAction\",\"target\":{\"@type\":\"EntryPoint\",\"urlTemplate\":\"https:\\\/\\\/rtrsports.com\\\/fr\\\/?s={search_term_string}\"},\"query-input\":{\"@type\":\"PropertyValueSpecification\",\"valueRequired\":true,\"valueName\":\"search_term_string\"}}],\"inLanguage\":\"fr\"},{\"@type\":\"Organization\",\"@id\":\"https:\\\/\\\/rtrsports.com\\\/fr\\\/#organization\",\"name\":\"RTR Sports Marketing\",\"alternateName\":\"RTR sports\",\"url\":\"https:\\\/\\\/rtrsports.com\\\/fr\\\/\",\"logo\":{\"@type\":\"ImageObject\",\"inLanguage\":\"fr\",\"@id\":\"https:\\\/\\\/rtrsports.com\\\/fr\\\/#\\\/schema\\\/logo\\\/image\\\/\",\"url\":\"https:\\\/\\\/rtrsports.com\\\/wp-content\\\/uploads\\\/2024\\\/01\\\/rtrsports-anniversary-1.jpg\",\"contentUrl\":\"https:\\\/\\\/rtrsports.com\\\/wp-content\\\/uploads\\\/2024\\\/01\\\/rtrsports-anniversary-1.jpg\",\"width\":946,\"height\":260,\"caption\":\"RTR Sports Marketing\"},\"image\":{\"@id\":\"https:\\\/\\\/rtrsports.com\\\/fr\\\/#\\\/schema\\\/logo\\\/image\\\/\"},\"sameAs\":[\"https:\\\/\\\/www.facebook.com\\\/RTRSportsMarketing\\\/\",\"https:\\\/\\\/x.com\\\/rtrsports\",\"https:\\\/\\\/www.linkedin.com\\\/company\\\/rtr-sports-marketing\\\/\"],\"description\":\"RTR Sports Marketing is a global motorsport sponsorship agency and consultancy, specialized in Formula 1 and MotoGP, and active across all major international racing series including Formula E, NASCAR, WEC, WRC and Dakar, helping brands build data-driven, high-performance sponsorship programs.\",\"email\":\"info@rtrsports.com\",\"legalName\":\"RTR Sports Marketing LTD\",\"numberOfEmployees\":{\"@type\":\"QuantitativeValue\",\"minValue\":\"1\",\"maxValue\":\"10\"}}]}<\/script>\n<!-- \/ Yoast SEO Premium plugin. -->","yoast_head_json":{"title":"Agence de sponsoring du Rallye Dakar - RTR Sports Marketing","description":"Participez \u00e0 la plus grande aventure du sport automobile et renforcez votre marque gr\u00e2ce \u00e0 des formules de parrainage pour le Rallye Dakar avec RTR Sports Marketing.","robots":{"index":"index","follow":"follow","max-snippet":"max-snippet:-1","max-image-preview":"max-image-preview:large","max-video-preview":"max-video-preview:-1"},"canonical":"https:\/\/rtrsports.com\/fr\/dakar-rallye\/","og_locale":"fr_FR","og_type":"article","og_title":"Agence de parrainage du Rallye Dakar","og_description":"Participez \u00e0 la plus grande aventure du sport automobile et renforcez votre marque gr\u00e2ce \u00e0 des formules de parrainage pour le Rallye Dakar avec RTR Sports Marketing.","og_url":"https:\/\/rtrsports.com\/fr\/dakar-rallye\/","og_site_name":"RTR Sports","article_publisher":"https:\/\/www.facebook.com\/RTRSportsMarketing\/","og_image":[{"width":1106,"height":675,"url":"https:\/\/rtrsports.com\/wp-content\/uploads\/2024\/10\/dakar-2.jpg","type":"image\/jpeg"}],"twitter_card":"summary_large_image","twitter_site":"@rtrsports","twitter_misc":{"Est. reading time":"1 minute"},"schema":{"@context":"https:\/\/schema.org","@graph":[{"@type":"WebPage","@id":"https:\/\/rtrsports.com\/fr\/dakar-rallye\/","url":"https:\/\/rtrsports.com\/fr\/dakar-rallye\/","name":"Agence de sponsoring du Rallye Dakar - RTR Sports Marketing","isPartOf":{"@id":"https:\/\/rtrsports.com\/fr\/#website"},"primaryImageOfPage":{"@id":"https:\/\/rtrsports.com\/fr\/dakar-rallye\/#primaryimage"},"image":{"@id":"https:\/\/rtrsports.com\/fr\/dakar-rallye\/#primaryimage"},"thumbnailUrl":"https:\/\/rtrsports.com\/wp-content\/uploads\/2024\/10\/dakar-2.jpg","datePublished":"2023-09-05T15:01:25+00:00","dateModified":"2024-10-04T08:52:26+00:00","description":"Participez \u00e0 la plus grande aventure du sport automobile et renforcez votre marque gr\u00e2ce \u00e0 des formules de parrainage pour le Rallye Dakar avec RTR Sports Marketing.","breadcrumb":{"@id":"https:\/\/rtrsports.com\/fr\/dakar-rallye\/#breadcrumb"},"inLanguage":"fr","potentialAction":[{"@type":"ReadAction","target":["https:\/\/rtrsports.com\/fr\/dakar-rallye\/"]}]},{"@type":"ImageObject","inLanguage":"fr","@id":"https:\/\/rtrsports.com\/fr\/dakar-rallye\/#primaryimage","url":"https:\/\/rtrsports.com\/wp-content\/uploads\/2024\/10\/dakar-2.jpg","contentUrl":"https:\/\/rtrsports.com\/wp-content\/uploads\/2024\/10\/dakar-2.jpg","width":1106,"height":675,"caption":"Sponsoring Dakar"},{"@type":"BreadcrumbList","@id":"https:\/\/rtrsports.com\/fr\/dakar-rallye\/#breadcrumb","itemListElement":[{"@type":"ListItem","position":1,"name":"Home","item":"https:\/\/rtrsports.com\/fr\/"},{"@type":"ListItem","position":2,"name":"Agence de parrainage du Rallye Dakar"}]},{"@type":"WebSite","@id":"https:\/\/rtrsports.com\/fr\/#website","url":"https:\/\/rtrsports.com\/fr\/","name":"RTR Sports Marketing","description":"RTR Sports Marketing is a global motorsport sponsorship agency and consultancy, specialized in Formula 1 and MotoGP, and active across all major international racing series including Formula E, NASCAR, WEC, WRC and Dakar, helping brands build data-driven, high-performance sponsorship programs.","publisher":{"@id":"https:\/\/rtrsports.com\/fr\/#organization"},"alternateName":"RTR Sports","potentialAction":[{"@type":"SearchAction","target":{"@type":"EntryPoint","urlTemplate":"https:\/\/rtrsports.com\/fr\/?s={search_term_string}"},"query-input":{"@type":"PropertyValueSpecification","valueRequired":true,"valueName":"search_term_string"}}],"inLanguage":"fr"},{"@type":"Organization","@id":"https:\/\/rtrsports.com\/fr\/#organization","name":"RTR Sports Marketing","alternateName":"RTR sports","url":"https:\/\/rtrsports.com\/fr\/","logo":{"@type":"ImageObject","inLanguage":"fr","@id":"https:\/\/rtrsports.com\/fr\/#\/schema\/logo\/image\/","url":"https:\/\/rtrsports.com\/wp-content\/uploads\/2024\/01\/rtrsports-anniversary-1.jpg","contentUrl":"https:\/\/rtrsports.com\/wp-content\/uploads\/2024\/01\/rtrsports-anniversary-1.jpg","width":946,"height":260,"caption":"RTR Sports Marketing"},"image":{"@id":"https:\/\/rtrsports.com\/fr\/#\/schema\/logo\/image\/"},"sameAs":["https:\/\/www.facebook.com\/RTRSportsMarketing\/","https:\/\/x.com\/rtrsports","https:\/\/www.linkedin.com\/company\/rtr-sports-marketing\/"],"description":"RTR Sports Marketing is a global motorsport sponsorship agency and consultancy, specialized in Formula 1 and MotoGP, and active across all major international racing series including Formula E, NASCAR, WEC, WRC and Dakar, helping brands build data-driven, high-performance sponsorship programs.","email":"info@rtrsports.com","legalName":"RTR Sports Marketing LTD","numberOfEmployees":{"@type":"QuantitativeValue","minValue":"1","maxValue":"10"}}]}},"_links":{"self":[{"href":"https:\/\/rtrsports.com\/fr\/wp-json\/wp\/v2\/pages\/153658","targetHints":{"allow":["GET"]}}],"collection":[{"href":"https:\/\/rtrsports.com\/fr\/wp-json\/wp\/v2\/pages"}],"about":[{"href":"https:\/\/rtrsports.com\/fr\/wp-json\/wp\/v2\/types\/page"}],"author":[{"embeddable":true,"href":"https:\/\/rtrsports.com\/fr\/wp-json\/wp\/v2\/users\/2"}],"replies":[{"embeddable":true,"href":"https:\/\/rtrsports.com\/fr\/wp-json\/wp\/v2\/comments?post=153658"}],"version-history":[{"count":4,"href":"https:\/\/rtrsports.com\/fr\/wp-json\/wp\/v2\/pages\/153658\/revisions"}],"predecessor-version":[{"id":255031,"href":"https:\/\/rtrsports.com\/fr\/wp-json\/wp\/v2\/pages\/153658\/revisions\/255031"}],"wp:featuredmedia":[{"embeddable":true,"href":"https:\/\/rtrsports.com\/fr\/wp-json\/wp\/v2\/media\/254729"}],"wp:attachment":[{"href":"https:\/\/rtrsports.com\/fr\/wp-json\/wp\/v2\/media?parent=153658"}],"curies":[{"name":"wp","href":"https:\/\/api.w.org\/{rel}","templated":true}]}}