{"id":153760,"date":"2024-07-16T08:17:39","date_gmt":"2024-07-16T06:17:39","guid":{"rendered":"https:\/\/rtrsports.com\/?page_id=153760"},"modified":"2025-11-24T16:30:00","modified_gmt":"2025-11-24T15:30:00","slug":"motogp-hospitality-malaysia-motorcycle-grand-prix","status":"publish","type":"page","link":"https:\/\/rtrsports.com\/fr\/motogp-hospitality-malaysia-motorcycle-grand-prix\/","title":{"rendered":"2026 MotoGP VIP Village and Hospitality Malaysia GP"},"content":{"rendered":"<p>Malaysian Grand Prix MotoGP VIP Village and MotoGP Premier 2023November 12, 2023 &#8211; Sepang International Circuit<\/p>\n<h3><span style=\"color: #808080;\">MotoGP VIP Village Prices<\/span><\/h3>\n<p>Saturday + Sunday: <strong>\u20ac 1,670<\/strong><br \/>\nSunday: <strong>NA<\/strong>Book MotoGP VIP Village Today<\/p>\n<h3><span style=\"color: #808080;\">MotoGP Premier Prices<\/span><\/h3>\n<p>Apex Package: <strong>\u20ac2,687<\/strong><br \/>\nChicane package: <strong>\u20ac 780<\/strong><br \/>\nTrophy package: <strong>\u20ac 251<\/strong>Book MotoGP Premier Today  <\/p>\n<h3>The services of the MotoGP VIP Village in Sepang<\/h3>\n<p><strong>EXCLUSIVE LOCATIONS:<\/strong> Excellent views of the circuit, Indoor VIP parking, Full TV coverage, Open Bar in the viewing area, Reserved Grandstand<\/p>\n<p><strong>ENTERTAINMENT PROGRAM:<\/strong> Paddock Tour, Pit Lane Walk, Service Road Tour, Sweepstakes<\/p>\n<p><strong>GOURMET EXPERIENCE:<\/strong> Breakfast, Tapas Bar, Gourmet Lunch, Afternoon Petit Fours, Open Bar<\/p>\n<h3>MotoGP Premier&#8217;s coverage at the Thai Grand Prix<\/h3>\n<div class=\" vc_custom_1670603702423\">\n<div id=\"text-block-63a422b23fcbd\" class=\"mk-text-block jupiter-donut- \">\n<p>MotoGP Premier provides three main types of experience packages: <strong>Trophy, Chicane and Apex<\/strong>.<\/p>\n<p>The Trophy and Chicane packages include a grandstand seat for 3 days, while the Apex package includes full VIP Village hospitality accompanied by other extra services such as garage tours, meet and greet and Q&amp;A sessions. All <strong>MotoGP\u2122 Premier<\/strong> packages include a range of exclusive trackside activities designed to bring you closer to the MotoGP\u2122, Moto2\u2122 and Moto3\u2122 riders and teams.<\/p>\n<\/div>\n<\/div>\n<p><\/p>\n<h3>How to book MotoGP VIP Village and MotoGP Premier<\/h3>\n<p><a href=\"https:\/\/staging.project-progress.net\/projects\/rtrsports-livesite\/en\/\"><br \/>\n<strong>RTR Sports Marketing<\/strong><br \/>\n<\/a> is the official agency for selling MotoGP hospitality packages.<\/p>\n<p>Fill out the form to the right to book your MotoGP VIP Village Pass or MotoGP Premier package. One of our accounts will contact you within a few minutes, sending you all the necessary information and forms to proceed with your order. <strong>Please note that by filling out this form you are not directly purchasing any pass but simply requesting one.<\/strong>PGRpdiBjbGFzcz0iX2Zvcm1fMTkiPjwvZGl2PjxzY3JpcHQgc3JjPSJodHRwczovL3J0cnNwb3J0cy5hY3RpdmVob3N0ZWQuY29tL2YvZW1iZWQucGhwP2lkPTE5IiB0eXBlPSJ0ZXh0L2phdmFzY3JpcHQiIGNoYXJzZXQ9InV0Zi04Ij48L3NjcmlwdD4= <\/p>\n<h2>The Sepang Circuit: MotoGP VIP Village and MotoGP Premier in Malaysia<\/h2>\n<h3>The Magic of Sepang International Circuit<\/h3>\n<p>Sepang International Circuit is a landmark in the world of MotoGP. Opened in 1999, this extraordinary circuit, located a short distance from bustling Kuala Lumpur, offers a heady combination of high-speed turns, long straights and elevation changes, all wrapped in Malaysia&#8217;s enchanting atmosphere. The Malaysian MotoGP Grand Prix is an event that every motorsport fan should experience at least once in his or her lifetime, an event packed with adrenaline and excitement.<\/p>\n<h3>Your Privileged Viewpoint: the MotoGP VIP Village<\/h3>\n<p>To enrich your experience at Sepang International Circuit, the MotoGP VIP Village is the perfect choice. This exclusive hospitality area guarantees you a privileged view of the runway, along with high-end amenities designed to fulfill your every wish. Excellent catering, an open bar, giant screens to follow every detail of the race: all this, and more, awaits you in the MotoGP VIP Village.<\/p>\n<h3>Unique Experience with MotoGP Premier<\/h3>\n<p>For true fans, MotoGP Premier offers an unparalleled hospitality experience. This exclusive service grants you not only an enviable view of the track and a top gastronomic treatment, but also gives you the opportunity to enter the team pits, meet the stars of the paddock, and discover the world of MotoGP up close. MotoGP Premier is the ideal choice for those who wish to experience the MotoGP Malaysian Grand Prix in a fully immersive way.<\/p>\n<h3>An Unparalleled MotoGP Experience<\/h3>\n<p>Attending the Malaysian MotoGP Grand Prix at Sepang International Circuit, enjoying the privileges of MotoGP VIP Village or MotoGP Premier, is a one-of-a-kind experience. This event offers an inimitable combination of excitement, luxury and culture, making it one of the most exciting sporting competitions in the world. With RTR Sports Marketing, you will have the opportunity to experience this as a protagonist while enjoying pure excitement and comfort. Don&#8217;t miss your chance to be part of this unforgettable event.Hospitality, MotoGP VIP Village and MotoGP Premier at the Grand Prix of the Americas in Austin, Texas<\/p>\n<p>First-class location and catering, excellent service and the best in two-wheel hospitality-this is the MotoGP VIP Village. Of course, with the experience and professionalism of the RTR account managers on site.<\/p>\n<p>Everything in the VIP Village is specially designed to give you an extraordinary experience at every Grand Prix. An exclusive entertainment program and top gourmet menus are just the basics for a weekend of style, comfort and fun in a unique setting. All VIP Village guests have at their disposal a range of services included in the package.<\/p>\n<p>You can also choose to enjoy the excellence of the VIP Village for race Sunday only (Gold package) or also include the excitement of Saturday for a weekend of adrenaline and racing (Gold+ Silver package). Whichever you choose, all the services listed below are available to you on both days.<\/p>\n<p>Welcome to the magical world of MotoGP<strong>World Class Hospitality:<\/strong> MotoGP VIP Village and MotoGP Premier are official Corporate Hospitality programs of the Championship, capable of offering first-class services at every Grand Prix of the Season. Hospitality packages, designed to provide an excellent experience, take place in exclusive locations with unique entertainment programs.<\/p>\n<p><strong>Effective Business Venue:<\/strong> Companies and brands can use these experiences to improve relationships with their customers and partners. Whether you are looking for a large corporate event or a more exclusive private meeting, the MotoGP VIP Village and MotoGP Premier are at your service to achieve your business and B2B objectives.<\/p>\n<p><strong>The Place to Be:<\/strong> There is no more exciting, gripping and thrilling setting than a race of the <strong><br \/>\n<a href=\"https:\/\/staging.project-progress.net\/projects\/rtrsports-livesite\/en\/motorsports-motogp-sponsorship-agency\/\">MotoGP World Championship<\/a><br \/>\n<\/strong>, a sport capable of generating passion and spectacle anywhere in the world. The MotoGP VIP Village and MotoGP Premier offer an exclusive entertainment program capable of providing truly unforgettable moments and experiences. Enjoy wonderful food from our kitchens, watch the action on the track from prime locations, feel the excitement of the Paddock and the vibrations of the Pit Lane before the engines start.<\/p>\n","protected":false},"excerpt":{"rendered":"<p>MotoGP VIP Village Prices Saturday + Sunday: \u20ac 1,670 Sunday: NA MotoGP Premier Prices Apex Package: \u20ac2,687 Chicane package: \u20ac 780 Trophy package: \u20ac 251 The services of the MotoGP VIP Village in Sepang EXCLUSIVE LOCATIONS: Excellent views of the circuit, Indoor VIP parking, Full TV coverage, Open Bar in the viewing area, Reserved Grandstand [&hellip;]<\/p>\n","protected":false},"author":17,"featured_media":86552,"parent":0,"menu_order":0,"comment_status":"open","ping_status":"closed","template":"page-template\/page-flexible-template.php","meta":{"_acf_changed":false,"footnotes":""},"class_list":["post-153760","page","type-page","status-publish","has-post-thumbnail","hentry"],"acf":[],"yoast_head":"<!-- This site is optimized with the Yoast SEO Premium plugin v26.8 (Yoast SEO v27.4) - https:\/\/yoast.com\/product\/yoast-seo-premium-wordpress\/ -->\n<title>2026 MotoGP VIP Village and Hospitality Malaysia GP<\/title>\n<meta name=\"description\" content=\"Grand Prix de Malaisie. Village VIP et hospitalit\u00e9 MotoGP \u00e0 Sepang. R\u00e9servez votre MotoGP Pass d\u00e8s aujourd&#039;hui.\" \/>\n<meta name=\"robots\" content=\"index, follow, max-snippet:-1, max-image-preview:large, max-video-preview:-1\" \/>\n<link rel=\"canonical\" href=\"https:\/\/rtrsports.com\/fr\/motogp-hospitality-malaysia-motorcycle-grand-prix\/\" \/>\n<meta property=\"og:locale\" content=\"fr_FR\" \/>\n<meta property=\"og:type\" content=\"article\" \/>\n<meta property=\"og:title\" content=\"2026 MotoGP VIP Village and Hospitality Malaysia GP\" \/>\n<meta property=\"og:description\" content=\"Grand Prix de Malaisie. Village VIP et hospitalit\u00e9 MotoGP \u00e0 Sepang. R\u00e9servez votre MotoGP Pass d\u00e8s aujourd&#039;hui.\" \/>\n<meta property=\"og:url\" content=\"https:\/\/rtrsports.com\/fr\/motogp-hospitality-malaysia-motorcycle-grand-prix\/\" \/>\n<meta property=\"og:site_name\" content=\"RTR Sports\" \/>\n<meta property=\"article:publisher\" content=\"https:\/\/www.facebook.com\/RTRSportsMarketing\/\" \/>\n<meta property=\"og:image\" content=\"https:\/\/rtrsports.com\/wp-content\/uploads\/2022\/01\/motogp-vip-village-flags-202220.jpg\" \/>\n\t<meta property=\"og:image:width\" content=\"665\" \/>\n\t<meta property=\"og:image:height\" content=\"833\" \/>\n\t<meta property=\"og:image:type\" content=\"image\/jpeg\" \/>\n<meta name=\"twitter:card\" content=\"summary_large_image\" \/>\n<meta name=\"twitter:site\" content=\"@rtrsports\" \/>\n<meta name=\"twitter:label1\" content=\"Est. reading time\" \/>\n\t<meta name=\"twitter:data1\" content=\"1 minute\" \/>\n<script type=\"application\/ld+json\" class=\"yoast-schema-graph\">{\"@context\":\"https:\\\/\\\/schema.org\",\"@graph\":[{\"@type\":\"WebPage\",\"@id\":\"https:\\\/\\\/rtrsports.com\\\/fr\\\/motogp-hospitality-malaysia-motorcycle-grand-prix\\\/\",\"url\":\"https:\\\/\\\/rtrsports.com\\\/fr\\\/motogp-hospitality-malaysia-motorcycle-grand-prix\\\/\",\"name\":\"2026 MotoGP VIP Village and Hospitality Malaysia GP\",\"isPartOf\":{\"@id\":\"https:\\\/\\\/rtrsports.com\\\/fr\\\/#website\"},\"primaryImageOfPage\":{\"@id\":\"https:\\\/\\\/rtrsports.com\\\/fr\\\/motogp-hospitality-malaysia-motorcycle-grand-prix\\\/#primaryimage\"},\"image\":{\"@id\":\"https:\\\/\\\/rtrsports.com\\\/fr\\\/motogp-hospitality-malaysia-motorcycle-grand-prix\\\/#primaryimage\"},\"thumbnailUrl\":\"https:\\\/\\\/rtrsports.com\\\/wp-content\\\/uploads\\\/2022\\\/01\\\/motogp-vip-village-flags-202220.jpg\",\"datePublished\":\"2024-07-16T06:17:39+00:00\",\"dateModified\":\"2025-11-24T15:30:00+00:00\",\"description\":\"Grand Prix de Malaisie. Village VIP et hospitalit\u00e9 MotoGP \u00e0 Sepang. R\u00e9servez votre MotoGP Pass d\u00e8s aujourd'hui.\",\"breadcrumb\":{\"@id\":\"https:\\\/\\\/rtrsports.com\\\/fr\\\/motogp-hospitality-malaysia-motorcycle-grand-prix\\\/#breadcrumb\"},\"inLanguage\":\"fr\",\"potentialAction\":[{\"@type\":\"ReadAction\",\"target\":[\"https:\\\/\\\/rtrsports.com\\\/fr\\\/motogp-hospitality-malaysia-motorcycle-grand-prix\\\/\"]}]},{\"@type\":\"ImageObject\",\"inLanguage\":\"fr\",\"@id\":\"https:\\\/\\\/rtrsports.com\\\/fr\\\/motogp-hospitality-malaysia-motorcycle-grand-prix\\\/#primaryimage\",\"url\":\"https:\\\/\\\/rtrsports.com\\\/wp-content\\\/uploads\\\/2022\\\/01\\\/motogp-vip-village-flags-202220.jpg\",\"contentUrl\":\"https:\\\/\\\/rtrsports.com\\\/wp-content\\\/uploads\\\/2022\\\/01\\\/motogp-vip-village-flags-202220.jpg\",\"width\":665,\"height\":833,\"caption\":\"motogp-vip-village-flags-202220\"},{\"@type\":\"BreadcrumbList\",\"@id\":\"https:\\\/\\\/rtrsports.com\\\/fr\\\/motogp-hospitality-malaysia-motorcycle-grand-prix\\\/#breadcrumb\",\"itemListElement\":[{\"@type\":\"ListItem\",\"position\":1,\"name\":\"Home\",\"item\":\"https:\\\/\\\/rtrsports.com\\\/fr\\\/\"},{\"@type\":\"ListItem\",\"position\":2,\"name\":\"2026 MotoGP VIP Village and Hospitality Malaysia GP\"}]},{\"@type\":\"WebSite\",\"@id\":\"https:\\\/\\\/rtrsports.com\\\/fr\\\/#website\",\"url\":\"https:\\\/\\\/rtrsports.com\\\/fr\\\/\",\"name\":\"RTR Sports Marketing\",\"description\":\"RTR Sports Marketing is a global motorsport sponsorship agency and consultancy, specialized in Formula 1 and MotoGP, and active across all major international racing series including Formula E, NASCAR, WEC, WRC and Dakar, helping brands build data-driven, high-performance sponsorship programs.\",\"publisher\":{\"@id\":\"https:\\\/\\\/rtrsports.com\\\/fr\\\/#organization\"},\"alternateName\":\"RTR Sports\",\"potentialAction\":[{\"@type\":\"SearchAction\",\"target\":{\"@type\":\"EntryPoint\",\"urlTemplate\":\"https:\\\/\\\/rtrsports.com\\\/fr\\\/?s={search_term_string}\"},\"query-input\":{\"@type\":\"PropertyValueSpecification\",\"valueRequired\":true,\"valueName\":\"search_term_string\"}}],\"inLanguage\":\"fr\"},{\"@type\":\"Organization\",\"@id\":\"https:\\\/\\\/rtrsports.com\\\/fr\\\/#organization\",\"name\":\"RTR Sports Marketing\",\"alternateName\":\"RTR sports\",\"url\":\"https:\\\/\\\/rtrsports.com\\\/fr\\\/\",\"logo\":{\"@type\":\"ImageObject\",\"inLanguage\":\"fr\",\"@id\":\"https:\\\/\\\/rtrsports.com\\\/fr\\\/#\\\/schema\\\/logo\\\/image\\\/\",\"url\":\"https:\\\/\\\/rtrsports.com\\\/wp-content\\\/uploads\\\/2024\\\/01\\\/rtrsports-anniversary-1.jpg\",\"contentUrl\":\"https:\\\/\\\/rtrsports.com\\\/wp-content\\\/uploads\\\/2024\\\/01\\\/rtrsports-anniversary-1.jpg\",\"width\":946,\"height\":260,\"caption\":\"RTR Sports Marketing\"},\"image\":{\"@id\":\"https:\\\/\\\/rtrsports.com\\\/fr\\\/#\\\/schema\\\/logo\\\/image\\\/\"},\"sameAs\":[\"https:\\\/\\\/www.facebook.com\\\/RTRSportsMarketing\\\/\",\"https:\\\/\\\/x.com\\\/rtrsports\",\"https:\\\/\\\/www.linkedin.com\\\/company\\\/rtr-sports-marketing\\\/\"],\"description\":\"RTR Sports Marketing is a global motorsport sponsorship agency and consultancy, specialized in Formula 1 and MotoGP, and active across all major international racing series including Formula E, NASCAR, WEC, WRC and Dakar, helping brands build data-driven, high-performance sponsorship programs.\",\"email\":\"info@rtrsports.com\",\"legalName\":\"RTR Sports Marketing LTD\",\"numberOfEmployees\":{\"@type\":\"QuantitativeValue\",\"minValue\":\"1\",\"maxValue\":\"10\"}}]}<\/script>\n<!-- \/ Yoast SEO Premium plugin. -->","yoast_head_json":{"title":"2026 MotoGP VIP Village and Hospitality Malaysia GP","description":"Grand Prix de Malaisie. Village VIP et hospitalit\u00e9 MotoGP \u00e0 Sepang. R\u00e9servez votre MotoGP Pass d\u00e8s aujourd'hui.","robots":{"index":"index","follow":"follow","max-snippet":"max-snippet:-1","max-image-preview":"max-image-preview:large","max-video-preview":"max-video-preview:-1"},"canonical":"https:\/\/rtrsports.com\/fr\/motogp-hospitality-malaysia-motorcycle-grand-prix\/","og_locale":"fr_FR","og_type":"article","og_title":"2026 MotoGP VIP Village and Hospitality Malaysia GP","og_description":"Grand Prix de Malaisie. Village VIP et hospitalit\u00e9 MotoGP \u00e0 Sepang. R\u00e9servez votre MotoGP Pass d\u00e8s aujourd'hui.","og_url":"https:\/\/rtrsports.com\/fr\/motogp-hospitality-malaysia-motorcycle-grand-prix\/","og_site_name":"RTR Sports","article_publisher":"https:\/\/www.facebook.com\/RTRSportsMarketing\/","og_image":[{"width":665,"height":833,"url":"https:\/\/rtrsports.com\/wp-content\/uploads\/2022\/01\/motogp-vip-village-flags-202220.jpg","type":"image\/jpeg"}],"twitter_card":"summary_large_image","twitter_site":"@rtrsports","twitter_misc":{"Est. reading time":"1 minute"},"schema":{"@context":"https:\/\/schema.org","@graph":[{"@type":"WebPage","@id":"https:\/\/rtrsports.com\/fr\/motogp-hospitality-malaysia-motorcycle-grand-prix\/","url":"https:\/\/rtrsports.com\/fr\/motogp-hospitality-malaysia-motorcycle-grand-prix\/","name":"2026 MotoGP VIP Village and Hospitality Malaysia GP","isPartOf":{"@id":"https:\/\/rtrsports.com\/fr\/#website"},"primaryImageOfPage":{"@id":"https:\/\/rtrsports.com\/fr\/motogp-hospitality-malaysia-motorcycle-grand-prix\/#primaryimage"},"image":{"@id":"https:\/\/rtrsports.com\/fr\/motogp-hospitality-malaysia-motorcycle-grand-prix\/#primaryimage"},"thumbnailUrl":"https:\/\/rtrsports.com\/wp-content\/uploads\/2022\/01\/motogp-vip-village-flags-202220.jpg","datePublished":"2024-07-16T06:17:39+00:00","dateModified":"2025-11-24T15:30:00+00:00","description":"Grand Prix de Malaisie. Village VIP et hospitalit\u00e9 MotoGP \u00e0 Sepang. R\u00e9servez votre MotoGP Pass d\u00e8s aujourd'hui.","breadcrumb":{"@id":"https:\/\/rtrsports.com\/fr\/motogp-hospitality-malaysia-motorcycle-grand-prix\/#breadcrumb"},"inLanguage":"fr","potentialAction":[{"@type":"ReadAction","target":["https:\/\/rtrsports.com\/fr\/motogp-hospitality-malaysia-motorcycle-grand-prix\/"]}]},{"@type":"ImageObject","inLanguage":"fr","@id":"https:\/\/rtrsports.com\/fr\/motogp-hospitality-malaysia-motorcycle-grand-prix\/#primaryimage","url":"https:\/\/rtrsports.com\/wp-content\/uploads\/2022\/01\/motogp-vip-village-flags-202220.jpg","contentUrl":"https:\/\/rtrsports.com\/wp-content\/uploads\/2022\/01\/motogp-vip-village-flags-202220.jpg","width":665,"height":833,"caption":"motogp-vip-village-flags-202220"},{"@type":"BreadcrumbList","@id":"https:\/\/rtrsports.com\/fr\/motogp-hospitality-malaysia-motorcycle-grand-prix\/#breadcrumb","itemListElement":[{"@type":"ListItem","position":1,"name":"Home","item":"https:\/\/rtrsports.com\/fr\/"},{"@type":"ListItem","position":2,"name":"2026 MotoGP VIP Village and Hospitality Malaysia GP"}]},{"@type":"WebSite","@id":"https:\/\/rtrsports.com\/fr\/#website","url":"https:\/\/rtrsports.com\/fr\/","name":"RTR Sports Marketing","description":"RTR Sports Marketing is a global motorsport sponsorship agency and consultancy, specialized in Formula 1 and MotoGP, and active across all major international racing series including Formula E, NASCAR, WEC, WRC and Dakar, helping brands build data-driven, high-performance sponsorship programs.","publisher":{"@id":"https:\/\/rtrsports.com\/fr\/#organization"},"alternateName":"RTR Sports","potentialAction":[{"@type":"SearchAction","target":{"@type":"EntryPoint","urlTemplate":"https:\/\/rtrsports.com\/fr\/?s={search_term_string}"},"query-input":{"@type":"PropertyValueSpecification","valueRequired":true,"valueName":"search_term_string"}}],"inLanguage":"fr"},{"@type":"Organization","@id":"https:\/\/rtrsports.com\/fr\/#organization","name":"RTR Sports Marketing","alternateName":"RTR sports","url":"https:\/\/rtrsports.com\/fr\/","logo":{"@type":"ImageObject","inLanguage":"fr","@id":"https:\/\/rtrsports.com\/fr\/#\/schema\/logo\/image\/","url":"https:\/\/rtrsports.com\/wp-content\/uploads\/2024\/01\/rtrsports-anniversary-1.jpg","contentUrl":"https:\/\/rtrsports.com\/wp-content\/uploads\/2024\/01\/rtrsports-anniversary-1.jpg","width":946,"height":260,"caption":"RTR Sports Marketing"},"image":{"@id":"https:\/\/rtrsports.com\/fr\/#\/schema\/logo\/image\/"},"sameAs":["https:\/\/www.facebook.com\/RTRSportsMarketing\/","https:\/\/x.com\/rtrsports","https:\/\/www.linkedin.com\/company\/rtr-sports-marketing\/"],"description":"RTR Sports Marketing is a global motorsport sponsorship agency and consultancy, specialized in Formula 1 and MotoGP, and active across all major international racing series including Formula E, NASCAR, WEC, WRC and Dakar, helping brands build data-driven, high-performance sponsorship programs.","email":"info@rtrsports.com","legalName":"RTR Sports Marketing LTD","numberOfEmployees":{"@type":"QuantitativeValue","minValue":"1","maxValue":"10"}}]}},"_links":{"self":[{"href":"https:\/\/rtrsports.com\/fr\/wp-json\/wp\/v2\/pages\/153760","targetHints":{"allow":["GET"]}}],"collection":[{"href":"https:\/\/rtrsports.com\/fr\/wp-json\/wp\/v2\/pages"}],"about":[{"href":"https:\/\/rtrsports.com\/fr\/wp-json\/wp\/v2\/types\/page"}],"author":[{"embeddable":true,"href":"https:\/\/rtrsports.com\/fr\/wp-json\/wp\/v2\/users\/17"}],"replies":[{"embeddable":true,"href":"https:\/\/rtrsports.com\/fr\/wp-json\/wp\/v2\/comments?post=153760"}],"version-history":[{"count":4,"href":"https:\/\/rtrsports.com\/fr\/wp-json\/wp\/v2\/pages\/153760\/revisions"}],"predecessor-version":[{"id":340947,"href":"https:\/\/rtrsports.com\/fr\/wp-json\/wp\/v2\/pages\/153760\/revisions\/340947"}],"wp:featuredmedia":[{"embeddable":true,"href":"https:\/\/rtrsports.com\/fr\/wp-json\/wp\/v2\/media\/86552"}],"wp:attachment":[{"href":"https:\/\/rtrsports.com\/fr\/wp-json\/wp\/v2\/media?parent=153760"}],"curies":[{"name":"wp","href":"https:\/\/api.w.org\/{rel}","templated":true}]}}