{"id":340212,"date":"2025-09-12T14:54:39","date_gmt":"2025-09-12T12:54:39","guid":{"rendered":"https:\/\/rtrsports.com\/agence-de-parrainage-nascar\/"},"modified":"2026-02-26T12:15:57","modified_gmt":"2026-02-26T11:15:57","slug":"agence-de-parrainage-nascar","status":"publish","type":"page","link":"https:\/\/rtrsports.com\/fr\/agence-de-parrainage-nascar\/","title":{"rendered":"Agence de parrainage NASCAR"},"content":{"rendered":"","protected":false},"excerpt":{"rendered":"","protected":false},"author":2,"featured_media":340202,"parent":0,"menu_order":0,"comment_status":"closed","ping_status":"closed","template":"page-template\/page-flexible-template.php","meta":{"_acf_changed":false,"footnotes":""},"class_list":["post-340212","page","type-page","status-publish","has-post-thumbnail","hentry"],"acf":[],"yoast_head":"<!-- This site is optimized with the Yoast SEO Premium plugin v26.8 (Yoast SEO v27.3) - https:\/\/yoast.com\/product\/yoast-seo-premium-wordpress\/ -->\n<title>Agence de parrainage NASCAR<\/title>\n<meta name=\"description\" content=\"Pr\u00e9sentez votre marque au Daytona 500 et \u00e0 la NASCAR Cup Series. Notre agence de sponsoring et de publicit\u00e9 vous met en contact avec des millions de passionn\u00e9s de course automobile.\" \/>\n<meta name=\"robots\" content=\"index, follow, max-snippet:-1, max-image-preview:large, max-video-preview:-1\" \/>\n<link rel=\"canonical\" href=\"https:\/\/rtrsports.com\/fr\/agence-de-parrainage-nascar\/\" \/>\n<meta property=\"og:locale\" content=\"fr_FR\" \/>\n<meta property=\"og:type\" content=\"article\" \/>\n<meta property=\"og:title\" content=\"Agence de parrainage NASCAR\" \/>\n<meta property=\"og:description\" content=\"Pr\u00e9sentez votre marque au Daytona 500 et \u00e0 la NASCAR Cup Series. Notre agence de sponsoring et de publicit\u00e9 vous met en contact avec des millions de passionn\u00e9s de course automobile.\" \/>\n<meta property=\"og:url\" content=\"https:\/\/rtrsports.com\/fr\/agence-de-parrainage-nascar\/\" \/>\n<meta property=\"og:site_name\" content=\"RTR Sports\" \/>\n<meta property=\"article:publisher\" content=\"https:\/\/www.facebook.com\/RTRSportsMarketing\/\" \/>\n<meta property=\"og:image\" content=\"https:\/\/rtrsports.com\/wp-content\/uploads\/2025\/09\/2025_Coca-Cola_600_9064918.jpg\" \/>\n\t<meta property=\"og:image:width\" content=\"2560\" \/>\n\t<meta property=\"og:image:height\" content=\"1707\" \/>\n\t<meta property=\"og:image:type\" content=\"image\/jpeg\" \/>\n<meta name=\"twitter:card\" content=\"summary_large_image\" \/>\n<meta name=\"twitter:site\" content=\"@rtrsports\" \/>\n<script type=\"application\/ld+json\" class=\"yoast-schema-graph\">{\"@context\":\"https:\\\/\\\/schema.org\",\"@graph\":[{\"@type\":\"WebPage\",\"@id\":\"https:\\\/\\\/rtrsports.com\\\/fr\\\/agence-de-parrainage-nascar\\\/\",\"url\":\"https:\\\/\\\/rtrsports.com\\\/fr\\\/agence-de-parrainage-nascar\\\/\",\"name\":\"Agence de parrainage NASCAR\",\"isPartOf\":{\"@id\":\"https:\\\/\\\/rtrsports.com\\\/fr\\\/#website\"},\"primaryImageOfPage\":{\"@id\":\"https:\\\/\\\/rtrsports.com\\\/fr\\\/agence-de-parrainage-nascar\\\/#primaryimage\"},\"image\":{\"@id\":\"https:\\\/\\\/rtrsports.com\\\/fr\\\/agence-de-parrainage-nascar\\\/#primaryimage\"},\"thumbnailUrl\":\"https:\\\/\\\/rtrsports.com\\\/wp-content\\\/uploads\\\/2025\\\/09\\\/2025_Coca-Cola_600_9064918.jpg\",\"datePublished\":\"2025-09-12T12:54:39+00:00\",\"dateModified\":\"2026-02-26T11:15:57+00:00\",\"description\":\"Pr\u00e9sentez votre marque au Daytona 500 et \u00e0 la NASCAR Cup Series. Notre agence de sponsoring et de publicit\u00e9 vous met en contact avec des millions de passionn\u00e9s de course automobile.\",\"breadcrumb\":{\"@id\":\"https:\\\/\\\/rtrsports.com\\\/fr\\\/agence-de-parrainage-nascar\\\/#breadcrumb\"},\"inLanguage\":\"fr\",\"potentialAction\":[{\"@type\":\"ReadAction\",\"target\":[\"https:\\\/\\\/rtrsports.com\\\/fr\\\/agence-de-parrainage-nascar\\\/\"]}]},{\"@type\":\"ImageObject\",\"inLanguage\":\"fr\",\"@id\":\"https:\\\/\\\/rtrsports.com\\\/fr\\\/agence-de-parrainage-nascar\\\/#primaryimage\",\"url\":\"https:\\\/\\\/rtrsports.com\\\/wp-content\\\/uploads\\\/2025\\\/09\\\/2025_Coca-Cola_600_9064918.jpg\",\"contentUrl\":\"https:\\\/\\\/rtrsports.com\\\/wp-content\\\/uploads\\\/2025\\\/09\\\/2025_Coca-Cola_600_9064918.jpg\",\"width\":2560,\"height\":1707,\"caption\":\"Les pilotes NASCAR participent \u00e0 la course Coca-Cola 600 au Charlotte Motor Speedway \u00e0 Concord, en Caroline du Nord, le 25 mai 2025. La Coca-Cola 600 a lieu le week-end du Memorial Day et est la plus longue course sanctionn\u00e9e par la NASCAR. Les parachutistes de la 82e division a\u00e9roport\u00e9e ont particip\u00e9 \u00e0 des \u00e9v\u00e9nements lors de la course Coca Cola 600 de NASCAR, interagissant avec des civils, d\u00e9montrant les capacit\u00e9s militaires et honorant les membres des services tomb\u00e9s au combat pour le Memorial Day. (Photo de l'arm\u00e9e am\u00e9ricaine par le spc Jayreliz Batista Prado)\"},{\"@type\":\"BreadcrumbList\",\"@id\":\"https:\\\/\\\/rtrsports.com\\\/fr\\\/agence-de-parrainage-nascar\\\/#breadcrumb\",\"itemListElement\":[{\"@type\":\"ListItem\",\"position\":1,\"name\":\"Home\",\"item\":\"https:\\\/\\\/rtrsports.com\\\/fr\\\/\"},{\"@type\":\"ListItem\",\"position\":2,\"name\":\"Agence de parrainage NASCAR\"}]},{\"@type\":\"WebSite\",\"@id\":\"https:\\\/\\\/rtrsports.com\\\/fr\\\/#website\",\"url\":\"https:\\\/\\\/rtrsports.com\\\/fr\\\/\",\"name\":\"RTR Sports Marketing\",\"description\":\"RTR Sports Marketing is a global motorsport sponsorship agency and consultancy, specialized in Formula 1 and MotoGP, and active across all major international racing series including Formula E, NASCAR, WEC, WRC and Dakar, helping brands build data-driven, high-performance sponsorship programs.\",\"publisher\":{\"@id\":\"https:\\\/\\\/rtrsports.com\\\/fr\\\/#organization\"},\"alternateName\":\"RTR Sports\",\"potentialAction\":[{\"@type\":\"SearchAction\",\"target\":{\"@type\":\"EntryPoint\",\"urlTemplate\":\"https:\\\/\\\/rtrsports.com\\\/fr\\\/?s={search_term_string}\"},\"query-input\":{\"@type\":\"PropertyValueSpecification\",\"valueRequired\":true,\"valueName\":\"search_term_string\"}}],\"inLanguage\":\"fr\"},{\"@type\":\"Organization\",\"@id\":\"https:\\\/\\\/rtrsports.com\\\/fr\\\/#organization\",\"name\":\"RTR Sports Marketing\",\"alternateName\":\"RTR sports\",\"url\":\"https:\\\/\\\/rtrsports.com\\\/fr\\\/\",\"logo\":{\"@type\":\"ImageObject\",\"inLanguage\":\"fr\",\"@id\":\"https:\\\/\\\/rtrsports.com\\\/fr\\\/#\\\/schema\\\/logo\\\/image\\\/\",\"url\":\"https:\\\/\\\/rtrsports.com\\\/wp-content\\\/uploads\\\/2024\\\/01\\\/rtrsports-anniversary-1.jpg\",\"contentUrl\":\"https:\\\/\\\/rtrsports.com\\\/wp-content\\\/uploads\\\/2024\\\/01\\\/rtrsports-anniversary-1.jpg\",\"width\":946,\"height\":260,\"caption\":\"RTR Sports Marketing\"},\"image\":{\"@id\":\"https:\\\/\\\/rtrsports.com\\\/fr\\\/#\\\/schema\\\/logo\\\/image\\\/\"},\"sameAs\":[\"https:\\\/\\\/www.facebook.com\\\/RTRSportsMarketing\\\/\",\"https:\\\/\\\/x.com\\\/rtrsports\",\"https:\\\/\\\/www.linkedin.com\\\/company\\\/rtr-sports-marketing\\\/\"],\"description\":\"RTR Sports Marketing is a global motorsport sponsorship agency and consultancy, specialized in Formula 1 and MotoGP, and active across all major international racing series including Formula E, NASCAR, WEC, WRC and Dakar, helping brands build data-driven, high-performance sponsorship programs.\",\"email\":\"info@rtrsports.com\",\"legalName\":\"RTR Sports Marketing LTD\",\"numberOfEmployees\":{\"@type\":\"QuantitativeValue\",\"minValue\":\"1\",\"maxValue\":\"10\"}}]}<\/script>\n<!-- \/ Yoast SEO Premium plugin. -->","yoast_head_json":{"title":"Agence de parrainage NASCAR","description":"Pr\u00e9sentez votre marque au Daytona 500 et \u00e0 la NASCAR Cup Series. Notre agence de sponsoring et de publicit\u00e9 vous met en contact avec des millions de passionn\u00e9s de course automobile.","robots":{"index":"index","follow":"follow","max-snippet":"max-snippet:-1","max-image-preview":"max-image-preview:large","max-video-preview":"max-video-preview:-1"},"canonical":"https:\/\/rtrsports.com\/fr\/agence-de-parrainage-nascar\/","og_locale":"fr_FR","og_type":"article","og_title":"Agence de parrainage NASCAR","og_description":"Pr\u00e9sentez votre marque au Daytona 500 et \u00e0 la NASCAR Cup Series. Notre agence de sponsoring et de publicit\u00e9 vous met en contact avec des millions de passionn\u00e9s de course automobile.","og_url":"https:\/\/rtrsports.com\/fr\/agence-de-parrainage-nascar\/","og_site_name":"RTR Sports","article_publisher":"https:\/\/www.facebook.com\/RTRSportsMarketing\/","og_image":[{"width":2560,"height":1707,"url":"https:\/\/rtrsports.com\/wp-content\/uploads\/2025\/09\/2025_Coca-Cola_600_9064918.jpg","type":"image\/jpeg"}],"twitter_card":"summary_large_image","twitter_site":"@rtrsports","schema":{"@context":"https:\/\/schema.org","@graph":[{"@type":"WebPage","@id":"https:\/\/rtrsports.com\/fr\/agence-de-parrainage-nascar\/","url":"https:\/\/rtrsports.com\/fr\/agence-de-parrainage-nascar\/","name":"Agence de parrainage NASCAR","isPartOf":{"@id":"https:\/\/rtrsports.com\/fr\/#website"},"primaryImageOfPage":{"@id":"https:\/\/rtrsports.com\/fr\/agence-de-parrainage-nascar\/#primaryimage"},"image":{"@id":"https:\/\/rtrsports.com\/fr\/agence-de-parrainage-nascar\/#primaryimage"},"thumbnailUrl":"https:\/\/rtrsports.com\/wp-content\/uploads\/2025\/09\/2025_Coca-Cola_600_9064918.jpg","datePublished":"2025-09-12T12:54:39+00:00","dateModified":"2026-02-26T11:15:57+00:00","description":"Pr\u00e9sentez votre marque au Daytona 500 et \u00e0 la NASCAR Cup Series. Notre agence de sponsoring et de publicit\u00e9 vous met en contact avec des millions de passionn\u00e9s de course automobile.","breadcrumb":{"@id":"https:\/\/rtrsports.com\/fr\/agence-de-parrainage-nascar\/#breadcrumb"},"inLanguage":"fr","potentialAction":[{"@type":"ReadAction","target":["https:\/\/rtrsports.com\/fr\/agence-de-parrainage-nascar\/"]}]},{"@type":"ImageObject","inLanguage":"fr","@id":"https:\/\/rtrsports.com\/fr\/agence-de-parrainage-nascar\/#primaryimage","url":"https:\/\/rtrsports.com\/wp-content\/uploads\/2025\/09\/2025_Coca-Cola_600_9064918.jpg","contentUrl":"https:\/\/rtrsports.com\/wp-content\/uploads\/2025\/09\/2025_Coca-Cola_600_9064918.jpg","width":2560,"height":1707,"caption":"Les pilotes NASCAR participent \u00e0 la course Coca-Cola 600 au Charlotte Motor Speedway \u00e0 Concord, en Caroline du Nord, le 25 mai 2025. La Coca-Cola 600 a lieu le week-end du Memorial Day et est la plus longue course sanctionn\u00e9e par la NASCAR. Les parachutistes de la 82e division a\u00e9roport\u00e9e ont particip\u00e9 \u00e0 des \u00e9v\u00e9nements lors de la course Coca Cola 600 de NASCAR, interagissant avec des civils, d\u00e9montrant les capacit\u00e9s militaires et honorant les membres des services tomb\u00e9s au combat pour le Memorial Day. (Photo de l'arm\u00e9e am\u00e9ricaine par le spc Jayreliz Batista Prado)"},{"@type":"BreadcrumbList","@id":"https:\/\/rtrsports.com\/fr\/agence-de-parrainage-nascar\/#breadcrumb","itemListElement":[{"@type":"ListItem","position":1,"name":"Home","item":"https:\/\/rtrsports.com\/fr\/"},{"@type":"ListItem","position":2,"name":"Agence de parrainage NASCAR"}]},{"@type":"WebSite","@id":"https:\/\/rtrsports.com\/fr\/#website","url":"https:\/\/rtrsports.com\/fr\/","name":"RTR Sports Marketing","description":"RTR Sports Marketing is a global motorsport sponsorship agency and consultancy, specialized in Formula 1 and MotoGP, and active across all major international racing series including Formula E, NASCAR, WEC, WRC and Dakar, helping brands build data-driven, high-performance sponsorship programs.","publisher":{"@id":"https:\/\/rtrsports.com\/fr\/#organization"},"alternateName":"RTR Sports","potentialAction":[{"@type":"SearchAction","target":{"@type":"EntryPoint","urlTemplate":"https:\/\/rtrsports.com\/fr\/?s={search_term_string}"},"query-input":{"@type":"PropertyValueSpecification","valueRequired":true,"valueName":"search_term_string"}}],"inLanguage":"fr"},{"@type":"Organization","@id":"https:\/\/rtrsports.com\/fr\/#organization","name":"RTR Sports Marketing","alternateName":"RTR sports","url":"https:\/\/rtrsports.com\/fr\/","logo":{"@type":"ImageObject","inLanguage":"fr","@id":"https:\/\/rtrsports.com\/fr\/#\/schema\/logo\/image\/","url":"https:\/\/rtrsports.com\/wp-content\/uploads\/2024\/01\/rtrsports-anniversary-1.jpg","contentUrl":"https:\/\/rtrsports.com\/wp-content\/uploads\/2024\/01\/rtrsports-anniversary-1.jpg","width":946,"height":260,"caption":"RTR Sports Marketing"},"image":{"@id":"https:\/\/rtrsports.com\/fr\/#\/schema\/logo\/image\/"},"sameAs":["https:\/\/www.facebook.com\/RTRSportsMarketing\/","https:\/\/x.com\/rtrsports","https:\/\/www.linkedin.com\/company\/rtr-sports-marketing\/"],"description":"RTR Sports Marketing is a global motorsport sponsorship agency and consultancy, specialized in Formula 1 and MotoGP, and active across all major international racing series including Formula E, NASCAR, WEC, WRC and Dakar, helping brands build data-driven, high-performance sponsorship programs.","email":"info@rtrsports.com","legalName":"RTR Sports Marketing LTD","numberOfEmployees":{"@type":"QuantitativeValue","minValue":"1","maxValue":"10"}}]}},"_links":{"self":[{"href":"https:\/\/rtrsports.com\/fr\/wp-json\/wp\/v2\/pages\/340212","targetHints":{"allow":["GET"]}}],"collection":[{"href":"https:\/\/rtrsports.com\/fr\/wp-json\/wp\/v2\/pages"}],"about":[{"href":"https:\/\/rtrsports.com\/fr\/wp-json\/wp\/v2\/types\/page"}],"author":[{"embeddable":true,"href":"https:\/\/rtrsports.com\/fr\/wp-json\/wp\/v2\/users\/2"}],"replies":[{"embeddable":true,"href":"https:\/\/rtrsports.com\/fr\/wp-json\/wp\/v2\/comments?post=340212"}],"version-history":[{"count":1,"href":"https:\/\/rtrsports.com\/fr\/wp-json\/wp\/v2\/pages\/340212\/revisions"}],"predecessor-version":[{"id":342296,"href":"https:\/\/rtrsports.com\/fr\/wp-json\/wp\/v2\/pages\/340212\/revisions\/342296"}],"wp:featuredmedia":[{"embeddable":true,"href":"https:\/\/rtrsports.com\/fr\/wp-json\/wp\/v2\/media\/340202"}],"wp:attachment":[{"href":"https:\/\/rtrsports.com\/fr\/wp-json\/wp\/v2\/media?parent=340212"}],"curies":[{"name":"wp","href":"https:\/\/api.w.org\/{rel}","templated":true}]}}