{"id":77193,"date":"2022-07-25T16:55:35","date_gmt":"2022-07-25T14:55:35","guid":{"rendered":"https:\/\/stg-rtrsportscom-rtrstaging.kinsta.cloud\/wsbk-sponsoring\/"},"modified":"2024-10-05T22:18:39","modified_gmt":"2024-10-05T20:18:39","slug":"wsbk-sponsoring","status":"publish","type":"page","link":"https:\/\/rtrsports.com\/fr\/wsbk-sponsoring\/","title":{"rendered":"Sponsoring WSBK"},"content":{"rendered":"<p><\/p>\n<p class=\"p1\"><span class=\"s1\"><b>Agence de sponsoring du WorldSBK<\/b><\/span><\/p>\n<p><\/p>\n<p class=\"p1\"><span class=\"s1\"><b>Sponsoriser les motos de s\u00e9rie les plus rapides de la plan\u00e8te.<\/b><\/span><\/p>\n<p>Fond\u00e9 en 1988, le <strong>WorldSBK<\/strong> (officiellement, championnat du monde FIM Superbike) est la cat\u00e9gorie sup\u00e9rieure des courses de motos de s\u00e9rie.<\/p>\n<p>G\u00e9r\u00e9 par Dorna, le championnat WorldSBK se dispute en 12 manches sur quatre continents et voit les meilleurs constructeurs du monde se battre pour la couronne d&#8217;avril \u00e0 novembre. Chaque manche comprend trois courses : deux courses compl\u00e8tes et la course Superpole de dix tours.<\/p>\n<p>Le Superbike est une v\u00e9ritable c\u00e9l\u00e9bration de la course de moto de haute performance, avec certains des meilleurs pilotes du monde s&#8217;affrontant sur certains des circuits les plus rapides et les plus exigeants du monde. Les motos utilis\u00e9es par les \u00e9quipes du WorldSBK sont des machines d&#8217;usine, int\u00e9grant des mises \u00e0 jour de pointe qui poussent ces motos \u00e0 leurs limites absolues.<\/p>\n<p>Pour les fabricants &#8211; Ducati, Yamaha, Kawasaki, Honda, entre autres &#8211; c&#8217;est l&#8217;occasion de pr\u00e9senter leurs meilleures motos. <strong>Pour les sponsors,<\/strong> c&#8217;est l&#8217;occasion de b\u00e9n\u00e9ficier d&#8217;une visibilit\u00e9 mondiale et de s&#8217;engager aupr\u00e8s d&#8217;un public passionn\u00e9 et aimant.<\/p>\n<p>En tant qu&#8217;<a href=\"https:\/\/rtrsports.com\/en\/blog\/motogp-the-teams-the-riders-the-sponsors\/\" target=\"_blank\" rel=\"noopener noreferrer\"> agence de marketing sportif ax\u00e9e sur les sports motoris\u00e9s<\/a>,\u00a0<a href=\"https:\/\/rtrsports.com\/fr\/\" target=\"_blank\" rel=\"noopener noreferrer\"><strong>RTR Sports<\/strong><\/a> peut vous guider, vous et votre marque, dans le monde fascinant du championnat du monde de Superbike, et mettre en place le contrat de sponsoring id\u00e9al pour vous et vos objectifs : nous avons l&#8217;exp\u00e9rience et l&#8217;expertise pour vous aider \u00e0 naviguer dans le championnat du monde de Superbike.Je veux parrainer<\/p>\n<p class=\"p1\"><span class=\"s1\"><b>Sponsoriser le championnat du monde de Superbike<\/b><\/span><\/p>\n<p>Devenir un <strong>sponsor du World Superbike<\/strong>, c&#8217;est offrir \u00e0 votre marque et \u00e0 votre entreprise un outil de marketing efficace, passionnant et v\u00e9ritablement \u00e0 360\u00b0. En tant que sponsor, votre entreprise sera associ\u00e9e \u00e0 l&#8217;une des s\u00e9ries de courses de motos les plus populaires et \u00e0 la croissance la plus rapide au monde.<\/p>\n<p>Gr\u00e2ce \u00e0 une couverture m\u00e9diatique \u00e9tendue, le <strong>parrainage du WorldSBK<\/strong> permet une visibilit\u00e9 et une reconnaissance mondiales, tandis que les activit\u00e9s sur piste et hors piste sont s\u00fbres de faire mouche l\u00e0 o\u00f9 les marques en ont le plus besoin, au niveau de l&#8217;engagement.<\/p>\n<p>Cependant, c&#8217;est probablement dans la sph\u00e8re associative que le sponsoring du SBK brille vraiment : s&#8217;associer aux meilleurs fabricants de motos du monde signifie positionner une marque et \u00e9lever son image.<\/p>\n<p>De plus, les <strong>valeurs de vitesse, de technologie, d&#8217;innovation, de passion, d&#8217;excitation et de jeunesse<\/strong> &#8211; fr\u00e9quemment associ\u00e9es au championnat &#8211; se refl\u00e8tent sur les sponsors, ce qui permet une narration efficace et des opportunit\u00e9s de communication de premier ordre.Je veux parrainer<b>Audience du WorldSBK, nombre de t\u00e9l\u00e9spectateurs et production m\u00e9diatique<\/b><\/p>\n<ul>\n<li><strong>50 000<\/strong> spectateurs en moyenne par tour<\/li>\n<li><strong>3 millions d&#8217;<\/strong> adeptes sur les m\u00e9dias sociaux<\/li>\n<li>Une audience mondiale totale de <strong>135 millions de personnes<\/strong><\/li>\n<li><strong>74% du public<\/strong> est masculin, 84% a entre 25 et 45 ans, 61% a un dipl\u00f4me universitaire.<\/li>\n<li><strong>155 cha\u00eenes<\/strong> impliqu\u00e9es dans la diffusion<\/li>\n<li><strong>Plus de 17 000 heures de<\/strong> diffusion par saison<\/li>\n<li><strong>51% de la couverture<\/strong> est en Europe, 29% en Asie, 14% en Afrique, 6% en Am\u00e9rique.<\/li>\n<li><strong>66% des t\u00e9l\u00e9spectateurs<\/strong> poss\u00e8dent au moins une moto.<\/li>\n<li>Plus de <strong>24,4 millions de pages<\/strong> consult\u00e9es par an sur le site du <a href=\"https:\/\/www.worldsbk.com\/\"><br \/>\n<strong>Site officiel de la WSBK<\/strong><br \/>\n<\/a><\/li>\n<\/ul>\n<p>Je veux parrainer<\/p>\n<p class=\"p1\"><span class=\"s1\"><b>Des possibilit\u00e9s infinies de parrainage<\/b><\/span><\/p>\n<p>Un \u00e9ventail impressionnant d&#8217;<strong>opportunit\u00e9s d&#8217;activation<\/strong> est disponible pour les sponsors et partenaires du WSBK \u00e0 travers le monde. De la premi\u00e8re classe <a href=\"https:\/\/rtrsports.com\/fr\/motogp-hospitality\/\" target=\"_blank\" rel=\"noopener noreferrer\"><strong>hospitalit\u00e9<\/strong><\/a> aux projets de <strong>licence<\/strong> passionnants, de la <strong>publicit\u00e9<\/strong> sur le circuit \u00e0 la <strong>visibilit\u00e9 de la<\/strong> marque dans le paddock et dans les m\u00e9dias, les possibilit\u00e9s de s&#8217;engager aupr\u00e8s des amateurs de moto et des fans sont infinies.<\/p>\n<p>Comme dans tout sponsoring de sport automobile de niveau 1, le <strong>sponsoring du World Superbike<\/strong> permet de conclure des accords de sponsoring sur mesure, o\u00f9 chaque avantage et activit\u00e9 marketing est soigneusement con\u00e7u et \u00e9labor\u00e9 en fonction des besoins et des objectifs des sponsors et partenaires officiels.<\/p>\n<p>De plus, le WorldSBK offre un certain nombre de moyens de s&#8217;impliquer dans le championnat au niveau local, pour le plus grand plaisir de votre force de vente ou de vos partenaires : des opportunit\u00e9s de relations publiques aux \u00e9v\u00e9nements sp\u00e9ciaux pour les clients, de la sensibilisation des m\u00e9dias locaux aux s\u00e9ances de photos au bon moment et au bon endroit.Je veux parrainer<\/p>\n<p class=\"p1\"><span class=\"s1\"><b>Sponsoring Superbike : le processus<\/b><\/span><\/p>\n<p>Le parrainage du World Superbike, comme tout autre parrainage, n\u00e9cessite une planification et une attention particuli\u00e8re aux d\u00e9tails. <a href=\"https:\/\/rtrsports.com\/fr\/formule-1-parrainage\/\" target=\"_blank\" rel=\"noopener noreferrer\"><br \/>\n<strong>parrainage de sports motoris\u00e9s<\/strong><br \/>\n<\/a>exige une planification et une attention particuli\u00e8re aux d\u00e9tails. Comment choisir la bonne \u00e9quipe ou le bon pilote, comment s\u00e9lectionner les bons avantages et comment se comporter avec \u00e9l\u00e9gance avec les acteurs et les parties prenantes sont des comp\u00e9tences qui doivent \u00eatre ma\u00eetris\u00e9es afin de construire l&#8217;affaire parfaite et d&#8217;exploiter r\u00e9ellement l&#8217;opportunit\u00e9.<\/p>\n<p>Lors de l&#8217;\u00e9valuation d&#8217;un sponsoring WorldSBK, il y a trois points cl\u00e9s \u00e0 garder \u00e0 l&#8217;esprit :<\/p>\n<ul>\n<li>La s\u00e9rie offre une visibilit\u00e9 mondiale et une plateforme m\u00e9diatique de premier ordre.<\/li>\n<li>Il offre un excellent rapport qualit\u00e9-prix<\/li>\n<li>Et il permet aux sponsors d&#8217;\u00eatre actifs sur le circuit et aupr\u00e8s des fans.<\/li>\n<\/ul>\n<p><a href=\"https:\/\/rtrsports.com\/fr\/pourquoi-choisir-rtr-sports\/\" target=\"_blank\" rel=\"noopener noreferrer\">Une agence professionnelle de marketing sportif comme <strong>RTR Sports<\/strong><\/a> peut \u00eatre d\u00e9terminante dans tout cela : les professionnels ont une compr\u00e9hension claire du championnat et des secteurs, connaissent les bonnes personnes et savent comment les contacter au bon moment. Parce que, vous savez, parfois la course et le monde de la course peuvent se mettre en travers du chemin.<\/p>\n<p>Il suffit d&#8217;un clic pour commencer \u00e0 \u00e9laborer votre <strong>projet de sponsoring Superbike<\/strong>: cliquez sur le bouton ci-dessous et l&#8217;un de nos responsables du sponsoring vous contactera dans les minutes qui suivent.Je veux parrainer<\/p>\n","protected":false},"excerpt":{"rendered":"<p>Fond\u00e9 en 1988, le WorldSBK (officiellement, championnat du monde FIM Superbike) est la cat\u00e9gorie sup\u00e9rieure des courses de motos de s\u00e9rie. G\u00e9r\u00e9 par Dorna, le championnat WorldSBK se dispute en 12 manches sur quatre continents et voit les meilleurs constructeurs du monde se battre pour la couronne d&#8217;avril \u00e0 novembre. Chaque manche comprend trois courses [&hellip;]<\/p>\n","protected":false},"author":2,"featured_media":254682,"parent":0,"menu_order":0,"comment_status":"closed","ping_status":"closed","template":"page-template\/page-flexible-template.php","meta":{"_acf_changed":false,"footnotes":""},"class_list":["post-77193","page","type-page","status-publish","has-post-thumbnail","hentry"],"acf":[],"yoast_head":"<!-- This site is optimized with the Yoast SEO Premium plugin v26.8 (Yoast SEO v27.3) - https:\/\/yoast.com\/product\/yoast-seo-premium-wordpress\/ -->\n<title>Sponsoring WSBK World Superbike - RTR Sports Marketing<\/title>\n<meta name=\"description\" content=\"RTR Sports Marketing est votre point de r\u00e9f\u00e9rence pour tout ce qui concerne le sponsoring des sports automobiles, de la F1 \u00e0 la Formule E, du MotoGP au WSBK.\" \/>\n<meta name=\"robots\" content=\"index, follow, max-snippet:-1, max-image-preview:large, max-video-preview:-1\" \/>\n<link rel=\"canonical\" href=\"https:\/\/rtrsports.com\/fr\/wsbk-sponsoring\/\" \/>\n<meta property=\"og:locale\" content=\"fr_FR\" \/>\n<meta property=\"og:type\" content=\"article\" \/>\n<meta property=\"og:title\" content=\"Sponsoring WSBK\" \/>\n<meta property=\"og:description\" content=\"RTR Sports Marketing est votre point de r\u00e9f\u00e9rence pour tout ce qui concerne le sponsoring des sports automobiles, de la F1 \u00e0 la Formule E, du MotoGP au WSBK.\" \/>\n<meta property=\"og:url\" content=\"https:\/\/rtrsports.com\/fr\/wsbk-sponsoring\/\" \/>\n<meta property=\"og:site_name\" content=\"RTR Sports\" \/>\n<meta property=\"article:publisher\" content=\"https:\/\/www.facebook.com\/RTRSportsMarketing\/\" \/>\n<meta property=\"og:image\" content=\"https:\/\/rtrsports.com\/wp-content\/uploads\/2024\/09\/WSBK-2.jpg\" \/>\n\t<meta property=\"og:image:width\" content=\"1200\" \/>\n\t<meta property=\"og:image:height\" content=\"813\" \/>\n\t<meta property=\"og:image:type\" content=\"image\/jpeg\" \/>\n<meta name=\"twitter:card\" content=\"summary_large_image\" \/>\n<meta name=\"twitter:site\" content=\"@rtrsports\" \/>\n<meta name=\"twitter:label1\" content=\"Est. reading time\" \/>\n\t<meta name=\"twitter:data1\" content=\"6 minutes\" \/>\n<script type=\"application\/ld+json\" class=\"yoast-schema-graph\">{\"@context\":\"https:\\\/\\\/schema.org\",\"@graph\":[{\"@type\":\"WebPage\",\"@id\":\"https:\\\/\\\/rtrsports.com\\\/fr\\\/wsbk-sponsoring\\\/\",\"url\":\"https:\\\/\\\/rtrsports.com\\\/fr\\\/wsbk-sponsoring\\\/\",\"name\":\"Sponsoring WSBK World Superbike - RTR Sports Marketing\",\"isPartOf\":{\"@id\":\"https:\\\/\\\/rtrsports.com\\\/fr\\\/#website\"},\"primaryImageOfPage\":{\"@id\":\"https:\\\/\\\/rtrsports.com\\\/fr\\\/wsbk-sponsoring\\\/#primaryimage\"},\"image\":{\"@id\":\"https:\\\/\\\/rtrsports.com\\\/fr\\\/wsbk-sponsoring\\\/#primaryimage\"},\"thumbnailUrl\":\"https:\\\/\\\/rtrsports.com\\\/wp-content\\\/uploads\\\/2024\\\/09\\\/WSBK-2.jpg\",\"datePublished\":\"2022-07-25T14:55:35+00:00\",\"dateModified\":\"2024-10-05T20:18:39+00:00\",\"description\":\"RTR Sports Marketing est votre point de r\u00e9f\u00e9rence pour tout ce qui concerne le sponsoring des sports automobiles, de la F1 \u00e0 la Formule E, du MotoGP au WSBK.\",\"breadcrumb\":{\"@id\":\"https:\\\/\\\/rtrsports.com\\\/fr\\\/wsbk-sponsoring\\\/#breadcrumb\"},\"inLanguage\":\"fr\",\"potentialAction\":[{\"@type\":\"ReadAction\",\"target\":[\"https:\\\/\\\/rtrsports.com\\\/fr\\\/wsbk-sponsoring\\\/\"]}]},{\"@type\":\"ImageObject\",\"inLanguage\":\"fr\",\"@id\":\"https:\\\/\\\/rtrsports.com\\\/fr\\\/wsbk-sponsoring\\\/#primaryimage\",\"url\":\"https:\\\/\\\/rtrsports.com\\\/wp-content\\\/uploads\\\/2024\\\/09\\\/WSBK-2.jpg\",\"contentUrl\":\"https:\\\/\\\/rtrsports.com\\\/wp-content\\\/uploads\\\/2024\\\/09\\\/WSBK-2.jpg\",\"width\":1200,\"height\":813,\"caption\":\"WSBK Sponsorshipv\"},{\"@type\":\"BreadcrumbList\",\"@id\":\"https:\\\/\\\/rtrsports.com\\\/fr\\\/wsbk-sponsoring\\\/#breadcrumb\",\"itemListElement\":[{\"@type\":\"ListItem\",\"position\":1,\"name\":\"Home\",\"item\":\"https:\\\/\\\/rtrsports.com\\\/fr\\\/\"},{\"@type\":\"ListItem\",\"position\":2,\"name\":\"Sponsoring WSBK\"}]},{\"@type\":\"WebSite\",\"@id\":\"https:\\\/\\\/rtrsports.com\\\/fr\\\/#website\",\"url\":\"https:\\\/\\\/rtrsports.com\\\/fr\\\/\",\"name\":\"RTR Sports Marketing\",\"description\":\"RTR Sports Marketing is a global motorsport sponsorship agency and consultancy, specialized in Formula 1 and MotoGP, and active across all major international racing series including Formula E, NASCAR, WEC, WRC and Dakar, helping brands build data-driven, high-performance sponsorship programs.\",\"publisher\":{\"@id\":\"https:\\\/\\\/rtrsports.com\\\/fr\\\/#organization\"},\"alternateName\":\"RTR Sports\",\"potentialAction\":[{\"@type\":\"SearchAction\",\"target\":{\"@type\":\"EntryPoint\",\"urlTemplate\":\"https:\\\/\\\/rtrsports.com\\\/fr\\\/?s={search_term_string}\"},\"query-input\":{\"@type\":\"PropertyValueSpecification\",\"valueRequired\":true,\"valueName\":\"search_term_string\"}}],\"inLanguage\":\"fr\"},{\"@type\":\"Organization\",\"@id\":\"https:\\\/\\\/rtrsports.com\\\/fr\\\/#organization\",\"name\":\"RTR Sports Marketing\",\"alternateName\":\"RTR sports\",\"url\":\"https:\\\/\\\/rtrsports.com\\\/fr\\\/\",\"logo\":{\"@type\":\"ImageObject\",\"inLanguage\":\"fr\",\"@id\":\"https:\\\/\\\/rtrsports.com\\\/fr\\\/#\\\/schema\\\/logo\\\/image\\\/\",\"url\":\"https:\\\/\\\/rtrsports.com\\\/wp-content\\\/uploads\\\/2024\\\/01\\\/rtrsports-anniversary-1.jpg\",\"contentUrl\":\"https:\\\/\\\/rtrsports.com\\\/wp-content\\\/uploads\\\/2024\\\/01\\\/rtrsports-anniversary-1.jpg\",\"width\":946,\"height\":260,\"caption\":\"RTR Sports Marketing\"},\"image\":{\"@id\":\"https:\\\/\\\/rtrsports.com\\\/fr\\\/#\\\/schema\\\/logo\\\/image\\\/\"},\"sameAs\":[\"https:\\\/\\\/www.facebook.com\\\/RTRSportsMarketing\\\/\",\"https:\\\/\\\/x.com\\\/rtrsports\",\"https:\\\/\\\/www.linkedin.com\\\/company\\\/rtr-sports-marketing\\\/\"],\"description\":\"RTR Sports Marketing is a global motorsport sponsorship agency and consultancy, specialized in Formula 1 and MotoGP, and active across all major international racing series including Formula E, NASCAR, WEC, WRC and Dakar, helping brands build data-driven, high-performance sponsorship programs.\",\"email\":\"info@rtrsports.com\",\"legalName\":\"RTR Sports Marketing LTD\",\"numberOfEmployees\":{\"@type\":\"QuantitativeValue\",\"minValue\":\"1\",\"maxValue\":\"10\"}}]}<\/script>\n<!-- \/ Yoast SEO Premium plugin. -->","yoast_head_json":{"title":"Sponsoring WSBK World Superbike - RTR Sports Marketing","description":"RTR Sports Marketing est votre point de r\u00e9f\u00e9rence pour tout ce qui concerne le sponsoring des sports automobiles, de la F1 \u00e0 la Formule E, du MotoGP au WSBK.","robots":{"index":"index","follow":"follow","max-snippet":"max-snippet:-1","max-image-preview":"max-image-preview:large","max-video-preview":"max-video-preview:-1"},"canonical":"https:\/\/rtrsports.com\/fr\/wsbk-sponsoring\/","og_locale":"fr_FR","og_type":"article","og_title":"Sponsoring WSBK","og_description":"RTR Sports Marketing est votre point de r\u00e9f\u00e9rence pour tout ce qui concerne le sponsoring des sports automobiles, de la F1 \u00e0 la Formule E, du MotoGP au WSBK.","og_url":"https:\/\/rtrsports.com\/fr\/wsbk-sponsoring\/","og_site_name":"RTR Sports","article_publisher":"https:\/\/www.facebook.com\/RTRSportsMarketing\/","og_image":[{"width":1200,"height":813,"url":"https:\/\/rtrsports.com\/wp-content\/uploads\/2024\/09\/WSBK-2.jpg","type":"image\/jpeg"}],"twitter_card":"summary_large_image","twitter_site":"@rtrsports","twitter_misc":{"Est. reading time":"6 minutes"},"schema":{"@context":"https:\/\/schema.org","@graph":[{"@type":"WebPage","@id":"https:\/\/rtrsports.com\/fr\/wsbk-sponsoring\/","url":"https:\/\/rtrsports.com\/fr\/wsbk-sponsoring\/","name":"Sponsoring WSBK World Superbike - RTR Sports Marketing","isPartOf":{"@id":"https:\/\/rtrsports.com\/fr\/#website"},"primaryImageOfPage":{"@id":"https:\/\/rtrsports.com\/fr\/wsbk-sponsoring\/#primaryimage"},"image":{"@id":"https:\/\/rtrsports.com\/fr\/wsbk-sponsoring\/#primaryimage"},"thumbnailUrl":"https:\/\/rtrsports.com\/wp-content\/uploads\/2024\/09\/WSBK-2.jpg","datePublished":"2022-07-25T14:55:35+00:00","dateModified":"2024-10-05T20:18:39+00:00","description":"RTR Sports Marketing est votre point de r\u00e9f\u00e9rence pour tout ce qui concerne le sponsoring des sports automobiles, de la F1 \u00e0 la Formule E, du MotoGP au WSBK.","breadcrumb":{"@id":"https:\/\/rtrsports.com\/fr\/wsbk-sponsoring\/#breadcrumb"},"inLanguage":"fr","potentialAction":[{"@type":"ReadAction","target":["https:\/\/rtrsports.com\/fr\/wsbk-sponsoring\/"]}]},{"@type":"ImageObject","inLanguage":"fr","@id":"https:\/\/rtrsports.com\/fr\/wsbk-sponsoring\/#primaryimage","url":"https:\/\/rtrsports.com\/wp-content\/uploads\/2024\/09\/WSBK-2.jpg","contentUrl":"https:\/\/rtrsports.com\/wp-content\/uploads\/2024\/09\/WSBK-2.jpg","width":1200,"height":813,"caption":"WSBK Sponsorshipv"},{"@type":"BreadcrumbList","@id":"https:\/\/rtrsports.com\/fr\/wsbk-sponsoring\/#breadcrumb","itemListElement":[{"@type":"ListItem","position":1,"name":"Home","item":"https:\/\/rtrsports.com\/fr\/"},{"@type":"ListItem","position":2,"name":"Sponsoring WSBK"}]},{"@type":"WebSite","@id":"https:\/\/rtrsports.com\/fr\/#website","url":"https:\/\/rtrsports.com\/fr\/","name":"RTR Sports Marketing","description":"RTR Sports Marketing is a global motorsport sponsorship agency and consultancy, specialized in Formula 1 and MotoGP, and active across all major international racing series including Formula E, NASCAR, WEC, WRC and Dakar, helping brands build data-driven, high-performance sponsorship programs.","publisher":{"@id":"https:\/\/rtrsports.com\/fr\/#organization"},"alternateName":"RTR Sports","potentialAction":[{"@type":"SearchAction","target":{"@type":"EntryPoint","urlTemplate":"https:\/\/rtrsports.com\/fr\/?s={search_term_string}"},"query-input":{"@type":"PropertyValueSpecification","valueRequired":true,"valueName":"search_term_string"}}],"inLanguage":"fr"},{"@type":"Organization","@id":"https:\/\/rtrsports.com\/fr\/#organization","name":"RTR Sports Marketing","alternateName":"RTR sports","url":"https:\/\/rtrsports.com\/fr\/","logo":{"@type":"ImageObject","inLanguage":"fr","@id":"https:\/\/rtrsports.com\/fr\/#\/schema\/logo\/image\/","url":"https:\/\/rtrsports.com\/wp-content\/uploads\/2024\/01\/rtrsports-anniversary-1.jpg","contentUrl":"https:\/\/rtrsports.com\/wp-content\/uploads\/2024\/01\/rtrsports-anniversary-1.jpg","width":946,"height":260,"caption":"RTR Sports Marketing"},"image":{"@id":"https:\/\/rtrsports.com\/fr\/#\/schema\/logo\/image\/"},"sameAs":["https:\/\/www.facebook.com\/RTRSportsMarketing\/","https:\/\/x.com\/rtrsports","https:\/\/www.linkedin.com\/company\/rtr-sports-marketing\/"],"description":"RTR Sports Marketing is a global motorsport sponsorship agency and consultancy, specialized in Formula 1 and MotoGP, and active across all major international racing series including Formula E, NASCAR, WEC, WRC and Dakar, helping brands build data-driven, high-performance sponsorship programs.","email":"info@rtrsports.com","legalName":"RTR Sports Marketing LTD","numberOfEmployees":{"@type":"QuantitativeValue","minValue":"1","maxValue":"10"}}]}},"_links":{"self":[{"href":"https:\/\/rtrsports.com\/fr\/wp-json\/wp\/v2\/pages\/77193","targetHints":{"allow":["GET"]}}],"collection":[{"href":"https:\/\/rtrsports.com\/fr\/wp-json\/wp\/v2\/pages"}],"about":[{"href":"https:\/\/rtrsports.com\/fr\/wp-json\/wp\/v2\/types\/page"}],"author":[{"embeddable":true,"href":"https:\/\/rtrsports.com\/fr\/wp-json\/wp\/v2\/users\/2"}],"replies":[{"embeddable":true,"href":"https:\/\/rtrsports.com\/fr\/wp-json\/wp\/v2\/comments?post=77193"}],"version-history":[{"count":5,"href":"https:\/\/rtrsports.com\/fr\/wp-json\/wp\/v2\/pages\/77193\/revisions"}],"predecessor-version":[{"id":253734,"href":"https:\/\/rtrsports.com\/fr\/wp-json\/wp\/v2\/pages\/77193\/revisions\/253734"}],"wp:featuredmedia":[{"embeddable":true,"href":"https:\/\/rtrsports.com\/fr\/wp-json\/wp\/v2\/media\/254682"}],"wp:attachment":[{"href":"https:\/\/rtrsports.com\/fr\/wp-json\/wp\/v2\/media?parent=77193"}],"curies":[{"name":"wp","href":"https:\/\/api.w.org\/{rel}","templated":true}]}}