{"id":145400,"date":"2024-01-03T09:26:15","date_gmt":"2024-01-03T08:26:15","guid":{"rendered":"https:\/\/stg-rtrsportscom-rtrstaging.kinsta.cloud\/sponsoring-motogp\/"},"modified":"2026-02-18T17:50:31","modified_gmt":"2026-02-18T16:50:31","slug":"sponsoring-motogp","status":"publish","type":"page","link":"https:\/\/rtrsports.com\/pl\/sponsoring-motogp\/","title":{"rendered":"Agencja sponsorska MotoGP"},"content":{"rendered":"","protected":false},"excerpt":{"rendered":"","protected":false},"author":2,"featured_media":256052,"parent":0,"menu_order":0,"comment_status":"closed","ping_status":"closed","template":"page-template\/page-flexible-template.php","meta":{"_acf_changed":false,"footnotes":""},"class_list":["post-145400","page","type-page","status-publish","has-post-thumbnail","hentry"],"acf":[],"yoast_head":"<!-- This site is optimized with the Yoast SEO Premium plugin v26.8 (Yoast SEO v27.3) - https:\/\/yoast.com\/product\/yoast-seo-premium-wordpress\/ -->\n<title>Agencja sponsorska MotoGP - RTR Sports Marketing<\/title>\n<meta name=\"description\" content=\"RTR Sports jest agencj\u0105 sponsorsk\u0105 MotoGP. Oferujemy doradztwo firmom, kt\u00f3re chc\u0105 wykorzysta\u0107 sporty motorowe do cel\u00f3w marketingowych\" \/>\n<meta name=\"robots\" content=\"index, follow, max-snippet:-1, max-image-preview:large, max-video-preview:-1\" \/>\n<link rel=\"canonical\" href=\"https:\/\/rtrsports.com\/pl\/sponsoring-motogp\/\" \/>\n<meta property=\"og:locale\" content=\"pl_PL\" \/>\n<meta property=\"og:type\" content=\"article\" \/>\n<meta property=\"og:title\" content=\"Agencja sponsorska MotoGP\" \/>\n<meta property=\"og:description\" content=\"RTR Sports jest agencj\u0105 sponsorsk\u0105 MotoGP. Oferujemy doradztwo firmom, kt\u00f3re chc\u0105 wykorzysta\u0107 sporty motorowe do cel\u00f3w marketingowych\" \/>\n<meta property=\"og:url\" content=\"https:\/\/rtrsports.com\/pl\/sponsoring-motogp\/\" \/>\n<meta property=\"og:site_name\" content=\"RTR Sports\" \/>\n<meta property=\"article:publisher\" content=\"https:\/\/www.facebook.com\/RTRSportsMarketing\/\" \/>\n<meta property=\"og:image\" content=\"https:\/\/rtrsports.com\/wp-content\/uploads\/2024\/10\/gofree-scaled.jpg\" \/>\n\t<meta property=\"og:image:width\" content=\"2560\" \/>\n\t<meta property=\"og:image:height\" content=\"1280\" \/>\n\t<meta property=\"og:image:type\" content=\"image\/jpeg\" \/>\n<meta name=\"twitter:card\" content=\"summary_large_image\" \/>\n<meta name=\"twitter:site\" content=\"@rtrsports\" \/>\n<meta name=\"twitter:label1\" content=\"Szacowany czas czytania\" \/>\n\t<meta name=\"twitter:data1\" content=\"1 minuta\" \/>\n<script type=\"application\/ld+json\" class=\"yoast-schema-graph\">{\"@context\":\"https:\\\/\\\/schema.org\",\"@graph\":[{\"@type\":\"WebPage\",\"@id\":\"https:\\\/\\\/rtrsports.com\\\/pl\\\/sponsoring-motogp\\\/\",\"url\":\"https:\\\/\\\/rtrsports.com\\\/pl\\\/sponsoring-motogp\\\/\",\"name\":\"Agencja sponsorska MotoGP - RTR Sports Marketing\",\"isPartOf\":{\"@id\":\"https:\\\/\\\/rtrsports.com\\\/pl\\\/#website\"},\"primaryImageOfPage\":{\"@id\":\"https:\\\/\\\/rtrsports.com\\\/pl\\\/sponsoring-motogp\\\/#primaryimage\"},\"image\":{\"@id\":\"https:\\\/\\\/rtrsports.com\\\/pl\\\/sponsoring-motogp\\\/#primaryimage\"},\"thumbnailUrl\":\"https:\\\/\\\/rtrsports.com\\\/wp-content\\\/uploads\\\/2024\\\/10\\\/gofree-scaled.jpg\",\"datePublished\":\"2024-01-03T08:26:15+00:00\",\"dateModified\":\"2026-02-18T16:50:31+00:00\",\"description\":\"RTR Sports jest agencj\u0105 sponsorsk\u0105 MotoGP. Oferujemy doradztwo firmom, kt\u00f3re chc\u0105 wykorzysta\u0107 sporty motorowe do cel\u00f3w marketingowych\",\"breadcrumb\":{\"@id\":\"https:\\\/\\\/rtrsports.com\\\/pl\\\/sponsoring-motogp\\\/#breadcrumb\"},\"inLanguage\":\"pl-PL\",\"potentialAction\":[{\"@type\":\"ReadAction\",\"target\":[\"https:\\\/\\\/rtrsports.com\\\/pl\\\/sponsoring-motogp\\\/\"]}]},{\"@type\":\"ImageObject\",\"inLanguage\":\"pl-PL\",\"@id\":\"https:\\\/\\\/rtrsports.com\\\/pl\\\/sponsoring-motogp\\\/#primaryimage\",\"url\":\"https:\\\/\\\/rtrsports.com\\\/wp-content\\\/uploads\\\/2024\\\/10\\\/gofree-scaled.jpg\",\"contentUrl\":\"https:\\\/\\\/rtrsports.com\\\/wp-content\\\/uploads\\\/2024\\\/10\\\/gofree-scaled.jpg\",\"width\":2560,\"height\":1280,\"caption\":\"sponsoring motogp\"},{\"@type\":\"BreadcrumbList\",\"@id\":\"https:\\\/\\\/rtrsports.com\\\/pl\\\/sponsoring-motogp\\\/#breadcrumb\",\"itemListElement\":[{\"@type\":\"ListItem\",\"position\":1,\"name\":\"Home\",\"item\":\"https:\\\/\\\/rtrsports.com\\\/pl\\\/\"},{\"@type\":\"ListItem\",\"position\":2,\"name\":\"Agencja sponsorska MotoGP\"}]},{\"@type\":\"WebSite\",\"@id\":\"https:\\\/\\\/rtrsports.com\\\/pl\\\/#website\",\"url\":\"https:\\\/\\\/rtrsports.com\\\/pl\\\/\",\"name\":\"RTR Sports Marketing\",\"description\":\"RTR Sports Marketing is a global motorsport sponsorship agency and consultancy, specialized in Formula 1 and MotoGP, and active across all major international racing series including Formula E, NASCAR, WEC, WRC and Dakar, helping brands build data-driven, high-performance sponsorship programs.\",\"publisher\":{\"@id\":\"https:\\\/\\\/rtrsports.com\\\/pl\\\/#organization\"},\"alternateName\":\"RTR Sports\",\"potentialAction\":[{\"@type\":\"SearchAction\",\"target\":{\"@type\":\"EntryPoint\",\"urlTemplate\":\"https:\\\/\\\/rtrsports.com\\\/pl\\\/?s={search_term_string}\"},\"query-input\":{\"@type\":\"PropertyValueSpecification\",\"valueRequired\":true,\"valueName\":\"search_term_string\"}}],\"inLanguage\":\"pl-PL\"},{\"@type\":\"Organization\",\"@id\":\"https:\\\/\\\/rtrsports.com\\\/pl\\\/#organization\",\"name\":\"RTR Sports Marketing\",\"alternateName\":\"RTR sports\",\"url\":\"https:\\\/\\\/rtrsports.com\\\/pl\\\/\",\"logo\":{\"@type\":\"ImageObject\",\"inLanguage\":\"pl-PL\",\"@id\":\"https:\\\/\\\/rtrsports.com\\\/pl\\\/#\\\/schema\\\/logo\\\/image\\\/\",\"url\":\"https:\\\/\\\/rtrsports.com\\\/wp-content\\\/uploads\\\/2024\\\/01\\\/rtrsports-anniversary-1.jpg\",\"contentUrl\":\"https:\\\/\\\/rtrsports.com\\\/wp-content\\\/uploads\\\/2024\\\/01\\\/rtrsports-anniversary-1.jpg\",\"width\":946,\"height\":260,\"caption\":\"RTR Sports Marketing\"},\"image\":{\"@id\":\"https:\\\/\\\/rtrsports.com\\\/pl\\\/#\\\/schema\\\/logo\\\/image\\\/\"},\"sameAs\":[\"https:\\\/\\\/www.facebook.com\\\/RTRSportsMarketing\\\/\",\"https:\\\/\\\/x.com\\\/rtrsports\",\"https:\\\/\\\/www.linkedin.com\\\/company\\\/rtr-sports-marketing\\\/\"],\"description\":\"RTR Sports Marketing is a global motorsport sponsorship agency and consultancy, specialized in Formula 1 and MotoGP, and active across all major international racing series including Formula E, NASCAR, WEC, WRC and Dakar, helping brands build data-driven, high-performance sponsorship programs.\",\"email\":\"info@rtrsports.com\",\"legalName\":\"RTR Sports Marketing LTD\",\"numberOfEmployees\":{\"@type\":\"QuantitativeValue\",\"minValue\":\"1\",\"maxValue\":\"10\"}}]}<\/script>\n<!-- \/ Yoast SEO Premium plugin. -->","yoast_head_json":{"title":"Agencja sponsorska MotoGP - RTR Sports Marketing","description":"RTR Sports jest agencj\u0105 sponsorsk\u0105 MotoGP. Oferujemy doradztwo firmom, kt\u00f3re chc\u0105 wykorzysta\u0107 sporty motorowe do cel\u00f3w marketingowych","robots":{"index":"index","follow":"follow","max-snippet":"max-snippet:-1","max-image-preview":"max-image-preview:large","max-video-preview":"max-video-preview:-1"},"canonical":"https:\/\/rtrsports.com\/pl\/sponsoring-motogp\/","og_locale":"pl_PL","og_type":"article","og_title":"Agencja sponsorska MotoGP","og_description":"RTR Sports jest agencj\u0105 sponsorsk\u0105 MotoGP. Oferujemy doradztwo firmom, kt\u00f3re chc\u0105 wykorzysta\u0107 sporty motorowe do cel\u00f3w marketingowych","og_url":"https:\/\/rtrsports.com\/pl\/sponsoring-motogp\/","og_site_name":"RTR Sports","article_publisher":"https:\/\/www.facebook.com\/RTRSportsMarketing\/","og_image":[{"width":2560,"height":1280,"url":"https:\/\/rtrsports.com\/wp-content\/uploads\/2024\/10\/gofree-scaled.jpg","type":"image\/jpeg"}],"twitter_card":"summary_large_image","twitter_site":"@rtrsports","twitter_misc":{"Szacowany czas czytania":"1 minuta"},"schema":{"@context":"https:\/\/schema.org","@graph":[{"@type":"WebPage","@id":"https:\/\/rtrsports.com\/pl\/sponsoring-motogp\/","url":"https:\/\/rtrsports.com\/pl\/sponsoring-motogp\/","name":"Agencja sponsorska MotoGP - RTR Sports Marketing","isPartOf":{"@id":"https:\/\/rtrsports.com\/pl\/#website"},"primaryImageOfPage":{"@id":"https:\/\/rtrsports.com\/pl\/sponsoring-motogp\/#primaryimage"},"image":{"@id":"https:\/\/rtrsports.com\/pl\/sponsoring-motogp\/#primaryimage"},"thumbnailUrl":"https:\/\/rtrsports.com\/wp-content\/uploads\/2024\/10\/gofree-scaled.jpg","datePublished":"2024-01-03T08:26:15+00:00","dateModified":"2026-02-18T16:50:31+00:00","description":"RTR Sports jest agencj\u0105 sponsorsk\u0105 MotoGP. Oferujemy doradztwo firmom, kt\u00f3re chc\u0105 wykorzysta\u0107 sporty motorowe do cel\u00f3w marketingowych","breadcrumb":{"@id":"https:\/\/rtrsports.com\/pl\/sponsoring-motogp\/#breadcrumb"},"inLanguage":"pl-PL","potentialAction":[{"@type":"ReadAction","target":["https:\/\/rtrsports.com\/pl\/sponsoring-motogp\/"]}]},{"@type":"ImageObject","inLanguage":"pl-PL","@id":"https:\/\/rtrsports.com\/pl\/sponsoring-motogp\/#primaryimage","url":"https:\/\/rtrsports.com\/wp-content\/uploads\/2024\/10\/gofree-scaled.jpg","contentUrl":"https:\/\/rtrsports.com\/wp-content\/uploads\/2024\/10\/gofree-scaled.jpg","width":2560,"height":1280,"caption":"sponsoring motogp"},{"@type":"BreadcrumbList","@id":"https:\/\/rtrsports.com\/pl\/sponsoring-motogp\/#breadcrumb","itemListElement":[{"@type":"ListItem","position":1,"name":"Home","item":"https:\/\/rtrsports.com\/pl\/"},{"@type":"ListItem","position":2,"name":"Agencja sponsorska MotoGP"}]},{"@type":"WebSite","@id":"https:\/\/rtrsports.com\/pl\/#website","url":"https:\/\/rtrsports.com\/pl\/","name":"RTR Sports Marketing","description":"RTR Sports Marketing is a global motorsport sponsorship agency and consultancy, specialized in Formula 1 and MotoGP, and active across all major international racing series including Formula E, NASCAR, WEC, WRC and Dakar, helping brands build data-driven, high-performance sponsorship programs.","publisher":{"@id":"https:\/\/rtrsports.com\/pl\/#organization"},"alternateName":"RTR Sports","potentialAction":[{"@type":"SearchAction","target":{"@type":"EntryPoint","urlTemplate":"https:\/\/rtrsports.com\/pl\/?s={search_term_string}"},"query-input":{"@type":"PropertyValueSpecification","valueRequired":true,"valueName":"search_term_string"}}],"inLanguage":"pl-PL"},{"@type":"Organization","@id":"https:\/\/rtrsports.com\/pl\/#organization","name":"RTR Sports Marketing","alternateName":"RTR sports","url":"https:\/\/rtrsports.com\/pl\/","logo":{"@type":"ImageObject","inLanguage":"pl-PL","@id":"https:\/\/rtrsports.com\/pl\/#\/schema\/logo\/image\/","url":"https:\/\/rtrsports.com\/wp-content\/uploads\/2024\/01\/rtrsports-anniversary-1.jpg","contentUrl":"https:\/\/rtrsports.com\/wp-content\/uploads\/2024\/01\/rtrsports-anniversary-1.jpg","width":946,"height":260,"caption":"RTR Sports Marketing"},"image":{"@id":"https:\/\/rtrsports.com\/pl\/#\/schema\/logo\/image\/"},"sameAs":["https:\/\/www.facebook.com\/RTRSportsMarketing\/","https:\/\/x.com\/rtrsports","https:\/\/www.linkedin.com\/company\/rtr-sports-marketing\/"],"description":"RTR Sports Marketing is a global motorsport sponsorship agency and consultancy, specialized in Formula 1 and MotoGP, and active across all major international racing series including Formula E, NASCAR, WEC, WRC and Dakar, helping brands build data-driven, high-performance sponsorship programs.","email":"info@rtrsports.com","legalName":"RTR Sports Marketing LTD","numberOfEmployees":{"@type":"QuantitativeValue","minValue":"1","maxValue":"10"}}]}},"_links":{"self":[{"href":"https:\/\/rtrsports.com\/pl\/wp-json\/wp\/v2\/pages\/145400","targetHints":{"allow":["GET"]}}],"collection":[{"href":"https:\/\/rtrsports.com\/pl\/wp-json\/wp\/v2\/pages"}],"about":[{"href":"https:\/\/rtrsports.com\/pl\/wp-json\/wp\/v2\/types\/page"}],"author":[{"embeddable":true,"href":"https:\/\/rtrsports.com\/pl\/wp-json\/wp\/v2\/users\/2"}],"replies":[{"embeddable":true,"href":"https:\/\/rtrsports.com\/pl\/wp-json\/wp\/v2\/comments?post=145400"}],"version-history":[{"count":4,"href":"https:\/\/rtrsports.com\/pl\/wp-json\/wp\/v2\/pages\/145400\/revisions"}],"predecessor-version":[{"id":253572,"href":"https:\/\/rtrsports.com\/pl\/wp-json\/wp\/v2\/pages\/145400\/revisions\/253572"}],"wp:featuredmedia":[{"embeddable":true,"href":"https:\/\/rtrsports.com\/pl\/wp-json\/wp\/v2\/media\/256052"}],"wp:attachment":[{"href":"https:\/\/rtrsports.com\/pl\/wp-json\/wp\/v2\/media?parent=145400"}],"curies":[{"name":"wp","href":"https:\/\/api.w.org\/{rel}","templated":true}]}}