{"id":145523,"date":"2024-01-03T09:31:37","date_gmt":"2024-01-03T08:31:37","guid":{"rendered":"https:\/\/stg-rtrsportscom-rtrstaging.kinsta.cloud\/blog\/"},"modified":"2024-10-02T14:38:44","modified_gmt":"2024-10-02T12:38:44","slug":"blog","status":"publish","type":"page","link":"https:\/\/rtrsports.com\/pl\/blog\/","title":{"rendered":"Blog"},"content":{"rendered":"<p><\/p>\n<h1>Witamy na blogu RTR Sports Marketing<\/h1>\n<p>Witamy na naszym blogu o marketingu sportowym, platformie internetowej, na kt\u00f3rej mo\u017cna odkry\u0107 najnowsze trendy, strategie i spostrze\u017cenia z ekscytuj\u0105cego \u015bwiata marketingu sportowego. Niezale\u017cnie od tego, czy jeste\u015b fanem sportu, specjalist\u0105 ds. marketingu czy przedsi\u0119biorc\u0105, kt\u00f3ry chce wykorzysta\u0107 si\u0142\u0119 sportu do wzmocnienia swojej marki, nasz blog jest tutaj, aby zapewni\u0107 Ci wiedz\u0119 i do\u015bwiadczenie, kt\u00f3rych potrzebujesz.<\/p>\n<p>Zanurz si\u0119 w serii cennych zasob\u00f3w wyselekcjonowanych przez ekspert\u00f3w bran\u017cowych, zaprojektowanych w celu lepszego zrozumienia krajobrazu marketingu sportowego. Od<strong>innowacyjnych kampanii cyfrowych<\/strong> po <strong>sponsoring, kt\u00f3ry wywiera trwa\u0142y<\/strong> wp\u0142yw &#8211; w RTR staramy si\u0119 po\u015bwi\u0119ci\u0107 miejsce wszystkim kwestiom zwi\u0105zanym ze sponsoringiem, sportami motorowymi oraz marketingiem dwu- i czteroko\u0142owym. B\u0105d\u017a na bie\u017c\u0105co dzi\u0119ki analizom opartym na danych, studiom przypadk\u00f3w i praktycznym wskaz\u00f3wkom, kt\u00f3re pozwol\u0105 Ci ulepszy\u0107 marketing i osi\u0105gn\u0105\u0107 swoje cele.<\/p>\n","protected":false},"excerpt":{"rendered":"<p>Witamy na blogu RTR Sports Marketing Witamy na naszym blogu o marketingu sportowym, platformie internetowej, na kt\u00f3rej mo\u017cna odkry\u0107 najnowsze trendy, strategie i spostrze\u017cenia z ekscytuj\u0105cego \u015bwiata marketingu sportowego. Niezale\u017cnie od tego, czy jeste\u015b fanem sportu, specjalist\u0105 ds. marketingu czy przedsi\u0119biorc\u0105, kt\u00f3ry chce wykorzysta\u0107 si\u0142\u0119 sportu do wzmocnienia swojej marki, nasz blog jest tutaj, aby [&hellip;]<\/p>\n","protected":false},"author":2,"featured_media":254823,"parent":0,"menu_order":0,"comment_status":"closed","ping_status":"closed","template":"page-template\/page-flexible-template.php","meta":{"_acf_changed":false,"footnotes":""},"class_list":["post-145523","page","type-page","status-publish","has-post-thumbnail","hentry"],"acf":[],"yoast_head":"<!-- This site is optimized with the Yoast SEO Premium plugin v26.8 (Yoast SEO v27.3) - https:\/\/yoast.com\/product\/yoast-seo-premium-wordpress\/ -->\n<title>Blog marketingu sportowego RTR - Sponsoring, aktywacje i aktualno\u015bci<\/title>\n<meta name=\"description\" content=\"Znajd\u017a najnowsze wiadomo\u015bci i artyku\u0142y na temat marketingu sportowego, sponsoringu, wydarze\u0144, licencji, promocji w sklepach, medi\u00f3w spo\u0142eczno\u015bciowych i dzia\u0142a\u0144 internetowych.\" \/>\n<meta name=\"robots\" content=\"index, follow, max-snippet:-1, max-image-preview:large, max-video-preview:-1\" \/>\n<link rel=\"canonical\" href=\"https:\/\/rtrsports.com\/pl\/blog\/\" \/>\n<meta property=\"og:locale\" content=\"pl_PL\" \/>\n<meta property=\"og:type\" content=\"article\" \/>\n<meta property=\"og:title\" content=\"Blog\" \/>\n<meta property=\"og:description\" content=\"Znajd\u017a najnowsze wiadomo\u015bci i artyku\u0142y na temat marketingu sportowego, sponsoringu, wydarze\u0144, licencji, promocji w sklepach, medi\u00f3w spo\u0142eczno\u015bciowych i dzia\u0142a\u0144 internetowych.\" \/>\n<meta property=\"og:url\" content=\"https:\/\/rtrsports.com\/pl\/blog\/\" \/>\n<meta property=\"og:site_name\" content=\"RTR Sports\" \/>\n<meta property=\"article:publisher\" content=\"https:\/\/www.facebook.com\/RTRSportsMarketing\/\" \/>\n<meta property=\"og:image\" content=\"https:\/\/rtrsports.com\/wp-content\/uploads\/2024\/10\/mclaren-scaled.jpg\" \/>\n\t<meta property=\"og:image:width\" content=\"2560\" \/>\n\t<meta property=\"og:image:height\" content=\"1707\" \/>\n\t<meta property=\"og:image:type\" content=\"image\/jpeg\" \/>\n<meta name=\"twitter:card\" content=\"summary_large_image\" \/>\n<meta name=\"twitter:site\" content=\"@rtrsports\" \/>\n<script type=\"application\/ld+json\" class=\"yoast-schema-graph\">{\"@context\":\"https:\\\/\\\/schema.org\",\"@graph\":[{\"@type\":\"WebPage\",\"@id\":\"https:\\\/\\\/rtrsports.com\\\/pl\\\/blog\\\/\",\"url\":\"https:\\\/\\\/rtrsports.com\\\/pl\\\/blog\\\/\",\"name\":\"Blog marketingu sportowego RTR - Sponsoring, aktywacje i aktualno\u015bci\",\"isPartOf\":{\"@id\":\"https:\\\/\\\/rtrsports.com\\\/pl\\\/#website\"},\"primaryImageOfPage\":{\"@id\":\"https:\\\/\\\/rtrsports.com\\\/pl\\\/blog\\\/#primaryimage\"},\"image\":{\"@id\":\"https:\\\/\\\/rtrsports.com\\\/pl\\\/blog\\\/#primaryimage\"},\"thumbnailUrl\":\"https:\\\/\\\/rtrsports.com\\\/wp-content\\\/uploads\\\/2024\\\/10\\\/mclaren-scaled.jpg\",\"datePublished\":\"2024-01-03T08:31:37+00:00\",\"dateModified\":\"2024-10-02T12:38:44+00:00\",\"description\":\"Znajd\u017a najnowsze wiadomo\u015bci i artyku\u0142y na temat marketingu sportowego, sponsoringu, wydarze\u0144, licencji, promocji w sklepach, medi\u00f3w spo\u0142eczno\u015bciowych i dzia\u0142a\u0144 internetowych.\",\"breadcrumb\":{\"@id\":\"https:\\\/\\\/rtrsports.com\\\/pl\\\/blog\\\/#breadcrumb\"},\"inLanguage\":\"pl-PL\",\"potentialAction\":[{\"@type\":\"ReadAction\",\"target\":[\"https:\\\/\\\/rtrsports.com\\\/pl\\\/blog\\\/\"]}]},{\"@type\":\"ImageObject\",\"inLanguage\":\"pl-PL\",\"@id\":\"https:\\\/\\\/rtrsports.com\\\/pl\\\/blog\\\/#primaryimage\",\"url\":\"https:\\\/\\\/rtrsports.com\\\/wp-content\\\/uploads\\\/2024\\\/10\\\/mclaren-scaled.jpg\",\"contentUrl\":\"https:\\\/\\\/rtrsports.com\\\/wp-content\\\/uploads\\\/2024\\\/10\\\/mclaren-scaled.jpg\",\"width\":2560,\"height\":1707,\"caption\":\"Sponsoring Formu\u0142y 1\"},{\"@type\":\"BreadcrumbList\",\"@id\":\"https:\\\/\\\/rtrsports.com\\\/pl\\\/blog\\\/#breadcrumb\",\"itemListElement\":[{\"@type\":\"ListItem\",\"position\":1,\"name\":\"Home\",\"item\":\"https:\\\/\\\/rtrsports.com\\\/pl\\\/\"},{\"@type\":\"ListItem\",\"position\":2,\"name\":\"Blog\"}]},{\"@type\":\"WebSite\",\"@id\":\"https:\\\/\\\/rtrsports.com\\\/pl\\\/#website\",\"url\":\"https:\\\/\\\/rtrsports.com\\\/pl\\\/\",\"name\":\"RTR Sports Marketing\",\"description\":\"RTR Sports Marketing is a global motorsport sponsorship agency and consultancy, specialized in Formula 1 and MotoGP, and active across all major international racing series including Formula E, NASCAR, WEC, WRC and Dakar, helping brands build data-driven, high-performance sponsorship programs.\",\"publisher\":{\"@id\":\"https:\\\/\\\/rtrsports.com\\\/pl\\\/#organization\"},\"alternateName\":\"RTR Sports\",\"potentialAction\":[{\"@type\":\"SearchAction\",\"target\":{\"@type\":\"EntryPoint\",\"urlTemplate\":\"https:\\\/\\\/rtrsports.com\\\/pl\\\/?s={search_term_string}\"},\"query-input\":{\"@type\":\"PropertyValueSpecification\",\"valueRequired\":true,\"valueName\":\"search_term_string\"}}],\"inLanguage\":\"pl-PL\"},{\"@type\":\"Organization\",\"@id\":\"https:\\\/\\\/rtrsports.com\\\/pl\\\/#organization\",\"name\":\"RTR Sports Marketing\",\"alternateName\":\"RTR sports\",\"url\":\"https:\\\/\\\/rtrsports.com\\\/pl\\\/\",\"logo\":{\"@type\":\"ImageObject\",\"inLanguage\":\"pl-PL\",\"@id\":\"https:\\\/\\\/rtrsports.com\\\/pl\\\/#\\\/schema\\\/logo\\\/image\\\/\",\"url\":\"https:\\\/\\\/rtrsports.com\\\/wp-content\\\/uploads\\\/2024\\\/01\\\/rtrsports-anniversary-1.jpg\",\"contentUrl\":\"https:\\\/\\\/rtrsports.com\\\/wp-content\\\/uploads\\\/2024\\\/01\\\/rtrsports-anniversary-1.jpg\",\"width\":946,\"height\":260,\"caption\":\"RTR Sports Marketing\"},\"image\":{\"@id\":\"https:\\\/\\\/rtrsports.com\\\/pl\\\/#\\\/schema\\\/logo\\\/image\\\/\"},\"sameAs\":[\"https:\\\/\\\/www.facebook.com\\\/RTRSportsMarketing\\\/\",\"https:\\\/\\\/x.com\\\/rtrsports\",\"https:\\\/\\\/www.linkedin.com\\\/company\\\/rtr-sports-marketing\\\/\"],\"description\":\"RTR Sports Marketing is a global motorsport sponsorship agency and consultancy, specialized in Formula 1 and MotoGP, and active across all major international racing series including Formula E, NASCAR, WEC, WRC and Dakar, helping brands build data-driven, high-performance sponsorship programs.\",\"email\":\"info@rtrsports.com\",\"legalName\":\"RTR Sports Marketing LTD\",\"numberOfEmployees\":{\"@type\":\"QuantitativeValue\",\"minValue\":\"1\",\"maxValue\":\"10\"}}]}<\/script>\n<!-- \/ Yoast SEO Premium plugin. -->","yoast_head_json":{"title":"Blog marketingu sportowego RTR - Sponsoring, aktywacje i aktualno\u015bci","description":"Znajd\u017a najnowsze wiadomo\u015bci i artyku\u0142y na temat marketingu sportowego, sponsoringu, wydarze\u0144, licencji, promocji w sklepach, medi\u00f3w spo\u0142eczno\u015bciowych i dzia\u0142a\u0144 internetowych.","robots":{"index":"index","follow":"follow","max-snippet":"max-snippet:-1","max-image-preview":"max-image-preview:large","max-video-preview":"max-video-preview:-1"},"canonical":"https:\/\/rtrsports.com\/pl\/blog\/","og_locale":"pl_PL","og_type":"article","og_title":"Blog","og_description":"Znajd\u017a najnowsze wiadomo\u015bci i artyku\u0142y na temat marketingu sportowego, sponsoringu, wydarze\u0144, licencji, promocji w sklepach, medi\u00f3w spo\u0142eczno\u015bciowych i dzia\u0142a\u0144 internetowych.","og_url":"https:\/\/rtrsports.com\/pl\/blog\/","og_site_name":"RTR Sports","article_publisher":"https:\/\/www.facebook.com\/RTRSportsMarketing\/","og_image":[{"width":2560,"height":1707,"url":"https:\/\/rtrsports.com\/wp-content\/uploads\/2024\/10\/mclaren-scaled.jpg","type":"image\/jpeg"}],"twitter_card":"summary_large_image","twitter_site":"@rtrsports","schema":{"@context":"https:\/\/schema.org","@graph":[{"@type":"WebPage","@id":"https:\/\/rtrsports.com\/pl\/blog\/","url":"https:\/\/rtrsports.com\/pl\/blog\/","name":"Blog marketingu sportowego RTR - Sponsoring, aktywacje i aktualno\u015bci","isPartOf":{"@id":"https:\/\/rtrsports.com\/pl\/#website"},"primaryImageOfPage":{"@id":"https:\/\/rtrsports.com\/pl\/blog\/#primaryimage"},"image":{"@id":"https:\/\/rtrsports.com\/pl\/blog\/#primaryimage"},"thumbnailUrl":"https:\/\/rtrsports.com\/wp-content\/uploads\/2024\/10\/mclaren-scaled.jpg","datePublished":"2024-01-03T08:31:37+00:00","dateModified":"2024-10-02T12:38:44+00:00","description":"Znajd\u017a najnowsze wiadomo\u015bci i artyku\u0142y na temat marketingu sportowego, sponsoringu, wydarze\u0144, licencji, promocji w sklepach, medi\u00f3w spo\u0142eczno\u015bciowych i dzia\u0142a\u0144 internetowych.","breadcrumb":{"@id":"https:\/\/rtrsports.com\/pl\/blog\/#breadcrumb"},"inLanguage":"pl-PL","potentialAction":[{"@type":"ReadAction","target":["https:\/\/rtrsports.com\/pl\/blog\/"]}]},{"@type":"ImageObject","inLanguage":"pl-PL","@id":"https:\/\/rtrsports.com\/pl\/blog\/#primaryimage","url":"https:\/\/rtrsports.com\/wp-content\/uploads\/2024\/10\/mclaren-scaled.jpg","contentUrl":"https:\/\/rtrsports.com\/wp-content\/uploads\/2024\/10\/mclaren-scaled.jpg","width":2560,"height":1707,"caption":"Sponsoring Formu\u0142y 1"},{"@type":"BreadcrumbList","@id":"https:\/\/rtrsports.com\/pl\/blog\/#breadcrumb","itemListElement":[{"@type":"ListItem","position":1,"name":"Home","item":"https:\/\/rtrsports.com\/pl\/"},{"@type":"ListItem","position":2,"name":"Blog"}]},{"@type":"WebSite","@id":"https:\/\/rtrsports.com\/pl\/#website","url":"https:\/\/rtrsports.com\/pl\/","name":"RTR Sports Marketing","description":"RTR Sports Marketing is a global motorsport sponsorship agency and consultancy, specialized in Formula 1 and MotoGP, and active across all major international racing series including Formula E, NASCAR, WEC, WRC and Dakar, helping brands build data-driven, high-performance sponsorship programs.","publisher":{"@id":"https:\/\/rtrsports.com\/pl\/#organization"},"alternateName":"RTR Sports","potentialAction":[{"@type":"SearchAction","target":{"@type":"EntryPoint","urlTemplate":"https:\/\/rtrsports.com\/pl\/?s={search_term_string}"},"query-input":{"@type":"PropertyValueSpecification","valueRequired":true,"valueName":"search_term_string"}}],"inLanguage":"pl-PL"},{"@type":"Organization","@id":"https:\/\/rtrsports.com\/pl\/#organization","name":"RTR Sports Marketing","alternateName":"RTR sports","url":"https:\/\/rtrsports.com\/pl\/","logo":{"@type":"ImageObject","inLanguage":"pl-PL","@id":"https:\/\/rtrsports.com\/pl\/#\/schema\/logo\/image\/","url":"https:\/\/rtrsports.com\/wp-content\/uploads\/2024\/01\/rtrsports-anniversary-1.jpg","contentUrl":"https:\/\/rtrsports.com\/wp-content\/uploads\/2024\/01\/rtrsports-anniversary-1.jpg","width":946,"height":260,"caption":"RTR Sports Marketing"},"image":{"@id":"https:\/\/rtrsports.com\/pl\/#\/schema\/logo\/image\/"},"sameAs":["https:\/\/www.facebook.com\/RTRSportsMarketing\/","https:\/\/x.com\/rtrsports","https:\/\/www.linkedin.com\/company\/rtr-sports-marketing\/"],"description":"RTR Sports Marketing is a global motorsport sponsorship agency and consultancy, specialized in Formula 1 and MotoGP, and active across all major international racing series including Formula E, NASCAR, WEC, WRC and Dakar, helping brands build data-driven, high-performance sponsorship programs.","email":"info@rtrsports.com","legalName":"RTR Sports Marketing LTD","numberOfEmployees":{"@type":"QuantitativeValue","minValue":"1","maxValue":"10"}}]}},"_links":{"self":[{"href":"https:\/\/rtrsports.com\/pl\/wp-json\/wp\/v2\/pages\/145523","targetHints":{"allow":["GET"]}}],"collection":[{"href":"https:\/\/rtrsports.com\/pl\/wp-json\/wp\/v2\/pages"}],"about":[{"href":"https:\/\/rtrsports.com\/pl\/wp-json\/wp\/v2\/types\/page"}],"author":[{"embeddable":true,"href":"https:\/\/rtrsports.com\/pl\/wp-json\/wp\/v2\/users\/2"}],"replies":[{"embeddable":true,"href":"https:\/\/rtrsports.com\/pl\/wp-json\/wp\/v2\/comments?post=145523"}],"version-history":[{"count":4,"href":"https:\/\/rtrsports.com\/pl\/wp-json\/wp\/v2\/pages\/145523\/revisions"}],"predecessor-version":[{"id":254829,"href":"https:\/\/rtrsports.com\/pl\/wp-json\/wp\/v2\/pages\/145523\/revisions\/254829"}],"wp:featuredmedia":[{"embeddable":true,"href":"https:\/\/rtrsports.com\/pl\/wp-json\/wp\/v2\/media\/254823"}],"wp:attachment":[{"href":"https:\/\/rtrsports.com\/pl\/wp-json\/wp\/v2\/media?parent=145523"}],"curies":[{"name":"wp","href":"https:\/\/api.w.org\/{rel}","templated":true}]}}