{"id":151302,"date":"2019-02-26T00:00:00","date_gmt":"2019-02-25T23:00:00","guid":{"rendered":"https:\/\/rtrsports.com\/sponsorship-contact-form\/"},"modified":"2024-07-18T13:56:07","modified_gmt":"2024-07-18T11:56:07","slug":"sponsoring-contact-form","status":"publish","type":"page","link":"https:\/\/rtrsports.com\/pl\/sponsoring-contact-form\/","title":{"rendered":"Sponsorship Contact Form"},"content":{"rendered":"","protected":false},"excerpt":{"rendered":"","protected":false},"author":2,"featured_media":254893,"parent":0,"menu_order":0,"comment_status":"closed","ping_status":"closed","template":"page-template\/page-flexible-template.php","meta":{"_acf_changed":false,"footnotes":""},"class_list":["post-151302","page","type-page","status-publish","has-post-thumbnail","hentry"],"acf":[],"yoast_head":"<!-- This site is optimized with the Yoast SEO Premium plugin v26.8 (Yoast SEO v27.3) - https:\/\/yoast.com\/product\/yoast-seo-premium-wordpress\/ -->\n<title>Formularz kontaktowy dla sponsor\u00f3w sport\u00f3w motorowych - RTR Sports Marketing<\/title>\n<meta name=\"description\" content=\"Zosta\u0144 sponsorem sport\u00f3w motorowych i zaoferuj swojej marce kompletne narz\u0119dzie marketingowe. Zwi\u0119ksz \u015bwiadomo\u015b\u0107 swojej marki i zdob\u0105d\u017a nowe rynki.\" \/>\n<meta name=\"robots\" content=\"index, follow, max-snippet:-1, max-image-preview:large, max-video-preview:-1\" \/>\n<link rel=\"canonical\" href=\"https:\/\/rtrsports.com\/pl\/sponsoring-contact-form\/\" \/>\n<meta property=\"og:locale\" content=\"pl_PL\" \/>\n<meta property=\"og:type\" content=\"article\" \/>\n<meta property=\"og:title\" content=\"Sponsorship Contact Form\" \/>\n<meta property=\"og:description\" content=\"Zosta\u0144 sponsorem sport\u00f3w motorowych i zaoferuj swojej marce kompletne narz\u0119dzie marketingowe. Zwi\u0119ksz \u015bwiadomo\u015b\u0107 swojej marki i zdob\u0105d\u017a nowe rynki.\" \/>\n<meta property=\"og:url\" content=\"https:\/\/rtrsports.com\/pl\/sponsoring-contact-form\/\" \/>\n<meta property=\"og:site_name\" content=\"RTR Sports\" \/>\n<meta property=\"article:publisher\" content=\"https:\/\/www.facebook.com\/RTRSportsMarketing\/\" \/>\n<meta property=\"og:image\" content=\"https:\/\/rtrsports.com\/wp-content\/uploads\/2024\/10\/ferrari-scaled.jpg\" \/>\n\t<meta property=\"og:image:width\" content=\"2560\" \/>\n\t<meta property=\"og:image:height\" content=\"1280\" \/>\n\t<meta property=\"og:image:type\" content=\"image\/jpeg\" \/>\n<meta name=\"twitter:card\" content=\"summary_large_image\" \/>\n<meta name=\"twitter:site\" content=\"@rtrsports\" \/>\n<script type=\"application\/ld+json\" class=\"yoast-schema-graph\">{\"@context\":\"https:\\\/\\\/schema.org\",\"@graph\":[{\"@type\":\"WebPage\",\"@id\":\"https:\\\/\\\/rtrsports.com\\\/pl\\\/sponsoring-contact-form\\\/\",\"url\":\"https:\\\/\\\/rtrsports.com\\\/pl\\\/sponsoring-contact-form\\\/\",\"name\":\"Formularz kontaktowy dla sponsor\u00f3w sport\u00f3w motorowych - RTR Sports Marketing\",\"isPartOf\":{\"@id\":\"https:\\\/\\\/rtrsports.com\\\/pl\\\/#website\"},\"primaryImageOfPage\":{\"@id\":\"https:\\\/\\\/rtrsports.com\\\/pl\\\/sponsoring-contact-form\\\/#primaryimage\"},\"image\":{\"@id\":\"https:\\\/\\\/rtrsports.com\\\/pl\\\/sponsoring-contact-form\\\/#primaryimage\"},\"thumbnailUrl\":\"https:\\\/\\\/rtrsports.com\\\/wp-content\\\/uploads\\\/2024\\\/10\\\/ferrari-scaled.jpg\",\"datePublished\":\"2019-02-25T23:00:00+00:00\",\"dateModified\":\"2024-07-18T11:56:07+00:00\",\"description\":\"Zosta\u0144 sponsorem sport\u00f3w motorowych i zaoferuj swojej marce kompletne narz\u0119dzie marketingowe. Zwi\u0119ksz \u015bwiadomo\u015b\u0107 swojej marki i zdob\u0105d\u017a nowe rynki.\",\"breadcrumb\":{\"@id\":\"https:\\\/\\\/rtrsports.com\\\/pl\\\/sponsoring-contact-form\\\/#breadcrumb\"},\"inLanguage\":\"pl-PL\",\"potentialAction\":[{\"@type\":\"ReadAction\",\"target\":[\"https:\\\/\\\/rtrsports.com\\\/pl\\\/sponsoring-contact-form\\\/\"]}]},{\"@type\":\"ImageObject\",\"inLanguage\":\"pl-PL\",\"@id\":\"https:\\\/\\\/rtrsports.com\\\/pl\\\/sponsoring-contact-form\\\/#primaryimage\",\"url\":\"https:\\\/\\\/rtrsports.com\\\/wp-content\\\/uploads\\\/2024\\\/10\\\/ferrari-scaled.jpg\",\"contentUrl\":\"https:\\\/\\\/rtrsports.com\\\/wp-content\\\/uploads\\\/2024\\\/10\\\/ferrari-scaled.jpg\",\"width\":2560,\"height\":1280,\"caption\":\"Poniewa\u017c sponsorzy zmieniaj\u0105 zespo\u0142y\"},{\"@type\":\"BreadcrumbList\",\"@id\":\"https:\\\/\\\/rtrsports.com\\\/pl\\\/sponsoring-contact-form\\\/#breadcrumb\",\"itemListElement\":[{\"@type\":\"ListItem\",\"position\":1,\"name\":\"Home\",\"item\":\"https:\\\/\\\/rtrsports.com\\\/pl\\\/\"},{\"@type\":\"ListItem\",\"position\":2,\"name\":\"Sponsorship Contact Form\"}]},{\"@type\":\"WebSite\",\"@id\":\"https:\\\/\\\/rtrsports.com\\\/pl\\\/#website\",\"url\":\"https:\\\/\\\/rtrsports.com\\\/pl\\\/\",\"name\":\"RTR Sports Marketing\",\"description\":\"RTR Sports Marketing is a global motorsport sponsorship agency and consultancy, specialized in Formula 1 and MotoGP, and active across all major international racing series including Formula E, NASCAR, WEC, WRC and Dakar, helping brands build data-driven, high-performance sponsorship programs.\",\"publisher\":{\"@id\":\"https:\\\/\\\/rtrsports.com\\\/pl\\\/#organization\"},\"alternateName\":\"RTR Sports\",\"potentialAction\":[{\"@type\":\"SearchAction\",\"target\":{\"@type\":\"EntryPoint\",\"urlTemplate\":\"https:\\\/\\\/rtrsports.com\\\/pl\\\/?s={search_term_string}\"},\"query-input\":{\"@type\":\"PropertyValueSpecification\",\"valueRequired\":true,\"valueName\":\"search_term_string\"}}],\"inLanguage\":\"pl-PL\"},{\"@type\":\"Organization\",\"@id\":\"https:\\\/\\\/rtrsports.com\\\/pl\\\/#organization\",\"name\":\"RTR Sports Marketing\",\"alternateName\":\"RTR sports\",\"url\":\"https:\\\/\\\/rtrsports.com\\\/pl\\\/\",\"logo\":{\"@type\":\"ImageObject\",\"inLanguage\":\"pl-PL\",\"@id\":\"https:\\\/\\\/rtrsports.com\\\/pl\\\/#\\\/schema\\\/logo\\\/image\\\/\",\"url\":\"https:\\\/\\\/rtrsports.com\\\/wp-content\\\/uploads\\\/2024\\\/01\\\/rtrsports-anniversary-1.jpg\",\"contentUrl\":\"https:\\\/\\\/rtrsports.com\\\/wp-content\\\/uploads\\\/2024\\\/01\\\/rtrsports-anniversary-1.jpg\",\"width\":946,\"height\":260,\"caption\":\"RTR Sports Marketing\"},\"image\":{\"@id\":\"https:\\\/\\\/rtrsports.com\\\/pl\\\/#\\\/schema\\\/logo\\\/image\\\/\"},\"sameAs\":[\"https:\\\/\\\/www.facebook.com\\\/RTRSportsMarketing\\\/\",\"https:\\\/\\\/x.com\\\/rtrsports\",\"https:\\\/\\\/www.linkedin.com\\\/company\\\/rtr-sports-marketing\\\/\"],\"description\":\"RTR Sports Marketing is a global motorsport sponsorship agency and consultancy, specialized in Formula 1 and MotoGP, and active across all major international racing series including Formula E, NASCAR, WEC, WRC and Dakar, helping brands build data-driven, high-performance sponsorship programs.\",\"email\":\"info@rtrsports.com\",\"legalName\":\"RTR Sports Marketing LTD\",\"numberOfEmployees\":{\"@type\":\"QuantitativeValue\",\"minValue\":\"1\",\"maxValue\":\"10\"}}]}<\/script>\n<!-- \/ Yoast SEO Premium plugin. -->","yoast_head_json":{"title":"Formularz kontaktowy dla sponsor\u00f3w sport\u00f3w motorowych - RTR Sports Marketing","description":"Zosta\u0144 sponsorem sport\u00f3w motorowych i zaoferuj swojej marce kompletne narz\u0119dzie marketingowe. Zwi\u0119ksz \u015bwiadomo\u015b\u0107 swojej marki i zdob\u0105d\u017a nowe rynki.","robots":{"index":"index","follow":"follow","max-snippet":"max-snippet:-1","max-image-preview":"max-image-preview:large","max-video-preview":"max-video-preview:-1"},"canonical":"https:\/\/rtrsports.com\/pl\/sponsoring-contact-form\/","og_locale":"pl_PL","og_type":"article","og_title":"Sponsorship Contact Form","og_description":"Zosta\u0144 sponsorem sport\u00f3w motorowych i zaoferuj swojej marce kompletne narz\u0119dzie marketingowe. Zwi\u0119ksz \u015bwiadomo\u015b\u0107 swojej marki i zdob\u0105d\u017a nowe rynki.","og_url":"https:\/\/rtrsports.com\/pl\/sponsoring-contact-form\/","og_site_name":"RTR Sports","article_publisher":"https:\/\/www.facebook.com\/RTRSportsMarketing\/","og_image":[{"width":2560,"height":1280,"url":"https:\/\/rtrsports.com\/wp-content\/uploads\/2024\/10\/ferrari-scaled.jpg","type":"image\/jpeg"}],"twitter_card":"summary_large_image","twitter_site":"@rtrsports","schema":{"@context":"https:\/\/schema.org","@graph":[{"@type":"WebPage","@id":"https:\/\/rtrsports.com\/pl\/sponsoring-contact-form\/","url":"https:\/\/rtrsports.com\/pl\/sponsoring-contact-form\/","name":"Formularz kontaktowy dla sponsor\u00f3w sport\u00f3w motorowych - RTR Sports Marketing","isPartOf":{"@id":"https:\/\/rtrsports.com\/pl\/#website"},"primaryImageOfPage":{"@id":"https:\/\/rtrsports.com\/pl\/sponsoring-contact-form\/#primaryimage"},"image":{"@id":"https:\/\/rtrsports.com\/pl\/sponsoring-contact-form\/#primaryimage"},"thumbnailUrl":"https:\/\/rtrsports.com\/wp-content\/uploads\/2024\/10\/ferrari-scaled.jpg","datePublished":"2019-02-25T23:00:00+00:00","dateModified":"2024-07-18T11:56:07+00:00","description":"Zosta\u0144 sponsorem sport\u00f3w motorowych i zaoferuj swojej marce kompletne narz\u0119dzie marketingowe. Zwi\u0119ksz \u015bwiadomo\u015b\u0107 swojej marki i zdob\u0105d\u017a nowe rynki.","breadcrumb":{"@id":"https:\/\/rtrsports.com\/pl\/sponsoring-contact-form\/#breadcrumb"},"inLanguage":"pl-PL","potentialAction":[{"@type":"ReadAction","target":["https:\/\/rtrsports.com\/pl\/sponsoring-contact-form\/"]}]},{"@type":"ImageObject","inLanguage":"pl-PL","@id":"https:\/\/rtrsports.com\/pl\/sponsoring-contact-form\/#primaryimage","url":"https:\/\/rtrsports.com\/wp-content\/uploads\/2024\/10\/ferrari-scaled.jpg","contentUrl":"https:\/\/rtrsports.com\/wp-content\/uploads\/2024\/10\/ferrari-scaled.jpg","width":2560,"height":1280,"caption":"Poniewa\u017c sponsorzy zmieniaj\u0105 zespo\u0142y"},{"@type":"BreadcrumbList","@id":"https:\/\/rtrsports.com\/pl\/sponsoring-contact-form\/#breadcrumb","itemListElement":[{"@type":"ListItem","position":1,"name":"Home","item":"https:\/\/rtrsports.com\/pl\/"},{"@type":"ListItem","position":2,"name":"Sponsorship Contact Form"}]},{"@type":"WebSite","@id":"https:\/\/rtrsports.com\/pl\/#website","url":"https:\/\/rtrsports.com\/pl\/","name":"RTR Sports Marketing","description":"RTR Sports Marketing is a global motorsport sponsorship agency and consultancy, specialized in Formula 1 and MotoGP, and active across all major international racing series including Formula E, NASCAR, WEC, WRC and Dakar, helping brands build data-driven, high-performance sponsorship programs.","publisher":{"@id":"https:\/\/rtrsports.com\/pl\/#organization"},"alternateName":"RTR Sports","potentialAction":[{"@type":"SearchAction","target":{"@type":"EntryPoint","urlTemplate":"https:\/\/rtrsports.com\/pl\/?s={search_term_string}"},"query-input":{"@type":"PropertyValueSpecification","valueRequired":true,"valueName":"search_term_string"}}],"inLanguage":"pl-PL"},{"@type":"Organization","@id":"https:\/\/rtrsports.com\/pl\/#organization","name":"RTR Sports Marketing","alternateName":"RTR sports","url":"https:\/\/rtrsports.com\/pl\/","logo":{"@type":"ImageObject","inLanguage":"pl-PL","@id":"https:\/\/rtrsports.com\/pl\/#\/schema\/logo\/image\/","url":"https:\/\/rtrsports.com\/wp-content\/uploads\/2024\/01\/rtrsports-anniversary-1.jpg","contentUrl":"https:\/\/rtrsports.com\/wp-content\/uploads\/2024\/01\/rtrsports-anniversary-1.jpg","width":946,"height":260,"caption":"RTR Sports Marketing"},"image":{"@id":"https:\/\/rtrsports.com\/pl\/#\/schema\/logo\/image\/"},"sameAs":["https:\/\/www.facebook.com\/RTRSportsMarketing\/","https:\/\/x.com\/rtrsports","https:\/\/www.linkedin.com\/company\/rtr-sports-marketing\/"],"description":"RTR Sports Marketing is a global motorsport sponsorship agency and consultancy, specialized in Formula 1 and MotoGP, and active across all major international racing series including Formula E, NASCAR, WEC, WRC and Dakar, helping brands build data-driven, high-performance sponsorship programs.","email":"info@rtrsports.com","legalName":"RTR Sports Marketing LTD","numberOfEmployees":{"@type":"QuantitativeValue","minValue":"1","maxValue":"10"}}]}},"_links":{"self":[{"href":"https:\/\/rtrsports.com\/pl\/wp-json\/wp\/v2\/pages\/151302","targetHints":{"allow":["GET"]}}],"collection":[{"href":"https:\/\/rtrsports.com\/pl\/wp-json\/wp\/v2\/pages"}],"about":[{"href":"https:\/\/rtrsports.com\/pl\/wp-json\/wp\/v2\/types\/page"}],"author":[{"embeddable":true,"href":"https:\/\/rtrsports.com\/pl\/wp-json\/wp\/v2\/users\/2"}],"replies":[{"embeddable":true,"href":"https:\/\/rtrsports.com\/pl\/wp-json\/wp\/v2\/comments?post=151302"}],"version-history":[{"count":0,"href":"https:\/\/rtrsports.com\/pl\/wp-json\/wp\/v2\/pages\/151302\/revisions"}],"wp:featuredmedia":[{"embeddable":true,"href":"https:\/\/rtrsports.com\/pl\/wp-json\/wp\/v2\/media\/254893"}],"wp:attachment":[{"href":"https:\/\/rtrsports.com\/pl\/wp-json\/wp\/v2\/media?parent=151302"}],"curies":[{"name":"wp","href":"https:\/\/api.w.org\/{rel}","templated":true}]}}