{"id":153729,"date":"2024-07-16T07:22:47","date_gmt":"2024-07-16T05:22:47","guid":{"rendered":"https:\/\/rtrsports.com\/?page_id=153729"},"modified":"2025-11-15T14:28:30","modified_gmt":"2025-11-15T13:28:30","slug":"motogp-hospitality-british-gran-prix","status":"publish","type":"page","link":"https:\/\/rtrsports.com\/pl\/motogp-hospitality-british-gran-prix\/","title":{"rendered":"2026 GP Silverstone Wielka Brytania MotoGP VIP Village i MotoGP Hospitality"},"content":{"rendered":"<p>MotoGP Grand Prix of Great Britain VIP Village and MotoGP Premier 2023August 6, 2023 &#8211; Silverstone, Great Britain<\/p>\n<h3><span style=\"color: #808080;\">MotoGP VIP Village Prices<\/span><\/h3>\n<p>Saturday + Sunday: <strong>\u20ac 2,004<\/strong><br \/>\nSunday: <strong>\u20ac 1,728<\/strong>Book MotoGP VIP Village Today<\/p>\n<h3><span style=\"color: #808080;\">MotoGP Premier Prices<\/span><\/h3>\n<p>Apex Package: <strong>\u20ac2,981<\/strong><br \/>\nChicane package: <strong>\u20ac 786<\/strong><br \/>\nTrophy package: <strong>\u20ac 330<\/strong>Book MotoGP Premier Today  <\/p>\n<h3>MotoGP VIP Village amenities at Silverstone<\/h3>\n<p><strong>EXCLUSIVE LOCATIONS:<\/strong> Excellent views of the circuit, Indoor VIP parking, Full TV coverage, Open Bar in the viewing area, Reserved Grandstand<\/p>\n<p><strong>ENTERTAINMENT PROGRAM:<\/strong> Paddock Tour, Pit Lane Walk, Service Road Tour, Sweepstakes<\/p>\n<p><strong>GOURMET EXPERIENCE:<\/strong> Breakfast, Tapas Bar, Gourmet Lunch, Afternoon Petit Fours, Open Bar<\/p>\n<h3>MotoGP Premier&#8217;s services<\/h3>\n<div class=\" vc_custom_1670603702423\">\n<div id=\"text-block-63a422b23fcbd\" class=\"mk-text-block jupiter-donut- \">\n<p>MotoGP Premier provides three main types of experience packages: <strong>Trophy, Chicane and Apex<\/strong>.<\/p>\n<p>The Trophy and Chicane packages include a grandstand seat for 3 days, while the Apex package includes full VIP Village hospitality accompanied by other extra services such as garage tours, meet and greet and Q&amp;A sessions. All <strong>MotoGP\u2122 Premier<\/strong> packages include a range of exclusive trackside activities designed to bring you closer to the MotoGP\u2122, Moto2\u2122 and Moto3\u2122 riders and teams.<\/p>\n<\/div>\n<\/div>\n<p><\/p>\n<h3>How to book MotoGP VIP Village and MotoGP Premier for the British Grand Prix<\/h3>\n<p><a href=\"https:\/\/staging.project-progress.net\/projects\/rtrsports-livesite\/en\/\"><br \/>\n<strong>RTR Sports Marketing<\/strong><br \/>\n<\/a> is the official agency for selling MotoGP hospitality packages.<\/p>\n<p>Fill out the form to the right to book your MotoGP VIP Village Pass or MotoGP Premier package. One of our accounts will contact you within a few minutes, sending you all the necessary information and forms to proceed with your order. <strong>Please note that by filling out this form you are not directly purchasing any pass but simply requesting one.<\/strong>PGRpdiBjbGFzcz0iX2Zvcm1fMTkiPjwvZGl2PjxzY3JpcHQgc3JjPSJodHRwczovL3J0cnNwb3J0cy5hY3RpdmVob3N0ZWQuY29tL2YvZW1iZWQucGhwP2lkPTE5IiB0eXBlPSJ0ZXh0L2phdmFzY3JpcHQiIGNoYXJzZXQ9InV0Zi04Ij48L3NjcmlwdD4= <\/p>\n<h3>MotoGP VIP Tickets for the Silverstone Grand Prix<\/h3>\n<h4>The iconic <strong>Silverstone<\/strong> circuit: the realm of British motorsport<\/h4>\n<p>Located in the picturesque English countryside, the <strong>Silverstone<\/strong> circuit is the crown jewel of British motorsport. With a history dating back to the 1950s, Silverstone has become synonymous with world-class racing and unprecedented excitement. This legendary circuit hosts the<strong> MotoGP British Grand Prix<\/strong> and attracts thousands of fans from all over the world. Imagine being there in person, surrounded by the vibrant atmosphere and timeless charm that only Silverstone can offer.<\/p>\n<h4>The excitement of a grand prize in the first person<\/h4>\n<p>Nothing can come close to the thrill of being present in person at a MotoGP grand prix at Silverstone. As the motorcycles whiz by the track at insane speeds, the atmosphere is imbued with pure excitement. Fans fill the stands, cheering and cheering for their favorite drivers. Every overtake, every corner bravely tackled, and every drop of sweat from the drivers become epic moments that make the heart pound and the adrenaline speed up. The live racing experience is a true immersion in the world of motorsport, a symphony of roaring engines and unbridled passion.<\/p>\n<h4>MotoGP VIP Village and MotoGP Premier: elegance and luxury at the highest level<\/h4>\n<p>If you want to experience the Silverstone Grand Prix with the utmost comfort and exclusivity, the MotoGP VIP Village and MotoGP Premier are the perfect solution for you. Situated in a prime location within the circuit, these spaces allow you to enjoy the races from a unique perspective. You will be welcomed into a refined environment with first-class services, gourmet food, fine drinks and exclusive entertainment. The MotoGP VIP Village, as well as the MotoGP Premier, also offers the opportunity to meet riders and personalities from the racing world, creating an unforgettable experience that will make you feel like a true VIP.<\/p>\n<h4>MotoGP Premier: the complete package for racing fans<\/h4>\n<p>If you want an even more exclusive hospitality experience at Silverstone, the package <a href=\"https:\/\/staging.project-progress.net\/projects\/rtrsports-livesite\/en\/motogp-premier\/\"><strong>MotoGP Premier<\/strong> <\/a>is just the thing for you. In addition to all the amenities of the MotoGP VIP Village, you will have access to a dedicated area with reserved seating in the main grandstands, giving you a breathtaking view of the races. The MotoGP Premier package allows you to experience the grand prix in comfort and style, without worrying about a thing. Get an up-close look at the world&#8217;s most powerful racing motorcycles, enjoy the thrills of racing, and soak in the unique atmosphere that only Silverstone can offer.<\/p>\n<p>Whether you choose the <strong>MotoGP VIP Village<\/strong> or the MotoGP <strong>Premier<\/strong>, a MotoGP hospitality experience at Silverstone will take you on an unforgettable journey into the world of racing, offering you the opportunity to experience the adrenaline, elegance and excitement of the MotoGP British Grand Prix up close. Prepare to be captured by Silverstone&#8217;s unique atmosphere and create memories that will last forever.Hospitality, MotoGP VIP Village and MotoGP Premier at the British Grand Prix at Silverstone<\/p>\n<p>First-class location and catering, excellent service and the best in two-wheel hospitality-this is the MotoGP VIP Village. Of course, with the experience and professionalism of the RTR account managers on site.<\/p>\n<p>Everything in the VIP Village is specially designed to give you an extraordinary experience at every Grand Prix. An exclusive entertainment program and top gourmet menus are just the basics for a weekend of style, comfort and fun in a unique setting. All VIP Village guests have at their disposal a range of services included in the package.<\/p>\n<p>You can also choose to enjoy the excellence of the VIP Village for race Sunday only (Gold package) or also include the excitement of Saturday for a weekend of adrenaline and racing (Gold+ Silver package). Whichever you choose, all the services listed below are available to you on both days.<\/p>\n<p>Welcome to the magical world of MotoGP<strong>World Class Hospitality:<\/strong> MotoGP VIP Village and MotoGP Premier are official Corporate Hospitality programs of the Championship, capable of offering first-class services at every Grand Prix of the Season. Hospitality packages, designed to provide an excellent experience, take place in exclusive locations with unique entertainment programs.<\/p>\n<p><strong>Effective Business Venue:<\/strong> Companies and brands can use these experiences to improve relationships with their customers and partners. Whether you are looking for a large corporate event or a more exclusive private meeting, the MotoGP VIP Village and MotoGP Premier are at your service to achieve your business and B2B objectives.<\/p>\n<p><strong>The Place to Be:<\/strong> There is no more exciting, gripping and thrilling setting than a race of the <strong><br \/>\n<a href=\"https:\/\/staging.project-progress.net\/projects\/rtrsports-livesite\/en\/motorsports-motogp-sponsorship-agency\/\">MotoGP World Championship<\/a><br \/>\n<\/strong>, a sport capable of generating passion and spectacle anywhere in the world. The MotoGP VIP Village and MotoGP Premier offer an exclusive entertainment program capable of providing truly unforgettable moments and experiences. Enjoy wonderful food from our kitchens, watch the action on the track from prime locations, feel the excitement of the Paddock and the vibrations of the Pit Lane before the engines start.<\/p>\n","protected":false},"excerpt":{"rendered":"<p>MotoGP VIP Village Prices Saturday + Sunday: \u20ac 2,004 Sunday: \u20ac 1,728 MotoGP Premier Prices Apex Package: \u20ac2,981 Chicane package: \u20ac 786 Trophy package: \u20ac 330 MotoGP VIP Village amenities at Silverstone EXCLUSIVE LOCATIONS: Excellent views of the circuit, Indoor VIP parking, Full TV coverage, Open Bar in the viewing area, Reserved Grandstand ENTERTAINMENT PROGRAM: [&hellip;]<\/p>\n","protected":false},"author":17,"featured_media":145477,"parent":0,"menu_order":0,"comment_status":"open","ping_status":"closed","template":"page-template\/page-flexible-template.php","meta":{"_acf_changed":false,"footnotes":""},"class_list":["post-153729","page","type-page","status-publish","has-post-thumbnail","hentry"],"acf":[],"yoast_head":"<!-- This site is optimized with the Yoast SEO Premium plugin v26.8 (Yoast SEO v27.3) - https:\/\/yoast.com\/product\/yoast-seo-premium-wordpress\/ -->\n<title>2026 GP Silverstone Wielka Brytania MotoGP VIP Village i MotoGP Hospitality<\/title>\n<meta name=\"description\" content=\"Grand Prix Wielkiej Brytanii 2026. Wioska VIP MotoGp na torze Silverstone. Zarezerwuj sw\u00f3j karnet MotoGP ju\u017c dzi\u015b.\" \/>\n<meta name=\"robots\" content=\"index, follow, max-snippet:-1, max-image-preview:large, max-video-preview:-1\" \/>\n<link rel=\"canonical\" href=\"https:\/\/rtrsports.com\/pl\/motogp-hospitality-british-gran-prix\/\" \/>\n<meta property=\"og:locale\" content=\"pl_PL\" \/>\n<meta property=\"og:type\" content=\"article\" \/>\n<meta property=\"og:title\" content=\"2026 GP Silverstone Wielka Brytania MotoGP VIP Village i MotoGP Hospitality\" \/>\n<meta property=\"og:description\" content=\"Grand Prix Wielkiej Brytanii 2026. Wioska VIP MotoGp na torze Silverstone. Zarezerwuj sw\u00f3j karnet MotoGP ju\u017c dzi\u015b.\" \/>\n<meta property=\"og:url\" content=\"https:\/\/rtrsports.com\/pl\/motogp-hospitality-british-gran-prix\/\" \/>\n<meta property=\"og:site_name\" content=\"RTR Sports\" \/>\n<meta property=\"article:publisher\" content=\"https:\/\/www.facebook.com\/RTRSportsMarketing\/\" \/>\n<meta property=\"og:image\" content=\"https:\/\/rtrsports.com\/wp-content\/uploads\/2022\/01\/motogp-vip-village-flags-202213.jpg\" \/>\n\t<meta property=\"og:image:width\" content=\"665\" \/>\n\t<meta property=\"og:image:height\" content=\"833\" \/>\n\t<meta property=\"og:image:type\" content=\"image\/jpeg\" \/>\n<meta name=\"twitter:card\" content=\"summary_large_image\" \/>\n<meta name=\"twitter:site\" content=\"@rtrsports\" \/>\n<meta name=\"twitter:label1\" content=\"Szacowany czas czytania\" \/>\n\t<meta name=\"twitter:data1\" content=\"1 minuta\" \/>\n<script type=\"application\/ld+json\" class=\"yoast-schema-graph\">{\"@context\":\"https:\\\/\\\/schema.org\",\"@graph\":[{\"@type\":\"WebPage\",\"@id\":\"https:\\\/\\\/rtrsports.com\\\/pl\\\/motogp-hospitality-british-gran-prix\\\/\",\"url\":\"https:\\\/\\\/rtrsports.com\\\/pl\\\/motogp-hospitality-british-gran-prix\\\/\",\"name\":\"2026 GP Silverstone Wielka Brytania MotoGP VIP Village i MotoGP Hospitality\",\"isPartOf\":{\"@id\":\"https:\\\/\\\/rtrsports.com\\\/pl\\\/#website\"},\"primaryImageOfPage\":{\"@id\":\"https:\\\/\\\/rtrsports.com\\\/pl\\\/motogp-hospitality-british-gran-prix\\\/#primaryimage\"},\"image\":{\"@id\":\"https:\\\/\\\/rtrsports.com\\\/pl\\\/motogp-hospitality-british-gran-prix\\\/#primaryimage\"},\"thumbnailUrl\":\"https:\\\/\\\/rtrsports.com\\\/wp-content\\\/uploads\\\/2022\\\/01\\\/motogp-vip-village-flags-202213.jpg\",\"datePublished\":\"2024-07-16T05:22:47+00:00\",\"dateModified\":\"2025-11-15T13:28:30+00:00\",\"description\":\"Grand Prix Wielkiej Brytanii 2026. Wioska VIP MotoGp na torze Silverstone. Zarezerwuj sw\u00f3j karnet MotoGP ju\u017c dzi\u015b.\",\"breadcrumb\":{\"@id\":\"https:\\\/\\\/rtrsports.com\\\/pl\\\/motogp-hospitality-british-gran-prix\\\/#breadcrumb\"},\"inLanguage\":\"pl-PL\",\"potentialAction\":[{\"@type\":\"ReadAction\",\"target\":[\"https:\\\/\\\/rtrsports.com\\\/pl\\\/motogp-hospitality-british-gran-prix\\\/\"]}]},{\"@type\":\"ImageObject\",\"inLanguage\":\"pl-PL\",\"@id\":\"https:\\\/\\\/rtrsports.com\\\/pl\\\/motogp-hospitality-british-gran-prix\\\/#primaryimage\",\"url\":\"https:\\\/\\\/rtrsports.com\\\/wp-content\\\/uploads\\\/2022\\\/01\\\/motogp-vip-village-flags-202213.jpg\",\"contentUrl\":\"https:\\\/\\\/rtrsports.com\\\/wp-content\\\/uploads\\\/2022\\\/01\\\/motogp-vip-village-flags-202213.jpg\",\"width\":665,\"height\":833,\"caption\":\"motogp-vip-village-flags-202213\"},{\"@type\":\"BreadcrumbList\",\"@id\":\"https:\\\/\\\/rtrsports.com\\\/pl\\\/motogp-hospitality-british-gran-prix\\\/#breadcrumb\",\"itemListElement\":[{\"@type\":\"ListItem\",\"position\":1,\"name\":\"Home\",\"item\":\"https:\\\/\\\/rtrsports.com\\\/pl\\\/\"},{\"@type\":\"ListItem\",\"position\":2,\"name\":\"2026 GP Silverstone Wielka Brytania MotoGP VIP Village i MotoGP Hospitality\"}]},{\"@type\":\"WebSite\",\"@id\":\"https:\\\/\\\/rtrsports.com\\\/pl\\\/#website\",\"url\":\"https:\\\/\\\/rtrsports.com\\\/pl\\\/\",\"name\":\"RTR Sports Marketing\",\"description\":\"RTR Sports Marketing is a global motorsport sponsorship agency and consultancy, specialized in Formula 1 and MotoGP, and active across all major international racing series including Formula E, NASCAR, WEC, WRC and Dakar, helping brands build data-driven, high-performance sponsorship programs.\",\"publisher\":{\"@id\":\"https:\\\/\\\/rtrsports.com\\\/pl\\\/#organization\"},\"alternateName\":\"RTR Sports\",\"potentialAction\":[{\"@type\":\"SearchAction\",\"target\":{\"@type\":\"EntryPoint\",\"urlTemplate\":\"https:\\\/\\\/rtrsports.com\\\/pl\\\/?s={search_term_string}\"},\"query-input\":{\"@type\":\"PropertyValueSpecification\",\"valueRequired\":true,\"valueName\":\"search_term_string\"}}],\"inLanguage\":\"pl-PL\"},{\"@type\":\"Organization\",\"@id\":\"https:\\\/\\\/rtrsports.com\\\/pl\\\/#organization\",\"name\":\"RTR Sports Marketing\",\"alternateName\":\"RTR sports\",\"url\":\"https:\\\/\\\/rtrsports.com\\\/pl\\\/\",\"logo\":{\"@type\":\"ImageObject\",\"inLanguage\":\"pl-PL\",\"@id\":\"https:\\\/\\\/rtrsports.com\\\/pl\\\/#\\\/schema\\\/logo\\\/image\\\/\",\"url\":\"https:\\\/\\\/rtrsports.com\\\/wp-content\\\/uploads\\\/2024\\\/01\\\/rtrsports-anniversary-1.jpg\",\"contentUrl\":\"https:\\\/\\\/rtrsports.com\\\/wp-content\\\/uploads\\\/2024\\\/01\\\/rtrsports-anniversary-1.jpg\",\"width\":946,\"height\":260,\"caption\":\"RTR Sports Marketing\"},\"image\":{\"@id\":\"https:\\\/\\\/rtrsports.com\\\/pl\\\/#\\\/schema\\\/logo\\\/image\\\/\"},\"sameAs\":[\"https:\\\/\\\/www.facebook.com\\\/RTRSportsMarketing\\\/\",\"https:\\\/\\\/x.com\\\/rtrsports\",\"https:\\\/\\\/www.linkedin.com\\\/company\\\/rtr-sports-marketing\\\/\"],\"description\":\"RTR Sports Marketing is a global motorsport sponsorship agency and consultancy, specialized in Formula 1 and MotoGP, and active across all major international racing series including Formula E, NASCAR, WEC, WRC and Dakar, helping brands build data-driven, high-performance sponsorship programs.\",\"email\":\"info@rtrsports.com\",\"legalName\":\"RTR Sports Marketing LTD\",\"numberOfEmployees\":{\"@type\":\"QuantitativeValue\",\"minValue\":\"1\",\"maxValue\":\"10\"}}]}<\/script>\n<!-- \/ Yoast SEO Premium plugin. -->","yoast_head_json":{"title":"2026 GP Silverstone Wielka Brytania MotoGP VIP Village i MotoGP Hospitality","description":"Grand Prix Wielkiej Brytanii 2026. Wioska VIP MotoGp na torze Silverstone. Zarezerwuj sw\u00f3j karnet MotoGP ju\u017c dzi\u015b.","robots":{"index":"index","follow":"follow","max-snippet":"max-snippet:-1","max-image-preview":"max-image-preview:large","max-video-preview":"max-video-preview:-1"},"canonical":"https:\/\/rtrsports.com\/pl\/motogp-hospitality-british-gran-prix\/","og_locale":"pl_PL","og_type":"article","og_title":"2026 GP Silverstone Wielka Brytania MotoGP VIP Village i MotoGP Hospitality","og_description":"Grand Prix Wielkiej Brytanii 2026. Wioska VIP MotoGp na torze Silverstone. Zarezerwuj sw\u00f3j karnet MotoGP ju\u017c dzi\u015b.","og_url":"https:\/\/rtrsports.com\/pl\/motogp-hospitality-british-gran-prix\/","og_site_name":"RTR Sports","article_publisher":"https:\/\/www.facebook.com\/RTRSportsMarketing\/","og_image":[{"width":665,"height":833,"url":"https:\/\/rtrsports.com\/wp-content\/uploads\/2022\/01\/motogp-vip-village-flags-202213.jpg","type":"image\/jpeg"}],"twitter_card":"summary_large_image","twitter_site":"@rtrsports","twitter_misc":{"Szacowany czas czytania":"1 minuta"},"schema":{"@context":"https:\/\/schema.org","@graph":[{"@type":"WebPage","@id":"https:\/\/rtrsports.com\/pl\/motogp-hospitality-british-gran-prix\/","url":"https:\/\/rtrsports.com\/pl\/motogp-hospitality-british-gran-prix\/","name":"2026 GP Silverstone Wielka Brytania MotoGP VIP Village i MotoGP Hospitality","isPartOf":{"@id":"https:\/\/rtrsports.com\/pl\/#website"},"primaryImageOfPage":{"@id":"https:\/\/rtrsports.com\/pl\/motogp-hospitality-british-gran-prix\/#primaryimage"},"image":{"@id":"https:\/\/rtrsports.com\/pl\/motogp-hospitality-british-gran-prix\/#primaryimage"},"thumbnailUrl":"https:\/\/rtrsports.com\/wp-content\/uploads\/2022\/01\/motogp-vip-village-flags-202213.jpg","datePublished":"2024-07-16T05:22:47+00:00","dateModified":"2025-11-15T13:28:30+00:00","description":"Grand Prix Wielkiej Brytanii 2026. Wioska VIP MotoGp na torze Silverstone. Zarezerwuj sw\u00f3j karnet MotoGP ju\u017c dzi\u015b.","breadcrumb":{"@id":"https:\/\/rtrsports.com\/pl\/motogp-hospitality-british-gran-prix\/#breadcrumb"},"inLanguage":"pl-PL","potentialAction":[{"@type":"ReadAction","target":["https:\/\/rtrsports.com\/pl\/motogp-hospitality-british-gran-prix\/"]}]},{"@type":"ImageObject","inLanguage":"pl-PL","@id":"https:\/\/rtrsports.com\/pl\/motogp-hospitality-british-gran-prix\/#primaryimage","url":"https:\/\/rtrsports.com\/wp-content\/uploads\/2022\/01\/motogp-vip-village-flags-202213.jpg","contentUrl":"https:\/\/rtrsports.com\/wp-content\/uploads\/2022\/01\/motogp-vip-village-flags-202213.jpg","width":665,"height":833,"caption":"motogp-vip-village-flags-202213"},{"@type":"BreadcrumbList","@id":"https:\/\/rtrsports.com\/pl\/motogp-hospitality-british-gran-prix\/#breadcrumb","itemListElement":[{"@type":"ListItem","position":1,"name":"Home","item":"https:\/\/rtrsports.com\/pl\/"},{"@type":"ListItem","position":2,"name":"2026 GP Silverstone Wielka Brytania MotoGP VIP Village i MotoGP Hospitality"}]},{"@type":"WebSite","@id":"https:\/\/rtrsports.com\/pl\/#website","url":"https:\/\/rtrsports.com\/pl\/","name":"RTR Sports Marketing","description":"RTR Sports Marketing is a global motorsport sponsorship agency and consultancy, specialized in Formula 1 and MotoGP, and active across all major international racing series including Formula E, NASCAR, WEC, WRC and Dakar, helping brands build data-driven, high-performance sponsorship programs.","publisher":{"@id":"https:\/\/rtrsports.com\/pl\/#organization"},"alternateName":"RTR Sports","potentialAction":[{"@type":"SearchAction","target":{"@type":"EntryPoint","urlTemplate":"https:\/\/rtrsports.com\/pl\/?s={search_term_string}"},"query-input":{"@type":"PropertyValueSpecification","valueRequired":true,"valueName":"search_term_string"}}],"inLanguage":"pl-PL"},{"@type":"Organization","@id":"https:\/\/rtrsports.com\/pl\/#organization","name":"RTR Sports Marketing","alternateName":"RTR sports","url":"https:\/\/rtrsports.com\/pl\/","logo":{"@type":"ImageObject","inLanguage":"pl-PL","@id":"https:\/\/rtrsports.com\/pl\/#\/schema\/logo\/image\/","url":"https:\/\/rtrsports.com\/wp-content\/uploads\/2024\/01\/rtrsports-anniversary-1.jpg","contentUrl":"https:\/\/rtrsports.com\/wp-content\/uploads\/2024\/01\/rtrsports-anniversary-1.jpg","width":946,"height":260,"caption":"RTR Sports Marketing"},"image":{"@id":"https:\/\/rtrsports.com\/pl\/#\/schema\/logo\/image\/"},"sameAs":["https:\/\/www.facebook.com\/RTRSportsMarketing\/","https:\/\/x.com\/rtrsports","https:\/\/www.linkedin.com\/company\/rtr-sports-marketing\/"],"description":"RTR Sports Marketing is a global motorsport sponsorship agency and consultancy, specialized in Formula 1 and MotoGP, and active across all major international racing series including Formula E, NASCAR, WEC, WRC and Dakar, helping brands build data-driven, high-performance sponsorship programs.","email":"info@rtrsports.com","legalName":"RTR Sports Marketing LTD","numberOfEmployees":{"@type":"QuantitativeValue","minValue":"1","maxValue":"10"}}]}},"_links":{"self":[{"href":"https:\/\/rtrsports.com\/pl\/wp-json\/wp\/v2\/pages\/153729","targetHints":{"allow":["GET"]}}],"collection":[{"href":"https:\/\/rtrsports.com\/pl\/wp-json\/wp\/v2\/pages"}],"about":[{"href":"https:\/\/rtrsports.com\/pl\/wp-json\/wp\/v2\/types\/page"}],"author":[{"embeddable":true,"href":"https:\/\/rtrsports.com\/pl\/wp-json\/wp\/v2\/users\/17"}],"replies":[{"embeddable":true,"href":"https:\/\/rtrsports.com\/pl\/wp-json\/wp\/v2\/comments?post=153729"}],"version-history":[{"count":5,"href":"https:\/\/rtrsports.com\/pl\/wp-json\/wp\/v2\/pages\/153729\/revisions"}],"predecessor-version":[{"id":340775,"href":"https:\/\/rtrsports.com\/pl\/wp-json\/wp\/v2\/pages\/153729\/revisions\/340775"}],"wp:featuredmedia":[{"embeddable":true,"href":"https:\/\/rtrsports.com\/pl\/wp-json\/wp\/v2\/media\/145477"}],"wp:attachment":[{"href":"https:\/\/rtrsports.com\/pl\/wp-json\/wp\/v2\/media?parent=153729"}],"curies":[{"name":"wp","href":"https:\/\/api.w.org\/{rel}","templated":true}]}}