{"id":102847,"date":"2022-11-24T17:20:30","date_gmt":"2022-11-24T16:20:30","guid":{"rendered":"https:\/\/stg-rtrsportscom-rtrstaging.kinsta.cloud\/wsbk-spatrocinio\/"},"modified":"2024-10-05T22:25:34","modified_gmt":"2024-10-05T20:25:34","slug":"wsbk-patrocinio","status":"publish","type":"page","link":"https:\/\/rtrsports.com\/pt-pt\/wsbk-spatrocinio\/","title":{"rendered":"Patroc\u00ednio WSBK"},"content":{"rendered":"<p><\/p>\n<p class=\"p1\"><span class=\"s1\"><b>Ag\u00eancia de Patroc\u00ednio WorldSBK<\/b><\/span><\/p>\n<p><\/p>\n<p class=\"p1\"><span class=\"s1\"><b>Patroc\u00ednio das motocicletas de produ\u00e7\u00e3o mais r\u00e1pida do planeta<\/b><\/span><\/p>\n<p>Fundada em 1988, <strong>WorldSBK<\/strong> (oficialmente, campeonato mundial FIM Superbike) \u00e9 a primeira classe de produ\u00e7\u00e3o de motociclos de corrida.<\/p>\n<p>Gerido pela Dorna, o Campeonato MundialSBK \u00e9 disputado em 12 Voltas em quatro continentes e v\u00ea os principais fabricantes do globo a lutar pela coroa de Abril a Novembro. Cada ronda inclui tr\u00eas corridas: duas corridas a todo o comprimento e a corrida das dez voltas Superpole.<\/p>\n<p>Superbike \u00e9 uma verdadeira celebra\u00e7\u00e3o das corridas de motociclismo de alto desempenho, com alguns dos melhores pilotos do mundo a dirigir-se para algumas das pistas mais r\u00e1pidas e exigentes do mundo. As bicicletas utilizadas pelas equipas da WorldSBK s\u00e3o m\u00e1quinas de f\u00e1brica, incorporando actualiza\u00e7\u00f5es de vanguarda que levam estas bicicletas aos seus limites absolutos.<\/p>\n<p>Para os fabricantes -Ducati, Yamaha, Kawasaki, Honda entre os outros &#8211; \u00e9 uma oportunidade de mostrar as suas melhores bicicletas. <strong>Para os patrocinadores,<\/strong> \u00e9 uma oportunidade de desfrutar de visibilidade mundial e de se envolverem com um seguidor apaixonado e amoroso.<\/p>\n<p>Como<a href=\"https:\/\/rtrsports.com\/en\/blog\/motogp-the-teams-the-riders-the-sponsors\/\" target=\"_blank\" rel=\"noopener noreferrer\"> ag\u00eancia de marketing desportivo centrada nos desportos motorizados<\/a>, <a href=\"https:\/\/rtrsports.com\/en\" target=\"_blank\" rel=\"noopener noreferrer\"><br \/>\n<strong>RTR Desporto<\/strong><br \/>\n<\/a> pode gui\u00e1-lo a si e \u00e0 sua marca atrav\u00e9s do fascinante mundo das corridas de Superbike do Mundo, e construir o patroc\u00ednio perfeito para si e para os seus objectivos: temos a experi\u00eancia e a per\u00edcia para o ajudar a navegar no Campeonato Mundial de Superbike.Quero patrocinar<\/p>\n<p class=\"p1\"><span class=\"s1\"><b>Patroc\u00ednio do Campeonato Mundial de Superbike<\/b><\/span><\/p>\n<p>Tornar-se um <strong>patrocinador mundial Superbike<\/strong> significa fornecer \u00e0 sua marca e empresa uma ferramenta de marketing eficiente, excitante e verdadeiramente 360\u00b0. Como patrocinador, a sua empresa ser\u00e1 associada a uma das s\u00e9ries de corridas de motociclismo mais populares e de crescimento mais r\u00e1pido do mundo.<\/p>\n<p>Gra\u00e7as a uma extensa cobertura medi\u00e1tica, o <strong>patroc\u00ednio da WorldSBK<\/strong> permite uma visibilidade e reconhecimento mundial, enquanto que as activa\u00e7\u00f5es na pista e fora da pista ir\u00e3o certamente atingir a marca onde a marca mais precisa, ao n\u00edvel do compromisso.<\/p>\n<p>No entanto, \u00e9 provavelmente na esfera da associa\u00e7\u00e3o onde o patroc\u00ednio da SBK realmente brilha: a parceria com os principais fabricantes mundiais de motociclos significa posicionar uma marca e elevar a imagem.<\/p>\n<p>Al\u00e9m disso, os <strong>valores da velocidade, tecnologia, inova\u00e7\u00e3o, paix\u00e3o, excita\u00e7\u00e3o e juventude<\/strong> &#8211; livremente associados ao Campeonato &#8211; reflectem-se nos patrocinadores, permitindo contar hist\u00f3rias de forma eficiente e oportunidades de comunica\u00e7\u00e3o de alto n\u00edvel.Quero patrocinar<b>Audi\u00eancia, telespectador e produ\u00e7\u00e3o medi\u00e1tica WorldSBK<\/b><\/p>\n<ul>\n<li><strong>50.000<\/strong> espectadores m\u00e9dios por ronda<\/li>\n<li><strong>3 Milh\u00f5es de<\/strong> seguidores nas redes sociais<\/li>\n<li>Uma audi\u00eancia total global de <strong>135 Milh\u00f5es de<\/strong> pessoas<\/li>\n<li><strong>74% da audi\u00eancia<\/strong> \u00e9 masculina, 84% tem entre 25 e 45 anos, 61% tem um diploma universit\u00e1rio<\/li>\n<li><strong>155 canais<\/strong> envolvidos na radiodifus\u00e3o<\/li>\n<li><strong>17.000 + horas<\/strong> de emiss\u00e3o por esta\u00e7\u00e3o<\/li>\n<li><strong>51% da cobertura<\/strong> \u00e9 na Europa, 29% na \u00c1sia, 14% na \u00c1frica, 6% na Am\u00e9rica<\/li>\n<li><strong>66% dos telespectadores<\/strong> possuem pelo menos 1 motocicleta<\/li>\n<li>Mais de <strong>24,4 milh\u00f5es de p\u00e1ginas<\/strong> vistas por ano sobre o <a href=\"https:\/\/www.worldsbk.com\/\"><br \/>\n<strong>website oficial da WSBK<\/strong><br \/>\n<\/a><\/li>\n<\/ul>\n<p>Quero patrocinar<\/p>\n<p class=\"p1\"><span class=\"s1\"><b>Oportunidades infinitas de patroc\u00ednio<\/b><\/span><\/p>\n<p>Uma gama impressionante de <strong>oportunidades de activa\u00e7\u00e3o<\/strong> est\u00e1 dispon\u00edvel para patrocinadores e parceiros da WSBK em todo o mundo. De primeira classe <a href=\"https:\/\/rtrsports.com\/pt-pt\/motogp-hospitalidade\/\" target=\"_blank\" rel=\"noopener noreferrer\"><br \/>\n<strong>hospitalidade<\/strong><br \/>\n<\/a> a excitantes projectos de <strong>licenciamento<\/strong>, desde <strong>publicidade<\/strong> na pista at\u00e9 \u00e0 <strong>visibilidade<\/strong> da marca no paddock e nos meios de comunica\u00e7\u00e3o social, as possibilidades de envolvimento com os entusiastas e f\u00e3s de motociclos s\u00e3o infinitas.<\/p>\n<p>Como em todos os patroc\u00ednios de desporto autom\u00f3vel de n\u00edvel 1, o <strong>patroc\u00ednio World Superbike<\/strong> permite acordos de patroc\u00ednio \u00e0 medida, onde cada benef\u00edcio e actividade de marketing \u00e9 cuidadosamente elaborado e concebido em torno das necessidades e objectivos oficiais dos patrocinadores e parceiros.<\/p>\n<p>Al\u00e9m disso, a WorldSBK oferece uma s\u00e9rie de formas de se envolver com o Campeonato tamb\u00e9m a n\u00edvel local, para o deleite da sua for\u00e7a de vendas ou parceiros: desde oportunidades de rela\u00e7\u00f5es p\u00fablicas a eventos especiais para clientes, desde not\u00edcias locais e meios de comunica\u00e7\u00e3o social at\u00e9 \u00e0s opera\u00e7\u00f5es fotogr\u00e1ficas no momento e local certos.Quero patrocinar<\/p>\n<p class=\"p1\"><span class=\"s1\"><b>Patroc\u00ednio de Superbike: o processo<\/b><\/span><\/p>\n<p>Patroc\u00ednio mundial Superbike, como qualquer outro <a href=\"https:\/\/rtrsports.com\/pt-pt\/formula-1-patrocinio\/\" target=\"_blank\" rel=\"noopener noreferrer\"><br \/>\n<strong>patroc\u00ednio de desportos motorizados<\/strong><br \/>\n<\/a>requer planeamento e aten\u00e7\u00e3o aos detalhes. Como escolher a equipa ou o cavaleiro certo, como seleccionar os benef\u00edcios certos e como estabelecer uma liga\u00e7\u00e3o graciosa com os actores e as partes interessadas s\u00e3o compet\u00eancias que precisam de ser dominadas a fim de construir o neg\u00f3cio perfeito e explorar verdadeiramente a oportunidade.<\/p>\n<p>Ao avaliar um patroc\u00ednio da WorldSBK, h\u00e1 tr\u00eas pontos-chave a ter em mente:<\/p>\n<ul>\n<li>A s\u00e9rie oferece visibilidade global e uma plataforma de meios de comunica\u00e7\u00e3o privilegiada<\/li>\n<li>Proporciona uma excelente rela\u00e7\u00e3o custo-benef\u00edcio<\/li>\n<li>E permite aos patrocinadores activarem-se na pista e com os f\u00e3s<\/li>\n<\/ul>\n<p><a href=\"https:\/\/rtrsports.com\/pt-pt\/why-choose-rtr-sports\/\" target=\"_blank\" rel=\"noopener noreferrer\">Uma ag\u00eancia profissional de marketing desportivo como <strong>a RTR Sports<\/strong><\/a> pode ser determinante em tudo isto: os profissionais t\u00eam uma compreens\u00e3o clara do Campeonato e das ind\u00fastrias, conhecem as pessoas certas e como entrar em contacto no momento certo. Porque, sabe, \u00e0s vezes as corridas e o mundo das corridas podem atrapalhar.<\/p>\n<p>Tudo o que \u00e9 preciso para come\u00e7ar a construir o seu <strong>projecto de patroc\u00ednio Superbike<\/strong> est\u00e1 a um clique de dist\u00e2ncia: certifique-se de que carrega no bot\u00e3o abaixo e um dos nossos gestores de patroc\u00ednio entrar\u00e1 em contacto consigo em minutos.Quero patrocinar<\/p>\n","protected":false},"excerpt":{"rendered":"<p>Fundada em 1988, WorldSBK (oficialmente, campeonato mundial FIM Superbike) \u00e9 a primeira classe de produ\u00e7\u00e3o de motociclos de corrida. Gerido pela Dorna, o Campeonato MundialSBK \u00e9 disputado em 12 Voltas em quatro continentes e v\u00ea os principais fabricantes do globo a lutar pela coroa de Abril a Novembro. Cada ronda inclui tr\u00eas corridas: duas corridas [&hellip;]<\/p>\n","protected":false},"author":2,"featured_media":254688,"parent":0,"menu_order":0,"comment_status":"closed","ping_status":"closed","template":"page-template\/page-flexible-template.php","meta":{"_acf_changed":false,"footnotes":""},"class_list":["post-102847","page","type-page","status-publish","has-post-thumbnail","hentry"],"acf":[],"yoast_head":"<!-- This site is optimized with the Yoast SEO Premium plugin v26.8 (Yoast SEO v27.3) - https:\/\/yoast.com\/product\/yoast-seo-premium-wordpress\/ -->\n<title>Patroc\u00ednio WSBK World Superbike - RTR Sports Marketing<\/title>\n<meta name=\"description\" content=\"A RTR Sports Marketing \u00e9 o teu ponto de refer\u00eancia para todos os patroc\u00ednios de desportos motorizados, da F1 \u00e0 F\u00f3rmula E, do MotoGP ao WSBK\" \/>\n<meta name=\"robots\" content=\"index, follow, max-snippet:-1, max-image-preview:large, max-video-preview:-1\" \/>\n<link rel=\"canonical\" href=\"https:\/\/rtrsports.com\/pt-pt\/wsbk-spatrocinio\/\" \/>\n<meta property=\"og:locale\" content=\"pt_PT\" \/>\n<meta property=\"og:type\" content=\"article\" \/>\n<meta property=\"og:title\" content=\"Patroc\u00ednio WSBK\" \/>\n<meta property=\"og:description\" content=\"A RTR Sports Marketing \u00e9 o teu ponto de refer\u00eancia para todos os patroc\u00ednios de desportos motorizados, da F1 \u00e0 F\u00f3rmula E, do MotoGP ao WSBK\" \/>\n<meta property=\"og:url\" content=\"https:\/\/rtrsports.com\/pt-pt\/wsbk-spatrocinio\/\" \/>\n<meta property=\"og:site_name\" content=\"RTR Sports\" \/>\n<meta property=\"article:publisher\" content=\"https:\/\/www.facebook.com\/RTRSportsMarketing\/\" \/>\n<meta property=\"og:image\" content=\"https:\/\/rtrsports.com\/wp-content\/uploads\/2024\/09\/WSBK-2.jpg\" \/>\n\t<meta property=\"og:image:width\" content=\"1200\" \/>\n\t<meta property=\"og:image:height\" content=\"813\" \/>\n\t<meta property=\"og:image:type\" content=\"image\/jpeg\" \/>\n<meta name=\"twitter:card\" content=\"summary_large_image\" \/>\n<meta name=\"twitter:site\" content=\"@rtrsports\" \/>\n<meta name=\"twitter:label1\" content=\"Est. reading time\" \/>\n\t<meta name=\"twitter:data1\" content=\"6 minutes\" \/>\n<script type=\"application\/ld+json\" class=\"yoast-schema-graph\">{\"@context\":\"https:\\\/\\\/schema.org\",\"@graph\":[{\"@type\":\"WebPage\",\"@id\":\"https:\\\/\\\/rtrsports.com\\\/pt-pt\\\/wsbk-spatrocinio\\\/\",\"url\":\"https:\\\/\\\/rtrsports.com\\\/pt-pt\\\/wsbk-spatrocinio\\\/\",\"name\":\"Patroc\u00ednio WSBK World Superbike - RTR Sports Marketing\",\"isPartOf\":{\"@id\":\"https:\\\/\\\/rtrsports.com\\\/pt-pt\\\/#website\"},\"primaryImageOfPage\":{\"@id\":\"https:\\\/\\\/rtrsports.com\\\/pt-pt\\\/wsbk-spatrocinio\\\/#primaryimage\"},\"image\":{\"@id\":\"https:\\\/\\\/rtrsports.com\\\/pt-pt\\\/wsbk-spatrocinio\\\/#primaryimage\"},\"thumbnailUrl\":\"https:\\\/\\\/rtrsports.com\\\/wp-content\\\/uploads\\\/2024\\\/09\\\/WSBK-2.jpg\",\"datePublished\":\"2022-11-24T16:20:30+00:00\",\"dateModified\":\"2024-10-05T20:25:34+00:00\",\"description\":\"A RTR Sports Marketing \u00e9 o teu ponto de refer\u00eancia para todos os patroc\u00ednios de desportos motorizados, da F1 \u00e0 F\u00f3rmula E, do MotoGP ao WSBK\",\"breadcrumb\":{\"@id\":\"https:\\\/\\\/rtrsports.com\\\/pt-pt\\\/wsbk-spatrocinio\\\/#breadcrumb\"},\"inLanguage\":\"pt\",\"potentialAction\":[{\"@type\":\"ReadAction\",\"target\":[\"https:\\\/\\\/rtrsports.com\\\/pt-pt\\\/wsbk-spatrocinio\\\/\"]}]},{\"@type\":\"ImageObject\",\"inLanguage\":\"pt\",\"@id\":\"https:\\\/\\\/rtrsports.com\\\/pt-pt\\\/wsbk-spatrocinio\\\/#primaryimage\",\"url\":\"https:\\\/\\\/rtrsports.com\\\/wp-content\\\/uploads\\\/2024\\\/09\\\/WSBK-2.jpg\",\"contentUrl\":\"https:\\\/\\\/rtrsports.com\\\/wp-content\\\/uploads\\\/2024\\\/09\\\/WSBK-2.jpg\",\"width\":1200,\"height\":813,\"caption\":\"WSBK Sponsorshipv\"},{\"@type\":\"BreadcrumbList\",\"@id\":\"https:\\\/\\\/rtrsports.com\\\/pt-pt\\\/wsbk-spatrocinio\\\/#breadcrumb\",\"itemListElement\":[{\"@type\":\"ListItem\",\"position\":1,\"name\":\"Home\",\"item\":\"https:\\\/\\\/rtrsports.com\\\/pt-pt\\\/\"},{\"@type\":\"ListItem\",\"position\":2,\"name\":\"Patroc\u00ednio WSBK\"}]},{\"@type\":\"WebSite\",\"@id\":\"https:\\\/\\\/rtrsports.com\\\/pt-pt\\\/#website\",\"url\":\"https:\\\/\\\/rtrsports.com\\\/pt-pt\\\/\",\"name\":\"RTR Sports Marketing\",\"description\":\"RTR Sports Marketing is a global motorsport sponsorship agency and consultancy, specialized in Formula 1 and MotoGP, and active across all major international racing series including Formula E, NASCAR, WEC, WRC and Dakar, helping brands build data-driven, high-performance sponsorship programs.\",\"publisher\":{\"@id\":\"https:\\\/\\\/rtrsports.com\\\/pt-pt\\\/#organization\"},\"alternateName\":\"RTR Sports\",\"potentialAction\":[{\"@type\":\"SearchAction\",\"target\":{\"@type\":\"EntryPoint\",\"urlTemplate\":\"https:\\\/\\\/rtrsports.com\\\/pt-pt\\\/?s={search_term_string}\"},\"query-input\":{\"@type\":\"PropertyValueSpecification\",\"valueRequired\":true,\"valueName\":\"search_term_string\"}}],\"inLanguage\":\"pt\"},{\"@type\":\"Organization\",\"@id\":\"https:\\\/\\\/rtrsports.com\\\/pt-pt\\\/#organization\",\"name\":\"RTR Sports Marketing\",\"alternateName\":\"RTR sports\",\"url\":\"https:\\\/\\\/rtrsports.com\\\/pt-pt\\\/\",\"logo\":{\"@type\":\"ImageObject\",\"inLanguage\":\"pt\",\"@id\":\"https:\\\/\\\/rtrsports.com\\\/pt-pt\\\/#\\\/schema\\\/logo\\\/image\\\/\",\"url\":\"https:\\\/\\\/rtrsports.com\\\/wp-content\\\/uploads\\\/2024\\\/01\\\/rtrsports-anniversary-1.jpg\",\"contentUrl\":\"https:\\\/\\\/rtrsports.com\\\/wp-content\\\/uploads\\\/2024\\\/01\\\/rtrsports-anniversary-1.jpg\",\"width\":946,\"height\":260,\"caption\":\"RTR Sports Marketing\"},\"image\":{\"@id\":\"https:\\\/\\\/rtrsports.com\\\/pt-pt\\\/#\\\/schema\\\/logo\\\/image\\\/\"},\"sameAs\":[\"https:\\\/\\\/www.facebook.com\\\/RTRSportsMarketing\\\/\",\"https:\\\/\\\/x.com\\\/rtrsports\",\"https:\\\/\\\/www.linkedin.com\\\/company\\\/rtr-sports-marketing\\\/\"],\"description\":\"RTR Sports Marketing is a global motorsport sponsorship agency and consultancy, specialized in Formula 1 and MotoGP, and active across all major international racing series including Formula E, NASCAR, WEC, WRC and Dakar, helping brands build data-driven, high-performance sponsorship programs.\",\"email\":\"info@rtrsports.com\",\"legalName\":\"RTR Sports Marketing LTD\",\"numberOfEmployees\":{\"@type\":\"QuantitativeValue\",\"minValue\":\"1\",\"maxValue\":\"10\"}}]}<\/script>\n<!-- \/ Yoast SEO Premium plugin. -->","yoast_head_json":{"title":"Patroc\u00ednio WSBK World Superbike - RTR Sports Marketing","description":"A RTR Sports Marketing \u00e9 o teu ponto de refer\u00eancia para todos os patroc\u00ednios de desportos motorizados, da F1 \u00e0 F\u00f3rmula E, do MotoGP ao WSBK","robots":{"index":"index","follow":"follow","max-snippet":"max-snippet:-1","max-image-preview":"max-image-preview:large","max-video-preview":"max-video-preview:-1"},"canonical":"https:\/\/rtrsports.com\/pt-pt\/wsbk-spatrocinio\/","og_locale":"pt_PT","og_type":"article","og_title":"Patroc\u00ednio WSBK","og_description":"A RTR Sports Marketing \u00e9 o teu ponto de refer\u00eancia para todos os patroc\u00ednios de desportos motorizados, da F1 \u00e0 F\u00f3rmula E, do MotoGP ao WSBK","og_url":"https:\/\/rtrsports.com\/pt-pt\/wsbk-spatrocinio\/","og_site_name":"RTR Sports","article_publisher":"https:\/\/www.facebook.com\/RTRSportsMarketing\/","og_image":[{"width":1200,"height":813,"url":"https:\/\/rtrsports.com\/wp-content\/uploads\/2024\/09\/WSBK-2.jpg","type":"image\/jpeg"}],"twitter_card":"summary_large_image","twitter_site":"@rtrsports","twitter_misc":{"Est. reading time":"6 minutes"},"schema":{"@context":"https:\/\/schema.org","@graph":[{"@type":"WebPage","@id":"https:\/\/rtrsports.com\/pt-pt\/wsbk-spatrocinio\/","url":"https:\/\/rtrsports.com\/pt-pt\/wsbk-spatrocinio\/","name":"Patroc\u00ednio WSBK World Superbike - RTR Sports Marketing","isPartOf":{"@id":"https:\/\/rtrsports.com\/pt-pt\/#website"},"primaryImageOfPage":{"@id":"https:\/\/rtrsports.com\/pt-pt\/wsbk-spatrocinio\/#primaryimage"},"image":{"@id":"https:\/\/rtrsports.com\/pt-pt\/wsbk-spatrocinio\/#primaryimage"},"thumbnailUrl":"https:\/\/rtrsports.com\/wp-content\/uploads\/2024\/09\/WSBK-2.jpg","datePublished":"2022-11-24T16:20:30+00:00","dateModified":"2024-10-05T20:25:34+00:00","description":"A RTR Sports Marketing \u00e9 o teu ponto de refer\u00eancia para todos os patroc\u00ednios de desportos motorizados, da F1 \u00e0 F\u00f3rmula E, do MotoGP ao WSBK","breadcrumb":{"@id":"https:\/\/rtrsports.com\/pt-pt\/wsbk-spatrocinio\/#breadcrumb"},"inLanguage":"pt","potentialAction":[{"@type":"ReadAction","target":["https:\/\/rtrsports.com\/pt-pt\/wsbk-spatrocinio\/"]}]},{"@type":"ImageObject","inLanguage":"pt","@id":"https:\/\/rtrsports.com\/pt-pt\/wsbk-spatrocinio\/#primaryimage","url":"https:\/\/rtrsports.com\/wp-content\/uploads\/2024\/09\/WSBK-2.jpg","contentUrl":"https:\/\/rtrsports.com\/wp-content\/uploads\/2024\/09\/WSBK-2.jpg","width":1200,"height":813,"caption":"WSBK Sponsorshipv"},{"@type":"BreadcrumbList","@id":"https:\/\/rtrsports.com\/pt-pt\/wsbk-spatrocinio\/#breadcrumb","itemListElement":[{"@type":"ListItem","position":1,"name":"Home","item":"https:\/\/rtrsports.com\/pt-pt\/"},{"@type":"ListItem","position":2,"name":"Patroc\u00ednio WSBK"}]},{"@type":"WebSite","@id":"https:\/\/rtrsports.com\/pt-pt\/#website","url":"https:\/\/rtrsports.com\/pt-pt\/","name":"RTR Sports Marketing","description":"RTR Sports Marketing is a global motorsport sponsorship agency and consultancy, specialized in Formula 1 and MotoGP, and active across all major international racing series including Formula E, NASCAR, WEC, WRC and Dakar, helping brands build data-driven, high-performance sponsorship programs.","publisher":{"@id":"https:\/\/rtrsports.com\/pt-pt\/#organization"},"alternateName":"RTR Sports","potentialAction":[{"@type":"SearchAction","target":{"@type":"EntryPoint","urlTemplate":"https:\/\/rtrsports.com\/pt-pt\/?s={search_term_string}"},"query-input":{"@type":"PropertyValueSpecification","valueRequired":true,"valueName":"search_term_string"}}],"inLanguage":"pt"},{"@type":"Organization","@id":"https:\/\/rtrsports.com\/pt-pt\/#organization","name":"RTR Sports Marketing","alternateName":"RTR sports","url":"https:\/\/rtrsports.com\/pt-pt\/","logo":{"@type":"ImageObject","inLanguage":"pt","@id":"https:\/\/rtrsports.com\/pt-pt\/#\/schema\/logo\/image\/","url":"https:\/\/rtrsports.com\/wp-content\/uploads\/2024\/01\/rtrsports-anniversary-1.jpg","contentUrl":"https:\/\/rtrsports.com\/wp-content\/uploads\/2024\/01\/rtrsports-anniversary-1.jpg","width":946,"height":260,"caption":"RTR Sports Marketing"},"image":{"@id":"https:\/\/rtrsports.com\/pt-pt\/#\/schema\/logo\/image\/"},"sameAs":["https:\/\/www.facebook.com\/RTRSportsMarketing\/","https:\/\/x.com\/rtrsports","https:\/\/www.linkedin.com\/company\/rtr-sports-marketing\/"],"description":"RTR Sports Marketing is a global motorsport sponsorship agency and consultancy, specialized in Formula 1 and MotoGP, and active across all major international racing series including Formula E, NASCAR, WEC, WRC and Dakar, helping brands build data-driven, high-performance sponsorship programs.","email":"info@rtrsports.com","legalName":"RTR Sports Marketing LTD","numberOfEmployees":{"@type":"QuantitativeValue","minValue":"1","maxValue":"10"}}]}},"_links":{"self":[{"href":"https:\/\/rtrsports.com\/pt-pt\/wp-json\/wp\/v2\/pages\/102847","targetHints":{"allow":["GET"]}}],"collection":[{"href":"https:\/\/rtrsports.com\/pt-pt\/wp-json\/wp\/v2\/pages"}],"about":[{"href":"https:\/\/rtrsports.com\/pt-pt\/wp-json\/wp\/v2\/types\/page"}],"author":[{"embeddable":true,"href":"https:\/\/rtrsports.com\/pt-pt\/wp-json\/wp\/v2\/users\/2"}],"replies":[{"embeddable":true,"href":"https:\/\/rtrsports.com\/pt-pt\/wp-json\/wp\/v2\/comments?post=102847"}],"version-history":[{"count":4,"href":"https:\/\/rtrsports.com\/pt-pt\/wp-json\/wp\/v2\/pages\/102847\/revisions"}],"predecessor-version":[{"id":254708,"href":"https:\/\/rtrsports.com\/pt-pt\/wp-json\/wp\/v2\/pages\/102847\/revisions\/254708"}],"wp:featuredmedia":[{"embeddable":true,"href":"https:\/\/rtrsports.com\/pt-pt\/wp-json\/wp\/v2\/media\/254688"}],"wp:attachment":[{"href":"https:\/\/rtrsports.com\/pt-pt\/wp-json\/wp\/v2\/media?parent=102847"}],"curies":[{"name":"wp","href":"https:\/\/api.w.org\/{rel}","templated":true}]}}