{"id":127316,"date":"2023-05-22T16:01:09","date_gmt":"2023-05-22T14:01:09","guid":{"rendered":"https:\/\/stg-rtrsportscom-rtrstaging.kinsta.cloud\/formulario-de-contacto-de-patrocinio\/"},"modified":"2024-06-12T07:54:26","modified_gmt":"2024-06-12T05:54:26","slug":"formulario-de-contacto-de-patrocinio","status":"publish","type":"page","link":"https:\/\/rtrsports.com\/pt-pt\/formulario-de-contacto-de-patrocinio\/","title":{"rendered":"Formul\u00e1rio de contacto de patroc\u00ednio"},"content":{"rendered":"","protected":false},"excerpt":{"rendered":"","protected":false},"author":2,"featured_media":254894,"parent":0,"menu_order":0,"comment_status":"closed","ping_status":"closed","template":"page-template\/page-flexible-template.php","meta":{"_acf_changed":false,"footnotes":""},"class_list":["post-127316","page","type-page","status-publish","has-post-thumbnail","hentry"],"acf":[],"yoast_head":"<!-- This site is optimized with the Yoast SEO Premium plugin v26.8 (Yoast SEO v27.3) - https:\/\/yoast.com\/product\/yoast-seo-premium-wordpress\/ -->\n<title>Formul\u00e1rio de contacto para patroc\u00ednio de desportos motorizados - RTR Sports Marketing<\/title>\n<meta name=\"description\" content=\"Torne-se um patrocinador de desportos motorizados e ofere\u00e7a \u00e0 sua marca uma ferramenta de marketing completa. Aumente o conhecimento da sua marca e conquiste novos mercados.\" \/>\n<meta name=\"robots\" content=\"index, follow, max-snippet:-1, max-image-preview:large, max-video-preview:-1\" \/>\n<link rel=\"canonical\" href=\"https:\/\/rtrsports.com\/pt-pt\/formulario-de-contacto-de-patrocinio\/\" \/>\n<meta property=\"og:locale\" content=\"pt_PT\" \/>\n<meta property=\"og:type\" content=\"article\" \/>\n<meta property=\"og:title\" content=\"Formul\u00e1rio de contacto de patroc\u00ednio\" \/>\n<meta property=\"og:description\" content=\"Torne-se um patrocinador de desportos motorizados e ofere\u00e7a \u00e0 sua marca uma ferramenta de marketing completa. Aumente o conhecimento da sua marca e conquiste novos mercados.\" \/>\n<meta property=\"og:url\" content=\"https:\/\/rtrsports.com\/pt-pt\/formulario-de-contacto-de-patrocinio\/\" \/>\n<meta property=\"og:site_name\" content=\"RTR Sports\" \/>\n<meta property=\"article:publisher\" content=\"https:\/\/www.facebook.com\/RTRSportsMarketing\/\" \/>\n<meta property=\"og:image\" content=\"https:\/\/rtrsports.com\/wp-content\/uploads\/2024\/10\/ferrari-scaled.jpg\" \/>\n\t<meta property=\"og:image:width\" content=\"2560\" \/>\n\t<meta property=\"og:image:height\" content=\"1280\" \/>\n\t<meta property=\"og:image:type\" content=\"image\/jpeg\" \/>\n<meta name=\"twitter:card\" content=\"summary_large_image\" \/>\n<meta name=\"twitter:site\" content=\"@rtrsports\" \/>\n<script type=\"application\/ld+json\" class=\"yoast-schema-graph\">{\"@context\":\"https:\\\/\\\/schema.org\",\"@graph\":[{\"@type\":\"WebPage\",\"@id\":\"https:\\\/\\\/rtrsports.com\\\/pt-pt\\\/formulario-de-contacto-de-patrocinio\\\/\",\"url\":\"https:\\\/\\\/rtrsports.com\\\/pt-pt\\\/formulario-de-contacto-de-patrocinio\\\/\",\"name\":\"Formul\u00e1rio de contacto para patroc\u00ednio de desportos motorizados - RTR Sports Marketing\",\"isPartOf\":{\"@id\":\"https:\\\/\\\/rtrsports.com\\\/pt-pt\\\/#website\"},\"primaryImageOfPage\":{\"@id\":\"https:\\\/\\\/rtrsports.com\\\/pt-pt\\\/formulario-de-contacto-de-patrocinio\\\/#primaryimage\"},\"image\":{\"@id\":\"https:\\\/\\\/rtrsports.com\\\/pt-pt\\\/formulario-de-contacto-de-patrocinio\\\/#primaryimage\"},\"thumbnailUrl\":\"https:\\\/\\\/rtrsports.com\\\/wp-content\\\/uploads\\\/2024\\\/10\\\/ferrari-scaled.jpg\",\"datePublished\":\"2023-05-22T14:01:09+00:00\",\"dateModified\":\"2024-06-12T05:54:26+00:00\",\"description\":\"Torne-se um patrocinador de desportos motorizados e ofere\u00e7a \u00e0 sua marca uma ferramenta de marketing completa. Aumente o conhecimento da sua marca e conquiste novos mercados.\",\"breadcrumb\":{\"@id\":\"https:\\\/\\\/rtrsports.com\\\/pt-pt\\\/formulario-de-contacto-de-patrocinio\\\/#breadcrumb\"},\"inLanguage\":\"pt\",\"potentialAction\":[{\"@type\":\"ReadAction\",\"target\":[\"https:\\\/\\\/rtrsports.com\\\/pt-pt\\\/formulario-de-contacto-de-patrocinio\\\/\"]}]},{\"@type\":\"ImageObject\",\"inLanguage\":\"pt\",\"@id\":\"https:\\\/\\\/rtrsports.com\\\/pt-pt\\\/formulario-de-contacto-de-patrocinio\\\/#primaryimage\",\"url\":\"https:\\\/\\\/rtrsports.com\\\/wp-content\\\/uploads\\\/2024\\\/10\\\/ferrari-scaled.jpg\",\"contentUrl\":\"https:\\\/\\\/rtrsports.com\\\/wp-content\\\/uploads\\\/2024\\\/10\\\/ferrari-scaled.jpg\",\"width\":2560,\"height\":1280,\"caption\":\"Porque os patrocinadores mudam de equipa\"},{\"@type\":\"BreadcrumbList\",\"@id\":\"https:\\\/\\\/rtrsports.com\\\/pt-pt\\\/formulario-de-contacto-de-patrocinio\\\/#breadcrumb\",\"itemListElement\":[{\"@type\":\"ListItem\",\"position\":1,\"name\":\"Home\",\"item\":\"https:\\\/\\\/rtrsports.com\\\/pt-pt\\\/\"},{\"@type\":\"ListItem\",\"position\":2,\"name\":\"Formul\u00e1rio de contacto de patroc\u00ednio\"}]},{\"@type\":\"WebSite\",\"@id\":\"https:\\\/\\\/rtrsports.com\\\/pt-pt\\\/#website\",\"url\":\"https:\\\/\\\/rtrsports.com\\\/pt-pt\\\/\",\"name\":\"RTR Sports Marketing\",\"description\":\"RTR Sports Marketing is a global motorsport sponsorship agency and consultancy, specialized in Formula 1 and MotoGP, and active across all major international racing series including Formula E, NASCAR, WEC, WRC and Dakar, helping brands build data-driven, high-performance sponsorship programs.\",\"publisher\":{\"@id\":\"https:\\\/\\\/rtrsports.com\\\/pt-pt\\\/#organization\"},\"alternateName\":\"RTR Sports\",\"potentialAction\":[{\"@type\":\"SearchAction\",\"target\":{\"@type\":\"EntryPoint\",\"urlTemplate\":\"https:\\\/\\\/rtrsports.com\\\/pt-pt\\\/?s={search_term_string}\"},\"query-input\":{\"@type\":\"PropertyValueSpecification\",\"valueRequired\":true,\"valueName\":\"search_term_string\"}}],\"inLanguage\":\"pt\"},{\"@type\":\"Organization\",\"@id\":\"https:\\\/\\\/rtrsports.com\\\/pt-pt\\\/#organization\",\"name\":\"RTR Sports Marketing\",\"alternateName\":\"RTR sports\",\"url\":\"https:\\\/\\\/rtrsports.com\\\/pt-pt\\\/\",\"logo\":{\"@type\":\"ImageObject\",\"inLanguage\":\"pt\",\"@id\":\"https:\\\/\\\/rtrsports.com\\\/pt-pt\\\/#\\\/schema\\\/logo\\\/image\\\/\",\"url\":\"https:\\\/\\\/rtrsports.com\\\/wp-content\\\/uploads\\\/2024\\\/01\\\/rtrsports-anniversary-1.jpg\",\"contentUrl\":\"https:\\\/\\\/rtrsports.com\\\/wp-content\\\/uploads\\\/2024\\\/01\\\/rtrsports-anniversary-1.jpg\",\"width\":946,\"height\":260,\"caption\":\"RTR Sports Marketing\"},\"image\":{\"@id\":\"https:\\\/\\\/rtrsports.com\\\/pt-pt\\\/#\\\/schema\\\/logo\\\/image\\\/\"},\"sameAs\":[\"https:\\\/\\\/www.facebook.com\\\/RTRSportsMarketing\\\/\",\"https:\\\/\\\/x.com\\\/rtrsports\",\"https:\\\/\\\/www.linkedin.com\\\/company\\\/rtr-sports-marketing\\\/\"],\"description\":\"RTR Sports Marketing is a global motorsport sponsorship agency and consultancy, specialized in Formula 1 and MotoGP, and active across all major international racing series including Formula E, NASCAR, WEC, WRC and Dakar, helping brands build data-driven, high-performance sponsorship programs.\",\"email\":\"info@rtrsports.com\",\"legalName\":\"RTR Sports Marketing LTD\",\"numberOfEmployees\":{\"@type\":\"QuantitativeValue\",\"minValue\":\"1\",\"maxValue\":\"10\"}}]}<\/script>\n<!-- \/ Yoast SEO Premium plugin. -->","yoast_head_json":{"title":"Formul\u00e1rio de contacto para patroc\u00ednio de desportos motorizados - RTR Sports Marketing","description":"Torne-se um patrocinador de desportos motorizados e ofere\u00e7a \u00e0 sua marca uma ferramenta de marketing completa. Aumente o conhecimento da sua marca e conquiste novos mercados.","robots":{"index":"index","follow":"follow","max-snippet":"max-snippet:-1","max-image-preview":"max-image-preview:large","max-video-preview":"max-video-preview:-1"},"canonical":"https:\/\/rtrsports.com\/pt-pt\/formulario-de-contacto-de-patrocinio\/","og_locale":"pt_PT","og_type":"article","og_title":"Formul\u00e1rio de contacto de patroc\u00ednio","og_description":"Torne-se um patrocinador de desportos motorizados e ofere\u00e7a \u00e0 sua marca uma ferramenta de marketing completa. Aumente o conhecimento da sua marca e conquiste novos mercados.","og_url":"https:\/\/rtrsports.com\/pt-pt\/formulario-de-contacto-de-patrocinio\/","og_site_name":"RTR Sports","article_publisher":"https:\/\/www.facebook.com\/RTRSportsMarketing\/","og_image":[{"width":2560,"height":1280,"url":"https:\/\/rtrsports.com\/wp-content\/uploads\/2024\/10\/ferrari-scaled.jpg","type":"image\/jpeg"}],"twitter_card":"summary_large_image","twitter_site":"@rtrsports","schema":{"@context":"https:\/\/schema.org","@graph":[{"@type":"WebPage","@id":"https:\/\/rtrsports.com\/pt-pt\/formulario-de-contacto-de-patrocinio\/","url":"https:\/\/rtrsports.com\/pt-pt\/formulario-de-contacto-de-patrocinio\/","name":"Formul\u00e1rio de contacto para patroc\u00ednio de desportos motorizados - RTR Sports Marketing","isPartOf":{"@id":"https:\/\/rtrsports.com\/pt-pt\/#website"},"primaryImageOfPage":{"@id":"https:\/\/rtrsports.com\/pt-pt\/formulario-de-contacto-de-patrocinio\/#primaryimage"},"image":{"@id":"https:\/\/rtrsports.com\/pt-pt\/formulario-de-contacto-de-patrocinio\/#primaryimage"},"thumbnailUrl":"https:\/\/rtrsports.com\/wp-content\/uploads\/2024\/10\/ferrari-scaled.jpg","datePublished":"2023-05-22T14:01:09+00:00","dateModified":"2024-06-12T05:54:26+00:00","description":"Torne-se um patrocinador de desportos motorizados e ofere\u00e7a \u00e0 sua marca uma ferramenta de marketing completa. Aumente o conhecimento da sua marca e conquiste novos mercados.","breadcrumb":{"@id":"https:\/\/rtrsports.com\/pt-pt\/formulario-de-contacto-de-patrocinio\/#breadcrumb"},"inLanguage":"pt","potentialAction":[{"@type":"ReadAction","target":["https:\/\/rtrsports.com\/pt-pt\/formulario-de-contacto-de-patrocinio\/"]}]},{"@type":"ImageObject","inLanguage":"pt","@id":"https:\/\/rtrsports.com\/pt-pt\/formulario-de-contacto-de-patrocinio\/#primaryimage","url":"https:\/\/rtrsports.com\/wp-content\/uploads\/2024\/10\/ferrari-scaled.jpg","contentUrl":"https:\/\/rtrsports.com\/wp-content\/uploads\/2024\/10\/ferrari-scaled.jpg","width":2560,"height":1280,"caption":"Porque os patrocinadores mudam de equipa"},{"@type":"BreadcrumbList","@id":"https:\/\/rtrsports.com\/pt-pt\/formulario-de-contacto-de-patrocinio\/#breadcrumb","itemListElement":[{"@type":"ListItem","position":1,"name":"Home","item":"https:\/\/rtrsports.com\/pt-pt\/"},{"@type":"ListItem","position":2,"name":"Formul\u00e1rio de contacto de patroc\u00ednio"}]},{"@type":"WebSite","@id":"https:\/\/rtrsports.com\/pt-pt\/#website","url":"https:\/\/rtrsports.com\/pt-pt\/","name":"RTR Sports Marketing","description":"RTR Sports Marketing is a global motorsport sponsorship agency and consultancy, specialized in Formula 1 and MotoGP, and active across all major international racing series including Formula E, NASCAR, WEC, WRC and Dakar, helping brands build data-driven, high-performance sponsorship programs.","publisher":{"@id":"https:\/\/rtrsports.com\/pt-pt\/#organization"},"alternateName":"RTR Sports","potentialAction":[{"@type":"SearchAction","target":{"@type":"EntryPoint","urlTemplate":"https:\/\/rtrsports.com\/pt-pt\/?s={search_term_string}"},"query-input":{"@type":"PropertyValueSpecification","valueRequired":true,"valueName":"search_term_string"}}],"inLanguage":"pt"},{"@type":"Organization","@id":"https:\/\/rtrsports.com\/pt-pt\/#organization","name":"RTR Sports Marketing","alternateName":"RTR sports","url":"https:\/\/rtrsports.com\/pt-pt\/","logo":{"@type":"ImageObject","inLanguage":"pt","@id":"https:\/\/rtrsports.com\/pt-pt\/#\/schema\/logo\/image\/","url":"https:\/\/rtrsports.com\/wp-content\/uploads\/2024\/01\/rtrsports-anniversary-1.jpg","contentUrl":"https:\/\/rtrsports.com\/wp-content\/uploads\/2024\/01\/rtrsports-anniversary-1.jpg","width":946,"height":260,"caption":"RTR Sports Marketing"},"image":{"@id":"https:\/\/rtrsports.com\/pt-pt\/#\/schema\/logo\/image\/"},"sameAs":["https:\/\/www.facebook.com\/RTRSportsMarketing\/","https:\/\/x.com\/rtrsports","https:\/\/www.linkedin.com\/company\/rtr-sports-marketing\/"],"description":"RTR Sports Marketing is a global motorsport sponsorship agency and consultancy, specialized in Formula 1 and MotoGP, and active across all major international racing series including Formula E, NASCAR, WEC, WRC and Dakar, helping brands build data-driven, high-performance sponsorship programs.","email":"info@rtrsports.com","legalName":"RTR Sports Marketing LTD","numberOfEmployees":{"@type":"QuantitativeValue","minValue":"1","maxValue":"10"}}]}},"_links":{"self":[{"href":"https:\/\/rtrsports.com\/pt-pt\/wp-json\/wp\/v2\/pages\/127316","targetHints":{"allow":["GET"]}}],"collection":[{"href":"https:\/\/rtrsports.com\/pt-pt\/wp-json\/wp\/v2\/pages"}],"about":[{"href":"https:\/\/rtrsports.com\/pt-pt\/wp-json\/wp\/v2\/types\/page"}],"author":[{"embeddable":true,"href":"https:\/\/rtrsports.com\/pt-pt\/wp-json\/wp\/v2\/users\/2"}],"replies":[{"embeddable":true,"href":"https:\/\/rtrsports.com\/pt-pt\/wp-json\/wp\/v2\/comments?post=127316"}],"version-history":[{"count":0,"href":"https:\/\/rtrsports.com\/pt-pt\/wp-json\/wp\/v2\/pages\/127316\/revisions"}],"wp:featuredmedia":[{"embeddable":true,"href":"https:\/\/rtrsports.com\/pt-pt\/wp-json\/wp\/v2\/media\/254894"}],"wp:attachment":[{"href":"https:\/\/rtrsports.com\/pt-pt\/wp-json\/wp\/v2\/media?parent=127316"}],"curies":[{"name":"wp","href":"https:\/\/api.w.org\/{rel}","templated":true}]}}