{"id":144643,"date":"2023-12-28T09:16:14","date_gmt":"2023-12-28T08:16:14","guid":{"rendered":"https:\/\/stg-rtrsportscom-rtrstaging.kinsta.cloud\/patrocinio-do-campeonato-do-mundo-de-endurance-wec-da-fia\/"},"modified":"2026-02-26T17:27:25","modified_gmt":"2026-02-26T16:27:25","slug":"fia-world-endurance-championship-wec-sponsorship","status":"publish","type":"page","link":"https:\/\/rtrsports.com\/pt-pt\/patrocinio-do-campeonato-do-mundo-de-endurance-wec-da-fia\/","title":{"rendered":"Ag\u00eancia de patroc\u00ednio do WEC"},"content":{"rendered":"<p><\/p>\n<h1 class=\"p1\"><span class=\"s1\"><b>Ag\u00eancia patrocinadora do CME<\/b><\/span><\/h1>\n<p><strong>Patroc\u00ednio do Campeonato do Mundo de Endurance da FIA<\/strong><\/p>\n<p class=\"ql-align-justify\">O <strong>Campeonato Mundial de Resist\u00eancia da FIA<\/strong>, agora na sua d\u00e9cima temporada, oferece aos fabricantes um contexto realista para testar novas tecnologias, estilos e caracter\u00edsticas de seguran\u00e7a. O WEC permite igualmente cruzar os avan\u00e7os na conce\u00e7\u00e3o e no desempenho dos autom\u00f3veis de estrada.<\/p>\n<p class=\"ql-align-justify\">O Campeonato do Mundo de Resist\u00eancia (WEC) \u00e9 um evento de sete corridas realizadas na <strong>Am\u00e9rica do Norte, Europa, \u00c1sia e M\u00e9dio Oriente<\/strong>. H\u00e1 corridas de v\u00e1rias dist\u00e2ncias, de 6 horas a 24 horas. O evento principal continua a ser <strong>as 24 Horas de Le Mans<\/strong>, classificadas a par dos Jogos Ol\u00edmpicos, da Super Bowl e do Campeonato do Mundo de Futebol como um dos maiores eventos desportivos do mundo.<\/p>\n<p class=\"ql-align-justify\">O calend\u00e1rio de 2022 foi concebido para dar aos fabricantes, equipas e parceiros do WEC exposi\u00e7\u00e3o internacional em mercados cruciais. Com v\u00e1rios carros a competir em simult\u00e2neo em quatro categorias (Hypercar, LMP2, LMGTE Pro e LMGTE Am), o <strong>WEC proporciona<\/strong> aos f\u00e3s de todo o mundo um <strong>entretenimento ininterrupto<\/strong>, incluindo sequ\u00eancias cheias de a\u00e7\u00e3o, m\u00faltiplas ultrapassagens e muitas emo\u00e7\u00f5es.<\/p>\n<p>Na <a href=\"https:\/\/staging.project-progress.net\/projects\/rtrsports-livesite\/en\">RTR Sports<\/a>, orgulhamo-nos de ser uma ag\u00eancia independente l\u00edder no sector dos desportos motorizados, aconselhando marcas e empresas que pretendem utilizar s\u00e9ries de corridas extraordin\u00e1rias, como o Campeonato Mundial de Resist\u00eancia, para melhor envolver os seus clientes e partes interessadas.<\/p>\n<p><strong>Contacte o bot\u00e3o abaixo hoje para iniciar a sua viagem como patrocinador do CME.<\/strong>Quero patrocinar<strong>Os benef\u00edcios do patroc\u00ednio do CME<\/strong>Os pacotes <strong>de patroc\u00ednio do WEC<\/strong> oferecem numerosas vantagens \u00e0s organiza\u00e7\u00f5es que procuram obter uma vantagem competitiva nos desportos motorizados. O patroc\u00ednio do WEC assegura a exposi\u00e7\u00e3o da marca, tanto dentro como fora da pista, e o seu alcance global oferece \u00e0s empresas a oportunidade de alargarem o seu alcance a n\u00edvel internacional.<\/p>\n<p>Os patrocinadores do WEC tamb\u00e9m beneficiam de<strong>acesso \u00e0s equipas e aos pilotos<\/strong>, de experi\u00eancias <strong>exclusivas de hospitalidade<\/strong>, de apoio ao marketing e \u00e0 comunica\u00e7\u00e3o e da oportunidade de tirar partido da extensa cobertura medi\u00e1tica do WEC.<\/p>\n<p>Os patrocinadores do WEC t\u00eam a oportunidade \u00fanica de obter a <strong>m\u00e1xima visibilidade<\/strong> para a sua marca atrav\u00e9s de transmiss\u00f5es televisivas, presen\u00e7a online e campanhas publicit\u00e1rias. Os pacotes de patroc\u00ednio do WEC criam uma plataforma para construir rela\u00e7\u00f5es com os principais intervenientes no desporto autom\u00f3vel, fidelizando os clientes. Os pacotes de patroc\u00ednio tamb\u00e9m oferecem aos patrocinadores do WEC acesso exclusivo aos eventos, incluindo as Fan Zones do WEC e experi\u00eancias VIP.<\/p>\n<p><strong>Os patrocinadores do WEC<\/strong> podem ainda beneficiar da utiliza\u00e7\u00e3o dos dados e an\u00e1lises do WEC para campanhas de marketing, bem como da oportunidade de explorar a rede global de parceiros e f\u00e3s do WEC. O patroc\u00ednio do WEC oferece uma excelente oportunidade para ganhar visibilidade e compromisso com o desporto autom\u00f3vel.<\/p>\n<p>Ao participar de uma parceria com o CME, voc\u00ea se beneficiar\u00e1 de:<\/p>\n<ul>\n<li>O \u00e2mbito e a exposi\u00e7\u00e3o global do WEC<\/li>\n<li>Acesso exclusivo a eventos do WEC e experi\u00eancias VIP<\/li>\n<li>Explorar a ampla cobertura medi\u00e1tica e as campanhas de marketing do WEC<\/li>\n<li>Dados e an\u00e1lises do CME para campanhas de marketing<\/li>\n<li>Estabelecer rela\u00e7\u00f5es com as principais partes interessadas nos desportos motorizados<\/li>\n<li>Fidelidade do cliente e exposi\u00e7\u00e3o da marca.<\/li>\n<\/ul>\n<p>Quero patrocinar<strong>O calend\u00e1rio do FIA WEC 2023<\/strong><\/p>\n<h2>O calend\u00e1rio do FIA WEC 2023<\/h2>\n<p>O <strong>calend\u00e1rio do WEC 2023<\/strong> inclui sete rondas de eventos de prest\u00edgio ao longo do ano, cada uma oferecendo oportunidades de patroc\u00ednio do WEC a um p\u00fablico global. As equipas do WEC oferecem pacotes de marketing abrangentes que podem ser personalizados para ir ao encontro dos objectivos de qualquer patrocinador ou marca.<\/p>\n<p><strong>O patroc\u00ednio do WEC<\/strong> oferece a todas as marcas e parceiros exposi\u00e7\u00e3o em alguns dos locais desportivos mais emblem\u00e1ticos do mundo, como o famoso circuito de Le Mans, chegando ao p\u00fablico atrav\u00e9s de m\u00faltiplos canais, incluindo transmiss\u00e3o em direto e cobertura digital.<\/p>\n<ul>\n<li>Ronda 1 &#8211; <strong>EUA<\/strong> &#8211; Sebring &#8211; 1000 milhas &#8211; 17 de mar\u00e7o<\/li>\n<li>Volta 2 &#8211; <strong>Portugal<\/strong> &#8211; Portim\u00e3o &#8211; 6 horas &#8211; 16 de abril<\/li>\n<li>3\u00aa jornada &#8211; <strong>B\u00e9lgica<\/strong> &#8211; Spa Francorchamps &#8211; 6 horas &#8211; 29 de abril<\/li>\n<li>4\u00aa jornada &#8211; <strong>Fran\u00e7a<\/strong> &#8211; 24 horas de Le Mans &#8211; 10-11 de junho<\/li>\n<li>5\u00aa jornada &#8211; <strong>It\u00e1lia<\/strong> &#8211; Monza &#8211; 6 horas &#8211; 9 de julho<\/li>\n<li>6\u00aa jornada &#8211; <strong>Jap\u00e3o<\/strong> &#8211; Fuji &#8211; 6 horas &#8211; 10 de setembro<\/li>\n<li>Corrida 7 &#8211; <strong>Bahrain<\/strong> &#8211; 8 horas &#8211; 4 de novembro<\/li>\n<\/ul>\n<p>Quero patrocinar<strong>Como \u00e9 que a RTR sports o pode ajudar com o patroc\u00ednio do WEC<\/strong>Desde 1995, a RTR sports tem sido uma das principais ag\u00eancias independentes de marketing desportivo para desportos motorizados de alto n\u00edvel, desde o WEC ao MotoGP e \u00e0 F\u00f3rmula 1. <a href=\"https:\/\/staging.project-progress.net\/projects\/rtrsports-livesite\/pt-pt\/formula-1-patrocinio\/\"><br \/>\n<strong>F\u00f3rmula 1<\/strong><br \/>\n<\/a> ao WEC, do <a href=\"https:\/\/staging.project-progress.net\/projects\/rtrsports-livesite\/pt-pt\/patrocinios-motogp\/\"><br \/>\n<strong>MotoGP<\/strong><br \/>\n<\/a> \u00e0 F\u00f3rmula E.<\/p>\n<p>Estamos aqui para o ajudar a patrocinar o <strong>Campeonato Mundial de Endurance<\/strong> do princ\u00edpio ao fim e os nossos servi\u00e7os incluem, mas n\u00e3o se limitam a: identificar potenciais patrocinadores, avaliar a sua viabilidade, negociar contratos, gerir a rela\u00e7\u00e3o, medir a ativa\u00e7\u00e3o e acompanhar as liga\u00e7\u00f5es bem sucedidas.<\/p>\n<p>Como ag\u00eancia de patroc\u00ednio desportivo com uma atividade principal no patroc\u00ednio de <strong>desportos motorizados<\/strong> e marketing de s\u00e9ries de topo, podemos ajud\u00e1-lo com o seguinte<\/p>\n<ul>\n<li>Sele\u00e7\u00e3o de patroc\u00ednios<\/li>\n<li>Defini\u00e7\u00e3o da estrat\u00e9gia de patroc\u00ednio<\/li>\n<li>Consultoria de patroc\u00ednio<\/li>\n<li>Negocia\u00e7\u00e3o de contratos e patroc\u00ednios<\/li>\n<li>Gest\u00e3o dos direitos de patroc\u00ednio<\/li>\n<li>Ativa\u00e7\u00e3o do patroc\u00ednio (produ\u00e7\u00e3o de conte\u00fados criativos, gest\u00e3o da hospitalidade, oportunidades de licenciamento, gest\u00e3o de eventos em pista, parcerias B2B, actividades de envolvimento dos f\u00e3s e muito mais, monitoriza\u00e7\u00e3o em direto e afina\u00e7\u00e3o)<\/li>\n<li>Medi\u00e7\u00e3o do patroc\u00ednio e c\u00e1lculo do ROI<\/li>\n<\/ul>\n<p>Quero patrocinar<\/p>\n","protected":false},"excerpt":{"rendered":"<p>O Campeonato Mundial de Resist\u00eancia da FIA, agora na sua d\u00e9cima temporada, oferece aos fabricantes um contexto realista para testar novas tecnologias, estilos e caracter\u00edsticas de seguran\u00e7a. O WEC permite igualmente cruzar os avan\u00e7os na conce\u00e7\u00e3o e no desempenho dos autom\u00f3veis de estrada. O Campeonato do Mundo de Resist\u00eancia (WEC) \u00e9 um evento de sete [&hellip;]<\/p>\n","protected":false},"author":2,"featured_media":123259,"parent":0,"menu_order":0,"comment_status":"closed","ping_status":"closed","template":"page-template\/page-flexible-template.php","meta":{"_acf_changed":false,"footnotes":""},"class_list":["post-144643","page","type-page","status-publish","has-post-thumbnail","hentry"],"acf":[],"yoast_head":"<!-- This site is optimized with the Yoast SEO Premium plugin v26.8 (Yoast SEO v27.3) - https:\/\/yoast.com\/product\/yoast-seo-premium-wordpress\/ -->\n<title>Ag\u00eancia de patroc\u00ednio do WEC | Patrocina as 24h de Le Mans e o WEC<\/title>\n<meta name=\"description\" content=\"Mostra a tua marca atrav\u00e9s do prest\u00edgio do WEC e das 24 horas de Le Mans. A nossa ag\u00eancia de patroc\u00ednios cria parcerias, promove o envolvimento e proporciona um impacto duradouro na marca.\" \/>\n<meta name=\"robots\" content=\"index, follow, max-snippet:-1, max-image-preview:large, max-video-preview:-1\" \/>\n<link rel=\"canonical\" href=\"https:\/\/rtrsports.com\/pt-pt\/patrocinio-do-campeonato-do-mundo-de-endurance-wec-da-fia\/\" \/>\n<meta property=\"og:locale\" content=\"pt_PT\" \/>\n<meta property=\"og:type\" content=\"article\" \/>\n<meta property=\"og:title\" content=\"Ag\u00eancia de patroc\u00ednio do WEC\" \/>\n<meta property=\"og:description\" content=\"Mostra a tua marca atrav\u00e9s do prest\u00edgio do WEC e das 24 horas de Le Mans. A nossa ag\u00eancia de patroc\u00ednios cria parcerias, promove o envolvimento e proporciona um impacto duradouro na marca.\" \/>\n<meta property=\"og:url\" content=\"https:\/\/rtrsports.com\/pt-pt\/patrocinio-do-campeonato-do-mundo-de-endurance-wec-da-fia\/\" \/>\n<meta property=\"og:site_name\" content=\"RTR Sports\" \/>\n<meta property=\"article:publisher\" content=\"https:\/\/www.facebook.com\/RTRSportsMarketing\/\" \/>\n<meta property=\"og:image\" content=\"https:\/\/rtrsports.com\/wp-content\/uploads\/2022\/11\/wec-sponsorship-2.jpg\" \/>\n\t<meta property=\"og:image:width\" content=\"1500\" \/>\n\t<meta property=\"og:image:height\" content=\"1001\" \/>\n\t<meta property=\"og:image:type\" content=\"image\/jpeg\" \/>\n<meta name=\"twitter:card\" content=\"summary_large_image\" \/>\n<meta name=\"twitter:site\" content=\"@rtrsports\" \/>\n<meta name=\"twitter:label1\" content=\"Est. reading time\" \/>\n\t<meta name=\"twitter:data1\" content=\"6 minutes\" \/>\n<script type=\"application\/ld+json\" class=\"yoast-schema-graph\">{\"@context\":\"https:\\\/\\\/schema.org\",\"@graph\":[{\"@type\":\"WebPage\",\"@id\":\"https:\\\/\\\/rtrsports.com\\\/pt-pt\\\/patrocinio-do-campeonato-do-mundo-de-endurance-wec-da-fia\\\/\",\"url\":\"https:\\\/\\\/rtrsports.com\\\/pt-pt\\\/patrocinio-do-campeonato-do-mundo-de-endurance-wec-da-fia\\\/\",\"name\":\"Ag\u00eancia de patroc\u00ednio do WEC | Patrocina as 24h de Le Mans e o WEC\",\"isPartOf\":{\"@id\":\"https:\\\/\\\/rtrsports.com\\\/pt-pt\\\/#website\"},\"primaryImageOfPage\":{\"@id\":\"https:\\\/\\\/rtrsports.com\\\/pt-pt\\\/patrocinio-do-campeonato-do-mundo-de-endurance-wec-da-fia\\\/#primaryimage\"},\"image\":{\"@id\":\"https:\\\/\\\/rtrsports.com\\\/pt-pt\\\/patrocinio-do-campeonato-do-mundo-de-endurance-wec-da-fia\\\/#primaryimage\"},\"thumbnailUrl\":\"https:\\\/\\\/rtrsports.com\\\/wp-content\\\/uploads\\\/2022\\\/11\\\/wec-sponsorship-2.jpg\",\"datePublished\":\"2023-12-28T08:16:14+00:00\",\"dateModified\":\"2026-02-26T16:27:25+00:00\",\"description\":\"Mostra a tua marca atrav\u00e9s do prest\u00edgio do WEC e das 24 horas de Le Mans. A nossa ag\u00eancia de patroc\u00ednios cria parcerias, promove o envolvimento e proporciona um impacto duradouro na marca.\",\"breadcrumb\":{\"@id\":\"https:\\\/\\\/rtrsports.com\\\/pt-pt\\\/patrocinio-do-campeonato-do-mundo-de-endurance-wec-da-fia\\\/#breadcrumb\"},\"inLanguage\":\"pt\",\"potentialAction\":[{\"@type\":\"ReadAction\",\"target\":[\"https:\\\/\\\/rtrsports.com\\\/pt-pt\\\/patrocinio-do-campeonato-do-mundo-de-endurance-wec-da-fia\\\/\"]}]},{\"@type\":\"ImageObject\",\"inLanguage\":\"pt\",\"@id\":\"https:\\\/\\\/rtrsports.com\\\/pt-pt\\\/patrocinio-do-campeonato-do-mundo-de-endurance-wec-da-fia\\\/#primaryimage\",\"url\":\"https:\\\/\\\/rtrsports.com\\\/wp-content\\\/uploads\\\/2022\\\/11\\\/wec-sponsorship-2.jpg\",\"contentUrl\":\"https:\\\/\\\/rtrsports.com\\\/wp-content\\\/uploads\\\/2022\\\/11\\\/wec-sponsorship-2.jpg\",\"width\":1500,\"height\":1001,\"caption\":\"wec-patroc\u00ednio-2\"},{\"@type\":\"BreadcrumbList\",\"@id\":\"https:\\\/\\\/rtrsports.com\\\/pt-pt\\\/patrocinio-do-campeonato-do-mundo-de-endurance-wec-da-fia\\\/#breadcrumb\",\"itemListElement\":[{\"@type\":\"ListItem\",\"position\":1,\"name\":\"Home\",\"item\":\"https:\\\/\\\/rtrsports.com\\\/pt-pt\\\/\"},{\"@type\":\"ListItem\",\"position\":2,\"name\":\"Ag\u00eancia de patroc\u00ednio do WEC\"}]},{\"@type\":\"WebSite\",\"@id\":\"https:\\\/\\\/rtrsports.com\\\/pt-pt\\\/#website\",\"url\":\"https:\\\/\\\/rtrsports.com\\\/pt-pt\\\/\",\"name\":\"RTR Sports Marketing\",\"description\":\"RTR Sports Marketing is a global motorsport sponsorship agency and consultancy, specialized in Formula 1 and MotoGP, and active across all major international racing series including Formula E, NASCAR, WEC, WRC and Dakar, helping brands build data-driven, high-performance sponsorship programs.\",\"publisher\":{\"@id\":\"https:\\\/\\\/rtrsports.com\\\/pt-pt\\\/#organization\"},\"alternateName\":\"RTR Sports\",\"potentialAction\":[{\"@type\":\"SearchAction\",\"target\":{\"@type\":\"EntryPoint\",\"urlTemplate\":\"https:\\\/\\\/rtrsports.com\\\/pt-pt\\\/?s={search_term_string}\"},\"query-input\":{\"@type\":\"PropertyValueSpecification\",\"valueRequired\":true,\"valueName\":\"search_term_string\"}}],\"inLanguage\":\"pt\"},{\"@type\":\"Organization\",\"@id\":\"https:\\\/\\\/rtrsports.com\\\/pt-pt\\\/#organization\",\"name\":\"RTR Sports Marketing\",\"alternateName\":\"RTR sports\",\"url\":\"https:\\\/\\\/rtrsports.com\\\/pt-pt\\\/\",\"logo\":{\"@type\":\"ImageObject\",\"inLanguage\":\"pt\",\"@id\":\"https:\\\/\\\/rtrsports.com\\\/pt-pt\\\/#\\\/schema\\\/logo\\\/image\\\/\",\"url\":\"https:\\\/\\\/rtrsports.com\\\/wp-content\\\/uploads\\\/2024\\\/01\\\/rtrsports-anniversary-1.jpg\",\"contentUrl\":\"https:\\\/\\\/rtrsports.com\\\/wp-content\\\/uploads\\\/2024\\\/01\\\/rtrsports-anniversary-1.jpg\",\"width\":946,\"height\":260,\"caption\":\"RTR Sports Marketing\"},\"image\":{\"@id\":\"https:\\\/\\\/rtrsports.com\\\/pt-pt\\\/#\\\/schema\\\/logo\\\/image\\\/\"},\"sameAs\":[\"https:\\\/\\\/www.facebook.com\\\/RTRSportsMarketing\\\/\",\"https:\\\/\\\/x.com\\\/rtrsports\",\"https:\\\/\\\/www.linkedin.com\\\/company\\\/rtr-sports-marketing\\\/\"],\"description\":\"RTR Sports Marketing is a global motorsport sponsorship agency and consultancy, specialized in Formula 1 and MotoGP, and active across all major international racing series including Formula E, NASCAR, WEC, WRC and Dakar, helping brands build data-driven, high-performance sponsorship programs.\",\"email\":\"info@rtrsports.com\",\"legalName\":\"RTR Sports Marketing LTD\",\"numberOfEmployees\":{\"@type\":\"QuantitativeValue\",\"minValue\":\"1\",\"maxValue\":\"10\"}}]}<\/script>\n<!-- \/ Yoast SEO Premium plugin. -->","yoast_head_json":{"title":"Ag\u00eancia de patroc\u00ednio do WEC | Patrocina as 24h de Le Mans e o WEC","description":"Mostra a tua marca atrav\u00e9s do prest\u00edgio do WEC e das 24 horas de Le Mans. A nossa ag\u00eancia de patroc\u00ednios cria parcerias, promove o envolvimento e proporciona um impacto duradouro na marca.","robots":{"index":"index","follow":"follow","max-snippet":"max-snippet:-1","max-image-preview":"max-image-preview:large","max-video-preview":"max-video-preview:-1"},"canonical":"https:\/\/rtrsports.com\/pt-pt\/patrocinio-do-campeonato-do-mundo-de-endurance-wec-da-fia\/","og_locale":"pt_PT","og_type":"article","og_title":"Ag\u00eancia de patroc\u00ednio do WEC","og_description":"Mostra a tua marca atrav\u00e9s do prest\u00edgio do WEC e das 24 horas de Le Mans. A nossa ag\u00eancia de patroc\u00ednios cria parcerias, promove o envolvimento e proporciona um impacto duradouro na marca.","og_url":"https:\/\/rtrsports.com\/pt-pt\/patrocinio-do-campeonato-do-mundo-de-endurance-wec-da-fia\/","og_site_name":"RTR Sports","article_publisher":"https:\/\/www.facebook.com\/RTRSportsMarketing\/","og_image":[{"width":1500,"height":1001,"url":"https:\/\/rtrsports.com\/wp-content\/uploads\/2022\/11\/wec-sponsorship-2.jpg","type":"image\/jpeg"}],"twitter_card":"summary_large_image","twitter_site":"@rtrsports","twitter_misc":{"Est. reading time":"6 minutes"},"schema":{"@context":"https:\/\/schema.org","@graph":[{"@type":"WebPage","@id":"https:\/\/rtrsports.com\/pt-pt\/patrocinio-do-campeonato-do-mundo-de-endurance-wec-da-fia\/","url":"https:\/\/rtrsports.com\/pt-pt\/patrocinio-do-campeonato-do-mundo-de-endurance-wec-da-fia\/","name":"Ag\u00eancia de patroc\u00ednio do WEC | Patrocina as 24h de Le Mans e o WEC","isPartOf":{"@id":"https:\/\/rtrsports.com\/pt-pt\/#website"},"primaryImageOfPage":{"@id":"https:\/\/rtrsports.com\/pt-pt\/patrocinio-do-campeonato-do-mundo-de-endurance-wec-da-fia\/#primaryimage"},"image":{"@id":"https:\/\/rtrsports.com\/pt-pt\/patrocinio-do-campeonato-do-mundo-de-endurance-wec-da-fia\/#primaryimage"},"thumbnailUrl":"https:\/\/rtrsports.com\/wp-content\/uploads\/2022\/11\/wec-sponsorship-2.jpg","datePublished":"2023-12-28T08:16:14+00:00","dateModified":"2026-02-26T16:27:25+00:00","description":"Mostra a tua marca atrav\u00e9s do prest\u00edgio do WEC e das 24 horas de Le Mans. A nossa ag\u00eancia de patroc\u00ednios cria parcerias, promove o envolvimento e proporciona um impacto duradouro na marca.","breadcrumb":{"@id":"https:\/\/rtrsports.com\/pt-pt\/patrocinio-do-campeonato-do-mundo-de-endurance-wec-da-fia\/#breadcrumb"},"inLanguage":"pt","potentialAction":[{"@type":"ReadAction","target":["https:\/\/rtrsports.com\/pt-pt\/patrocinio-do-campeonato-do-mundo-de-endurance-wec-da-fia\/"]}]},{"@type":"ImageObject","inLanguage":"pt","@id":"https:\/\/rtrsports.com\/pt-pt\/patrocinio-do-campeonato-do-mundo-de-endurance-wec-da-fia\/#primaryimage","url":"https:\/\/rtrsports.com\/wp-content\/uploads\/2022\/11\/wec-sponsorship-2.jpg","contentUrl":"https:\/\/rtrsports.com\/wp-content\/uploads\/2022\/11\/wec-sponsorship-2.jpg","width":1500,"height":1001,"caption":"wec-patroc\u00ednio-2"},{"@type":"BreadcrumbList","@id":"https:\/\/rtrsports.com\/pt-pt\/patrocinio-do-campeonato-do-mundo-de-endurance-wec-da-fia\/#breadcrumb","itemListElement":[{"@type":"ListItem","position":1,"name":"Home","item":"https:\/\/rtrsports.com\/pt-pt\/"},{"@type":"ListItem","position":2,"name":"Ag\u00eancia de patroc\u00ednio do WEC"}]},{"@type":"WebSite","@id":"https:\/\/rtrsports.com\/pt-pt\/#website","url":"https:\/\/rtrsports.com\/pt-pt\/","name":"RTR Sports Marketing","description":"RTR Sports Marketing is a global motorsport sponsorship agency and consultancy, specialized in Formula 1 and MotoGP, and active across all major international racing series including Formula E, NASCAR, WEC, WRC and Dakar, helping brands build data-driven, high-performance sponsorship programs.","publisher":{"@id":"https:\/\/rtrsports.com\/pt-pt\/#organization"},"alternateName":"RTR Sports","potentialAction":[{"@type":"SearchAction","target":{"@type":"EntryPoint","urlTemplate":"https:\/\/rtrsports.com\/pt-pt\/?s={search_term_string}"},"query-input":{"@type":"PropertyValueSpecification","valueRequired":true,"valueName":"search_term_string"}}],"inLanguage":"pt"},{"@type":"Organization","@id":"https:\/\/rtrsports.com\/pt-pt\/#organization","name":"RTR Sports Marketing","alternateName":"RTR sports","url":"https:\/\/rtrsports.com\/pt-pt\/","logo":{"@type":"ImageObject","inLanguage":"pt","@id":"https:\/\/rtrsports.com\/pt-pt\/#\/schema\/logo\/image\/","url":"https:\/\/rtrsports.com\/wp-content\/uploads\/2024\/01\/rtrsports-anniversary-1.jpg","contentUrl":"https:\/\/rtrsports.com\/wp-content\/uploads\/2024\/01\/rtrsports-anniversary-1.jpg","width":946,"height":260,"caption":"RTR Sports Marketing"},"image":{"@id":"https:\/\/rtrsports.com\/pt-pt\/#\/schema\/logo\/image\/"},"sameAs":["https:\/\/www.facebook.com\/RTRSportsMarketing\/","https:\/\/x.com\/rtrsports","https:\/\/www.linkedin.com\/company\/rtr-sports-marketing\/"],"description":"RTR Sports Marketing is a global motorsport sponsorship agency and consultancy, specialized in Formula 1 and MotoGP, and active across all major international racing series including Formula E, NASCAR, WEC, WRC and Dakar, helping brands build data-driven, high-performance sponsorship programs.","email":"info@rtrsports.com","legalName":"RTR Sports Marketing LTD","numberOfEmployees":{"@type":"QuantitativeValue","minValue":"1","maxValue":"10"}}]}},"_links":{"self":[{"href":"https:\/\/rtrsports.com\/pt-pt\/wp-json\/wp\/v2\/pages\/144643","targetHints":{"allow":["GET"]}}],"collection":[{"href":"https:\/\/rtrsports.com\/pt-pt\/wp-json\/wp\/v2\/pages"}],"about":[{"href":"https:\/\/rtrsports.com\/pt-pt\/wp-json\/wp\/v2\/types\/page"}],"author":[{"embeddable":true,"href":"https:\/\/rtrsports.com\/pt-pt\/wp-json\/wp\/v2\/users\/2"}],"replies":[{"embeddable":true,"href":"https:\/\/rtrsports.com\/pt-pt\/wp-json\/wp\/v2\/comments?post=144643"}],"version-history":[{"count":4,"href":"https:\/\/rtrsports.com\/pt-pt\/wp-json\/wp\/v2\/pages\/144643\/revisions"}],"predecessor-version":[{"id":342410,"href":"https:\/\/rtrsports.com\/pt-pt\/wp-json\/wp\/v2\/pages\/144643\/revisions\/342410"}],"wp:featuredmedia":[{"embeddable":true,"href":"https:\/\/rtrsports.com\/pt-pt\/wp-json\/wp\/v2\/media\/123259"}],"wp:attachment":[{"href":"https:\/\/rtrsports.com\/pt-pt\/wp-json\/wp\/v2\/media?parent=144643"}],"curies":[{"name":"wp","href":"https:\/\/api.w.org\/{rel}","templated":true}]}}