{"id":153670,"date":"2024-07-15T12:56:44","date_gmt":"2024-07-15T10:56:44","guid":{"rendered":"https:\/\/rtrsports.com\/?page_id=153670"},"modified":"2024-10-04T10:55:58","modified_gmt":"2024-10-04T08:55:58","slug":"dakar-rally-2","status":"publish","type":"page","link":"https:\/\/rtrsports.com\/pt-pt\/rali-dakar\/","title":{"rendered":"Ag\u00eancia de patroc\u00ednio do Rali Dakar"},"content":{"rendered":"","protected":false},"excerpt":{"rendered":"","protected":false},"author":2,"featured_media":254734,"parent":0,"menu_order":0,"comment_status":"open","ping_status":"open","template":"page-template\/page-flexible-template.php","meta":{"_acf_changed":false,"footnotes":""},"class_list":["post-153670","page","type-page","status-publish","has-post-thumbnail","hentry"],"acf":[],"yoast_head":"<!-- This site is optimized with the Yoast SEO Premium plugin v26.8 (Yoast SEO v27.4) - https:\/\/yoast.com\/product\/yoast-seo-premium-wordpress\/ -->\n<title>Ag\u00eancia de patroc\u00ednio do Rali Dakar - RTR Sports Marketing<\/title>\n<meta name=\"description\" content=\"Junta-te \u00e0 maior aventura dos desportos motorizados e impulsiona a tua marca com pacotes de patroc\u00ednio para o Rali Dakar com a RTR Sports Marketing.\" \/>\n<meta name=\"robots\" content=\"index, follow, max-snippet:-1, max-image-preview:large, max-video-preview:-1\" \/>\n<link rel=\"canonical\" href=\"https:\/\/rtrsports.com\/pt-pt\/rali-dakar\/\" \/>\n<meta property=\"og:locale\" content=\"pt_PT\" \/>\n<meta property=\"og:type\" content=\"article\" \/>\n<meta property=\"og:title\" content=\"Ag\u00eancia de patroc\u00ednio do Rali Dakar\" \/>\n<meta property=\"og:description\" content=\"Junta-te \u00e0 maior aventura dos desportos motorizados e impulsiona a tua marca com pacotes de patroc\u00ednio para o Rali Dakar com a RTR Sports Marketing.\" \/>\n<meta property=\"og:url\" content=\"https:\/\/rtrsports.com\/pt-pt\/rali-dakar\/\" \/>\n<meta property=\"og:site_name\" content=\"RTR Sports\" \/>\n<meta property=\"article:publisher\" content=\"https:\/\/www.facebook.com\/RTRSportsMarketing\/\" \/>\n<meta property=\"og:image\" content=\"https:\/\/rtrsports.com\/wp-content\/uploads\/2024\/10\/dakar-2.jpg\" \/>\n\t<meta property=\"og:image:width\" content=\"1106\" \/>\n\t<meta property=\"og:image:height\" content=\"675\" \/>\n\t<meta property=\"og:image:type\" content=\"image\/jpeg\" \/>\n<meta name=\"twitter:card\" content=\"summary_large_image\" \/>\n<meta name=\"twitter:site\" content=\"@rtrsports\" \/>\n<meta name=\"twitter:label1\" content=\"Est. reading time\" \/>\n\t<meta name=\"twitter:data1\" content=\"1 minute\" \/>\n<script type=\"application\/ld+json\" class=\"yoast-schema-graph\">{\"@context\":\"https:\\\/\\\/schema.org\",\"@graph\":[{\"@type\":\"WebPage\",\"@id\":\"https:\\\/\\\/rtrsports.com\\\/pt-pt\\\/rali-dakar\\\/\",\"url\":\"https:\\\/\\\/rtrsports.com\\\/pt-pt\\\/rali-dakar\\\/\",\"name\":\"Ag\u00eancia de patroc\u00ednio do Rali Dakar - RTR Sports Marketing\",\"isPartOf\":{\"@id\":\"https:\\\/\\\/rtrsports.com\\\/pt-pt\\\/#website\"},\"primaryImageOfPage\":{\"@id\":\"https:\\\/\\\/rtrsports.com\\\/pt-pt\\\/rali-dakar\\\/#primaryimage\"},\"image\":{\"@id\":\"https:\\\/\\\/rtrsports.com\\\/pt-pt\\\/rali-dakar\\\/#primaryimage\"},\"thumbnailUrl\":\"https:\\\/\\\/rtrsports.com\\\/wp-content\\\/uploads\\\/2024\\\/10\\\/dakar-2.jpg\",\"datePublished\":\"2024-07-15T10:56:44+00:00\",\"dateModified\":\"2024-10-04T08:55:58+00:00\",\"description\":\"Junta-te \u00e0 maior aventura dos desportos motorizados e impulsiona a tua marca com pacotes de patroc\u00ednio para o Rali Dakar com a RTR Sports Marketing.\",\"breadcrumb\":{\"@id\":\"https:\\\/\\\/rtrsports.com\\\/pt-pt\\\/rali-dakar\\\/#breadcrumb\"},\"inLanguage\":\"pt\",\"potentialAction\":[{\"@type\":\"ReadAction\",\"target\":[\"https:\\\/\\\/rtrsports.com\\\/pt-pt\\\/rali-dakar\\\/\"]}]},{\"@type\":\"ImageObject\",\"inLanguage\":\"pt\",\"@id\":\"https:\\\/\\\/rtrsports.com\\\/pt-pt\\\/rali-dakar\\\/#primaryimage\",\"url\":\"https:\\\/\\\/rtrsports.com\\\/wp-content\\\/uploads\\\/2024\\\/10\\\/dakar-2.jpg\",\"contentUrl\":\"https:\\\/\\\/rtrsports.com\\\/wp-content\\\/uploads\\\/2024\\\/10\\\/dakar-2.jpg\",\"width\":1106,\"height\":675,\"caption\":\"Patroc\u00ednio do Dakar\"},{\"@type\":\"BreadcrumbList\",\"@id\":\"https:\\\/\\\/rtrsports.com\\\/pt-pt\\\/rali-dakar\\\/#breadcrumb\",\"itemListElement\":[{\"@type\":\"ListItem\",\"position\":1,\"name\":\"Home\",\"item\":\"https:\\\/\\\/rtrsports.com\\\/pt-pt\\\/\"},{\"@type\":\"ListItem\",\"position\":2,\"name\":\"Ag\u00eancia de patroc\u00ednio do Rali Dakar\"}]},{\"@type\":\"WebSite\",\"@id\":\"https:\\\/\\\/rtrsports.com\\\/pt-pt\\\/#website\",\"url\":\"https:\\\/\\\/rtrsports.com\\\/pt-pt\\\/\",\"name\":\"RTR Sports Marketing\",\"description\":\"RTR Sports Marketing is a global motorsport sponsorship agency and consultancy, specialized in Formula 1 and MotoGP, and active across all major international racing series including Formula E, NASCAR, WEC, WRC and Dakar, helping brands build data-driven, high-performance sponsorship programs.\",\"publisher\":{\"@id\":\"https:\\\/\\\/rtrsports.com\\\/pt-pt\\\/#organization\"},\"alternateName\":\"RTR Sports\",\"potentialAction\":[{\"@type\":\"SearchAction\",\"target\":{\"@type\":\"EntryPoint\",\"urlTemplate\":\"https:\\\/\\\/rtrsports.com\\\/pt-pt\\\/?s={search_term_string}\"},\"query-input\":{\"@type\":\"PropertyValueSpecification\",\"valueRequired\":true,\"valueName\":\"search_term_string\"}}],\"inLanguage\":\"pt\"},{\"@type\":\"Organization\",\"@id\":\"https:\\\/\\\/rtrsports.com\\\/pt-pt\\\/#organization\",\"name\":\"RTR Sports Marketing\",\"alternateName\":\"RTR sports\",\"url\":\"https:\\\/\\\/rtrsports.com\\\/pt-pt\\\/\",\"logo\":{\"@type\":\"ImageObject\",\"inLanguage\":\"pt\",\"@id\":\"https:\\\/\\\/rtrsports.com\\\/pt-pt\\\/#\\\/schema\\\/logo\\\/image\\\/\",\"url\":\"https:\\\/\\\/rtrsports.com\\\/wp-content\\\/uploads\\\/2024\\\/01\\\/rtrsports-anniversary-1.jpg\",\"contentUrl\":\"https:\\\/\\\/rtrsports.com\\\/wp-content\\\/uploads\\\/2024\\\/01\\\/rtrsports-anniversary-1.jpg\",\"width\":946,\"height\":260,\"caption\":\"RTR Sports Marketing\"},\"image\":{\"@id\":\"https:\\\/\\\/rtrsports.com\\\/pt-pt\\\/#\\\/schema\\\/logo\\\/image\\\/\"},\"sameAs\":[\"https:\\\/\\\/www.facebook.com\\\/RTRSportsMarketing\\\/\",\"https:\\\/\\\/x.com\\\/rtrsports\",\"https:\\\/\\\/www.linkedin.com\\\/company\\\/rtr-sports-marketing\\\/\"],\"description\":\"RTR Sports Marketing is a global motorsport sponsorship agency and consultancy, specialized in Formula 1 and MotoGP, and active across all major international racing series including Formula E, NASCAR, WEC, WRC and Dakar, helping brands build data-driven, high-performance sponsorship programs.\",\"email\":\"info@rtrsports.com\",\"legalName\":\"RTR Sports Marketing LTD\",\"numberOfEmployees\":{\"@type\":\"QuantitativeValue\",\"minValue\":\"1\",\"maxValue\":\"10\"}}]}<\/script>\n<!-- \/ Yoast SEO Premium plugin. -->","yoast_head_json":{"title":"Ag\u00eancia de patroc\u00ednio do Rali Dakar - RTR Sports Marketing","description":"Junta-te \u00e0 maior aventura dos desportos motorizados e impulsiona a tua marca com pacotes de patroc\u00ednio para o Rali Dakar com a RTR Sports Marketing.","robots":{"index":"index","follow":"follow","max-snippet":"max-snippet:-1","max-image-preview":"max-image-preview:large","max-video-preview":"max-video-preview:-1"},"canonical":"https:\/\/rtrsports.com\/pt-pt\/rali-dakar\/","og_locale":"pt_PT","og_type":"article","og_title":"Ag\u00eancia de patroc\u00ednio do Rali Dakar","og_description":"Junta-te \u00e0 maior aventura dos desportos motorizados e impulsiona a tua marca com pacotes de patroc\u00ednio para o Rali Dakar com a RTR Sports Marketing.","og_url":"https:\/\/rtrsports.com\/pt-pt\/rali-dakar\/","og_site_name":"RTR Sports","article_publisher":"https:\/\/www.facebook.com\/RTRSportsMarketing\/","og_image":[{"width":1106,"height":675,"url":"https:\/\/rtrsports.com\/wp-content\/uploads\/2024\/10\/dakar-2.jpg","type":"image\/jpeg"}],"twitter_card":"summary_large_image","twitter_site":"@rtrsports","twitter_misc":{"Est. reading time":"1 minute"},"schema":{"@context":"https:\/\/schema.org","@graph":[{"@type":"WebPage","@id":"https:\/\/rtrsports.com\/pt-pt\/rali-dakar\/","url":"https:\/\/rtrsports.com\/pt-pt\/rali-dakar\/","name":"Ag\u00eancia de patroc\u00ednio do Rali Dakar - RTR Sports Marketing","isPartOf":{"@id":"https:\/\/rtrsports.com\/pt-pt\/#website"},"primaryImageOfPage":{"@id":"https:\/\/rtrsports.com\/pt-pt\/rali-dakar\/#primaryimage"},"image":{"@id":"https:\/\/rtrsports.com\/pt-pt\/rali-dakar\/#primaryimage"},"thumbnailUrl":"https:\/\/rtrsports.com\/wp-content\/uploads\/2024\/10\/dakar-2.jpg","datePublished":"2024-07-15T10:56:44+00:00","dateModified":"2024-10-04T08:55:58+00:00","description":"Junta-te \u00e0 maior aventura dos desportos motorizados e impulsiona a tua marca com pacotes de patroc\u00ednio para o Rali Dakar com a RTR Sports Marketing.","breadcrumb":{"@id":"https:\/\/rtrsports.com\/pt-pt\/rali-dakar\/#breadcrumb"},"inLanguage":"pt","potentialAction":[{"@type":"ReadAction","target":["https:\/\/rtrsports.com\/pt-pt\/rali-dakar\/"]}]},{"@type":"ImageObject","inLanguage":"pt","@id":"https:\/\/rtrsports.com\/pt-pt\/rali-dakar\/#primaryimage","url":"https:\/\/rtrsports.com\/wp-content\/uploads\/2024\/10\/dakar-2.jpg","contentUrl":"https:\/\/rtrsports.com\/wp-content\/uploads\/2024\/10\/dakar-2.jpg","width":1106,"height":675,"caption":"Patroc\u00ednio do Dakar"},{"@type":"BreadcrumbList","@id":"https:\/\/rtrsports.com\/pt-pt\/rali-dakar\/#breadcrumb","itemListElement":[{"@type":"ListItem","position":1,"name":"Home","item":"https:\/\/rtrsports.com\/pt-pt\/"},{"@type":"ListItem","position":2,"name":"Ag\u00eancia de patroc\u00ednio do Rali Dakar"}]},{"@type":"WebSite","@id":"https:\/\/rtrsports.com\/pt-pt\/#website","url":"https:\/\/rtrsports.com\/pt-pt\/","name":"RTR Sports Marketing","description":"RTR Sports Marketing is a global motorsport sponsorship agency and consultancy, specialized in Formula 1 and MotoGP, and active across all major international racing series including Formula E, NASCAR, WEC, WRC and Dakar, helping brands build data-driven, high-performance sponsorship programs.","publisher":{"@id":"https:\/\/rtrsports.com\/pt-pt\/#organization"},"alternateName":"RTR Sports","potentialAction":[{"@type":"SearchAction","target":{"@type":"EntryPoint","urlTemplate":"https:\/\/rtrsports.com\/pt-pt\/?s={search_term_string}"},"query-input":{"@type":"PropertyValueSpecification","valueRequired":true,"valueName":"search_term_string"}}],"inLanguage":"pt"},{"@type":"Organization","@id":"https:\/\/rtrsports.com\/pt-pt\/#organization","name":"RTR Sports Marketing","alternateName":"RTR sports","url":"https:\/\/rtrsports.com\/pt-pt\/","logo":{"@type":"ImageObject","inLanguage":"pt","@id":"https:\/\/rtrsports.com\/pt-pt\/#\/schema\/logo\/image\/","url":"https:\/\/rtrsports.com\/wp-content\/uploads\/2024\/01\/rtrsports-anniversary-1.jpg","contentUrl":"https:\/\/rtrsports.com\/wp-content\/uploads\/2024\/01\/rtrsports-anniversary-1.jpg","width":946,"height":260,"caption":"RTR Sports Marketing"},"image":{"@id":"https:\/\/rtrsports.com\/pt-pt\/#\/schema\/logo\/image\/"},"sameAs":["https:\/\/www.facebook.com\/RTRSportsMarketing\/","https:\/\/x.com\/rtrsports","https:\/\/www.linkedin.com\/company\/rtr-sports-marketing\/"],"description":"RTR Sports Marketing is a global motorsport sponsorship agency and consultancy, specialized in Formula 1 and MotoGP, and active across all major international racing series including Formula E, NASCAR, WEC, WRC and Dakar, helping brands build data-driven, high-performance sponsorship programs.","email":"info@rtrsports.com","legalName":"RTR Sports Marketing LTD","numberOfEmployees":{"@type":"QuantitativeValue","minValue":"1","maxValue":"10"}}]}},"_links":{"self":[{"href":"https:\/\/rtrsports.com\/pt-pt\/wp-json\/wp\/v2\/pages\/153670","targetHints":{"allow":["GET"]}}],"collection":[{"href":"https:\/\/rtrsports.com\/pt-pt\/wp-json\/wp\/v2\/pages"}],"about":[{"href":"https:\/\/rtrsports.com\/pt-pt\/wp-json\/wp\/v2\/types\/page"}],"author":[{"embeddable":true,"href":"https:\/\/rtrsports.com\/pt-pt\/wp-json\/wp\/v2\/users\/2"}],"replies":[{"embeddable":true,"href":"https:\/\/rtrsports.com\/pt-pt\/wp-json\/wp\/v2\/comments?post=153670"}],"version-history":[{"count":3,"href":"https:\/\/rtrsports.com\/pt-pt\/wp-json\/wp\/v2\/pages\/153670\/revisions"}],"predecessor-version":[{"id":255038,"href":"https:\/\/rtrsports.com\/pt-pt\/wp-json\/wp\/v2\/pages\/153670\/revisions\/255038"}],"wp:featuredmedia":[{"embeddable":true,"href":"https:\/\/rtrsports.com\/pt-pt\/wp-json\/wp\/v2\/media\/254734"}],"wp:attachment":[{"href":"https:\/\/rtrsports.com\/pt-pt\/wp-json\/wp\/v2\/media?parent=153670"}],"curies":[{"name":"wp","href":"https:\/\/api.w.org\/{rel}","templated":true}]}}