{"id":255184,"date":"2024-10-06T14:49:56","date_gmt":"2024-10-06T12:49:56","guid":{"rendered":"https:\/\/rtrsports.com\/recursos-para-patrocinio-de-desportos-motorizados\/"},"modified":"2024-10-06T14:49:56","modified_gmt":"2024-10-06T12:49:56","slug":"recursos-para-patrocinio-de-desportos-motorizados","status":"publish","type":"page","link":"https:\/\/rtrsports.com\/pt-pt\/recursos-para-patrocinio-de-desportos-motorizados\/","title":{"rendered":"Recursos: Patroc\u00ednio de desportos motorizados"},"content":{"rendered":"","protected":false},"excerpt":{"rendered":"","protected":false},"author":2,"featured_media":254627,"parent":0,"menu_order":0,"comment_status":"closed","ping_status":"closed","template":"page-template\/page-flexible-template.php","meta":{"_acf_changed":false,"footnotes":""},"class_list":["post-255184","page","type-page","status-publish","has-post-thumbnail","hentry"],"acf":[],"yoast_head":"<!-- This site is optimized with the Yoast SEO Premium plugin v26.8 (Yoast SEO v27.3) - https:\/\/yoast.com\/product\/yoast-seo-premium-wordpress\/ -->\n<title>Patroc\u00ednio no desporto motorizado - Recursos - RTR Sports Marketing<\/title>\n<meta name=\"description\" content=\"Artigos, an\u00e1lises aprofundadas e materiais de investiga\u00e7\u00e3o sobre o mundo do patroc\u00ednio e das parcerias no desporto autom\u00f3vel.\" \/>\n<meta name=\"robots\" content=\"index, follow, max-snippet:-1, max-image-preview:large, max-video-preview:-1\" \/>\n<link rel=\"canonical\" href=\"https:\/\/rtrsports.com\/pt-pt\/recursos-para-patrocinio-de-desportos-motorizados\/\" \/>\n<meta property=\"og:locale\" content=\"pt_PT\" \/>\n<meta property=\"og:type\" content=\"article\" \/>\n<meta property=\"og:title\" content=\"Recursos: Patroc\u00ednio de desportos motorizados\" \/>\n<meta property=\"og:description\" content=\"Artigos, an\u00e1lises aprofundadas e materiais de investiga\u00e7\u00e3o sobre o mundo do patroc\u00ednio e das parcerias no desporto autom\u00f3vel.\" \/>\n<meta property=\"og:url\" content=\"https:\/\/rtrsports.com\/pt-pt\/recursos-para-patrocinio-de-desportos-motorizados\/\" \/>\n<meta property=\"og:site_name\" content=\"RTR Sports\" \/>\n<meta property=\"article:publisher\" content=\"https:\/\/www.facebook.com\/RTRSportsMarketing\/\" \/>\n<meta property=\"og:image\" content=\"https:\/\/rtrsports.com\/wp-content\/uploads\/2024\/09\/Bagnaia-scaled.jpg\" \/>\n\t<meta property=\"og:image:width\" content=\"2560\" \/>\n\t<meta property=\"og:image:height\" content=\"1706\" \/>\n\t<meta property=\"og:image:type\" content=\"image\/jpeg\" \/>\n<meta name=\"twitter:card\" content=\"summary_large_image\" \/>\n<meta name=\"twitter:site\" content=\"@rtrsports\" \/>\n<script type=\"application\/ld+json\" class=\"yoast-schema-graph\">{\"@context\":\"https:\\\/\\\/schema.org\",\"@graph\":[{\"@type\":\"WebPage\",\"@id\":\"https:\\\/\\\/rtrsports.com\\\/pt-pt\\\/recursos-para-patrocinio-de-desportos-motorizados\\\/\",\"url\":\"https:\\\/\\\/rtrsports.com\\\/pt-pt\\\/recursos-para-patrocinio-de-desportos-motorizados\\\/\",\"name\":\"Patroc\u00ednio no desporto motorizado - Recursos - RTR Sports Marketing\",\"isPartOf\":{\"@id\":\"https:\\\/\\\/rtrsports.com\\\/pt-pt\\\/#website\"},\"primaryImageOfPage\":{\"@id\":\"https:\\\/\\\/rtrsports.com\\\/pt-pt\\\/recursos-para-patrocinio-de-desportos-motorizados\\\/#primaryimage\"},\"image\":{\"@id\":\"https:\\\/\\\/rtrsports.com\\\/pt-pt\\\/recursos-para-patrocinio-de-desportos-motorizados\\\/#primaryimage\"},\"thumbnailUrl\":\"https:\\\/\\\/rtrsports.com\\\/wp-content\\\/uploads\\\/2024\\\/09\\\/Bagnaia-scaled.jpg\",\"datePublished\":\"2024-10-06T12:49:56+00:00\",\"description\":\"Artigos, an\u00e1lises aprofundadas e materiais de investiga\u00e7\u00e3o sobre o mundo do patroc\u00ednio e das parcerias no desporto autom\u00f3vel.\",\"breadcrumb\":{\"@id\":\"https:\\\/\\\/rtrsports.com\\\/pt-pt\\\/recursos-para-patrocinio-de-desportos-motorizados\\\/#breadcrumb\"},\"inLanguage\":\"pt\",\"potentialAction\":[{\"@type\":\"ReadAction\",\"target\":[\"https:\\\/\\\/rtrsports.com\\\/pt-pt\\\/recursos-para-patrocinio-de-desportos-motorizados\\\/\"]}]},{\"@type\":\"ImageObject\",\"inLanguage\":\"pt\",\"@id\":\"https:\\\/\\\/rtrsports.com\\\/pt-pt\\\/recursos-para-patrocinio-de-desportos-motorizados\\\/#primaryimage\",\"url\":\"https:\\\/\\\/rtrsports.com\\\/wp-content\\\/uploads\\\/2024\\\/09\\\/Bagnaia-scaled.jpg\",\"contentUrl\":\"https:\\\/\\\/rtrsports.com\\\/wp-content\\\/uploads\\\/2024\\\/09\\\/Bagnaia-scaled.jpg\",\"width\":2560,\"height\":1706,\"caption\":\"patroc\u00ednio motogp\"},{\"@type\":\"BreadcrumbList\",\"@id\":\"https:\\\/\\\/rtrsports.com\\\/pt-pt\\\/recursos-para-patrocinio-de-desportos-motorizados\\\/#breadcrumb\",\"itemListElement\":[{\"@type\":\"ListItem\",\"position\":1,\"name\":\"Home\",\"item\":\"https:\\\/\\\/rtrsports.com\\\/pt-pt\\\/\"},{\"@type\":\"ListItem\",\"position\":2,\"name\":\"Recursos: Patroc\u00ednio de desportos motorizados\"}]},{\"@type\":\"WebSite\",\"@id\":\"https:\\\/\\\/rtrsports.com\\\/pt-pt\\\/#website\",\"url\":\"https:\\\/\\\/rtrsports.com\\\/pt-pt\\\/\",\"name\":\"RTR Sports Marketing\",\"description\":\"RTR Sports Marketing is a global motorsport sponsorship agency and consultancy, specialized in Formula 1 and MotoGP, and active across all major international racing series including Formula E, NASCAR, WEC, WRC and Dakar, helping brands build data-driven, high-performance sponsorship programs.\",\"publisher\":{\"@id\":\"https:\\\/\\\/rtrsports.com\\\/pt-pt\\\/#organization\"},\"alternateName\":\"RTR Sports\",\"potentialAction\":[{\"@type\":\"SearchAction\",\"target\":{\"@type\":\"EntryPoint\",\"urlTemplate\":\"https:\\\/\\\/rtrsports.com\\\/pt-pt\\\/?s={search_term_string}\"},\"query-input\":{\"@type\":\"PropertyValueSpecification\",\"valueRequired\":true,\"valueName\":\"search_term_string\"}}],\"inLanguage\":\"pt\"},{\"@type\":\"Organization\",\"@id\":\"https:\\\/\\\/rtrsports.com\\\/pt-pt\\\/#organization\",\"name\":\"RTR Sports Marketing\",\"alternateName\":\"RTR sports\",\"url\":\"https:\\\/\\\/rtrsports.com\\\/pt-pt\\\/\",\"logo\":{\"@type\":\"ImageObject\",\"inLanguage\":\"pt\",\"@id\":\"https:\\\/\\\/rtrsports.com\\\/pt-pt\\\/#\\\/schema\\\/logo\\\/image\\\/\",\"url\":\"https:\\\/\\\/rtrsports.com\\\/wp-content\\\/uploads\\\/2024\\\/01\\\/rtrsports-anniversary-1.jpg\",\"contentUrl\":\"https:\\\/\\\/rtrsports.com\\\/wp-content\\\/uploads\\\/2024\\\/01\\\/rtrsports-anniversary-1.jpg\",\"width\":946,\"height\":260,\"caption\":\"RTR Sports Marketing\"},\"image\":{\"@id\":\"https:\\\/\\\/rtrsports.com\\\/pt-pt\\\/#\\\/schema\\\/logo\\\/image\\\/\"},\"sameAs\":[\"https:\\\/\\\/www.facebook.com\\\/RTRSportsMarketing\\\/\",\"https:\\\/\\\/x.com\\\/rtrsports\",\"https:\\\/\\\/www.linkedin.com\\\/company\\\/rtr-sports-marketing\\\/\"],\"description\":\"RTR Sports Marketing is a global motorsport sponsorship agency and consultancy, specialized in Formula 1 and MotoGP, and active across all major international racing series including Formula E, NASCAR, WEC, WRC and Dakar, helping brands build data-driven, high-performance sponsorship programs.\",\"email\":\"info@rtrsports.com\",\"legalName\":\"RTR Sports Marketing LTD\",\"numberOfEmployees\":{\"@type\":\"QuantitativeValue\",\"minValue\":\"1\",\"maxValue\":\"10\"}}]}<\/script>\n<!-- \/ Yoast SEO Premium plugin. -->","yoast_head_json":{"title":"Patroc\u00ednio no desporto motorizado - Recursos - RTR Sports Marketing","description":"Artigos, an\u00e1lises aprofundadas e materiais de investiga\u00e7\u00e3o sobre o mundo do patroc\u00ednio e das parcerias no desporto autom\u00f3vel.","robots":{"index":"index","follow":"follow","max-snippet":"max-snippet:-1","max-image-preview":"max-image-preview:large","max-video-preview":"max-video-preview:-1"},"canonical":"https:\/\/rtrsports.com\/pt-pt\/recursos-para-patrocinio-de-desportos-motorizados\/","og_locale":"pt_PT","og_type":"article","og_title":"Recursos: Patroc\u00ednio de desportos motorizados","og_description":"Artigos, an\u00e1lises aprofundadas e materiais de investiga\u00e7\u00e3o sobre o mundo do patroc\u00ednio e das parcerias no desporto autom\u00f3vel.","og_url":"https:\/\/rtrsports.com\/pt-pt\/recursos-para-patrocinio-de-desportos-motorizados\/","og_site_name":"RTR Sports","article_publisher":"https:\/\/www.facebook.com\/RTRSportsMarketing\/","og_image":[{"width":2560,"height":1706,"url":"https:\/\/rtrsports.com\/wp-content\/uploads\/2024\/09\/Bagnaia-scaled.jpg","type":"image\/jpeg"}],"twitter_card":"summary_large_image","twitter_site":"@rtrsports","schema":{"@context":"https:\/\/schema.org","@graph":[{"@type":"WebPage","@id":"https:\/\/rtrsports.com\/pt-pt\/recursos-para-patrocinio-de-desportos-motorizados\/","url":"https:\/\/rtrsports.com\/pt-pt\/recursos-para-patrocinio-de-desportos-motorizados\/","name":"Patroc\u00ednio no desporto motorizado - Recursos - RTR Sports Marketing","isPartOf":{"@id":"https:\/\/rtrsports.com\/pt-pt\/#website"},"primaryImageOfPage":{"@id":"https:\/\/rtrsports.com\/pt-pt\/recursos-para-patrocinio-de-desportos-motorizados\/#primaryimage"},"image":{"@id":"https:\/\/rtrsports.com\/pt-pt\/recursos-para-patrocinio-de-desportos-motorizados\/#primaryimage"},"thumbnailUrl":"https:\/\/rtrsports.com\/wp-content\/uploads\/2024\/09\/Bagnaia-scaled.jpg","datePublished":"2024-10-06T12:49:56+00:00","description":"Artigos, an\u00e1lises aprofundadas e materiais de investiga\u00e7\u00e3o sobre o mundo do patroc\u00ednio e das parcerias no desporto autom\u00f3vel.","breadcrumb":{"@id":"https:\/\/rtrsports.com\/pt-pt\/recursos-para-patrocinio-de-desportos-motorizados\/#breadcrumb"},"inLanguage":"pt","potentialAction":[{"@type":"ReadAction","target":["https:\/\/rtrsports.com\/pt-pt\/recursos-para-patrocinio-de-desportos-motorizados\/"]}]},{"@type":"ImageObject","inLanguage":"pt","@id":"https:\/\/rtrsports.com\/pt-pt\/recursos-para-patrocinio-de-desportos-motorizados\/#primaryimage","url":"https:\/\/rtrsports.com\/wp-content\/uploads\/2024\/09\/Bagnaia-scaled.jpg","contentUrl":"https:\/\/rtrsports.com\/wp-content\/uploads\/2024\/09\/Bagnaia-scaled.jpg","width":2560,"height":1706,"caption":"patroc\u00ednio motogp"},{"@type":"BreadcrumbList","@id":"https:\/\/rtrsports.com\/pt-pt\/recursos-para-patrocinio-de-desportos-motorizados\/#breadcrumb","itemListElement":[{"@type":"ListItem","position":1,"name":"Home","item":"https:\/\/rtrsports.com\/pt-pt\/"},{"@type":"ListItem","position":2,"name":"Recursos: Patroc\u00ednio de desportos motorizados"}]},{"@type":"WebSite","@id":"https:\/\/rtrsports.com\/pt-pt\/#website","url":"https:\/\/rtrsports.com\/pt-pt\/","name":"RTR Sports Marketing","description":"RTR Sports Marketing is a global motorsport sponsorship agency and consultancy, specialized in Formula 1 and MotoGP, and active across all major international racing series including Formula E, NASCAR, WEC, WRC and Dakar, helping brands build data-driven, high-performance sponsorship programs.","publisher":{"@id":"https:\/\/rtrsports.com\/pt-pt\/#organization"},"alternateName":"RTR Sports","potentialAction":[{"@type":"SearchAction","target":{"@type":"EntryPoint","urlTemplate":"https:\/\/rtrsports.com\/pt-pt\/?s={search_term_string}"},"query-input":{"@type":"PropertyValueSpecification","valueRequired":true,"valueName":"search_term_string"}}],"inLanguage":"pt"},{"@type":"Organization","@id":"https:\/\/rtrsports.com\/pt-pt\/#organization","name":"RTR Sports Marketing","alternateName":"RTR sports","url":"https:\/\/rtrsports.com\/pt-pt\/","logo":{"@type":"ImageObject","inLanguage":"pt","@id":"https:\/\/rtrsports.com\/pt-pt\/#\/schema\/logo\/image\/","url":"https:\/\/rtrsports.com\/wp-content\/uploads\/2024\/01\/rtrsports-anniversary-1.jpg","contentUrl":"https:\/\/rtrsports.com\/wp-content\/uploads\/2024\/01\/rtrsports-anniversary-1.jpg","width":946,"height":260,"caption":"RTR Sports Marketing"},"image":{"@id":"https:\/\/rtrsports.com\/pt-pt\/#\/schema\/logo\/image\/"},"sameAs":["https:\/\/www.facebook.com\/RTRSportsMarketing\/","https:\/\/x.com\/rtrsports","https:\/\/www.linkedin.com\/company\/rtr-sports-marketing\/"],"description":"RTR Sports Marketing is a global motorsport sponsorship agency and consultancy, specialized in Formula 1 and MotoGP, and active across all major international racing series including Formula E, NASCAR, WEC, WRC and Dakar, helping brands build data-driven, high-performance sponsorship programs.","email":"info@rtrsports.com","legalName":"RTR Sports Marketing LTD","numberOfEmployees":{"@type":"QuantitativeValue","minValue":"1","maxValue":"10"}}]}},"_links":{"self":[{"href":"https:\/\/rtrsports.com\/pt-pt\/wp-json\/wp\/v2\/pages\/255184","targetHints":{"allow":["GET"]}}],"collection":[{"href":"https:\/\/rtrsports.com\/pt-pt\/wp-json\/wp\/v2\/pages"}],"about":[{"href":"https:\/\/rtrsports.com\/pt-pt\/wp-json\/wp\/v2\/types\/page"}],"author":[{"embeddable":true,"href":"https:\/\/rtrsports.com\/pt-pt\/wp-json\/wp\/v2\/users\/2"}],"replies":[{"embeddable":true,"href":"https:\/\/rtrsports.com\/pt-pt\/wp-json\/wp\/v2\/comments?post=255184"}],"version-history":[{"count":0,"href":"https:\/\/rtrsports.com\/pt-pt\/wp-json\/wp\/v2\/pages\/255184\/revisions"}],"wp:featuredmedia":[{"embeddable":true,"href":"https:\/\/rtrsports.com\/pt-pt\/wp-json\/wp\/v2\/media\/254627"}],"wp:attachment":[{"href":"https:\/\/rtrsports.com\/pt-pt\/wp-json\/wp\/v2\/media?parent=255184"}],"curies":[{"name":"wp","href":"https:\/\/api.w.org\/{rel}","templated":true}]}}