{"id":144638,"date":"2023-12-28T09:16:11","date_gmt":"2023-12-28T08:16:11","guid":{"rendered":"https:\/\/stg-rtrsportscom-rtrstaging.kinsta.cloud\/fia-world-championship-endurance-wec-sponsorship\/"},"modified":"2026-02-26T17:27:32","modified_gmt":"2026-02-26T16:27:32","slug":"fia-world-endurance-championship-wec-sponsorship","status":"publish","type":"page","link":"https:\/\/rtrsports.com\/tr\/fia-world-championship-endurance-wec-sponsorship\/","title":{"rendered":"WEC sponsorluk ajans\u0131"},"content":{"rendered":"<p><\/p>\n<h1 class=\"p1\"><span class=\"s1\"><b>WEC sponsor kurulu\u015fu<\/b><\/span><\/h1>\n<p><strong>FIA Dayan\u0131kl\u0131l\u0131k D\u00fcnya \u015eampiyonas\u0131 Sponsorlu\u011fu<\/strong><\/p>\n<p class=\"ql-align-justify\">\u015eu anda onuncu sezonunda olan <strong>FIA D\u00fcnya Dayan\u0131kl\u0131l\u0131k \u015eampiyonas\u0131<\/strong>, \u00fcreticilere yeni teknolojileri, stilleri ve g\u00fcvenlik \u00f6zelliklerini test etmek i\u00e7in ger\u00e7ek\u00e7i bir ortam sunuyor. WEC ayn\u0131 zamanda yol otomobillerinin tasar\u0131m ve performans\u0131ndaki ilerlemelerin \u00e7apraz d\u00f6llenmesini de m\u00fcmk\u00fcn k\u0131lmaktad\u0131r.<\/p>\n<p class=\"ql-align-justify\">D\u00fcnya Dayan\u0131kl\u0131l\u0131k \u015eampiyonas\u0131 (WEC) <strong>Kuzey Amerika, Avrupa, Asya ve Orta Do\u011fu<\/strong>&#8216;da d\u00fczenlenen yedi yar\u0131\u015fl\u0131k bir etkinliktir. Yar\u0131\u015flar 6 saatten 24 saate kadar \u00e7e\u015fitli mesafelerde d\u00fczenlenmektedir. Ana etkinlik, d\u00fcnyan\u0131n en b\u00fcy\u00fck spor etkinliklerinden biri olarak Olimpiyatlar, Super Bowl ve D\u00fcnya Kupas\u0131 ile birlikte s\u0131ralanan <strong>24 Saat Le Mans<\/strong> olmaya devam ediyor.<\/p>\n<p class=\"ql-align-justify\">2022 takvimi, WEC \u00fcreticilerine, ekiplerine ve ortaklar\u0131na \u00f6nemli pazarlarda uluslararas\u0131 g\u00f6r\u00fcn\u00fcrl\u00fck sa\u011flamak \u00fczere tasarlanm\u0131\u015ft\u0131r. D\u00f6rt kategoride (Hypercar, LMP2, LMGTE Pro ve LMGTE Am) ayn\u0131 anda yar\u0131\u015fan \u00e7ok say\u0131da ara\u00e7la <strong>WEC<\/strong>, d\u00fcnyan\u0131n d\u00f6rt bir yan\u0131ndaki hayranlar\u0131na aksiyon dolu sekanslar, \u00e7ok say\u0131da sollama ge\u00e7i\u015fi ve bolca heyecan i\u00e7eren <strong>kesintisiz bir e\u011flence<\/strong> sunuyor.<\/p>\n<p><a href=\"https:\/\/staging.project-progress.net\/projects\/rtrsports-livesite\/en\">RTR Sports<\/a> olarak, m\u00fc\u015fterilerinin ve payda\u015flar\u0131n\u0131n ilgisini daha iyi \u00e7ekmek i\u00e7in D\u00fcnya Dayan\u0131kl\u0131l\u0131k \u015eampiyonas\u0131 gibi ola\u011fan\u00fcst\u00fc yar\u0131\u015f serilerini kullanmak isteyen markalara ve \u015firketlere dan\u0131\u015fmanl\u0131k yapan lider bir ba\u011f\u0131ms\u0131z motor sporlar\u0131 ajans\u0131 olmaktan gurur duyuyoruz.<\/p>\n<p><strong>WEC sponsoru olarak yolculu\u011funuza ba\u015flamak i\u00e7in hemen a\u015fa\u011f\u0131daki butonla ileti\u015fime ge\u00e7in.<\/strong>Sponsor olmak istiyorum<strong>WEC sponsorlu\u011funun faydalar\u0131<\/strong><strong>WEC sponsorluk<\/strong> paketleri, motor sporlar\u0131nda rekabet avantaj\u0131 elde etmek isteyen kurulu\u015flara \u00e7ok say\u0131da avantaj sunmaktad\u0131r. WEC sponsorlu\u011fu, hem pistte hem de pist d\u0131\u015f\u0131nda markan\u0131n g\u00f6r\u00fcn\u00fcrl\u00fc\u011f\u00fcn\u00fc sa\u011flar ve k\u00fcresel eri\u015fimi, \u015firketlere uluslararas\u0131 alanda eri\u015fimlerini geni\u015fletme f\u0131rsat\u0131 sunar.<\/p>\n<p>WEC sponsorlar\u0131 ayr\u0131ca<strong>tak\u0131mlara ve s\u00fcr\u00fcc\u00fclere eri\u015fim<\/strong>, <strong>\u00f6zel a\u011f\u0131r<\/strong>lama deneyimleri, pazarlama ve ileti\u015fim deste\u011fi ve WEC&#8217;in kapsaml\u0131 medya kapsam\u0131ndan yararlanma f\u0131rsat\u0131ndan da yararlanmaktad\u0131r.<\/p>\n<p>WEC sponsorlar\u0131na televizyon yay\u0131nlar\u0131, \u00e7evrimi\u00e7i varl\u0131k ve reklam kampanyalar\u0131 arac\u0131l\u0131\u011f\u0131yla markalar\u0131 i\u00e7in <strong>maksimum g\u00f6r\u00fcn\u00fcrl\u00fck<\/strong> elde etmeleri i\u00e7in benzersiz f\u0131rsatlar sunulmaktad\u0131r. WEC sponsorluk paketleri, \u00f6nemli motor sporlar\u0131 payda\u015flar\u0131yla ili\u015fkiler kurmak ve m\u00fc\u015fteri sadakati olu\u015fturmak i\u00e7in bir platform olu\u015fturmaktad\u0131r. Sponsorluk paketleri ayr\u0131ca WEC sponsorlar\u0131na WEC Fan Zone&#8217;lar ve VIP deneyimleri de dahil olmak \u00fczere etkinliklere \u00f6zel eri\u015fim imkan\u0131 sunuyor.<\/p>\n<p>WEC <strong>sponsorlar\u0131<\/strong>, pazarlama kampanyalar\u0131 i\u00e7in WEC verilerinin ve analizlerinin kullan\u0131lmas\u0131n\u0131n yan\u0131 s\u0131ra WEC&#8217;in k\u00fcresel ortak ve taraftar a\u011f\u0131ndan yararlanma f\u0131rsat\u0131ndan da faydalanabilirler. WEC sponsorlu\u011fu, motor sporlar\u0131na g\u00f6r\u00fcn\u00fcrl\u00fck ve ba\u011fl\u0131l\u0131k kazanmak i\u00e7in heyecan verici bir f\u0131rsat sunuyor.<\/p>\n<p>Bir WEC ortakl\u0131\u011f\u0131na kat\u0131larak \u015funlardan yararlanacaks\u0131n\u0131z:<\/p>\n<ul>\n<li>DEK&#8217;in kapsam\u0131 ve k\u00fcresel etkisi<\/li>\n<li>WEC etkinliklerine ve VIP deneyimlerine \u00f6zel eri\u015fim<\/li>\n<li>WEC&#8217;in geni\u015f medya kapsam\u0131ndan ve pazarlama kampanyalar\u0131ndan yararlanmak<\/li>\n<li>Pazarlama kampanyalar\u0131 i\u00e7in WEC verileri ve analizi<\/li>\n<li>\u00d6nemli motor sporlar\u0131 payda\u015flar\u0131yla ili\u015fkiler kurmak<\/li>\n<li>M\u00fc\u015fteri sadakati ve marka g\u00f6r\u00fcn\u00fcrl\u00fc\u011f\u00fc.<\/li>\n<\/ul>\n<p>Sponsor olmak istiyorum<strong>FIA WEC 2023 takvimi<\/strong><\/p>\n<h2>FIA WEC 2023 takvimi<\/h2>\n<p><strong>WEC 2023 takvimi<\/strong>, y\u0131l boyunca her biri k\u00fcresel bir izleyici kitlesine WEC sponsorluk f\u0131rsatlar\u0131 sunan yedi tur prestijli etkinlik i\u00e7eriyor. WEC ekipleri, herhangi bir sponsor veya markan\u0131n hedeflerini kar\u015f\u0131lamak \u00fczere \u00f6zelle\u015ftirilebilen kapsaml\u0131 pazarlama paketleri sunmaktad\u0131r.<\/p>\n<p><strong>WEC sponsorlu\u011fu<\/strong>, t\u00fcm marka ve ortaklara, \u00fcnl\u00fc Le Mans pisti gibi d\u00fcnyan\u0131n en ikonik spor mekanlar\u0131ndan baz\u0131lar\u0131nda, canl\u0131 yay\u0131n ve dijital yay\u0131n dahil olmak \u00fczere birden fazla kanal arac\u0131l\u0131\u011f\u0131yla halka ula\u015fma imkan\u0131 sunuyor.<\/p>\n<ul>\n<li>1. Tur &#8211; <strong>ABD<\/strong> &#8211; Sebring &#8211; 1000 mil &#8211; 17 Mart<\/li>\n<li>2. Tur &#8211; <strong>Portekiz<\/strong> &#8211; Portimao &#8211; 6 saat &#8211; 16 Nisan<\/li>\n<li>3. Tur &#8211; <strong>Bel\u00e7ika<\/strong> &#8211; Spa Francorchamps &#8211; 6 saat &#8211; 29 Nisan<\/li>\n<li>4. Tur &#8211; <strong>Fransa<\/strong> &#8211; Le Mans &#8211; 24 saat &#8211; 10-11 Haziran<\/li>\n<li>5. Tur &#8211; <strong>\u0130talya<\/strong> &#8211; Monza &#8211; 6 saat &#8211; 9 Temmuz<\/li>\n<li>6. Tur &#8211; <strong>Japonya<\/strong> &#8211; Fuji &#8211; 6 saat &#8211; 10 Eyl\u00fcl<\/li>\n<li>Yar\u0131\u015f 7 &#8211; <strong>Bahreyn<\/strong> &#8211; 8 saat &#8211; 4 Kas\u0131m<\/li>\n<\/ul>\n<p>Sponsor olmak istiyorum<strong>RTR sports WEC sponsorlu\u011fu konusunda size nas\u0131l yard\u0131mc\u0131 olabilir?<\/strong>RTR sports, 1995 y\u0131l\u0131ndan bu yana WEC&#8217;den MotoGP ve Formula 1&#8217;e kadar \u00fcst d\u00fczey motor sporlar\u0131 i\u00e7in lider bir ba\u011f\u0131ms\u0131z spor pazarlama ajans\u0131d\u0131r. <a href=\"https:\/\/staging.project-progress.net\/projects\/rtrsports-livesite\/tr\/sponsorluk-formulu-1\/\"><br \/>\n<strong>Formula 1<\/strong><br \/>\n<\/a> WEC&#8217;e, oradan <a href=\"https:\/\/staging.project-progress.net\/projects\/rtrsports-livesite\/tr\/sponsorluklar-motogp\/\"><br \/>\n<strong>MotoGP<\/strong><br \/>\n<\/a> Formula E&#8217;ye.<\/p>\n<p><strong>D\u00fcnya Dayan\u0131kl\u0131l\u0131k \u015eampiyonas\u0131<\/strong> &#8216;na ba\u015f\u0131ndan sonuna kadar sponsor olman\u0131za yard\u0131mc\u0131 olmak i\u00e7in buraday\u0131z ve hizmetlerimiz bunlarla s\u0131n\u0131rl\u0131 olmamak \u00fczere \u015funlar\u0131 i\u00e7erir: potansiyel sponsorlar\u0131n belirlenmesi, fizibilitelerinin de\u011ferlendirilmesi, s\u00f6zle\u015fmelerin m\u00fczakere edilmesi, ili\u015fkinin y\u00f6netilmesi, aktivasyonun \u00f6l\u00e7\u00fclmesi ve ba\u015far\u0131l\u0131 ba\u011flant\u0131lar\u0131n izlenmesi.<\/p>\n<p><strong>Motor sporlar\u0131<\/strong> sponsorlu\u011fu ve en iyi seri pazarlamas\u0131nda ana i\u015fi olan bir spor sponsorlu\u011fu ajans\u0131 olarak size a\u015fa\u011f\u0131daki konularda yard\u0131mc\u0131 olabiliriz:<\/p>\n<ul>\n<li>Sponsorluk Se\u00e7imi<\/li>\n<li>Sponsorluk stratejisinin tan\u0131mlanmas\u0131<\/li>\n<li>Sponsorluk dan\u0131\u015fmanl\u0131\u011f\u0131<\/li>\n<li>S\u00f6zle\u015fmelerin ve sponsorluklar\u0131n m\u00fczakere edilmesi<\/li>\n<li>Sponsorluk haklar\u0131n\u0131n y\u00f6netimi<\/li>\n<li>Sponsorluk aktivasyonu (yarat\u0131c\u0131 i\u00e7erik \u00fcretimi, a\u011f\u0131rlama y\u00f6netimi, lisanslama f\u0131rsatlar\u0131, pist i\u00e7i etkinlik y\u00f6netimi, B2B ortakl\u0131klar\u0131, taraftar kat\u0131l\u0131m\u0131 etkinlikleri ve daha fazlas\u0131, canl\u0131 izleme ve ince ayar)<\/li>\n<li>Sponsorluk \u00f6l\u00e7\u00fcm\u00fc ve ROI hesaplamas\u0131<\/li>\n<\/ul>\n<p>Sponsor olmak istiyorum<\/p>\n","protected":false},"excerpt":{"rendered":"<p>\u015eu anda onuncu sezonunda olan FIA D\u00fcnya Dayan\u0131kl\u0131l\u0131k \u015eampiyonas\u0131, \u00fcreticilere yeni teknolojileri, stilleri ve g\u00fcvenlik \u00f6zelliklerini test etmek i\u00e7in ger\u00e7ek\u00e7i bir ortam sunuyor. WEC ayn\u0131 zamanda yol otomobillerinin tasar\u0131m ve performans\u0131ndaki ilerlemelerin \u00e7apraz d\u00f6llenmesini de m\u00fcmk\u00fcn k\u0131lmaktad\u0131r. D\u00fcnya Dayan\u0131kl\u0131l\u0131k \u015eampiyonas\u0131 (WEC) Kuzey Amerika, Avrupa, Asya ve Orta Do\u011fu&#8216;da d\u00fczenlenen yedi yar\u0131\u015fl\u0131k bir etkinliktir. Yar\u0131\u015flar 6 [&hellip;]<\/p>\n","protected":false},"author":2,"featured_media":144641,"parent":0,"menu_order":0,"comment_status":"closed","ping_status":"closed","template":"page-template\/page-flexible-template.php","meta":{"_acf_changed":false,"footnotes":""},"class_list":["post-144638","page","type-page","status-publish","has-post-thumbnail","hentry"],"acf":[],"yoast_head":"<!-- This site is optimized with the Yoast SEO Premium plugin v26.8 (Yoast SEO v27.4) - https:\/\/yoast.com\/product\/yoast-seo-premium-wordpress\/ -->\n<title>WEC Sponsorluk Ajans\u0131 | Sponsor 24h Le Mans &amp; WEC<\/title>\n<meta name=\"description\" content=\"Markan\u0131z\u0131 WEC ve 24 saat Le Mans&#039;\u0131n prestijiyle sergileyin. Sponsorluk ajans\u0131m\u0131z ortakl\u0131klar kurar, etkile\u015fimi art\u0131r\u0131r ve kal\u0131c\u0131 marka etkisi sa\u011flar.\" \/>\n<meta name=\"robots\" content=\"index, follow, max-snippet:-1, max-image-preview:large, max-video-preview:-1\" \/>\n<link rel=\"canonical\" href=\"https:\/\/rtrsports.com\/tr\/fia-world-championship-endurance-wec-sponsorship\/\" \/>\n<meta property=\"og:locale\" content=\"tr_TR\" \/>\n<meta property=\"og:type\" content=\"article\" \/>\n<meta property=\"og:title\" content=\"WEC sponsorluk ajans\u0131\" \/>\n<meta property=\"og:description\" content=\"Markan\u0131z\u0131 WEC ve 24 saat Le Mans&#039;\u0131n prestijiyle sergileyin. Sponsorluk ajans\u0131m\u0131z ortakl\u0131klar kurar, etkile\u015fimi art\u0131r\u0131r ve kal\u0131c\u0131 marka etkisi sa\u011flar.\" \/>\n<meta property=\"og:url\" content=\"https:\/\/rtrsports.com\/tr\/fia-world-championship-endurance-wec-sponsorship\/\" \/>\n<meta property=\"og:site_name\" content=\"RTR Sports\" \/>\n<meta property=\"article:publisher\" content=\"https:\/\/www.facebook.com\/RTRSportsMarketing\/\" \/>\n<meta property=\"og:image\" content=\"https:\/\/rtrsports.com\/wp-content\/uploads\/2022\/11\/wec-sponsorship-2.jpg\" \/>\n\t<meta property=\"og:image:width\" content=\"1500\" \/>\n\t<meta property=\"og:image:height\" content=\"1001\" \/>\n\t<meta property=\"og:image:type\" content=\"image\/jpeg\" \/>\n<meta name=\"twitter:card\" content=\"summary_large_image\" \/>\n<meta name=\"twitter:site\" content=\"@rtrsports\" \/>\n<meta name=\"twitter:label1\" content=\"Tahmini okuma s\u00fcresi\" \/>\n\t<meta name=\"twitter:data1\" content=\"5 dakika\" \/>\n<script type=\"application\/ld+json\" class=\"yoast-schema-graph\">{\"@context\":\"https:\\\/\\\/schema.org\",\"@graph\":[{\"@type\":\"WebPage\",\"@id\":\"https:\\\/\\\/rtrsports.com\\\/tr\\\/fia-world-championship-endurance-wec-sponsorship\\\/\",\"url\":\"https:\\\/\\\/rtrsports.com\\\/tr\\\/fia-world-championship-endurance-wec-sponsorship\\\/\",\"name\":\"WEC Sponsorluk Ajans\u0131 | Sponsor 24h Le Mans & WEC\",\"isPartOf\":{\"@id\":\"https:\\\/\\\/rtrsports.com\\\/tr\\\/#website\"},\"primaryImageOfPage\":{\"@id\":\"https:\\\/\\\/rtrsports.com\\\/tr\\\/fia-world-championship-endurance-wec-sponsorship\\\/#primaryimage\"},\"image\":{\"@id\":\"https:\\\/\\\/rtrsports.com\\\/tr\\\/fia-world-championship-endurance-wec-sponsorship\\\/#primaryimage\"},\"thumbnailUrl\":\"https:\\\/\\\/rtrsports.com\\\/wp-content\\\/uploads\\\/2022\\\/11\\\/wec-sponsorship-2.jpg\",\"datePublished\":\"2023-12-28T08:16:11+00:00\",\"dateModified\":\"2026-02-26T16:27:32+00:00\",\"description\":\"Markan\u0131z\u0131 WEC ve 24 saat Le Mans'\u0131n prestijiyle sergileyin. Sponsorluk ajans\u0131m\u0131z ortakl\u0131klar kurar, etkile\u015fimi art\u0131r\u0131r ve kal\u0131c\u0131 marka etkisi sa\u011flar.\",\"breadcrumb\":{\"@id\":\"https:\\\/\\\/rtrsports.com\\\/tr\\\/fia-world-championship-endurance-wec-sponsorship\\\/#breadcrumb\"},\"inLanguage\":\"tr\",\"potentialAction\":[{\"@type\":\"ReadAction\",\"target\":[\"https:\\\/\\\/rtrsports.com\\\/tr\\\/fia-world-championship-endurance-wec-sponsorship\\\/\"]}]},{\"@type\":\"ImageObject\",\"inLanguage\":\"tr\",\"@id\":\"https:\\\/\\\/rtrsports.com\\\/tr\\\/fia-world-championship-endurance-wec-sponsorship\\\/#primaryimage\",\"url\":\"https:\\\/\\\/rtrsports.com\\\/wp-content\\\/uploads\\\/2022\\\/11\\\/wec-sponsorship-2.jpg\",\"contentUrl\":\"https:\\\/\\\/rtrsports.com\\\/wp-content\\\/uploads\\\/2022\\\/11\\\/wec-sponsorship-2.jpg\",\"width\":1500,\"height\":1001,\"caption\":\"wec-sponsorluk-2\"},{\"@type\":\"BreadcrumbList\",\"@id\":\"https:\\\/\\\/rtrsports.com\\\/tr\\\/fia-world-championship-endurance-wec-sponsorship\\\/#breadcrumb\",\"itemListElement\":[{\"@type\":\"ListItem\",\"position\":1,\"name\":\"Home\",\"item\":\"https:\\\/\\\/rtrsports.com\\\/tr\\\/\"},{\"@type\":\"ListItem\",\"position\":2,\"name\":\"WEC sponsorluk ajans\u0131\"}]},{\"@type\":\"WebSite\",\"@id\":\"https:\\\/\\\/rtrsports.com\\\/tr\\\/#website\",\"url\":\"https:\\\/\\\/rtrsports.com\\\/tr\\\/\",\"name\":\"RTR Sports Marketing\",\"description\":\"RTR Sports Marketing is a global motorsport sponsorship agency and consultancy, specialized in Formula 1 and MotoGP, and active across all major international racing series including Formula E, NASCAR, WEC, WRC and Dakar, helping brands build data-driven, high-performance sponsorship programs.\",\"publisher\":{\"@id\":\"https:\\\/\\\/rtrsports.com\\\/tr\\\/#organization\"},\"alternateName\":\"RTR Sports\",\"potentialAction\":[{\"@type\":\"SearchAction\",\"target\":{\"@type\":\"EntryPoint\",\"urlTemplate\":\"https:\\\/\\\/rtrsports.com\\\/tr\\\/?s={search_term_string}\"},\"query-input\":{\"@type\":\"PropertyValueSpecification\",\"valueRequired\":true,\"valueName\":\"search_term_string\"}}],\"inLanguage\":\"tr\"},{\"@type\":\"Organization\",\"@id\":\"https:\\\/\\\/rtrsports.com\\\/tr\\\/#organization\",\"name\":\"RTR Sports Marketing\",\"alternateName\":\"RTR sports\",\"url\":\"https:\\\/\\\/rtrsports.com\\\/tr\\\/\",\"logo\":{\"@type\":\"ImageObject\",\"inLanguage\":\"tr\",\"@id\":\"https:\\\/\\\/rtrsports.com\\\/tr\\\/#\\\/schema\\\/logo\\\/image\\\/\",\"url\":\"https:\\\/\\\/rtrsports.com\\\/wp-content\\\/uploads\\\/2024\\\/01\\\/rtrsports-anniversary-1.jpg\",\"contentUrl\":\"https:\\\/\\\/rtrsports.com\\\/wp-content\\\/uploads\\\/2024\\\/01\\\/rtrsports-anniversary-1.jpg\",\"width\":946,\"height\":260,\"caption\":\"RTR Sports Marketing\"},\"image\":{\"@id\":\"https:\\\/\\\/rtrsports.com\\\/tr\\\/#\\\/schema\\\/logo\\\/image\\\/\"},\"sameAs\":[\"https:\\\/\\\/www.facebook.com\\\/RTRSportsMarketing\\\/\",\"https:\\\/\\\/x.com\\\/rtrsports\",\"https:\\\/\\\/www.linkedin.com\\\/company\\\/rtr-sports-marketing\\\/\"],\"description\":\"RTR Sports Marketing is a global motorsport sponsorship agency and consultancy, specialized in Formula 1 and MotoGP, and active across all major international racing series including Formula E, NASCAR, WEC, WRC and Dakar, helping brands build data-driven, high-performance sponsorship programs.\",\"email\":\"info@rtrsports.com\",\"legalName\":\"RTR Sports Marketing LTD\",\"numberOfEmployees\":{\"@type\":\"QuantitativeValue\",\"minValue\":\"1\",\"maxValue\":\"10\"}}]}<\/script>\n<!-- \/ Yoast SEO Premium plugin. -->","yoast_head_json":{"title":"WEC Sponsorluk Ajans\u0131 | Sponsor 24h Le Mans & WEC","description":"Markan\u0131z\u0131 WEC ve 24 saat Le Mans'\u0131n prestijiyle sergileyin. Sponsorluk ajans\u0131m\u0131z ortakl\u0131klar kurar, etkile\u015fimi art\u0131r\u0131r ve kal\u0131c\u0131 marka etkisi sa\u011flar.","robots":{"index":"index","follow":"follow","max-snippet":"max-snippet:-1","max-image-preview":"max-image-preview:large","max-video-preview":"max-video-preview:-1"},"canonical":"https:\/\/rtrsports.com\/tr\/fia-world-championship-endurance-wec-sponsorship\/","og_locale":"tr_TR","og_type":"article","og_title":"WEC sponsorluk ajans\u0131","og_description":"Markan\u0131z\u0131 WEC ve 24 saat Le Mans'\u0131n prestijiyle sergileyin. Sponsorluk ajans\u0131m\u0131z ortakl\u0131klar kurar, etkile\u015fimi art\u0131r\u0131r ve kal\u0131c\u0131 marka etkisi sa\u011flar.","og_url":"https:\/\/rtrsports.com\/tr\/fia-world-championship-endurance-wec-sponsorship\/","og_site_name":"RTR Sports","article_publisher":"https:\/\/www.facebook.com\/RTRSportsMarketing\/","og_image":[{"width":1500,"height":1001,"url":"https:\/\/rtrsports.com\/wp-content\/uploads\/2022\/11\/wec-sponsorship-2.jpg","type":"image\/jpeg"}],"twitter_card":"summary_large_image","twitter_site":"@rtrsports","twitter_misc":{"Tahmini okuma s\u00fcresi":"5 dakika"},"schema":{"@context":"https:\/\/schema.org","@graph":[{"@type":"WebPage","@id":"https:\/\/rtrsports.com\/tr\/fia-world-championship-endurance-wec-sponsorship\/","url":"https:\/\/rtrsports.com\/tr\/fia-world-championship-endurance-wec-sponsorship\/","name":"WEC Sponsorluk Ajans\u0131 | Sponsor 24h Le Mans & WEC","isPartOf":{"@id":"https:\/\/rtrsports.com\/tr\/#website"},"primaryImageOfPage":{"@id":"https:\/\/rtrsports.com\/tr\/fia-world-championship-endurance-wec-sponsorship\/#primaryimage"},"image":{"@id":"https:\/\/rtrsports.com\/tr\/fia-world-championship-endurance-wec-sponsorship\/#primaryimage"},"thumbnailUrl":"https:\/\/rtrsports.com\/wp-content\/uploads\/2022\/11\/wec-sponsorship-2.jpg","datePublished":"2023-12-28T08:16:11+00:00","dateModified":"2026-02-26T16:27:32+00:00","description":"Markan\u0131z\u0131 WEC ve 24 saat Le Mans'\u0131n prestijiyle sergileyin. Sponsorluk ajans\u0131m\u0131z ortakl\u0131klar kurar, etkile\u015fimi art\u0131r\u0131r ve kal\u0131c\u0131 marka etkisi sa\u011flar.","breadcrumb":{"@id":"https:\/\/rtrsports.com\/tr\/fia-world-championship-endurance-wec-sponsorship\/#breadcrumb"},"inLanguage":"tr","potentialAction":[{"@type":"ReadAction","target":["https:\/\/rtrsports.com\/tr\/fia-world-championship-endurance-wec-sponsorship\/"]}]},{"@type":"ImageObject","inLanguage":"tr","@id":"https:\/\/rtrsports.com\/tr\/fia-world-championship-endurance-wec-sponsorship\/#primaryimage","url":"https:\/\/rtrsports.com\/wp-content\/uploads\/2022\/11\/wec-sponsorship-2.jpg","contentUrl":"https:\/\/rtrsports.com\/wp-content\/uploads\/2022\/11\/wec-sponsorship-2.jpg","width":1500,"height":1001,"caption":"wec-sponsorluk-2"},{"@type":"BreadcrumbList","@id":"https:\/\/rtrsports.com\/tr\/fia-world-championship-endurance-wec-sponsorship\/#breadcrumb","itemListElement":[{"@type":"ListItem","position":1,"name":"Home","item":"https:\/\/rtrsports.com\/tr\/"},{"@type":"ListItem","position":2,"name":"WEC sponsorluk ajans\u0131"}]},{"@type":"WebSite","@id":"https:\/\/rtrsports.com\/tr\/#website","url":"https:\/\/rtrsports.com\/tr\/","name":"RTR Sports Marketing","description":"RTR Sports Marketing is a global motorsport sponsorship agency and consultancy, specialized in Formula 1 and MotoGP, and active across all major international racing series including Formula E, NASCAR, WEC, WRC and Dakar, helping brands build data-driven, high-performance sponsorship programs.","publisher":{"@id":"https:\/\/rtrsports.com\/tr\/#organization"},"alternateName":"RTR Sports","potentialAction":[{"@type":"SearchAction","target":{"@type":"EntryPoint","urlTemplate":"https:\/\/rtrsports.com\/tr\/?s={search_term_string}"},"query-input":{"@type":"PropertyValueSpecification","valueRequired":true,"valueName":"search_term_string"}}],"inLanguage":"tr"},{"@type":"Organization","@id":"https:\/\/rtrsports.com\/tr\/#organization","name":"RTR Sports Marketing","alternateName":"RTR sports","url":"https:\/\/rtrsports.com\/tr\/","logo":{"@type":"ImageObject","inLanguage":"tr","@id":"https:\/\/rtrsports.com\/tr\/#\/schema\/logo\/image\/","url":"https:\/\/rtrsports.com\/wp-content\/uploads\/2024\/01\/rtrsports-anniversary-1.jpg","contentUrl":"https:\/\/rtrsports.com\/wp-content\/uploads\/2024\/01\/rtrsports-anniversary-1.jpg","width":946,"height":260,"caption":"RTR Sports Marketing"},"image":{"@id":"https:\/\/rtrsports.com\/tr\/#\/schema\/logo\/image\/"},"sameAs":["https:\/\/www.facebook.com\/RTRSportsMarketing\/","https:\/\/x.com\/rtrsports","https:\/\/www.linkedin.com\/company\/rtr-sports-marketing\/"],"description":"RTR Sports Marketing is a global motorsport sponsorship agency and consultancy, specialized in Formula 1 and MotoGP, and active across all major international racing series including Formula E, NASCAR, WEC, WRC and Dakar, helping brands build data-driven, high-performance sponsorship programs.","email":"info@rtrsports.com","legalName":"RTR Sports Marketing LTD","numberOfEmployees":{"@type":"QuantitativeValue","minValue":"1","maxValue":"10"}}]}},"_links":{"self":[{"href":"https:\/\/rtrsports.com\/tr\/wp-json\/wp\/v2\/pages\/144638","targetHints":{"allow":["GET"]}}],"collection":[{"href":"https:\/\/rtrsports.com\/tr\/wp-json\/wp\/v2\/pages"}],"about":[{"href":"https:\/\/rtrsports.com\/tr\/wp-json\/wp\/v2\/types\/page"}],"author":[{"embeddable":true,"href":"https:\/\/rtrsports.com\/tr\/wp-json\/wp\/v2\/users\/2"}],"replies":[{"embeddable":true,"href":"https:\/\/rtrsports.com\/tr\/wp-json\/wp\/v2\/comments?post=144638"}],"version-history":[{"count":6,"href":"https:\/\/rtrsports.com\/tr\/wp-json\/wp\/v2\/pages\/144638\/revisions"}],"predecessor-version":[{"id":342412,"href":"https:\/\/rtrsports.com\/tr\/wp-json\/wp\/v2\/pages\/144638\/revisions\/342412"}],"wp:featuredmedia":[{"embeddable":true,"href":"https:\/\/rtrsports.com\/tr\/wp-json\/wp\/v2\/media\/144641"}],"wp:attachment":[{"href":"https:\/\/rtrsports.com\/tr\/wp-json\/wp\/v2\/media?parent=144638"}],"curies":[{"name":"wp","href":"https:\/\/api.w.org\/{rel}","templated":true}]}}