{"id":144644,"date":"2023-12-28T09:16:16","date_gmt":"2023-12-28T08:16:16","guid":{"rendered":"https:\/\/stg-rtrsportscom-rtrstaging.kinsta.cloud\/sponsorluklar-wsbk\/"},"modified":"2024-10-05T22:25:17","modified_gmt":"2024-10-05T20:25:17","slug":"wsbk-sponsorluk","status":"publish","type":"page","link":"https:\/\/rtrsports.com\/tr\/sponsorluklar-wsbk\/","title":{"rendered":"WSBK Sponsorlu\u011fu"},"content":{"rendered":"<p><\/p>\n<p>WSBK sponsorluk ajans\u0131<\/p>\n<p><\/p>\n<p>Gezegendeki en h\u0131zl\u0131 \u00fcretim t\u00fcrevi motosikletlere sponsor olmak<\/p>\n<p><\/p>\n<p>1988 y\u0131l\u0131nda kurulan WSBK (resmi ad\u0131yla FIM Superbike D\u00fcnya \u015eampiyonas\u0131), \u00fcretim motosiklet yar\u0131\u015flar\u0131n\u0131n en \u00fcst s\u0131n\u0131f\u0131d\u0131r.<\/p>\n<p>Dorna taraf\u0131ndan y\u00f6netilen WorldSBK \u015fampiyonas\u0131 d\u00f6rt k\u0131tada 12 tur \u00fczerinden ger\u00e7ekle\u015ftiriliyor ve d\u00fcnyan\u0131n en iyi \u00fcreticileri Nisan&#8217;dan Kas\u0131m&#8217;a kadar ta\u00e7 i\u00e7in m\u00fccadele ediyor. Her tur \u00fc\u00e7 yar\u0131\u015ftan olu\u015fmaktad\u0131r: iki tam yar\u0131\u015f ve on turluk Superpole.<\/p>\n<p>WSBK, d\u00fcnyan\u0131n en iyi s\u00fcr\u00fcc\u00fclerinin d\u00fcnyan\u0131n en h\u0131zl\u0131 ve en zorlu pistlerinden baz\u0131lar\u0131nda kar\u015f\u0131 kar\u015f\u0131ya geldi\u011fi, y\u00fcksek performansl\u0131 motosiklet yar\u0131\u015flar\u0131n\u0131n ger\u00e7ek bir kutlamas\u0131d\u0131r. WSBK tak\u0131mlar\u0131 taraf\u0131ndan kullan\u0131lan motosikletler, bu motosikletleri mutlak s\u0131n\u0131rlar\u0131na kadar zorlayan son teknoloji y\u00fckseltmeleri i\u00e7eren fabrika makineleridir.<\/p>\n<p>\u00dcreticiler i\u00e7in -Ducati, Yamaha, Kawasaki, Honda ve di\u011ferleri- en iyi motosikletlerini g\u00f6sterme \u015fans\u0131. Sponsorlar i\u00e7in bu, d\u00fcnya \u00e7ap\u0131nda g\u00f6r\u00fcn\u00fcrl\u00fc\u011f\u00fcn keyfini \u00e7\u0131karma ve hayranlar ve merakl\u0131lardan olu\u015fan bir takip\u00e7i kitlesiyle etkile\u015fim kurma f\u0131rsat\u0131d\u0131r.<\/p>\n<p>Motor sporlar\u0131na odaklanm\u0131\u015f bir spor pazarlama ajans\u0131 olarak RTR Sports, D\u00fcnya Superbike yar\u0131\u015flar\u0131n\u0131n b\u00fcy\u00fcleyici d\u00fcnyas\u0131nda size ve markan\u0131za rehberlik edebilir, sizin ve hedefleriniz i\u00e7in m\u00fckemmel sponsorluk anla\u015fmas\u0131n\u0131 olu\u015fturabilir: D\u00fcnya Superbike \u015eampiyonas\u0131&#8217;nda yolunuzu bulman\u0131za yard\u0131mc\u0131 olacak deneyim ve uzmanl\u0131\u011fa sahibiz.<\/p>\n<p><\/p>\n<p>Superbike&#8217;a sponsor olmak istiyorum<\/p>\n<p><\/p>\n<p>Superbike D\u00fcnya \u015eampiyonas\u0131&#8217;na sponsorluk<\/p>\n<p><\/p>\n<p>World Superbike sponsoru olmak, markan\u0131za ve \u015firketinize etkili, heyecan verici ve ger\u00e7ekten \u00e7ok y\u00f6nl\u00fc bir pazarlama arac\u0131 sa\u011flamak anlam\u0131na gelir. Sponsor olarak, \u015firketiniz d\u00fcnyan\u0131n en pop\u00fcler ve en h\u0131zl\u0131 b\u00fcy\u00fcyen motosiklet yar\u0131\u015f serilerinden biriyle ili\u015fkilendirilecektir.<\/p>\n<p>Geni\u015f medya kapsam\u0131 sayesinde WSBK sponsorlu\u011fu d\u00fcnya \u00e7ap\u0131nda g\u00f6r\u00fcn\u00fcrl\u00fck ve tan\u0131n\u0131rl\u0131k sa\u011flarken, pist i\u00e7i ve pist d\u0131\u015f\u0131 aktivasyonlar\u0131n markan\u0131n etkile\u015fim a\u00e7\u0131s\u0131ndan en \u00e7ok ihtiya\u00e7 duydu\u011fu hedefi vuraca\u011f\u0131ndan emin olabilirsiniz.<\/p>\n<p>Ancak WSBK sponsorlu\u011funun as\u0131l parlad\u0131\u011f\u0131 alan muhtemelen birliktelik alan\u0131d\u0131r: d\u00fcnyan\u0131n en iyi motosiklet \u00fcreticileriyle i\u015fbirli\u011fi yapmak bir markay\u0131 konumland\u0131rmak ve imaj\u0131n\u0131 y\u00fckseltmek anlam\u0131na gelir.<\/p>\n<p>Ayr\u0131ca, \u015fampiyona ile s\u0131k\u00e7a ili\u015fkilendirilen h\u0131z, teknoloji, yenilik, tutku, heyecan ve gen\u00e7lik de\u011ferleri sponsorlar taraf\u0131ndan yans\u0131t\u0131larak etkili hikaye anlat\u0131m\u0131 ve birinci s\u0131n\u0131f ileti\u015fim f\u0131rsatlar\u0131 sunuluyor.<\/p>\n<p><\/p>\n<p>Superbike&#8217;a sponsor olmak istiyorum<\/p>\n<p><\/p>\n<p>WSBK: \u0130zleyici, seyirci, medya prod\u00fcksiyonu<\/p>\n<p><\/p>\n<ul>\n<li>Tur ba\u015f\u0131na ortalama 50.000 seyirci<\/li>\n<li>Sosyal medyada 3 milyon takip\u00e7i<\/li>\n<li>Toplam 135 milyon k\u00fcresel izleyici<\/li>\n<li>Halk\u0131n %74&#8217;\u00fc erkek, %84&#8217;\u00fc 25-45 ya\u015f aral\u0131\u011f\u0131nda, %61&#8217;i \u00fcniversite mezunu<\/li>\n<li>155 yay\u0131n yapan kanal<\/li>\n<li>Sezon ba\u015f\u0131na 17.000 + yay\u0131n saati<\/li>\n<li>Kapsam\u0131n %51&#8217;i Avrupa&#8217;da, %29&#8217;u Asya&#8217;da, %14&#8217;\u00fc Afrika&#8217;da, %6&#8217;s\u0131 Amerika&#8217;da<\/li>\n<li>\u0130zleyicilerin %66&#8217;s\u0131 en az 1 motosiklete sahip<\/li>\n<li>Resmi WSBK web sitesinde y\u0131lda 24,4 milyondan fazla sayfa g\u00f6r\u00fcnt\u00fclenmesi<\/li>\n<\/ul>\n<p><\/p>\n<p>Superbike&#8217;a sponsor olmak istiyorum<\/p>\n<p><\/p>\n<p>Sponsorluk ve aktivasyon i\u00e7in sonsuz f\u0131rsatlar<\/p>\n<p><\/p>\n<p>WSBK sponsorlar\u0131 ve ortaklar\u0131 i\u00e7in d\u00fcnya \u00e7ap\u0131nda etkileyici bir dizi aktivasyon f\u0131rsat\u0131 mevcuttur. Birinci s\u0131n\u0131f misafirperverlikten heyecan verici lisans projelerine, pist i\u00e7i reklamlardan padokta ve medyada marka g\u00f6r\u00fcn\u00fcrl\u00fc\u011f\u00fcne kadar, motosiklet merakl\u0131lar\u0131 ve hayranlar\u0131n\u0131n ilgisini \u00e7ekme olanaklar\u0131 sonsuzdur.<\/p>\n<p>T\u00fcm \u00fcst d\u00fczey motor sporlar\u0131 sponsorluklar\u0131nda oldu\u011fu gibi, World Superbike sponsorlu\u011fu da her t\u00fcrl\u00fc avantaj\u0131n ve pazarlama faaliyetinin resmi sponsorlar\u0131n ve ortaklar\u0131n ihtiya\u00e7lar\u0131 ve hedefleri do\u011frultusunda \u00f6zenle haz\u0131rland\u0131\u011f\u0131 ve tasarland\u0131\u011f\u0131, ki\u015fiye \u00f6zel ve \u00f6zelle\u015ftirilmi\u015f sponsorluk anla\u015fmalar\u0131na olanak sa\u011flamaktad\u0131r.<\/p>\n<p>Buna ek olarak WSBK, sat\u0131\u015f g\u00fcc\u00fcn\u00fcz\u00fc veya i\u015f ortaklar\u0131n\u0131z\u0131 memnun etmek i\u00e7in yerel d\u00fczeyde de \u015fampiyonaya dahil olman\u0131n \u00e7e\u015fitli yollar\u0131n\u0131 sunar: PR f\u0131rsatlar\u0131ndan \u00f6zel m\u00fc\u015fteri etkinliklerine, yerel haber ve medya kapsam\u0131ndan do\u011fru zaman ve yerde foto\u011fraflara kadar.<\/p>\n<p><\/p>\n<p>Superbike&#8217;a sponsor olmak istiyorum<\/p>\n<p><\/p>\n<p>WSBK sponsorlu\u011fu: rota<\/p>\n<p><\/p>\n<p>D\u00fcnya Superbike sponsorlu\u011fu, t\u0131pk\u0131 motor sporlar\u0131ndaki di\u011fer sponsorluklar gibi, planlama ve ayr\u0131nt\u0131lara dikkat etmeyi gerektirir. Do\u011fru ekip veya s\u00fcr\u00fcc\u00fcn\u00fcn nas\u0131l se\u00e7ilece\u011fi, do\u011fru faydalar\u0131n nas\u0131l se\u00e7ilece\u011fi ve payda\u015flar ve ilgili taraflarla nas\u0131l irtibat kurulaca\u011f\u0131, m\u00fckemmel anla\u015fmay\u0131 olu\u015fturmak ve f\u0131rsattan ger\u00e7ekten yararlanmak i\u00e7in ustala\u015f\u0131lmas\u0131 gereken becerilerdir.<\/p>\n<p>Bir WSBK sponsorlu\u011funu de\u011ferlendirirken ak\u0131lda tutulmas\u0131 gereken \u00fc\u00e7 \u00f6nemli nokta vard\u0131r:<\/p>\n<p>Seri, k\u00fcresel g\u00f6r\u00fcn\u00fcrl\u00fck ve birinci s\u0131n\u0131f bir medya platformu sunuyor<br \/>\nPara i\u00e7in m\u00fckemmel de\u011fer sunar<br \/>\nVe sponsorlar\u0131n pistte ve taraftarlarla birlikte aktif olmalar\u0131n\u0131 sa\u011flar<br \/>\nRTR Sports gibi profesyonel bir spor pazarlama ajans\u0131 bu konuda etkili olabilir: Profesyoneller ligi ve sekt\u00f6r\u00fc iyi bilir, do\u011fru ki\u015fileri tan\u0131r ve do\u011fru zamanda nas\u0131l ileti\u015fime ge\u00e7eceklerini bilir. \u00c7\u00fcnk\u00fc, bilirsiniz, bazen yar\u0131\u015f ve yar\u0131\u015f d\u00fcnyas\u0131 araya girebilir.<\/p>\n<p>WSBK sponsorluk projenizi olu\u015fturmaya ba\u015flamak i\u00e7in ihtiyac\u0131n\u0131z olan her \u015fey sadece bir t\u0131k uza\u011f\u0131n\u0131zda: a\u015fa\u011f\u0131daki d\u00fc\u011fmeye bas\u0131n ve sponsorluk y\u00f6neticilerimizden biri birka\u00e7 dakika i\u00e7inde size geri d\u00f6necektir.<\/p>\n<p><\/p>\n<p>Superbike&#8217;a sponsor olmak istiyorum<\/p>\n<p><\/p>\n","protected":false},"excerpt":{"rendered":"<p>1988 y\u0131l\u0131nda kurulan WSBK (resmi ad\u0131yla FIM Superbike D\u00fcnya \u015eampiyonas\u0131), \u00fcretim motosiklet yar\u0131\u015flar\u0131n\u0131n en \u00fcst s\u0131n\u0131f\u0131d\u0131r. Dorna taraf\u0131ndan y\u00f6netilen WorldSBK \u015fampiyonas\u0131 d\u00f6rt k\u0131tada 12 tur \u00fczerinden ger\u00e7ekle\u015ftiriliyor ve d\u00fcnyan\u0131n en iyi \u00fcreticileri Nisan&#8217;dan Kas\u0131m&#8217;a kadar ta\u00e7 i\u00e7in m\u00fccadele ediyor. Her tur \u00fc\u00e7 yar\u0131\u015ftan olu\u015fmaktad\u0131r: iki tam yar\u0131\u015f ve on turluk Superpole. WSBK, d\u00fcnyan\u0131n en iyi [&hellip;]<\/p>\n","protected":false},"author":2,"featured_media":254690,"parent":0,"menu_order":0,"comment_status":"closed","ping_status":"closed","template":"page-template\/page-flexible-template.php","meta":{"_acf_changed":false,"footnotes":""},"class_list":["post-144644","page","type-page","status-publish","has-post-thumbnail","hentry"],"acf":[],"yoast_head":"<!-- This site is optimized with the Yoast SEO Premium plugin v26.8 (Yoast SEO v27.3) - https:\/\/yoast.com\/product\/yoast-seo-premium-wordpress\/ -->\n<title>WSBK D\u00fcnya Superbike Sponsorlu\u011fu - RTR Sports Marketing<\/title>\n<meta name=\"description\" content=\"RTR Sports Marketing, F1&#039;den Formula E&#039;ye, MotoGP&#039;den WSBK&#039;ya kadar motor sporlar\u0131 sponsorlu\u011funa dair her \u015fey i\u00e7in referans noktan\u0131zd\u0131r\" \/>\n<meta name=\"robots\" content=\"index, follow, max-snippet:-1, max-image-preview:large, max-video-preview:-1\" \/>\n<link rel=\"canonical\" href=\"https:\/\/rtrsports.com\/tr\/sponsorluklar-wsbk\/\" \/>\n<meta property=\"og:locale\" content=\"tr_TR\" \/>\n<meta property=\"og:type\" content=\"article\" \/>\n<meta property=\"og:title\" content=\"WSBK Sponsorlu\u011fu\" \/>\n<meta property=\"og:description\" content=\"RTR Sports Marketing, F1&#039;den Formula E&#039;ye, MotoGP&#039;den WSBK&#039;ya kadar motor sporlar\u0131 sponsorlu\u011funa dair her \u015fey i\u00e7in referans noktan\u0131zd\u0131r\" \/>\n<meta property=\"og:url\" content=\"https:\/\/rtrsports.com\/tr\/sponsorluklar-wsbk\/\" \/>\n<meta property=\"og:site_name\" content=\"RTR Sports\" \/>\n<meta property=\"article:publisher\" content=\"https:\/\/www.facebook.com\/RTRSportsMarketing\/\" \/>\n<meta property=\"og:image\" content=\"https:\/\/rtrsports.com\/wp-content\/uploads\/2024\/09\/WSBK-2.jpg\" \/>\n\t<meta property=\"og:image:width\" content=\"1200\" \/>\n\t<meta property=\"og:image:height\" content=\"813\" \/>\n\t<meta property=\"og:image:type\" content=\"image\/jpeg\" \/>\n<meta name=\"twitter:card\" content=\"summary_large_image\" \/>\n<meta name=\"twitter:site\" content=\"@rtrsports\" \/>\n<meta name=\"twitter:label1\" content=\"Tahmini okuma s\u00fcresi\" \/>\n\t<meta name=\"twitter:data1\" content=\"5 dakika\" \/>\n<script type=\"application\/ld+json\" class=\"yoast-schema-graph\">{\"@context\":\"https:\\\/\\\/schema.org\",\"@graph\":[{\"@type\":\"WebPage\",\"@id\":\"https:\\\/\\\/rtrsports.com\\\/tr\\\/sponsorluklar-wsbk\\\/\",\"url\":\"https:\\\/\\\/rtrsports.com\\\/tr\\\/sponsorluklar-wsbk\\\/\",\"name\":\"WSBK D\u00fcnya Superbike Sponsorlu\u011fu - RTR Sports Marketing\",\"isPartOf\":{\"@id\":\"https:\\\/\\\/rtrsports.com\\\/tr\\\/#website\"},\"primaryImageOfPage\":{\"@id\":\"https:\\\/\\\/rtrsports.com\\\/tr\\\/sponsorluklar-wsbk\\\/#primaryimage\"},\"image\":{\"@id\":\"https:\\\/\\\/rtrsports.com\\\/tr\\\/sponsorluklar-wsbk\\\/#primaryimage\"},\"thumbnailUrl\":\"https:\\\/\\\/rtrsports.com\\\/wp-content\\\/uploads\\\/2024\\\/09\\\/WSBK-2.jpg\",\"datePublished\":\"2023-12-28T08:16:16+00:00\",\"dateModified\":\"2024-10-05T20:25:17+00:00\",\"description\":\"RTR Sports Marketing, F1'den Formula E'ye, MotoGP'den WSBK'ya kadar motor sporlar\u0131 sponsorlu\u011funa dair her \u015fey i\u00e7in referans noktan\u0131zd\u0131r\",\"breadcrumb\":{\"@id\":\"https:\\\/\\\/rtrsports.com\\\/tr\\\/sponsorluklar-wsbk\\\/#breadcrumb\"},\"inLanguage\":\"tr\",\"potentialAction\":[{\"@type\":\"ReadAction\",\"target\":[\"https:\\\/\\\/rtrsports.com\\\/tr\\\/sponsorluklar-wsbk\\\/\"]}]},{\"@type\":\"ImageObject\",\"inLanguage\":\"tr\",\"@id\":\"https:\\\/\\\/rtrsports.com\\\/tr\\\/sponsorluklar-wsbk\\\/#primaryimage\",\"url\":\"https:\\\/\\\/rtrsports.com\\\/wp-content\\\/uploads\\\/2024\\\/09\\\/WSBK-2.jpg\",\"contentUrl\":\"https:\\\/\\\/rtrsports.com\\\/wp-content\\\/uploads\\\/2024\\\/09\\\/WSBK-2.jpg\",\"width\":1200,\"height\":813,\"caption\":\"WSBK Sponsorshipv\"},{\"@type\":\"BreadcrumbList\",\"@id\":\"https:\\\/\\\/rtrsports.com\\\/tr\\\/sponsorluklar-wsbk\\\/#breadcrumb\",\"itemListElement\":[{\"@type\":\"ListItem\",\"position\":1,\"name\":\"Home\",\"item\":\"https:\\\/\\\/rtrsports.com\\\/tr\\\/\"},{\"@type\":\"ListItem\",\"position\":2,\"name\":\"WSBK Sponsorlu\u011fu\"}]},{\"@type\":\"WebSite\",\"@id\":\"https:\\\/\\\/rtrsports.com\\\/tr\\\/#website\",\"url\":\"https:\\\/\\\/rtrsports.com\\\/tr\\\/\",\"name\":\"RTR Sports Marketing\",\"description\":\"RTR Sports Marketing is a global motorsport sponsorship agency and consultancy, specialized in Formula 1 and MotoGP, and active across all major international racing series including Formula E, NASCAR, WEC, WRC and Dakar, helping brands build data-driven, high-performance sponsorship programs.\",\"publisher\":{\"@id\":\"https:\\\/\\\/rtrsports.com\\\/tr\\\/#organization\"},\"alternateName\":\"RTR Sports\",\"potentialAction\":[{\"@type\":\"SearchAction\",\"target\":{\"@type\":\"EntryPoint\",\"urlTemplate\":\"https:\\\/\\\/rtrsports.com\\\/tr\\\/?s={search_term_string}\"},\"query-input\":{\"@type\":\"PropertyValueSpecification\",\"valueRequired\":true,\"valueName\":\"search_term_string\"}}],\"inLanguage\":\"tr\"},{\"@type\":\"Organization\",\"@id\":\"https:\\\/\\\/rtrsports.com\\\/tr\\\/#organization\",\"name\":\"RTR Sports Marketing\",\"alternateName\":\"RTR sports\",\"url\":\"https:\\\/\\\/rtrsports.com\\\/tr\\\/\",\"logo\":{\"@type\":\"ImageObject\",\"inLanguage\":\"tr\",\"@id\":\"https:\\\/\\\/rtrsports.com\\\/tr\\\/#\\\/schema\\\/logo\\\/image\\\/\",\"url\":\"https:\\\/\\\/rtrsports.com\\\/wp-content\\\/uploads\\\/2024\\\/01\\\/rtrsports-anniversary-1.jpg\",\"contentUrl\":\"https:\\\/\\\/rtrsports.com\\\/wp-content\\\/uploads\\\/2024\\\/01\\\/rtrsports-anniversary-1.jpg\",\"width\":946,\"height\":260,\"caption\":\"RTR Sports Marketing\"},\"image\":{\"@id\":\"https:\\\/\\\/rtrsports.com\\\/tr\\\/#\\\/schema\\\/logo\\\/image\\\/\"},\"sameAs\":[\"https:\\\/\\\/www.facebook.com\\\/RTRSportsMarketing\\\/\",\"https:\\\/\\\/x.com\\\/rtrsports\",\"https:\\\/\\\/www.linkedin.com\\\/company\\\/rtr-sports-marketing\\\/\"],\"description\":\"RTR Sports Marketing is a global motorsport sponsorship agency and consultancy, specialized in Formula 1 and MotoGP, and active across all major international racing series including Formula E, NASCAR, WEC, WRC and Dakar, helping brands build data-driven, high-performance sponsorship programs.\",\"email\":\"info@rtrsports.com\",\"legalName\":\"RTR Sports Marketing LTD\",\"numberOfEmployees\":{\"@type\":\"QuantitativeValue\",\"minValue\":\"1\",\"maxValue\":\"10\"}}]}<\/script>\n<!-- \/ Yoast SEO Premium plugin. -->","yoast_head_json":{"title":"WSBK D\u00fcnya Superbike Sponsorlu\u011fu - RTR Sports Marketing","description":"RTR Sports Marketing, F1'den Formula E'ye, MotoGP'den WSBK'ya kadar motor sporlar\u0131 sponsorlu\u011funa dair her \u015fey i\u00e7in referans noktan\u0131zd\u0131r","robots":{"index":"index","follow":"follow","max-snippet":"max-snippet:-1","max-image-preview":"max-image-preview:large","max-video-preview":"max-video-preview:-1"},"canonical":"https:\/\/rtrsports.com\/tr\/sponsorluklar-wsbk\/","og_locale":"tr_TR","og_type":"article","og_title":"WSBK Sponsorlu\u011fu","og_description":"RTR Sports Marketing, F1'den Formula E'ye, MotoGP'den WSBK'ya kadar motor sporlar\u0131 sponsorlu\u011funa dair her \u015fey i\u00e7in referans noktan\u0131zd\u0131r","og_url":"https:\/\/rtrsports.com\/tr\/sponsorluklar-wsbk\/","og_site_name":"RTR Sports","article_publisher":"https:\/\/www.facebook.com\/RTRSportsMarketing\/","og_image":[{"width":1200,"height":813,"url":"https:\/\/rtrsports.com\/wp-content\/uploads\/2024\/09\/WSBK-2.jpg","type":"image\/jpeg"}],"twitter_card":"summary_large_image","twitter_site":"@rtrsports","twitter_misc":{"Tahmini okuma s\u00fcresi":"5 dakika"},"schema":{"@context":"https:\/\/schema.org","@graph":[{"@type":"WebPage","@id":"https:\/\/rtrsports.com\/tr\/sponsorluklar-wsbk\/","url":"https:\/\/rtrsports.com\/tr\/sponsorluklar-wsbk\/","name":"WSBK D\u00fcnya Superbike Sponsorlu\u011fu - RTR Sports Marketing","isPartOf":{"@id":"https:\/\/rtrsports.com\/tr\/#website"},"primaryImageOfPage":{"@id":"https:\/\/rtrsports.com\/tr\/sponsorluklar-wsbk\/#primaryimage"},"image":{"@id":"https:\/\/rtrsports.com\/tr\/sponsorluklar-wsbk\/#primaryimage"},"thumbnailUrl":"https:\/\/rtrsports.com\/wp-content\/uploads\/2024\/09\/WSBK-2.jpg","datePublished":"2023-12-28T08:16:16+00:00","dateModified":"2024-10-05T20:25:17+00:00","description":"RTR Sports Marketing, F1'den Formula E'ye, MotoGP'den WSBK'ya kadar motor sporlar\u0131 sponsorlu\u011funa dair her \u015fey i\u00e7in referans noktan\u0131zd\u0131r","breadcrumb":{"@id":"https:\/\/rtrsports.com\/tr\/sponsorluklar-wsbk\/#breadcrumb"},"inLanguage":"tr","potentialAction":[{"@type":"ReadAction","target":["https:\/\/rtrsports.com\/tr\/sponsorluklar-wsbk\/"]}]},{"@type":"ImageObject","inLanguage":"tr","@id":"https:\/\/rtrsports.com\/tr\/sponsorluklar-wsbk\/#primaryimage","url":"https:\/\/rtrsports.com\/wp-content\/uploads\/2024\/09\/WSBK-2.jpg","contentUrl":"https:\/\/rtrsports.com\/wp-content\/uploads\/2024\/09\/WSBK-2.jpg","width":1200,"height":813,"caption":"WSBK Sponsorshipv"},{"@type":"BreadcrumbList","@id":"https:\/\/rtrsports.com\/tr\/sponsorluklar-wsbk\/#breadcrumb","itemListElement":[{"@type":"ListItem","position":1,"name":"Home","item":"https:\/\/rtrsports.com\/tr\/"},{"@type":"ListItem","position":2,"name":"WSBK Sponsorlu\u011fu"}]},{"@type":"WebSite","@id":"https:\/\/rtrsports.com\/tr\/#website","url":"https:\/\/rtrsports.com\/tr\/","name":"RTR Sports Marketing","description":"RTR Sports Marketing is a global motorsport sponsorship agency and consultancy, specialized in Formula 1 and MotoGP, and active across all major international racing series including Formula E, NASCAR, WEC, WRC and Dakar, helping brands build data-driven, high-performance sponsorship programs.","publisher":{"@id":"https:\/\/rtrsports.com\/tr\/#organization"},"alternateName":"RTR Sports","potentialAction":[{"@type":"SearchAction","target":{"@type":"EntryPoint","urlTemplate":"https:\/\/rtrsports.com\/tr\/?s={search_term_string}"},"query-input":{"@type":"PropertyValueSpecification","valueRequired":true,"valueName":"search_term_string"}}],"inLanguage":"tr"},{"@type":"Organization","@id":"https:\/\/rtrsports.com\/tr\/#organization","name":"RTR Sports Marketing","alternateName":"RTR sports","url":"https:\/\/rtrsports.com\/tr\/","logo":{"@type":"ImageObject","inLanguage":"tr","@id":"https:\/\/rtrsports.com\/tr\/#\/schema\/logo\/image\/","url":"https:\/\/rtrsports.com\/wp-content\/uploads\/2024\/01\/rtrsports-anniversary-1.jpg","contentUrl":"https:\/\/rtrsports.com\/wp-content\/uploads\/2024\/01\/rtrsports-anniversary-1.jpg","width":946,"height":260,"caption":"RTR Sports Marketing"},"image":{"@id":"https:\/\/rtrsports.com\/tr\/#\/schema\/logo\/image\/"},"sameAs":["https:\/\/www.facebook.com\/RTRSportsMarketing\/","https:\/\/x.com\/rtrsports","https:\/\/www.linkedin.com\/company\/rtr-sports-marketing\/"],"description":"RTR Sports Marketing is a global motorsport sponsorship agency and consultancy, specialized in Formula 1 and MotoGP, and active across all major international racing series including Formula E, NASCAR, WEC, WRC and Dakar, helping brands build data-driven, high-performance sponsorship programs.","email":"info@rtrsports.com","legalName":"RTR Sports Marketing LTD","numberOfEmployees":{"@type":"QuantitativeValue","minValue":"1","maxValue":"10"}}]}},"_links":{"self":[{"href":"https:\/\/rtrsports.com\/tr\/wp-json\/wp\/v2\/pages\/144644","targetHints":{"allow":["GET"]}}],"collection":[{"href":"https:\/\/rtrsports.com\/tr\/wp-json\/wp\/v2\/pages"}],"about":[{"href":"https:\/\/rtrsports.com\/tr\/wp-json\/wp\/v2\/types\/page"}],"author":[{"embeddable":true,"href":"https:\/\/rtrsports.com\/tr\/wp-json\/wp\/v2\/users\/2"}],"replies":[{"embeddable":true,"href":"https:\/\/rtrsports.com\/tr\/wp-json\/wp\/v2\/comments?post=144644"}],"version-history":[{"count":4,"href":"https:\/\/rtrsports.com\/tr\/wp-json\/wp\/v2\/pages\/144644\/revisions"}],"predecessor-version":[{"id":254705,"href":"https:\/\/rtrsports.com\/tr\/wp-json\/wp\/v2\/pages\/144644\/revisions\/254705"}],"wp:featuredmedia":[{"embeddable":true,"href":"https:\/\/rtrsports.com\/tr\/wp-json\/wp\/v2\/media\/254690"}],"wp:attachment":[{"href":"https:\/\/rtrsports.com\/tr\/wp-json\/wp\/v2\/media?parent=144644"}],"curies":[{"name":"wp","href":"https:\/\/api.w.org\/{rel}","templated":true}]}}