{"id":144691,"date":"2023-12-28T09:21:04","date_gmt":"2023-12-28T08:21:04","guid":{"rendered":"https:\/\/stg-rtrsportscom-rtrstaging.kinsta.cloud\/misafirperverlik-etkinlikler-spor\/"},"modified":"2024-08-13T13:33:12","modified_gmt":"2024-08-13T11:33:12","slug":"misafirperverlik-etkinlikler-spor","status":"publish","type":"page","link":"https:\/\/rtrsports.com\/tr\/misafirperverlik-etkinlikler-spor\/","title":{"rendered":"A\u011f\u0131rlama Spor Etkinlikleri"},"content":{"rendered":"<p> Bize ula\u015f\u0131n Spor etkinli\u011fi misafirperverli\u011fi, do\u011fru yerde, do\u011fru zamanda, i\u015finizi ba\u015flatmak i\u00e7in <strong>Spor etkinli\u011fi a\u011f\u0131r<\/strong> lama programlar\u0131, yeni m\u00fc\u015fteriler kazanmak veya \u00f6nemli spor etkinliklerinde \u00f6n s\u0131ralarda yer ay\u0131rarak ortaklar\u0131n sadakatini kazanmak i\u00e7in idealdir. Bunlar, m\u00fc\u015fteri-tedarik\u00e7i ili\u015fkisinin profesyonel engellerini a\u015fmak, misafirlerle g\u00fc\u00e7l\u00fc ve kal\u0131c\u0131 ili\u015fkiler kurmak, \u015firket hayat\u0131ndaki anlar\u0131 heyecanl\u0131 hale getirmek ve yeni m\u00fczakereleri daha kolay sonu\u00e7land\u0131rmak i\u00e7in do\u011fru ba\u011flamlard\u0131r.MotoGP Hospitality&#8217;nin lider ajans\u0131 olan RTR Sports&#8217;un gurur kayna\u011f\u0131, sporu, mekanlar\u0131 ve b\u00f6lgeyi m\u00fckemmel bir \u015fekilde bilen, kendini i\u015fine adam\u0131\u015f ve deneyimli Etkinlik Y\u00f6neticilerini her zaman sahaya g\u00f6ndermesidir. D\u00fcnyan\u0131n d\u00f6rt bir yan\u0131ndaki spor etkinliklerinde on be\u015f y\u0131ldan fazla deneyime sahip olan hesaplar\u0131m\u0131z, bu inan\u0131lmaz etkinliklerin g\u00fczelli\u011fini ve n\u00fcanslar\u0131n\u0131 yak\u0131ndan takdir etmenizi sa\u011flayacakt\u0131r. Onlarla birlikte seyircilerin bilmedi\u011fi perde arkas\u0131n\u0131 g\u00f6zlemleyebilecek, i\u00e7eridekilerin mekanlar\u0131n\u0131n atmosferini soluyabilecek ve s\u00fcr\u00fcc\u00fcler, oyuncular, teknisyenler ve kahramanlarla tan\u0131\u015fabileceksiniz. Spor etkinlikleri d\u00fczenlemekle ilgileniyor musunuz? <a href=\"https:\/\/rtrsports.com\/tr\/iletisim-rtr-spor-pazarlama\/\">Bizimle \u00e7al\u0131\u015f\u0131n<\/a>!MotoGP Yetkili Acentesi VIP K\u00f6y\u00fc<\/p>\n<p style=\"text-align: center;\"><span style=\"color: #ffffff;\">Yetkili bir MotoGP VIP Village acentesi olmaktan gurur duyuyoruz.<\/span><br \/>\n<span style=\"color: #ffffff;\">Bu, sahadaki \u00e7al\u0131\u015fmalar\u0131m\u0131z\u0131n kalitesinin ve organizasyonla, y\u00f6netim organlar\u0131yla ve t\u00fcm MotoGP tak\u0131mlar\u0131yla kurdu\u011fumuz m\u00fckemmel ili\u015fkilerin bir kan\u0131t\u0131d\u0131r. <\/span><br \/>\n<span style=\"color: #ffffff;\">Biz 20 y\u0131l\u0131 a\u015fk\u0131n bir s\u00fcredir padoktay\u0131z ve bu heyecan verici d\u00fcnyada size e\u015flik etmek bizim i\u00e7in bir zevk olacakt\u0131r. <\/span><br \/>\n<span style=\"color: #ffffff;\">\u0130ki tekerlekli yar\u0131\u015flar\u0131n en \u00fcst serisindeki en \u00f6zel deneyime haz\u0131r m\u0131s\u0131n\u0131z?<\/span>Daha Fazla BilgiM\u00fckemmel konumlar, \u00f6zelle\u015ftirilmi\u015f \u00e7\u00f6z\u00fcmler MotoGP VIP K\u00f6y\u00fcResmi MotoGP Kurumsal A\u011f\u0131rlama program\u0131, a\u011f\u0131rlama d\u00fcnyas\u0131nda m\u00fckemmelli\u011fi temsil etmektedir. MotoGP VIP K\u00f6y\u00fc, m\u00fc\u015fterilerinizle bulu\u015fmak veya yat\u0131r\u0131mc\u0131lar\u0131n\u0131za e\u015fi benzeri g\u00f6r\u00fclmemi\u015f bir heyecan ya\u015fatmak i\u00e7in ideal ve en \u00f6zel yerdir. Ayr\u0131cal\u0131kl\u0131 konumlar, birinci s\u0131n\u0131f ikram hizmetleri, kusursuz servis ve ki\u015fiye \u00f6zel e\u011flence paketleri bu inan\u0131lmaz f\u0131rsat\u0131n merkezinde yer almaktad\u0131r.Formula 1 Padok Kul\u00fcb\u00fcFormula 1 d\u00fcnyan\u0131n en \u00f6nemli motor yar\u0131\u015flar\u0131 \u015fampiyonas\u0131d\u0131r. \u0130zleyici pay\u0131 a\u00e7\u0131s\u0131ndan, Olimpiyatlar ve D\u00fcnya Kupas\u0131&#8217;n\u0131n ard\u0131ndan d\u00fcnyada en \u00e7ok izlenen \u00fc\u00e7\u00fcnc\u00fc spor etkinli\u011fi. Paddock Club, bu g\u00f6steriyi yak\u0131ndan deneyimlemek i\u00e7in en \u00f6zel deneyimdir. Ayr\u0131cal\u0131kl\u0131 konumlar, pitlerin ve pit yolunun muhte\u015fem manzaras\u0131, ayr\u0131cal\u0131kl\u0131 otopark ve her zaman a\u00e7\u0131k olan \u015f\u0131k kokteyl barlar\u0131, birinci s\u0131n\u0131f mutfak ve kusursuz hizmetin yan\u0131 s\u0131ra Paddock Club&#8217;\u0131n sundu\u011fu \u00f6zelliklerden sadece birka\u00e7\u0131d\u0131r.\u00d6zelle\u015ftirilmi\u015f \u00c7\u00f6z\u00fcmlerSizin ve \u015firketinizin ihtiya\u00e7lar\u0131 ne olursa olsun, RTR her t\u00fcrl\u00fc stratejik, organizasyonel ve lojistik gereksinimi kar\u015f\u0131layarak size \u00f6zel \u00e7\u00f6z\u00fcmler sunabilir. Herhangi bir sahada, herhangi bir spor dal\u0131nda, herhangi bir enlemde.Baz\u0131 \u00f6rnekler? Eastpak MotoGPYamaha Factory Racing Team&#8217;in Resmi Tedarik\u00e7isi <a title=\"Eastpak\" href=\"https:\/\/rtrsports.com\/tr\/portfolio-posts\/eastpak-and-yamaha-factory-racing-the-partnership-and-care-of-rtr\/\">Eastpak<\/a>, San Marino ve Riviera di Rimini Grand Prix&#8217;sindeki a\u011f\u0131rlama faaliyetlerini y\u00f6netmesi i\u00e7in RTR Sports Marketing ile anla\u015ft\u0131. Bu iki lider marka aras\u0131ndaki ortakl\u0131\u011f\u0131n tamam\u0131nda dan\u0131\u015fmanl\u0131k yapan RTR Sports Marketing, Eastpak&#8217;in en prestijli konuklar\u0131 i\u00e7in heyecan, e\u011flence ve motorlarla dolu bir hafta sonu tasarlad\u0131 ve tasarlad\u0131.ENI Formula 1Macaristan Grand Prix&#8217;sinin Ba\u015f Sponsoru ENI, F1 Padok Kul\u00fcb\u00fc&#8217;ndeki a\u011f\u0131rlama faaliyetlerinin y\u00f6netimini RTR Sports Marketing&#8217;e emanet etti. ENI b\u00f6ylece misafirlerini her t\u00fcrl\u00fc konforla donat\u0131lm\u0131\u015f ve Pit Lane&#8217;e ayr\u0131cal\u0131kl\u0131 eri\u015fimi olan benzersiz bir ortamda a\u011f\u0131rlayabildi.Bartolini BNL Internazionali d&#8217;ItaliaBartolini, RTR Sports Marketing&#8217;in dan\u0131\u015fmanl\u0131\u011f\u0131 sayesinde \u0130talya&#8217;n\u0131n en \u00f6nemli tenis turnuvas\u0131 olan Internazionali di Tennis&#8217;i Roma&#8217;daki Foro Italico&#8217;da m\u00fc\u015fterilerine sundu. Konuklar g\u00f6steriyi, turnuva s\u00fcresince \u015firket i\u00e7in ayr\u0131lan orta sahadaki sponsor stand\u0131nda ayr\u0131cal\u0131kl\u0131 bir konumdan izledi.A\u011f\u0131rlama ar\u015fivimize bak\u0131n<\/p>\n","protected":false},"excerpt":{"rendered":"<p>Yetkili bir MotoGP VIP Village acentesi olmaktan gurur duyuyoruz. Bu, sahadaki \u00e7al\u0131\u015fmalar\u0131m\u0131z\u0131n kalitesinin ve organizasyonla, y\u00f6netim organlar\u0131yla ve t\u00fcm MotoGP tak\u0131mlar\u0131yla kurdu\u011fumuz m\u00fckemmel ili\u015fkilerin bir kan\u0131t\u0131d\u0131r. Biz 20 y\u0131l\u0131 a\u015fk\u0131n bir s\u00fcredir padoktay\u0131z ve bu heyecan verici d\u00fcnyada size e\u015flik etmek bizim i\u00e7in bir zevk olacakt\u0131r. \u0130ki tekerlekli yar\u0131\u015flar\u0131n en \u00fcst serisindeki en \u00f6zel deneyime [&hellip;]<\/p>\n","protected":false},"author":2,"featured_media":0,"parent":0,"menu_order":0,"comment_status":"open","ping_status":"closed","template":"page-template\/page-flexible-template.php","meta":{"_acf_changed":false,"footnotes":""},"class_list":["post-144691","page","type-page","status-publish","hentry"],"acf":[],"yoast_head":"<!-- This site is optimized with the Yoast SEO Premium plugin v26.8 (Yoast SEO v27.4) - https:\/\/yoast.com\/product\/yoast-seo-premium-wordpress\/ -->\n<title>A\u011f\u0131rlama Spor Etkinlikleri - RTR Sports Marketing<\/title>\n<meta name=\"description\" content=\"RTR Sports, Spor Etkinli\u011fi A\u011f\u0131rlama f\u0131rsatlar\u0131 sunar: \u015firketler, tak\u0131mlar ve m\u00fc\u015fteriler i\u00e7in \u00e7\u00f6z\u00fcmler. VIP K\u00f6y\u00fc ve Paddock Pass&#039;\u0131 ke\u015ffedin.\" \/>\n<meta name=\"robots\" content=\"index, follow, max-snippet:-1, max-image-preview:large, max-video-preview:-1\" \/>\n<link rel=\"canonical\" href=\"https:\/\/rtrsports.com\/tr\/misafirperverlik-etkinlikler-spor\/\" \/>\n<meta property=\"og:locale\" content=\"tr_TR\" \/>\n<meta property=\"og:type\" content=\"article\" \/>\n<meta property=\"og:title\" content=\"A\u011f\u0131rlama Spor Etkinlikleri\" \/>\n<meta property=\"og:description\" content=\"RTR Sports, Spor Etkinli\u011fi A\u011f\u0131rlama f\u0131rsatlar\u0131 sunar: \u015firketler, tak\u0131mlar ve m\u00fc\u015fteriler i\u00e7in \u00e7\u00f6z\u00fcmler. VIP K\u00f6y\u00fc ve Paddock Pass&#039;\u0131 ke\u015ffedin.\" \/>\n<meta property=\"og:url\" content=\"https:\/\/rtrsports.com\/tr\/misafirperverlik-etkinlikler-spor\/\" \/>\n<meta property=\"og:site_name\" content=\"RTR Sports\" \/>\n<meta property=\"article:publisher\" content=\"https:\/\/www.facebook.com\/RTRSportsMarketing\/\" \/>\n<meta property=\"og:image\" content=\"https:\/\/rtrsports.com\/wp-content\/uploads\/2026\/01\/pramac-hero-scaled.jpg\" \/>\n\t<meta property=\"og:image:width\" content=\"2560\" \/>\n\t<meta property=\"og:image:height\" content=\"1280\" \/>\n\t<meta property=\"og:image:type\" content=\"image\/jpeg\" \/>\n<meta name=\"twitter:card\" content=\"summary_large_image\" \/>\n<meta name=\"twitter:site\" content=\"@rtrsports\" \/>\n<meta name=\"twitter:label1\" content=\"Tahmini okuma s\u00fcresi\" \/>\n\t<meta name=\"twitter:data1\" content=\"4 dakika\" \/>\n<script type=\"application\/ld+json\" class=\"yoast-schema-graph\">{\"@context\":\"https:\\\/\\\/schema.org\",\"@graph\":[{\"@type\":\"WebPage\",\"@id\":\"https:\\\/\\\/rtrsports.com\\\/tr\\\/misafirperverlik-etkinlikler-spor\\\/\",\"url\":\"https:\\\/\\\/rtrsports.com\\\/tr\\\/misafirperverlik-etkinlikler-spor\\\/\",\"name\":\"A\u011f\u0131rlama Spor Etkinlikleri - RTR Sports Marketing\",\"isPartOf\":{\"@id\":\"https:\\\/\\\/rtrsports.com\\\/tr\\\/#website\"},\"datePublished\":\"2023-12-28T08:21:04+00:00\",\"dateModified\":\"2024-08-13T11:33:12+00:00\",\"description\":\"RTR Sports, Spor Etkinli\u011fi A\u011f\u0131rlama f\u0131rsatlar\u0131 sunar: \u015firketler, tak\u0131mlar ve m\u00fc\u015fteriler i\u00e7in \u00e7\u00f6z\u00fcmler. VIP K\u00f6y\u00fc ve Paddock Pass'\u0131 ke\u015ffedin.\",\"breadcrumb\":{\"@id\":\"https:\\\/\\\/rtrsports.com\\\/tr\\\/misafirperverlik-etkinlikler-spor\\\/#breadcrumb\"},\"inLanguage\":\"tr\",\"potentialAction\":[{\"@type\":\"ReadAction\",\"target\":[\"https:\\\/\\\/rtrsports.com\\\/tr\\\/misafirperverlik-etkinlikler-spor\\\/\"]}]},{\"@type\":\"BreadcrumbList\",\"@id\":\"https:\\\/\\\/rtrsports.com\\\/tr\\\/misafirperverlik-etkinlikler-spor\\\/#breadcrumb\",\"itemListElement\":[{\"@type\":\"ListItem\",\"position\":1,\"name\":\"Home\",\"item\":\"https:\\\/\\\/rtrsports.com\\\/tr\\\/\"},{\"@type\":\"ListItem\",\"position\":2,\"name\":\"A\u011f\u0131rlama Spor Etkinlikleri\"}]},{\"@type\":\"WebSite\",\"@id\":\"https:\\\/\\\/rtrsports.com\\\/tr\\\/#website\",\"url\":\"https:\\\/\\\/rtrsports.com\\\/tr\\\/\",\"name\":\"RTR Sports Marketing\",\"description\":\"RTR Sports Marketing is a global motorsport sponsorship agency and consultancy, specialized in Formula 1 and MotoGP, and active across all major international racing series including Formula E, NASCAR, WEC, WRC and Dakar, helping brands build data-driven, high-performance sponsorship programs.\",\"publisher\":{\"@id\":\"https:\\\/\\\/rtrsports.com\\\/tr\\\/#organization\"},\"alternateName\":\"RTR Sports\",\"potentialAction\":[{\"@type\":\"SearchAction\",\"target\":{\"@type\":\"EntryPoint\",\"urlTemplate\":\"https:\\\/\\\/rtrsports.com\\\/tr\\\/?s={search_term_string}\"},\"query-input\":{\"@type\":\"PropertyValueSpecification\",\"valueRequired\":true,\"valueName\":\"search_term_string\"}}],\"inLanguage\":\"tr\"},{\"@type\":\"Organization\",\"@id\":\"https:\\\/\\\/rtrsports.com\\\/tr\\\/#organization\",\"name\":\"RTR Sports Marketing\",\"alternateName\":\"RTR sports\",\"url\":\"https:\\\/\\\/rtrsports.com\\\/tr\\\/\",\"logo\":{\"@type\":\"ImageObject\",\"inLanguage\":\"tr\",\"@id\":\"https:\\\/\\\/rtrsports.com\\\/tr\\\/#\\\/schema\\\/logo\\\/image\\\/\",\"url\":\"https:\\\/\\\/rtrsports.com\\\/wp-content\\\/uploads\\\/2024\\\/01\\\/rtrsports-anniversary-1.jpg\",\"contentUrl\":\"https:\\\/\\\/rtrsports.com\\\/wp-content\\\/uploads\\\/2024\\\/01\\\/rtrsports-anniversary-1.jpg\",\"width\":946,\"height\":260,\"caption\":\"RTR Sports Marketing\"},\"image\":{\"@id\":\"https:\\\/\\\/rtrsports.com\\\/tr\\\/#\\\/schema\\\/logo\\\/image\\\/\"},\"sameAs\":[\"https:\\\/\\\/www.facebook.com\\\/RTRSportsMarketing\\\/\",\"https:\\\/\\\/x.com\\\/rtrsports\",\"https:\\\/\\\/www.linkedin.com\\\/company\\\/rtr-sports-marketing\\\/\"],\"description\":\"RTR Sports Marketing is a global motorsport sponsorship agency and consultancy, specialized in Formula 1 and MotoGP, and active across all major international racing series including Formula E, NASCAR, WEC, WRC and Dakar, helping brands build data-driven, high-performance sponsorship programs.\",\"email\":\"info@rtrsports.com\",\"legalName\":\"RTR Sports Marketing LTD\",\"numberOfEmployees\":{\"@type\":\"QuantitativeValue\",\"minValue\":\"1\",\"maxValue\":\"10\"}}]}<\/script>\n<!-- \/ Yoast SEO Premium plugin. -->","yoast_head_json":{"title":"A\u011f\u0131rlama Spor Etkinlikleri - RTR Sports Marketing","description":"RTR Sports, Spor Etkinli\u011fi A\u011f\u0131rlama f\u0131rsatlar\u0131 sunar: \u015firketler, tak\u0131mlar ve m\u00fc\u015fteriler i\u00e7in \u00e7\u00f6z\u00fcmler. VIP K\u00f6y\u00fc ve Paddock Pass'\u0131 ke\u015ffedin.","robots":{"index":"index","follow":"follow","max-snippet":"max-snippet:-1","max-image-preview":"max-image-preview:large","max-video-preview":"max-video-preview:-1"},"canonical":"https:\/\/rtrsports.com\/tr\/misafirperverlik-etkinlikler-spor\/","og_locale":"tr_TR","og_type":"article","og_title":"A\u011f\u0131rlama Spor Etkinlikleri","og_description":"RTR Sports, Spor Etkinli\u011fi A\u011f\u0131rlama f\u0131rsatlar\u0131 sunar: \u015firketler, tak\u0131mlar ve m\u00fc\u015fteriler i\u00e7in \u00e7\u00f6z\u00fcmler. VIP K\u00f6y\u00fc ve Paddock Pass'\u0131 ke\u015ffedin.","og_url":"https:\/\/rtrsports.com\/tr\/misafirperverlik-etkinlikler-spor\/","og_site_name":"RTR Sports","article_publisher":"https:\/\/www.facebook.com\/RTRSportsMarketing\/","og_image":[{"width":2560,"height":1280,"url":"https:\/\/rtrsports.com\/wp-content\/uploads\/2026\/01\/pramac-hero-scaled.jpg","type":"image\/jpeg"}],"twitter_card":"summary_large_image","twitter_site":"@rtrsports","twitter_misc":{"Tahmini okuma s\u00fcresi":"4 dakika"},"schema":{"@context":"https:\/\/schema.org","@graph":[{"@type":"WebPage","@id":"https:\/\/rtrsports.com\/tr\/misafirperverlik-etkinlikler-spor\/","url":"https:\/\/rtrsports.com\/tr\/misafirperverlik-etkinlikler-spor\/","name":"A\u011f\u0131rlama Spor Etkinlikleri - RTR Sports Marketing","isPartOf":{"@id":"https:\/\/rtrsports.com\/tr\/#website"},"datePublished":"2023-12-28T08:21:04+00:00","dateModified":"2024-08-13T11:33:12+00:00","description":"RTR Sports, Spor Etkinli\u011fi A\u011f\u0131rlama f\u0131rsatlar\u0131 sunar: \u015firketler, tak\u0131mlar ve m\u00fc\u015fteriler i\u00e7in \u00e7\u00f6z\u00fcmler. VIP K\u00f6y\u00fc ve Paddock Pass'\u0131 ke\u015ffedin.","breadcrumb":{"@id":"https:\/\/rtrsports.com\/tr\/misafirperverlik-etkinlikler-spor\/#breadcrumb"},"inLanguage":"tr","potentialAction":[{"@type":"ReadAction","target":["https:\/\/rtrsports.com\/tr\/misafirperverlik-etkinlikler-spor\/"]}]},{"@type":"BreadcrumbList","@id":"https:\/\/rtrsports.com\/tr\/misafirperverlik-etkinlikler-spor\/#breadcrumb","itemListElement":[{"@type":"ListItem","position":1,"name":"Home","item":"https:\/\/rtrsports.com\/tr\/"},{"@type":"ListItem","position":2,"name":"A\u011f\u0131rlama Spor Etkinlikleri"}]},{"@type":"WebSite","@id":"https:\/\/rtrsports.com\/tr\/#website","url":"https:\/\/rtrsports.com\/tr\/","name":"RTR Sports Marketing","description":"RTR Sports Marketing is a global motorsport sponsorship agency and consultancy, specialized in Formula 1 and MotoGP, and active across all major international racing series including Formula E, NASCAR, WEC, WRC and Dakar, helping brands build data-driven, high-performance sponsorship programs.","publisher":{"@id":"https:\/\/rtrsports.com\/tr\/#organization"},"alternateName":"RTR Sports","potentialAction":[{"@type":"SearchAction","target":{"@type":"EntryPoint","urlTemplate":"https:\/\/rtrsports.com\/tr\/?s={search_term_string}"},"query-input":{"@type":"PropertyValueSpecification","valueRequired":true,"valueName":"search_term_string"}}],"inLanguage":"tr"},{"@type":"Organization","@id":"https:\/\/rtrsports.com\/tr\/#organization","name":"RTR Sports Marketing","alternateName":"RTR sports","url":"https:\/\/rtrsports.com\/tr\/","logo":{"@type":"ImageObject","inLanguage":"tr","@id":"https:\/\/rtrsports.com\/tr\/#\/schema\/logo\/image\/","url":"https:\/\/rtrsports.com\/wp-content\/uploads\/2024\/01\/rtrsports-anniversary-1.jpg","contentUrl":"https:\/\/rtrsports.com\/wp-content\/uploads\/2024\/01\/rtrsports-anniversary-1.jpg","width":946,"height":260,"caption":"RTR Sports Marketing"},"image":{"@id":"https:\/\/rtrsports.com\/tr\/#\/schema\/logo\/image\/"},"sameAs":["https:\/\/www.facebook.com\/RTRSportsMarketing\/","https:\/\/x.com\/rtrsports","https:\/\/www.linkedin.com\/company\/rtr-sports-marketing\/"],"description":"RTR Sports Marketing is a global motorsport sponsorship agency and consultancy, specialized in Formula 1 and MotoGP, and active across all major international racing series including Formula E, NASCAR, WEC, WRC and Dakar, helping brands build data-driven, high-performance sponsorship programs.","email":"info@rtrsports.com","legalName":"RTR Sports Marketing LTD","numberOfEmployees":{"@type":"QuantitativeValue","minValue":"1","maxValue":"10"}}]}},"_links":{"self":[{"href":"https:\/\/rtrsports.com\/tr\/wp-json\/wp\/v2\/pages\/144691","targetHints":{"allow":["GET"]}}],"collection":[{"href":"https:\/\/rtrsports.com\/tr\/wp-json\/wp\/v2\/pages"}],"about":[{"href":"https:\/\/rtrsports.com\/tr\/wp-json\/wp\/v2\/types\/page"}],"author":[{"embeddable":true,"href":"https:\/\/rtrsports.com\/tr\/wp-json\/wp\/v2\/users\/2"}],"replies":[{"embeddable":true,"href":"https:\/\/rtrsports.com\/tr\/wp-json\/wp\/v2\/comments?post=144691"}],"version-history":[{"count":1,"href":"https:\/\/rtrsports.com\/tr\/wp-json\/wp\/v2\/pages\/144691\/revisions"}],"predecessor-version":[{"id":251601,"href":"https:\/\/rtrsports.com\/tr\/wp-json\/wp\/v2\/pages\/144691\/revisions\/251601"}],"wp:attachment":[{"href":"https:\/\/rtrsports.com\/tr\/wp-json\/wp\/v2\/media?parent=144691"}],"curies":[{"name":"wp","href":"https:\/\/api.w.org\/{rel}","templated":true}]}}