{"id":144695,"date":"2023-12-28T09:21:46","date_gmt":"2023-12-28T08:21:46","guid":{"rendered":"https:\/\/stg-rtrsportscom-rtrstaging.kinsta.cloud\/sponsorluk-spor-2\/"},"modified":"2024-10-14T15:21:58","modified_gmt":"2024-10-14T13:21:58","slug":"sponsorluk-spor-2","status":"publish","type":"page","link":"https:\/\/rtrsports.com\/tr\/sponsorluk-spor-2\/","title":{"rendered":"RTR Sports Lider Sponsorluk Ajans\u0131 ile Spor Sponsorluklar\u0131"},"content":{"rendered":"","protected":false},"excerpt":{"rendered":"","protected":false},"author":2,"featured_media":144696,"parent":0,"menu_order":0,"comment_status":"open","ping_status":"closed","template":"page-template\/page-flexible-template.php","meta":{"_acf_changed":false,"footnotes":""},"class_list":["post-144695","page","type-page","status-publish","has-post-thumbnail","hentry"],"acf":[],"yoast_head":"<!-- This site is optimized with the Yoast SEO Premium plugin v26.8 (Yoast SEO v27.3) - https:\/\/yoast.com\/product\/yoast-seo-premium-wordpress\/ -->\n<title>Spor Sponsorluklar\u0131 | RTR Sports Marketing<\/title>\n<meta name=\"description\" content=\"RTR Sports, 1995 y\u0131l\u0131ndan bu yana spor sponsorlu\u011fu ve spor pazarlamas\u0131nda lider bir ajans olmu\u015ftur. MotoGP&#039;den Formula E&#039;ye, Formula 1&#039;den t\u00fcm motor sporlar\u0131 serilerine kadar \u015firketiniz i\u00e7in en iyi sponsorluk projesini sizinle birlikte tasarl\u0131yor ve y\u00f6netiyoruz.\" \/>\n<meta name=\"robots\" content=\"index, follow, max-snippet:-1, max-image-preview:large, max-video-preview:-1\" \/>\n<link rel=\"canonical\" href=\"https:\/\/rtrsports.com\/tr\/sponsorluk-spor-2\/\" \/>\n<meta property=\"og:locale\" content=\"tr_TR\" \/>\n<meta property=\"og:type\" content=\"article\" \/>\n<meta property=\"og:title\" content=\"RTR Sports Lider Sponsorluk Ajans\u0131 ile Spor Sponsorluklar\u0131\" \/>\n<meta property=\"og:description\" content=\"RTR Sports, 1995 y\u0131l\u0131ndan bu yana spor sponsorlu\u011fu ve spor pazarlamas\u0131nda lider bir ajans olmu\u015ftur. MotoGP&#039;den Formula E&#039;ye, Formula 1&#039;den t\u00fcm motor sporlar\u0131 serilerine kadar \u015firketiniz i\u00e7in en iyi sponsorluk projesini sizinle birlikte tasarl\u0131yor ve y\u00f6netiyoruz.\" \/>\n<meta property=\"og:url\" content=\"https:\/\/rtrsports.com\/tr\/sponsorluk-spor-2\/\" \/>\n<meta property=\"og:site_name\" content=\"RTR Sports\" \/>\n<meta property=\"article:publisher\" content=\"https:\/\/www.facebook.com\/RTRSportsMarketing\/\" \/>\n<meta property=\"og:image\" content=\"https:\/\/rtrsports.com\/wp-content\/uploads\/2020\/07\/vip-village-head.png\" \/>\n\t<meta property=\"og:image:width\" content=\"2500\" \/>\n\t<meta property=\"og:image:height\" content=\"1042\" \/>\n\t<meta property=\"og:image:type\" content=\"image\/png\" \/>\n<meta name=\"twitter:card\" content=\"summary_large_image\" \/>\n<meta name=\"twitter:site\" content=\"@rtrsports\" \/>\n<meta name=\"twitter:label1\" content=\"Tahmini okuma s\u00fcresi\" \/>\n\t<meta name=\"twitter:data1\" content=\"1 dakika\" \/>\n<script type=\"application\/ld+json\" class=\"yoast-schema-graph\">{\"@context\":\"https:\\\/\\\/schema.org\",\"@graph\":[{\"@type\":\"WebPage\",\"@id\":\"https:\\\/\\\/rtrsports.com\\\/tr\\\/sponsorluk-spor-2\\\/\",\"url\":\"https:\\\/\\\/rtrsports.com\\\/tr\\\/sponsorluk-spor-2\\\/\",\"name\":\"Spor Sponsorluklar\u0131 | RTR Sports Marketing\",\"isPartOf\":{\"@id\":\"https:\\\/\\\/rtrsports.com\\\/tr\\\/#website\"},\"primaryImageOfPage\":{\"@id\":\"https:\\\/\\\/rtrsports.com\\\/tr\\\/sponsorluk-spor-2\\\/#primaryimage\"},\"image\":{\"@id\":\"https:\\\/\\\/rtrsports.com\\\/tr\\\/sponsorluk-spor-2\\\/#primaryimage\"},\"thumbnailUrl\":\"https:\\\/\\\/rtrsports.com\\\/wp-content\\\/uploads\\\/2020\\\/07\\\/vip-village-head.png\",\"datePublished\":\"2023-12-28T08:21:46+00:00\",\"dateModified\":\"2024-10-14T13:21:58+00:00\",\"description\":\"RTR Sports, 1995 y\u0131l\u0131ndan bu yana spor sponsorlu\u011fu ve spor pazarlamas\u0131nda lider bir ajans olmu\u015ftur. MotoGP'den Formula E'ye, Formula 1'den t\u00fcm motor sporlar\u0131 serilerine kadar \u015firketiniz i\u00e7in en iyi sponsorluk projesini sizinle birlikte tasarl\u0131yor ve y\u00f6netiyoruz.\",\"breadcrumb\":{\"@id\":\"https:\\\/\\\/rtrsports.com\\\/tr\\\/sponsorluk-spor-2\\\/#breadcrumb\"},\"inLanguage\":\"tr\",\"potentialAction\":[{\"@type\":\"ReadAction\",\"target\":[\"https:\\\/\\\/rtrsports.com\\\/tr\\\/sponsorluk-spor-2\\\/\"]}]},{\"@type\":\"ImageObject\",\"inLanguage\":\"tr\",\"@id\":\"https:\\\/\\\/rtrsports.com\\\/tr\\\/sponsorluk-spor-2\\\/#primaryimage\",\"url\":\"https:\\\/\\\/rtrsports.com\\\/wp-content\\\/uploads\\\/2020\\\/07\\\/vip-village-head.png\",\"contentUrl\":\"https:\\\/\\\/rtrsports.com\\\/wp-content\\\/uploads\\\/2020\\\/07\\\/vip-village-head.png\",\"width\":2500,\"height\":1042,\"caption\":\"\"},{\"@type\":\"BreadcrumbList\",\"@id\":\"https:\\\/\\\/rtrsports.com\\\/tr\\\/sponsorluk-spor-2\\\/#breadcrumb\",\"itemListElement\":[{\"@type\":\"ListItem\",\"position\":1,\"name\":\"Home\",\"item\":\"https:\\\/\\\/rtrsports.com\\\/tr\\\/\"},{\"@type\":\"ListItem\",\"position\":2,\"name\":\"RTR Sports Lider Sponsorluk Ajans\u0131 ile Spor Sponsorluklar\u0131\"}]},{\"@type\":\"WebSite\",\"@id\":\"https:\\\/\\\/rtrsports.com\\\/tr\\\/#website\",\"url\":\"https:\\\/\\\/rtrsports.com\\\/tr\\\/\",\"name\":\"RTR Sports Marketing\",\"description\":\"RTR Sports Marketing is a global motorsport sponsorship agency and consultancy, specialized in Formula 1 and MotoGP, and active across all major international racing series including Formula E, NASCAR, WEC, WRC and Dakar, helping brands build data-driven, high-performance sponsorship programs.\",\"publisher\":{\"@id\":\"https:\\\/\\\/rtrsports.com\\\/tr\\\/#organization\"},\"alternateName\":\"RTR Sports\",\"potentialAction\":[{\"@type\":\"SearchAction\",\"target\":{\"@type\":\"EntryPoint\",\"urlTemplate\":\"https:\\\/\\\/rtrsports.com\\\/tr\\\/?s={search_term_string}\"},\"query-input\":{\"@type\":\"PropertyValueSpecification\",\"valueRequired\":true,\"valueName\":\"search_term_string\"}}],\"inLanguage\":\"tr\"},{\"@type\":\"Organization\",\"@id\":\"https:\\\/\\\/rtrsports.com\\\/tr\\\/#organization\",\"name\":\"RTR Sports Marketing\",\"alternateName\":\"RTR sports\",\"url\":\"https:\\\/\\\/rtrsports.com\\\/tr\\\/\",\"logo\":{\"@type\":\"ImageObject\",\"inLanguage\":\"tr\",\"@id\":\"https:\\\/\\\/rtrsports.com\\\/tr\\\/#\\\/schema\\\/logo\\\/image\\\/\",\"url\":\"https:\\\/\\\/rtrsports.com\\\/wp-content\\\/uploads\\\/2024\\\/01\\\/rtrsports-anniversary-1.jpg\",\"contentUrl\":\"https:\\\/\\\/rtrsports.com\\\/wp-content\\\/uploads\\\/2024\\\/01\\\/rtrsports-anniversary-1.jpg\",\"width\":946,\"height\":260,\"caption\":\"RTR Sports Marketing\"},\"image\":{\"@id\":\"https:\\\/\\\/rtrsports.com\\\/tr\\\/#\\\/schema\\\/logo\\\/image\\\/\"},\"sameAs\":[\"https:\\\/\\\/www.facebook.com\\\/RTRSportsMarketing\\\/\",\"https:\\\/\\\/x.com\\\/rtrsports\",\"https:\\\/\\\/www.linkedin.com\\\/company\\\/rtr-sports-marketing\\\/\"],\"description\":\"RTR Sports Marketing is a global motorsport sponsorship agency and consultancy, specialized in Formula 1 and MotoGP, and active across all major international racing series including Formula E, NASCAR, WEC, WRC and Dakar, helping brands build data-driven, high-performance sponsorship programs.\",\"email\":\"info@rtrsports.com\",\"legalName\":\"RTR Sports Marketing LTD\",\"numberOfEmployees\":{\"@type\":\"QuantitativeValue\",\"minValue\":\"1\",\"maxValue\":\"10\"}}]}<\/script>\n<!-- \/ Yoast SEO Premium plugin. -->","yoast_head_json":{"title":"Spor Sponsorluklar\u0131 | RTR Sports Marketing","description":"RTR Sports, 1995 y\u0131l\u0131ndan bu yana spor sponsorlu\u011fu ve spor pazarlamas\u0131nda lider bir ajans olmu\u015ftur. MotoGP'den Formula E'ye, Formula 1'den t\u00fcm motor sporlar\u0131 serilerine kadar \u015firketiniz i\u00e7in en iyi sponsorluk projesini sizinle birlikte tasarl\u0131yor ve y\u00f6netiyoruz.","robots":{"index":"index","follow":"follow","max-snippet":"max-snippet:-1","max-image-preview":"max-image-preview:large","max-video-preview":"max-video-preview:-1"},"canonical":"https:\/\/rtrsports.com\/tr\/sponsorluk-spor-2\/","og_locale":"tr_TR","og_type":"article","og_title":"RTR Sports Lider Sponsorluk Ajans\u0131 ile Spor Sponsorluklar\u0131","og_description":"RTR Sports, 1995 y\u0131l\u0131ndan bu yana spor sponsorlu\u011fu ve spor pazarlamas\u0131nda lider bir ajans olmu\u015ftur. MotoGP'den Formula E'ye, Formula 1'den t\u00fcm motor sporlar\u0131 serilerine kadar \u015firketiniz i\u00e7in en iyi sponsorluk projesini sizinle birlikte tasarl\u0131yor ve y\u00f6netiyoruz.","og_url":"https:\/\/rtrsports.com\/tr\/sponsorluk-spor-2\/","og_site_name":"RTR Sports","article_publisher":"https:\/\/www.facebook.com\/RTRSportsMarketing\/","og_image":[{"width":2500,"height":1042,"url":"https:\/\/rtrsports.com\/wp-content\/uploads\/2020\/07\/vip-village-head.png","type":"image\/png"}],"twitter_card":"summary_large_image","twitter_site":"@rtrsports","twitter_misc":{"Tahmini okuma s\u00fcresi":"1 dakika"},"schema":{"@context":"https:\/\/schema.org","@graph":[{"@type":"WebPage","@id":"https:\/\/rtrsports.com\/tr\/sponsorluk-spor-2\/","url":"https:\/\/rtrsports.com\/tr\/sponsorluk-spor-2\/","name":"Spor Sponsorluklar\u0131 | RTR Sports Marketing","isPartOf":{"@id":"https:\/\/rtrsports.com\/tr\/#website"},"primaryImageOfPage":{"@id":"https:\/\/rtrsports.com\/tr\/sponsorluk-spor-2\/#primaryimage"},"image":{"@id":"https:\/\/rtrsports.com\/tr\/sponsorluk-spor-2\/#primaryimage"},"thumbnailUrl":"https:\/\/rtrsports.com\/wp-content\/uploads\/2020\/07\/vip-village-head.png","datePublished":"2023-12-28T08:21:46+00:00","dateModified":"2024-10-14T13:21:58+00:00","description":"RTR Sports, 1995 y\u0131l\u0131ndan bu yana spor sponsorlu\u011fu ve spor pazarlamas\u0131nda lider bir ajans olmu\u015ftur. MotoGP'den Formula E'ye, Formula 1'den t\u00fcm motor sporlar\u0131 serilerine kadar \u015firketiniz i\u00e7in en iyi sponsorluk projesini sizinle birlikte tasarl\u0131yor ve y\u00f6netiyoruz.","breadcrumb":{"@id":"https:\/\/rtrsports.com\/tr\/sponsorluk-spor-2\/#breadcrumb"},"inLanguage":"tr","potentialAction":[{"@type":"ReadAction","target":["https:\/\/rtrsports.com\/tr\/sponsorluk-spor-2\/"]}]},{"@type":"ImageObject","inLanguage":"tr","@id":"https:\/\/rtrsports.com\/tr\/sponsorluk-spor-2\/#primaryimage","url":"https:\/\/rtrsports.com\/wp-content\/uploads\/2020\/07\/vip-village-head.png","contentUrl":"https:\/\/rtrsports.com\/wp-content\/uploads\/2020\/07\/vip-village-head.png","width":2500,"height":1042,"caption":""},{"@type":"BreadcrumbList","@id":"https:\/\/rtrsports.com\/tr\/sponsorluk-spor-2\/#breadcrumb","itemListElement":[{"@type":"ListItem","position":1,"name":"Home","item":"https:\/\/rtrsports.com\/tr\/"},{"@type":"ListItem","position":2,"name":"RTR Sports Lider Sponsorluk Ajans\u0131 ile Spor Sponsorluklar\u0131"}]},{"@type":"WebSite","@id":"https:\/\/rtrsports.com\/tr\/#website","url":"https:\/\/rtrsports.com\/tr\/","name":"RTR Sports Marketing","description":"RTR Sports Marketing is a global motorsport sponsorship agency and consultancy, specialized in Formula 1 and MotoGP, and active across all major international racing series including Formula E, NASCAR, WEC, WRC and Dakar, helping brands build data-driven, high-performance sponsorship programs.","publisher":{"@id":"https:\/\/rtrsports.com\/tr\/#organization"},"alternateName":"RTR Sports","potentialAction":[{"@type":"SearchAction","target":{"@type":"EntryPoint","urlTemplate":"https:\/\/rtrsports.com\/tr\/?s={search_term_string}"},"query-input":{"@type":"PropertyValueSpecification","valueRequired":true,"valueName":"search_term_string"}}],"inLanguage":"tr"},{"@type":"Organization","@id":"https:\/\/rtrsports.com\/tr\/#organization","name":"RTR Sports Marketing","alternateName":"RTR sports","url":"https:\/\/rtrsports.com\/tr\/","logo":{"@type":"ImageObject","inLanguage":"tr","@id":"https:\/\/rtrsports.com\/tr\/#\/schema\/logo\/image\/","url":"https:\/\/rtrsports.com\/wp-content\/uploads\/2024\/01\/rtrsports-anniversary-1.jpg","contentUrl":"https:\/\/rtrsports.com\/wp-content\/uploads\/2024\/01\/rtrsports-anniversary-1.jpg","width":946,"height":260,"caption":"RTR Sports Marketing"},"image":{"@id":"https:\/\/rtrsports.com\/tr\/#\/schema\/logo\/image\/"},"sameAs":["https:\/\/www.facebook.com\/RTRSportsMarketing\/","https:\/\/x.com\/rtrsports","https:\/\/www.linkedin.com\/company\/rtr-sports-marketing\/"],"description":"RTR Sports Marketing is a global motorsport sponsorship agency and consultancy, specialized in Formula 1 and MotoGP, and active across all major international racing series including Formula E, NASCAR, WEC, WRC and Dakar, helping brands build data-driven, high-performance sponsorship programs.","email":"info@rtrsports.com","legalName":"RTR Sports Marketing LTD","numberOfEmployees":{"@type":"QuantitativeValue","minValue":"1","maxValue":"10"}}]}},"_links":{"self":[{"href":"https:\/\/rtrsports.com\/tr\/wp-json\/wp\/v2\/pages\/144695","targetHints":{"allow":["GET"]}}],"collection":[{"href":"https:\/\/rtrsports.com\/tr\/wp-json\/wp\/v2\/pages"}],"about":[{"href":"https:\/\/rtrsports.com\/tr\/wp-json\/wp\/v2\/types\/page"}],"author":[{"embeddable":true,"href":"https:\/\/rtrsports.com\/tr\/wp-json\/wp\/v2\/users\/2"}],"replies":[{"embeddable":true,"href":"https:\/\/rtrsports.com\/tr\/wp-json\/wp\/v2\/comments?post=144695"}],"version-history":[{"count":6,"href":"https:\/\/rtrsports.com\/tr\/wp-json\/wp\/v2\/pages\/144695\/revisions"}],"predecessor-version":[{"id":255854,"href":"https:\/\/rtrsports.com\/tr\/wp-json\/wp\/v2\/pages\/144695\/revisions\/255854"}],"wp:featuredmedia":[{"embeddable":true,"href":"https:\/\/rtrsports.com\/tr\/wp-json\/wp\/v2\/media\/144696"}],"wp:attachment":[{"href":"https:\/\/rtrsports.com\/tr\/wp-json\/wp\/v2\/media?parent=144695"}],"curies":[{"name":"wp","href":"https:\/\/api.w.org\/{rel}","templated":true}]}}