{"id":147282,"date":"2024-02-01T17:58:38","date_gmt":"2024-02-01T16:58:38","guid":{"rendered":"https:\/\/stg-rtrsportscom-rtrstaging.kinsta.cloud\/yillar\/"},"modified":"2026-02-03T05:17:07","modified_gmt":"2026-02-03T04:17:07","slug":"yillar","status":"publish","type":"page","link":"https:\/\/rtrsports.com\/tr\/yillar\/","title":{"rendered":"Y\u0131llar"},"content":{"rendered":"<h2><strong>Y\u0131llar boyunca spor sponsorlu\u011fu projelerimiz<\/strong><\/h2>\n<p>A\u015fa\u011f\u0131da y\u0131llara g\u00f6re ayr\u0131lm\u0131\u015f \u00e7al\u0131\u015fmalar\u0131m\u0131zdan bir se\u00e7ki bulacaks\u0131n\u0131z. 1995&#8217;teki Williams F1 sponsorlu\u011fumuzdan bug\u00fcne kadar spor pazarlamas\u0131na olan tutkumuz, m\u00fc\u015fterilerimiz ve ortaklar\u0131m\u0131zla olan ba\u015far\u0131m\u0131z gibi de\u011fi\u015fmedi.<\/p>\n","protected":false},"excerpt":{"rendered":"<p>Y\u0131llar boyunca spor sponsorlu\u011fu projelerimiz A\u015fa\u011f\u0131da y\u0131llara g\u00f6re ayr\u0131lm\u0131\u015f \u00e7al\u0131\u015fmalar\u0131m\u0131zdan bir se\u00e7ki bulacaks\u0131n\u0131z. 1995&#8217;teki Williams F1 sponsorlu\u011fumuzdan bug\u00fcne kadar spor pazarlamas\u0131na olan tutkumuz, m\u00fc\u015fterilerimiz ve ortaklar\u0131m\u0131zla olan ba\u015far\u0131m\u0131z gibi de\u011fi\u015fmedi.<\/p>\n","protected":false},"author":2,"featured_media":147312,"parent":0,"menu_order":0,"comment_status":"open","ping_status":"closed","template":"page-template\/page-flexible-template.php","meta":{"_acf_changed":false,"footnotes":""},"class_list":["post-147282","page","type-page","status-publish","has-post-thumbnail","hentry"],"acf":[],"yoast_head":"<!-- This site is optimized with the Yoast SEO Premium plugin v26.8 (Yoast SEO v27.4) - https:\/\/yoast.com\/product\/yoast-seo-premium-wordpress\/ -->\n<title>Spor sponsorlu\u011fu vaka ge\u00e7mi\u015fleri, vaka \u00e7al\u0131\u015fmalar\u0131 RTR Sports<\/title>\n<meta name=\"description\" content=\"1995&#039;teki ilk Williams F1 sponsorlu\u011fundan g\u00fcn\u00fcm\u00fcze kadar y\u0131llara g\u00f6re ayr\u0131lm\u0131\u015f \u00e7al\u0131\u015fmalar\u0131m\u0131zdan bir se\u00e7ki.\" \/>\n<meta name=\"robots\" content=\"index, follow, max-snippet:-1, max-image-preview:large, max-video-preview:-1\" \/>\n<link rel=\"canonical\" href=\"https:\/\/rtrsports.com\/tr\/yillar\/\" \/>\n<meta property=\"og:locale\" content=\"tr_TR\" \/>\n<meta property=\"og:type\" content=\"article\" \/>\n<meta property=\"og:title\" content=\"Y\u0131llar\" \/>\n<meta property=\"og:description\" content=\"1995&#039;teki ilk Williams F1 sponsorlu\u011fundan g\u00fcn\u00fcm\u00fcze kadar y\u0131llara g\u00f6re ayr\u0131lm\u0131\u015f \u00e7al\u0131\u015fmalar\u0131m\u0131zdan bir se\u00e7ki.\" \/>\n<meta property=\"og:url\" content=\"https:\/\/rtrsports.com\/tr\/yillar\/\" \/>\n<meta property=\"og:site_name\" content=\"RTR Sports\" \/>\n<meta property=\"article:publisher\" content=\"https:\/\/www.facebook.com\/RTRSportsMarketing\/\" \/>\n<meta property=\"og:image\" content=\"https:\/\/rtrsports.com\/wp-content\/uploads\/2023\/02\/case-history.jpg\" \/>\n\t<meta property=\"og:image:width\" content=\"1417\" \/>\n\t<meta property=\"og:image:height\" content=\"1417\" \/>\n\t<meta property=\"og:image:type\" content=\"image\/jpeg\" \/>\n<meta name=\"twitter:card\" content=\"summary_large_image\" \/>\n<meta name=\"twitter:site\" content=\"@rtrsports\" \/>\n<meta name=\"twitter:label1\" content=\"Tahmini okuma s\u00fcresi\" \/>\n\t<meta name=\"twitter:data1\" content=\"1 dakika\" \/>\n<script type=\"application\/ld+json\" class=\"yoast-schema-graph\">{\"@context\":\"https:\\\/\\\/schema.org\",\"@graph\":[{\"@type\":\"WebPage\",\"@id\":\"https:\\\/\\\/rtrsports.com\\\/tr\\\/yillar\\\/\",\"url\":\"https:\\\/\\\/rtrsports.com\\\/tr\\\/yillar\\\/\",\"name\":\"Spor sponsorlu\u011fu vaka ge\u00e7mi\u015fleri, vaka \u00e7al\u0131\u015fmalar\u0131 RTR Sports\",\"isPartOf\":{\"@id\":\"https:\\\/\\\/rtrsports.com\\\/tr\\\/#website\"},\"primaryImageOfPage\":{\"@id\":\"https:\\\/\\\/rtrsports.com\\\/tr\\\/yillar\\\/#primaryimage\"},\"image\":{\"@id\":\"https:\\\/\\\/rtrsports.com\\\/tr\\\/yillar\\\/#primaryimage\"},\"thumbnailUrl\":\"https:\\\/\\\/rtrsports.com\\\/wp-content\\\/uploads\\\/2023\\\/02\\\/case-history.jpg\",\"datePublished\":\"2024-02-01T16:58:38+00:00\",\"dateModified\":\"2026-02-03T04:17:07+00:00\",\"description\":\"1995'teki ilk Williams F1 sponsorlu\u011fundan g\u00fcn\u00fcm\u00fcze kadar y\u0131llara g\u00f6re ayr\u0131lm\u0131\u015f \u00e7al\u0131\u015fmalar\u0131m\u0131zdan bir se\u00e7ki.\",\"breadcrumb\":{\"@id\":\"https:\\\/\\\/rtrsports.com\\\/tr\\\/yillar\\\/#breadcrumb\"},\"inLanguage\":\"tr\",\"potentialAction\":[{\"@type\":\"ReadAction\",\"target\":[\"https:\\\/\\\/rtrsports.com\\\/tr\\\/yillar\\\/\"]}]},{\"@type\":\"ImageObject\",\"inLanguage\":\"tr\",\"@id\":\"https:\\\/\\\/rtrsports.com\\\/tr\\\/yillar\\\/#primaryimage\",\"url\":\"https:\\\/\\\/rtrsports.com\\\/wp-content\\\/uploads\\\/2023\\\/02\\\/case-history.jpg\",\"contentUrl\":\"https:\\\/\\\/rtrsports.com\\\/wp-content\\\/uploads\\\/2023\\\/02\\\/case-history.jpg\",\"width\":1417,\"height\":1417,\"caption\":\"vaka-tarihi\"},{\"@type\":\"BreadcrumbList\",\"@id\":\"https:\\\/\\\/rtrsports.com\\\/tr\\\/yillar\\\/#breadcrumb\",\"itemListElement\":[{\"@type\":\"ListItem\",\"position\":1,\"name\":\"Home\",\"item\":\"https:\\\/\\\/rtrsports.com\\\/tr\\\/\"},{\"@type\":\"ListItem\",\"position\":2,\"name\":\"Y\u0131llar\"}]},{\"@type\":\"WebSite\",\"@id\":\"https:\\\/\\\/rtrsports.com\\\/tr\\\/#website\",\"url\":\"https:\\\/\\\/rtrsports.com\\\/tr\\\/\",\"name\":\"RTR Sports Marketing\",\"description\":\"RTR Sports Marketing is a global motorsport sponsorship agency and consultancy, specialized in Formula 1 and MotoGP, and active across all major international racing series including Formula E, NASCAR, WEC, WRC and Dakar, helping brands build data-driven, high-performance sponsorship programs.\",\"publisher\":{\"@id\":\"https:\\\/\\\/rtrsports.com\\\/tr\\\/#organization\"},\"alternateName\":\"RTR Sports\",\"potentialAction\":[{\"@type\":\"SearchAction\",\"target\":{\"@type\":\"EntryPoint\",\"urlTemplate\":\"https:\\\/\\\/rtrsports.com\\\/tr\\\/?s={search_term_string}\"},\"query-input\":{\"@type\":\"PropertyValueSpecification\",\"valueRequired\":true,\"valueName\":\"search_term_string\"}}],\"inLanguage\":\"tr\"},{\"@type\":\"Organization\",\"@id\":\"https:\\\/\\\/rtrsports.com\\\/tr\\\/#organization\",\"name\":\"RTR Sports Marketing\",\"alternateName\":\"RTR sports\",\"url\":\"https:\\\/\\\/rtrsports.com\\\/tr\\\/\",\"logo\":{\"@type\":\"ImageObject\",\"inLanguage\":\"tr\",\"@id\":\"https:\\\/\\\/rtrsports.com\\\/tr\\\/#\\\/schema\\\/logo\\\/image\\\/\",\"url\":\"https:\\\/\\\/rtrsports.com\\\/wp-content\\\/uploads\\\/2024\\\/01\\\/rtrsports-anniversary-1.jpg\",\"contentUrl\":\"https:\\\/\\\/rtrsports.com\\\/wp-content\\\/uploads\\\/2024\\\/01\\\/rtrsports-anniversary-1.jpg\",\"width\":946,\"height\":260,\"caption\":\"RTR Sports Marketing\"},\"image\":{\"@id\":\"https:\\\/\\\/rtrsports.com\\\/tr\\\/#\\\/schema\\\/logo\\\/image\\\/\"},\"sameAs\":[\"https:\\\/\\\/www.facebook.com\\\/RTRSportsMarketing\\\/\",\"https:\\\/\\\/x.com\\\/rtrsports\",\"https:\\\/\\\/www.linkedin.com\\\/company\\\/rtr-sports-marketing\\\/\"],\"description\":\"RTR Sports Marketing is a global motorsport sponsorship agency and consultancy, specialized in Formula 1 and MotoGP, and active across all major international racing series including Formula E, NASCAR, WEC, WRC and Dakar, helping brands build data-driven, high-performance sponsorship programs.\",\"email\":\"info@rtrsports.com\",\"legalName\":\"RTR Sports Marketing LTD\",\"numberOfEmployees\":{\"@type\":\"QuantitativeValue\",\"minValue\":\"1\",\"maxValue\":\"10\"}}]}<\/script>\n<!-- \/ Yoast SEO Premium plugin. -->","yoast_head_json":{"title":"Spor sponsorlu\u011fu vaka ge\u00e7mi\u015fleri, vaka \u00e7al\u0131\u015fmalar\u0131 RTR Sports","description":"1995'teki ilk Williams F1 sponsorlu\u011fundan g\u00fcn\u00fcm\u00fcze kadar y\u0131llara g\u00f6re ayr\u0131lm\u0131\u015f \u00e7al\u0131\u015fmalar\u0131m\u0131zdan bir se\u00e7ki.","robots":{"index":"index","follow":"follow","max-snippet":"max-snippet:-1","max-image-preview":"max-image-preview:large","max-video-preview":"max-video-preview:-1"},"canonical":"https:\/\/rtrsports.com\/tr\/yillar\/","og_locale":"tr_TR","og_type":"article","og_title":"Y\u0131llar","og_description":"1995'teki ilk Williams F1 sponsorlu\u011fundan g\u00fcn\u00fcm\u00fcze kadar y\u0131llara g\u00f6re ayr\u0131lm\u0131\u015f \u00e7al\u0131\u015fmalar\u0131m\u0131zdan bir se\u00e7ki.","og_url":"https:\/\/rtrsports.com\/tr\/yillar\/","og_site_name":"RTR Sports","article_publisher":"https:\/\/www.facebook.com\/RTRSportsMarketing\/","og_image":[{"width":1417,"height":1417,"url":"https:\/\/rtrsports.com\/wp-content\/uploads\/2023\/02\/case-history.jpg","type":"image\/jpeg"}],"twitter_card":"summary_large_image","twitter_site":"@rtrsports","twitter_misc":{"Tahmini okuma s\u00fcresi":"1 dakika"},"schema":{"@context":"https:\/\/schema.org","@graph":[{"@type":"WebPage","@id":"https:\/\/rtrsports.com\/tr\/yillar\/","url":"https:\/\/rtrsports.com\/tr\/yillar\/","name":"Spor sponsorlu\u011fu vaka ge\u00e7mi\u015fleri, vaka \u00e7al\u0131\u015fmalar\u0131 RTR Sports","isPartOf":{"@id":"https:\/\/rtrsports.com\/tr\/#website"},"primaryImageOfPage":{"@id":"https:\/\/rtrsports.com\/tr\/yillar\/#primaryimage"},"image":{"@id":"https:\/\/rtrsports.com\/tr\/yillar\/#primaryimage"},"thumbnailUrl":"https:\/\/rtrsports.com\/wp-content\/uploads\/2023\/02\/case-history.jpg","datePublished":"2024-02-01T16:58:38+00:00","dateModified":"2026-02-03T04:17:07+00:00","description":"1995'teki ilk Williams F1 sponsorlu\u011fundan g\u00fcn\u00fcm\u00fcze kadar y\u0131llara g\u00f6re ayr\u0131lm\u0131\u015f \u00e7al\u0131\u015fmalar\u0131m\u0131zdan bir se\u00e7ki.","breadcrumb":{"@id":"https:\/\/rtrsports.com\/tr\/yillar\/#breadcrumb"},"inLanguage":"tr","potentialAction":[{"@type":"ReadAction","target":["https:\/\/rtrsports.com\/tr\/yillar\/"]}]},{"@type":"ImageObject","inLanguage":"tr","@id":"https:\/\/rtrsports.com\/tr\/yillar\/#primaryimage","url":"https:\/\/rtrsports.com\/wp-content\/uploads\/2023\/02\/case-history.jpg","contentUrl":"https:\/\/rtrsports.com\/wp-content\/uploads\/2023\/02\/case-history.jpg","width":1417,"height":1417,"caption":"vaka-tarihi"},{"@type":"BreadcrumbList","@id":"https:\/\/rtrsports.com\/tr\/yillar\/#breadcrumb","itemListElement":[{"@type":"ListItem","position":1,"name":"Home","item":"https:\/\/rtrsports.com\/tr\/"},{"@type":"ListItem","position":2,"name":"Y\u0131llar"}]},{"@type":"WebSite","@id":"https:\/\/rtrsports.com\/tr\/#website","url":"https:\/\/rtrsports.com\/tr\/","name":"RTR Sports Marketing","description":"RTR Sports Marketing is a global motorsport sponsorship agency and consultancy, specialized in Formula 1 and MotoGP, and active across all major international racing series including Formula E, NASCAR, WEC, WRC and Dakar, helping brands build data-driven, high-performance sponsorship programs.","publisher":{"@id":"https:\/\/rtrsports.com\/tr\/#organization"},"alternateName":"RTR Sports","potentialAction":[{"@type":"SearchAction","target":{"@type":"EntryPoint","urlTemplate":"https:\/\/rtrsports.com\/tr\/?s={search_term_string}"},"query-input":{"@type":"PropertyValueSpecification","valueRequired":true,"valueName":"search_term_string"}}],"inLanguage":"tr"},{"@type":"Organization","@id":"https:\/\/rtrsports.com\/tr\/#organization","name":"RTR Sports Marketing","alternateName":"RTR sports","url":"https:\/\/rtrsports.com\/tr\/","logo":{"@type":"ImageObject","inLanguage":"tr","@id":"https:\/\/rtrsports.com\/tr\/#\/schema\/logo\/image\/","url":"https:\/\/rtrsports.com\/wp-content\/uploads\/2024\/01\/rtrsports-anniversary-1.jpg","contentUrl":"https:\/\/rtrsports.com\/wp-content\/uploads\/2024\/01\/rtrsports-anniversary-1.jpg","width":946,"height":260,"caption":"RTR Sports Marketing"},"image":{"@id":"https:\/\/rtrsports.com\/tr\/#\/schema\/logo\/image\/"},"sameAs":["https:\/\/www.facebook.com\/RTRSportsMarketing\/","https:\/\/x.com\/rtrsports","https:\/\/www.linkedin.com\/company\/rtr-sports-marketing\/"],"description":"RTR Sports Marketing is a global motorsport sponsorship agency and consultancy, specialized in Formula 1 and MotoGP, and active across all major international racing series including Formula E, NASCAR, WEC, WRC and Dakar, helping brands build data-driven, high-performance sponsorship programs.","email":"info@rtrsports.com","legalName":"RTR Sports Marketing LTD","numberOfEmployees":{"@type":"QuantitativeValue","minValue":"1","maxValue":"10"}}]}},"_links":{"self":[{"href":"https:\/\/rtrsports.com\/tr\/wp-json\/wp\/v2\/pages\/147282","targetHints":{"allow":["GET"]}}],"collection":[{"href":"https:\/\/rtrsports.com\/tr\/wp-json\/wp\/v2\/pages"}],"about":[{"href":"https:\/\/rtrsports.com\/tr\/wp-json\/wp\/v2\/types\/page"}],"author":[{"embeddable":true,"href":"https:\/\/rtrsports.com\/tr\/wp-json\/wp\/v2\/users\/2"}],"replies":[{"embeddable":true,"href":"https:\/\/rtrsports.com\/tr\/wp-json\/wp\/v2\/comments?post=147282"}],"version-history":[{"count":8,"href":"https:\/\/rtrsports.com\/tr\/wp-json\/wp\/v2\/pages\/147282\/revisions"}],"predecessor-version":[{"id":341584,"href":"https:\/\/rtrsports.com\/tr\/wp-json\/wp\/v2\/pages\/147282\/revisions\/341584"}],"wp:featuredmedia":[{"embeddable":true,"href":"https:\/\/rtrsports.com\/tr\/wp-json\/wp\/v2\/media\/147312"}],"wp:attachment":[{"href":"https:\/\/rtrsports.com\/tr\/wp-json\/wp\/v2\/media?parent=147282"}],"curies":[{"name":"wp","href":"https:\/\/api.w.org\/{rel}","templated":true}]}}