{"id":153599,"date":"2024-07-14T07:49:22","date_gmt":"2024-07-14T05:49:22","guid":{"rendered":"https:\/\/rtrsports.com\/doradztwo-w-zakresie-sportow-motorowych\/"},"modified":"2024-10-06T14:37:45","modified_gmt":"2024-10-06T12:37:45","slug":"araba-sporu-tavsiyesi","status":"publish","type":"page","link":"https:\/\/rtrsports.com\/tr\/spor-motorsporlari-alaninda-danismanlik\/","title":{"rendered":"Motor sporlar\u0131 dan\u0131\u015fmanl\u0131k hizmetleri"},"content":{"rendered":"<p>Benim<\/p>\n","protected":false},"excerpt":{"rendered":"<p>Benim<\/p>\n","protected":false},"author":14,"featured_media":255153,"parent":0,"menu_order":0,"comment_status":"closed","ping_status":"closed","template":"page-template\/page-flexible-template.php","meta":{"_acf_changed":false,"footnotes":""},"class_list":["post-153599","page","type-page","status-publish","has-post-thumbnail","hentry"],"acf":[],"yoast_head":"<!-- This site is optimized with the Yoast SEO Premium plugin v26.8 (Yoast SEO v27.4) - https:\/\/yoast.com\/product\/yoast-seo-premium-wordpress\/ -->\n<title>Motor Sporlar\u0131 Dan\u0131\u015fmanl\u0131k Hizmetleri | RTR Sports Marketing<\/title>\n<meta name=\"description\" content=\"Formula 1 ve MotoGP&#039;de stratejik planlama, s\u00f6zle\u015fme g\u00f6r\u00fc\u015fmeleri ve y\u00f6netimi, aktivasyon ve ba\u011fl\u0131l\u0131k, performans de\u011ferlendirmesi\" \/>\n<meta name=\"robots\" content=\"index, follow, max-snippet:-1, max-image-preview:large, max-video-preview:-1\" \/>\n<link rel=\"canonical\" href=\"https:\/\/rtrsports.com\/tr\/spor-motorsporlari-alaninda-danismanlik\/\" \/>\n<meta property=\"og:locale\" content=\"tr_TR\" \/>\n<meta property=\"og:type\" content=\"article\" \/>\n<meta property=\"og:title\" content=\"Motor sporlar\u0131 dan\u0131\u015fmanl\u0131k hizmetleri\" \/>\n<meta property=\"og:description\" content=\"Formula 1 ve MotoGP&#039;de stratejik planlama, s\u00f6zle\u015fme g\u00f6r\u00fc\u015fmeleri ve y\u00f6netimi, aktivasyon ve ba\u011fl\u0131l\u0131k, performans de\u011ferlendirmesi\" \/>\n<meta property=\"og:url\" content=\"https:\/\/rtrsports.com\/tr\/spor-motorsporlari-alaninda-danismanlik\/\" \/>\n<meta property=\"og:site_name\" content=\"RTR Sports\" \/>\n<meta property=\"article:publisher\" content=\"https:\/\/www.facebook.com\/RTRSportsMarketing\/\" \/>\n<meta property=\"og:image\" content=\"https:\/\/rtrsports.com\/wp-content\/uploads\/2024\/10\/am-scaled.jpg\" \/>\n\t<meta property=\"og:image:width\" content=\"2560\" \/>\n\t<meta property=\"og:image:height\" content=\"1280\" \/>\n\t<meta property=\"og:image:type\" content=\"image\/jpeg\" \/>\n<meta name=\"twitter:card\" content=\"summary_large_image\" \/>\n<meta name=\"twitter:site\" content=\"@rtrsports\" \/>\n<script type=\"application\/ld+json\" class=\"yoast-schema-graph\">{\"@context\":\"https:\\\/\\\/schema.org\",\"@graph\":[{\"@type\":\"WebPage\",\"@id\":\"https:\\\/\\\/rtrsports.com\\\/tr\\\/spor-motorsporlari-alaninda-danismanlik\\\/\",\"url\":\"https:\\\/\\\/rtrsports.com\\\/tr\\\/spor-motorsporlari-alaninda-danismanlik\\\/\",\"name\":\"Motor Sporlar\u0131 Dan\u0131\u015fmanl\u0131k Hizmetleri | RTR Sports Marketing\",\"isPartOf\":{\"@id\":\"https:\\\/\\\/rtrsports.com\\\/tr\\\/#website\"},\"primaryImageOfPage\":{\"@id\":\"https:\\\/\\\/rtrsports.com\\\/tr\\\/spor-motorsporlari-alaninda-danismanlik\\\/#primaryimage\"},\"image\":{\"@id\":\"https:\\\/\\\/rtrsports.com\\\/tr\\\/spor-motorsporlari-alaninda-danismanlik\\\/#primaryimage\"},\"thumbnailUrl\":\"https:\\\/\\\/rtrsports.com\\\/wp-content\\\/uploads\\\/2024\\\/10\\\/am-scaled.jpg\",\"datePublished\":\"2024-07-14T05:49:22+00:00\",\"dateModified\":\"2024-10-06T12:37:45+00:00\",\"description\":\"Formula 1 ve MotoGP'de stratejik planlama, s\u00f6zle\u015fme g\u00f6r\u00fc\u015fmeleri ve y\u00f6netimi, aktivasyon ve ba\u011fl\u0131l\u0131k, performans de\u011ferlendirmesi\",\"breadcrumb\":{\"@id\":\"https:\\\/\\\/rtrsports.com\\\/tr\\\/spor-motorsporlari-alaninda-danismanlik\\\/#breadcrumb\"},\"inLanguage\":\"tr\",\"potentialAction\":[{\"@type\":\"ReadAction\",\"target\":[\"https:\\\/\\\/rtrsports.com\\\/tr\\\/spor-motorsporlari-alaninda-danismanlik\\\/\"]}]},{\"@type\":\"ImageObject\",\"inLanguage\":\"tr\",\"@id\":\"https:\\\/\\\/rtrsports.com\\\/tr\\\/spor-motorsporlari-alaninda-danismanlik\\\/#primaryimage\",\"url\":\"https:\\\/\\\/rtrsports.com\\\/wp-content\\\/uploads\\\/2024\\\/10\\\/am-scaled.jpg\",\"contentUrl\":\"https:\\\/\\\/rtrsports.com\\\/wp-content\\\/uploads\\\/2024\\\/10\\\/am-scaled.jpg\",\"width\":2560,\"height\":1280,\"caption\":\"sponsorluklar\"},{\"@type\":\"BreadcrumbList\",\"@id\":\"https:\\\/\\\/rtrsports.com\\\/tr\\\/spor-motorsporlari-alaninda-danismanlik\\\/#breadcrumb\",\"itemListElement\":[{\"@type\":\"ListItem\",\"position\":1,\"name\":\"Home\",\"item\":\"https:\\\/\\\/rtrsports.com\\\/tr\\\/\"},{\"@type\":\"ListItem\",\"position\":2,\"name\":\"Motor sporlar\u0131 dan\u0131\u015fmanl\u0131k hizmetleri\"}]},{\"@type\":\"WebSite\",\"@id\":\"https:\\\/\\\/rtrsports.com\\\/tr\\\/#website\",\"url\":\"https:\\\/\\\/rtrsports.com\\\/tr\\\/\",\"name\":\"RTR Sports Marketing\",\"description\":\"RTR Sports Marketing is a global motorsport sponsorship agency and consultancy, specialized in Formula 1 and MotoGP, and active across all major international racing series including Formula E, NASCAR, WEC, WRC and Dakar, helping brands build data-driven, high-performance sponsorship programs.\",\"publisher\":{\"@id\":\"https:\\\/\\\/rtrsports.com\\\/tr\\\/#organization\"},\"alternateName\":\"RTR Sports\",\"potentialAction\":[{\"@type\":\"SearchAction\",\"target\":{\"@type\":\"EntryPoint\",\"urlTemplate\":\"https:\\\/\\\/rtrsports.com\\\/tr\\\/?s={search_term_string}\"},\"query-input\":{\"@type\":\"PropertyValueSpecification\",\"valueRequired\":true,\"valueName\":\"search_term_string\"}}],\"inLanguage\":\"tr\"},{\"@type\":\"Organization\",\"@id\":\"https:\\\/\\\/rtrsports.com\\\/tr\\\/#organization\",\"name\":\"RTR Sports Marketing\",\"alternateName\":\"RTR sports\",\"url\":\"https:\\\/\\\/rtrsports.com\\\/tr\\\/\",\"logo\":{\"@type\":\"ImageObject\",\"inLanguage\":\"tr\",\"@id\":\"https:\\\/\\\/rtrsports.com\\\/tr\\\/#\\\/schema\\\/logo\\\/image\\\/\",\"url\":\"https:\\\/\\\/rtrsports.com\\\/wp-content\\\/uploads\\\/2024\\\/01\\\/rtrsports-anniversary-1.jpg\",\"contentUrl\":\"https:\\\/\\\/rtrsports.com\\\/wp-content\\\/uploads\\\/2024\\\/01\\\/rtrsports-anniversary-1.jpg\",\"width\":946,\"height\":260,\"caption\":\"RTR Sports Marketing\"},\"image\":{\"@id\":\"https:\\\/\\\/rtrsports.com\\\/tr\\\/#\\\/schema\\\/logo\\\/image\\\/\"},\"sameAs\":[\"https:\\\/\\\/www.facebook.com\\\/RTRSportsMarketing\\\/\",\"https:\\\/\\\/x.com\\\/rtrsports\",\"https:\\\/\\\/www.linkedin.com\\\/company\\\/rtr-sports-marketing\\\/\"],\"description\":\"RTR Sports Marketing is a global motorsport sponsorship agency and consultancy, specialized in Formula 1 and MotoGP, and active across all major international racing series including Formula E, NASCAR, WEC, WRC and Dakar, helping brands build data-driven, high-performance sponsorship programs.\",\"email\":\"info@rtrsports.com\",\"legalName\":\"RTR Sports Marketing LTD\",\"numberOfEmployees\":{\"@type\":\"QuantitativeValue\",\"minValue\":\"1\",\"maxValue\":\"10\"}}]}<\/script>\n<!-- \/ Yoast SEO Premium plugin. -->","yoast_head_json":{"title":"Motor Sporlar\u0131 Dan\u0131\u015fmanl\u0131k Hizmetleri | RTR Sports Marketing","description":"Formula 1 ve MotoGP'de stratejik planlama, s\u00f6zle\u015fme g\u00f6r\u00fc\u015fmeleri ve y\u00f6netimi, aktivasyon ve ba\u011fl\u0131l\u0131k, performans de\u011ferlendirmesi","robots":{"index":"index","follow":"follow","max-snippet":"max-snippet:-1","max-image-preview":"max-image-preview:large","max-video-preview":"max-video-preview:-1"},"canonical":"https:\/\/rtrsports.com\/tr\/spor-motorsporlari-alaninda-danismanlik\/","og_locale":"tr_TR","og_type":"article","og_title":"Motor sporlar\u0131 dan\u0131\u015fmanl\u0131k hizmetleri","og_description":"Formula 1 ve MotoGP'de stratejik planlama, s\u00f6zle\u015fme g\u00f6r\u00fc\u015fmeleri ve y\u00f6netimi, aktivasyon ve ba\u011fl\u0131l\u0131k, performans de\u011ferlendirmesi","og_url":"https:\/\/rtrsports.com\/tr\/spor-motorsporlari-alaninda-danismanlik\/","og_site_name":"RTR Sports","article_publisher":"https:\/\/www.facebook.com\/RTRSportsMarketing\/","og_image":[{"width":2560,"height":1280,"url":"https:\/\/rtrsports.com\/wp-content\/uploads\/2024\/10\/am-scaled.jpg","type":"image\/jpeg"}],"twitter_card":"summary_large_image","twitter_site":"@rtrsports","schema":{"@context":"https:\/\/schema.org","@graph":[{"@type":"WebPage","@id":"https:\/\/rtrsports.com\/tr\/spor-motorsporlari-alaninda-danismanlik\/","url":"https:\/\/rtrsports.com\/tr\/spor-motorsporlari-alaninda-danismanlik\/","name":"Motor Sporlar\u0131 Dan\u0131\u015fmanl\u0131k Hizmetleri | RTR Sports Marketing","isPartOf":{"@id":"https:\/\/rtrsports.com\/tr\/#website"},"primaryImageOfPage":{"@id":"https:\/\/rtrsports.com\/tr\/spor-motorsporlari-alaninda-danismanlik\/#primaryimage"},"image":{"@id":"https:\/\/rtrsports.com\/tr\/spor-motorsporlari-alaninda-danismanlik\/#primaryimage"},"thumbnailUrl":"https:\/\/rtrsports.com\/wp-content\/uploads\/2024\/10\/am-scaled.jpg","datePublished":"2024-07-14T05:49:22+00:00","dateModified":"2024-10-06T12:37:45+00:00","description":"Formula 1 ve MotoGP'de stratejik planlama, s\u00f6zle\u015fme g\u00f6r\u00fc\u015fmeleri ve y\u00f6netimi, aktivasyon ve ba\u011fl\u0131l\u0131k, performans de\u011ferlendirmesi","breadcrumb":{"@id":"https:\/\/rtrsports.com\/tr\/spor-motorsporlari-alaninda-danismanlik\/#breadcrumb"},"inLanguage":"tr","potentialAction":[{"@type":"ReadAction","target":["https:\/\/rtrsports.com\/tr\/spor-motorsporlari-alaninda-danismanlik\/"]}]},{"@type":"ImageObject","inLanguage":"tr","@id":"https:\/\/rtrsports.com\/tr\/spor-motorsporlari-alaninda-danismanlik\/#primaryimage","url":"https:\/\/rtrsports.com\/wp-content\/uploads\/2024\/10\/am-scaled.jpg","contentUrl":"https:\/\/rtrsports.com\/wp-content\/uploads\/2024\/10\/am-scaled.jpg","width":2560,"height":1280,"caption":"sponsorluklar"},{"@type":"BreadcrumbList","@id":"https:\/\/rtrsports.com\/tr\/spor-motorsporlari-alaninda-danismanlik\/#breadcrumb","itemListElement":[{"@type":"ListItem","position":1,"name":"Home","item":"https:\/\/rtrsports.com\/tr\/"},{"@type":"ListItem","position":2,"name":"Motor sporlar\u0131 dan\u0131\u015fmanl\u0131k hizmetleri"}]},{"@type":"WebSite","@id":"https:\/\/rtrsports.com\/tr\/#website","url":"https:\/\/rtrsports.com\/tr\/","name":"RTR Sports Marketing","description":"RTR Sports Marketing is a global motorsport sponsorship agency and consultancy, specialized in Formula 1 and MotoGP, and active across all major international racing series including Formula E, NASCAR, WEC, WRC and Dakar, helping brands build data-driven, high-performance sponsorship programs.","publisher":{"@id":"https:\/\/rtrsports.com\/tr\/#organization"},"alternateName":"RTR Sports","potentialAction":[{"@type":"SearchAction","target":{"@type":"EntryPoint","urlTemplate":"https:\/\/rtrsports.com\/tr\/?s={search_term_string}"},"query-input":{"@type":"PropertyValueSpecification","valueRequired":true,"valueName":"search_term_string"}}],"inLanguage":"tr"},{"@type":"Organization","@id":"https:\/\/rtrsports.com\/tr\/#organization","name":"RTR Sports Marketing","alternateName":"RTR sports","url":"https:\/\/rtrsports.com\/tr\/","logo":{"@type":"ImageObject","inLanguage":"tr","@id":"https:\/\/rtrsports.com\/tr\/#\/schema\/logo\/image\/","url":"https:\/\/rtrsports.com\/wp-content\/uploads\/2024\/01\/rtrsports-anniversary-1.jpg","contentUrl":"https:\/\/rtrsports.com\/wp-content\/uploads\/2024\/01\/rtrsports-anniversary-1.jpg","width":946,"height":260,"caption":"RTR Sports Marketing"},"image":{"@id":"https:\/\/rtrsports.com\/tr\/#\/schema\/logo\/image\/"},"sameAs":["https:\/\/www.facebook.com\/RTRSportsMarketing\/","https:\/\/x.com\/rtrsports","https:\/\/www.linkedin.com\/company\/rtr-sports-marketing\/"],"description":"RTR Sports Marketing is a global motorsport sponsorship agency and consultancy, specialized in Formula 1 and MotoGP, and active across all major international racing series including Formula E, NASCAR, WEC, WRC and Dakar, helping brands build data-driven, high-performance sponsorship programs.","email":"info@rtrsports.com","legalName":"RTR Sports Marketing LTD","numberOfEmployees":{"@type":"QuantitativeValue","minValue":"1","maxValue":"10"}}]}},"_links":{"self":[{"href":"https:\/\/rtrsports.com\/tr\/wp-json\/wp\/v2\/pages\/153599","targetHints":{"allow":["GET"]}}],"collection":[{"href":"https:\/\/rtrsports.com\/tr\/wp-json\/wp\/v2\/pages"}],"about":[{"href":"https:\/\/rtrsports.com\/tr\/wp-json\/wp\/v2\/types\/page"}],"author":[{"embeddable":true,"href":"https:\/\/rtrsports.com\/tr\/wp-json\/wp\/v2\/users\/14"}],"replies":[{"embeddable":true,"href":"https:\/\/rtrsports.com\/tr\/wp-json\/wp\/v2\/comments?post=153599"}],"version-history":[{"count":3,"href":"https:\/\/rtrsports.com\/tr\/wp-json\/wp\/v2\/pages\/153599\/revisions"}],"predecessor-version":[{"id":255169,"href":"https:\/\/rtrsports.com\/tr\/wp-json\/wp\/v2\/pages\/153599\/revisions\/255169"}],"wp:featuredmedia":[{"embeddable":true,"href":"https:\/\/rtrsports.com\/tr\/wp-json\/wp\/v2\/media\/255153"}],"wp:attachment":[{"href":"https:\/\/rtrsports.com\/tr\/wp-json\/wp\/v2\/media?parent=153599"}],"curies":[{"name":"wp","href":"https:\/\/api.w.org\/{rel}","templated":true}]}}