{"id":153702,"date":"2020-12-30T09:00:00","date_gmt":"2020-12-30T08:00:00","guid":{"rendered":"https:\/\/rtrsports.com\/motogp-hospitality-gran-prix-de-france\/"},"modified":"2025-11-14T18:44:58","modified_gmt":"2025-11-14T17:44:58","slug":"motogp-hospitality-gran-prix-de-france","status":"publish","type":"page","link":"https:\/\/rtrsports.com\/tr\/motogp-hospitality-gran-prix-de-france\/","title":{"rendered":"2026 MotoGP VIP K\u00f6y\u00fc ve MotoGP Misafirperverli\u011fi Fransa Le Mans GP"},"content":{"rendered":"<p>MotoGP French Grand Prix VIP Village and MotoGP Premier 2023May 14, 2023 &#8211; Le Mans, France<\/p>\n<h3><span style=\"color: #808080;\">MotoGP VIP Village Prices<\/span><\/h3>\n<p>Saturday + Sunday: <strong>\u20ac 1,692<\/strong><br \/>\nSunday: <strong>\u20ac 1,452<\/strong>Buy MotoGP VIP Village Today<\/p>\n<h3><span style=\"color: #808080;\">MotoGP Premier Prices<\/span><\/h3>\n<p>Apex Package: <strong>\u20ac3,006<\/strong><br \/>\nChicane package: <strong>NA<\/strong><br \/>\nTrophy package: <strong>NA<\/strong>Buy MotoGP Premier Today  <\/p>\n<h3>MotoGP VIP Village services<\/h3>\n<p><strong>EXCLUSIVE LOCATIONS:<\/strong> Excellent views of the circuit, Indoor VIP parking, Full TV coverage, Open Bar in the viewing area, Reserved Grandstand<\/p>\n<p><strong>ENTERTAINMENT PROGRAM:<\/strong> Paddock Tour, Pit Lane Walk, Service Road Tour, Sweepstakes<\/p>\n<p><strong>GOURMET EXPERIENCE:<\/strong> Breakfast, Tapas Bar, Gourmet Lunch, Afternoon Petit Fours, Open Bar<\/p>\n<h3>MotoGP Premier&#8217;s services<\/h3>\n<div class=\" vc_custom_1670603702423\">\n<div id=\"text-block-63a422b23fcbd\" class=\"mk-text-block jupiter-donut- \">\n<p>MotoGP Premier provides three main types of experience packages: <strong>Trophy, Chicane and Apex<\/strong>.<\/p>\n<p>The Trophy and Chicane packages include a grandstand seat for 3 days, while the Apex package includes full VIP Village hospitality accompanied by other extra services such as garage tours, meet and greet and Q&amp;A sessions. All <strong>MotoGP\u2122 Premier<\/strong> packages include a range of exclusive trackside activities designed to bring you closer to the MotoGP\u2122, Moto2\u2122 and Moto3\u2122 riders and teams.<\/p>\n<\/div>\n<\/div>\n<p><\/p>\n<h3>How to book MotoGP VIP Village and MotoGP Premier<\/h3>\n<p><a href=\"https:\/\/staging.project-progress.net\/projects\/rtrsports-livesite\/en\/\"><br \/>\n<strong>RTR Sports Marketing<\/strong><br \/>\n<\/a> is the official agency for selling MotoGP hospitality packages.<\/p>\n<p>Fill out the form to the right to book your MotoGP VIP Village Pass or MotoGP Premier package. One of our accounts will contact you within a few minutes, sending you all the necessary information and forms to proceed with your order. <strong>Please note that by filling out this form you are not directly purchasing any pass but simply requesting one.<\/strong>PGRpdiBjbGFzcz0iX2Zvcm1fMTkiPjwvZGl2PjxzY3JpcHQgc3JjPSJodHRwczovL3J0cnNwb3J0cy5hY3RpdmVob3N0ZWQuY29tL2YvZW1iZWQucGhwP2lkPTE5IiB0eXBlPSJ0ZXh0L2phdmFzY3JpcHQiIGNoYXJzZXQ9InV0Zi04Ij48L3NjcmlwdD4= <\/p>\n<h3>Circuit Description<\/h3>\n<p>Built in 1965 around the existing 24-hour track, the Le Mans Bugatti Grand Prix circuit is located 5 km south of the city of Le Mans and 200 km southwest of Paris. The facility has hosted Grand Prix races since the late 1960s, but a serious accident involving Spanish driver Alberto Puig in 1995 decreed its exclusion from the calendar until 2000 while stringent safety improvements were made. Le Mans is a tight track, dominated by first-gear corners that emphasize late braking and hard acceleration, and rear-wheel drive is another key aspect. With the capacity to comfortably accommodate up to 100,000 spectators, the Bugatti circuit also hosts the 24-hour truck race, the FIA GP2 Championship, French touring car races and GT races.Hospitality, MotoGP VIP Village and MotoGP Premier at the French Grand Prix in Le Mans<\/p>\n<p>First-class location and catering, excellent service and the best in two-wheel hospitality-this is the MotoGP VIP Village. Of course, with the experience and professionalism of the RTR account managers on site.<\/p>\n<p>Everything in the VIP Village is specially designed to give you an extraordinary experience at every Grand Prix. An exclusive entertainment program and top gourmet menus are just the basics for a weekend of style, comfort and fun in a unique setting. All VIP Village guests have at their disposal a range of services included in the package.<\/p>\n<p>You can also choose to enjoy the excellence of the VIP Village for race Sunday only (Gold package) or also include the excitement of Saturday for a weekend of adrenaline and racing (Gold+ Silver package). Whichever you choose, all the services listed below are available to you on both days.<\/p>\n<p>Welcome to the magical world of MotoGP<strong>World Class Hospitality:<\/strong> MotoGP VIP Village and MotoGP Premier are official Corporate Hospitality programs of the Championship, capable of offering first-class services at every Grand Prix of the Season. Hospitality packages, designed to provide an excellent experience, take place in exclusive locations with unique entertainment programs.<\/p>\n<p><strong>Effective Business Venue:<\/strong> Companies and brands can use these experiences to improve relationships with their customers and partners. Whether you are looking for a large corporate event or a more exclusive private meeting, the MotoGP VIP Village and MotoGP Premier are at your service to achieve your business and B2B objectives.<\/p>\n<p><strong>The Place to Be:<\/strong> There is no more exciting, gripping and thrilling setting than a race of the <strong><br \/>\n<a href=\"https:\/\/staging.project-progress.net\/projects\/rtrsports-livesite\/tr\/sponsorluklar-motogp\/\">MotoGP World Championship<\/a><br \/>\n<\/strong>, a sport capable of generating passion and spectacle anywhere in the world. The MotoGP VIP Village and MotoGP Premier offer an exclusive entertainment program capable of providing truly unforgettable moments and experiences. Enjoy wonderful food from our kitchens, watch the action on the track from prime locations, feel the excitement of the Paddock and the vibrations of the Pit Lane before the engines start.<\/p>\n","protected":false},"excerpt":{"rendered":"<p>MotoGP VIP Village Prices Saturday + Sunday: \u20ac 1,692 Sunday: \u20ac 1,452 MotoGP Premier Prices Apex Package: \u20ac3,006 Chicane package: NA Trophy package: NA MotoGP VIP Village services EXCLUSIVE LOCATIONS: Excellent views of the circuit, Indoor VIP parking, Full TV coverage, Open Bar in the viewing area, Reserved Grandstand ENTERTAINMENT PROGRAM: Paddock Tour, Pit Lane [&hellip;]<\/p>\n","protected":false},"author":17,"featured_media":144802,"parent":0,"menu_order":0,"comment_status":"open","ping_status":"closed","template":"page-template\/page-flexible-template.php","meta":{"_acf_changed":false,"footnotes":""},"class_list":["post-153702","page","type-page","status-publish","has-post-thumbnail","hentry"],"acf":[],"yoast_head":"<!-- This site is optimized with the Yoast SEO Premium plugin v26.8 (Yoast SEO v27.3) - https:\/\/yoast.com\/product\/yoast-seo-premium-wordpress\/ -->\n<title>2026 MotoGP VIP K\u00f6y\u00fc ve A\u011f\u0131rlama Fransa Le Mans GP<\/title>\n<meta name=\"description\" content=\"MotoGP Misafirperverli\u011fi Fransa Grand Prix&#039;si. MotoGP VIP K\u00f6y\u00fc Le Mans. MotoGP VIP Village Pass rezervasyonunuzu bug\u00fcn yap\u0131n.\" \/>\n<meta name=\"robots\" content=\"index, follow, max-snippet:-1, max-image-preview:large, max-video-preview:-1\" \/>\n<link rel=\"canonical\" href=\"https:\/\/rtrsports.com\/tr\/motogp-hospitality-gran-prix-de-france\/\" \/>\n<meta property=\"og:locale\" content=\"tr_TR\" \/>\n<meta property=\"og:type\" content=\"article\" \/>\n<meta property=\"og:title\" content=\"2026 MotoGP VIP K\u00f6y\u00fc ve MotoGP Misafirperverli\u011fi Fransa Le Mans GP\" \/>\n<meta property=\"og:description\" content=\"MotoGP Misafirperverli\u011fi Fransa Grand Prix&#039;si. MotoGP VIP K\u00f6y\u00fc Le Mans. MotoGP VIP Village Pass rezervasyonunuzu bug\u00fcn yap\u0131n.\" \/>\n<meta property=\"og:url\" content=\"https:\/\/rtrsports.com\/tr\/motogp-hospitality-gran-prix-de-france\/\" \/>\n<meta property=\"og:site_name\" content=\"RTR Sports\" \/>\n<meta property=\"article:publisher\" content=\"https:\/\/www.facebook.com\/RTRSportsMarketing\/\" \/>\n<meta property=\"og:image\" content=\"https:\/\/rtrsports.com\/wp-content\/uploads\/2022\/01\/motogp-vip-village-flags-20227.jpg\" \/>\n\t<meta property=\"og:image:width\" content=\"665\" \/>\n\t<meta property=\"og:image:height\" content=\"833\" \/>\n\t<meta property=\"og:image:type\" content=\"image\/jpeg\" \/>\n<meta name=\"twitter:card\" content=\"summary_large_image\" \/>\n<meta name=\"twitter:site\" content=\"@rtrsports\" \/>\n<meta name=\"twitter:label1\" content=\"Tahmini okuma s\u00fcresi\" \/>\n\t<meta name=\"twitter:data1\" content=\"1 dakika\" \/>\n<script type=\"application\/ld+json\" class=\"yoast-schema-graph\">{\"@context\":\"https:\\\/\\\/schema.org\",\"@graph\":[{\"@type\":\"WebPage\",\"@id\":\"https:\\\/\\\/rtrsports.com\\\/tr\\\/motogp-hospitality-gran-prix-de-france\\\/\",\"url\":\"https:\\\/\\\/rtrsports.com\\\/tr\\\/motogp-hospitality-gran-prix-de-france\\\/\",\"name\":\"2026 MotoGP VIP K\u00f6y\u00fc ve A\u011f\u0131rlama Fransa Le Mans GP\",\"isPartOf\":{\"@id\":\"https:\\\/\\\/rtrsports.com\\\/tr\\\/#website\"},\"primaryImageOfPage\":{\"@id\":\"https:\\\/\\\/rtrsports.com\\\/tr\\\/motogp-hospitality-gran-prix-de-france\\\/#primaryimage\"},\"image\":{\"@id\":\"https:\\\/\\\/rtrsports.com\\\/tr\\\/motogp-hospitality-gran-prix-de-france\\\/#primaryimage\"},\"thumbnailUrl\":\"https:\\\/\\\/rtrsports.com\\\/wp-content\\\/uploads\\\/2022\\\/01\\\/motogp-vip-village-flags-20227.jpg\",\"datePublished\":\"2020-12-30T08:00:00+00:00\",\"dateModified\":\"2025-11-14T17:44:58+00:00\",\"description\":\"MotoGP Misafirperverli\u011fi Fransa Grand Prix'si. MotoGP VIP K\u00f6y\u00fc Le Mans. MotoGP VIP Village Pass rezervasyonunuzu bug\u00fcn yap\u0131n.\",\"breadcrumb\":{\"@id\":\"https:\\\/\\\/rtrsports.com\\\/tr\\\/motogp-hospitality-gran-prix-de-france\\\/#breadcrumb\"},\"inLanguage\":\"tr\",\"potentialAction\":[{\"@type\":\"ReadAction\",\"target\":[\"https:\\\/\\\/rtrsports.com\\\/tr\\\/motogp-hospitality-gran-prix-de-france\\\/\"]}]},{\"@type\":\"ImageObject\",\"inLanguage\":\"tr\",\"@id\":\"https:\\\/\\\/rtrsports.com\\\/tr\\\/motogp-hospitality-gran-prix-de-france\\\/#primaryimage\",\"url\":\"https:\\\/\\\/rtrsports.com\\\/wp-content\\\/uploads\\\/2022\\\/01\\\/motogp-vip-village-flags-20227.jpg\",\"contentUrl\":\"https:\\\/\\\/rtrsports.com\\\/wp-content\\\/uploads\\\/2022\\\/01\\\/motogp-vip-village-flags-20227.jpg\",\"width\":665,\"height\":833,\"caption\":\"motogp-vip-village-flags-20227\"},{\"@type\":\"BreadcrumbList\",\"@id\":\"https:\\\/\\\/rtrsports.com\\\/tr\\\/motogp-hospitality-gran-prix-de-france\\\/#breadcrumb\",\"itemListElement\":[{\"@type\":\"ListItem\",\"position\":1,\"name\":\"Home\",\"item\":\"https:\\\/\\\/rtrsports.com\\\/tr\\\/\"},{\"@type\":\"ListItem\",\"position\":2,\"name\":\"2026 MotoGP VIP K\u00f6y\u00fc ve MotoGP Misafirperverli\u011fi Fransa Le Mans GP\"}]},{\"@type\":\"WebSite\",\"@id\":\"https:\\\/\\\/rtrsports.com\\\/tr\\\/#website\",\"url\":\"https:\\\/\\\/rtrsports.com\\\/tr\\\/\",\"name\":\"RTR Sports Marketing\",\"description\":\"RTR Sports Marketing is a global motorsport sponsorship agency and consultancy, specialized in Formula 1 and MotoGP, and active across all major international racing series including Formula E, NASCAR, WEC, WRC and Dakar, helping brands build data-driven, high-performance sponsorship programs.\",\"publisher\":{\"@id\":\"https:\\\/\\\/rtrsports.com\\\/tr\\\/#organization\"},\"alternateName\":\"RTR Sports\",\"potentialAction\":[{\"@type\":\"SearchAction\",\"target\":{\"@type\":\"EntryPoint\",\"urlTemplate\":\"https:\\\/\\\/rtrsports.com\\\/tr\\\/?s={search_term_string}\"},\"query-input\":{\"@type\":\"PropertyValueSpecification\",\"valueRequired\":true,\"valueName\":\"search_term_string\"}}],\"inLanguage\":\"tr\"},{\"@type\":\"Organization\",\"@id\":\"https:\\\/\\\/rtrsports.com\\\/tr\\\/#organization\",\"name\":\"RTR Sports Marketing\",\"alternateName\":\"RTR sports\",\"url\":\"https:\\\/\\\/rtrsports.com\\\/tr\\\/\",\"logo\":{\"@type\":\"ImageObject\",\"inLanguage\":\"tr\",\"@id\":\"https:\\\/\\\/rtrsports.com\\\/tr\\\/#\\\/schema\\\/logo\\\/image\\\/\",\"url\":\"https:\\\/\\\/rtrsports.com\\\/wp-content\\\/uploads\\\/2024\\\/01\\\/rtrsports-anniversary-1.jpg\",\"contentUrl\":\"https:\\\/\\\/rtrsports.com\\\/wp-content\\\/uploads\\\/2024\\\/01\\\/rtrsports-anniversary-1.jpg\",\"width\":946,\"height\":260,\"caption\":\"RTR Sports Marketing\"},\"image\":{\"@id\":\"https:\\\/\\\/rtrsports.com\\\/tr\\\/#\\\/schema\\\/logo\\\/image\\\/\"},\"sameAs\":[\"https:\\\/\\\/www.facebook.com\\\/RTRSportsMarketing\\\/\",\"https:\\\/\\\/x.com\\\/rtrsports\",\"https:\\\/\\\/www.linkedin.com\\\/company\\\/rtr-sports-marketing\\\/\"],\"description\":\"RTR Sports Marketing is a global motorsport sponsorship agency and consultancy, specialized in Formula 1 and MotoGP, and active across all major international racing series including Formula E, NASCAR, WEC, WRC and Dakar, helping brands build data-driven, high-performance sponsorship programs.\",\"email\":\"info@rtrsports.com\",\"legalName\":\"RTR Sports Marketing LTD\",\"numberOfEmployees\":{\"@type\":\"QuantitativeValue\",\"minValue\":\"1\",\"maxValue\":\"10\"}}]}<\/script>\n<!-- \/ Yoast SEO Premium plugin. -->","yoast_head_json":{"title":"2026 MotoGP VIP K\u00f6y\u00fc ve A\u011f\u0131rlama Fransa Le Mans GP","description":"MotoGP Misafirperverli\u011fi Fransa Grand Prix'si. MotoGP VIP K\u00f6y\u00fc Le Mans. MotoGP VIP Village Pass rezervasyonunuzu bug\u00fcn yap\u0131n.","robots":{"index":"index","follow":"follow","max-snippet":"max-snippet:-1","max-image-preview":"max-image-preview:large","max-video-preview":"max-video-preview:-1"},"canonical":"https:\/\/rtrsports.com\/tr\/motogp-hospitality-gran-prix-de-france\/","og_locale":"tr_TR","og_type":"article","og_title":"2026 MotoGP VIP K\u00f6y\u00fc ve MotoGP Misafirperverli\u011fi Fransa Le Mans GP","og_description":"MotoGP Misafirperverli\u011fi Fransa Grand Prix'si. MotoGP VIP K\u00f6y\u00fc Le Mans. MotoGP VIP Village Pass rezervasyonunuzu bug\u00fcn yap\u0131n.","og_url":"https:\/\/rtrsports.com\/tr\/motogp-hospitality-gran-prix-de-france\/","og_site_name":"RTR Sports","article_publisher":"https:\/\/www.facebook.com\/RTRSportsMarketing\/","og_image":[{"width":665,"height":833,"url":"https:\/\/rtrsports.com\/wp-content\/uploads\/2022\/01\/motogp-vip-village-flags-20227.jpg","type":"image\/jpeg"}],"twitter_card":"summary_large_image","twitter_site":"@rtrsports","twitter_misc":{"Tahmini okuma s\u00fcresi":"1 dakika"},"schema":{"@context":"https:\/\/schema.org","@graph":[{"@type":"WebPage","@id":"https:\/\/rtrsports.com\/tr\/motogp-hospitality-gran-prix-de-france\/","url":"https:\/\/rtrsports.com\/tr\/motogp-hospitality-gran-prix-de-france\/","name":"2026 MotoGP VIP K\u00f6y\u00fc ve A\u011f\u0131rlama Fransa Le Mans GP","isPartOf":{"@id":"https:\/\/rtrsports.com\/tr\/#website"},"primaryImageOfPage":{"@id":"https:\/\/rtrsports.com\/tr\/motogp-hospitality-gran-prix-de-france\/#primaryimage"},"image":{"@id":"https:\/\/rtrsports.com\/tr\/motogp-hospitality-gran-prix-de-france\/#primaryimage"},"thumbnailUrl":"https:\/\/rtrsports.com\/wp-content\/uploads\/2022\/01\/motogp-vip-village-flags-20227.jpg","datePublished":"2020-12-30T08:00:00+00:00","dateModified":"2025-11-14T17:44:58+00:00","description":"MotoGP Misafirperverli\u011fi Fransa Grand Prix'si. MotoGP VIP K\u00f6y\u00fc Le Mans. MotoGP VIP Village Pass rezervasyonunuzu bug\u00fcn yap\u0131n.","breadcrumb":{"@id":"https:\/\/rtrsports.com\/tr\/motogp-hospitality-gran-prix-de-france\/#breadcrumb"},"inLanguage":"tr","potentialAction":[{"@type":"ReadAction","target":["https:\/\/rtrsports.com\/tr\/motogp-hospitality-gran-prix-de-france\/"]}]},{"@type":"ImageObject","inLanguage":"tr","@id":"https:\/\/rtrsports.com\/tr\/motogp-hospitality-gran-prix-de-france\/#primaryimage","url":"https:\/\/rtrsports.com\/wp-content\/uploads\/2022\/01\/motogp-vip-village-flags-20227.jpg","contentUrl":"https:\/\/rtrsports.com\/wp-content\/uploads\/2022\/01\/motogp-vip-village-flags-20227.jpg","width":665,"height":833,"caption":"motogp-vip-village-flags-20227"},{"@type":"BreadcrumbList","@id":"https:\/\/rtrsports.com\/tr\/motogp-hospitality-gran-prix-de-france\/#breadcrumb","itemListElement":[{"@type":"ListItem","position":1,"name":"Home","item":"https:\/\/rtrsports.com\/tr\/"},{"@type":"ListItem","position":2,"name":"2026 MotoGP VIP K\u00f6y\u00fc ve MotoGP Misafirperverli\u011fi Fransa Le Mans GP"}]},{"@type":"WebSite","@id":"https:\/\/rtrsports.com\/tr\/#website","url":"https:\/\/rtrsports.com\/tr\/","name":"RTR Sports Marketing","description":"RTR Sports Marketing is a global motorsport sponsorship agency and consultancy, specialized in Formula 1 and MotoGP, and active across all major international racing series including Formula E, NASCAR, WEC, WRC and Dakar, helping brands build data-driven, high-performance sponsorship programs.","publisher":{"@id":"https:\/\/rtrsports.com\/tr\/#organization"},"alternateName":"RTR Sports","potentialAction":[{"@type":"SearchAction","target":{"@type":"EntryPoint","urlTemplate":"https:\/\/rtrsports.com\/tr\/?s={search_term_string}"},"query-input":{"@type":"PropertyValueSpecification","valueRequired":true,"valueName":"search_term_string"}}],"inLanguage":"tr"},{"@type":"Organization","@id":"https:\/\/rtrsports.com\/tr\/#organization","name":"RTR Sports Marketing","alternateName":"RTR sports","url":"https:\/\/rtrsports.com\/tr\/","logo":{"@type":"ImageObject","inLanguage":"tr","@id":"https:\/\/rtrsports.com\/tr\/#\/schema\/logo\/image\/","url":"https:\/\/rtrsports.com\/wp-content\/uploads\/2024\/01\/rtrsports-anniversary-1.jpg","contentUrl":"https:\/\/rtrsports.com\/wp-content\/uploads\/2024\/01\/rtrsports-anniversary-1.jpg","width":946,"height":260,"caption":"RTR Sports Marketing"},"image":{"@id":"https:\/\/rtrsports.com\/tr\/#\/schema\/logo\/image\/"},"sameAs":["https:\/\/www.facebook.com\/RTRSportsMarketing\/","https:\/\/x.com\/rtrsports","https:\/\/www.linkedin.com\/company\/rtr-sports-marketing\/"],"description":"RTR Sports Marketing is a global motorsport sponsorship agency and consultancy, specialized in Formula 1 and MotoGP, and active across all major international racing series including Formula E, NASCAR, WEC, WRC and Dakar, helping brands build data-driven, high-performance sponsorship programs.","email":"info@rtrsports.com","legalName":"RTR Sports Marketing LTD","numberOfEmployees":{"@type":"QuantitativeValue","minValue":"1","maxValue":"10"}}]}},"_links":{"self":[{"href":"https:\/\/rtrsports.com\/tr\/wp-json\/wp\/v2\/pages\/153702","targetHints":{"allow":["GET"]}}],"collection":[{"href":"https:\/\/rtrsports.com\/tr\/wp-json\/wp\/v2\/pages"}],"about":[{"href":"https:\/\/rtrsports.com\/tr\/wp-json\/wp\/v2\/types\/page"}],"author":[{"embeddable":true,"href":"https:\/\/rtrsports.com\/tr\/wp-json\/wp\/v2\/users\/17"}],"replies":[{"embeddable":true,"href":"https:\/\/rtrsports.com\/tr\/wp-json\/wp\/v2\/comments?post=153702"}],"version-history":[{"count":3,"href":"https:\/\/rtrsports.com\/tr\/wp-json\/wp\/v2\/pages\/153702\/revisions"}],"predecessor-version":[{"id":340702,"href":"https:\/\/rtrsports.com\/tr\/wp-json\/wp\/v2\/pages\/153702\/revisions\/340702"}],"wp:featuredmedia":[{"embeddable":true,"href":"https:\/\/rtrsports.com\/tr\/wp-json\/wp\/v2\/media\/144802"}],"wp:attachment":[{"href":"https:\/\/rtrsports.com\/tr\/wp-json\/wp\/v2\/media?parent=153702"}],"curies":[{"name":"wp","href":"https:\/\/api.w.org\/{rel}","templated":true}]}}