{"id":153714,"date":"2024-07-16T07:07:30","date_gmt":"2024-07-16T05:07:30","guid":{"rendered":"https:\/\/rtrsports.com\/?page_id=153714"},"modified":"2025-11-15T13:50:04","modified_gmt":"2025-11-15T12:50:04","slug":"motogp-hospitality-tt-assen","status":"publish","type":"page","link":"https:\/\/rtrsports.com\/tr\/motogp-hospitality-tt-assen\/","title":{"rendered":"2026 MotoGP VIP K\u00f6y\u00fc ve A\u011f\u0131rlama TT Assen"},"content":{"rendered":"<p>Grande Pr\u00e9mio da Aldeia VIP de MotoGP da Holanda e MotoGP Premier 202325 de Junho de 2023 &#8211; Assen TT<\/p>\n<h3><span style=\"color: #808080;\">Pre\u00e7os do MotoGP VIP Village<\/span><\/h3>\n<p>S\u00e1bado + Domingo: <strong>1,537 euros<\/strong><br \/>\nDomingo: <strong>1,319 euros<\/strong>Reserve hoje a Vila VIP do MotoGP<\/p>\n<h3><span style=\"color: #808080;\">Pre\u00e7os do MotoGP Premier<\/span><\/h3>\n<p>Pacote Apex: <strong>2,819 euros<\/strong><br \/>\nPacote Chicane: <strong>779 euros<\/strong><br \/>\nPacote de trof\u00e9us: <strong>375 euros<\/strong>Livro MotoGP Premier Hoje  <\/p>\n<h3>Instala\u00e7\u00f5es da Vila VIP do MotoGP em Assen<\/h3>\n<p><strong>LOCALIZA\u00c7\u00c3O EXCLUSIVA:<\/strong> Excelente vista de circuito, Estacionamento VIP interior, Cobertura total de TV, Bar aberto na \u00e1rea de visualiza\u00e7\u00e3o, Bancada reservada<\/p>\n<p><strong>PROGRAMA DE ENTREGA:<\/strong> Passeio de Paddock, Passeio de Pit Lane, Passeio de Servi\u00e7o Rodovi\u00e1rio, Concursos de Pr\u00e9mios<\/p>\n<p><strong>EXPERI\u00caNCIA GOURMET:<\/strong> Pequeno-almo\u00e7o, Bar Tapas, Almo\u00e7o Gourmet, Petit Fours da tarde, Open Bar<\/p>\n<h3>Estreia de MotoGP em Assen<\/h3>\n<div class=\" vc_custom_1670603702423\">\n<div id=\"text-block-63a422b23fcbd\" class=\"mk-text-block jupiter-donut- \">\n<p>O MotoGP Premier oferece tr\u00eas tipos principais de pacotes de experi\u00eancia: <strong>Trof\u00e9u, Chicane e Apex<\/strong>.<\/p>\n<p>Os pacotes Trof\u00e9u e Chicane incluem um lugar de tribuna durante tr\u00eas dias, enquanto o pacote Apex inclui hospitalidade completa VIP Village com outros extras tais como excurs\u00f5es de garagem, reuni\u00f5es e sess\u00f5es de perguntas e respostas. Todos os pacotes <strong>MotoGP\u2122 Premier<\/strong> incluem uma s\u00e9rie de actividades de pista exclusivas concebidas para o aproximar dos cavaleiros e equipas MotoGP\u2122, Moto2\u2122 e Moto3\u2122.<\/p>\n<\/div>\n<\/div>\n<p><\/p>\n<h3>Como reservar a Vila VIP do MotoGP e o MotoGP Premier no Grande Pr\u00e9mio da Holanda<\/h3>\n<p><a href=\"https:\/\/staging.project-progress.net\/projects\/rtrsports-livesite\/pt-pt\/\"><br \/>\n<strong>RTR Marketing Desportivo<\/strong><br \/>\n<\/a> \u00e9 a ag\u00eancia oficial para a venda de pacotes de hospitalidade de MotoGP.<\/p>\n<p>Preencha o formul\u00e1rio \u00e0 direita para reservar o seu MotoGP VIP Village Pass ou o pacote MotoGP Premier. Uma das nossas contas entrar\u00e1 em contacto consigo dentro de alguns minutos e enviar-lhe-\u00e1 todas as informa\u00e7\u00f5es e formul\u00e1rios necess\u00e1rios para prosseguir com a sua encomenda. <strong>Note que ao preencher este formul\u00e1rio n\u00e3o est\u00e1 a comprar directamente um passe, mas simplesmente a solicitar um.<\/strong>PGRpdiBjbGFzcz0iX2Zvcm1fMTkiPjwvZGl2PjxzY3JpcHQgc3JjPSJodHRwczovL3J0cnNwb3J0cy5hY3RpdmVob3N0ZWQuY29tL2YvZW1iZWQucGhwP2lkPTE5IiB0eXBlPSJ0ZXh0L2phdmFzY3JpcHQiIGNoYXJzZXQ9InV0Zi04Ij48L3NjcmlwdD4= <\/p>\n<h3>A sua hospitalidade em Assen, a Catedral do Motociclismo<\/h3>\n<h4>O encanto intemporal de Assen, a &#8220;Catedral&#8221; do MotoGP<\/h4>\n<p>Situado na <strong>Holanda<\/strong>, o circuito de <strong>Assen<\/strong> \u00e9 um local que encanta os cora\u00e7\u00f5es dos verdadeiros f\u00e3s de MotoGP. Com uma hist\u00f3ria que remonta a 1925, este circuito \u00e9 famoso por ser um dos mais antigos e fascinantes do campeonato. Tamb\u00e9m conhecida como a<strong>&#8220;Catedral<\/strong>&#8221; do MotoGP, Assen \u00e9 uma mistura \u00fanica de tradi\u00e7\u00e3o, emo\u00e7\u00e3o e adrenalina que transforma cada Grande Pr\u00e9mio num evento inesquec\u00edvel. Todos os anos, milhares de f\u00e3s juntam-se aqui para assistir a uma experi\u00eancia de corrida de classe mundial.<\/p>\n<h4>A atmosfera electrizante de um grande pr\u00e9mio na primeira pessoa<\/h4>\n<p>Nada se compara \u00e0 emo\u00e7\u00e3o de estar presente pessoalmente num Grande Pr\u00e9mio de MotoGP em Assen. Enquanto o ru\u00eddo ensurdecedor das motos percorre o circuito, a atmosfera fica carregada de electricidade. Os f\u00e3s juntam-se num coro estrondoso de aplausos e gritos de apoio enquanto os pilotos correm a velocidades incr\u00edveis. Cada curva, cada ultrapassagem e cada batalha na pista tornam-se momentos \u00e9picos que fazem bater o cora\u00e7\u00e3o e acelerar o pulso. A experi\u00eancia de ver as corridas em directo \u00e9 uma verdadeira imers\u00e3o no mundo do MotoGP.<\/p>\n<h4>Hospitalidade no MotoGP: uma solu\u00e7\u00e3o de luxo \u00e0 sua medida<\/h4>\n<p>Para aqueles que desejam desfrutar do MotoGP em toda a sua gl\u00f3ria, uma experi\u00eancia de hospitalidade do MotoGP em Assen \u00e9 a escolha ideal, com os nossos pacotes MotoGP <strong>VIP Village<\/strong> e <strong>MotoGP Premier<\/strong>. Imagine ter acesso a um lounge exclusivo com vista panor\u00e2mica para o circuito, onde pode relaxar num ambiente confort\u00e1vel e luxuoso. Ser\u00e1 recebido por um servi\u00e7o impec\u00e1vel e desfrutar\u00e1 de uma vasta gama de del\u00edcias gastron\u00f3micas, bebidas requintadas e entretenimento de primeira classe. Poder\u00e1 desfrutar das corridas a partir de uma posi\u00e7\u00e3o privilegiada, sem se preocupar com os pormenores log\u00edsticos, pois tudo ser\u00e1 tratado por si. A hospitalidade do MotoGP oferece-lhe a oportunidade de viver o grande pr\u00e9mio de uma forma exclusiva, como um verdadeiro VIP.<\/p>\n<h4>A inesquec\u00edvel experi\u00eancia de Assen: uma viagem para verdadeiros f\u00e3s<\/h4>\n<p>Uma viagem a Assen para um Grande Pr\u00e9mio de MotoGP \u00e9 muito mais do que uma simples corrida. \u00c9 uma aventura que envolve todos os seus sentidos e deixa mem\u00f3rias indel\u00e9veis na sua alma. Para al\u00e9m das emocionantes corridas, Assen e as muitas cidades circundantes oferecem uma variedade de atrac\u00e7\u00f5es para os visitantes, tais como museus dedicados \u00e0 hist\u00f3ria do desporto autom\u00f3vel e a pilotos lend\u00e1rios. A cidade em si \u00e9 um lugar encantador, com ruas pitorescas, lojas pitorescas e restaurantes acolhedores. Assen \u00e9 uma experi\u00eancia completa para os verdadeiros f\u00e3s de MotoGP que querem mergulhar na cultura das corridas e experimentar o encanto da cidade holandesa. N\u00e3o h\u00e1 nada como assistir a um Grande Pr\u00e9mio em Assen e sentir a emo\u00e7\u00e3o de uma corrida de MotoGP em toda a sua gl\u00f3ria.Hospitality, MotoGP VIP Village e MotoGP Premier no Grande Pr\u00e9mio de Assen<\/p>\n<p>Localiza\u00e7\u00e3o e restaura\u00e7\u00e3o de primeira classe, excelente servi\u00e7o e o melhor da hospitalidade de duas rodas: esta \u00e9 a Aldeia VIP de MotoGP. Obviamente com a experi\u00eancia e o profissionalismo dos gestores de contas do RTR no local.<\/p>\n<p>Tudo na VIP Village \u00e9 especialmente concebido para lhe proporcionar uma experi\u00eancia extraordin\u00e1ria em cada Grande Pr\u00e9mio. Um programa de entretenimento exclusivo e menus gourmet de topo s\u00e3o apenas a base para um fim-de-semana de estilo, conforto e divers\u00e3o num cen\u00e1rio \u00fanico. Todos os convidados da VIP Village t\u00eam \u00e0 sua disposi\u00e7\u00e3o uma gama de servi\u00e7os inclu\u00eddos no pacote.<\/p>\n<p>Tamb\u00e9m pode escolher desfrutar da excel\u00eancia da Vila VIP apenas para a corrida de domingo (pacote Ouro) ou incluir a excita\u00e7\u00e3o do s\u00e1bado para um fim-de-semana de adrenalina e corrida (pacote Ouro+Prata). Qualquer que seja a sua escolha, todos os servi\u00e7os listados abaixo est\u00e3o \u00e0 sua disposi\u00e7\u00e3o em ambos os dias.<\/p>\n<p>Bem-vindo ao mundo m\u00e1gico do MotoGP<strong>Hospitalidade de Classe Mundial:<\/strong> MotoGP VIP Village e MotoGP Premier s\u00e3o os programas oficiais de Hospitalidade Empresarial do Campeonato, oferecendo servi\u00e7os de primeira classe em todos os Grandes Pr\u00e9mios da \u00e9poca. Os pacotes de hospitalidade, concebidos para proporcionar uma excelente experi\u00eancia, realizam-se em locais exclusivos com programas de entretenimento \u00fanicos.<\/p>\n<p><strong>Local de neg\u00f3cio eficaz:<\/strong> as empresas e marcas podem utilizar estas experi\u00eancias para melhorar as rela\u00e7\u00f5es com os seus clientes e parceiros. Quer esteja \u00e0 procura de um grande evento empresarial ou de uma reuni\u00e3o privada mais exclusiva, o MotoGP VIP Village e o MotoGP Premier est\u00e3o ao seu servi\u00e7o para alcan\u00e7ar os seus objectivos empresariais e B2B.<\/p>\n<p><strong>O Lugar a Ser:<\/strong> N\u00e3o h\u00e1 cen\u00e1rio mais emocionante, apaixonante e emocionante do que uma corrida de MotoGP. <strong><br \/>\n<a href=\"https:\/\/staging.project-progress.net\/projects\/rtrsports-livesite\/pt-pt\/patrocinios-motogp\/\">Campeonato do Mundo de MotoGP<\/a><br \/>\n<\/strong>um desporto capaz de gerar paix\u00e3o e espect\u00e1culo em qualquer parte do mundo. O MotoGP VIP Village e o MotoGP Premier oferecem um programa de entretenimento exclusivo que proporciona momentos e experi\u00eancias verdadeiramente inesquec\u00edveis. Desfrute da maravilhosa comida nas nossas cozinhas, observe a ac\u00e7\u00e3o na pista a partir de pontos privilegiados, sinta a excita\u00e7\u00e3o do Paddock e as vibra\u00e7\u00f5es do Pit Lane antes de os motores arrancar.<\/p>\n","protected":false},"excerpt":{"rendered":"<p>Pre\u00e7os do MotoGP VIP Village S\u00e1bado + Domingo: 1,537 euros Domingo: 1,319 euros Pre\u00e7os do MotoGP Premier Pacote Apex: 2,819 euros Pacote Chicane: 779 euros Pacote de trof\u00e9us: 375 euros Instala\u00e7\u00f5es da Vila VIP do MotoGP em Assen LOCALIZA\u00c7\u00c3O EXCLUSIVA: Excelente vista de circuito, Estacionamento VIP interior, Cobertura total de TV, Bar aberto na \u00e1rea [&hellip;]<\/p>\n","protected":false},"author":17,"featured_media":144798,"parent":0,"menu_order":0,"comment_status":"open","ping_status":"closed","template":"page-template\/page-flexible-template.php","meta":{"_acf_changed":false,"footnotes":""},"class_list":["post-153714","page","type-page","status-publish","has-post-thumbnail","hentry"],"acf":[],"yoast_head":"<!-- This site is optimized with the Yoast SEO Premium plugin v26.8 (Yoast SEO v27.3) - https:\/\/yoast.com\/product\/yoast-seo-premium-wordpress\/ -->\n<title>2026 MotoGP VIP K\u00f6y\u00fc ve A\u011f\u0131rlama TT Assen<\/title>\n<meta name=\"description\" content=\"2026 Assen Grand Prix. Hollanda&#039;da VIP K\u00f6y\u00fc ve MotoGP Misafirperverli\u011fi. MotoGP VIP Village Pass rezervasyonunuzu bug\u00fcn yap\u0131n.\" \/>\n<meta name=\"robots\" content=\"index, follow, max-snippet:-1, max-image-preview:large, max-video-preview:-1\" \/>\n<link rel=\"canonical\" href=\"https:\/\/rtrsports.com\/tr\/motogp-hospitality-tt-assen\/\" \/>\n<meta property=\"og:locale\" content=\"tr_TR\" \/>\n<meta property=\"og:type\" content=\"article\" \/>\n<meta property=\"og:title\" content=\"2026 MotoGP VIP K\u00f6y\u00fc ve A\u011f\u0131rlama TT Assen\" \/>\n<meta property=\"og:description\" content=\"2026 Assen Grand Prix. Hollanda&#039;da VIP K\u00f6y\u00fc ve MotoGP Misafirperverli\u011fi. MotoGP VIP Village Pass rezervasyonunuzu bug\u00fcn yap\u0131n.\" \/>\n<meta property=\"og:url\" content=\"https:\/\/rtrsports.com\/tr\/motogp-hospitality-tt-assen\/\" \/>\n<meta property=\"og:site_name\" content=\"RTR Sports\" \/>\n<meta property=\"article:publisher\" content=\"https:\/\/www.facebook.com\/RTRSportsMarketing\/\" \/>\n<meta property=\"og:image\" content=\"https:\/\/rtrsports.com\/wp-content\/uploads\/2022\/01\/motogp-vip-village-flags-202211.jpg\" \/>\n\t<meta property=\"og:image:width\" content=\"665\" \/>\n\t<meta property=\"og:image:height\" content=\"833\" \/>\n\t<meta property=\"og:image:type\" content=\"image\/jpeg\" \/>\n<meta name=\"twitter:card\" content=\"summary_large_image\" \/>\n<meta name=\"twitter:site\" content=\"@rtrsports\" \/>\n<meta name=\"twitter:label1\" content=\"Tahmini okuma s\u00fcresi\" \/>\n\t<meta name=\"twitter:data1\" content=\"1 dakika\" \/>\n<script type=\"application\/ld+json\" class=\"yoast-schema-graph\">{\"@context\":\"https:\\\/\\\/schema.org\",\"@graph\":[{\"@type\":\"WebPage\",\"@id\":\"https:\\\/\\\/rtrsports.com\\\/tr\\\/motogp-hospitality-tt-assen\\\/\",\"url\":\"https:\\\/\\\/rtrsports.com\\\/tr\\\/motogp-hospitality-tt-assen\\\/\",\"name\":\"2026 MotoGP VIP K\u00f6y\u00fc ve A\u011f\u0131rlama TT Assen\",\"isPartOf\":{\"@id\":\"https:\\\/\\\/rtrsports.com\\\/tr\\\/#website\"},\"primaryImageOfPage\":{\"@id\":\"https:\\\/\\\/rtrsports.com\\\/tr\\\/motogp-hospitality-tt-assen\\\/#primaryimage\"},\"image\":{\"@id\":\"https:\\\/\\\/rtrsports.com\\\/tr\\\/motogp-hospitality-tt-assen\\\/#primaryimage\"},\"thumbnailUrl\":\"https:\\\/\\\/rtrsports.com\\\/wp-content\\\/uploads\\\/2022\\\/01\\\/motogp-vip-village-flags-202211.jpg\",\"datePublished\":\"2024-07-16T05:07:30+00:00\",\"dateModified\":\"2025-11-15T12:50:04+00:00\",\"description\":\"2026 Assen Grand Prix. Hollanda'da VIP K\u00f6y\u00fc ve MotoGP Misafirperverli\u011fi. MotoGP VIP Village Pass rezervasyonunuzu bug\u00fcn yap\u0131n.\",\"breadcrumb\":{\"@id\":\"https:\\\/\\\/rtrsports.com\\\/tr\\\/motogp-hospitality-tt-assen\\\/#breadcrumb\"},\"inLanguage\":\"tr\",\"potentialAction\":[{\"@type\":\"ReadAction\",\"target\":[\"https:\\\/\\\/rtrsports.com\\\/tr\\\/motogp-hospitality-tt-assen\\\/\"]}]},{\"@type\":\"ImageObject\",\"inLanguage\":\"tr\",\"@id\":\"https:\\\/\\\/rtrsports.com\\\/tr\\\/motogp-hospitality-tt-assen\\\/#primaryimage\",\"url\":\"https:\\\/\\\/rtrsports.com\\\/wp-content\\\/uploads\\\/2022\\\/01\\\/motogp-vip-village-flags-202211.jpg\",\"contentUrl\":\"https:\\\/\\\/rtrsports.com\\\/wp-content\\\/uploads\\\/2022\\\/01\\\/motogp-vip-village-flags-202211.jpg\",\"width\":665,\"height\":833,\"caption\":\"motogp-vip-village-flags-202211\"},{\"@type\":\"BreadcrumbList\",\"@id\":\"https:\\\/\\\/rtrsports.com\\\/tr\\\/motogp-hospitality-tt-assen\\\/#breadcrumb\",\"itemListElement\":[{\"@type\":\"ListItem\",\"position\":1,\"name\":\"Home\",\"item\":\"https:\\\/\\\/rtrsports.com\\\/tr\\\/\"},{\"@type\":\"ListItem\",\"position\":2,\"name\":\"2026 MotoGP VIP K\u00f6y\u00fc ve A\u011f\u0131rlama TT Assen\"}]},{\"@type\":\"WebSite\",\"@id\":\"https:\\\/\\\/rtrsports.com\\\/tr\\\/#website\",\"url\":\"https:\\\/\\\/rtrsports.com\\\/tr\\\/\",\"name\":\"RTR Sports Marketing\",\"description\":\"RTR Sports Marketing is a global motorsport sponsorship agency and consultancy, specialized in Formula 1 and MotoGP, and active across all major international racing series including Formula E, NASCAR, WEC, WRC and Dakar, helping brands build data-driven, high-performance sponsorship programs.\",\"publisher\":{\"@id\":\"https:\\\/\\\/rtrsports.com\\\/tr\\\/#organization\"},\"alternateName\":\"RTR Sports\",\"potentialAction\":[{\"@type\":\"SearchAction\",\"target\":{\"@type\":\"EntryPoint\",\"urlTemplate\":\"https:\\\/\\\/rtrsports.com\\\/tr\\\/?s={search_term_string}\"},\"query-input\":{\"@type\":\"PropertyValueSpecification\",\"valueRequired\":true,\"valueName\":\"search_term_string\"}}],\"inLanguage\":\"tr\"},{\"@type\":\"Organization\",\"@id\":\"https:\\\/\\\/rtrsports.com\\\/tr\\\/#organization\",\"name\":\"RTR Sports Marketing\",\"alternateName\":\"RTR sports\",\"url\":\"https:\\\/\\\/rtrsports.com\\\/tr\\\/\",\"logo\":{\"@type\":\"ImageObject\",\"inLanguage\":\"tr\",\"@id\":\"https:\\\/\\\/rtrsports.com\\\/tr\\\/#\\\/schema\\\/logo\\\/image\\\/\",\"url\":\"https:\\\/\\\/rtrsports.com\\\/wp-content\\\/uploads\\\/2024\\\/01\\\/rtrsports-anniversary-1.jpg\",\"contentUrl\":\"https:\\\/\\\/rtrsports.com\\\/wp-content\\\/uploads\\\/2024\\\/01\\\/rtrsports-anniversary-1.jpg\",\"width\":946,\"height\":260,\"caption\":\"RTR Sports Marketing\"},\"image\":{\"@id\":\"https:\\\/\\\/rtrsports.com\\\/tr\\\/#\\\/schema\\\/logo\\\/image\\\/\"},\"sameAs\":[\"https:\\\/\\\/www.facebook.com\\\/RTRSportsMarketing\\\/\",\"https:\\\/\\\/x.com\\\/rtrsports\",\"https:\\\/\\\/www.linkedin.com\\\/company\\\/rtr-sports-marketing\\\/\"],\"description\":\"RTR Sports Marketing is a global motorsport sponsorship agency and consultancy, specialized in Formula 1 and MotoGP, and active across all major international racing series including Formula E, NASCAR, WEC, WRC and Dakar, helping brands build data-driven, high-performance sponsorship programs.\",\"email\":\"info@rtrsports.com\",\"legalName\":\"RTR Sports Marketing LTD\",\"numberOfEmployees\":{\"@type\":\"QuantitativeValue\",\"minValue\":\"1\",\"maxValue\":\"10\"}}]}<\/script>\n<!-- \/ Yoast SEO Premium plugin. -->","yoast_head_json":{"title":"2026 MotoGP VIP K\u00f6y\u00fc ve A\u011f\u0131rlama TT Assen","description":"2026 Assen Grand Prix. Hollanda'da VIP K\u00f6y\u00fc ve MotoGP Misafirperverli\u011fi. MotoGP VIP Village Pass rezervasyonunuzu bug\u00fcn yap\u0131n.","robots":{"index":"index","follow":"follow","max-snippet":"max-snippet:-1","max-image-preview":"max-image-preview:large","max-video-preview":"max-video-preview:-1"},"canonical":"https:\/\/rtrsports.com\/tr\/motogp-hospitality-tt-assen\/","og_locale":"tr_TR","og_type":"article","og_title":"2026 MotoGP VIP K\u00f6y\u00fc ve A\u011f\u0131rlama TT Assen","og_description":"2026 Assen Grand Prix. Hollanda'da VIP K\u00f6y\u00fc ve MotoGP Misafirperverli\u011fi. MotoGP VIP Village Pass rezervasyonunuzu bug\u00fcn yap\u0131n.","og_url":"https:\/\/rtrsports.com\/tr\/motogp-hospitality-tt-assen\/","og_site_name":"RTR Sports","article_publisher":"https:\/\/www.facebook.com\/RTRSportsMarketing\/","og_image":[{"width":665,"height":833,"url":"https:\/\/rtrsports.com\/wp-content\/uploads\/2022\/01\/motogp-vip-village-flags-202211.jpg","type":"image\/jpeg"}],"twitter_card":"summary_large_image","twitter_site":"@rtrsports","twitter_misc":{"Tahmini okuma s\u00fcresi":"1 dakika"},"schema":{"@context":"https:\/\/schema.org","@graph":[{"@type":"WebPage","@id":"https:\/\/rtrsports.com\/tr\/motogp-hospitality-tt-assen\/","url":"https:\/\/rtrsports.com\/tr\/motogp-hospitality-tt-assen\/","name":"2026 MotoGP VIP K\u00f6y\u00fc ve A\u011f\u0131rlama TT Assen","isPartOf":{"@id":"https:\/\/rtrsports.com\/tr\/#website"},"primaryImageOfPage":{"@id":"https:\/\/rtrsports.com\/tr\/motogp-hospitality-tt-assen\/#primaryimage"},"image":{"@id":"https:\/\/rtrsports.com\/tr\/motogp-hospitality-tt-assen\/#primaryimage"},"thumbnailUrl":"https:\/\/rtrsports.com\/wp-content\/uploads\/2022\/01\/motogp-vip-village-flags-202211.jpg","datePublished":"2024-07-16T05:07:30+00:00","dateModified":"2025-11-15T12:50:04+00:00","description":"2026 Assen Grand Prix. Hollanda'da VIP K\u00f6y\u00fc ve MotoGP Misafirperverli\u011fi. MotoGP VIP Village Pass rezervasyonunuzu bug\u00fcn yap\u0131n.","breadcrumb":{"@id":"https:\/\/rtrsports.com\/tr\/motogp-hospitality-tt-assen\/#breadcrumb"},"inLanguage":"tr","potentialAction":[{"@type":"ReadAction","target":["https:\/\/rtrsports.com\/tr\/motogp-hospitality-tt-assen\/"]}]},{"@type":"ImageObject","inLanguage":"tr","@id":"https:\/\/rtrsports.com\/tr\/motogp-hospitality-tt-assen\/#primaryimage","url":"https:\/\/rtrsports.com\/wp-content\/uploads\/2022\/01\/motogp-vip-village-flags-202211.jpg","contentUrl":"https:\/\/rtrsports.com\/wp-content\/uploads\/2022\/01\/motogp-vip-village-flags-202211.jpg","width":665,"height":833,"caption":"motogp-vip-village-flags-202211"},{"@type":"BreadcrumbList","@id":"https:\/\/rtrsports.com\/tr\/motogp-hospitality-tt-assen\/#breadcrumb","itemListElement":[{"@type":"ListItem","position":1,"name":"Home","item":"https:\/\/rtrsports.com\/tr\/"},{"@type":"ListItem","position":2,"name":"2026 MotoGP VIP K\u00f6y\u00fc ve A\u011f\u0131rlama TT Assen"}]},{"@type":"WebSite","@id":"https:\/\/rtrsports.com\/tr\/#website","url":"https:\/\/rtrsports.com\/tr\/","name":"RTR Sports Marketing","description":"RTR Sports Marketing is a global motorsport sponsorship agency and consultancy, specialized in Formula 1 and MotoGP, and active across all major international racing series including Formula E, NASCAR, WEC, WRC and Dakar, helping brands build data-driven, high-performance sponsorship programs.","publisher":{"@id":"https:\/\/rtrsports.com\/tr\/#organization"},"alternateName":"RTR Sports","potentialAction":[{"@type":"SearchAction","target":{"@type":"EntryPoint","urlTemplate":"https:\/\/rtrsports.com\/tr\/?s={search_term_string}"},"query-input":{"@type":"PropertyValueSpecification","valueRequired":true,"valueName":"search_term_string"}}],"inLanguage":"tr"},{"@type":"Organization","@id":"https:\/\/rtrsports.com\/tr\/#organization","name":"RTR Sports Marketing","alternateName":"RTR sports","url":"https:\/\/rtrsports.com\/tr\/","logo":{"@type":"ImageObject","inLanguage":"tr","@id":"https:\/\/rtrsports.com\/tr\/#\/schema\/logo\/image\/","url":"https:\/\/rtrsports.com\/wp-content\/uploads\/2024\/01\/rtrsports-anniversary-1.jpg","contentUrl":"https:\/\/rtrsports.com\/wp-content\/uploads\/2024\/01\/rtrsports-anniversary-1.jpg","width":946,"height":260,"caption":"RTR Sports Marketing"},"image":{"@id":"https:\/\/rtrsports.com\/tr\/#\/schema\/logo\/image\/"},"sameAs":["https:\/\/www.facebook.com\/RTRSportsMarketing\/","https:\/\/x.com\/rtrsports","https:\/\/www.linkedin.com\/company\/rtr-sports-marketing\/"],"description":"RTR Sports Marketing is a global motorsport sponsorship agency and consultancy, specialized in Formula 1 and MotoGP, and active across all major international racing series including Formula E, NASCAR, WEC, WRC and Dakar, helping brands build data-driven, high-performance sponsorship programs.","email":"info@rtrsports.com","legalName":"RTR Sports Marketing LTD","numberOfEmployees":{"@type":"QuantitativeValue","minValue":"1","maxValue":"10"}}]}},"_links":{"self":[{"href":"https:\/\/rtrsports.com\/tr\/wp-json\/wp\/v2\/pages\/153714","targetHints":{"allow":["GET"]}}],"collection":[{"href":"https:\/\/rtrsports.com\/tr\/wp-json\/wp\/v2\/pages"}],"about":[{"href":"https:\/\/rtrsports.com\/tr\/wp-json\/wp\/v2\/types\/page"}],"author":[{"embeddable":true,"href":"https:\/\/rtrsports.com\/tr\/wp-json\/wp\/v2\/users\/17"}],"replies":[{"embeddable":true,"href":"https:\/\/rtrsports.com\/tr\/wp-json\/wp\/v2\/comments?post=153714"}],"version-history":[{"count":4,"href":"https:\/\/rtrsports.com\/tr\/wp-json\/wp\/v2\/pages\/153714\/revisions"}],"predecessor-version":[{"id":340754,"href":"https:\/\/rtrsports.com\/tr\/wp-json\/wp\/v2\/pages\/153714\/revisions\/340754"}],"wp:featuredmedia":[{"embeddable":true,"href":"https:\/\/rtrsports.com\/tr\/wp-json\/wp\/v2\/media\/144798"}],"wp:attachment":[{"href":"https:\/\/rtrsports.com\/tr\/wp-json\/wp\/v2\/media?parent=153714"}],"curies":[{"name":"wp","href":"https:\/\/api.w.org\/{rel}","templated":true}]}}