{"id":153740,"date":"2024-07-16T07:36:08","date_gmt":"2024-07-16T05:36:08","guid":{"rendered":"https:\/\/rtrsports.com\/?page_id=153740"},"modified":"2025-04-18T12:57:49","modified_gmt":"2025-04-18T10:57:49","slug":"motogp-hospitality-gran-prix-avusturya","status":"publish","type":"page","link":"https:\/\/rtrsports.com\/tr\/motogp-hospitality-gran-prix-avusturya\/","title":{"rendered":"MotoGP VIP K\u00f6y\u00fc ve MotoGP Misafirperverli\u011fi &#8211; Red Bull Ring Spielberg&#8217;de Avusturya GP"},"content":{"rendered":"<p>Gran Premio d&#8217;Austria MotoGP VIP Village e MotoGP Premier 202320 Agosto 2023 &#8211; Red Bull Ring Spielberg, Austria<\/p>\n<h3><span style=\"color: #808080;\">Prezzi MotoGP VIP Village<\/span><\/h3>\n<p>Sabato + Domenica: <strong>\u20ac 2.004<\/strong><br \/>\nDomenica: <strong>\u20ac 1.728<\/strong>Prenota MotoGP VIP Village Oggi<\/p>\n<h3><span style=\"color: #808080;\">Prezzi MotoGP Premier<\/span><\/h3>\n<p>Apex Package: <strong>\u20ac 3.001<\/strong><br \/>\nChicane package: <strong>\u20ac 833<\/strong><br \/>\nTrophy package: <strong>\u20ac 416<\/strong>Prenota MotoGP Premier Oggi  <\/p>\n<h3>I servizi del MotoGP VIP Village a Spielberg<\/h3>\n<p><strong>LOCATION ESCLUSIVE:<\/strong> Eccellente vista sul circuito, Parcheggio VIP interno, TV coverage completo, Open Bar nella viewing area, Tribuna Riservata<\/p>\n<p><strong>PROGRAMMA DI INTRATTENIMENTO:<\/strong> Paddock Tour, Pit Lane Walk, Service Road Tour, Concorsi a Premi<\/p>\n<p><strong>ESPERIENZA GOURMET:<\/strong> Colazione, Tapas Bar, Pranzo Gourmet, Petit Fours del pomeriggio, Open Bar<\/p>\n<h3>I servizi del MotoGP Premier a Spielberg<\/h3>\n<div class=\" vc_custom_1670603702423\">\n<div id=\"text-block-63a422b23fcbd\" class=\"mk-text-block jupiter-donut- \">\n<p>Il MotoGP Premier mette a disposizione tre tipi principali di pacchetti esperienza: <strong>Trophy, Chicane e Apex<\/strong>.<\/p>\n<p>I pacchetti Trophy e Chicane includono un posto in tribuna per 3 giorni, mentre il pacchetto Apex include un\u2019ospitalit\u00e0 completa VIP Village corredata di altri servizi extra come garage tour, meet and greet e sessioni di Q&amp;A. Tutti i pacchetti <strong>MotoGP\u2122 Premier<\/strong>\u00a0includono una serie di attivit\u00e0 esclusive a bordo pista progettate per avvicinarvi ai piloti e ai team di MotoGP\u2122, Moto2\u2122 e Moto3\u2122.<\/p>\n<\/div>\n<\/div>\n<p><\/p>\n<h3>Come prenotare MotoGP VIP Village e MotoGP Premier al Gran Premio d&#8217;Austria<\/h3>\n<p><a href=\"https:\/\/staging.project-progress.net\/projects\/rtrsports-livesite\"><strong>RTR Sports Marketing<\/strong><\/a> \u00e8 agenzia ufficiale per la vendita di pacchetti di ospitalit\u00e0 MotoGP.<\/p>\n<p>Compila il form a destra per prenotare il tuo MotoGP VIP Village Pass o pacchetto MotoGP Premier. Uno dei nostri account ti contatter\u00e0 entro pochi minuti, inviandoti tutte le informazioni necessarie e la modulistica per proseguire nell&#8217;ordine. <strong>Ti ricordiamo che attraverso la compilazione del presente modulo non stai direttamente acquistando alcun pass ma semplicemente richiedendone la prenotazione.<\/strong>JTNDZGl2JTIwY2xhc3MlM0QlMjJfZm9ybV8xOSUyMiUzRSUzQyUyRmRpdiUzRSUzQ3NjcmlwdCUyMHNyYyUzRCUyMmh0dHBzJTNBJTJGJTJGcnRyc3BvcnRzLmFjdGl2ZWhvc3RlZC5jb20lMkZmJTJGZW1iZWQucGhwJTNGaWQlM0QxOSUyMiUyMHR5cGUlM0QlMjJ0ZXh0JTJGamF2YXNjcmlwdCUyMiUyMGNoYXJzZXQlM0QlMjJ1dGYtOCUyMiUzRSUzQyUyRnNjcmlwdCUzRQ== <\/p>\n<h3>MotoGP VIP Hospitality al Red Bull Ring di Spielberg<\/h3>\n<p>Benvenuti nel meraviglioso mondo del <strong>MotoGP<\/strong>, dove la passione per le corse e l&#8217;adrenalina si fondono con l&#8217;ospitalit\u00e0 di alto livello. Preparatevi a vivere un&#8217;esperienza unica al <strong>Red Bull Ring a Spielber<\/strong>g, in Austria, dove la velocit\u00e0 e l&#8217;eccitazione raggiungono livelli estremi. Situato in un <strong>idilliaco scenario montano<\/strong>, questo circuito di fama mondiale \u00e8 una tappa imperdibile del calendario <strong>MotoGP<\/strong>.<\/p>\n<p>Il Red Bull Ring \u00e8 un tracciato che incanta gli appassionati di tutto il mondo. Con le sue spettacolari curve, i saliscendi e il panorama mozzafiato sulle montagne, offre una combinazione perfetta di sfide tecniche e adrenalina pura. Ogni curva richiede una precisione millimetrica, mentre i rettilinei mettono alla prova la velocit\u00e0 massima delle motociclette. L&#8217;atmosfera elettrizzante del circuito ti cattura sin dal primo istante, creando una connessione speciale tra i fan e i piloti che sfrecciano a velocit\u00e0 folli.<\/p>\n<p>Per rendere la tua esperienza al <strong>Red Bull Ring<\/strong> ancora pi\u00f9 indimenticabile, ti consigliamo di scoprire l&#8217;ospitalit\u00e0 di alto livello offerta dal <strong>MotoGP VIP Village<\/strong> e dal <strong>MotoGP Premier<\/strong>. Immagina di essere accolto in una lounge esclusiva, dove potrai rilassarti e gustare prelibatezze gastronomiche mentre segui da vicino le gare. Il <strong>MotoGP VIP Village<\/strong> offre una vista privilegiata sul circuito, garantendoti un&#8217;esperienza senza precedenti. Dalle terrazze panoramiche, potrai godere di una visuale spettacolare e sentire l&#8217;emozione delle moto che sfrecciano a pochi metri di distanza.<\/p>\n<p>Con il <a href=\"https:\/\/staging.project-progress.net\/projects\/rtrsports-livesite\/motogp-premier\/\"><strong>MotoGP Premier<\/strong><\/a>, vivrai l&#8217;ospitalit\u00e0 di lusso al massimo livello. Sarai accolto in una struttura esclusiva, dove ogni dettaglio \u00e8 curato con estrema attenzione. Dai servizi personalizzati all&#8217;area lounge riservata, potrai godere di un&#8217;esperienza su misura per te e i tuoi ospiti. Non solo potrai seguire da vicino le gare dal miglior punto di vista possibile, ma potrai anche approfittare di accessi privilegiati, <strong>tour dietro le quinte<\/strong> e incontri esclusivi con i piloti. Il MotoGP Premier ti offre il massimo comfort e l&#8217;ospitalit\u00e0 di prima classe, rendendo il tuo weekend di gara una vera e propria esperienza di lusso.<\/p>\n<p>La combinazione unica di emozioni, velocit\u00e0 e ospitalit\u00e0 di alto livello rende il<strong> MotoGP al Red Bull Ring<\/strong> un evento davvero imperdibile. Con il MotoGP VIP Village e il MotoGP Premier, avrai l&#8217;opportunit\u00e0 di vivere da protagonista il fascino del MotoGP, avvolti nell&#8217;atmosfera vibrante e coinvolgente di una delle pi\u00f9 emozionanti discipline motoristiche al mondo. Non importa se sei un appassionato di lunga data o se stai scoprendo il MotoGP per la prima volta, questa esperienza ti conquister\u00e0 e ti lascer\u00e0 senza parole. Preparati a vivere il gran premio al Red Bull Ring come mai prima d&#8217;ora, con tutti i comfort e le attenzioni che solo il MotoGP VIP Village e il MotoGP Premier possono offrire.Hospitality, MotoGP VIP Village e MotoGP Premier al Gran Premio d&#8217;Austria al Red Bull Ring di Spielberg<\/p>\n<p>Location e catering di prim\u2019ordine, un servizio eccellente e il meglio dell\u2019hospitality delle due ruote: questo \u00e8 il MotoGP VIP Village. Ovviamente con l\u2019esperienza e la professionalit\u00e0 degli account manager RTR presenti sul posto.<\/p>\n<p>Tutto nel\u00a0VIP Village\u00a0\u00e8 appositamente studiato per farvi vivere un\u2019esperienza straordinaria ad ogni\u00a0Gran Premio. Un programma di intrattenimento esclusivo e menu gourmet di altissimo livello sono solo le basi per un weekend di stile, comodit\u00e0 e divertimento in un ambiente unico. Tutti gli ospiti del\u00a0VIP Village\u00a0hanno a loro disposizione una serie di servizi inclusi nel pacchetto.<\/p>\n<p>Potete inoltre scegliere se godere dell\u2019eccellenza del\u00a0VIP Village\u00a0per la sola\u00a0Domenica\u00a0di gara (pacchetto\u00a0Gold)\u00a0o includere anche le emozioni del\u00a0Sabato\u00a0per un weekend di adrenalina e racing (pacchetto\u00a0Gold+\u00a0Silver).\u00a0Qualunque sia la vostra scelta, tutti i servizi elencati qui di seguito sono a vostra disposizione in entrambe le giornate.<\/p>\n<p>Benvenuti nel magico mondo della MotoGP<strong>World Class Hospitality:<\/strong> MotoGP VIP Village e MotoGP Premier sono programmi ufficialidi Corporate Hospitality del Campionato, capaci di offrire servizi di prim\u2019ordine ad ogni Gran Premio della Stagione. I pacchetti di ospitalit\u00e0, studiati per offrire un\u2019esperienza eccellente, si svolgono in location esclusive e con programmi di intrattenimento unici.<\/p>\n<p><strong>Effective Business Venue:<\/strong> Le aziende e i brand possono utilizzare queste esperienze per migliorare relazioni con i loro clienti e partner. Sia che siate alla ricerca di un grande evento corporate o di un pi\u00f9 esclusivo meeting privato, il MotoGP VIP Village e il MotoGP Premier sono al vostro servizio per raggiungere gli obiettivi commerciali e B2B della vostra attivit\u00e0.<\/p>\n<p><strong>The Place to Be:<\/strong> Non esiste un setting pi\u00f9 entusiasmante, avvincente ed emozionante di una gara del <strong><a href=\"https:\/\/staging.project-progress.net\/projects\/rtrsports-livesite\/sponsorizzazioni-motogp\/\">Campionato del Mondo MotoGP<\/a><\/strong>, uno sport capace di generare passione e spettacolo in ogni luogo del mondo. Il MotoGP VIP Village e il MotoGP Premier offrono un programma di intrattenimento esclusivo capace di offrire momenti ed esperienze davvero indimenticabili. Gustate i meravigliosi piatti delle nostre cucine, guardate l&#8217;azione in pista da luoghi privilegiati, sentite l&#8217;emozione del Paddock e le vibrazioni della Pit Lane prima che si accendano i motori.<\/p>\n","protected":false},"excerpt":{"rendered":"<p>Prezzi MotoGP VIP Village Sabato + Domenica: \u20ac 2.004 Domenica: \u20ac 1.728 Prezzi MotoGP Premier Apex Package: \u20ac 3.001 Chicane package: \u20ac 833 Trophy package: \u20ac 416 I servizi del MotoGP VIP Village a Spielberg LOCATION ESCLUSIVE: Eccellente vista sul circuito, Parcheggio VIP interno, TV coverage completo, Open Bar nella viewing area, Tribuna Riservata PROGRAMMA [&hellip;]<\/p>\n","protected":false},"author":17,"featured_media":144809,"parent":0,"menu_order":0,"comment_status":"open","ping_status":"closed","template":"page-template\/page-flexible-template.php","meta":{"_acf_changed":false,"footnotes":""},"class_list":["post-153740","page","type-page","status-publish","has-post-thumbnail","hentry"],"acf":[],"yoast_head":"<!-- This site is optimized with the Yoast SEO Premium plugin v26.8 (Yoast SEO v27.3) - https:\/\/yoast.com\/product\/yoast-seo-premium-wordpress\/ -->\n<title>2025 MotoGP VIP K\u00f6y\u00fc ve A\u011f\u0131rlama - Avusturya GP, Spielberg<\/title>\n<meta name=\"description\" content=\"Avusturya Grand Prix&#039;si. Spielberg&#039;deki Red Bull Ring&#039;de VIP K\u00f6y\u00fc ve MotoGP Misafirperverli\u011fi. MotoGP Biletinizi bug\u00fcn ay\u0131rt\u0131n.\" \/>\n<meta name=\"robots\" content=\"index, follow, max-snippet:-1, max-image-preview:large, max-video-preview:-1\" \/>\n<link rel=\"canonical\" href=\"https:\/\/rtrsports.com\/tr\/motogp-hospitality-gran-prix-avusturya\/\" \/>\n<meta property=\"og:locale\" content=\"tr_TR\" \/>\n<meta property=\"og:type\" content=\"article\" \/>\n<meta property=\"og:title\" content=\"MotoGP VIP K\u00f6y\u00fc ve MotoGP Misafirperverli\u011fi - Red Bull Ring Spielberg&#039;de Avusturya GP\" \/>\n<meta property=\"og:description\" content=\"Avusturya Grand Prix&#039;si. Spielberg&#039;deki Red Bull Ring&#039;de VIP K\u00f6y\u00fc ve MotoGP Misafirperverli\u011fi. MotoGP Biletinizi bug\u00fcn ay\u0131rt\u0131n.\" \/>\n<meta property=\"og:url\" content=\"https:\/\/rtrsports.com\/tr\/motogp-hospitality-gran-prix-avusturya\/\" \/>\n<meta property=\"og:site_name\" content=\"RTR Sports\" \/>\n<meta property=\"article:publisher\" content=\"https:\/\/www.facebook.com\/RTRSportsMarketing\/\" \/>\n<meta property=\"og:image\" content=\"https:\/\/rtrsports.com\/wp-content\/uploads\/2022\/01\/vip-village-flags-2022-austria.jpg\" \/>\n\t<meta property=\"og:image:width\" content=\"665\" \/>\n\t<meta property=\"og:image:height\" content=\"833\" \/>\n\t<meta property=\"og:image:type\" content=\"image\/jpeg\" \/>\n<meta name=\"twitter:card\" content=\"summary_large_image\" \/>\n<meta name=\"twitter:site\" content=\"@rtrsports\" \/>\n<meta name=\"twitter:label1\" content=\"Tahmini okuma s\u00fcresi\" \/>\n\t<meta name=\"twitter:data1\" content=\"1 dakika\" \/>\n<script type=\"application\/ld+json\" class=\"yoast-schema-graph\">{\"@context\":\"https:\\\/\\\/schema.org\",\"@graph\":[{\"@type\":\"WebPage\",\"@id\":\"https:\\\/\\\/rtrsports.com\\\/tr\\\/motogp-hospitality-gran-prix-avusturya\\\/\",\"url\":\"https:\\\/\\\/rtrsports.com\\\/tr\\\/motogp-hospitality-gran-prix-avusturya\\\/\",\"name\":\"2025 MotoGP VIP K\u00f6y\u00fc ve A\u011f\u0131rlama - Avusturya GP, Spielberg\",\"isPartOf\":{\"@id\":\"https:\\\/\\\/rtrsports.com\\\/tr\\\/#website\"},\"primaryImageOfPage\":{\"@id\":\"https:\\\/\\\/rtrsports.com\\\/tr\\\/motogp-hospitality-gran-prix-avusturya\\\/#primaryimage\"},\"image\":{\"@id\":\"https:\\\/\\\/rtrsports.com\\\/tr\\\/motogp-hospitality-gran-prix-avusturya\\\/#primaryimage\"},\"thumbnailUrl\":\"https:\\\/\\\/rtrsports.com\\\/wp-content\\\/uploads\\\/2022\\\/01\\\/vip-village-flags-2022-austria.jpg\",\"datePublished\":\"2024-07-16T05:36:08+00:00\",\"dateModified\":\"2025-04-18T10:57:49+00:00\",\"description\":\"Avusturya Grand Prix'si. Spielberg'deki Red Bull Ring'de VIP K\u00f6y\u00fc ve MotoGP Misafirperverli\u011fi. MotoGP Biletinizi bug\u00fcn ay\u0131rt\u0131n.\",\"breadcrumb\":{\"@id\":\"https:\\\/\\\/rtrsports.com\\\/tr\\\/motogp-hospitality-gran-prix-avusturya\\\/#breadcrumb\"},\"inLanguage\":\"tr\",\"potentialAction\":[{\"@type\":\"ReadAction\",\"target\":[\"https:\\\/\\\/rtrsports.com\\\/tr\\\/motogp-hospitality-gran-prix-avusturya\\\/\"]}]},{\"@type\":\"ImageObject\",\"inLanguage\":\"tr\",\"@id\":\"https:\\\/\\\/rtrsports.com\\\/tr\\\/motogp-hospitality-gran-prix-avusturya\\\/#primaryimage\",\"url\":\"https:\\\/\\\/rtrsports.com\\\/wp-content\\\/uploads\\\/2022\\\/01\\\/vip-village-flags-2022-austria.jpg\",\"contentUrl\":\"https:\\\/\\\/rtrsports.com\\\/wp-content\\\/uploads\\\/2022\\\/01\\\/vip-village-flags-2022-austria.jpg\",\"width\":665,\"height\":833,\"caption\":\"vip-village-flags-2022-austria\"},{\"@type\":\"BreadcrumbList\",\"@id\":\"https:\\\/\\\/rtrsports.com\\\/tr\\\/motogp-hospitality-gran-prix-avusturya\\\/#breadcrumb\",\"itemListElement\":[{\"@type\":\"ListItem\",\"position\":1,\"name\":\"Home\",\"item\":\"https:\\\/\\\/rtrsports.com\\\/tr\\\/\"},{\"@type\":\"ListItem\",\"position\":2,\"name\":\"MotoGP VIP K\u00f6y\u00fc ve MotoGP Misafirperverli\u011fi &#8211; Red Bull Ring Spielberg&#8217;de Avusturya GP\"}]},{\"@type\":\"WebSite\",\"@id\":\"https:\\\/\\\/rtrsports.com\\\/tr\\\/#website\",\"url\":\"https:\\\/\\\/rtrsports.com\\\/tr\\\/\",\"name\":\"RTR Sports Marketing\",\"description\":\"RTR Sports Marketing is a global motorsport sponsorship agency and consultancy, specialized in Formula 1 and MotoGP, and active across all major international racing series including Formula E, NASCAR, WEC, WRC and Dakar, helping brands build data-driven, high-performance sponsorship programs.\",\"publisher\":{\"@id\":\"https:\\\/\\\/rtrsports.com\\\/tr\\\/#organization\"},\"alternateName\":\"RTR Sports\",\"potentialAction\":[{\"@type\":\"SearchAction\",\"target\":{\"@type\":\"EntryPoint\",\"urlTemplate\":\"https:\\\/\\\/rtrsports.com\\\/tr\\\/?s={search_term_string}\"},\"query-input\":{\"@type\":\"PropertyValueSpecification\",\"valueRequired\":true,\"valueName\":\"search_term_string\"}}],\"inLanguage\":\"tr\"},{\"@type\":\"Organization\",\"@id\":\"https:\\\/\\\/rtrsports.com\\\/tr\\\/#organization\",\"name\":\"RTR Sports Marketing\",\"alternateName\":\"RTR sports\",\"url\":\"https:\\\/\\\/rtrsports.com\\\/tr\\\/\",\"logo\":{\"@type\":\"ImageObject\",\"inLanguage\":\"tr\",\"@id\":\"https:\\\/\\\/rtrsports.com\\\/tr\\\/#\\\/schema\\\/logo\\\/image\\\/\",\"url\":\"https:\\\/\\\/rtrsports.com\\\/wp-content\\\/uploads\\\/2024\\\/01\\\/rtrsports-anniversary-1.jpg\",\"contentUrl\":\"https:\\\/\\\/rtrsports.com\\\/wp-content\\\/uploads\\\/2024\\\/01\\\/rtrsports-anniversary-1.jpg\",\"width\":946,\"height\":260,\"caption\":\"RTR Sports Marketing\"},\"image\":{\"@id\":\"https:\\\/\\\/rtrsports.com\\\/tr\\\/#\\\/schema\\\/logo\\\/image\\\/\"},\"sameAs\":[\"https:\\\/\\\/www.facebook.com\\\/RTRSportsMarketing\\\/\",\"https:\\\/\\\/x.com\\\/rtrsports\",\"https:\\\/\\\/www.linkedin.com\\\/company\\\/rtr-sports-marketing\\\/\"],\"description\":\"RTR Sports Marketing is a global motorsport sponsorship agency and consultancy, specialized in Formula 1 and MotoGP, and active across all major international racing series including Formula E, NASCAR, WEC, WRC and Dakar, helping brands build data-driven, high-performance sponsorship programs.\",\"email\":\"info@rtrsports.com\",\"legalName\":\"RTR Sports Marketing LTD\",\"numberOfEmployees\":{\"@type\":\"QuantitativeValue\",\"minValue\":\"1\",\"maxValue\":\"10\"}}]}<\/script>\n<!-- \/ Yoast SEO Premium plugin. -->","yoast_head_json":{"title":"2025 MotoGP VIP K\u00f6y\u00fc ve A\u011f\u0131rlama - Avusturya GP, Spielberg","description":"Avusturya Grand Prix'si. Spielberg'deki Red Bull Ring'de VIP K\u00f6y\u00fc ve MotoGP Misafirperverli\u011fi. MotoGP Biletinizi bug\u00fcn ay\u0131rt\u0131n.","robots":{"index":"index","follow":"follow","max-snippet":"max-snippet:-1","max-image-preview":"max-image-preview:large","max-video-preview":"max-video-preview:-1"},"canonical":"https:\/\/rtrsports.com\/tr\/motogp-hospitality-gran-prix-avusturya\/","og_locale":"tr_TR","og_type":"article","og_title":"MotoGP VIP K\u00f6y\u00fc ve MotoGP Misafirperverli\u011fi - Red Bull Ring Spielberg'de Avusturya GP","og_description":"Avusturya Grand Prix'si. Spielberg'deki Red Bull Ring'de VIP K\u00f6y\u00fc ve MotoGP Misafirperverli\u011fi. MotoGP Biletinizi bug\u00fcn ay\u0131rt\u0131n.","og_url":"https:\/\/rtrsports.com\/tr\/motogp-hospitality-gran-prix-avusturya\/","og_site_name":"RTR Sports","article_publisher":"https:\/\/www.facebook.com\/RTRSportsMarketing\/","og_image":[{"width":665,"height":833,"url":"https:\/\/rtrsports.com\/wp-content\/uploads\/2022\/01\/vip-village-flags-2022-austria.jpg","type":"image\/jpeg"}],"twitter_card":"summary_large_image","twitter_site":"@rtrsports","twitter_misc":{"Tahmini okuma s\u00fcresi":"1 dakika"},"schema":{"@context":"https:\/\/schema.org","@graph":[{"@type":"WebPage","@id":"https:\/\/rtrsports.com\/tr\/motogp-hospitality-gran-prix-avusturya\/","url":"https:\/\/rtrsports.com\/tr\/motogp-hospitality-gran-prix-avusturya\/","name":"2025 MotoGP VIP K\u00f6y\u00fc ve A\u011f\u0131rlama - Avusturya GP, Spielberg","isPartOf":{"@id":"https:\/\/rtrsports.com\/tr\/#website"},"primaryImageOfPage":{"@id":"https:\/\/rtrsports.com\/tr\/motogp-hospitality-gran-prix-avusturya\/#primaryimage"},"image":{"@id":"https:\/\/rtrsports.com\/tr\/motogp-hospitality-gran-prix-avusturya\/#primaryimage"},"thumbnailUrl":"https:\/\/rtrsports.com\/wp-content\/uploads\/2022\/01\/vip-village-flags-2022-austria.jpg","datePublished":"2024-07-16T05:36:08+00:00","dateModified":"2025-04-18T10:57:49+00:00","description":"Avusturya Grand Prix'si. Spielberg'deki Red Bull Ring'de VIP K\u00f6y\u00fc ve MotoGP Misafirperverli\u011fi. MotoGP Biletinizi bug\u00fcn ay\u0131rt\u0131n.","breadcrumb":{"@id":"https:\/\/rtrsports.com\/tr\/motogp-hospitality-gran-prix-avusturya\/#breadcrumb"},"inLanguage":"tr","potentialAction":[{"@type":"ReadAction","target":["https:\/\/rtrsports.com\/tr\/motogp-hospitality-gran-prix-avusturya\/"]}]},{"@type":"ImageObject","inLanguage":"tr","@id":"https:\/\/rtrsports.com\/tr\/motogp-hospitality-gran-prix-avusturya\/#primaryimage","url":"https:\/\/rtrsports.com\/wp-content\/uploads\/2022\/01\/vip-village-flags-2022-austria.jpg","contentUrl":"https:\/\/rtrsports.com\/wp-content\/uploads\/2022\/01\/vip-village-flags-2022-austria.jpg","width":665,"height":833,"caption":"vip-village-flags-2022-austria"},{"@type":"BreadcrumbList","@id":"https:\/\/rtrsports.com\/tr\/motogp-hospitality-gran-prix-avusturya\/#breadcrumb","itemListElement":[{"@type":"ListItem","position":1,"name":"Home","item":"https:\/\/rtrsports.com\/tr\/"},{"@type":"ListItem","position":2,"name":"MotoGP VIP K\u00f6y\u00fc ve MotoGP Misafirperverli\u011fi &#8211; Red Bull Ring Spielberg&#8217;de Avusturya GP"}]},{"@type":"WebSite","@id":"https:\/\/rtrsports.com\/tr\/#website","url":"https:\/\/rtrsports.com\/tr\/","name":"RTR Sports Marketing","description":"RTR Sports Marketing is a global motorsport sponsorship agency and consultancy, specialized in Formula 1 and MotoGP, and active across all major international racing series including Formula E, NASCAR, WEC, WRC and Dakar, helping brands build data-driven, high-performance sponsorship programs.","publisher":{"@id":"https:\/\/rtrsports.com\/tr\/#organization"},"alternateName":"RTR Sports","potentialAction":[{"@type":"SearchAction","target":{"@type":"EntryPoint","urlTemplate":"https:\/\/rtrsports.com\/tr\/?s={search_term_string}"},"query-input":{"@type":"PropertyValueSpecification","valueRequired":true,"valueName":"search_term_string"}}],"inLanguage":"tr"},{"@type":"Organization","@id":"https:\/\/rtrsports.com\/tr\/#organization","name":"RTR Sports Marketing","alternateName":"RTR sports","url":"https:\/\/rtrsports.com\/tr\/","logo":{"@type":"ImageObject","inLanguage":"tr","@id":"https:\/\/rtrsports.com\/tr\/#\/schema\/logo\/image\/","url":"https:\/\/rtrsports.com\/wp-content\/uploads\/2024\/01\/rtrsports-anniversary-1.jpg","contentUrl":"https:\/\/rtrsports.com\/wp-content\/uploads\/2024\/01\/rtrsports-anniversary-1.jpg","width":946,"height":260,"caption":"RTR Sports Marketing"},"image":{"@id":"https:\/\/rtrsports.com\/tr\/#\/schema\/logo\/image\/"},"sameAs":["https:\/\/www.facebook.com\/RTRSportsMarketing\/","https:\/\/x.com\/rtrsports","https:\/\/www.linkedin.com\/company\/rtr-sports-marketing\/"],"description":"RTR Sports Marketing is a global motorsport sponsorship agency and consultancy, specialized in Formula 1 and MotoGP, and active across all major international racing series including Formula E, NASCAR, WEC, WRC and Dakar, helping brands build data-driven, high-performance sponsorship programs.","email":"info@rtrsports.com","legalName":"RTR Sports Marketing LTD","numberOfEmployees":{"@type":"QuantitativeValue","minValue":"1","maxValue":"10"}}]}},"_links":{"self":[{"href":"https:\/\/rtrsports.com\/tr\/wp-json\/wp\/v2\/pages\/153740","targetHints":{"allow":["GET"]}}],"collection":[{"href":"https:\/\/rtrsports.com\/tr\/wp-json\/wp\/v2\/pages"}],"about":[{"href":"https:\/\/rtrsports.com\/tr\/wp-json\/wp\/v2\/types\/page"}],"author":[{"embeddable":true,"href":"https:\/\/rtrsports.com\/tr\/wp-json\/wp\/v2\/users\/17"}],"replies":[{"embeddable":true,"href":"https:\/\/rtrsports.com\/tr\/wp-json\/wp\/v2\/comments?post=153740"}],"version-history":[{"count":5,"href":"https:\/\/rtrsports.com\/tr\/wp-json\/wp\/v2\/pages\/153740\/revisions"}],"predecessor-version":[{"id":281352,"href":"https:\/\/rtrsports.com\/tr\/wp-json\/wp\/v2\/pages\/153740\/revisions\/281352"}],"wp:featuredmedia":[{"embeddable":true,"href":"https:\/\/rtrsports.com\/tr\/wp-json\/wp\/v2\/media\/144809"}],"wp:attachment":[{"href":"https:\/\/rtrsports.com\/tr\/wp-json\/wp\/v2\/media?parent=153740"}],"curies":[{"name":"wp","href":"https:\/\/api.w.org\/{rel}","templated":true}]}}