{"id":279737,"date":"2025-04-10T11:41:54","date_gmt":"2025-04-10T09:41:54","guid":{"rendered":"https:\/\/rtrsports.com\/?page_id=279737"},"modified":"2025-11-15T11:06:03","modified_gmt":"2025-11-15T10:06:03","slug":"motogp-vip-koyu-ve-motogp-misafirperverligi-macaristan-gp","status":"publish","type":"page","link":"https:\/\/rtrsports.com\/tr\/motogp-hospitality-vip-village-gran-premio-san-marino-misano-2\/","title":{"rendered":"MotoGP VIP K\u00f6y\u00fc ve MotoGP Misafirperverli\u011fi Macaristan GP"},"content":{"rendered":"<p>San Marino MotoGP Grand Prix VIP Village and MotoGP Premier 2023September 10, 2023 &#8211; Marco Simoncelli Circuit Misano Adriatico<\/p>\n<h3><span style=\"color: #808080;\">MotoGP VIP Village Prices<\/span><\/h3>\n<p>Saturday + Sunday: <strong>\u20ac 2,037<\/strong><br \/>\nSunday: <strong>\u20ac 1,756<\/strong>Book MotoGP VIP Village Today<\/p>\n<h3><span style=\"color: #808080;\">MotoGP Premier Prices<\/span><\/h3>\n<p>Apex Package: <strong>\u20ac2,897<\/strong><br \/>\nChicane package: <strong>\u20ac 825<\/strong><br \/>\nTrophy package: <strong>\u20ac 354<\/strong>Book MotoGP Premier Today  <\/p>\n<h3>MotoGP VIP Village services at the San Marino Grand Prix<\/h3>\n<p><strong>EXCLUSIVE LOCATIONS:<\/strong> Excellent views of the circuit, Indoor VIP parking, Full TV coverage, Open Bar in the viewing area, Reserved Grandstand<\/p>\n<p><strong>ENTERTAINMENT PROGRAM:<\/strong> Paddock Tour, Pit Lane Walk, Service Road Tour, Sweepstakes<\/p>\n<p><strong>GOURMET EXPERIENCE:<\/strong> Breakfast, Tapas Bar, Gourmet Lunch, Afternoon Petit Fours, Open Bar<\/p>\n<h3>MotoGP Premier&#8217;s services<\/h3>\n<div class=\" vc_custom_1670603702423\">\n<div id=\"text-block-63a422b23fcbd\" class=\"mk-text-block jupiter-donut- \">\n<p>The <strong><a href=\"https:\/\/staging.project-progress.net\/projects\/rtrsports-livesite\/en\/motogp-premier\/\">MotoGP Premier<\/a><\/strong> provides three main types of experience packages: <strong>Trophy, Chicane and Apex<\/strong>.<\/p>\n<p>The Trophy and Chicane packages include a grandstand seat for 3 days, while the Apex package includes full VIP Village hospitality accompanied by other extra services such as garage tours, meet and greet and Q&amp;A sessions. All <strong>MotoGP\u2122 Premier<\/strong> packages include a range of exclusive trackside activities designed to bring you closer to the MotoGP\u2122, Moto2\u2122 and Moto3\u2122 riders and teams.<\/p>\n<\/div>\n<\/div>\n<p><\/p>\n<h3>How to book MotoGP VIP Village and MotoGP Premier in Misano<\/h3>\n<p><a href=\"https:\/\/staging.project-progress.net\/projects\/rtrsports-livesite\/en\/\"><br \/>\n<strong>RTR Sports Marketing<\/strong><br \/>\n<\/a> is the official agency for selling MotoGP hospitality packages.<\/p>\n<p>Fill out the form to the right to book your MotoGP VIP Village Pass or MotoGP Premier package. One of our accounts will contact you within a few minutes, sending you all the necessary information and forms to proceed with your order. <strong>Please note that by filling out this form you are not directly purchasing any pass but simply requesting one.<\/strong>PGRpdiBjbGFzcz0iX2Zvcm1fMTkiPjwvZGl2PjxzY3JpcHQgc3JjPSJodHRwczovL3J0cnNwb3J0cy5hY3RpdmVob3N0ZWQuY29tL2YvZW1iZWQucGhwP2lkPTE5IiB0eXBlPSJ0ZXh0L2phdmFzY3JpcHQiIGNoYXJzZXQ9InV0Zi04Ij48L3NjcmlwdD4= <\/p>\n<h3>MotoGP Hospitality at the Marco Simoncelli World Circuit in Misano Adriatico<\/h3>\n<h3><strong>The Adrenaline Rush of the Misano World Circuit Marco Simoncelli<\/strong><\/h3>\n<p>The <strong>Misano World<\/strong> Circuit <strong>Marco Simoncelli<\/strong>, located in the heart of the Riviera Romagnola, is one of the most fascinating MotoGP circuits. Famous for its 16 challenging turns and 4.2 km of gripping track, the circuit offers an intense racing experience that attracts fans from all over the world. The typically Italian warmth and hospitality make the experience even more memorable, creating a unique atmosphere during the San Marino Grand Prix.<\/p>\n<h3><strong>Experience the Excitement of MotoGP with RTR Sports Marketing<\/strong><\/h3>\n<p>Watching a live <strong>Grand Prix<\/strong> is an unforgettable experience, which <strong>RTR Sports Marketing<\/strong> can make even more extraordinary with its top-notch hospitality services. The <strong>MotoGP VIP Village<\/strong>, for which RTR Sports is an official dealer, offers a luxury experience with privileged views of the track, world-class hospitality, and a mouthwatering gourmet buffet.<\/p>\n<h3><strong>MotoGP Premier in Misano with RTR Sports Marketing<\/strong><\/h3>\n<p>For those who want an even more exclusive experience, <strong>RTR Sports Marketing offers MotoGP Premier<\/strong>. This high-end hospitality package includes not only all the benefits of the VIP Village, but also personal assistance, private transportation to and from the circuit, a guided tour of the pit lane and exclusive opportunities to meet the drivers. With MotoGP Premier, your race weekend will be perfectly curated in every detail.<\/p>\n<h3><strong>MotoGP Emotions at Misano World Circuit with RTR Sports Marketing<\/strong><\/h3>\n<p>Nothing can match the exhilaration of watching a live MotoGP race. With RTR Sports Marketing&#8217;s hospitality services, you will not only experience the race, but you will do so in style and comfort. Immerse yourself in the vibrant atmosphere of the Misano World Circuit Marco Simoncelli, feel the adrenaline of the drivers and the exhilaration of the crowd, all while enjoying a luxury hospitality experience. Make your race weekend an unforgettable memory with RTR Sports Marketing.Hospitality, MotoGP VIP Village and MotoGP Premier at the San Marino and Riviera di Rimini Grand Prix in Misano Adriatico<\/p>\n<p>First-class location and catering, excellent service and the best in two-wheel hospitality-this is the MotoGP VIP Village. Of course, with the experience and professionalism of the RTR account managers on site.<\/p>\n<p>Everything in the VIP Village is specially designed to give you an extraordinary experience at every Grand Prix. An exclusive entertainment program and top gourmet menus are just the basics for a weekend of style, comfort and fun in a unique setting. All VIP Village guests have at their disposal a range of services included in the package.<\/p>\n<p>You can also choose to enjoy the excellence of the VIP Village for race Sunday only (Gold package) or also include the excitement of Saturday for a weekend of adrenaline and racing (Gold+ Silver package). Whichever you choose, all the services listed below are available to you on both days.<\/p>\n<p>Welcome to the magical world of MotoGP<strong>World Class Hospitality:<\/strong> MotoGP VIP Village and MotoGP Premier are official Corporate Hospitality programs of the Championship, capable of offering first-class services at every Grand Prix of the Season. Hospitality packages, designed to provide an excellent experience, take place in exclusive locations with unique entertainment programs.<\/p>\n<p><strong>Effective Business Venue:<\/strong> Companies and brands can use these experiences to improve relationships with their customers and partners. Whether you are looking for a large corporate event or a more exclusive private meeting, the MotoGP VIP Village and MotoGP Premier are at your service to achieve your business and B2B objectives.<\/p>\n<p><strong>The Place to Be:<\/strong> There is no more exciting, gripping and thrilling setting than a race of the <strong><br \/>\n<a href=\"https:\/\/staging.project-progress.net\/projects\/rtrsports-livesite\/en\/motorsports-motogp-sponsorship-agency\/\">MotoGP World Championship<\/a><br \/>\n<\/strong>, a sport capable of generating passion and spectacle anywhere in the world. The MotoGP VIP Village and MotoGP Premier offer an exclusive entertainment program capable of providing truly unforgettable moments and experiences. Enjoy wonderful food from our kitchens, watch the action on the track from prime locations, feel the excitement of the Paddock and the vibrations of the Pit Lane before the engines start.<\/p>\n","protected":false},"excerpt":{"rendered":"<p>MotoGP VIP Village Prices Saturday + Sunday: \u20ac 2,037 Sunday: \u20ac 1,756 MotoGP Premier Prices Apex Package: \u20ac2,897 Chicane package: \u20ac 825 Trophy package: \u20ac 354 MotoGP VIP Village services at the San Marino Grand Prix EXCLUSIVE LOCATIONS: Excellent views of the circuit, Indoor VIP parking, Full TV coverage, Open Bar in the viewing area, [&hellip;]<\/p>\n","protected":false},"author":2,"featured_media":279749,"parent":0,"menu_order":0,"comment_status":"open","ping_status":"closed","template":"page-template\/page-flexible-template.php","meta":{"_acf_changed":false,"footnotes":""},"class_list":["post-279737","page","type-page","status-publish","has-post-thumbnail","hentry"],"acf":[],"yoast_head":"<!-- This site is optimized with the Yoast SEO Premium plugin v26.8 (Yoast SEO v27.3) - https:\/\/yoast.com\/product\/yoast-seo-premium-wordpress\/ -->\n<title>MotoGP VIP K\u00f6y\u00fc misafirperverli\u011fi Macaristan Balaton Park 2026<\/title>\n<meta name=\"description\" content=\"Macaristan Grand Prix&#039;si. Balaton Park Pisti&#039;nde VIP K\u00f6y\u00fc ve MotoGP misafirperverli\u011fi. MotoGP Biletinizi bug\u00fcn ay\u0131rt\u0131n.\" \/>\n<meta name=\"robots\" content=\"index, follow, max-snippet:-1, max-image-preview:large, max-video-preview:-1\" \/>\n<link rel=\"canonical\" href=\"https:\/\/rtrsports.com\/tr\/motogp-hospitality-vip-village-gran-premio-san-marino-misano-2\/\" \/>\n<meta property=\"og:locale\" content=\"tr_TR\" \/>\n<meta property=\"og:type\" content=\"article\" \/>\n<meta property=\"og:title\" content=\"MotoGP VIP K\u00f6y\u00fc ve MotoGP Misafirperverli\u011fi Macaristan GP\" \/>\n<meta property=\"og:description\" content=\"Macaristan Grand Prix&#039;si. Balaton Park Pisti&#039;nde VIP K\u00f6y\u00fc ve MotoGP misafirperverli\u011fi. MotoGP Biletinizi bug\u00fcn ay\u0131rt\u0131n.\" \/>\n<meta property=\"og:url\" content=\"https:\/\/rtrsports.com\/tr\/motogp-hospitality-vip-village-gran-premio-san-marino-misano-2\/\" \/>\n<meta property=\"og:site_name\" content=\"RTR Sports\" \/>\n<meta property=\"article:publisher\" content=\"https:\/\/www.facebook.com\/RTRSportsMarketing\/\" \/>\n<meta property=\"og:image\" content=\"https:\/\/rtrsports.com\/wp-content\/uploads\/2025\/04\/pexels-pixabay-73796.jpg\" \/>\n\t<meta property=\"og:image:width\" content=\"1920\" \/>\n\t<meta property=\"og:image:height\" content=\"1275\" \/>\n\t<meta property=\"og:image:type\" content=\"image\/jpeg\" \/>\n<meta name=\"twitter:card\" content=\"summary_large_image\" \/>\n<meta name=\"twitter:site\" content=\"@rtrsports\" \/>\n<meta name=\"twitter:label1\" content=\"Tahmini okuma s\u00fcresi\" \/>\n\t<meta name=\"twitter:data1\" content=\"5 dakika\" \/>\n<script type=\"application\/ld+json\" class=\"yoast-schema-graph\">{\"@context\":\"https:\\\/\\\/schema.org\",\"@graph\":[{\"@type\":\"WebPage\",\"@id\":\"https:\\\/\\\/rtrsports.com\\\/tr\\\/motogp-hospitality-vip-village-gran-premio-san-marino-misano-2\\\/\",\"url\":\"https:\\\/\\\/rtrsports.com\\\/tr\\\/motogp-hospitality-vip-village-gran-premio-san-marino-misano-2\\\/\",\"name\":\"MotoGP VIP K\u00f6y\u00fc misafirperverli\u011fi Macaristan Balaton Park 2026\",\"isPartOf\":{\"@id\":\"https:\\\/\\\/rtrsports.com\\\/tr\\\/#website\"},\"primaryImageOfPage\":{\"@id\":\"https:\\\/\\\/rtrsports.com\\\/tr\\\/motogp-hospitality-vip-village-gran-premio-san-marino-misano-2\\\/#primaryimage\"},\"image\":{\"@id\":\"https:\\\/\\\/rtrsports.com\\\/tr\\\/motogp-hospitality-vip-village-gran-premio-san-marino-misano-2\\\/#primaryimage\"},\"thumbnailUrl\":\"https:\\\/\\\/rtrsports.com\\\/wp-content\\\/uploads\\\/2025\\\/04\\\/pexels-pixabay-73796.jpg\",\"datePublished\":\"2025-04-10T09:41:54+00:00\",\"dateModified\":\"2025-11-15T10:06:03+00:00\",\"description\":\"Macaristan Grand Prix'si. Balaton Park Pisti'nde VIP K\u00f6y\u00fc ve MotoGP misafirperverli\u011fi. MotoGP Biletinizi bug\u00fcn ay\u0131rt\u0131n.\",\"breadcrumb\":{\"@id\":\"https:\\\/\\\/rtrsports.com\\\/tr\\\/motogp-hospitality-vip-village-gran-premio-san-marino-misano-2\\\/#breadcrumb\"},\"inLanguage\":\"tr\",\"potentialAction\":[{\"@type\":\"ReadAction\",\"target\":[\"https:\\\/\\\/rtrsports.com\\\/tr\\\/motogp-hospitality-vip-village-gran-premio-san-marino-misano-2\\\/\"]}]},{\"@type\":\"ImageObject\",\"inLanguage\":\"tr\",\"@id\":\"https:\\\/\\\/rtrsports.com\\\/tr\\\/motogp-hospitality-vip-village-gran-premio-san-marino-misano-2\\\/#primaryimage\",\"url\":\"https:\\\/\\\/rtrsports.com\\\/wp-content\\\/uploads\\\/2025\\\/04\\\/pexels-pixabay-73796.jpg\",\"contentUrl\":\"https:\\\/\\\/rtrsports.com\\\/wp-content\\\/uploads\\\/2025\\\/04\\\/pexels-pixabay-73796.jpg\",\"width\":1920,\"height\":1275,\"caption\":\"Macaristan Grand Prix'si\"},{\"@type\":\"BreadcrumbList\",\"@id\":\"https:\\\/\\\/rtrsports.com\\\/tr\\\/motogp-hospitality-vip-village-gran-premio-san-marino-misano-2\\\/#breadcrumb\",\"itemListElement\":[{\"@type\":\"ListItem\",\"position\":1,\"name\":\"Home\",\"item\":\"https:\\\/\\\/rtrsports.com\\\/tr\\\/\"},{\"@type\":\"ListItem\",\"position\":2,\"name\":\"MotoGP VIP K\u00f6y\u00fc ve MotoGP Misafirperverli\u011fi Macaristan GP\"}]},{\"@type\":\"WebSite\",\"@id\":\"https:\\\/\\\/rtrsports.com\\\/tr\\\/#website\",\"url\":\"https:\\\/\\\/rtrsports.com\\\/tr\\\/\",\"name\":\"RTR Sports Marketing\",\"description\":\"RTR Sports Marketing is a global motorsport sponsorship agency and consultancy, specialized in Formula 1 and MotoGP, and active across all major international racing series including Formula E, NASCAR, WEC, WRC and Dakar, helping brands build data-driven, high-performance sponsorship programs.\",\"publisher\":{\"@id\":\"https:\\\/\\\/rtrsports.com\\\/tr\\\/#organization\"},\"alternateName\":\"RTR Sports\",\"potentialAction\":[{\"@type\":\"SearchAction\",\"target\":{\"@type\":\"EntryPoint\",\"urlTemplate\":\"https:\\\/\\\/rtrsports.com\\\/tr\\\/?s={search_term_string}\"},\"query-input\":{\"@type\":\"PropertyValueSpecification\",\"valueRequired\":true,\"valueName\":\"search_term_string\"}}],\"inLanguage\":\"tr\"},{\"@type\":\"Organization\",\"@id\":\"https:\\\/\\\/rtrsports.com\\\/tr\\\/#organization\",\"name\":\"RTR Sports Marketing\",\"alternateName\":\"RTR sports\",\"url\":\"https:\\\/\\\/rtrsports.com\\\/tr\\\/\",\"logo\":{\"@type\":\"ImageObject\",\"inLanguage\":\"tr\",\"@id\":\"https:\\\/\\\/rtrsports.com\\\/tr\\\/#\\\/schema\\\/logo\\\/image\\\/\",\"url\":\"https:\\\/\\\/rtrsports.com\\\/wp-content\\\/uploads\\\/2024\\\/01\\\/rtrsports-anniversary-1.jpg\",\"contentUrl\":\"https:\\\/\\\/rtrsports.com\\\/wp-content\\\/uploads\\\/2024\\\/01\\\/rtrsports-anniversary-1.jpg\",\"width\":946,\"height\":260,\"caption\":\"RTR Sports Marketing\"},\"image\":{\"@id\":\"https:\\\/\\\/rtrsports.com\\\/tr\\\/#\\\/schema\\\/logo\\\/image\\\/\"},\"sameAs\":[\"https:\\\/\\\/www.facebook.com\\\/RTRSportsMarketing\\\/\",\"https:\\\/\\\/x.com\\\/rtrsports\",\"https:\\\/\\\/www.linkedin.com\\\/company\\\/rtr-sports-marketing\\\/\"],\"description\":\"RTR Sports Marketing is a global motorsport sponsorship agency and consultancy, specialized in Formula 1 and MotoGP, and active across all major international racing series including Formula E, NASCAR, WEC, WRC and Dakar, helping brands build data-driven, high-performance sponsorship programs.\",\"email\":\"info@rtrsports.com\",\"legalName\":\"RTR Sports Marketing LTD\",\"numberOfEmployees\":{\"@type\":\"QuantitativeValue\",\"minValue\":\"1\",\"maxValue\":\"10\"}}]}<\/script>\n<!-- \/ Yoast SEO Premium plugin. -->","yoast_head_json":{"title":"MotoGP VIP K\u00f6y\u00fc misafirperverli\u011fi Macaristan Balaton Park 2026","description":"Macaristan Grand Prix'si. Balaton Park Pisti'nde VIP K\u00f6y\u00fc ve MotoGP misafirperverli\u011fi. MotoGP Biletinizi bug\u00fcn ay\u0131rt\u0131n.","robots":{"index":"index","follow":"follow","max-snippet":"max-snippet:-1","max-image-preview":"max-image-preview:large","max-video-preview":"max-video-preview:-1"},"canonical":"https:\/\/rtrsports.com\/tr\/motogp-hospitality-vip-village-gran-premio-san-marino-misano-2\/","og_locale":"tr_TR","og_type":"article","og_title":"MotoGP VIP K\u00f6y\u00fc ve MotoGP Misafirperverli\u011fi Macaristan GP","og_description":"Macaristan Grand Prix'si. Balaton Park Pisti'nde VIP K\u00f6y\u00fc ve MotoGP misafirperverli\u011fi. MotoGP Biletinizi bug\u00fcn ay\u0131rt\u0131n.","og_url":"https:\/\/rtrsports.com\/tr\/motogp-hospitality-vip-village-gran-premio-san-marino-misano-2\/","og_site_name":"RTR Sports","article_publisher":"https:\/\/www.facebook.com\/RTRSportsMarketing\/","og_image":[{"width":1920,"height":1275,"url":"https:\/\/rtrsports.com\/wp-content\/uploads\/2025\/04\/pexels-pixabay-73796.jpg","type":"image\/jpeg"}],"twitter_card":"summary_large_image","twitter_site":"@rtrsports","twitter_misc":{"Tahmini okuma s\u00fcresi":"5 dakika"},"schema":{"@context":"https:\/\/schema.org","@graph":[{"@type":"WebPage","@id":"https:\/\/rtrsports.com\/tr\/motogp-hospitality-vip-village-gran-premio-san-marino-misano-2\/","url":"https:\/\/rtrsports.com\/tr\/motogp-hospitality-vip-village-gran-premio-san-marino-misano-2\/","name":"MotoGP VIP K\u00f6y\u00fc misafirperverli\u011fi Macaristan Balaton Park 2026","isPartOf":{"@id":"https:\/\/rtrsports.com\/tr\/#website"},"primaryImageOfPage":{"@id":"https:\/\/rtrsports.com\/tr\/motogp-hospitality-vip-village-gran-premio-san-marino-misano-2\/#primaryimage"},"image":{"@id":"https:\/\/rtrsports.com\/tr\/motogp-hospitality-vip-village-gran-premio-san-marino-misano-2\/#primaryimage"},"thumbnailUrl":"https:\/\/rtrsports.com\/wp-content\/uploads\/2025\/04\/pexels-pixabay-73796.jpg","datePublished":"2025-04-10T09:41:54+00:00","dateModified":"2025-11-15T10:06:03+00:00","description":"Macaristan Grand Prix'si. Balaton Park Pisti'nde VIP K\u00f6y\u00fc ve MotoGP misafirperverli\u011fi. MotoGP Biletinizi bug\u00fcn ay\u0131rt\u0131n.","breadcrumb":{"@id":"https:\/\/rtrsports.com\/tr\/motogp-hospitality-vip-village-gran-premio-san-marino-misano-2\/#breadcrumb"},"inLanguage":"tr","potentialAction":[{"@type":"ReadAction","target":["https:\/\/rtrsports.com\/tr\/motogp-hospitality-vip-village-gran-premio-san-marino-misano-2\/"]}]},{"@type":"ImageObject","inLanguage":"tr","@id":"https:\/\/rtrsports.com\/tr\/motogp-hospitality-vip-village-gran-premio-san-marino-misano-2\/#primaryimage","url":"https:\/\/rtrsports.com\/wp-content\/uploads\/2025\/04\/pexels-pixabay-73796.jpg","contentUrl":"https:\/\/rtrsports.com\/wp-content\/uploads\/2025\/04\/pexels-pixabay-73796.jpg","width":1920,"height":1275,"caption":"Macaristan Grand Prix'si"},{"@type":"BreadcrumbList","@id":"https:\/\/rtrsports.com\/tr\/motogp-hospitality-vip-village-gran-premio-san-marino-misano-2\/#breadcrumb","itemListElement":[{"@type":"ListItem","position":1,"name":"Home","item":"https:\/\/rtrsports.com\/tr\/"},{"@type":"ListItem","position":2,"name":"MotoGP VIP K\u00f6y\u00fc ve MotoGP Misafirperverli\u011fi Macaristan GP"}]},{"@type":"WebSite","@id":"https:\/\/rtrsports.com\/tr\/#website","url":"https:\/\/rtrsports.com\/tr\/","name":"RTR Sports Marketing","description":"RTR Sports Marketing is a global motorsport sponsorship agency and consultancy, specialized in Formula 1 and MotoGP, and active across all major international racing series including Formula E, NASCAR, WEC, WRC and Dakar, helping brands build data-driven, high-performance sponsorship programs.","publisher":{"@id":"https:\/\/rtrsports.com\/tr\/#organization"},"alternateName":"RTR Sports","potentialAction":[{"@type":"SearchAction","target":{"@type":"EntryPoint","urlTemplate":"https:\/\/rtrsports.com\/tr\/?s={search_term_string}"},"query-input":{"@type":"PropertyValueSpecification","valueRequired":true,"valueName":"search_term_string"}}],"inLanguage":"tr"},{"@type":"Organization","@id":"https:\/\/rtrsports.com\/tr\/#organization","name":"RTR Sports Marketing","alternateName":"RTR sports","url":"https:\/\/rtrsports.com\/tr\/","logo":{"@type":"ImageObject","inLanguage":"tr","@id":"https:\/\/rtrsports.com\/tr\/#\/schema\/logo\/image\/","url":"https:\/\/rtrsports.com\/wp-content\/uploads\/2024\/01\/rtrsports-anniversary-1.jpg","contentUrl":"https:\/\/rtrsports.com\/wp-content\/uploads\/2024\/01\/rtrsports-anniversary-1.jpg","width":946,"height":260,"caption":"RTR Sports Marketing"},"image":{"@id":"https:\/\/rtrsports.com\/tr\/#\/schema\/logo\/image\/"},"sameAs":["https:\/\/www.facebook.com\/RTRSportsMarketing\/","https:\/\/x.com\/rtrsports","https:\/\/www.linkedin.com\/company\/rtr-sports-marketing\/"],"description":"RTR Sports Marketing is a global motorsport sponsorship agency and consultancy, specialized in Formula 1 and MotoGP, and active across all major international racing series including Formula E, NASCAR, WEC, WRC and Dakar, helping brands build data-driven, high-performance sponsorship programs.","email":"info@rtrsports.com","legalName":"RTR Sports Marketing LTD","numberOfEmployees":{"@type":"QuantitativeValue","minValue":"1","maxValue":"10"}}]}},"_links":{"self":[{"href":"https:\/\/rtrsports.com\/tr\/wp-json\/wp\/v2\/pages\/279737","targetHints":{"allow":["GET"]}}],"collection":[{"href":"https:\/\/rtrsports.com\/tr\/wp-json\/wp\/v2\/pages"}],"about":[{"href":"https:\/\/rtrsports.com\/tr\/wp-json\/wp\/v2\/types\/page"}],"author":[{"embeddable":true,"href":"https:\/\/rtrsports.com\/tr\/wp-json\/wp\/v2\/users\/2"}],"replies":[{"embeddable":true,"href":"https:\/\/rtrsports.com\/tr\/wp-json\/wp\/v2\/comments?post=279737"}],"version-history":[{"count":1,"href":"https:\/\/rtrsports.com\/tr\/wp-json\/wp\/v2\/pages\/279737\/revisions"}],"predecessor-version":[{"id":279812,"href":"https:\/\/rtrsports.com\/tr\/wp-json\/wp\/v2\/pages\/279737\/revisions\/279812"}],"wp:featuredmedia":[{"embeddable":true,"href":"https:\/\/rtrsports.com\/tr\/wp-json\/wp\/v2\/media\/279749"}],"wp:attachment":[{"href":"https:\/\/rtrsports.com\/tr\/wp-json\/wp\/v2\/media?parent=279737"}],"curies":[{"name":"wp","href":"https:\/\/api.w.org\/{rel}","templated":true}]}}