{"id":340216,"date":"2025-09-12T14:54:53","date_gmt":"2025-09-12T12:54:53","guid":{"rendered":"https:\/\/rtrsports.com\/nascar-sponsorluk-ajansi\/"},"modified":"2026-02-26T12:16:17","modified_gmt":"2026-02-26T11:16:17","slug":"nascar-sponsorluk-ajansi","status":"publish","type":"page","link":"https:\/\/rtrsports.com\/tr\/nascar-sponsorluk-ajansi\/","title":{"rendered":"NASCAR sponsorluk ajans\u0131"},"content":{"rendered":"","protected":false},"excerpt":{"rendered":"","protected":false},"author":2,"featured_media":340208,"parent":0,"menu_order":0,"comment_status":"closed","ping_status":"closed","template":"page-template\/page-flexible-template.php","meta":{"_acf_changed":false,"footnotes":""},"class_list":["post-340216","page","type-page","status-publish","has-post-thumbnail","hentry"],"acf":[],"yoast_head":"<!-- This site is optimized with the Yoast SEO Premium plugin v26.8 (Yoast SEO v27.3) - https:\/\/yoast.com\/product\/yoast-seo-premium-wordpress\/ -->\n<title>NASCAR sponsorluk ajans\u0131<\/title>\n<meta name=\"description\" content=\"Markan\u0131z\u0131 Daytona 500 ve NASCAR Cup Series&#039;e ta\u015f\u0131y\u0131n. Sponsorluk ve reklam ajans\u0131m\u0131z sizi milyonlarca tutkulu yar\u0131\u015f hayran\u0131yla bulu\u015fturuyor.\" \/>\n<meta name=\"robots\" content=\"index, follow, max-snippet:-1, max-image-preview:large, max-video-preview:-1\" \/>\n<link rel=\"canonical\" href=\"https:\/\/rtrsports.com\/tr\/nascar-sponsorluk-ajansi\/\" \/>\n<meta property=\"og:locale\" content=\"tr_TR\" \/>\n<meta property=\"og:type\" content=\"article\" \/>\n<meta property=\"og:title\" content=\"NASCAR sponsorluk ajans\u0131\" \/>\n<meta property=\"og:description\" content=\"Markan\u0131z\u0131 Daytona 500 ve NASCAR Cup Series&#039;e ta\u015f\u0131y\u0131n. Sponsorluk ve reklam ajans\u0131m\u0131z sizi milyonlarca tutkulu yar\u0131\u015f hayran\u0131yla bulu\u015fturuyor.\" \/>\n<meta property=\"og:url\" content=\"https:\/\/rtrsports.com\/tr\/nascar-sponsorluk-ajansi\/\" \/>\n<meta property=\"og:site_name\" content=\"RTR Sports\" \/>\n<meta property=\"article:publisher\" content=\"https:\/\/www.facebook.com\/RTRSportsMarketing\/\" \/>\n<meta property=\"og:image\" content=\"https:\/\/rtrsports.com\/wp-content\/uploads\/2025\/09\/2025_Coca-Cola_600_9064918.jpg\" \/>\n\t<meta property=\"og:image:width\" content=\"2560\" \/>\n\t<meta property=\"og:image:height\" content=\"1707\" \/>\n\t<meta property=\"og:image:type\" content=\"image\/jpeg\" \/>\n<meta name=\"twitter:card\" content=\"summary_large_image\" \/>\n<meta name=\"twitter:site\" content=\"@rtrsports\" \/>\n<script type=\"application\/ld+json\" class=\"yoast-schema-graph\">{\"@context\":\"https:\\\/\\\/schema.org\",\"@graph\":[{\"@type\":\"WebPage\",\"@id\":\"https:\\\/\\\/rtrsports.com\\\/tr\\\/nascar-sponsorluk-ajansi\\\/\",\"url\":\"https:\\\/\\\/rtrsports.com\\\/tr\\\/nascar-sponsorluk-ajansi\\\/\",\"name\":\"NASCAR sponsorluk ajans\u0131\",\"isPartOf\":{\"@id\":\"https:\\\/\\\/rtrsports.com\\\/tr\\\/#website\"},\"primaryImageOfPage\":{\"@id\":\"https:\\\/\\\/rtrsports.com\\\/tr\\\/nascar-sponsorluk-ajansi\\\/#primaryimage\"},\"image\":{\"@id\":\"https:\\\/\\\/rtrsports.com\\\/tr\\\/nascar-sponsorluk-ajansi\\\/#primaryimage\"},\"thumbnailUrl\":\"https:\\\/\\\/rtrsports.com\\\/wp-content\\\/uploads\\\/2025\\\/09\\\/2025_Coca-Cola_600_9064918.jpg\",\"datePublished\":\"2025-09-12T12:54:53+00:00\",\"dateModified\":\"2026-02-26T11:16:17+00:00\",\"description\":\"Markan\u0131z\u0131 Daytona 500 ve NASCAR Cup Series'e ta\u015f\u0131y\u0131n. Sponsorluk ve reklam ajans\u0131m\u0131z sizi milyonlarca tutkulu yar\u0131\u015f hayran\u0131yla bulu\u015fturuyor.\",\"breadcrumb\":{\"@id\":\"https:\\\/\\\/rtrsports.com\\\/tr\\\/nascar-sponsorluk-ajansi\\\/#breadcrumb\"},\"inLanguage\":\"tr\",\"potentialAction\":[{\"@type\":\"ReadAction\",\"target\":[\"https:\\\/\\\/rtrsports.com\\\/tr\\\/nascar-sponsorluk-ajansi\\\/\"]}]},{\"@type\":\"ImageObject\",\"inLanguage\":\"tr\",\"@id\":\"https:\\\/\\\/rtrsports.com\\\/tr\\\/nascar-sponsorluk-ajansi\\\/#primaryimage\",\"url\":\"https:\\\/\\\/rtrsports.com\\\/wp-content\\\/uploads\\\/2025\\\/09\\\/2025_Coca-Cola_600_9064918.jpg\",\"contentUrl\":\"https:\\\/\\\/rtrsports.com\\\/wp-content\\\/uploads\\\/2025\\\/09\\\/2025_Coca-Cola_600_9064918.jpg\",\"width\":2560,\"height\":1707,\"caption\":\"NASCAR S\u00fcr\u00fcc\u00fcleri 25 May\u0131s 2025'te Kuzey Carolina Concord'daki Charlotte Motor Speedway'de Coca-Cola 600'de yar\u0131\u015f\u0131yor. Coca-Cola 600, Anma G\u00fcn\u00fc hafta sonunda d\u00fczenlenir ve NASCAR taraf\u0131ndan onaylanan en uzun yar\u0131\u015ft\u0131r. 82'nci Hava \u0130ndirme T\u00fcmeni'nden para\u015f\u00fct\u00e7\u00fcler NASCAR'\u0131n Coca Cola 600 yar\u0131\u015f\u0131ndaki etkinliklere kat\u0131larak sivillerle etkile\u015fimde bulundu, askeri yeteneklerini sergiledi ve Anma G\u00fcn\u00fc i\u00e7in \u00f6len hizmet \u00fcyelerini onurland\u0131rd\u0131. (ABD Ordusu foto\u011fraf\u0131: Uzm. Jayreliz Batista Prado)\"},{\"@type\":\"BreadcrumbList\",\"@id\":\"https:\\\/\\\/rtrsports.com\\\/tr\\\/nascar-sponsorluk-ajansi\\\/#breadcrumb\",\"itemListElement\":[{\"@type\":\"ListItem\",\"position\":1,\"name\":\"Home\",\"item\":\"https:\\\/\\\/rtrsports.com\\\/tr\\\/\"},{\"@type\":\"ListItem\",\"position\":2,\"name\":\"NASCAR sponsorluk ajans\u0131\"}]},{\"@type\":\"WebSite\",\"@id\":\"https:\\\/\\\/rtrsports.com\\\/tr\\\/#website\",\"url\":\"https:\\\/\\\/rtrsports.com\\\/tr\\\/\",\"name\":\"RTR Sports Marketing\",\"description\":\"RTR Sports Marketing is a global motorsport sponsorship agency and consultancy, specialized in Formula 1 and MotoGP, and active across all major international racing series including Formula E, NASCAR, WEC, WRC and Dakar, helping brands build data-driven, high-performance sponsorship programs.\",\"publisher\":{\"@id\":\"https:\\\/\\\/rtrsports.com\\\/tr\\\/#organization\"},\"alternateName\":\"RTR Sports\",\"potentialAction\":[{\"@type\":\"SearchAction\",\"target\":{\"@type\":\"EntryPoint\",\"urlTemplate\":\"https:\\\/\\\/rtrsports.com\\\/tr\\\/?s={search_term_string}\"},\"query-input\":{\"@type\":\"PropertyValueSpecification\",\"valueRequired\":true,\"valueName\":\"search_term_string\"}}],\"inLanguage\":\"tr\"},{\"@type\":\"Organization\",\"@id\":\"https:\\\/\\\/rtrsports.com\\\/tr\\\/#organization\",\"name\":\"RTR Sports Marketing\",\"alternateName\":\"RTR sports\",\"url\":\"https:\\\/\\\/rtrsports.com\\\/tr\\\/\",\"logo\":{\"@type\":\"ImageObject\",\"inLanguage\":\"tr\",\"@id\":\"https:\\\/\\\/rtrsports.com\\\/tr\\\/#\\\/schema\\\/logo\\\/image\\\/\",\"url\":\"https:\\\/\\\/rtrsports.com\\\/wp-content\\\/uploads\\\/2024\\\/01\\\/rtrsports-anniversary-1.jpg\",\"contentUrl\":\"https:\\\/\\\/rtrsports.com\\\/wp-content\\\/uploads\\\/2024\\\/01\\\/rtrsports-anniversary-1.jpg\",\"width\":946,\"height\":260,\"caption\":\"RTR Sports Marketing\"},\"image\":{\"@id\":\"https:\\\/\\\/rtrsports.com\\\/tr\\\/#\\\/schema\\\/logo\\\/image\\\/\"},\"sameAs\":[\"https:\\\/\\\/www.facebook.com\\\/RTRSportsMarketing\\\/\",\"https:\\\/\\\/x.com\\\/rtrsports\",\"https:\\\/\\\/www.linkedin.com\\\/company\\\/rtr-sports-marketing\\\/\"],\"description\":\"RTR Sports Marketing is a global motorsport sponsorship agency and consultancy, specialized in Formula 1 and MotoGP, and active across all major international racing series including Formula E, NASCAR, WEC, WRC and Dakar, helping brands build data-driven, high-performance sponsorship programs.\",\"email\":\"info@rtrsports.com\",\"legalName\":\"RTR Sports Marketing LTD\",\"numberOfEmployees\":{\"@type\":\"QuantitativeValue\",\"minValue\":\"1\",\"maxValue\":\"10\"}}]}<\/script>\n<!-- \/ Yoast SEO Premium plugin. -->","yoast_head_json":{"title":"NASCAR sponsorluk ajans\u0131","description":"Markan\u0131z\u0131 Daytona 500 ve NASCAR Cup Series'e ta\u015f\u0131y\u0131n. Sponsorluk ve reklam ajans\u0131m\u0131z sizi milyonlarca tutkulu yar\u0131\u015f hayran\u0131yla bulu\u015fturuyor.","robots":{"index":"index","follow":"follow","max-snippet":"max-snippet:-1","max-image-preview":"max-image-preview:large","max-video-preview":"max-video-preview:-1"},"canonical":"https:\/\/rtrsports.com\/tr\/nascar-sponsorluk-ajansi\/","og_locale":"tr_TR","og_type":"article","og_title":"NASCAR sponsorluk ajans\u0131","og_description":"Markan\u0131z\u0131 Daytona 500 ve NASCAR Cup Series'e ta\u015f\u0131y\u0131n. Sponsorluk ve reklam ajans\u0131m\u0131z sizi milyonlarca tutkulu yar\u0131\u015f hayran\u0131yla bulu\u015fturuyor.","og_url":"https:\/\/rtrsports.com\/tr\/nascar-sponsorluk-ajansi\/","og_site_name":"RTR Sports","article_publisher":"https:\/\/www.facebook.com\/RTRSportsMarketing\/","og_image":[{"width":2560,"height":1707,"url":"https:\/\/rtrsports.com\/wp-content\/uploads\/2025\/09\/2025_Coca-Cola_600_9064918.jpg","type":"image\/jpeg"}],"twitter_card":"summary_large_image","twitter_site":"@rtrsports","schema":{"@context":"https:\/\/schema.org","@graph":[{"@type":"WebPage","@id":"https:\/\/rtrsports.com\/tr\/nascar-sponsorluk-ajansi\/","url":"https:\/\/rtrsports.com\/tr\/nascar-sponsorluk-ajansi\/","name":"NASCAR sponsorluk ajans\u0131","isPartOf":{"@id":"https:\/\/rtrsports.com\/tr\/#website"},"primaryImageOfPage":{"@id":"https:\/\/rtrsports.com\/tr\/nascar-sponsorluk-ajansi\/#primaryimage"},"image":{"@id":"https:\/\/rtrsports.com\/tr\/nascar-sponsorluk-ajansi\/#primaryimage"},"thumbnailUrl":"https:\/\/rtrsports.com\/wp-content\/uploads\/2025\/09\/2025_Coca-Cola_600_9064918.jpg","datePublished":"2025-09-12T12:54:53+00:00","dateModified":"2026-02-26T11:16:17+00:00","description":"Markan\u0131z\u0131 Daytona 500 ve NASCAR Cup Series'e ta\u015f\u0131y\u0131n. Sponsorluk ve reklam ajans\u0131m\u0131z sizi milyonlarca tutkulu yar\u0131\u015f hayran\u0131yla bulu\u015fturuyor.","breadcrumb":{"@id":"https:\/\/rtrsports.com\/tr\/nascar-sponsorluk-ajansi\/#breadcrumb"},"inLanguage":"tr","potentialAction":[{"@type":"ReadAction","target":["https:\/\/rtrsports.com\/tr\/nascar-sponsorluk-ajansi\/"]}]},{"@type":"ImageObject","inLanguage":"tr","@id":"https:\/\/rtrsports.com\/tr\/nascar-sponsorluk-ajansi\/#primaryimage","url":"https:\/\/rtrsports.com\/wp-content\/uploads\/2025\/09\/2025_Coca-Cola_600_9064918.jpg","contentUrl":"https:\/\/rtrsports.com\/wp-content\/uploads\/2025\/09\/2025_Coca-Cola_600_9064918.jpg","width":2560,"height":1707,"caption":"NASCAR S\u00fcr\u00fcc\u00fcleri 25 May\u0131s 2025'te Kuzey Carolina Concord'daki Charlotte Motor Speedway'de Coca-Cola 600'de yar\u0131\u015f\u0131yor. Coca-Cola 600, Anma G\u00fcn\u00fc hafta sonunda d\u00fczenlenir ve NASCAR taraf\u0131ndan onaylanan en uzun yar\u0131\u015ft\u0131r. 82'nci Hava \u0130ndirme T\u00fcmeni'nden para\u015f\u00fct\u00e7\u00fcler NASCAR'\u0131n Coca Cola 600 yar\u0131\u015f\u0131ndaki etkinliklere kat\u0131larak sivillerle etkile\u015fimde bulundu, askeri yeteneklerini sergiledi ve Anma G\u00fcn\u00fc i\u00e7in \u00f6len hizmet \u00fcyelerini onurland\u0131rd\u0131. (ABD Ordusu foto\u011fraf\u0131: Uzm. Jayreliz Batista Prado)"},{"@type":"BreadcrumbList","@id":"https:\/\/rtrsports.com\/tr\/nascar-sponsorluk-ajansi\/#breadcrumb","itemListElement":[{"@type":"ListItem","position":1,"name":"Home","item":"https:\/\/rtrsports.com\/tr\/"},{"@type":"ListItem","position":2,"name":"NASCAR sponsorluk ajans\u0131"}]},{"@type":"WebSite","@id":"https:\/\/rtrsports.com\/tr\/#website","url":"https:\/\/rtrsports.com\/tr\/","name":"RTR Sports Marketing","description":"RTR Sports Marketing is a global motorsport sponsorship agency and consultancy, specialized in Formula 1 and MotoGP, and active across all major international racing series including Formula E, NASCAR, WEC, WRC and Dakar, helping brands build data-driven, high-performance sponsorship programs.","publisher":{"@id":"https:\/\/rtrsports.com\/tr\/#organization"},"alternateName":"RTR Sports","potentialAction":[{"@type":"SearchAction","target":{"@type":"EntryPoint","urlTemplate":"https:\/\/rtrsports.com\/tr\/?s={search_term_string}"},"query-input":{"@type":"PropertyValueSpecification","valueRequired":true,"valueName":"search_term_string"}}],"inLanguage":"tr"},{"@type":"Organization","@id":"https:\/\/rtrsports.com\/tr\/#organization","name":"RTR Sports Marketing","alternateName":"RTR sports","url":"https:\/\/rtrsports.com\/tr\/","logo":{"@type":"ImageObject","inLanguage":"tr","@id":"https:\/\/rtrsports.com\/tr\/#\/schema\/logo\/image\/","url":"https:\/\/rtrsports.com\/wp-content\/uploads\/2024\/01\/rtrsports-anniversary-1.jpg","contentUrl":"https:\/\/rtrsports.com\/wp-content\/uploads\/2024\/01\/rtrsports-anniversary-1.jpg","width":946,"height":260,"caption":"RTR Sports Marketing"},"image":{"@id":"https:\/\/rtrsports.com\/tr\/#\/schema\/logo\/image\/"},"sameAs":["https:\/\/www.facebook.com\/RTRSportsMarketing\/","https:\/\/x.com\/rtrsports","https:\/\/www.linkedin.com\/company\/rtr-sports-marketing\/"],"description":"RTR Sports Marketing is a global motorsport sponsorship agency and consultancy, specialized in Formula 1 and MotoGP, and active across all major international racing series including Formula E, NASCAR, WEC, WRC and Dakar, helping brands build data-driven, high-performance sponsorship programs.","email":"info@rtrsports.com","legalName":"RTR Sports Marketing LTD","numberOfEmployees":{"@type":"QuantitativeValue","minValue":"1","maxValue":"10"}}]}},"_links":{"self":[{"href":"https:\/\/rtrsports.com\/tr\/wp-json\/wp\/v2\/pages\/340216","targetHints":{"allow":["GET"]}}],"collection":[{"href":"https:\/\/rtrsports.com\/tr\/wp-json\/wp\/v2\/pages"}],"about":[{"href":"https:\/\/rtrsports.com\/tr\/wp-json\/wp\/v2\/types\/page"}],"author":[{"embeddable":true,"href":"https:\/\/rtrsports.com\/tr\/wp-json\/wp\/v2\/users\/2"}],"replies":[{"embeddable":true,"href":"https:\/\/rtrsports.com\/tr\/wp-json\/wp\/v2\/comments?post=340216"}],"version-history":[{"count":1,"href":"https:\/\/rtrsports.com\/tr\/wp-json\/wp\/v2\/pages\/340216\/revisions"}],"predecessor-version":[{"id":342316,"href":"https:\/\/rtrsports.com\/tr\/wp-json\/wp\/v2\/pages\/340216\/revisions\/342316"}],"wp:featuredmedia":[{"embeddable":true,"href":"https:\/\/rtrsports.com\/tr\/wp-json\/wp\/v2\/media\/340208"}],"wp:attachment":[{"href":"https:\/\/rtrsports.com\/tr\/wp-json\/wp\/v2\/media?parent=340216"}],"curies":[{"name":"wp","href":"https:\/\/api.w.org\/{rel}","templated":true}]}}